{"id":7445,"date":"2025-06-21T21:06:18","date_gmt":"2025-06-21T21:06:18","guid":{"rendered":"https:\/\/aurimasb15.sg-host.com\/?post_type=product&#038;p=7445"},"modified":"2025-08-07T15:48:51","modified_gmt":"2025-08-07T15:48:51","slug":"atsargu-stebejimas-nivotec-nt-4900-lygio-indikatorius-valdymo-spintai","status":"publish","type":"product","link":"https:\/\/invertas.lt\/en\/produktai\/lygio-matuokliai\/atsargu-stebejimas-nivotec-nt-4900-lygio-indikatorius-valdymo-spintai\/","title":{"rendered":"UWT inventory monitoring NivoTec\u00ae \u2013 NT 4900"},"content":{"rendered":"<p data-start=\"0\" data-end=\"18\"><strong data-start=\"0\" data-end=\"18\">Fields of application<\/strong><\/p>\n<p data-start=\"20\" data-end=\"218\">NivoTec\u00ae NT 4900 modules \u2013 LED displays for local level indication of sensors with 4-20 mA signal. Suitable for low-cost local indication. The built-in modules are easily integrated into the control cabinet.<\/p>\n<p data-start=\"220\" data-end=\"231\"><strong data-start=\"220\" data-end=\"231\">Features<\/strong><\/p>\n<ul>\n<li data-start=\"235\" data-end=\"273\">Economical level indication on LED display<\/li>\n<li data-start=\"276\" data-end=\"326\">Compact module for installation in a control cabinet<\/li>\n<li data-start=\"329\" data-end=\"363\">Easy assembly and commissioning<\/li>\n<\/ul>","protected":false},"excerpt":{"rendered":"<p>Taikymo sritys NivoTec\u00ae NT 4900 moduliai \u2013 LED ekranai vietiniam 4\u201320 mA signal\u0105 turin\u010di\u0173 jutikli\u0173 lygio rodymui. Tinka nebrangiam vietiniam indikavimui. \u012emontuojami moduliai lengvai integruojami \u012f valdymo spint\u0105. Savyb\u0117s Ekonomi\u0161kas lygio rodymas LED ekrane Kompakti\u0161kas modulis montavimui valdymo spintoje Paprastas montavimas ir paleidimas<\/p>","protected":false},"featured_media":7446,"comment_status":"open","ping_status":"closed","template":"","meta":{"_acf_changed":false,"inline_featured_image":false},"product_brand":[],"product_cat":[411],"product_tag":[],"class_list":{"0":"post-7445","1":"product","2":"type-product","3":"status-publish","4":"has-post-thumbnail","6":"product_cat-lygio-matuokliai","8":"first","9":"instock","10":"shipping-taxable","11":"purchasable","12":"product-type-simple"},"acf":[],"yoast_head":"<!-- This site is optimized with the Yoast SEO plugin v25.5 - https:\/\/yoast.com\/wordpress\/plugins\/seo\/ -->\n<title>UWT atsarg\u0173 steb\u0117jimas NivoTec\u00ae - NT 4900 - Invertas<\/title>\n<meta name=\"description\" content=\"NivoTec\u00ae NT 4900 moduliai \u2013 LED ekranai vietiniam 4\u201320 mA signal\u0105 turin\u010di\u0173 jutikli\u0173 lygio rodymui. Tinka nebrangiam vietiniam indikavimui.\" \/>\n<meta name=\"robots\" content=\"index, follow, max-snippet:-1, max-image-preview:large, max-video-preview:-1\" \/>\n<link rel=\"canonical\" href=\"https:\/\/invertas.lt\/en\/produktai\/lygio-matuokliai\/atsargu-stebejimas-nivotec-nt-4900-lygio-indikatorius-valdymo-spintai\/\" \/>\n<meta property=\"og:locale\" content=\"en_GB\" \/>\n<meta property=\"og:type\" content=\"article\" \/>\n<meta property=\"og:title\" content=\"UWT atsarg\u0173 steb\u0117jimas NivoTec\u00ae - NT 4900 - Invertas\" \/>\n<meta property=\"og:description\" content=\"NivoTec\u00ae NT 4900 moduliai \u2013 LED ekranai vietiniam 4\u201320 mA signal\u0105 turin\u010di\u0173 jutikli\u0173 lygio rodymui. Tinka nebrangiam vietiniam indikavimui.\" \/>\n<meta property=\"og:url\" content=\"https:\/\/invertas.lt\/en\/produktai\/lygio-matuokliai\/atsargu-stebejimas-nivotec-nt-4900-lygio-indikatorius-valdymo-spintai\/\" \/>\n<meta property=\"og:site_name\" content=\"Invertas\" \/>\n<meta property=\"article:modified_time\" content=\"2025-08-07T15:48:51+00:00\" \/>\n<meta property=\"og:image\" content=\"https:\/\/invertas.lt\/wp-content\/uploads\/2025\/06\/nt4900-nivotec-led-level-visualisation-4-digit-display-built-in-module_1.jpg\" \/>\n\t<meta property=\"og:image:width\" content=\"1000\" \/>\n\t<meta property=\"og:image:height\" content=\"1000\" \/>\n\t<meta property=\"og:image:type\" content=\"image\/jpeg\" \/>\n<meta name=\"twitter:card\" content=\"summary_large_image\" \/>\n<meta name=\"twitter:label1\" content=\"Estimated reading time\" \/>\n\t<meta name=\"twitter:data1\" content=\"1 minute\" \/>\n<script type=\"application\/ld+json\" class=\"yoast-schema-graph\">{\"@context\":\"https:\/\/schema.org\",\"@graph\":[{\"@type\":\"WebPage\",\"@id\":\"https:\/\/invertas.lt\/produktai\/lygio-matuokliai\/atsargu-stebejimas-nivotec-nt-4900-lygio-indikatorius-valdymo-spintai\/\",\"url\":\"https:\/\/invertas.lt\/produktai\/lygio-matuokliai\/atsargu-stebejimas-nivotec-nt-4900-lygio-indikatorius-valdymo-spintai\/\",\"name\":\"UWT atsarg\u0173 steb\u0117jimas NivoTec\u00ae - NT 4900 - Invertas\",\"isPartOf\":{\"@id\":\"https:\/\/invertas.lt\/#website\"},\"primaryImageOfPage\":{\"@id\":\"https:\/\/invertas.lt\/produktai\/lygio-matuokliai\/atsargu-stebejimas-nivotec-nt-4900-lygio-indikatorius-valdymo-spintai\/#primaryimage\"},\"image\":{\"@id\":\"https:\/\/invertas.lt\/produktai\/lygio-matuokliai\/atsargu-stebejimas-nivotec-nt-4900-lygio-indikatorius-valdymo-spintai\/#primaryimage\"},\"thumbnailUrl\":\"https:\/\/invertas.lt\/wp-content\/uploads\/2025\/06\/nt4900-nivotec-led-level-visualisation-4-digit-display-built-in-module_1.jpg\",\"datePublished\":\"2025-06-21T21:06:18+00:00\",\"dateModified\":\"2025-08-07T15:48:51+00:00\",\"description\":\"NivoTec\u00ae NT 4900 moduliai \u2013 LED ekranai vietiniam 4\u201320 mA signal\u0105 turin\u010di\u0173 jutikli\u0173 lygio rodymui. Tinka nebrangiam vietiniam indikavimui.\",\"breadcrumb\":{\"@id\":\"https:\/\/invertas.lt\/produktai\/lygio-matuokliai\/atsargu-stebejimas-nivotec-nt-4900-lygio-indikatorius-valdymo-spintai\/#breadcrumb\"},\"inLanguage\":\"en-GB\",\"potentialAction\":[{\"@type\":\"ReadAction\",\"target\":[\"https:\/\/invertas.lt\/produktai\/lygio-matuokliai\/atsargu-stebejimas-nivotec-nt-4900-lygio-indikatorius-valdymo-spintai\/\"]}]},{\"@type\":\"ImageObject\",\"inLanguage\":\"en-GB\",\"@id\":\"https:\/\/invertas.lt\/produktai\/lygio-matuokliai\/atsargu-stebejimas-nivotec-nt-4900-lygio-indikatorius-valdymo-spintai\/#primaryimage\",\"url\":\"https:\/\/invertas.lt\/wp-content\/uploads\/2025\/06\/nt4900-nivotec-led-level-visualisation-4-digit-display-built-in-module_1.jpg\",\"contentUrl\":\"https:\/\/invertas.lt\/wp-content\/uploads\/2025\/06\/nt4900-nivotec-led-level-visualisation-4-digit-display-built-in-module_1.jpg\",\"width\":1000,\"height\":1000},{\"@type\":\"BreadcrumbList\",\"@id\":\"https:\/\/invertas.lt\/produktai\/lygio-matuokliai\/atsargu-stebejimas-nivotec-nt-4900-lygio-indikatorius-valdymo-spintai\/#breadcrumb\",\"itemListElement\":[{\"@type\":\"ListItem\",\"position\":1,\"name\":\"Prad\u017eia\",\"item\":\"https:\/\/invertas.lt\/\"},{\"@type\":\"ListItem\",\"position\":2,\"name\":\"Products\",\"item\":\"https:\/\/invertas.lt\/shop\/\"},{\"@type\":\"ListItem\",\"position\":3,\"name\":\"Lygio matuokliai\",\"item\":\"https:\/\/invertas.lt\/.\/lygio-matuokliai\/\"},{\"@type\":\"ListItem\",\"position\":4,\"name\":\"UWT atsarg\u0173 steb\u0117jimas NivoTec\u00ae &#8211; NT 4900\"}]},{\"@type\":\"WebSite\",\"@id\":\"https:\/\/invertas.lt\/#website\",\"url\":\"https:\/\/invertas.lt\/\",\"name\":\"Invertas\",\"description\":\"\",\"publisher\":{\"@id\":\"https:\/\/invertas.lt\/#organization\"},\"potentialAction\":[{\"@type\":\"SearchAction\",\"target\":{\"@type\":\"EntryPoint\",\"urlTemplate\":\"https:\/\/invertas.lt\/?s={search_term_string}\"},\"query-input\":{\"@type\":\"PropertyValueSpecification\",\"valueRequired\":true,\"valueName\":\"search_term_string\"}}],\"inLanguage\":\"en-GB\"},{\"@type\":\"Organization\",\"@id\":\"https:\/\/invertas.lt\/#organization\",\"name\":\"Invertas\",\"url\":\"https:\/\/invertas.lt\/\",\"logo\":{\"@type\":\"ImageObject\",\"inLanguage\":\"en-GB\",\"@id\":\"https:\/\/invertas.lt\/#\/schema\/logo\/image\/\",\"url\":\"https:\/\/invertas.lt\/wp-content\/uploads\/2025\/03\/New-Text-Document-2.svg\",\"contentUrl\":\"https:\/\/invertas.lt\/wp-content\/uploads\/2025\/03\/New-Text-Document-2.svg\",\"width\":140,\"height\":39,\"caption\":\"Invertas\"},\"image\":{\"@id\":\"https:\/\/invertas.lt\/#\/schema\/logo\/image\/\"}}]}<\/script>\n<!-- \/ Yoast SEO plugin. -->","yoast_head_json":{"title":"UWT atsarg\u0173 steb\u0117jimas NivoTec\u00ae - NT 4900 - Invertas","description":"NivoTec\u00ae NT 4900 moduliai \u2013 LED ekranai vietiniam 4\u201320 mA signal\u0105 turin\u010di\u0173 jutikli\u0173 lygio rodymui. Tinka nebrangiam vietiniam indikavimui.","robots":{"index":"index","follow":"follow","max-snippet":"max-snippet:-1","max-image-preview":"max-image-preview:large","max-video-preview":"max-video-preview:-1"},"canonical":"https:\/\/invertas.lt\/en\/produktai\/lygio-matuokliai\/atsargu-stebejimas-nivotec-nt-4900-lygio-indikatorius-valdymo-spintai\/","og_locale":"en_GB","og_type":"article","og_title":"UWT atsarg\u0173 steb\u0117jimas NivoTec\u00ae - NT 4900 - Invertas","og_description":"NivoTec\u00ae NT 4900 moduliai \u2013 LED ekranai vietiniam 4\u201320 mA signal\u0105 turin\u010di\u0173 jutikli\u0173 lygio rodymui. Tinka nebrangiam vietiniam indikavimui.","og_url":"https:\/\/invertas.lt\/en\/produktai\/lygio-matuokliai\/atsargu-stebejimas-nivotec-nt-4900-lygio-indikatorius-valdymo-spintai\/","og_site_name":"Invertas","article_modified_time":"2025-08-07T15:48:51+00:00","og_image":[{"width":1000,"height":1000,"url":"https:\/\/invertas.lt\/wp-content\/uploads\/2025\/06\/nt4900-nivotec-led-level-visualisation-4-digit-display-built-in-module_1.jpg","type":"image\/jpeg"}],"twitter_card":"summary_large_image","twitter_misc":{"Estimated reading time":"1 minute"},"schema":{"@context":"https:\/\/schema.org","@graph":[{"@type":"WebPage","@id":"https:\/\/invertas.lt\/produktai\/lygio-matuokliai\/atsargu-stebejimas-nivotec-nt-4900-lygio-indikatorius-valdymo-spintai\/","url":"https:\/\/invertas.lt\/produktai\/lygio-matuokliai\/atsargu-stebejimas-nivotec-nt-4900-lygio-indikatorius-valdymo-spintai\/","name":"UWT atsarg\u0173 steb\u0117jimas NivoTec\u00ae - NT 4900 - Invertas","isPartOf":{"@id":"https:\/\/invertas.lt\/#website"},"primaryImageOfPage":{"@id":"https:\/\/invertas.lt\/produktai\/lygio-matuokliai\/atsargu-stebejimas-nivotec-nt-4900-lygio-indikatorius-valdymo-spintai\/#primaryimage"},"image":{"@id":"https:\/\/invertas.lt\/produktai\/lygio-matuokliai\/atsargu-stebejimas-nivotec-nt-4900-lygio-indikatorius-valdymo-spintai\/#primaryimage"},"thumbnailUrl":"https:\/\/invertas.lt\/wp-content\/uploads\/2025\/06\/nt4900-nivotec-led-level-visualisation-4-digit-display-built-in-module_1.jpg","datePublished":"2025-06-21T21:06:18+00:00","dateModified":"2025-08-07T15:48:51+00:00","description":"NivoTec\u00ae NT 4900 moduliai \u2013 LED ekranai vietiniam 4\u201320 mA signal\u0105 turin\u010di\u0173 jutikli\u0173 lygio rodymui. Tinka nebrangiam vietiniam indikavimui.","breadcrumb":{"@id":"https:\/\/invertas.lt\/produktai\/lygio-matuokliai\/atsargu-stebejimas-nivotec-nt-4900-lygio-indikatorius-valdymo-spintai\/#breadcrumb"},"inLanguage":"en-GB","potentialAction":[{"@type":"ReadAction","target":["https:\/\/invertas.lt\/produktai\/lygio-matuokliai\/atsargu-stebejimas-nivotec-nt-4900-lygio-indikatorius-valdymo-spintai\/"]}]},{"@type":"ImageObject","inLanguage":"en-GB","@id":"https:\/\/invertas.lt\/produktai\/lygio-matuokliai\/atsargu-stebejimas-nivotec-nt-4900-lygio-indikatorius-valdymo-spintai\/#primaryimage","url":"https:\/\/invertas.lt\/wp-content\/uploads\/2025\/06\/nt4900-nivotec-led-level-visualisation-4-digit-display-built-in-module_1.jpg","contentUrl":"https:\/\/invertas.lt\/wp-content\/uploads\/2025\/06\/nt4900-nivotec-led-level-visualisation-4-digit-display-built-in-module_1.jpg","width":1000,"height":1000},{"@type":"BreadcrumbList","@id":"https:\/\/invertas.lt\/produktai\/lygio-matuokliai\/atsargu-stebejimas-nivotec-nt-4900-lygio-indikatorius-valdymo-spintai\/#breadcrumb","itemListElement":[{"@type":"ListItem","position":1,"name":"Prad\u017eia","item":"https:\/\/invertas.lt\/"},{"@type":"ListItem","position":2,"name":"Products","item":"https:\/\/invertas.lt\/shop\/"},{"@type":"ListItem","position":3,"name":"Lygio matuokliai","item":"https:\/\/invertas.lt\/.\/lygio-matuokliai\/"},{"@type":"ListItem","position":4,"name":"UWT atsarg\u0173 steb\u0117jimas NivoTec\u00ae &#8211; NT 4900"}]},{"@type":"WebSite","@id":"https:\/\/invertas.lt\/#website","url":"https:\/\/invertas.lt\/","name":"Invert","description":"","publisher":{"@id":"https:\/\/invertas.lt\/#organization"},"potentialAction":[{"@type":"SearchAction","target":{"@type":"EntryPoint","urlTemplate":"https:\/\/invertas.lt\/?s={search_term_string}"},"query-input":{"@type":"PropertyValueSpecification","valueRequired":true,"valueName":"search_term_string"}}],"inLanguage":"en-GB"},{"@type":"Organization","@id":"https:\/\/invertas.lt\/#organization","name":"Invert","url":"https:\/\/invertas.lt\/","logo":{"@type":"ImageObject","inLanguage":"en-GB","@id":"https:\/\/invertas.lt\/#\/schema\/logo\/image\/","url":"https:\/\/invertas.lt\/wp-content\/uploads\/2025\/03\/New-Text-Document-2.svg","contentUrl":"https:\/\/invertas.lt\/wp-content\/uploads\/2025\/03\/New-Text-Document-2.svg","width":140,"height":39,"caption":"Invertas"},"image":{"@id":"https:\/\/invertas.lt\/#\/schema\/logo\/image\/"}}]}},"_links":{"self":[{"href":"https:\/\/invertas.lt\/en\/wp-json\/wp\/v2\/product\/7445","targetHints":{"allow":["GET"]}}],"collection":[{"href":"https:\/\/invertas.lt\/en\/wp-json\/wp\/v2\/product"}],"about":[{"href":"https:\/\/invertas.lt\/en\/wp-json\/wp\/v2\/types\/product"}],"replies":[{"embeddable":true,"href":"https:\/\/invertas.lt\/en\/wp-json\/wp\/v2\/comments?post=7445"}],"wp:featuredmedia":[{"embeddable":true,"href":"https:\/\/invertas.lt\/en\/wp-json\/wp\/v2\/media\/7446"}],"wp:attachment":[{"href":"https:\/\/invertas.lt\/en\/wp-json\/wp\/v2\/media?parent=7445"}],"wp:term":[{"taxonomy":"product_brand","embeddable":true,"href":"https:\/\/invertas.lt\/en\/wp-json\/wp\/v2\/product_brand?post=7445"},{"taxonomy":"product_cat","embeddable":true,"href":"https:\/\/invertas.lt\/en\/wp-json\/wp\/v2\/product_cat?post=7445"},{"taxonomy":"product_tag","embeddable":true,"href":"https:\/\/invertas.lt\/en\/wp-json\/wp\/v2\/product_tag?post=7445"}],"curies":[{"name":"wp","href":"https:\/\/api.w.org\/{rel}","templated":true}]}}