{"id":7440,"date":"2025-06-21T20:58:34","date_gmt":"2025-06-21T20:58:34","guid":{"rendered":"https:\/\/aurimasb15.sg-host.com\/?post_type=product&#038;p=7440"},"modified":"2025-08-07T15:48:28","modified_gmt":"2025-08-07T15:48:28","slug":"atsargu-stebejimas-nivotec-nt-4700-lygio-indikatorius-vienai-talpai","status":"publish","type":"product","link":"https:\/\/invertas.lt\/en\/produktai\/lygio-matuokliai\/atsargu-stebejimas-nivotec-nt-4700-lygio-indikatorius-vienai-talpai\/","title":{"rendered":"UWT inventory monitoring NivoTec\u00ae \u2013 NT 4700"},"content":{"rendered":"<p data-start=\"0\" data-end=\"18\"><strong data-start=\"0\" data-end=\"18\">Fields of application<\/strong><\/p>\n<p data-start=\"20\" data-end=\"233\">NivoTec\u00ae NT 4700 modules are designed for local display of 4-20 mA signal levels on a digital display. Ideal when low-cost local indication is required. Compact design, easy to install and set up.<\/p>\n<p data-start=\"235\" data-end=\"246\"><strong data-start=\"235\" data-end=\"246\">Features<\/strong><\/p>\n<ul>\n<li data-start=\"250\" data-end=\"288\">Economical level indication on LED display<\/li>\n<li data-start=\"291\" data-end=\"340\">Compact, fully configured chassis<\/li>\n<li data-start=\"343\" data-end=\"377\">Easy assembly and commissioning<\/li>\n<\/ul>","protected":false},"excerpt":{"rendered":"<p>Taikymo sritys NivoTec\u00ae NT 4700 moduliai skirti vietiniam 4\u201320 mA signalo lygio rodymui skaitmeniniame ekrane. Idealu, kai reikalingas nebrangus vietinis indikavimas. Kompakti\u0161ko dizaino, lengvai montuojami ir paruo\u0161iami darbui. Savyb\u0117s Ekonomi\u0161kas lygio rodymas LED ekrane Kompakti\u0161kas, visi\u0161kai sukonfig\u016bruotas korpusas Paprastas montavimas ir paleidimas<\/p>","protected":false},"featured_media":7441,"comment_status":"open","ping_status":"closed","template":"","meta":{"_acf_changed":false,"inline_featured_image":false},"product_brand":[],"product_cat":[411],"product_tag":[],"class_list":{"0":"post-7440","1":"product","2":"type-product","3":"status-publish","4":"has-post-thumbnail","6":"product_cat-lygio-matuokliai","8":"first","9":"instock","10":"shipping-taxable","11":"purchasable","12":"product-type-simple"},"acf":[],"yoast_head":"<!-- This site is optimized with the Yoast SEO plugin v25.5 - https:\/\/yoast.com\/wordpress\/plugins\/seo\/ -->\n<title>UWT atsarg\u0173 steb\u0117jimas NivoTec\u00ae - NT 4700 - Invertas<\/title>\n<meta name=\"description\" content=\"NivoTec\u00ae NT 4700 moduliai skirti vietiniam 4\u201320 mA signalo lygio rodymui skaitmeniniame ekrane. Idealu, kai reikalingas nebrangus vietinis indikavimas.\" \/>\n<meta name=\"robots\" content=\"index, follow, max-snippet:-1, max-image-preview:large, max-video-preview:-1\" \/>\n<link rel=\"canonical\" href=\"https:\/\/invertas.lt\/en\/produktai\/lygio-matuokliai\/atsargu-stebejimas-nivotec-nt-4700-lygio-indikatorius-vienai-talpai\/\" \/>\n<meta property=\"og:locale\" content=\"en_GB\" \/>\n<meta property=\"og:type\" content=\"article\" \/>\n<meta property=\"og:title\" content=\"UWT atsarg\u0173 steb\u0117jimas NivoTec\u00ae - NT 4700 - Invertas\" \/>\n<meta property=\"og:description\" content=\"NivoTec\u00ae NT 4700 moduliai skirti vietiniam 4\u201320 mA signalo lygio rodymui skaitmeniniame ekrane. Idealu, kai reikalingas nebrangus vietinis indikavimas.\" \/>\n<meta property=\"og:url\" content=\"https:\/\/invertas.lt\/en\/produktai\/lygio-matuokliai\/atsargu-stebejimas-nivotec-nt-4700-lygio-indikatorius-vienai-talpai\/\" \/>\n<meta property=\"og:site_name\" content=\"Invertas\" \/>\n<meta property=\"article:modified_time\" content=\"2025-08-07T15:48:28+00:00\" \/>\n<meta property=\"og:image\" content=\"https:\/\/invertas.lt\/wp-content\/uploads\/2025\/06\/nt4700-nivotec-led-level-visualisation-4-digit-display_1_1.jpg\" \/>\n\t<meta property=\"og:image:width\" content=\"1000\" \/>\n\t<meta property=\"og:image:height\" content=\"1000\" \/>\n\t<meta property=\"og:image:type\" content=\"image\/jpeg\" \/>\n<meta name=\"twitter:card\" content=\"summary_large_image\" \/>\n<meta name=\"twitter:label1\" content=\"Estimated reading time\" \/>\n\t<meta name=\"twitter:data1\" content=\"1 minute\" \/>\n<script type=\"application\/ld+json\" class=\"yoast-schema-graph\">{\"@context\":\"https:\/\/schema.org\",\"@graph\":[{\"@type\":\"WebPage\",\"@id\":\"https:\/\/invertas.lt\/produktai\/lygio-matuokliai\/atsargu-stebejimas-nivotec-nt-4700-lygio-indikatorius-vienai-talpai\/\",\"url\":\"https:\/\/invertas.lt\/produktai\/lygio-matuokliai\/atsargu-stebejimas-nivotec-nt-4700-lygio-indikatorius-vienai-talpai\/\",\"name\":\"UWT atsarg\u0173 steb\u0117jimas NivoTec\u00ae - NT 4700 - Invertas\",\"isPartOf\":{\"@id\":\"https:\/\/invertas.lt\/#website\"},\"primaryImageOfPage\":{\"@id\":\"https:\/\/invertas.lt\/produktai\/lygio-matuokliai\/atsargu-stebejimas-nivotec-nt-4700-lygio-indikatorius-vienai-talpai\/#primaryimage\"},\"image\":{\"@id\":\"https:\/\/invertas.lt\/produktai\/lygio-matuokliai\/atsargu-stebejimas-nivotec-nt-4700-lygio-indikatorius-vienai-talpai\/#primaryimage\"},\"thumbnailUrl\":\"https:\/\/invertas.lt\/wp-content\/uploads\/2025\/06\/nt4700-nivotec-led-level-visualisation-4-digit-display_1_1.jpg\",\"datePublished\":\"2025-06-21T20:58:34+00:00\",\"dateModified\":\"2025-08-07T15:48:28+00:00\",\"description\":\"NivoTec\u00ae NT 4700 moduliai skirti vietiniam 4\u201320 mA signalo lygio rodymui skaitmeniniame ekrane. Idealu, kai reikalingas nebrangus vietinis indikavimas.\",\"breadcrumb\":{\"@id\":\"https:\/\/invertas.lt\/produktai\/lygio-matuokliai\/atsargu-stebejimas-nivotec-nt-4700-lygio-indikatorius-vienai-talpai\/#breadcrumb\"},\"inLanguage\":\"en-GB\",\"potentialAction\":[{\"@type\":\"ReadAction\",\"target\":[\"https:\/\/invertas.lt\/produktai\/lygio-matuokliai\/atsargu-stebejimas-nivotec-nt-4700-lygio-indikatorius-vienai-talpai\/\"]}]},{\"@type\":\"ImageObject\",\"inLanguage\":\"en-GB\",\"@id\":\"https:\/\/invertas.lt\/produktai\/lygio-matuokliai\/atsargu-stebejimas-nivotec-nt-4700-lygio-indikatorius-vienai-talpai\/#primaryimage\",\"url\":\"https:\/\/invertas.lt\/wp-content\/uploads\/2025\/06\/nt4700-nivotec-led-level-visualisation-4-digit-display_1_1.jpg\",\"contentUrl\":\"https:\/\/invertas.lt\/wp-content\/uploads\/2025\/06\/nt4700-nivotec-led-level-visualisation-4-digit-display_1_1.jpg\",\"width\":1000,\"height\":1000},{\"@type\":\"BreadcrumbList\",\"@id\":\"https:\/\/invertas.lt\/produktai\/lygio-matuokliai\/atsargu-stebejimas-nivotec-nt-4700-lygio-indikatorius-vienai-talpai\/#breadcrumb\",\"itemListElement\":[{\"@type\":\"ListItem\",\"position\":1,\"name\":\"Prad\u017eia\",\"item\":\"https:\/\/invertas.lt\/\"},{\"@type\":\"ListItem\",\"position\":2,\"name\":\"Products\",\"item\":\"https:\/\/invertas.lt\/shop\/\"},{\"@type\":\"ListItem\",\"position\":3,\"name\":\"Lygio matuokliai\",\"item\":\"https:\/\/invertas.lt\/.\/lygio-matuokliai\/\"},{\"@type\":\"ListItem\",\"position\":4,\"name\":\"UWT atsarg\u0173 steb\u0117jimas NivoTec\u00ae &#8211; NT 4700\"}]},{\"@type\":\"WebSite\",\"@id\":\"https:\/\/invertas.lt\/#website\",\"url\":\"https:\/\/invertas.lt\/\",\"name\":\"Invertas\",\"description\":\"\",\"publisher\":{\"@id\":\"https:\/\/invertas.lt\/#organization\"},\"potentialAction\":[{\"@type\":\"SearchAction\",\"target\":{\"@type\":\"EntryPoint\",\"urlTemplate\":\"https:\/\/invertas.lt\/?s={search_term_string}\"},\"query-input\":{\"@type\":\"PropertyValueSpecification\",\"valueRequired\":true,\"valueName\":\"search_term_string\"}}],\"inLanguage\":\"en-GB\"},{\"@type\":\"Organization\",\"@id\":\"https:\/\/invertas.lt\/#organization\",\"name\":\"Invertas\",\"url\":\"https:\/\/invertas.lt\/\",\"logo\":{\"@type\":\"ImageObject\",\"inLanguage\":\"en-GB\",\"@id\":\"https:\/\/invertas.lt\/#\/schema\/logo\/image\/\",\"url\":\"https:\/\/invertas.lt\/wp-content\/uploads\/2025\/03\/New-Text-Document-2.svg\",\"contentUrl\":\"https:\/\/invertas.lt\/wp-content\/uploads\/2025\/03\/New-Text-Document-2.svg\",\"width\":140,\"height\":39,\"caption\":\"Invertas\"},\"image\":{\"@id\":\"https:\/\/invertas.lt\/#\/schema\/logo\/image\/\"}}]}<\/script>\n<!-- \/ Yoast SEO plugin. -->","yoast_head_json":{"title":"UWT atsarg\u0173 steb\u0117jimas NivoTec\u00ae - NT 4700 - Invertas","description":"NivoTec\u00ae NT 4700 moduliai skirti vietiniam 4\u201320 mA signalo lygio rodymui skaitmeniniame ekrane. Idealu, kai reikalingas nebrangus vietinis indikavimas.","robots":{"index":"index","follow":"follow","max-snippet":"max-snippet:-1","max-image-preview":"max-image-preview:large","max-video-preview":"max-video-preview:-1"},"canonical":"https:\/\/invertas.lt\/en\/produktai\/lygio-matuokliai\/atsargu-stebejimas-nivotec-nt-4700-lygio-indikatorius-vienai-talpai\/","og_locale":"en_GB","og_type":"article","og_title":"UWT atsarg\u0173 steb\u0117jimas NivoTec\u00ae - NT 4700 - Invertas","og_description":"NivoTec\u00ae NT 4700 moduliai skirti vietiniam 4\u201320 mA signalo lygio rodymui skaitmeniniame ekrane. Idealu, kai reikalingas nebrangus vietinis indikavimas.","og_url":"https:\/\/invertas.lt\/en\/produktai\/lygio-matuokliai\/atsargu-stebejimas-nivotec-nt-4700-lygio-indikatorius-vienai-talpai\/","og_site_name":"Invertas","article_modified_time":"2025-08-07T15:48:28+00:00","og_image":[{"width":1000,"height":1000,"url":"https:\/\/invertas.lt\/wp-content\/uploads\/2025\/06\/nt4700-nivotec-led-level-visualisation-4-digit-display_1_1.jpg","type":"image\/jpeg"}],"twitter_card":"summary_large_image","twitter_misc":{"Estimated reading time":"1 minute"},"schema":{"@context":"https:\/\/schema.org","@graph":[{"@type":"WebPage","@id":"https:\/\/invertas.lt\/produktai\/lygio-matuokliai\/atsargu-stebejimas-nivotec-nt-4700-lygio-indikatorius-vienai-talpai\/","url":"https:\/\/invertas.lt\/produktai\/lygio-matuokliai\/atsargu-stebejimas-nivotec-nt-4700-lygio-indikatorius-vienai-talpai\/","name":"UWT atsarg\u0173 steb\u0117jimas NivoTec\u00ae - NT 4700 - Invertas","isPartOf":{"@id":"https:\/\/invertas.lt\/#website"},"primaryImageOfPage":{"@id":"https:\/\/invertas.lt\/produktai\/lygio-matuokliai\/atsargu-stebejimas-nivotec-nt-4700-lygio-indikatorius-vienai-talpai\/#primaryimage"},"image":{"@id":"https:\/\/invertas.lt\/produktai\/lygio-matuokliai\/atsargu-stebejimas-nivotec-nt-4700-lygio-indikatorius-vienai-talpai\/#primaryimage"},"thumbnailUrl":"https:\/\/invertas.lt\/wp-content\/uploads\/2025\/06\/nt4700-nivotec-led-level-visualisation-4-digit-display_1_1.jpg","datePublished":"2025-06-21T20:58:34+00:00","dateModified":"2025-08-07T15:48:28+00:00","description":"NivoTec\u00ae NT 4700 moduliai skirti vietiniam 4\u201320 mA signalo lygio rodymui skaitmeniniame ekrane. Idealu, kai reikalingas nebrangus vietinis indikavimas.","breadcrumb":{"@id":"https:\/\/invertas.lt\/produktai\/lygio-matuokliai\/atsargu-stebejimas-nivotec-nt-4700-lygio-indikatorius-vienai-talpai\/#breadcrumb"},"inLanguage":"en-GB","potentialAction":[{"@type":"ReadAction","target":["https:\/\/invertas.lt\/produktai\/lygio-matuokliai\/atsargu-stebejimas-nivotec-nt-4700-lygio-indikatorius-vienai-talpai\/"]}]},{"@type":"ImageObject","inLanguage":"en-GB","@id":"https:\/\/invertas.lt\/produktai\/lygio-matuokliai\/atsargu-stebejimas-nivotec-nt-4700-lygio-indikatorius-vienai-talpai\/#primaryimage","url":"https:\/\/invertas.lt\/wp-content\/uploads\/2025\/06\/nt4700-nivotec-led-level-visualisation-4-digit-display_1_1.jpg","contentUrl":"https:\/\/invertas.lt\/wp-content\/uploads\/2025\/06\/nt4700-nivotec-led-level-visualisation-4-digit-display_1_1.jpg","width":1000,"height":1000},{"@type":"BreadcrumbList","@id":"https:\/\/invertas.lt\/produktai\/lygio-matuokliai\/atsargu-stebejimas-nivotec-nt-4700-lygio-indikatorius-vienai-talpai\/#breadcrumb","itemListElement":[{"@type":"ListItem","position":1,"name":"Prad\u017eia","item":"https:\/\/invertas.lt\/"},{"@type":"ListItem","position":2,"name":"Products","item":"https:\/\/invertas.lt\/shop\/"},{"@type":"ListItem","position":3,"name":"Lygio matuokliai","item":"https:\/\/invertas.lt\/.\/lygio-matuokliai\/"},{"@type":"ListItem","position":4,"name":"UWT atsarg\u0173 steb\u0117jimas NivoTec\u00ae &#8211; NT 4700"}]},{"@type":"WebSite","@id":"https:\/\/invertas.lt\/#website","url":"https:\/\/invertas.lt\/","name":"Invert","description":"","publisher":{"@id":"https:\/\/invertas.lt\/#organization"},"potentialAction":[{"@type":"SearchAction","target":{"@type":"EntryPoint","urlTemplate":"https:\/\/invertas.lt\/?s={search_term_string}"},"query-input":{"@type":"PropertyValueSpecification","valueRequired":true,"valueName":"search_term_string"}}],"inLanguage":"en-GB"},{"@type":"Organization","@id":"https:\/\/invertas.lt\/#organization","name":"Invert","url":"https:\/\/invertas.lt\/","logo":{"@type":"ImageObject","inLanguage":"en-GB","@id":"https:\/\/invertas.lt\/#\/schema\/logo\/image\/","url":"https:\/\/invertas.lt\/wp-content\/uploads\/2025\/03\/New-Text-Document-2.svg","contentUrl":"https:\/\/invertas.lt\/wp-content\/uploads\/2025\/03\/New-Text-Document-2.svg","width":140,"height":39,"caption":"Invertas"},"image":{"@id":"https:\/\/invertas.lt\/#\/schema\/logo\/image\/"}}]}},"_links":{"self":[{"href":"https:\/\/invertas.lt\/en\/wp-json\/wp\/v2\/product\/7440","targetHints":{"allow":["GET"]}}],"collection":[{"href":"https:\/\/invertas.lt\/en\/wp-json\/wp\/v2\/product"}],"about":[{"href":"https:\/\/invertas.lt\/en\/wp-json\/wp\/v2\/types\/product"}],"replies":[{"embeddable":true,"href":"https:\/\/invertas.lt\/en\/wp-json\/wp\/v2\/comments?post=7440"}],"wp:featuredmedia":[{"embeddable":true,"href":"https:\/\/invertas.lt\/en\/wp-json\/wp\/v2\/media\/7441"}],"wp:attachment":[{"href":"https:\/\/invertas.lt\/en\/wp-json\/wp\/v2\/media?parent=7440"}],"wp:term":[{"taxonomy":"product_brand","embeddable":true,"href":"https:\/\/invertas.lt\/en\/wp-json\/wp\/v2\/product_brand?post=7440"},{"taxonomy":"product_cat","embeddable":true,"href":"https:\/\/invertas.lt\/en\/wp-json\/wp\/v2\/product_cat?post=7440"},{"taxonomy":"product_tag","embeddable":true,"href":"https:\/\/invertas.lt\/en\/wp-json\/wp\/v2\/product_tag?post=7440"}],"curies":[{"name":"wp","href":"https:\/\/api.w.org\/{rel}","templated":true}]}}