{"id":7428,"date":"2025-06-21T20:01:23","date_gmt":"2025-06-21T20:01:23","guid":{"rendered":"https:\/\/aurimasb15.sg-host.com\/?post_type=product&#038;p=7428"},"modified":"2025-08-07T15:46:59","modified_gmt":"2025-08-07T15:46:59","slug":"atsargu-stebejimas-nivotec-nt-4500-standartizuota-vizualizacija","status":"publish","type":"product","link":"https:\/\/invertas.lt\/en\/produktai\/lygio-matuokliai\/atsargu-stebejimas-nivotec-nt-4500-standartizuota-vizualizacija\/","title":{"rendered":"UWT inventory monitoring NivoTec\u00ae \u2013 NT 4500"},"content":{"rendered":"<p data-start=\"0\" data-end=\"18\"><strong data-start=\"0\" data-end=\"18\">Fields of application<\/strong><\/p>\n<p data-start=\"20\" data-end=\"320\">NivoTec\u00ae NT 4500 is a level visualization system for level monitoring and limit level measurement in silos and technological vessels. It transmits data to various devices, connects multiple locations and allows monitoring of up to 50 containers. The system operates according to standard functionality, ensuring an attractive price.<\/p>\n<p data-start=\"322\" data-end=\"333\"><strong data-start=\"322\" data-end=\"333\">Features<\/strong><\/p>\n<ul>\n<li data-start=\"337\" data-end=\"414\">Standalone system without additional licenses, works through a standard browser<\/li>\n<li data-start=\"417\" data-end=\"477\">Data transmission via Ethernet network with clear presentation<\/li>\n<li data-start=\"480\" data-end=\"521\">Standardized system at an affordable price<\/li>\n<\/ul>","protected":false},"excerpt":{"rendered":"<p>Taikymo sritys NivoTec\u00ae NT 4500 \u2013 lygio vizualizavimo sistema silos\u0173 ir technologini\u0173 ind\u0173 lygiui steb\u0117ti bei ribini\u0173 lygi\u0173 matavimui. Ji perduoda duomenis \u012f \u012fvairius \u012frenginius, sujungia kelias lokacijas ir leid\u017eia steb\u0117ti iki 50 talp\u0173. Sistema veikia pagal standartin\u012f funkcionalum\u0105, u\u017etikrinant patraukli\u0105 kain\u0105. Savyb\u0117s Autonomi\u0161ka sistema be papildom\u0173 licencij\u0173, veikia per standartin\u0119 nar\u0161ykl\u0119 Duomen\u0173 perdavimas per [&hellip;]<\/p>","protected":false},"featured_media":7429,"comment_status":"open","ping_status":"closed","template":"","meta":{"_acf_changed":false,"inline_featured_image":false},"product_brand":[],"product_cat":[411],"product_tag":[],"class_list":{"0":"post-7428","1":"product","2":"type-product","3":"status-publish","4":"has-post-thumbnail","6":"product_cat-lygio-matuokliai","8":"first","9":"instock","10":"shipping-taxable","11":"purchasable","12":"product-type-simple"},"acf":[],"yoast_head":"<!-- This site is optimized with the Yoast SEO plugin v25.5 - https:\/\/yoast.com\/wordpress\/plugins\/seo\/ -->\n<title>UWT atsarg\u0173 steb\u0117jimas NivoTec\u00ae - NT 4500 - Invertas<\/title>\n<meta name=\"description\" content=\"NivoTec\u00ae NT 4500 \u2013 lygio vizualizavimo sistema silos\u0173 ir technologini\u0173 ind\u0173 lygiui steb\u0117ti bei lygi\u0173 matavimui. Standartizuota sistema u\u017e prieinam\u0105 kain\u0105.\" \/>\n<meta name=\"robots\" content=\"index, follow, max-snippet:-1, max-image-preview:large, max-video-preview:-1\" \/>\n<link rel=\"canonical\" href=\"https:\/\/invertas.lt\/en\/produktai\/lygio-matuokliai\/atsargu-stebejimas-nivotec-nt-4500-standartizuota-vizualizacija\/\" \/>\n<meta property=\"og:locale\" content=\"en_GB\" \/>\n<meta property=\"og:type\" content=\"article\" \/>\n<meta property=\"og:title\" content=\"UWT atsarg\u0173 steb\u0117jimas NivoTec\u00ae - NT 4500 - Invertas\" \/>\n<meta property=\"og:description\" content=\"NivoTec\u00ae NT 4500 \u2013 lygio vizualizavimo sistema silos\u0173 ir technologini\u0173 ind\u0173 lygiui steb\u0117ti bei lygi\u0173 matavimui. Standartizuota sistema u\u017e prieinam\u0105 kain\u0105.\" \/>\n<meta property=\"og:url\" content=\"https:\/\/invertas.lt\/en\/produktai\/lygio-matuokliai\/atsargu-stebejimas-nivotec-nt-4500-standartizuota-vizualizacija\/\" \/>\n<meta property=\"og:site_name\" content=\"Invertas\" \/>\n<meta property=\"article:modified_time\" content=\"2025-08-07T15:46:59+00:00\" \/>\n<meta property=\"og:image\" content=\"https:\/\/invertas.lt\/wp-content\/uploads\/2025\/06\/nt4500-nivotec-level-visualisation-and-monitoring-via-webserver-wago-controller.jpg\" \/>\n\t<meta property=\"og:image:width\" content=\"1000\" \/>\n\t<meta property=\"og:image:height\" content=\"1000\" \/>\n\t<meta property=\"og:image:type\" content=\"image\/jpeg\" \/>\n<meta name=\"twitter:card\" content=\"summary_large_image\" \/>\n<meta name=\"twitter:label1\" content=\"Estimated reading time\" \/>\n\t<meta name=\"twitter:data1\" content=\"1 minute\" \/>\n<script type=\"application\/ld+json\" class=\"yoast-schema-graph\">{\"@context\":\"https:\/\/schema.org\",\"@graph\":[{\"@type\":\"WebPage\",\"@id\":\"https:\/\/invertas.lt\/produktai\/lygio-matuokliai\/atsargu-stebejimas-nivotec-nt-4500-standartizuota-vizualizacija\/\",\"url\":\"https:\/\/invertas.lt\/produktai\/lygio-matuokliai\/atsargu-stebejimas-nivotec-nt-4500-standartizuota-vizualizacija\/\",\"name\":\"UWT atsarg\u0173 steb\u0117jimas NivoTec\u00ae - NT 4500 - Invertas\",\"isPartOf\":{\"@id\":\"https:\/\/invertas.lt\/#website\"},\"primaryImageOfPage\":{\"@id\":\"https:\/\/invertas.lt\/produktai\/lygio-matuokliai\/atsargu-stebejimas-nivotec-nt-4500-standartizuota-vizualizacija\/#primaryimage\"},\"image\":{\"@id\":\"https:\/\/invertas.lt\/produktai\/lygio-matuokliai\/atsargu-stebejimas-nivotec-nt-4500-standartizuota-vizualizacija\/#primaryimage\"},\"thumbnailUrl\":\"https:\/\/invertas.lt\/wp-content\/uploads\/2025\/06\/nt4500-nivotec-level-visualisation-and-monitoring-via-webserver-wago-controller.jpg\",\"datePublished\":\"2025-06-21T20:01:23+00:00\",\"dateModified\":\"2025-08-07T15:46:59+00:00\",\"description\":\"NivoTec\u00ae NT 4500 \u2013 lygio vizualizavimo sistema silos\u0173 ir technologini\u0173 ind\u0173 lygiui steb\u0117ti bei lygi\u0173 matavimui. Standartizuota sistema u\u017e prieinam\u0105 kain\u0105.\",\"breadcrumb\":{\"@id\":\"https:\/\/invertas.lt\/produktai\/lygio-matuokliai\/atsargu-stebejimas-nivotec-nt-4500-standartizuota-vizualizacija\/#breadcrumb\"},\"inLanguage\":\"en-GB\",\"potentialAction\":[{\"@type\":\"ReadAction\",\"target\":[\"https:\/\/invertas.lt\/produktai\/lygio-matuokliai\/atsargu-stebejimas-nivotec-nt-4500-standartizuota-vizualizacija\/\"]}]},{\"@type\":\"ImageObject\",\"inLanguage\":\"en-GB\",\"@id\":\"https:\/\/invertas.lt\/produktai\/lygio-matuokliai\/atsargu-stebejimas-nivotec-nt-4500-standartizuota-vizualizacija\/#primaryimage\",\"url\":\"https:\/\/invertas.lt\/wp-content\/uploads\/2025\/06\/nt4500-nivotec-level-visualisation-and-monitoring-via-webserver-wago-controller.jpg\",\"contentUrl\":\"https:\/\/invertas.lt\/wp-content\/uploads\/2025\/06\/nt4500-nivotec-level-visualisation-and-monitoring-via-webserver-wago-controller.jpg\",\"width\":1000,\"height\":1000},{\"@type\":\"BreadcrumbList\",\"@id\":\"https:\/\/invertas.lt\/produktai\/lygio-matuokliai\/atsargu-stebejimas-nivotec-nt-4500-standartizuota-vizualizacija\/#breadcrumb\",\"itemListElement\":[{\"@type\":\"ListItem\",\"position\":1,\"name\":\"Prad\u017eia\",\"item\":\"https:\/\/invertas.lt\/\"},{\"@type\":\"ListItem\",\"position\":2,\"name\":\"Products\",\"item\":\"https:\/\/invertas.lt\/shop\/\"},{\"@type\":\"ListItem\",\"position\":3,\"name\":\"Lygio matuokliai\",\"item\":\"https:\/\/invertas.lt\/.\/lygio-matuokliai\/\"},{\"@type\":\"ListItem\",\"position\":4,\"name\":\"UWT atsarg\u0173 steb\u0117jimas NivoTec\u00ae &#8211; NT 4500\"}]},{\"@type\":\"WebSite\",\"@id\":\"https:\/\/invertas.lt\/#website\",\"url\":\"https:\/\/invertas.lt\/\",\"name\":\"Invertas\",\"description\":\"\",\"publisher\":{\"@id\":\"https:\/\/invertas.lt\/#organization\"},\"potentialAction\":[{\"@type\":\"SearchAction\",\"target\":{\"@type\":\"EntryPoint\",\"urlTemplate\":\"https:\/\/invertas.lt\/?s={search_term_string}\"},\"query-input\":{\"@type\":\"PropertyValueSpecification\",\"valueRequired\":true,\"valueName\":\"search_term_string\"}}],\"inLanguage\":\"en-GB\"},{\"@type\":\"Organization\",\"@id\":\"https:\/\/invertas.lt\/#organization\",\"name\":\"Invertas\",\"url\":\"https:\/\/invertas.lt\/\",\"logo\":{\"@type\":\"ImageObject\",\"inLanguage\":\"en-GB\",\"@id\":\"https:\/\/invertas.lt\/#\/schema\/logo\/image\/\",\"url\":\"https:\/\/invertas.lt\/wp-content\/uploads\/2025\/03\/New-Text-Document-2.svg\",\"contentUrl\":\"https:\/\/invertas.lt\/wp-content\/uploads\/2025\/03\/New-Text-Document-2.svg\",\"width\":140,\"height\":39,\"caption\":\"Invertas\"},\"image\":{\"@id\":\"https:\/\/invertas.lt\/#\/schema\/logo\/image\/\"}}]}<\/script>\n<!-- \/ Yoast SEO plugin. -->","yoast_head_json":{"title":"UWT atsarg\u0173 steb\u0117jimas NivoTec\u00ae - NT 4500 - Invertas","description":"NivoTec\u00ae NT 4500 \u2013 lygio vizualizavimo sistema silos\u0173 ir technologini\u0173 ind\u0173 lygiui steb\u0117ti bei lygi\u0173 matavimui. Standartizuota sistema u\u017e prieinam\u0105 kain\u0105.","robots":{"index":"index","follow":"follow","max-snippet":"max-snippet:-1","max-image-preview":"max-image-preview:large","max-video-preview":"max-video-preview:-1"},"canonical":"https:\/\/invertas.lt\/en\/produktai\/lygio-matuokliai\/atsargu-stebejimas-nivotec-nt-4500-standartizuota-vizualizacija\/","og_locale":"en_GB","og_type":"article","og_title":"UWT atsarg\u0173 steb\u0117jimas NivoTec\u00ae - NT 4500 - Invertas","og_description":"NivoTec\u00ae NT 4500 \u2013 lygio vizualizavimo sistema silos\u0173 ir technologini\u0173 ind\u0173 lygiui steb\u0117ti bei lygi\u0173 matavimui. Standartizuota sistema u\u017e prieinam\u0105 kain\u0105.","og_url":"https:\/\/invertas.lt\/en\/produktai\/lygio-matuokliai\/atsargu-stebejimas-nivotec-nt-4500-standartizuota-vizualizacija\/","og_site_name":"Invertas","article_modified_time":"2025-08-07T15:46:59+00:00","og_image":[{"width":1000,"height":1000,"url":"https:\/\/invertas.lt\/wp-content\/uploads\/2025\/06\/nt4500-nivotec-level-visualisation-and-monitoring-via-webserver-wago-controller.jpg","type":"image\/jpeg"}],"twitter_card":"summary_large_image","twitter_misc":{"Estimated reading time":"1 minute"},"schema":{"@context":"https:\/\/schema.org","@graph":[{"@type":"WebPage","@id":"https:\/\/invertas.lt\/produktai\/lygio-matuokliai\/atsargu-stebejimas-nivotec-nt-4500-standartizuota-vizualizacija\/","url":"https:\/\/invertas.lt\/produktai\/lygio-matuokliai\/atsargu-stebejimas-nivotec-nt-4500-standartizuota-vizualizacija\/","name":"UWT atsarg\u0173 steb\u0117jimas NivoTec\u00ae - NT 4500 - Invertas","isPartOf":{"@id":"https:\/\/invertas.lt\/#website"},"primaryImageOfPage":{"@id":"https:\/\/invertas.lt\/produktai\/lygio-matuokliai\/atsargu-stebejimas-nivotec-nt-4500-standartizuota-vizualizacija\/#primaryimage"},"image":{"@id":"https:\/\/invertas.lt\/produktai\/lygio-matuokliai\/atsargu-stebejimas-nivotec-nt-4500-standartizuota-vizualizacija\/#primaryimage"},"thumbnailUrl":"https:\/\/invertas.lt\/wp-content\/uploads\/2025\/06\/nt4500-nivotec-level-visualisation-and-monitoring-via-webserver-wago-controller.jpg","datePublished":"2025-06-21T20:01:23+00:00","dateModified":"2025-08-07T15:46:59+00:00","description":"NivoTec\u00ae NT 4500 \u2013 lygio vizualizavimo sistema silos\u0173 ir technologini\u0173 ind\u0173 lygiui steb\u0117ti bei lygi\u0173 matavimui. Standartizuota sistema u\u017e prieinam\u0105 kain\u0105.","breadcrumb":{"@id":"https:\/\/invertas.lt\/produktai\/lygio-matuokliai\/atsargu-stebejimas-nivotec-nt-4500-standartizuota-vizualizacija\/#breadcrumb"},"inLanguage":"en-GB","potentialAction":[{"@type":"ReadAction","target":["https:\/\/invertas.lt\/produktai\/lygio-matuokliai\/atsargu-stebejimas-nivotec-nt-4500-standartizuota-vizualizacija\/"]}]},{"@type":"ImageObject","inLanguage":"en-GB","@id":"https:\/\/invertas.lt\/produktai\/lygio-matuokliai\/atsargu-stebejimas-nivotec-nt-4500-standartizuota-vizualizacija\/#primaryimage","url":"https:\/\/invertas.lt\/wp-content\/uploads\/2025\/06\/nt4500-nivotec-level-visualisation-and-monitoring-via-webserver-wago-controller.jpg","contentUrl":"https:\/\/invertas.lt\/wp-content\/uploads\/2025\/06\/nt4500-nivotec-level-visualisation-and-monitoring-via-webserver-wago-controller.jpg","width":1000,"height":1000},{"@type":"BreadcrumbList","@id":"https:\/\/invertas.lt\/produktai\/lygio-matuokliai\/atsargu-stebejimas-nivotec-nt-4500-standartizuota-vizualizacija\/#breadcrumb","itemListElement":[{"@type":"ListItem","position":1,"name":"Prad\u017eia","item":"https:\/\/invertas.lt\/"},{"@type":"ListItem","position":2,"name":"Products","item":"https:\/\/invertas.lt\/shop\/"},{"@type":"ListItem","position":3,"name":"Lygio matuokliai","item":"https:\/\/invertas.lt\/.\/lygio-matuokliai\/"},{"@type":"ListItem","position":4,"name":"UWT atsarg\u0173 steb\u0117jimas NivoTec\u00ae &#8211; NT 4500"}]},{"@type":"WebSite","@id":"https:\/\/invertas.lt\/#website","url":"https:\/\/invertas.lt\/","name":"Invert","description":"","publisher":{"@id":"https:\/\/invertas.lt\/#organization"},"potentialAction":[{"@type":"SearchAction","target":{"@type":"EntryPoint","urlTemplate":"https:\/\/invertas.lt\/?s={search_term_string}"},"query-input":{"@type":"PropertyValueSpecification","valueRequired":true,"valueName":"search_term_string"}}],"inLanguage":"en-GB"},{"@type":"Organization","@id":"https:\/\/invertas.lt\/#organization","name":"Invert","url":"https:\/\/invertas.lt\/","logo":{"@type":"ImageObject","inLanguage":"en-GB","@id":"https:\/\/invertas.lt\/#\/schema\/logo\/image\/","url":"https:\/\/invertas.lt\/wp-content\/uploads\/2025\/03\/New-Text-Document-2.svg","contentUrl":"https:\/\/invertas.lt\/wp-content\/uploads\/2025\/03\/New-Text-Document-2.svg","width":140,"height":39,"caption":"Invertas"},"image":{"@id":"https:\/\/invertas.lt\/#\/schema\/logo\/image\/"}}]}},"_links":{"self":[{"href":"https:\/\/invertas.lt\/en\/wp-json\/wp\/v2\/product\/7428","targetHints":{"allow":["GET"]}}],"collection":[{"href":"https:\/\/invertas.lt\/en\/wp-json\/wp\/v2\/product"}],"about":[{"href":"https:\/\/invertas.lt\/en\/wp-json\/wp\/v2\/types\/product"}],"replies":[{"embeddable":true,"href":"https:\/\/invertas.lt\/en\/wp-json\/wp\/v2\/comments?post=7428"}],"wp:featuredmedia":[{"embeddable":true,"href":"https:\/\/invertas.lt\/en\/wp-json\/wp\/v2\/media\/7429"}],"wp:attachment":[{"href":"https:\/\/invertas.lt\/en\/wp-json\/wp\/v2\/media?parent=7428"}],"wp:term":[{"taxonomy":"product_brand","embeddable":true,"href":"https:\/\/invertas.lt\/en\/wp-json\/wp\/v2\/product_brand?post=7428"},{"taxonomy":"product_cat","embeddable":true,"href":"https:\/\/invertas.lt\/en\/wp-json\/wp\/v2\/product_cat?post=7428"},{"taxonomy":"product_tag","embeddable":true,"href":"https:\/\/invertas.lt\/en\/wp-json\/wp\/v2\/product_tag?post=7428"}],"curies":[{"name":"wp","href":"https:\/\/api.w.org\/{rel}","templated":true}]}}