{"id":7419,"date":"2025-06-21T19:48:05","date_gmt":"2025-06-21T19:48:05","guid":{"rendered":"https:\/\/aurimasb15.sg-host.com\/?post_type=product&#038;p=7419"},"modified":"2025-08-07T15:46:36","modified_gmt":"2025-08-07T15:46:36","slug":"atsargu-stebejimas-nivotec-nt-3500-individualus-projekto-vizualizavimas","status":"publish","type":"product","link":"https:\/\/invertas.lt\/en\/produktai\/lygio-matuokliai\/atsargu-stebejimas-nivotec-nt-3500-individualus-projekto-vizualizavimas\/","title":{"rendered":"UWT inventory monitoring NivoTec\u00ae \u2013 NT 3500"},"content":{"rendered":"<p data-start=\"0\" data-end=\"18\"><strong data-start=\"0\" data-end=\"18\">Fields of application<\/strong><\/p>\n<p data-start=\"20\" data-end=\"294\">NivoTec\u00ae NT 3500 is a level visualization system for monitoring silos, tanks and process vessels and measuring limit levels. It transmits data to computers, mobile devices and ERP systems, connects different locations and supports new and existing installations.<\/p>\n<p data-start=\"296\" data-end=\"307\"><strong data-start=\"296\" data-end=\"307\">Features<\/strong><\/p>\n<ul>\n<li data-start=\"311\" data-end=\"388\">Standalone system without additional licenses, works through a standard browser<\/li>\n<li data-start=\"391\" data-end=\"464\">Data transmission via Ethernet network with clear and evaluative presentation<\/li>\n<li data-start=\"467\" data-end=\"522\">Flexible to suit device and customer needs<\/li>\n<\/ul>","protected":false},"excerpt":{"rendered":"<p>Taikymo sritys NivoTec\u00ae NT 3500 \u2013 lygio vizualizavimo sistema silosams, talpoms ir technologiniams indams steb\u0117ti bei ribini\u0173 lygi\u0173 matavimui. Ji perduoda duomenis \u012f kompiuterius, mobiliuosius \u012frenginius ir ERP sistemas, jungia skirtingas lokacijas bei palaiko naujus ir esamus \u012frenginius. Savyb\u0117s Autonomi\u0161ka sistema be papildom\u0173 licencij\u0173, veikia per standartin\u0119 nar\u0161ykl\u0119 Duomen\u0173 perdavimas per Ethernet tinkl\u0105 su ai\u0161kiu [&hellip;]<\/p>","protected":false},"featured_media":7420,"comment_status":"open","ping_status":"closed","template":"","meta":{"_acf_changed":false,"inline_featured_image":false},"product_brand":[],"product_cat":[411],"product_tag":[],"class_list":{"0":"post-7419","1":"product","2":"type-product","3":"status-publish","4":"has-post-thumbnail","6":"product_cat-lygio-matuokliai","8":"first","9":"instock","10":"shipping-taxable","11":"purchasable","12":"product-type-simple"},"acf":[],"yoast_head":"<!-- This site is optimized with the Yoast SEO plugin v25.5 - https:\/\/yoast.com\/wordpress\/plugins\/seo\/ -->\n<title>UWT atsarg\u0173 steb\u0117jimas NivoTec\u00ae - NT 3500 - Invertas<\/title>\n<meta name=\"description\" content=\"NivoTec\u00ae NT 3500 \u2013 lygio vizualizavimo sistema silosams, talpoms ir technologiniams indams steb\u0117ti bei ribini\u0173 lygi\u0173 matavimui.\" \/>\n<meta name=\"robots\" content=\"index, follow, max-snippet:-1, max-image-preview:large, max-video-preview:-1\" \/>\n<link rel=\"canonical\" href=\"https:\/\/invertas.lt\/en\/produktai\/lygio-matuokliai\/atsargu-stebejimas-nivotec-nt-3500-individualus-projekto-vizualizavimas\/\" \/>\n<meta property=\"og:locale\" content=\"en_GB\" \/>\n<meta property=\"og:type\" content=\"article\" \/>\n<meta property=\"og:title\" content=\"UWT atsarg\u0173 steb\u0117jimas NivoTec\u00ae - NT 3500 - Invertas\" \/>\n<meta property=\"og:description\" content=\"NivoTec\u00ae NT 3500 \u2013 lygio vizualizavimo sistema silosams, talpoms ir technologiniams indams steb\u0117ti bei ribini\u0173 lygi\u0173 matavimui.\" \/>\n<meta property=\"og:url\" content=\"https:\/\/invertas.lt\/en\/produktai\/lygio-matuokliai\/atsargu-stebejimas-nivotec-nt-3500-individualus-projekto-vizualizavimas\/\" \/>\n<meta property=\"og:site_name\" content=\"Invertas\" \/>\n<meta property=\"article:modified_time\" content=\"2025-08-07T15:46:36+00:00\" \/>\n<meta property=\"og:image\" content=\"https:\/\/invertas.lt\/wp-content\/uploads\/2025\/06\/nt3500-nivotec-level-visualisation-and-monitoring-via-webserver-control-cabinet.jpg\" \/>\n\t<meta property=\"og:image:width\" content=\"532\" \/>\n\t<meta property=\"og:image:height\" content=\"522\" \/>\n\t<meta property=\"og:image:type\" content=\"image\/jpeg\" \/>\n<meta name=\"twitter:card\" content=\"summary_large_image\" \/>\n<meta name=\"twitter:label1\" content=\"Estimated reading time\" \/>\n\t<meta name=\"twitter:data1\" content=\"1 minute\" \/>\n<script type=\"application\/ld+json\" class=\"yoast-schema-graph\">{\"@context\":\"https:\/\/schema.org\",\"@graph\":[{\"@type\":\"WebPage\",\"@id\":\"https:\/\/invertas.lt\/produktai\/lygio-matuokliai\/atsargu-stebejimas-nivotec-nt-3500-individualus-projekto-vizualizavimas\/\",\"url\":\"https:\/\/invertas.lt\/produktai\/lygio-matuokliai\/atsargu-stebejimas-nivotec-nt-3500-individualus-projekto-vizualizavimas\/\",\"name\":\"UWT atsarg\u0173 steb\u0117jimas NivoTec\u00ae - NT 3500 - Invertas\",\"isPartOf\":{\"@id\":\"https:\/\/invertas.lt\/#website\"},\"primaryImageOfPage\":{\"@id\":\"https:\/\/invertas.lt\/produktai\/lygio-matuokliai\/atsargu-stebejimas-nivotec-nt-3500-individualus-projekto-vizualizavimas\/#primaryimage\"},\"image\":{\"@id\":\"https:\/\/invertas.lt\/produktai\/lygio-matuokliai\/atsargu-stebejimas-nivotec-nt-3500-individualus-projekto-vizualizavimas\/#primaryimage\"},\"thumbnailUrl\":\"https:\/\/invertas.lt\/wp-content\/uploads\/2025\/06\/nt3500-nivotec-level-visualisation-and-monitoring-via-webserver-control-cabinet.jpg\",\"datePublished\":\"2025-06-21T19:48:05+00:00\",\"dateModified\":\"2025-08-07T15:46:36+00:00\",\"description\":\"NivoTec\u00ae NT 3500 \u2013 lygio vizualizavimo sistema silosams, talpoms ir technologiniams indams steb\u0117ti bei ribini\u0173 lygi\u0173 matavimui.\",\"breadcrumb\":{\"@id\":\"https:\/\/invertas.lt\/produktai\/lygio-matuokliai\/atsargu-stebejimas-nivotec-nt-3500-individualus-projekto-vizualizavimas\/#breadcrumb\"},\"inLanguage\":\"en-GB\",\"potentialAction\":[{\"@type\":\"ReadAction\",\"target\":[\"https:\/\/invertas.lt\/produktai\/lygio-matuokliai\/atsargu-stebejimas-nivotec-nt-3500-individualus-projekto-vizualizavimas\/\"]}]},{\"@type\":\"ImageObject\",\"inLanguage\":\"en-GB\",\"@id\":\"https:\/\/invertas.lt\/produktai\/lygio-matuokliai\/atsargu-stebejimas-nivotec-nt-3500-individualus-projekto-vizualizavimas\/#primaryimage\",\"url\":\"https:\/\/invertas.lt\/wp-content\/uploads\/2025\/06\/nt3500-nivotec-level-visualisation-and-monitoring-via-webserver-control-cabinet.jpg\",\"contentUrl\":\"https:\/\/invertas.lt\/wp-content\/uploads\/2025\/06\/nt3500-nivotec-level-visualisation-and-monitoring-via-webserver-control-cabinet.jpg\",\"width\":532,\"height\":522},{\"@type\":\"BreadcrumbList\",\"@id\":\"https:\/\/invertas.lt\/produktai\/lygio-matuokliai\/atsargu-stebejimas-nivotec-nt-3500-individualus-projekto-vizualizavimas\/#breadcrumb\",\"itemListElement\":[{\"@type\":\"ListItem\",\"position\":1,\"name\":\"Prad\u017eia\",\"item\":\"https:\/\/invertas.lt\/\"},{\"@type\":\"ListItem\",\"position\":2,\"name\":\"Products\",\"item\":\"https:\/\/invertas.lt\/shop\/\"},{\"@type\":\"ListItem\",\"position\":3,\"name\":\"Lygio matuokliai\",\"item\":\"https:\/\/invertas.lt\/.\/lygio-matuokliai\/\"},{\"@type\":\"ListItem\",\"position\":4,\"name\":\"UWT atsarg\u0173 steb\u0117jimas NivoTec\u00ae &#8211; NT 3500\"}]},{\"@type\":\"WebSite\",\"@id\":\"https:\/\/invertas.lt\/#website\",\"url\":\"https:\/\/invertas.lt\/\",\"name\":\"Invertas\",\"description\":\"\",\"publisher\":{\"@id\":\"https:\/\/invertas.lt\/#organization\"},\"potentialAction\":[{\"@type\":\"SearchAction\",\"target\":{\"@type\":\"EntryPoint\",\"urlTemplate\":\"https:\/\/invertas.lt\/?s={search_term_string}\"},\"query-input\":{\"@type\":\"PropertyValueSpecification\",\"valueRequired\":true,\"valueName\":\"search_term_string\"}}],\"inLanguage\":\"en-GB\"},{\"@type\":\"Organization\",\"@id\":\"https:\/\/invertas.lt\/#organization\",\"name\":\"Invertas\",\"url\":\"https:\/\/invertas.lt\/\",\"logo\":{\"@type\":\"ImageObject\",\"inLanguage\":\"en-GB\",\"@id\":\"https:\/\/invertas.lt\/#\/schema\/logo\/image\/\",\"url\":\"https:\/\/invertas.lt\/wp-content\/uploads\/2025\/03\/New-Text-Document-2.svg\",\"contentUrl\":\"https:\/\/invertas.lt\/wp-content\/uploads\/2025\/03\/New-Text-Document-2.svg\",\"width\":140,\"height\":39,\"caption\":\"Invertas\"},\"image\":{\"@id\":\"https:\/\/invertas.lt\/#\/schema\/logo\/image\/\"}}]}<\/script>\n<!-- \/ Yoast SEO plugin. -->","yoast_head_json":{"title":"UWT atsarg\u0173 steb\u0117jimas NivoTec\u00ae - NT 3500 - Invertas","description":"NivoTec\u00ae NT 3500 \u2013 lygio vizualizavimo sistema silosams, talpoms ir technologiniams indams steb\u0117ti bei ribini\u0173 lygi\u0173 matavimui.","robots":{"index":"index","follow":"follow","max-snippet":"max-snippet:-1","max-image-preview":"max-image-preview:large","max-video-preview":"max-video-preview:-1"},"canonical":"https:\/\/invertas.lt\/en\/produktai\/lygio-matuokliai\/atsargu-stebejimas-nivotec-nt-3500-individualus-projekto-vizualizavimas\/","og_locale":"en_GB","og_type":"article","og_title":"UWT atsarg\u0173 steb\u0117jimas NivoTec\u00ae - NT 3500 - Invertas","og_description":"NivoTec\u00ae NT 3500 \u2013 lygio vizualizavimo sistema silosams, talpoms ir technologiniams indams steb\u0117ti bei ribini\u0173 lygi\u0173 matavimui.","og_url":"https:\/\/invertas.lt\/en\/produktai\/lygio-matuokliai\/atsargu-stebejimas-nivotec-nt-3500-individualus-projekto-vizualizavimas\/","og_site_name":"Invertas","article_modified_time":"2025-08-07T15:46:36+00:00","og_image":[{"width":532,"height":522,"url":"https:\/\/invertas.lt\/wp-content\/uploads\/2025\/06\/nt3500-nivotec-level-visualisation-and-monitoring-via-webserver-control-cabinet.jpg","type":"image\/jpeg"}],"twitter_card":"summary_large_image","twitter_misc":{"Estimated reading time":"1 minute"},"schema":{"@context":"https:\/\/schema.org","@graph":[{"@type":"WebPage","@id":"https:\/\/invertas.lt\/produktai\/lygio-matuokliai\/atsargu-stebejimas-nivotec-nt-3500-individualus-projekto-vizualizavimas\/","url":"https:\/\/invertas.lt\/produktai\/lygio-matuokliai\/atsargu-stebejimas-nivotec-nt-3500-individualus-projekto-vizualizavimas\/","name":"UWT atsarg\u0173 steb\u0117jimas NivoTec\u00ae - NT 3500 - Invertas","isPartOf":{"@id":"https:\/\/invertas.lt\/#website"},"primaryImageOfPage":{"@id":"https:\/\/invertas.lt\/produktai\/lygio-matuokliai\/atsargu-stebejimas-nivotec-nt-3500-individualus-projekto-vizualizavimas\/#primaryimage"},"image":{"@id":"https:\/\/invertas.lt\/produktai\/lygio-matuokliai\/atsargu-stebejimas-nivotec-nt-3500-individualus-projekto-vizualizavimas\/#primaryimage"},"thumbnailUrl":"https:\/\/invertas.lt\/wp-content\/uploads\/2025\/06\/nt3500-nivotec-level-visualisation-and-monitoring-via-webserver-control-cabinet.jpg","datePublished":"2025-06-21T19:48:05+00:00","dateModified":"2025-08-07T15:46:36+00:00","description":"NivoTec\u00ae NT 3500 \u2013 lygio vizualizavimo sistema silosams, talpoms ir technologiniams indams steb\u0117ti bei ribini\u0173 lygi\u0173 matavimui.","breadcrumb":{"@id":"https:\/\/invertas.lt\/produktai\/lygio-matuokliai\/atsargu-stebejimas-nivotec-nt-3500-individualus-projekto-vizualizavimas\/#breadcrumb"},"inLanguage":"en-GB","potentialAction":[{"@type":"ReadAction","target":["https:\/\/invertas.lt\/produktai\/lygio-matuokliai\/atsargu-stebejimas-nivotec-nt-3500-individualus-projekto-vizualizavimas\/"]}]},{"@type":"ImageObject","inLanguage":"en-GB","@id":"https:\/\/invertas.lt\/produktai\/lygio-matuokliai\/atsargu-stebejimas-nivotec-nt-3500-individualus-projekto-vizualizavimas\/#primaryimage","url":"https:\/\/invertas.lt\/wp-content\/uploads\/2025\/06\/nt3500-nivotec-level-visualisation-and-monitoring-via-webserver-control-cabinet.jpg","contentUrl":"https:\/\/invertas.lt\/wp-content\/uploads\/2025\/06\/nt3500-nivotec-level-visualisation-and-monitoring-via-webserver-control-cabinet.jpg","width":532,"height":522},{"@type":"BreadcrumbList","@id":"https:\/\/invertas.lt\/produktai\/lygio-matuokliai\/atsargu-stebejimas-nivotec-nt-3500-individualus-projekto-vizualizavimas\/#breadcrumb","itemListElement":[{"@type":"ListItem","position":1,"name":"Prad\u017eia","item":"https:\/\/invertas.lt\/"},{"@type":"ListItem","position":2,"name":"Products","item":"https:\/\/invertas.lt\/shop\/"},{"@type":"ListItem","position":3,"name":"Lygio matuokliai","item":"https:\/\/invertas.lt\/.\/lygio-matuokliai\/"},{"@type":"ListItem","position":4,"name":"UWT atsarg\u0173 steb\u0117jimas NivoTec\u00ae &#8211; NT 3500"}]},{"@type":"WebSite","@id":"https:\/\/invertas.lt\/#website","url":"https:\/\/invertas.lt\/","name":"Invert","description":"","publisher":{"@id":"https:\/\/invertas.lt\/#organization"},"potentialAction":[{"@type":"SearchAction","target":{"@type":"EntryPoint","urlTemplate":"https:\/\/invertas.lt\/?s={search_term_string}"},"query-input":{"@type":"PropertyValueSpecification","valueRequired":true,"valueName":"search_term_string"}}],"inLanguage":"en-GB"},{"@type":"Organization","@id":"https:\/\/invertas.lt\/#organization","name":"Invert","url":"https:\/\/invertas.lt\/","logo":{"@type":"ImageObject","inLanguage":"en-GB","@id":"https:\/\/invertas.lt\/#\/schema\/logo\/image\/","url":"https:\/\/invertas.lt\/wp-content\/uploads\/2025\/03\/New-Text-Document-2.svg","contentUrl":"https:\/\/invertas.lt\/wp-content\/uploads\/2025\/03\/New-Text-Document-2.svg","width":140,"height":39,"caption":"Invertas"},"image":{"@id":"https:\/\/invertas.lt\/#\/schema\/logo\/image\/"}}]}},"_links":{"self":[{"href":"https:\/\/invertas.lt\/en\/wp-json\/wp\/v2\/product\/7419","targetHints":{"allow":["GET"]}}],"collection":[{"href":"https:\/\/invertas.lt\/en\/wp-json\/wp\/v2\/product"}],"about":[{"href":"https:\/\/invertas.lt\/en\/wp-json\/wp\/v2\/types\/product"}],"replies":[{"embeddable":true,"href":"https:\/\/invertas.lt\/en\/wp-json\/wp\/v2\/comments?post=7419"}],"wp:featuredmedia":[{"embeddable":true,"href":"https:\/\/invertas.lt\/en\/wp-json\/wp\/v2\/media\/7420"}],"wp:attachment":[{"href":"https:\/\/invertas.lt\/en\/wp-json\/wp\/v2\/media?parent=7419"}],"wp:term":[{"taxonomy":"product_brand","embeddable":true,"href":"https:\/\/invertas.lt\/en\/wp-json\/wp\/v2\/product_brand?post=7419"},{"taxonomy":"product_cat","embeddable":true,"href":"https:\/\/invertas.lt\/en\/wp-json\/wp\/v2\/product_cat?post=7419"},{"taxonomy":"product_tag","embeddable":true,"href":"https:\/\/invertas.lt\/en\/wp-json\/wp\/v2\/product_tag?post=7419"}],"curies":[{"name":"wp","href":"https:\/\/api.w.org\/{rel}","templated":true}]}}