{"id":7409,"date":"2025-06-21T18:48:52","date_gmt":"2025-06-21T18:48:52","guid":{"rendered":"https:\/\/aurimasb15.sg-host.com\/?post_type=product&#038;p=7409"},"modified":"2025-08-03T13:01:30","modified_gmt":"2025-08-03T13:01:30","slug":"talpinis-jutiklis-nivocapa-nc-8100","status":"publish","type":"product","link":"https:\/\/invertas.lt\/en\/produktai\/lygio-matuokliai\/talpinis-jutiklis-nivocapa-nc-8100\/","title":{"rendered":"Capacitive sensor NivoCapa\u00ae - NC 8100"},"content":{"rendered":"<p data-start=\"0\" data-end=\"18\"><strong data-start=\"0\" data-end=\"18\">Fields of application<\/strong><\/p>\n<p data-start=\"20\" data-end=\"302\">NivoCapa\u00ae 8100 is a simple and economical capacitive level sensor for measuring the level of liquids and oils. Suitable for large and small tanks, buffer tanks, bunkers, wells, pipes. Can be mounted from above or below, suitable for vibrating environments and limited space.<\/p>\n<p data-start=\"304\" data-end=\"315\"><strong data-start=\"304\" data-end=\"315\">Features<\/strong><\/p>\n<ul>\n<li data-start=\"319\" data-end=\"404\">Accurate measurements even in viscous and sticky media with Active Shield technology<\/li>\n<li data-start=\"407\" data-end=\"466\">Inverse Frequency Shift technology ensures accuracy<\/li>\n<li data-start=\"469\" data-end=\"492\">Maintenance-free<\/li>\n<\/ul>","protected":false},"excerpt":{"rendered":"<p>Taikymo sritys NivoCapa\u00ae 8100 \u2013 paprastas ir ekonomi\u0161kas talpinis lygio jutiklis skys\u010di\u0173 ir alyv\u0173 lygiui matuoti. Tinka didel\u0117ms ir ma\u017eoms talpoms, buferin\u0117ms talpoms, bunkeriais, \u0161uliniams, vamzd\u017eiams. Galimas montavimas i\u0161 vir\u0161aus arba apa\u010dios, tinkamas vibruojan\u010diai aplinkai ir ribotai erdvei. Savyb\u0117s Tiksl\u016bs matavimai net klampioms ir lipnioms terp\u0117ms su \u201eActive Shield\u201c technologija \u201eInverse Frequency Shift\u201c technologija u\u017etikrina [&hellip;]<\/p>","protected":false},"featured_media":7410,"comment_status":"open","ping_status":"closed","template":"","meta":{"_acf_changed":false,"inline_featured_image":false},"product_brand":[],"product_cat":[411],"product_tag":[],"class_list":{"0":"post-7409","1":"product","2":"type-product","3":"status-publish","4":"has-post-thumbnail","6":"product_cat-lygio-matuokliai","8":"first","9":"instock","10":"shipping-taxable","11":"purchasable","12":"product-type-simple"},"acf":[],"yoast_head":"<!-- This site is optimized with the Yoast SEO plugin v25.5 - https:\/\/yoast.com\/wordpress\/plugins\/seo\/ -->\n<title>Talpinis jutiklis NivoCapa\u00ae - NC 8100 - Invertas<\/title>\n<meta name=\"description\" content=\"NivoCapa\u00ae 8100 \u2013 paprastas ir ekonomi\u0161kas talpinis lygio jutiklis skys\u010di\u0173 ir alyv\u0173 lygiui matuoti. Tinka didel\u0117ms ir ma\u017eoms talpoms.\" \/>\n<meta name=\"robots\" content=\"index, follow, max-snippet:-1, max-image-preview:large, max-video-preview:-1\" \/>\n<link rel=\"canonical\" href=\"https:\/\/invertas.lt\/en\/produktai\/lygio-matuokliai\/talpinis-jutiklis-nivocapa-nc-8100\/\" \/>\n<meta property=\"og:locale\" content=\"en_GB\" \/>\n<meta property=\"og:type\" content=\"article\" \/>\n<meta property=\"og:title\" content=\"Talpinis jutiklis NivoCapa\u00ae - NC 8100 - Invertas\" \/>\n<meta property=\"og:description\" content=\"NivoCapa\u00ae 8100 \u2013 paprastas ir ekonomi\u0161kas talpinis lygio jutiklis skys\u010di\u0173 ir alyv\u0173 lygiui matuoti. Tinka didel\u0117ms ir ma\u017eoms talpoms.\" \/>\n<meta property=\"og:url\" content=\"https:\/\/invertas.lt\/en\/produktai\/lygio-matuokliai\/talpinis-jutiklis-nivocapa-nc-8100\/\" \/>\n<meta property=\"og:site_name\" content=\"Invertas\" \/>\n<meta property=\"article:modified_time\" content=\"2025-08-03T13:01:30+00:00\" \/>\n<meta property=\"og:image\" content=\"https:\/\/invertas.lt\/wp-content\/uploads\/2025\/06\/nc8100-nivocapa-capacitive-sensor-rod-side_1.jpg\" \/>\n\t<meta property=\"og:image:width\" content=\"1000\" \/>\n\t<meta property=\"og:image:height\" content=\"1000\" \/>\n\t<meta property=\"og:image:type\" content=\"image\/jpeg\" \/>\n<meta name=\"twitter:card\" content=\"summary_large_image\" \/>\n<meta name=\"twitter:label1\" content=\"Estimated reading time\" \/>\n\t<meta name=\"twitter:data1\" content=\"1 minute\" \/>\n<script type=\"application\/ld+json\" class=\"yoast-schema-graph\">{\"@context\":\"https:\/\/schema.org\",\"@graph\":[{\"@type\":\"WebPage\",\"@id\":\"https:\/\/invertas.lt\/produktai\/lygio-matuokliai\/talpinis-jutiklis-nivocapa-nc-8100\/\",\"url\":\"https:\/\/invertas.lt\/produktai\/lygio-matuokliai\/talpinis-jutiklis-nivocapa-nc-8100\/\",\"name\":\"Talpinis jutiklis NivoCapa\u00ae - NC 8100 - Invertas\",\"isPartOf\":{\"@id\":\"https:\/\/invertas.lt\/#website\"},\"primaryImageOfPage\":{\"@id\":\"https:\/\/invertas.lt\/produktai\/lygio-matuokliai\/talpinis-jutiklis-nivocapa-nc-8100\/#primaryimage\"},\"image\":{\"@id\":\"https:\/\/invertas.lt\/produktai\/lygio-matuokliai\/talpinis-jutiklis-nivocapa-nc-8100\/#primaryimage\"},\"thumbnailUrl\":\"https:\/\/invertas.lt\/wp-content\/uploads\/2025\/06\/nc8100-nivocapa-capacitive-sensor-rod-side_1.jpg\",\"datePublished\":\"2025-06-21T18:48:52+00:00\",\"dateModified\":\"2025-08-03T13:01:30+00:00\",\"description\":\"NivoCapa\u00ae 8100 \u2013 paprastas ir ekonomi\u0161kas talpinis lygio jutiklis skys\u010di\u0173 ir alyv\u0173 lygiui matuoti. Tinka didel\u0117ms ir ma\u017eoms talpoms.\",\"breadcrumb\":{\"@id\":\"https:\/\/invertas.lt\/produktai\/lygio-matuokliai\/talpinis-jutiklis-nivocapa-nc-8100\/#breadcrumb\"},\"inLanguage\":\"en-GB\",\"potentialAction\":[{\"@type\":\"ReadAction\",\"target\":[\"https:\/\/invertas.lt\/produktai\/lygio-matuokliai\/talpinis-jutiklis-nivocapa-nc-8100\/\"]}]},{\"@type\":\"ImageObject\",\"inLanguage\":\"en-GB\",\"@id\":\"https:\/\/invertas.lt\/produktai\/lygio-matuokliai\/talpinis-jutiklis-nivocapa-nc-8100\/#primaryimage\",\"url\":\"https:\/\/invertas.lt\/wp-content\/uploads\/2025\/06\/nc8100-nivocapa-capacitive-sensor-rod-side_1.jpg\",\"contentUrl\":\"https:\/\/invertas.lt\/wp-content\/uploads\/2025\/06\/nc8100-nivocapa-capacitive-sensor-rod-side_1.jpg\",\"width\":1000,\"height\":1000},{\"@type\":\"BreadcrumbList\",\"@id\":\"https:\/\/invertas.lt\/produktai\/lygio-matuokliai\/talpinis-jutiklis-nivocapa-nc-8100\/#breadcrumb\",\"itemListElement\":[{\"@type\":\"ListItem\",\"position\":1,\"name\":\"Prad\u017eia\",\"item\":\"https:\/\/invertas.lt\/\"},{\"@type\":\"ListItem\",\"position\":2,\"name\":\"Products\",\"item\":\"https:\/\/invertas.lt\/shop\/\"},{\"@type\":\"ListItem\",\"position\":3,\"name\":\"Lygio matuokliai\",\"item\":\"https:\/\/invertas.lt\/.\/lygio-matuokliai\/\"},{\"@type\":\"ListItem\",\"position\":4,\"name\":\"Talpinis jutiklis NivoCapa\u00ae &#8211; NC 8100\"}]},{\"@type\":\"WebSite\",\"@id\":\"https:\/\/invertas.lt\/#website\",\"url\":\"https:\/\/invertas.lt\/\",\"name\":\"Invertas\",\"description\":\"\",\"publisher\":{\"@id\":\"https:\/\/invertas.lt\/#organization\"},\"potentialAction\":[{\"@type\":\"SearchAction\",\"target\":{\"@type\":\"EntryPoint\",\"urlTemplate\":\"https:\/\/invertas.lt\/?s={search_term_string}\"},\"query-input\":{\"@type\":\"PropertyValueSpecification\",\"valueRequired\":true,\"valueName\":\"search_term_string\"}}],\"inLanguage\":\"en-GB\"},{\"@type\":\"Organization\",\"@id\":\"https:\/\/invertas.lt\/#organization\",\"name\":\"Invertas\",\"url\":\"https:\/\/invertas.lt\/\",\"logo\":{\"@type\":\"ImageObject\",\"inLanguage\":\"en-GB\",\"@id\":\"https:\/\/invertas.lt\/#\/schema\/logo\/image\/\",\"url\":\"https:\/\/invertas.lt\/wp-content\/uploads\/2025\/03\/New-Text-Document-2.svg\",\"contentUrl\":\"https:\/\/invertas.lt\/wp-content\/uploads\/2025\/03\/New-Text-Document-2.svg\",\"width\":140,\"height\":39,\"caption\":\"Invertas\"},\"image\":{\"@id\":\"https:\/\/invertas.lt\/#\/schema\/logo\/image\/\"}}]}<\/script>\n<!-- \/ Yoast SEO plugin. -->","yoast_head_json":{"title":"Talpinis jutiklis NivoCapa\u00ae - NC 8100 - Invertas","description":"NivoCapa\u00ae 8100 \u2013 paprastas ir ekonomi\u0161kas talpinis lygio jutiklis skys\u010di\u0173 ir alyv\u0173 lygiui matuoti. Tinka didel\u0117ms ir ma\u017eoms talpoms.","robots":{"index":"index","follow":"follow","max-snippet":"max-snippet:-1","max-image-preview":"max-image-preview:large","max-video-preview":"max-video-preview:-1"},"canonical":"https:\/\/invertas.lt\/en\/produktai\/lygio-matuokliai\/talpinis-jutiklis-nivocapa-nc-8100\/","og_locale":"en_GB","og_type":"article","og_title":"Talpinis jutiklis NivoCapa\u00ae - NC 8100 - Invertas","og_description":"NivoCapa\u00ae 8100 \u2013 paprastas ir ekonomi\u0161kas talpinis lygio jutiklis skys\u010di\u0173 ir alyv\u0173 lygiui matuoti. Tinka didel\u0117ms ir ma\u017eoms talpoms.","og_url":"https:\/\/invertas.lt\/en\/produktai\/lygio-matuokliai\/talpinis-jutiklis-nivocapa-nc-8100\/","og_site_name":"Invertas","article_modified_time":"2025-08-03T13:01:30+00:00","og_image":[{"width":1000,"height":1000,"url":"https:\/\/invertas.lt\/wp-content\/uploads\/2025\/06\/nc8100-nivocapa-capacitive-sensor-rod-side_1.jpg","type":"image\/jpeg"}],"twitter_card":"summary_large_image","twitter_misc":{"Estimated reading time":"1 minute"},"schema":{"@context":"https:\/\/schema.org","@graph":[{"@type":"WebPage","@id":"https:\/\/invertas.lt\/produktai\/lygio-matuokliai\/talpinis-jutiklis-nivocapa-nc-8100\/","url":"https:\/\/invertas.lt\/produktai\/lygio-matuokliai\/talpinis-jutiklis-nivocapa-nc-8100\/","name":"Talpinis jutiklis NivoCapa\u00ae - NC 8100 - Invertas","isPartOf":{"@id":"https:\/\/invertas.lt\/#website"},"primaryImageOfPage":{"@id":"https:\/\/invertas.lt\/produktai\/lygio-matuokliai\/talpinis-jutiklis-nivocapa-nc-8100\/#primaryimage"},"image":{"@id":"https:\/\/invertas.lt\/produktai\/lygio-matuokliai\/talpinis-jutiklis-nivocapa-nc-8100\/#primaryimage"},"thumbnailUrl":"https:\/\/invertas.lt\/wp-content\/uploads\/2025\/06\/nc8100-nivocapa-capacitive-sensor-rod-side_1.jpg","datePublished":"2025-06-21T18:48:52+00:00","dateModified":"2025-08-03T13:01:30+00:00","description":"NivoCapa\u00ae 8100 \u2013 paprastas ir ekonomi\u0161kas talpinis lygio jutiklis skys\u010di\u0173 ir alyv\u0173 lygiui matuoti. Tinka didel\u0117ms ir ma\u017eoms talpoms.","breadcrumb":{"@id":"https:\/\/invertas.lt\/produktai\/lygio-matuokliai\/talpinis-jutiklis-nivocapa-nc-8100\/#breadcrumb"},"inLanguage":"en-GB","potentialAction":[{"@type":"ReadAction","target":["https:\/\/invertas.lt\/produktai\/lygio-matuokliai\/talpinis-jutiklis-nivocapa-nc-8100\/"]}]},{"@type":"ImageObject","inLanguage":"en-GB","@id":"https:\/\/invertas.lt\/produktai\/lygio-matuokliai\/talpinis-jutiklis-nivocapa-nc-8100\/#primaryimage","url":"https:\/\/invertas.lt\/wp-content\/uploads\/2025\/06\/nc8100-nivocapa-capacitive-sensor-rod-side_1.jpg","contentUrl":"https:\/\/invertas.lt\/wp-content\/uploads\/2025\/06\/nc8100-nivocapa-capacitive-sensor-rod-side_1.jpg","width":1000,"height":1000},{"@type":"BreadcrumbList","@id":"https:\/\/invertas.lt\/produktai\/lygio-matuokliai\/talpinis-jutiklis-nivocapa-nc-8100\/#breadcrumb","itemListElement":[{"@type":"ListItem","position":1,"name":"Prad\u017eia","item":"https:\/\/invertas.lt\/"},{"@type":"ListItem","position":2,"name":"Products","item":"https:\/\/invertas.lt\/shop\/"},{"@type":"ListItem","position":3,"name":"Lygio matuokliai","item":"https:\/\/invertas.lt\/.\/lygio-matuokliai\/"},{"@type":"ListItem","position":4,"name":"Talpinis jutiklis NivoCapa\u00ae &#8211; NC 8100"}]},{"@type":"WebSite","@id":"https:\/\/invertas.lt\/#website","url":"https:\/\/invertas.lt\/","name":"Invert","description":"","publisher":{"@id":"https:\/\/invertas.lt\/#organization"},"potentialAction":[{"@type":"SearchAction","target":{"@type":"EntryPoint","urlTemplate":"https:\/\/invertas.lt\/?s={search_term_string}"},"query-input":{"@type":"PropertyValueSpecification","valueRequired":true,"valueName":"search_term_string"}}],"inLanguage":"en-GB"},{"@type":"Organization","@id":"https:\/\/invertas.lt\/#organization","name":"Invert","url":"https:\/\/invertas.lt\/","logo":{"@type":"ImageObject","inLanguage":"en-GB","@id":"https:\/\/invertas.lt\/#\/schema\/logo\/image\/","url":"https:\/\/invertas.lt\/wp-content\/uploads\/2025\/03\/New-Text-Document-2.svg","contentUrl":"https:\/\/invertas.lt\/wp-content\/uploads\/2025\/03\/New-Text-Document-2.svg","width":140,"height":39,"caption":"Invertas"},"image":{"@id":"https:\/\/invertas.lt\/#\/schema\/logo\/image\/"}}]}},"_links":{"self":[{"href":"https:\/\/invertas.lt\/en\/wp-json\/wp\/v2\/product\/7409","targetHints":{"allow":["GET"]}}],"collection":[{"href":"https:\/\/invertas.lt\/en\/wp-json\/wp\/v2\/product"}],"about":[{"href":"https:\/\/invertas.lt\/en\/wp-json\/wp\/v2\/types\/product"}],"replies":[{"embeddable":true,"href":"https:\/\/invertas.lt\/en\/wp-json\/wp\/v2\/comments?post=7409"}],"wp:featuredmedia":[{"embeddable":true,"href":"https:\/\/invertas.lt\/en\/wp-json\/wp\/v2\/media\/7410"}],"wp:attachment":[{"href":"https:\/\/invertas.lt\/en\/wp-json\/wp\/v2\/media?parent=7409"}],"wp:term":[{"taxonomy":"product_brand","embeddable":true,"href":"https:\/\/invertas.lt\/en\/wp-json\/wp\/v2\/product_brand?post=7409"},{"taxonomy":"product_cat","embeddable":true,"href":"https:\/\/invertas.lt\/en\/wp-json\/wp\/v2\/product_cat?post=7409"},{"taxonomy":"product_tag","embeddable":true,"href":"https:\/\/invertas.lt\/en\/wp-json\/wp\/v2\/product_tag?post=7409"}],"curies":[{"name":"wp","href":"https:\/\/api.w.org\/{rel}","templated":true}]}}