{"id":7405,"date":"2025-06-21T18:02:28","date_gmt":"2025-06-21T18:02:28","guid":{"rendered":"https:\/\/aurimasb15.sg-host.com\/?post_type=product&#038;p=7405"},"modified":"2025-08-07T15:46:00","modified_gmt":"2025-08-07T15:46:00","slug":"elektromechanine-lotu-sistema-nivobob-nb-4200","status":"publish","type":"product","link":"https:\/\/invertas.lt\/en\/produktai\/lygio-matuokliai\/elektromechanine-lotu-sistema-nivobob-nb-4200\/","title":{"rendered":"UWT electromechanical batching system NivoBob\u00ae \u2013 NB 4200"},"content":{"rendered":"<p data-start=\"0\" data-end=\"18\"><strong data-start=\"0\" data-end=\"18\">Fields of application<\/strong><\/p>\n<p data-start=\"20\" data-end=\"208\">The NivoBob\u00ae NB 4200 is designed for continuous level measurement of bulk materials in storage silos. It performs well in dusty, sticky and low dielectric constant bulk material environments.<\/p>\n<p data-start=\"210\" data-end=\"221\"><strong data-start=\"210\" data-end=\"221\">Features<\/strong><\/p>\n<ul>\n<li data-start=\"225\" data-end=\"268\">Reliable and simple measurement up to 30 m<\/li>\n<li data-start=\"271\" data-end=\"336\">Integrated belt cleaner for dusty and sticky materials<\/li>\n<li data-start=\"339\" data-end=\"392\">Economical solution for bulk material level measurement<\/li>\n<\/ul>","protected":false},"excerpt":{"rendered":"<p>Taikymo sritys NivoBob\u00ae NB 4200 skirtas nepertraukiamam biri\u0173 med\u017eiag\u0173 lygiui matuoti sand\u0117liavimo silosuose. Puikiai veikia dulk\u0117tose, lipniose ir ma\u017eos dielektrin\u0117s konstantos biri\u0173 med\u017eiag\u0173 aplinkose. Savyb\u0117s Patikimas ir paprastas matavimas iki 30 m Integruotas dir\u017eelio valytuvas dulk\u0117toms ir lipnioms med\u017eiagoms Ekonomi\u0161kas sprendimas biri\u0173 med\u017eiag\u0173 lygio matavimui<\/p>","protected":false},"featured_media":7406,"comment_status":"open","ping_status":"closed","template":"","meta":{"_acf_changed":false,"inline_featured_image":false},"product_brand":[],"product_cat":[411],"product_tag":[],"class_list":{"0":"post-7405","1":"product","2":"type-product","3":"status-publish","4":"has-post-thumbnail","6":"product_cat-lygio-matuokliai","8":"first","9":"instock","10":"shipping-taxable","11":"purchasable","12":"product-type-simple"},"acf":[],"yoast_head":"<!-- This site is optimized with the Yoast SEO plugin v25.5 - https:\/\/yoast.com\/wordpress\/plugins\/seo\/ -->\n<title>UWT elektromechanin\u0117 lot\u0173 sistema NivoBob\u00ae - NB 4200 - Invertas<\/title>\n<meta name=\"description\" content=\"NivoBob\u00ae NB 4200 skirtas nepertraukiamam biri\u0173 med\u017eiag\u0173 lygiui matuoti sand\u0117liavimo silosuose. Puikiai veikia dulk\u0117tose, lipniose biri\u0173 med\u017eiag\u0173 aplinkose.\" \/>\n<meta name=\"robots\" content=\"index, follow, max-snippet:-1, max-image-preview:large, max-video-preview:-1\" \/>\n<link rel=\"canonical\" href=\"https:\/\/invertas.lt\/en\/produktai\/lygio-matuokliai\/elektromechanine-lotu-sistema-nivobob-nb-4200\/\" \/>\n<meta property=\"og:locale\" content=\"en_GB\" \/>\n<meta property=\"og:type\" content=\"article\" \/>\n<meta property=\"og:title\" content=\"UWT elektromechanin\u0117 lot\u0173 sistema NivoBob\u00ae - NB 4200 - Invertas\" \/>\n<meta property=\"og:description\" content=\"NivoBob\u00ae NB 4200 skirtas nepertraukiamam biri\u0173 med\u017eiag\u0173 lygiui matuoti sand\u0117liavimo silosuose. Puikiai veikia dulk\u0117tose, lipniose biri\u0173 med\u017eiag\u0173 aplinkose.\" \/>\n<meta property=\"og:url\" content=\"https:\/\/invertas.lt\/en\/produktai\/lygio-matuokliai\/elektromechanine-lotu-sistema-nivobob-nb-4200\/\" \/>\n<meta property=\"og:site_name\" content=\"Invertas\" \/>\n<meta property=\"article:modified_time\" content=\"2025-08-07T15:46:00+00:00\" \/>\n<meta property=\"og:image\" content=\"https:\/\/invertas.lt\/wp-content\/uploads\/2025\/06\/nb-4200.jpg\" \/>\n\t<meta property=\"og:image:width\" content=\"1000\" \/>\n\t<meta property=\"og:image:height\" content=\"1000\" \/>\n\t<meta property=\"og:image:type\" content=\"image\/jpeg\" \/>\n<meta name=\"twitter:card\" content=\"summary_large_image\" \/>\n<meta name=\"twitter:label1\" content=\"Estimated reading time\" \/>\n\t<meta name=\"twitter:data1\" content=\"1 minute\" \/>\n<script type=\"application\/ld+json\" class=\"yoast-schema-graph\">{\"@context\":\"https:\/\/schema.org\",\"@graph\":[{\"@type\":\"WebPage\",\"@id\":\"https:\/\/invertas.lt\/produktai\/lygio-matuokliai\/elektromechanine-lotu-sistema-nivobob-nb-4200\/\",\"url\":\"https:\/\/invertas.lt\/produktai\/lygio-matuokliai\/elektromechanine-lotu-sistema-nivobob-nb-4200\/\",\"name\":\"UWT elektromechanin\u0117 lot\u0173 sistema NivoBob\u00ae - NB 4200 - Invertas\",\"isPartOf\":{\"@id\":\"https:\/\/invertas.lt\/#website\"},\"primaryImageOfPage\":{\"@id\":\"https:\/\/invertas.lt\/produktai\/lygio-matuokliai\/elektromechanine-lotu-sistema-nivobob-nb-4200\/#primaryimage\"},\"image\":{\"@id\":\"https:\/\/invertas.lt\/produktai\/lygio-matuokliai\/elektromechanine-lotu-sistema-nivobob-nb-4200\/#primaryimage\"},\"thumbnailUrl\":\"https:\/\/invertas.lt\/wp-content\/uploads\/2025\/06\/nb-4200.jpg\",\"datePublished\":\"2025-06-21T18:02:28+00:00\",\"dateModified\":\"2025-08-07T15:46:00+00:00\",\"description\":\"NivoBob\u00ae NB 4200 skirtas nepertraukiamam biri\u0173 med\u017eiag\u0173 lygiui matuoti sand\u0117liavimo silosuose. Puikiai veikia dulk\u0117tose, lipniose biri\u0173 med\u017eiag\u0173 aplinkose.\",\"breadcrumb\":{\"@id\":\"https:\/\/invertas.lt\/produktai\/lygio-matuokliai\/elektromechanine-lotu-sistema-nivobob-nb-4200\/#breadcrumb\"},\"inLanguage\":\"en-GB\",\"potentialAction\":[{\"@type\":\"ReadAction\",\"target\":[\"https:\/\/invertas.lt\/produktai\/lygio-matuokliai\/elektromechanine-lotu-sistema-nivobob-nb-4200\/\"]}]},{\"@type\":\"ImageObject\",\"inLanguage\":\"en-GB\",\"@id\":\"https:\/\/invertas.lt\/produktai\/lygio-matuokliai\/elektromechanine-lotu-sistema-nivobob-nb-4200\/#primaryimage\",\"url\":\"https:\/\/invertas.lt\/wp-content\/uploads\/2025\/06\/nb-4200.jpg\",\"contentUrl\":\"https:\/\/invertas.lt\/wp-content\/uploads\/2025\/06\/nb-4200.jpg\",\"width\":1000,\"height\":1000},{\"@type\":\"BreadcrumbList\",\"@id\":\"https:\/\/invertas.lt\/produktai\/lygio-matuokliai\/elektromechanine-lotu-sistema-nivobob-nb-4200\/#breadcrumb\",\"itemListElement\":[{\"@type\":\"ListItem\",\"position\":1,\"name\":\"Prad\u017eia\",\"item\":\"https:\/\/invertas.lt\/\"},{\"@type\":\"ListItem\",\"position\":2,\"name\":\"Products\",\"item\":\"https:\/\/invertas.lt\/shop\/\"},{\"@type\":\"ListItem\",\"position\":3,\"name\":\"Lygio matuokliai\",\"item\":\"https:\/\/invertas.lt\/.\/lygio-matuokliai\/\"},{\"@type\":\"ListItem\",\"position\":4,\"name\":\"UWT elektromechanin\u0117 lot\u0173 sistema NivoBob\u00ae &#8211; NB 4200\"}]},{\"@type\":\"WebSite\",\"@id\":\"https:\/\/invertas.lt\/#website\",\"url\":\"https:\/\/invertas.lt\/\",\"name\":\"Invertas\",\"description\":\"\",\"publisher\":{\"@id\":\"https:\/\/invertas.lt\/#organization\"},\"potentialAction\":[{\"@type\":\"SearchAction\",\"target\":{\"@type\":\"EntryPoint\",\"urlTemplate\":\"https:\/\/invertas.lt\/?s={search_term_string}\"},\"query-input\":{\"@type\":\"PropertyValueSpecification\",\"valueRequired\":true,\"valueName\":\"search_term_string\"}}],\"inLanguage\":\"en-GB\"},{\"@type\":\"Organization\",\"@id\":\"https:\/\/invertas.lt\/#organization\",\"name\":\"Invertas\",\"url\":\"https:\/\/invertas.lt\/\",\"logo\":{\"@type\":\"ImageObject\",\"inLanguage\":\"en-GB\",\"@id\":\"https:\/\/invertas.lt\/#\/schema\/logo\/image\/\",\"url\":\"https:\/\/invertas.lt\/wp-content\/uploads\/2025\/03\/New-Text-Document-2.svg\",\"contentUrl\":\"https:\/\/invertas.lt\/wp-content\/uploads\/2025\/03\/New-Text-Document-2.svg\",\"width\":140,\"height\":39,\"caption\":\"Invertas\"},\"image\":{\"@id\":\"https:\/\/invertas.lt\/#\/schema\/logo\/image\/\"}}]}<\/script>\n<!-- \/ Yoast SEO plugin. -->","yoast_head_json":{"title":"UWT elektromechanin\u0117 lot\u0173 sistema NivoBob\u00ae - NB 4200 - Invertas","description":"NivoBob\u00ae NB 4200 skirtas nepertraukiamam biri\u0173 med\u017eiag\u0173 lygiui matuoti sand\u0117liavimo silosuose. Puikiai veikia dulk\u0117tose, lipniose biri\u0173 med\u017eiag\u0173 aplinkose.","robots":{"index":"index","follow":"follow","max-snippet":"max-snippet:-1","max-image-preview":"max-image-preview:large","max-video-preview":"max-video-preview:-1"},"canonical":"https:\/\/invertas.lt\/en\/produktai\/lygio-matuokliai\/elektromechanine-lotu-sistema-nivobob-nb-4200\/","og_locale":"en_GB","og_type":"article","og_title":"UWT elektromechanin\u0117 lot\u0173 sistema NivoBob\u00ae - NB 4200 - Invertas","og_description":"NivoBob\u00ae NB 4200 skirtas nepertraukiamam biri\u0173 med\u017eiag\u0173 lygiui matuoti sand\u0117liavimo silosuose. Puikiai veikia dulk\u0117tose, lipniose biri\u0173 med\u017eiag\u0173 aplinkose.","og_url":"https:\/\/invertas.lt\/en\/produktai\/lygio-matuokliai\/elektromechanine-lotu-sistema-nivobob-nb-4200\/","og_site_name":"Invertas","article_modified_time":"2025-08-07T15:46:00+00:00","og_image":[{"width":1000,"height":1000,"url":"https:\/\/invertas.lt\/wp-content\/uploads\/2025\/06\/nb-4200.jpg","type":"image\/jpeg"}],"twitter_card":"summary_large_image","twitter_misc":{"Estimated reading time":"1 minute"},"schema":{"@context":"https:\/\/schema.org","@graph":[{"@type":"WebPage","@id":"https:\/\/invertas.lt\/produktai\/lygio-matuokliai\/elektromechanine-lotu-sistema-nivobob-nb-4200\/","url":"https:\/\/invertas.lt\/produktai\/lygio-matuokliai\/elektromechanine-lotu-sistema-nivobob-nb-4200\/","name":"UWT elektromechanin\u0117 lot\u0173 sistema NivoBob\u00ae - NB 4200 - Invertas","isPartOf":{"@id":"https:\/\/invertas.lt\/#website"},"primaryImageOfPage":{"@id":"https:\/\/invertas.lt\/produktai\/lygio-matuokliai\/elektromechanine-lotu-sistema-nivobob-nb-4200\/#primaryimage"},"image":{"@id":"https:\/\/invertas.lt\/produktai\/lygio-matuokliai\/elektromechanine-lotu-sistema-nivobob-nb-4200\/#primaryimage"},"thumbnailUrl":"https:\/\/invertas.lt\/wp-content\/uploads\/2025\/06\/nb-4200.jpg","datePublished":"2025-06-21T18:02:28+00:00","dateModified":"2025-08-07T15:46:00+00:00","description":"NivoBob\u00ae NB 4200 skirtas nepertraukiamam biri\u0173 med\u017eiag\u0173 lygiui matuoti sand\u0117liavimo silosuose. Puikiai veikia dulk\u0117tose, lipniose biri\u0173 med\u017eiag\u0173 aplinkose.","breadcrumb":{"@id":"https:\/\/invertas.lt\/produktai\/lygio-matuokliai\/elektromechanine-lotu-sistema-nivobob-nb-4200\/#breadcrumb"},"inLanguage":"en-GB","potentialAction":[{"@type":"ReadAction","target":["https:\/\/invertas.lt\/produktai\/lygio-matuokliai\/elektromechanine-lotu-sistema-nivobob-nb-4200\/"]}]},{"@type":"ImageObject","inLanguage":"en-GB","@id":"https:\/\/invertas.lt\/produktai\/lygio-matuokliai\/elektromechanine-lotu-sistema-nivobob-nb-4200\/#primaryimage","url":"https:\/\/invertas.lt\/wp-content\/uploads\/2025\/06\/nb-4200.jpg","contentUrl":"https:\/\/invertas.lt\/wp-content\/uploads\/2025\/06\/nb-4200.jpg","width":1000,"height":1000},{"@type":"BreadcrumbList","@id":"https:\/\/invertas.lt\/produktai\/lygio-matuokliai\/elektromechanine-lotu-sistema-nivobob-nb-4200\/#breadcrumb","itemListElement":[{"@type":"ListItem","position":1,"name":"Prad\u017eia","item":"https:\/\/invertas.lt\/"},{"@type":"ListItem","position":2,"name":"Products","item":"https:\/\/invertas.lt\/shop\/"},{"@type":"ListItem","position":3,"name":"Lygio matuokliai","item":"https:\/\/invertas.lt\/.\/lygio-matuokliai\/"},{"@type":"ListItem","position":4,"name":"UWT elektromechanin\u0117 lot\u0173 sistema NivoBob\u00ae &#8211; NB 4200"}]},{"@type":"WebSite","@id":"https:\/\/invertas.lt\/#website","url":"https:\/\/invertas.lt\/","name":"Invert","description":"","publisher":{"@id":"https:\/\/invertas.lt\/#organization"},"potentialAction":[{"@type":"SearchAction","target":{"@type":"EntryPoint","urlTemplate":"https:\/\/invertas.lt\/?s={search_term_string}"},"query-input":{"@type":"PropertyValueSpecification","valueRequired":true,"valueName":"search_term_string"}}],"inLanguage":"en-GB"},{"@type":"Organization","@id":"https:\/\/invertas.lt\/#organization","name":"Invert","url":"https:\/\/invertas.lt\/","logo":{"@type":"ImageObject","inLanguage":"en-GB","@id":"https:\/\/invertas.lt\/#\/schema\/logo\/image\/","url":"https:\/\/invertas.lt\/wp-content\/uploads\/2025\/03\/New-Text-Document-2.svg","contentUrl":"https:\/\/invertas.lt\/wp-content\/uploads\/2025\/03\/New-Text-Document-2.svg","width":140,"height":39,"caption":"Invertas"},"image":{"@id":"https:\/\/invertas.lt\/#\/schema\/logo\/image\/"}}]}},"_links":{"self":[{"href":"https:\/\/invertas.lt\/en\/wp-json\/wp\/v2\/product\/7405","targetHints":{"allow":["GET"]}}],"collection":[{"href":"https:\/\/invertas.lt\/en\/wp-json\/wp\/v2\/product"}],"about":[{"href":"https:\/\/invertas.lt\/en\/wp-json\/wp\/v2\/types\/product"}],"replies":[{"embeddable":true,"href":"https:\/\/invertas.lt\/en\/wp-json\/wp\/v2\/comments?post=7405"}],"wp:featuredmedia":[{"embeddable":true,"href":"https:\/\/invertas.lt\/en\/wp-json\/wp\/v2\/media\/7406"}],"wp:attachment":[{"href":"https:\/\/invertas.lt\/en\/wp-json\/wp\/v2\/media?parent=7405"}],"wp:term":[{"taxonomy":"product_brand","embeddable":true,"href":"https:\/\/invertas.lt\/en\/wp-json\/wp\/v2\/product_brand?post=7405"},{"taxonomy":"product_cat","embeddable":true,"href":"https:\/\/invertas.lt\/en\/wp-json\/wp\/v2\/product_cat?post=7405"},{"taxonomy":"product_tag","embeddable":true,"href":"https:\/\/invertas.lt\/en\/wp-json\/wp\/v2\/product_tag?post=7405"}],"curies":[{"name":"wp","href":"https:\/\/api.w.org\/{rel}","templated":true}]}}