{"id":7394,"date":"2025-06-21T17:44:03","date_gmt":"2025-06-21T17:44:03","guid":{"rendered":"https:\/\/aurimasb15.sg-host.com\/?post_type=product&#038;p=7394"},"modified":"2025-08-07T15:45:14","modified_gmt":"2025-08-07T15:45:14","slug":"elektromechanine-lotu-sistema-nivobob-nb-3400","status":"publish","type":"product","link":"https:\/\/invertas.lt\/en\/produktai\/lygio-matuokliai\/elektromechanine-lotu-sistema-nivobob-nb-3400\/","title":{"rendered":"UWT electromechanical batching system NivoBob\u00ae \u2013 NB 3400"},"content":{"rendered":"<p data-start=\"0\" data-end=\"18\"><strong data-start=\"0\" data-end=\"18\">Fields of application<\/strong><\/p>\n<p data-start=\"20\" data-end=\"316\">The electromechanical floating probe sensor NivoBob\u00ae NB 3400 is designed for continuous level measurement of layer separation in tanks and settling basins. It is suitable for applications with solids in the liquid, does not require calibration, and is therefore practically reliable and easy to use.<\/p>\n<p data-start=\"318\" data-end=\"329\"><strong data-start=\"318\" data-end=\"329\">Features<\/strong><\/p>\n<ul>\n<li data-start=\"333\" data-end=\"414\">Durable, simple and reliable measuring principle up to 50m measuring range<\/li>\n<li data-start=\"417\" data-end=\"482\">Integrated belt cleaner to ensure smooth operation<\/li>\n<li data-start=\"485\" data-end=\"564\">Brushless motor for many measuring cycles in short intervals<\/li>\n<\/ul>","protected":false},"excerpt":{"rendered":"<p>Taikymo sritys Elektromechaninis pl\u016bduriuojan\u010dio zondo jutiklis NivoBob\u00ae NB 3400 skirtas nepertraukiamam sluoksni\u0173 atskyrimo lygio matavimui rezervuaruose ir nusodinimo baseinuose. Tinka taikymams su kietosiomis dalel\u0117mis skystyje, nereikalauja kalibravimo, tod\u0117l prakti\u0161kai yra patikimas ir lengvai naudojamas. Savyb\u0117s Patvarus, paprastas ir patikimas matavimo principas iki 50 m matavimo diapazone Integruotas dir\u017eelio valytuvas, kuris u\u017etikrina skland\u0173 veikim\u0105 Be\u0161epet\u0117linis variklis [&hellip;]<\/p>","protected":false},"featured_media":7395,"comment_status":"open","ping_status":"closed","template":"","meta":{"_acf_changed":false,"inline_featured_image":false},"product_brand":[],"product_cat":[411],"product_tag":[],"class_list":{"0":"post-7394","1":"product","2":"type-product","3":"status-publish","4":"has-post-thumbnail","6":"product_cat-lygio-matuokliai","8":"first","9":"instock","10":"shipping-taxable","11":"purchasable","12":"product-type-simple"},"acf":[],"yoast_head":"<!-- This site is optimized with the Yoast SEO plugin v25.5 - https:\/\/yoast.com\/wordpress\/plugins\/seo\/ -->\n<title>UWT elektromechanin\u0117 lot\u0173 sistema NivoBob\u00ae - NB 3400 - Invertas<\/title>\n<meta name=\"description\" content=\"Elektromechaninis pl\u016bduriuojan\u010dio zondo jutiklis NivoBob\u00ae NB 3400 skirtas nepertraukiamam sluoksni\u0173 atskyrimo lygio matavimui rezervuaruose.\" \/>\n<meta name=\"robots\" content=\"index, follow, max-snippet:-1, max-image-preview:large, max-video-preview:-1\" \/>\n<link rel=\"canonical\" href=\"https:\/\/invertas.lt\/en\/produktai\/lygio-matuokliai\/elektromechanine-lotu-sistema-nivobob-nb-3400\/\" \/>\n<meta property=\"og:locale\" content=\"en_GB\" \/>\n<meta property=\"og:type\" content=\"article\" \/>\n<meta property=\"og:title\" content=\"UWT elektromechanin\u0117 lot\u0173 sistema NivoBob\u00ae - NB 3400 - Invertas\" \/>\n<meta property=\"og:description\" content=\"Elektromechaninis pl\u016bduriuojan\u010dio zondo jutiklis NivoBob\u00ae NB 3400 skirtas nepertraukiamam sluoksni\u0173 atskyrimo lygio matavimui rezervuaruose.\" \/>\n<meta property=\"og:url\" content=\"https:\/\/invertas.lt\/en\/produktai\/lygio-matuokliai\/elektromechanine-lotu-sistema-nivobob-nb-3400\/\" \/>\n<meta property=\"og:site_name\" content=\"Invertas\" \/>\n<meta property=\"article:modified_time\" content=\"2025-08-07T15:45:14+00:00\" \/>\n<meta property=\"og:image\" content=\"https:\/\/invertas.lt\/wp-content\/uploads\/2025\/06\/nb-3400.jpg\" \/>\n\t<meta property=\"og:image:width\" content=\"1000\" \/>\n\t<meta property=\"og:image:height\" content=\"1000\" \/>\n\t<meta property=\"og:image:type\" content=\"image\/jpeg\" \/>\n<meta name=\"twitter:card\" content=\"summary_large_image\" \/>\n<meta name=\"twitter:label1\" content=\"Estimated reading time\" \/>\n\t<meta name=\"twitter:data1\" content=\"1 minute\" \/>\n<script type=\"application\/ld+json\" class=\"yoast-schema-graph\">{\"@context\":\"https:\/\/schema.org\",\"@graph\":[{\"@type\":\"WebPage\",\"@id\":\"https:\/\/invertas.lt\/produktai\/lygio-matuokliai\/elektromechanine-lotu-sistema-nivobob-nb-3400\/\",\"url\":\"https:\/\/invertas.lt\/produktai\/lygio-matuokliai\/elektromechanine-lotu-sistema-nivobob-nb-3400\/\",\"name\":\"UWT elektromechanin\u0117 lot\u0173 sistema NivoBob\u00ae - NB 3400 - Invertas\",\"isPartOf\":{\"@id\":\"https:\/\/invertas.lt\/#website\"},\"primaryImageOfPage\":{\"@id\":\"https:\/\/invertas.lt\/produktai\/lygio-matuokliai\/elektromechanine-lotu-sistema-nivobob-nb-3400\/#primaryimage\"},\"image\":{\"@id\":\"https:\/\/invertas.lt\/produktai\/lygio-matuokliai\/elektromechanine-lotu-sistema-nivobob-nb-3400\/#primaryimage\"},\"thumbnailUrl\":\"https:\/\/invertas.lt\/wp-content\/uploads\/2025\/06\/nb-3400.jpg\",\"datePublished\":\"2025-06-21T17:44:03+00:00\",\"dateModified\":\"2025-08-07T15:45:14+00:00\",\"description\":\"Elektromechaninis pl\u016bduriuojan\u010dio zondo jutiklis NivoBob\u00ae NB 3400 skirtas nepertraukiamam sluoksni\u0173 atskyrimo lygio matavimui rezervuaruose.\",\"breadcrumb\":{\"@id\":\"https:\/\/invertas.lt\/produktai\/lygio-matuokliai\/elektromechanine-lotu-sistema-nivobob-nb-3400\/#breadcrumb\"},\"inLanguage\":\"en-GB\",\"potentialAction\":[{\"@type\":\"ReadAction\",\"target\":[\"https:\/\/invertas.lt\/produktai\/lygio-matuokliai\/elektromechanine-lotu-sistema-nivobob-nb-3400\/\"]}]},{\"@type\":\"ImageObject\",\"inLanguage\":\"en-GB\",\"@id\":\"https:\/\/invertas.lt\/produktai\/lygio-matuokliai\/elektromechanine-lotu-sistema-nivobob-nb-3400\/#primaryimage\",\"url\":\"https:\/\/invertas.lt\/wp-content\/uploads\/2025\/06\/nb-3400.jpg\",\"contentUrl\":\"https:\/\/invertas.lt\/wp-content\/uploads\/2025\/06\/nb-3400.jpg\",\"width\":1000,\"height\":1000},{\"@type\":\"BreadcrumbList\",\"@id\":\"https:\/\/invertas.lt\/produktai\/lygio-matuokliai\/elektromechanine-lotu-sistema-nivobob-nb-3400\/#breadcrumb\",\"itemListElement\":[{\"@type\":\"ListItem\",\"position\":1,\"name\":\"Prad\u017eia\",\"item\":\"https:\/\/invertas.lt\/\"},{\"@type\":\"ListItem\",\"position\":2,\"name\":\"Products\",\"item\":\"https:\/\/invertas.lt\/shop\/\"},{\"@type\":\"ListItem\",\"position\":3,\"name\":\"Lygio matuokliai\",\"item\":\"https:\/\/invertas.lt\/.\/lygio-matuokliai\/\"},{\"@type\":\"ListItem\",\"position\":4,\"name\":\"UWT elektromechanin\u0117 lot\u0173 sistema NivoBob\u00ae &#8211; NB 3400\"}]},{\"@type\":\"WebSite\",\"@id\":\"https:\/\/invertas.lt\/#website\",\"url\":\"https:\/\/invertas.lt\/\",\"name\":\"Invertas\",\"description\":\"\",\"publisher\":{\"@id\":\"https:\/\/invertas.lt\/#organization\"},\"potentialAction\":[{\"@type\":\"SearchAction\",\"target\":{\"@type\":\"EntryPoint\",\"urlTemplate\":\"https:\/\/invertas.lt\/?s={search_term_string}\"},\"query-input\":{\"@type\":\"PropertyValueSpecification\",\"valueRequired\":true,\"valueName\":\"search_term_string\"}}],\"inLanguage\":\"en-GB\"},{\"@type\":\"Organization\",\"@id\":\"https:\/\/invertas.lt\/#organization\",\"name\":\"Invertas\",\"url\":\"https:\/\/invertas.lt\/\",\"logo\":{\"@type\":\"ImageObject\",\"inLanguage\":\"en-GB\",\"@id\":\"https:\/\/invertas.lt\/#\/schema\/logo\/image\/\",\"url\":\"https:\/\/invertas.lt\/wp-content\/uploads\/2025\/03\/New-Text-Document-2.svg\",\"contentUrl\":\"https:\/\/invertas.lt\/wp-content\/uploads\/2025\/03\/New-Text-Document-2.svg\",\"width\":140,\"height\":39,\"caption\":\"Invertas\"},\"image\":{\"@id\":\"https:\/\/invertas.lt\/#\/schema\/logo\/image\/\"}}]}<\/script>\n<!-- \/ Yoast SEO plugin. -->","yoast_head_json":{"title":"UWT elektromechanin\u0117 lot\u0173 sistema NivoBob\u00ae - NB 3400 - Invertas","description":"Elektromechaninis pl\u016bduriuojan\u010dio zondo jutiklis NivoBob\u00ae NB 3400 skirtas nepertraukiamam sluoksni\u0173 atskyrimo lygio matavimui rezervuaruose.","robots":{"index":"index","follow":"follow","max-snippet":"max-snippet:-1","max-image-preview":"max-image-preview:large","max-video-preview":"max-video-preview:-1"},"canonical":"https:\/\/invertas.lt\/en\/produktai\/lygio-matuokliai\/elektromechanine-lotu-sistema-nivobob-nb-3400\/","og_locale":"en_GB","og_type":"article","og_title":"UWT elektromechanin\u0117 lot\u0173 sistema NivoBob\u00ae - NB 3400 - Invertas","og_description":"Elektromechaninis pl\u016bduriuojan\u010dio zondo jutiklis NivoBob\u00ae NB 3400 skirtas nepertraukiamam sluoksni\u0173 atskyrimo lygio matavimui rezervuaruose.","og_url":"https:\/\/invertas.lt\/en\/produktai\/lygio-matuokliai\/elektromechanine-lotu-sistema-nivobob-nb-3400\/","og_site_name":"Invertas","article_modified_time":"2025-08-07T15:45:14+00:00","og_image":[{"width":1000,"height":1000,"url":"https:\/\/invertas.lt\/wp-content\/uploads\/2025\/06\/nb-3400.jpg","type":"image\/jpeg"}],"twitter_card":"summary_large_image","twitter_misc":{"Estimated reading time":"1 minute"},"schema":{"@context":"https:\/\/schema.org","@graph":[{"@type":"WebPage","@id":"https:\/\/invertas.lt\/produktai\/lygio-matuokliai\/elektromechanine-lotu-sistema-nivobob-nb-3400\/","url":"https:\/\/invertas.lt\/produktai\/lygio-matuokliai\/elektromechanine-lotu-sistema-nivobob-nb-3400\/","name":"UWT elektromechanin\u0117 lot\u0173 sistema NivoBob\u00ae - NB 3400 - Invertas","isPartOf":{"@id":"https:\/\/invertas.lt\/#website"},"primaryImageOfPage":{"@id":"https:\/\/invertas.lt\/produktai\/lygio-matuokliai\/elektromechanine-lotu-sistema-nivobob-nb-3400\/#primaryimage"},"image":{"@id":"https:\/\/invertas.lt\/produktai\/lygio-matuokliai\/elektromechanine-lotu-sistema-nivobob-nb-3400\/#primaryimage"},"thumbnailUrl":"https:\/\/invertas.lt\/wp-content\/uploads\/2025\/06\/nb-3400.jpg","datePublished":"2025-06-21T17:44:03+00:00","dateModified":"2025-08-07T15:45:14+00:00","description":"Elektromechaninis pl\u016bduriuojan\u010dio zondo jutiklis NivoBob\u00ae NB 3400 skirtas nepertraukiamam sluoksni\u0173 atskyrimo lygio matavimui rezervuaruose.","breadcrumb":{"@id":"https:\/\/invertas.lt\/produktai\/lygio-matuokliai\/elektromechanine-lotu-sistema-nivobob-nb-3400\/#breadcrumb"},"inLanguage":"en-GB","potentialAction":[{"@type":"ReadAction","target":["https:\/\/invertas.lt\/produktai\/lygio-matuokliai\/elektromechanine-lotu-sistema-nivobob-nb-3400\/"]}]},{"@type":"ImageObject","inLanguage":"en-GB","@id":"https:\/\/invertas.lt\/produktai\/lygio-matuokliai\/elektromechanine-lotu-sistema-nivobob-nb-3400\/#primaryimage","url":"https:\/\/invertas.lt\/wp-content\/uploads\/2025\/06\/nb-3400.jpg","contentUrl":"https:\/\/invertas.lt\/wp-content\/uploads\/2025\/06\/nb-3400.jpg","width":1000,"height":1000},{"@type":"BreadcrumbList","@id":"https:\/\/invertas.lt\/produktai\/lygio-matuokliai\/elektromechanine-lotu-sistema-nivobob-nb-3400\/#breadcrumb","itemListElement":[{"@type":"ListItem","position":1,"name":"Prad\u017eia","item":"https:\/\/invertas.lt\/"},{"@type":"ListItem","position":2,"name":"Products","item":"https:\/\/invertas.lt\/shop\/"},{"@type":"ListItem","position":3,"name":"Lygio matuokliai","item":"https:\/\/invertas.lt\/.\/lygio-matuokliai\/"},{"@type":"ListItem","position":4,"name":"UWT elektromechanin\u0117 lot\u0173 sistema NivoBob\u00ae &#8211; NB 3400"}]},{"@type":"WebSite","@id":"https:\/\/invertas.lt\/#website","url":"https:\/\/invertas.lt\/","name":"Invert","description":"","publisher":{"@id":"https:\/\/invertas.lt\/#organization"},"potentialAction":[{"@type":"SearchAction","target":{"@type":"EntryPoint","urlTemplate":"https:\/\/invertas.lt\/?s={search_term_string}"},"query-input":{"@type":"PropertyValueSpecification","valueRequired":true,"valueName":"search_term_string"}}],"inLanguage":"en-GB"},{"@type":"Organization","@id":"https:\/\/invertas.lt\/#organization","name":"Invert","url":"https:\/\/invertas.lt\/","logo":{"@type":"ImageObject","inLanguage":"en-GB","@id":"https:\/\/invertas.lt\/#\/schema\/logo\/image\/","url":"https:\/\/invertas.lt\/wp-content\/uploads\/2025\/03\/New-Text-Document-2.svg","contentUrl":"https:\/\/invertas.lt\/wp-content\/uploads\/2025\/03\/New-Text-Document-2.svg","width":140,"height":39,"caption":"Invertas"},"image":{"@id":"https:\/\/invertas.lt\/#\/schema\/logo\/image\/"}}]}},"_links":{"self":[{"href":"https:\/\/invertas.lt\/en\/wp-json\/wp\/v2\/product\/7394","targetHints":{"allow":["GET"]}}],"collection":[{"href":"https:\/\/invertas.lt\/en\/wp-json\/wp\/v2\/product"}],"about":[{"href":"https:\/\/invertas.lt\/en\/wp-json\/wp\/v2\/types\/product"}],"replies":[{"embeddable":true,"href":"https:\/\/invertas.lt\/en\/wp-json\/wp\/v2\/comments?post=7394"}],"wp:featuredmedia":[{"embeddable":true,"href":"https:\/\/invertas.lt\/en\/wp-json\/wp\/v2\/media\/7395"}],"wp:attachment":[{"href":"https:\/\/invertas.lt\/en\/wp-json\/wp\/v2\/media?parent=7394"}],"wp:term":[{"taxonomy":"product_brand","embeddable":true,"href":"https:\/\/invertas.lt\/en\/wp-json\/wp\/v2\/product_brand?post=7394"},{"taxonomy":"product_cat","embeddable":true,"href":"https:\/\/invertas.lt\/en\/wp-json\/wp\/v2\/product_cat?post=7394"},{"taxonomy":"product_tag","embeddable":true,"href":"https:\/\/invertas.lt\/en\/wp-json\/wp\/v2\/product_tag?post=7394"}],"curies":[{"name":"wp","href":"https:\/\/api.w.org\/{rel}","templated":true}]}}