{"id":7377,"date":"2025-06-21T16:05:52","date_gmt":"2025-06-21T16:05:52","guid":{"rendered":"https:\/\/aurimasb15.sg-host.com\/?post_type=product&#038;p=7377"},"modified":"2025-08-07T15:43:52","modified_gmt":"2025-08-07T15:43:52","slug":"elektromechanine-lotu-sistema-nivobob-nb-3100","status":"publish","type":"product","link":"https:\/\/invertas.lt\/en\/produktai\/lygio-matuokliai\/elektromechanine-lotu-sistema-nivobob-nb-3100\/","title":{"rendered":"UWT electromechanical batching system NivoBob\u00ae \u2013 NB 3100"},"content":{"rendered":"<p data-start=\"0\" data-end=\"18\"><strong data-start=\"0\" data-end=\"18\">Fields of application<\/strong><\/p>\n<p data-start=\"20\" data-end=\"270\">The electromechanical floating probe sensors NivoBob\u00ae NB 3100 are designed for continuous level measurement of bulk materials in storage silos. They are suitable for a wide range of bulk materials, especially granules and materials with a low dielectric constant (DK).<\/p>\n<p data-start=\"272\" data-end=\"283\"><strong data-start=\"272\" data-end=\"283\">Features<\/strong><\/p>\n<ul>\n<li data-start=\"287\" data-end=\"340\">Durable, simple and reliable measuring principle<\/li>\n<li data-start=\"343\" data-end=\"373\">Measurement range up to 30 m<\/li>\n<li data-start=\"376\" data-end=\"419\">Works in almost all bulk granulates<\/li>\n<li data-start=\"422\" data-end=\"461\">Extremely sensitive due to the light weight of the sensor<\/li>\n<\/ul>","protected":false},"excerpt":{"rendered":"<p>Taikymo sritys Elektromechaniniai pl\u016bduriuojan\u010dio zondo jutikliai NivoBob\u00ae NB 3100 skirti nepertraukiamam biri\u0173 med\u017eiag\u0173 lygio matavimui sand\u0117liavimo silosuose. Tinka \u012fvairioms biriosioms med\u017eiagoms, ypa\u010d granuliams ir med\u017eiagoms su ma\u017ea dielektrine konstanta (DK). Savyb\u0117s Patvarus, paprastas ir patikimas matavimo principas Matavimo diapazonas iki 30 m Veikia beveik vis\u0173 tip\u0173 biriose granul\u0117se Itin jautrus d\u0117l lengvo jutiklio svorio<\/p>","protected":false},"featured_media":7378,"comment_status":"open","ping_status":"closed","template":"","meta":{"_acf_changed":false,"inline_featured_image":false},"product_brand":[],"product_cat":[411],"product_tag":[],"class_list":{"0":"post-7377","1":"product","2":"type-product","3":"status-publish","4":"has-post-thumbnail","6":"product_cat-lygio-matuokliai","8":"first","9":"instock","10":"shipping-taxable","11":"purchasable","12":"product-type-simple"},"acf":[],"yoast_head":"<!-- This site is optimized with the Yoast SEO plugin v25.5 - https:\/\/yoast.com\/wordpress\/plugins\/seo\/ -->\n<title>UWT elektromechanin\u0117 lot\u0173 sistema NivoBob\u00ae - NB 3100 - Invertas<\/title>\n<meta name=\"description\" content=\"Elektromechaniniai pl\u016bduriuojan\u010dio zondo jutikliai NivoBob\u00ae NB 3100 skirti nepertraukiamam biri\u0173 med\u017eiag\u0173 lygio matavimui sand\u0117liavimo silosuose.\" \/>\n<meta name=\"robots\" content=\"index, follow, max-snippet:-1, max-image-preview:large, max-video-preview:-1\" \/>\n<link rel=\"canonical\" href=\"https:\/\/invertas.lt\/en\/produktai\/lygio-matuokliai\/elektromechanine-lotu-sistema-nivobob-nb-3100\/\" \/>\n<meta property=\"og:locale\" content=\"en_GB\" \/>\n<meta property=\"og:type\" content=\"article\" \/>\n<meta property=\"og:title\" content=\"UWT elektromechanin\u0117 lot\u0173 sistema NivoBob\u00ae - NB 3100 - Invertas\" \/>\n<meta property=\"og:description\" content=\"Elektromechaniniai pl\u016bduriuojan\u010dio zondo jutikliai NivoBob\u00ae NB 3100 skirti nepertraukiamam biri\u0173 med\u017eiag\u0173 lygio matavimui sand\u0117liavimo silosuose.\" \/>\n<meta property=\"og:url\" content=\"https:\/\/invertas.lt\/en\/produktai\/lygio-matuokliai\/elektromechanine-lotu-sistema-nivobob-nb-3100\/\" \/>\n<meta property=\"og:site_name\" content=\"Invertas\" \/>\n<meta property=\"article:modified_time\" content=\"2025-08-07T15:43:52+00:00\" \/>\n<meta property=\"og:image\" content=\"https:\/\/invertas.lt\/wp-content\/uploads\/2025\/06\/nb-3100_1.jpg\" \/>\n\t<meta property=\"og:image:width\" content=\"1000\" \/>\n\t<meta property=\"og:image:height\" content=\"1000\" \/>\n\t<meta property=\"og:image:type\" content=\"image\/jpeg\" \/>\n<meta name=\"twitter:card\" content=\"summary_large_image\" \/>\n<meta name=\"twitter:label1\" content=\"Estimated reading time\" \/>\n\t<meta name=\"twitter:data1\" content=\"1 minute\" \/>\n<script type=\"application\/ld+json\" class=\"yoast-schema-graph\">{\"@context\":\"https:\/\/schema.org\",\"@graph\":[{\"@type\":\"WebPage\",\"@id\":\"https:\/\/invertas.lt\/produktai\/lygio-matuokliai\/elektromechanine-lotu-sistema-nivobob-nb-3100\/\",\"url\":\"https:\/\/invertas.lt\/produktai\/lygio-matuokliai\/elektromechanine-lotu-sistema-nivobob-nb-3100\/\",\"name\":\"UWT elektromechanin\u0117 lot\u0173 sistema NivoBob\u00ae - NB 3100 - Invertas\",\"isPartOf\":{\"@id\":\"https:\/\/invertas.lt\/#website\"},\"primaryImageOfPage\":{\"@id\":\"https:\/\/invertas.lt\/produktai\/lygio-matuokliai\/elektromechanine-lotu-sistema-nivobob-nb-3100\/#primaryimage\"},\"image\":{\"@id\":\"https:\/\/invertas.lt\/produktai\/lygio-matuokliai\/elektromechanine-lotu-sistema-nivobob-nb-3100\/#primaryimage\"},\"thumbnailUrl\":\"https:\/\/invertas.lt\/wp-content\/uploads\/2025\/06\/nb-3100_1.jpg\",\"datePublished\":\"2025-06-21T16:05:52+00:00\",\"dateModified\":\"2025-08-07T15:43:52+00:00\",\"description\":\"Elektromechaniniai pl\u016bduriuojan\u010dio zondo jutikliai NivoBob\u00ae NB 3100 skirti nepertraukiamam biri\u0173 med\u017eiag\u0173 lygio matavimui sand\u0117liavimo silosuose.\",\"breadcrumb\":{\"@id\":\"https:\/\/invertas.lt\/produktai\/lygio-matuokliai\/elektromechanine-lotu-sistema-nivobob-nb-3100\/#breadcrumb\"},\"inLanguage\":\"en-GB\",\"potentialAction\":[{\"@type\":\"ReadAction\",\"target\":[\"https:\/\/invertas.lt\/produktai\/lygio-matuokliai\/elektromechanine-lotu-sistema-nivobob-nb-3100\/\"]}]},{\"@type\":\"ImageObject\",\"inLanguage\":\"en-GB\",\"@id\":\"https:\/\/invertas.lt\/produktai\/lygio-matuokliai\/elektromechanine-lotu-sistema-nivobob-nb-3100\/#primaryimage\",\"url\":\"https:\/\/invertas.lt\/wp-content\/uploads\/2025\/06\/nb-3100_1.jpg\",\"contentUrl\":\"https:\/\/invertas.lt\/wp-content\/uploads\/2025\/06\/nb-3100_1.jpg\",\"width\":1000,\"height\":1000},{\"@type\":\"BreadcrumbList\",\"@id\":\"https:\/\/invertas.lt\/produktai\/lygio-matuokliai\/elektromechanine-lotu-sistema-nivobob-nb-3100\/#breadcrumb\",\"itemListElement\":[{\"@type\":\"ListItem\",\"position\":1,\"name\":\"Prad\u017eia\",\"item\":\"https:\/\/invertas.lt\/\"},{\"@type\":\"ListItem\",\"position\":2,\"name\":\"Products\",\"item\":\"https:\/\/invertas.lt\/shop\/\"},{\"@type\":\"ListItem\",\"position\":3,\"name\":\"Lygio matuokliai\",\"item\":\"https:\/\/invertas.lt\/.\/lygio-matuokliai\/\"},{\"@type\":\"ListItem\",\"position\":4,\"name\":\"UWT elektromechanin\u0117 lot\u0173 sistema NivoBob\u00ae &#8211; NB 3100\"}]},{\"@type\":\"WebSite\",\"@id\":\"https:\/\/invertas.lt\/#website\",\"url\":\"https:\/\/invertas.lt\/\",\"name\":\"Invertas\",\"description\":\"\",\"publisher\":{\"@id\":\"https:\/\/invertas.lt\/#organization\"},\"potentialAction\":[{\"@type\":\"SearchAction\",\"target\":{\"@type\":\"EntryPoint\",\"urlTemplate\":\"https:\/\/invertas.lt\/?s={search_term_string}\"},\"query-input\":{\"@type\":\"PropertyValueSpecification\",\"valueRequired\":true,\"valueName\":\"search_term_string\"}}],\"inLanguage\":\"en-GB\"},{\"@type\":\"Organization\",\"@id\":\"https:\/\/invertas.lt\/#organization\",\"name\":\"Invertas\",\"url\":\"https:\/\/invertas.lt\/\",\"logo\":{\"@type\":\"ImageObject\",\"inLanguage\":\"en-GB\",\"@id\":\"https:\/\/invertas.lt\/#\/schema\/logo\/image\/\",\"url\":\"https:\/\/invertas.lt\/wp-content\/uploads\/2025\/03\/New-Text-Document-2.svg\",\"contentUrl\":\"https:\/\/invertas.lt\/wp-content\/uploads\/2025\/03\/New-Text-Document-2.svg\",\"width\":140,\"height\":39,\"caption\":\"Invertas\"},\"image\":{\"@id\":\"https:\/\/invertas.lt\/#\/schema\/logo\/image\/\"}}]}<\/script>\n<!-- \/ Yoast SEO plugin. -->","yoast_head_json":{"title":"UWT elektromechanin\u0117 lot\u0173 sistema NivoBob\u00ae - NB 3100 - Invertas","description":"Elektromechaniniai pl\u016bduriuojan\u010dio zondo jutikliai NivoBob\u00ae NB 3100 skirti nepertraukiamam biri\u0173 med\u017eiag\u0173 lygio matavimui sand\u0117liavimo silosuose.","robots":{"index":"index","follow":"follow","max-snippet":"max-snippet:-1","max-image-preview":"max-image-preview:large","max-video-preview":"max-video-preview:-1"},"canonical":"https:\/\/invertas.lt\/en\/produktai\/lygio-matuokliai\/elektromechanine-lotu-sistema-nivobob-nb-3100\/","og_locale":"en_GB","og_type":"article","og_title":"UWT elektromechanin\u0117 lot\u0173 sistema NivoBob\u00ae - NB 3100 - Invertas","og_description":"Elektromechaniniai pl\u016bduriuojan\u010dio zondo jutikliai NivoBob\u00ae NB 3100 skirti nepertraukiamam biri\u0173 med\u017eiag\u0173 lygio matavimui sand\u0117liavimo silosuose.","og_url":"https:\/\/invertas.lt\/en\/produktai\/lygio-matuokliai\/elektromechanine-lotu-sistema-nivobob-nb-3100\/","og_site_name":"Invertas","article_modified_time":"2025-08-07T15:43:52+00:00","og_image":[{"width":1000,"height":1000,"url":"https:\/\/invertas.lt\/wp-content\/uploads\/2025\/06\/nb-3100_1.jpg","type":"image\/jpeg"}],"twitter_card":"summary_large_image","twitter_misc":{"Estimated reading time":"1 minute"},"schema":{"@context":"https:\/\/schema.org","@graph":[{"@type":"WebPage","@id":"https:\/\/invertas.lt\/produktai\/lygio-matuokliai\/elektromechanine-lotu-sistema-nivobob-nb-3100\/","url":"https:\/\/invertas.lt\/produktai\/lygio-matuokliai\/elektromechanine-lotu-sistema-nivobob-nb-3100\/","name":"UWT elektromechanin\u0117 lot\u0173 sistema NivoBob\u00ae - NB 3100 - Invertas","isPartOf":{"@id":"https:\/\/invertas.lt\/#website"},"primaryImageOfPage":{"@id":"https:\/\/invertas.lt\/produktai\/lygio-matuokliai\/elektromechanine-lotu-sistema-nivobob-nb-3100\/#primaryimage"},"image":{"@id":"https:\/\/invertas.lt\/produktai\/lygio-matuokliai\/elektromechanine-lotu-sistema-nivobob-nb-3100\/#primaryimage"},"thumbnailUrl":"https:\/\/invertas.lt\/wp-content\/uploads\/2025\/06\/nb-3100_1.jpg","datePublished":"2025-06-21T16:05:52+00:00","dateModified":"2025-08-07T15:43:52+00:00","description":"Elektromechaniniai pl\u016bduriuojan\u010dio zondo jutikliai NivoBob\u00ae NB 3100 skirti nepertraukiamam biri\u0173 med\u017eiag\u0173 lygio matavimui sand\u0117liavimo silosuose.","breadcrumb":{"@id":"https:\/\/invertas.lt\/produktai\/lygio-matuokliai\/elektromechanine-lotu-sistema-nivobob-nb-3100\/#breadcrumb"},"inLanguage":"en-GB","potentialAction":[{"@type":"ReadAction","target":["https:\/\/invertas.lt\/produktai\/lygio-matuokliai\/elektromechanine-lotu-sistema-nivobob-nb-3100\/"]}]},{"@type":"ImageObject","inLanguage":"en-GB","@id":"https:\/\/invertas.lt\/produktai\/lygio-matuokliai\/elektromechanine-lotu-sistema-nivobob-nb-3100\/#primaryimage","url":"https:\/\/invertas.lt\/wp-content\/uploads\/2025\/06\/nb-3100_1.jpg","contentUrl":"https:\/\/invertas.lt\/wp-content\/uploads\/2025\/06\/nb-3100_1.jpg","width":1000,"height":1000},{"@type":"BreadcrumbList","@id":"https:\/\/invertas.lt\/produktai\/lygio-matuokliai\/elektromechanine-lotu-sistema-nivobob-nb-3100\/#breadcrumb","itemListElement":[{"@type":"ListItem","position":1,"name":"Prad\u017eia","item":"https:\/\/invertas.lt\/"},{"@type":"ListItem","position":2,"name":"Products","item":"https:\/\/invertas.lt\/shop\/"},{"@type":"ListItem","position":3,"name":"Lygio matuokliai","item":"https:\/\/invertas.lt\/.\/lygio-matuokliai\/"},{"@type":"ListItem","position":4,"name":"UWT elektromechanin\u0117 lot\u0173 sistema NivoBob\u00ae &#8211; NB 3100"}]},{"@type":"WebSite","@id":"https:\/\/invertas.lt\/#website","url":"https:\/\/invertas.lt\/","name":"Invert","description":"","publisher":{"@id":"https:\/\/invertas.lt\/#organization"},"potentialAction":[{"@type":"SearchAction","target":{"@type":"EntryPoint","urlTemplate":"https:\/\/invertas.lt\/?s={search_term_string}"},"query-input":{"@type":"PropertyValueSpecification","valueRequired":true,"valueName":"search_term_string"}}],"inLanguage":"en-GB"},{"@type":"Organization","@id":"https:\/\/invertas.lt\/#organization","name":"Invert","url":"https:\/\/invertas.lt\/","logo":{"@type":"ImageObject","inLanguage":"en-GB","@id":"https:\/\/invertas.lt\/#\/schema\/logo\/image\/","url":"https:\/\/invertas.lt\/wp-content\/uploads\/2025\/03\/New-Text-Document-2.svg","contentUrl":"https:\/\/invertas.lt\/wp-content\/uploads\/2025\/03\/New-Text-Document-2.svg","width":140,"height":39,"caption":"Invertas"},"image":{"@id":"https:\/\/invertas.lt\/#\/schema\/logo\/image\/"}}]}},"_links":{"self":[{"href":"https:\/\/invertas.lt\/en\/wp-json\/wp\/v2\/product\/7377","targetHints":{"allow":["GET"]}}],"collection":[{"href":"https:\/\/invertas.lt\/en\/wp-json\/wp\/v2\/product"}],"about":[{"href":"https:\/\/invertas.lt\/en\/wp-json\/wp\/v2\/types\/product"}],"replies":[{"embeddable":true,"href":"https:\/\/invertas.lt\/en\/wp-json\/wp\/v2\/comments?post=7377"}],"wp:featuredmedia":[{"embeddable":true,"href":"https:\/\/invertas.lt\/en\/wp-json\/wp\/v2\/media\/7378"}],"wp:attachment":[{"href":"https:\/\/invertas.lt\/en\/wp-json\/wp\/v2\/media?parent=7377"}],"wp:term":[{"taxonomy":"product_brand","embeddable":true,"href":"https:\/\/invertas.lt\/en\/wp-json\/wp\/v2\/product_brand?post=7377"},{"taxonomy":"product_cat","embeddable":true,"href":"https:\/\/invertas.lt\/en\/wp-json\/wp\/v2\/product_cat?post=7377"},{"taxonomy":"product_tag","embeddable":true,"href":"https:\/\/invertas.lt\/en\/wp-json\/wp\/v2\/product_tag?post=7377"}],"curies":[{"name":"wp","href":"https:\/\/api.w.org\/{rel}","templated":true}]}}