{"id":7341,"date":"2025-06-21T11:03:39","date_gmt":"2025-06-21T11:03:39","guid":{"rendered":"https:\/\/aurimasb15.sg-host.com\/?post_type=product&#038;p=7341"},"modified":"2025-08-07T15:38:51","modified_gmt":"2025-08-07T15:38:51","slug":"radaro-jutiklis-nivoguide-ng-8200","status":"publish","type":"product","link":"https:\/\/invertas.lt\/en\/produktai\/lygio-matuokliai\/radaro-jutiklis-nivoguide-ng-8200\/","title":{"rendered":"UWT radar level sensor NivoGuide\u00ae \u2013 NG 8200"},"content":{"rendered":"<p data-start=\"0\" data-end=\"18\"><strong data-start=\"0\" data-end=\"18\">Fields of application<\/strong><\/p>\n<p data-start=\"20\" data-end=\"250\">The NivoGuide\u00ae 8200 guided radar sensor is designed for level measurement of liquids and oils under extreme process conditions. It is suitable for operation at temperatures from -196 \u00b0C to 450 \u00b0C and pressures up to 400 bar, as well as in saturated steam environments.<\/p>\n<p data-start=\"252\" data-end=\"263\"><strong data-start=\"252\" data-end=\"263\">Features<\/strong><\/p>\n<ul>\n<li data-start=\"267\" data-end=\"348\">Simple menu-driven commissioning and diagnostics with control module and display<\/li>\n<li data-start=\"351\" data-end=\"448\">Accurate measurement results even in extreme steam conditions thanks to additional reference line<\/li>\n<li data-start=\"451\" data-end=\"549\">Robust graphite and ceramic materials ensure unattended operation in extreme conditions<\/li>\n<li data-start=\"552\" data-end=\"579\">SIL 2\/3 certified<\/li>\n<\/ul>","protected":false},"excerpt":{"rendered":"<p>Taikymo sritys Valdomas radaro jutiklis NivoGuide\u00ae 8200 skirtas skys\u010di\u0173 ir alyv\u0173 lygiui matuoti ekstremaliomis proceso s\u0105lygomis. Tinka darbui esant temperat\u016brai nuo -196 \u00b0C iki 450 \u00b0C ir sl\u0117giui iki 400 bar\u0173, taip pat prisotint\u0173 gar\u0173 aplinkoje. Savyb\u0117s Paprastas meniu valdomas paleidimas ir diagnostika su valdymo moduliu ir ekranu Tiksl\u016bs matavimo rezultatai net ir esant ekstremaliems [&hellip;]<\/p>","protected":false},"featured_media":7342,"comment_status":"open","ping_status":"closed","template":"","meta":{"_acf_changed":false,"inline_featured_image":false},"product_brand":[],"product_cat":[411],"product_tag":[],"class_list":{"0":"post-7341","1":"product","2":"type-product","3":"status-publish","4":"has-post-thumbnail","6":"product_cat-lygio-matuokliai","8":"first","9":"instock","10":"shipping-taxable","11":"purchasable","12":"product-type-simple"},"acf":[],"yoast_head":"<!-- This site is optimized with the Yoast SEO plugin v25.5 - https:\/\/yoast.com\/wordpress\/plugins\/seo\/ -->\n<title>UWT radarinis lygio jutiklis NivoGuide\u00ae - NG 8200 - Invertas<\/title>\n<meta name=\"description\" content=\"Valdomas radaro jutiklis NivoGuide\u00ae 8200 skirtas skys\u010di\u0173 ir alyv\u0173 lygiui matuoti ekstremaliomis proceso s\u0105lygomis. Sertifikuotas pagal SIL 2\/3.\" \/>\n<meta name=\"robots\" content=\"index, follow, max-snippet:-1, max-image-preview:large, max-video-preview:-1\" \/>\n<link rel=\"canonical\" href=\"https:\/\/invertas.lt\/en\/produktai\/lygio-matuokliai\/radaro-jutiklis-nivoguide-ng-8200\/\" \/>\n<meta property=\"og:locale\" content=\"en_GB\" \/>\n<meta property=\"og:type\" content=\"article\" \/>\n<meta property=\"og:title\" content=\"UWT radarinis lygio jutiklis NivoGuide\u00ae - NG 8200 - Invertas\" \/>\n<meta property=\"og:description\" content=\"Valdomas radaro jutiklis NivoGuide\u00ae 8200 skirtas skys\u010di\u0173 ir alyv\u0173 lygiui matuoti ekstremaliomis proceso s\u0105lygomis. Sertifikuotas pagal SIL 2\/3.\" \/>\n<meta property=\"og:url\" content=\"https:\/\/invertas.lt\/en\/produktai\/lygio-matuokliai\/radaro-jutiklis-nivoguide-ng-8200\/\" \/>\n<meta property=\"og:site_name\" content=\"Invertas\" \/>\n<meta property=\"article:modified_time\" content=\"2025-08-07T15:38:51+00:00\" \/>\n<meta property=\"og:image\" content=\"https:\/\/invertas.lt\/wp-content\/uploads\/2025\/06\/ng-8200-nivoguide-guided-wave-radar-sensor-tdr-rod-version.jpg\" \/>\n\t<meta property=\"og:image:width\" content=\"800\" \/>\n\t<meta property=\"og:image:height\" content=\"1200\" \/>\n\t<meta property=\"og:image:type\" content=\"image\/jpeg\" \/>\n<meta name=\"twitter:card\" content=\"summary_large_image\" \/>\n<meta name=\"twitter:label1\" content=\"Estimated reading time\" \/>\n\t<meta name=\"twitter:data1\" content=\"1 minute\" \/>\n<script type=\"application\/ld+json\" class=\"yoast-schema-graph\">{\"@context\":\"https:\/\/schema.org\",\"@graph\":[{\"@type\":\"WebPage\",\"@id\":\"https:\/\/invertas.lt\/produktai\/lygio-matuokliai\/radaro-jutiklis-nivoguide-ng-8200\/\",\"url\":\"https:\/\/invertas.lt\/produktai\/lygio-matuokliai\/radaro-jutiklis-nivoguide-ng-8200\/\",\"name\":\"UWT radarinis lygio jutiklis NivoGuide\u00ae - NG 8200 - Invertas\",\"isPartOf\":{\"@id\":\"https:\/\/invertas.lt\/#website\"},\"primaryImageOfPage\":{\"@id\":\"https:\/\/invertas.lt\/produktai\/lygio-matuokliai\/radaro-jutiklis-nivoguide-ng-8200\/#primaryimage\"},\"image\":{\"@id\":\"https:\/\/invertas.lt\/produktai\/lygio-matuokliai\/radaro-jutiklis-nivoguide-ng-8200\/#primaryimage\"},\"thumbnailUrl\":\"https:\/\/invertas.lt\/wp-content\/uploads\/2025\/06\/ng-8200-nivoguide-guided-wave-radar-sensor-tdr-rod-version.jpg\",\"datePublished\":\"2025-06-21T11:03:39+00:00\",\"dateModified\":\"2025-08-07T15:38:51+00:00\",\"description\":\"Valdomas radaro jutiklis NivoGuide\u00ae 8200 skirtas skys\u010di\u0173 ir alyv\u0173 lygiui matuoti ekstremaliomis proceso s\u0105lygomis. Sertifikuotas pagal SIL 2\/3.\",\"breadcrumb\":{\"@id\":\"https:\/\/invertas.lt\/produktai\/lygio-matuokliai\/radaro-jutiklis-nivoguide-ng-8200\/#breadcrumb\"},\"inLanguage\":\"en-GB\",\"potentialAction\":[{\"@type\":\"ReadAction\",\"target\":[\"https:\/\/invertas.lt\/produktai\/lygio-matuokliai\/radaro-jutiklis-nivoguide-ng-8200\/\"]}]},{\"@type\":\"ImageObject\",\"inLanguage\":\"en-GB\",\"@id\":\"https:\/\/invertas.lt\/produktai\/lygio-matuokliai\/radaro-jutiklis-nivoguide-ng-8200\/#primaryimage\",\"url\":\"https:\/\/invertas.lt\/wp-content\/uploads\/2025\/06\/ng-8200-nivoguide-guided-wave-radar-sensor-tdr-rod-version.jpg\",\"contentUrl\":\"https:\/\/invertas.lt\/wp-content\/uploads\/2025\/06\/ng-8200-nivoguide-guided-wave-radar-sensor-tdr-rod-version.jpg\",\"width\":800,\"height\":1200},{\"@type\":\"BreadcrumbList\",\"@id\":\"https:\/\/invertas.lt\/produktai\/lygio-matuokliai\/radaro-jutiklis-nivoguide-ng-8200\/#breadcrumb\",\"itemListElement\":[{\"@type\":\"ListItem\",\"position\":1,\"name\":\"Prad\u017eia\",\"item\":\"https:\/\/invertas.lt\/\"},{\"@type\":\"ListItem\",\"position\":2,\"name\":\"Products\",\"item\":\"https:\/\/invertas.lt\/shop\/\"},{\"@type\":\"ListItem\",\"position\":3,\"name\":\"Lygio matuokliai\",\"item\":\"https:\/\/invertas.lt\/.\/lygio-matuokliai\/\"},{\"@type\":\"ListItem\",\"position\":4,\"name\":\"UWT radarinis lygio jutiklis NivoGuide\u00ae &#8211; NG 8200\"}]},{\"@type\":\"WebSite\",\"@id\":\"https:\/\/invertas.lt\/#website\",\"url\":\"https:\/\/invertas.lt\/\",\"name\":\"Invertas\",\"description\":\"\",\"publisher\":{\"@id\":\"https:\/\/invertas.lt\/#organization\"},\"potentialAction\":[{\"@type\":\"SearchAction\",\"target\":{\"@type\":\"EntryPoint\",\"urlTemplate\":\"https:\/\/invertas.lt\/?s={search_term_string}\"},\"query-input\":{\"@type\":\"PropertyValueSpecification\",\"valueRequired\":true,\"valueName\":\"search_term_string\"}}],\"inLanguage\":\"en-GB\"},{\"@type\":\"Organization\",\"@id\":\"https:\/\/invertas.lt\/#organization\",\"name\":\"Invertas\",\"url\":\"https:\/\/invertas.lt\/\",\"logo\":{\"@type\":\"ImageObject\",\"inLanguage\":\"en-GB\",\"@id\":\"https:\/\/invertas.lt\/#\/schema\/logo\/image\/\",\"url\":\"https:\/\/invertas.lt\/wp-content\/uploads\/2025\/03\/New-Text-Document-2.svg\",\"contentUrl\":\"https:\/\/invertas.lt\/wp-content\/uploads\/2025\/03\/New-Text-Document-2.svg\",\"width\":140,\"height\":39,\"caption\":\"Invertas\"},\"image\":{\"@id\":\"https:\/\/invertas.lt\/#\/schema\/logo\/image\/\"}}]}<\/script>\n<!-- \/ Yoast SEO plugin. -->","yoast_head_json":{"title":"UWT radarinis lygio jutiklis NivoGuide\u00ae - NG 8200 - Invertas","description":"Valdomas radaro jutiklis NivoGuide\u00ae 8200 skirtas skys\u010di\u0173 ir alyv\u0173 lygiui matuoti ekstremaliomis proceso s\u0105lygomis. Sertifikuotas pagal SIL 2\/3.","robots":{"index":"index","follow":"follow","max-snippet":"max-snippet:-1","max-image-preview":"max-image-preview:large","max-video-preview":"max-video-preview:-1"},"canonical":"https:\/\/invertas.lt\/en\/produktai\/lygio-matuokliai\/radaro-jutiklis-nivoguide-ng-8200\/","og_locale":"en_GB","og_type":"article","og_title":"UWT radarinis lygio jutiklis NivoGuide\u00ae - NG 8200 - Invertas","og_description":"Valdomas radaro jutiklis NivoGuide\u00ae 8200 skirtas skys\u010di\u0173 ir alyv\u0173 lygiui matuoti ekstremaliomis proceso s\u0105lygomis. Sertifikuotas pagal SIL 2\/3.","og_url":"https:\/\/invertas.lt\/en\/produktai\/lygio-matuokliai\/radaro-jutiklis-nivoguide-ng-8200\/","og_site_name":"Invertas","article_modified_time":"2025-08-07T15:38:51+00:00","og_image":[{"width":800,"height":1200,"url":"https:\/\/invertas.lt\/wp-content\/uploads\/2025\/06\/ng-8200-nivoguide-guided-wave-radar-sensor-tdr-rod-version.jpg","type":"image\/jpeg"}],"twitter_card":"summary_large_image","twitter_misc":{"Estimated reading time":"1 minute"},"schema":{"@context":"https:\/\/schema.org","@graph":[{"@type":"WebPage","@id":"https:\/\/invertas.lt\/produktai\/lygio-matuokliai\/radaro-jutiklis-nivoguide-ng-8200\/","url":"https:\/\/invertas.lt\/produktai\/lygio-matuokliai\/radaro-jutiklis-nivoguide-ng-8200\/","name":"UWT radarinis lygio jutiklis NivoGuide\u00ae - NG 8200 - Invertas","isPartOf":{"@id":"https:\/\/invertas.lt\/#website"},"primaryImageOfPage":{"@id":"https:\/\/invertas.lt\/produktai\/lygio-matuokliai\/radaro-jutiklis-nivoguide-ng-8200\/#primaryimage"},"image":{"@id":"https:\/\/invertas.lt\/produktai\/lygio-matuokliai\/radaro-jutiklis-nivoguide-ng-8200\/#primaryimage"},"thumbnailUrl":"https:\/\/invertas.lt\/wp-content\/uploads\/2025\/06\/ng-8200-nivoguide-guided-wave-radar-sensor-tdr-rod-version.jpg","datePublished":"2025-06-21T11:03:39+00:00","dateModified":"2025-08-07T15:38:51+00:00","description":"Valdomas radaro jutiklis NivoGuide\u00ae 8200 skirtas skys\u010di\u0173 ir alyv\u0173 lygiui matuoti ekstremaliomis proceso s\u0105lygomis. Sertifikuotas pagal SIL 2\/3.","breadcrumb":{"@id":"https:\/\/invertas.lt\/produktai\/lygio-matuokliai\/radaro-jutiklis-nivoguide-ng-8200\/#breadcrumb"},"inLanguage":"en-GB","potentialAction":[{"@type":"ReadAction","target":["https:\/\/invertas.lt\/produktai\/lygio-matuokliai\/radaro-jutiklis-nivoguide-ng-8200\/"]}]},{"@type":"ImageObject","inLanguage":"en-GB","@id":"https:\/\/invertas.lt\/produktai\/lygio-matuokliai\/radaro-jutiklis-nivoguide-ng-8200\/#primaryimage","url":"https:\/\/invertas.lt\/wp-content\/uploads\/2025\/06\/ng-8200-nivoguide-guided-wave-radar-sensor-tdr-rod-version.jpg","contentUrl":"https:\/\/invertas.lt\/wp-content\/uploads\/2025\/06\/ng-8200-nivoguide-guided-wave-radar-sensor-tdr-rod-version.jpg","width":800,"height":1200},{"@type":"BreadcrumbList","@id":"https:\/\/invertas.lt\/produktai\/lygio-matuokliai\/radaro-jutiklis-nivoguide-ng-8200\/#breadcrumb","itemListElement":[{"@type":"ListItem","position":1,"name":"Prad\u017eia","item":"https:\/\/invertas.lt\/"},{"@type":"ListItem","position":2,"name":"Products","item":"https:\/\/invertas.lt\/shop\/"},{"@type":"ListItem","position":3,"name":"Lygio matuokliai","item":"https:\/\/invertas.lt\/.\/lygio-matuokliai\/"},{"@type":"ListItem","position":4,"name":"UWT radarinis lygio jutiklis NivoGuide\u00ae &#8211; NG 8200"}]},{"@type":"WebSite","@id":"https:\/\/invertas.lt\/#website","url":"https:\/\/invertas.lt\/","name":"Invert","description":"","publisher":{"@id":"https:\/\/invertas.lt\/#organization"},"potentialAction":[{"@type":"SearchAction","target":{"@type":"EntryPoint","urlTemplate":"https:\/\/invertas.lt\/?s={search_term_string}"},"query-input":{"@type":"PropertyValueSpecification","valueRequired":true,"valueName":"search_term_string"}}],"inLanguage":"en-GB"},{"@type":"Organization","@id":"https:\/\/invertas.lt\/#organization","name":"Invert","url":"https:\/\/invertas.lt\/","logo":{"@type":"ImageObject","inLanguage":"en-GB","@id":"https:\/\/invertas.lt\/#\/schema\/logo\/image\/","url":"https:\/\/invertas.lt\/wp-content\/uploads\/2025\/03\/New-Text-Document-2.svg","contentUrl":"https:\/\/invertas.lt\/wp-content\/uploads\/2025\/03\/New-Text-Document-2.svg","width":140,"height":39,"caption":"Invertas"},"image":{"@id":"https:\/\/invertas.lt\/#\/schema\/logo\/image\/"}}]}},"_links":{"self":[{"href":"https:\/\/invertas.lt\/en\/wp-json\/wp\/v2\/product\/7341","targetHints":{"allow":["GET"]}}],"collection":[{"href":"https:\/\/invertas.lt\/en\/wp-json\/wp\/v2\/product"}],"about":[{"href":"https:\/\/invertas.lt\/en\/wp-json\/wp\/v2\/types\/product"}],"replies":[{"embeddable":true,"href":"https:\/\/invertas.lt\/en\/wp-json\/wp\/v2\/comments?post=7341"}],"wp:featuredmedia":[{"embeddable":true,"href":"https:\/\/invertas.lt\/en\/wp-json\/wp\/v2\/media\/7342"}],"wp:attachment":[{"href":"https:\/\/invertas.lt\/en\/wp-json\/wp\/v2\/media?parent=7341"}],"wp:term":[{"taxonomy":"product_brand","embeddable":true,"href":"https:\/\/invertas.lt\/en\/wp-json\/wp\/v2\/product_brand?post=7341"},{"taxonomy":"product_cat","embeddable":true,"href":"https:\/\/invertas.lt\/en\/wp-json\/wp\/v2\/product_cat?post=7341"},{"taxonomy":"product_tag","embeddable":true,"href":"https:\/\/invertas.lt\/en\/wp-json\/wp\/v2\/product_tag?post=7341"}],"curies":[{"name":"wp","href":"https:\/\/api.w.org\/{rel}","templated":true}]}}