{"id":7317,"date":"2025-06-21T10:26:49","date_gmt":"2025-06-21T10:26:49","guid":{"rendered":"https:\/\/aurimasb15.sg-host.com\/?post_type=product&#038;p=7317"},"modified":"2025-08-07T15:38:11","modified_gmt":"2025-08-07T15:38:11","slug":"radaro-jutiklis-nivoguide-ng-8100","status":"publish","type":"product","link":"https:\/\/invertas.lt\/en\/produktai\/lygio-matuokliai\/radaro-jutiklis-nivoguide-ng-8100\/","title":{"rendered":"UWT radar level sensor NivoGuide\u00ae \u2013 NG 8100"},"content":{"rendered":"<p data-start=\"0\" data-end=\"18\"><strong data-start=\"0\" data-end=\"18\">Fields of application<\/strong><\/p>\n<p data-start=\"20\" data-end=\"255\">NivoGuide\u00ae 8100 is a guided radar TDR sensor for liquid and oil level measurement and interface detection. Its robust design and various versions allow for use in both large tanks and smaller vessels or pipelines.<\/p>\n<p><strong data-start=\"257\" data-end=\"268\">Features<\/strong><\/p>\n<ul>\n<li>Easy start-up and diagnostics with control module and display<\/li>\n<li>Unattended sensor<\/li>\n<li>Reliable measurement even in the presence of steam, foam or condensation<\/li>\n<li>Certified for SIL 2\/3 safety level<\/li>\n<\/ul>","protected":false},"excerpt":{"rendered":"<p>Taikymo sritys NivoGuide\u00ae 8100 \u2013 valdomas radaro TDR jutiklis skys\u010di\u0173 ir alyv\u0173 lygiui matuoti bei skirting\u0173 skys\u010di\u0173 s\u0105sajai aptikti. Tvirtas dizainas ir \u012fvairios versijos leid\u017eia naudoti tiek didel\u0117se talpose, tiek ma\u017eesniuose induose ar vamzdynuose. Savyb\u0117s Paprastas paleidimas ir diagnostika su valdymo moduliu bei ekranu Beprie\u017ei\u016bris jutiklis Patikimas matavimas net esant garams, putoms ar kondensatui Sertifikuotas [&hellip;]<\/p>","protected":false},"featured_media":7318,"comment_status":"open","ping_status":"closed","template":"","meta":{"_acf_changed":false,"inline_featured_image":false},"product_brand":[],"product_cat":[411],"product_tag":[],"class_list":{"0":"post-7317","1":"product","2":"type-product","3":"status-publish","4":"has-post-thumbnail","6":"product_cat-lygio-matuokliai","8":"first","9":"instock","10":"shipping-taxable","11":"purchasable","12":"product-type-simple"},"acf":[],"yoast_head":"<!-- This site is optimized with the Yoast SEO plugin v25.5 - https:\/\/yoast.com\/wordpress\/plugins\/seo\/ -->\n<title>UWT radarinis lygio jutiklis NivoGuide\u00ae - NG 8100 - Invertas<\/title>\n<meta name=\"description\" content=\"NivoGuide\u00ae 8100 \u2013 valdomas radaro TDR jutiklis skys\u010di\u0173 ir alyv\u0173 lygiui matuoti bei skirting\u0173 skys\u010di\u0173 s\u0105sajai aptikti. Sertifikuotas SIL 2\/3 saugumo lygiui.\" \/>\n<meta name=\"robots\" content=\"index, follow, max-snippet:-1, max-image-preview:large, max-video-preview:-1\" \/>\n<link rel=\"canonical\" href=\"https:\/\/invertas.lt\/en\/produktai\/lygio-matuokliai\/radaro-jutiklis-nivoguide-ng-8100\/\" \/>\n<meta property=\"og:locale\" content=\"en_GB\" \/>\n<meta property=\"og:type\" content=\"article\" \/>\n<meta property=\"og:title\" content=\"UWT radarinis lygio jutiklis NivoGuide\u00ae - NG 8100 - Invertas\" \/>\n<meta property=\"og:description\" content=\"NivoGuide\u00ae 8100 \u2013 valdomas radaro TDR jutiklis skys\u010di\u0173 ir alyv\u0173 lygiui matuoti bei skirting\u0173 skys\u010di\u0173 s\u0105sajai aptikti. Sertifikuotas SIL 2\/3 saugumo lygiui.\" \/>\n<meta property=\"og:url\" content=\"https:\/\/invertas.lt\/en\/produktai\/lygio-matuokliai\/radaro-jutiklis-nivoguide-ng-8100\/\" \/>\n<meta property=\"og:site_name\" content=\"Invertas\" \/>\n<meta property=\"article:modified_time\" content=\"2025-08-07T15:38:11+00:00\" \/>\n<meta property=\"og:image\" content=\"https:\/\/invertas.lt\/wp-content\/uploads\/2025\/06\/ng-8100-nivoguide-guided-wave-radar-sensor-tdr-rod-version.jpg\" \/>\n\t<meta property=\"og:image:width\" content=\"800\" \/>\n\t<meta property=\"og:image:height\" content=\"1200\" \/>\n\t<meta property=\"og:image:type\" content=\"image\/jpeg\" \/>\n<meta name=\"twitter:card\" content=\"summary_large_image\" \/>\n<meta name=\"twitter:label1\" content=\"Estimated reading time\" \/>\n\t<meta name=\"twitter:data1\" content=\"1 minute\" \/>\n<script type=\"application\/ld+json\" class=\"yoast-schema-graph\">{\"@context\":\"https:\/\/schema.org\",\"@graph\":[{\"@type\":\"WebPage\",\"@id\":\"https:\/\/invertas.lt\/produktai\/lygio-matuokliai\/radaro-jutiklis-nivoguide-ng-8100\/\",\"url\":\"https:\/\/invertas.lt\/produktai\/lygio-matuokliai\/radaro-jutiklis-nivoguide-ng-8100\/\",\"name\":\"UWT radarinis lygio jutiklis NivoGuide\u00ae - NG 8100 - Invertas\",\"isPartOf\":{\"@id\":\"https:\/\/invertas.lt\/#website\"},\"primaryImageOfPage\":{\"@id\":\"https:\/\/invertas.lt\/produktai\/lygio-matuokliai\/radaro-jutiklis-nivoguide-ng-8100\/#primaryimage\"},\"image\":{\"@id\":\"https:\/\/invertas.lt\/produktai\/lygio-matuokliai\/radaro-jutiklis-nivoguide-ng-8100\/#primaryimage\"},\"thumbnailUrl\":\"https:\/\/invertas.lt\/wp-content\/uploads\/2025\/06\/ng-8100-nivoguide-guided-wave-radar-sensor-tdr-rod-version.jpg\",\"datePublished\":\"2025-06-21T10:26:49+00:00\",\"dateModified\":\"2025-08-07T15:38:11+00:00\",\"description\":\"NivoGuide\u00ae 8100 \u2013 valdomas radaro TDR jutiklis skys\u010di\u0173 ir alyv\u0173 lygiui matuoti bei skirting\u0173 skys\u010di\u0173 s\u0105sajai aptikti. Sertifikuotas SIL 2\/3 saugumo lygiui.\",\"breadcrumb\":{\"@id\":\"https:\/\/invertas.lt\/produktai\/lygio-matuokliai\/radaro-jutiklis-nivoguide-ng-8100\/#breadcrumb\"},\"inLanguage\":\"en-GB\",\"potentialAction\":[{\"@type\":\"ReadAction\",\"target\":[\"https:\/\/invertas.lt\/produktai\/lygio-matuokliai\/radaro-jutiklis-nivoguide-ng-8100\/\"]}]},{\"@type\":\"ImageObject\",\"inLanguage\":\"en-GB\",\"@id\":\"https:\/\/invertas.lt\/produktai\/lygio-matuokliai\/radaro-jutiklis-nivoguide-ng-8100\/#primaryimage\",\"url\":\"https:\/\/invertas.lt\/wp-content\/uploads\/2025\/06\/ng-8100-nivoguide-guided-wave-radar-sensor-tdr-rod-version.jpg\",\"contentUrl\":\"https:\/\/invertas.lt\/wp-content\/uploads\/2025\/06\/ng-8100-nivoguide-guided-wave-radar-sensor-tdr-rod-version.jpg\",\"width\":800,\"height\":1200},{\"@type\":\"BreadcrumbList\",\"@id\":\"https:\/\/invertas.lt\/produktai\/lygio-matuokliai\/radaro-jutiklis-nivoguide-ng-8100\/#breadcrumb\",\"itemListElement\":[{\"@type\":\"ListItem\",\"position\":1,\"name\":\"Prad\u017eia\",\"item\":\"https:\/\/invertas.lt\/\"},{\"@type\":\"ListItem\",\"position\":2,\"name\":\"Products\",\"item\":\"https:\/\/invertas.lt\/shop\/\"},{\"@type\":\"ListItem\",\"position\":3,\"name\":\"Lygio matuokliai\",\"item\":\"https:\/\/invertas.lt\/.\/lygio-matuokliai\/\"},{\"@type\":\"ListItem\",\"position\":4,\"name\":\"UWT radarinis lygio jutiklis NivoGuide\u00ae &#8211; NG 8100\"}]},{\"@type\":\"WebSite\",\"@id\":\"https:\/\/invertas.lt\/#website\",\"url\":\"https:\/\/invertas.lt\/\",\"name\":\"Invertas\",\"description\":\"\",\"publisher\":{\"@id\":\"https:\/\/invertas.lt\/#organization\"},\"potentialAction\":[{\"@type\":\"SearchAction\",\"target\":{\"@type\":\"EntryPoint\",\"urlTemplate\":\"https:\/\/invertas.lt\/?s={search_term_string}\"},\"query-input\":{\"@type\":\"PropertyValueSpecification\",\"valueRequired\":true,\"valueName\":\"search_term_string\"}}],\"inLanguage\":\"en-GB\"},{\"@type\":\"Organization\",\"@id\":\"https:\/\/invertas.lt\/#organization\",\"name\":\"Invertas\",\"url\":\"https:\/\/invertas.lt\/\",\"logo\":{\"@type\":\"ImageObject\",\"inLanguage\":\"en-GB\",\"@id\":\"https:\/\/invertas.lt\/#\/schema\/logo\/image\/\",\"url\":\"https:\/\/invertas.lt\/wp-content\/uploads\/2025\/03\/New-Text-Document-2.svg\",\"contentUrl\":\"https:\/\/invertas.lt\/wp-content\/uploads\/2025\/03\/New-Text-Document-2.svg\",\"width\":140,\"height\":39,\"caption\":\"Invertas\"},\"image\":{\"@id\":\"https:\/\/invertas.lt\/#\/schema\/logo\/image\/\"}}]}<\/script>\n<!-- \/ Yoast SEO plugin. -->","yoast_head_json":{"title":"UWT radarinis lygio jutiklis NivoGuide\u00ae - NG 8100 - Invertas","description":"NivoGuide\u00ae 8100 \u2013 valdomas radaro TDR jutiklis skys\u010di\u0173 ir alyv\u0173 lygiui matuoti bei skirting\u0173 skys\u010di\u0173 s\u0105sajai aptikti. Sertifikuotas SIL 2\/3 saugumo lygiui.","robots":{"index":"index","follow":"follow","max-snippet":"max-snippet:-1","max-image-preview":"max-image-preview:large","max-video-preview":"max-video-preview:-1"},"canonical":"https:\/\/invertas.lt\/en\/produktai\/lygio-matuokliai\/radaro-jutiklis-nivoguide-ng-8100\/","og_locale":"en_GB","og_type":"article","og_title":"UWT radarinis lygio jutiklis NivoGuide\u00ae - NG 8100 - Invertas","og_description":"NivoGuide\u00ae 8100 \u2013 valdomas radaro TDR jutiklis skys\u010di\u0173 ir alyv\u0173 lygiui matuoti bei skirting\u0173 skys\u010di\u0173 s\u0105sajai aptikti. Sertifikuotas SIL 2\/3 saugumo lygiui.","og_url":"https:\/\/invertas.lt\/en\/produktai\/lygio-matuokliai\/radaro-jutiklis-nivoguide-ng-8100\/","og_site_name":"Invertas","article_modified_time":"2025-08-07T15:38:11+00:00","og_image":[{"width":800,"height":1200,"url":"https:\/\/invertas.lt\/wp-content\/uploads\/2025\/06\/ng-8100-nivoguide-guided-wave-radar-sensor-tdr-rod-version.jpg","type":"image\/jpeg"}],"twitter_card":"summary_large_image","twitter_misc":{"Estimated reading time":"1 minute"},"schema":{"@context":"https:\/\/schema.org","@graph":[{"@type":"WebPage","@id":"https:\/\/invertas.lt\/produktai\/lygio-matuokliai\/radaro-jutiklis-nivoguide-ng-8100\/","url":"https:\/\/invertas.lt\/produktai\/lygio-matuokliai\/radaro-jutiklis-nivoguide-ng-8100\/","name":"UWT radarinis lygio jutiklis NivoGuide\u00ae - NG 8100 - Invertas","isPartOf":{"@id":"https:\/\/invertas.lt\/#website"},"primaryImageOfPage":{"@id":"https:\/\/invertas.lt\/produktai\/lygio-matuokliai\/radaro-jutiklis-nivoguide-ng-8100\/#primaryimage"},"image":{"@id":"https:\/\/invertas.lt\/produktai\/lygio-matuokliai\/radaro-jutiklis-nivoguide-ng-8100\/#primaryimage"},"thumbnailUrl":"https:\/\/invertas.lt\/wp-content\/uploads\/2025\/06\/ng-8100-nivoguide-guided-wave-radar-sensor-tdr-rod-version.jpg","datePublished":"2025-06-21T10:26:49+00:00","dateModified":"2025-08-07T15:38:11+00:00","description":"NivoGuide\u00ae 8100 \u2013 valdomas radaro TDR jutiklis skys\u010di\u0173 ir alyv\u0173 lygiui matuoti bei skirting\u0173 skys\u010di\u0173 s\u0105sajai aptikti. Sertifikuotas SIL 2\/3 saugumo lygiui.","breadcrumb":{"@id":"https:\/\/invertas.lt\/produktai\/lygio-matuokliai\/radaro-jutiklis-nivoguide-ng-8100\/#breadcrumb"},"inLanguage":"en-GB","potentialAction":[{"@type":"ReadAction","target":["https:\/\/invertas.lt\/produktai\/lygio-matuokliai\/radaro-jutiklis-nivoguide-ng-8100\/"]}]},{"@type":"ImageObject","inLanguage":"en-GB","@id":"https:\/\/invertas.lt\/produktai\/lygio-matuokliai\/radaro-jutiklis-nivoguide-ng-8100\/#primaryimage","url":"https:\/\/invertas.lt\/wp-content\/uploads\/2025\/06\/ng-8100-nivoguide-guided-wave-radar-sensor-tdr-rod-version.jpg","contentUrl":"https:\/\/invertas.lt\/wp-content\/uploads\/2025\/06\/ng-8100-nivoguide-guided-wave-radar-sensor-tdr-rod-version.jpg","width":800,"height":1200},{"@type":"BreadcrumbList","@id":"https:\/\/invertas.lt\/produktai\/lygio-matuokliai\/radaro-jutiklis-nivoguide-ng-8100\/#breadcrumb","itemListElement":[{"@type":"ListItem","position":1,"name":"Prad\u017eia","item":"https:\/\/invertas.lt\/"},{"@type":"ListItem","position":2,"name":"Products","item":"https:\/\/invertas.lt\/shop\/"},{"@type":"ListItem","position":3,"name":"Lygio matuokliai","item":"https:\/\/invertas.lt\/.\/lygio-matuokliai\/"},{"@type":"ListItem","position":4,"name":"UWT radarinis lygio jutiklis NivoGuide\u00ae &#8211; NG 8100"}]},{"@type":"WebSite","@id":"https:\/\/invertas.lt\/#website","url":"https:\/\/invertas.lt\/","name":"Invert","description":"","publisher":{"@id":"https:\/\/invertas.lt\/#organization"},"potentialAction":[{"@type":"SearchAction","target":{"@type":"EntryPoint","urlTemplate":"https:\/\/invertas.lt\/?s={search_term_string}"},"query-input":{"@type":"PropertyValueSpecification","valueRequired":true,"valueName":"search_term_string"}}],"inLanguage":"en-GB"},{"@type":"Organization","@id":"https:\/\/invertas.lt\/#organization","name":"Invert","url":"https:\/\/invertas.lt\/","logo":{"@type":"ImageObject","inLanguage":"en-GB","@id":"https:\/\/invertas.lt\/#\/schema\/logo\/image\/","url":"https:\/\/invertas.lt\/wp-content\/uploads\/2025\/03\/New-Text-Document-2.svg","contentUrl":"https:\/\/invertas.lt\/wp-content\/uploads\/2025\/03\/New-Text-Document-2.svg","width":140,"height":39,"caption":"Invertas"},"image":{"@id":"https:\/\/invertas.lt\/#\/schema\/logo\/image\/"}}]}},"_links":{"self":[{"href":"https:\/\/invertas.lt\/en\/wp-json\/wp\/v2\/product\/7317","targetHints":{"allow":["GET"]}}],"collection":[{"href":"https:\/\/invertas.lt\/en\/wp-json\/wp\/v2\/product"}],"about":[{"href":"https:\/\/invertas.lt\/en\/wp-json\/wp\/v2\/types\/product"}],"replies":[{"embeddable":true,"href":"https:\/\/invertas.lt\/en\/wp-json\/wp\/v2\/comments?post=7317"}],"wp:featuredmedia":[{"embeddable":true,"href":"https:\/\/invertas.lt\/en\/wp-json\/wp\/v2\/media\/7318"}],"wp:attachment":[{"href":"https:\/\/invertas.lt\/en\/wp-json\/wp\/v2\/media?parent=7317"}],"wp:term":[{"taxonomy":"product_brand","embeddable":true,"href":"https:\/\/invertas.lt\/en\/wp-json\/wp\/v2\/product_brand?post=7317"},{"taxonomy":"product_cat","embeddable":true,"href":"https:\/\/invertas.lt\/en\/wp-json\/wp\/v2\/product_cat?post=7317"},{"taxonomy":"product_tag","embeddable":true,"href":"https:\/\/invertas.lt\/en\/wp-json\/wp\/v2\/product_tag?post=7317"}],"curies":[{"name":"wp","href":"https:\/\/api.w.org\/{rel}","templated":true}]}}