{"id":7283,"date":"2025-06-21T09:42:38","date_gmt":"2025-06-21T09:42:38","guid":{"rendered":"https:\/\/aurimasb15.sg-host.com\/?post_type=product&#038;p=7283"},"modified":"2025-08-07T15:37:05","modified_gmt":"2025-08-07T15:37:05","slug":"radaro-jutiklis-nivoguide-ng-3100","status":"publish","type":"product","link":"https:\/\/invertas.lt\/en\/produktai\/lygio-matuokliai\/radaro-jutiklis-nivoguide-ng-3100\/","title":{"rendered":"UWT radar level sensor NivoGuide\u00ae \u2013 NG 3100"},"content":{"rendered":"<p data-start=\"0\" data-end=\"18\"><strong data-start=\"0\" data-end=\"18\">Fields of application<\/strong><\/p>\n<p data-start=\"20\" data-end=\"239\">NivoGuide\u00ae NG 3100 \u2013 controlled radar sensor for level measurement of bulk materials with relative dielectric constant (Dk) from 1.5. Suitable for tanks up to 75 m high. Perfectly suited for narrow vessels due to controlled signal.<\/p>\n<p data-start=\"241\" data-end=\"252\"><strong data-start=\"241\" data-end=\"252\">Features<\/strong><\/p>\n<ul>\n<li data-start=\"256\" data-end=\"338\">Simple menu-driven commissioning and diagnostics with control module and display<\/li>\n<li data-start=\"341\" data-end=\"355\">Unattended<\/li>\n<li data-start=\"358\" data-end=\"381\">SIL 2\/3 certified<\/li>\n<li data-start=\"384\" data-end=\"418\">Intuitive quick start wizard<\/li>\n<\/ul>","protected":false},"excerpt":{"rendered":"<p>Taikymo sritys NivoGuide\u00ae NG 3100 \u2013 valdomas radaro jutiklis biri\u0173 med\u017eiag\u0173 lygio matavimui, kai santykinis dielektrinis laidumas (Dk) nuo 1,5. Tinka talpoms iki 75 m auk\u0161\u010dio. Puikiai pritaikomas siauruose induose d\u0117l valdomo signalo. Savyb\u0117s Paprastas meniu valdomas paleidimas ir diagnostika su valdymo moduliu bei ekranu Beprie\u017ei\u016bris Sertifikuotas SIL 2\/3 Intuityvus greito paleidimo vedlys<\/p>","protected":false},"featured_media":7284,"comment_status":"open","ping_status":"closed","template":"","meta":{"_acf_changed":false,"inline_featured_image":false},"product_brand":[],"product_cat":[411],"product_tag":[],"class_list":{"0":"post-7283","1":"product","2":"type-product","3":"status-publish","4":"has-post-thumbnail","6":"product_cat-lygio-matuokliai","8":"first","9":"instock","10":"shipping-taxable","11":"purchasable","12":"product-type-simple"},"acf":[],"yoast_head":"<!-- This site is optimized with the Yoast SEO plugin v25.5 - https:\/\/yoast.com\/wordpress\/plugins\/seo\/ -->\n<title>UWT radarinis lygio jutiklis NivoGuide\u00ae - NG 3100 - Invertas<\/title>\n<meta name=\"description\" content=\"NivoGuide\u00ae NG 3100 \u2013 valdomas radaro jutiklis biri\u0173 med\u017eiag\u0173 lygio matavimui, kai santykinis dielektrinis laidumas (Dk) nuo 1,5.\" \/>\n<meta name=\"robots\" content=\"index, follow, max-snippet:-1, max-image-preview:large, max-video-preview:-1\" \/>\n<link rel=\"canonical\" href=\"https:\/\/invertas.lt\/en\/produktai\/lygio-matuokliai\/radaro-jutiklis-nivoguide-ng-3100\/\" \/>\n<meta property=\"og:locale\" content=\"en_GB\" \/>\n<meta property=\"og:type\" content=\"article\" \/>\n<meta property=\"og:title\" content=\"UWT radarinis lygio jutiklis NivoGuide\u00ae - NG 3100 - Invertas\" \/>\n<meta property=\"og:description\" content=\"NivoGuide\u00ae NG 3100 \u2013 valdomas radaro jutiklis biri\u0173 med\u017eiag\u0173 lygio matavimui, kai santykinis dielektrinis laidumas (Dk) nuo 1,5.\" \/>\n<meta property=\"og:url\" content=\"https:\/\/invertas.lt\/en\/produktai\/lygio-matuokliai\/radaro-jutiklis-nivoguide-ng-3100\/\" \/>\n<meta property=\"og:site_name\" content=\"Invertas\" \/>\n<meta property=\"article:modified_time\" content=\"2025-08-07T15:37:05+00:00\" \/>\n<meta property=\"og:image\" content=\"https:\/\/invertas.lt\/wp-content\/uploads\/2025\/06\/ng-3000-nivoguide-guided-wave-radar-sensor-tdr-rodversion.jpg\" \/>\n\t<meta property=\"og:image:width\" content=\"800\" \/>\n\t<meta property=\"og:image:height\" content=\"1200\" \/>\n\t<meta property=\"og:image:type\" content=\"image\/jpeg\" \/>\n<meta name=\"twitter:card\" content=\"summary_large_image\" \/>\n<meta name=\"twitter:label1\" content=\"Estimated reading time\" \/>\n\t<meta name=\"twitter:data1\" content=\"1 minute\" \/>\n<script type=\"application\/ld+json\" class=\"yoast-schema-graph\">{\"@context\":\"https:\/\/schema.org\",\"@graph\":[{\"@type\":\"WebPage\",\"@id\":\"https:\/\/invertas.lt\/produktai\/lygio-matuokliai\/radaro-jutiklis-nivoguide-ng-3100\/\",\"url\":\"https:\/\/invertas.lt\/produktai\/lygio-matuokliai\/radaro-jutiklis-nivoguide-ng-3100\/\",\"name\":\"UWT radarinis lygio jutiklis NivoGuide\u00ae - NG 3100 - Invertas\",\"isPartOf\":{\"@id\":\"https:\/\/invertas.lt\/#website\"},\"primaryImageOfPage\":{\"@id\":\"https:\/\/invertas.lt\/produktai\/lygio-matuokliai\/radaro-jutiklis-nivoguide-ng-3100\/#primaryimage\"},\"image\":{\"@id\":\"https:\/\/invertas.lt\/produktai\/lygio-matuokliai\/radaro-jutiklis-nivoguide-ng-3100\/#primaryimage\"},\"thumbnailUrl\":\"https:\/\/invertas.lt\/wp-content\/uploads\/2025\/06\/ng-3000-nivoguide-guided-wave-radar-sensor-tdr-rodversion.jpg\",\"datePublished\":\"2025-06-21T09:42:38+00:00\",\"dateModified\":\"2025-08-07T15:37:05+00:00\",\"description\":\"NivoGuide\u00ae NG 3100 \u2013 valdomas radaro jutiklis biri\u0173 med\u017eiag\u0173 lygio matavimui, kai santykinis dielektrinis laidumas (Dk) nuo 1,5.\",\"breadcrumb\":{\"@id\":\"https:\/\/invertas.lt\/produktai\/lygio-matuokliai\/radaro-jutiklis-nivoguide-ng-3100\/#breadcrumb\"},\"inLanguage\":\"en-GB\",\"potentialAction\":[{\"@type\":\"ReadAction\",\"target\":[\"https:\/\/invertas.lt\/produktai\/lygio-matuokliai\/radaro-jutiklis-nivoguide-ng-3100\/\"]}]},{\"@type\":\"ImageObject\",\"inLanguage\":\"en-GB\",\"@id\":\"https:\/\/invertas.lt\/produktai\/lygio-matuokliai\/radaro-jutiklis-nivoguide-ng-3100\/#primaryimage\",\"url\":\"https:\/\/invertas.lt\/wp-content\/uploads\/2025\/06\/ng-3000-nivoguide-guided-wave-radar-sensor-tdr-rodversion.jpg\",\"contentUrl\":\"https:\/\/invertas.lt\/wp-content\/uploads\/2025\/06\/ng-3000-nivoguide-guided-wave-radar-sensor-tdr-rodversion.jpg\",\"width\":800,\"height\":1200},{\"@type\":\"BreadcrumbList\",\"@id\":\"https:\/\/invertas.lt\/produktai\/lygio-matuokliai\/radaro-jutiklis-nivoguide-ng-3100\/#breadcrumb\",\"itemListElement\":[{\"@type\":\"ListItem\",\"position\":1,\"name\":\"Prad\u017eia\",\"item\":\"https:\/\/invertas.lt\/\"},{\"@type\":\"ListItem\",\"position\":2,\"name\":\"Products\",\"item\":\"https:\/\/invertas.lt\/shop\/\"},{\"@type\":\"ListItem\",\"position\":3,\"name\":\"Lygio matuokliai\",\"item\":\"https:\/\/invertas.lt\/.\/lygio-matuokliai\/\"},{\"@type\":\"ListItem\",\"position\":4,\"name\":\"UWT radarinis lygio jutiklis NivoGuide\u00ae &#8211; NG 3100\"}]},{\"@type\":\"WebSite\",\"@id\":\"https:\/\/invertas.lt\/#website\",\"url\":\"https:\/\/invertas.lt\/\",\"name\":\"Invertas\",\"description\":\"\",\"publisher\":{\"@id\":\"https:\/\/invertas.lt\/#organization\"},\"potentialAction\":[{\"@type\":\"SearchAction\",\"target\":{\"@type\":\"EntryPoint\",\"urlTemplate\":\"https:\/\/invertas.lt\/?s={search_term_string}\"},\"query-input\":{\"@type\":\"PropertyValueSpecification\",\"valueRequired\":true,\"valueName\":\"search_term_string\"}}],\"inLanguage\":\"en-GB\"},{\"@type\":\"Organization\",\"@id\":\"https:\/\/invertas.lt\/#organization\",\"name\":\"Invertas\",\"url\":\"https:\/\/invertas.lt\/\",\"logo\":{\"@type\":\"ImageObject\",\"inLanguage\":\"en-GB\",\"@id\":\"https:\/\/invertas.lt\/#\/schema\/logo\/image\/\",\"url\":\"https:\/\/invertas.lt\/wp-content\/uploads\/2025\/03\/New-Text-Document-2.svg\",\"contentUrl\":\"https:\/\/invertas.lt\/wp-content\/uploads\/2025\/03\/New-Text-Document-2.svg\",\"width\":140,\"height\":39,\"caption\":\"Invertas\"},\"image\":{\"@id\":\"https:\/\/invertas.lt\/#\/schema\/logo\/image\/\"}}]}<\/script>\n<!-- \/ Yoast SEO plugin. -->","yoast_head_json":{"title":"UWT radarinis lygio jutiklis NivoGuide\u00ae - NG 3100 - Invertas","description":"NivoGuide\u00ae NG 3100 \u2013 valdomas radaro jutiklis biri\u0173 med\u017eiag\u0173 lygio matavimui, kai santykinis dielektrinis laidumas (Dk) nuo 1,5.","robots":{"index":"index","follow":"follow","max-snippet":"max-snippet:-1","max-image-preview":"max-image-preview:large","max-video-preview":"max-video-preview:-1"},"canonical":"https:\/\/invertas.lt\/en\/produktai\/lygio-matuokliai\/radaro-jutiklis-nivoguide-ng-3100\/","og_locale":"en_GB","og_type":"article","og_title":"UWT radarinis lygio jutiklis NivoGuide\u00ae - NG 3100 - Invertas","og_description":"NivoGuide\u00ae NG 3100 \u2013 valdomas radaro jutiklis biri\u0173 med\u017eiag\u0173 lygio matavimui, kai santykinis dielektrinis laidumas (Dk) nuo 1,5.","og_url":"https:\/\/invertas.lt\/en\/produktai\/lygio-matuokliai\/radaro-jutiklis-nivoguide-ng-3100\/","og_site_name":"Invertas","article_modified_time":"2025-08-07T15:37:05+00:00","og_image":[{"width":800,"height":1200,"url":"https:\/\/invertas.lt\/wp-content\/uploads\/2025\/06\/ng-3000-nivoguide-guided-wave-radar-sensor-tdr-rodversion.jpg","type":"image\/jpeg"}],"twitter_card":"summary_large_image","twitter_misc":{"Estimated reading time":"1 minute"},"schema":{"@context":"https:\/\/schema.org","@graph":[{"@type":"WebPage","@id":"https:\/\/invertas.lt\/produktai\/lygio-matuokliai\/radaro-jutiklis-nivoguide-ng-3100\/","url":"https:\/\/invertas.lt\/produktai\/lygio-matuokliai\/radaro-jutiklis-nivoguide-ng-3100\/","name":"UWT radarinis lygio jutiklis NivoGuide\u00ae - NG 3100 - Invertas","isPartOf":{"@id":"https:\/\/invertas.lt\/#website"},"primaryImageOfPage":{"@id":"https:\/\/invertas.lt\/produktai\/lygio-matuokliai\/radaro-jutiklis-nivoguide-ng-3100\/#primaryimage"},"image":{"@id":"https:\/\/invertas.lt\/produktai\/lygio-matuokliai\/radaro-jutiklis-nivoguide-ng-3100\/#primaryimage"},"thumbnailUrl":"https:\/\/invertas.lt\/wp-content\/uploads\/2025\/06\/ng-3000-nivoguide-guided-wave-radar-sensor-tdr-rodversion.jpg","datePublished":"2025-06-21T09:42:38+00:00","dateModified":"2025-08-07T15:37:05+00:00","description":"NivoGuide\u00ae NG 3100 \u2013 valdomas radaro jutiklis biri\u0173 med\u017eiag\u0173 lygio matavimui, kai santykinis dielektrinis laidumas (Dk) nuo 1,5.","breadcrumb":{"@id":"https:\/\/invertas.lt\/produktai\/lygio-matuokliai\/radaro-jutiklis-nivoguide-ng-3100\/#breadcrumb"},"inLanguage":"en-GB","potentialAction":[{"@type":"ReadAction","target":["https:\/\/invertas.lt\/produktai\/lygio-matuokliai\/radaro-jutiklis-nivoguide-ng-3100\/"]}]},{"@type":"ImageObject","inLanguage":"en-GB","@id":"https:\/\/invertas.lt\/produktai\/lygio-matuokliai\/radaro-jutiklis-nivoguide-ng-3100\/#primaryimage","url":"https:\/\/invertas.lt\/wp-content\/uploads\/2025\/06\/ng-3000-nivoguide-guided-wave-radar-sensor-tdr-rodversion.jpg","contentUrl":"https:\/\/invertas.lt\/wp-content\/uploads\/2025\/06\/ng-3000-nivoguide-guided-wave-radar-sensor-tdr-rodversion.jpg","width":800,"height":1200},{"@type":"BreadcrumbList","@id":"https:\/\/invertas.lt\/produktai\/lygio-matuokliai\/radaro-jutiklis-nivoguide-ng-3100\/#breadcrumb","itemListElement":[{"@type":"ListItem","position":1,"name":"Prad\u017eia","item":"https:\/\/invertas.lt\/"},{"@type":"ListItem","position":2,"name":"Products","item":"https:\/\/invertas.lt\/shop\/"},{"@type":"ListItem","position":3,"name":"Lygio matuokliai","item":"https:\/\/invertas.lt\/.\/lygio-matuokliai\/"},{"@type":"ListItem","position":4,"name":"UWT radarinis lygio jutiklis NivoGuide\u00ae &#8211; NG 3100"}]},{"@type":"WebSite","@id":"https:\/\/invertas.lt\/#website","url":"https:\/\/invertas.lt\/","name":"Invert","description":"","publisher":{"@id":"https:\/\/invertas.lt\/#organization"},"potentialAction":[{"@type":"SearchAction","target":{"@type":"EntryPoint","urlTemplate":"https:\/\/invertas.lt\/?s={search_term_string}"},"query-input":{"@type":"PropertyValueSpecification","valueRequired":true,"valueName":"search_term_string"}}],"inLanguage":"en-GB"},{"@type":"Organization","@id":"https:\/\/invertas.lt\/#organization","name":"Invert","url":"https:\/\/invertas.lt\/","logo":{"@type":"ImageObject","inLanguage":"en-GB","@id":"https:\/\/invertas.lt\/#\/schema\/logo\/image\/","url":"https:\/\/invertas.lt\/wp-content\/uploads\/2025\/03\/New-Text-Document-2.svg","contentUrl":"https:\/\/invertas.lt\/wp-content\/uploads\/2025\/03\/New-Text-Document-2.svg","width":140,"height":39,"caption":"Invertas"},"image":{"@id":"https:\/\/invertas.lt\/#\/schema\/logo\/image\/"}}]}},"_links":{"self":[{"href":"https:\/\/invertas.lt\/en\/wp-json\/wp\/v2\/product\/7283","targetHints":{"allow":["GET"]}}],"collection":[{"href":"https:\/\/invertas.lt\/en\/wp-json\/wp\/v2\/product"}],"about":[{"href":"https:\/\/invertas.lt\/en\/wp-json\/wp\/v2\/types\/product"}],"replies":[{"embeddable":true,"href":"https:\/\/invertas.lt\/en\/wp-json\/wp\/v2\/comments?post=7283"}],"wp:featuredmedia":[{"embeddable":true,"href":"https:\/\/invertas.lt\/en\/wp-json\/wp\/v2\/media\/7284"}],"wp:attachment":[{"href":"https:\/\/invertas.lt\/en\/wp-json\/wp\/v2\/media?parent=7283"}],"wp:term":[{"taxonomy":"product_brand","embeddable":true,"href":"https:\/\/invertas.lt\/en\/wp-json\/wp\/v2\/product_brand?post=7283"},{"taxonomy":"product_cat","embeddable":true,"href":"https:\/\/invertas.lt\/en\/wp-json\/wp\/v2\/product_cat?post=7283"},{"taxonomy":"product_tag","embeddable":true,"href":"https:\/\/invertas.lt\/en\/wp-json\/wp\/v2\/product_tag?post=7283"}],"curies":[{"name":"wp","href":"https:\/\/api.w.org\/{rel}","templated":true}]}}