{"id":7275,"date":"2025-06-21T08:51:42","date_gmt":"2025-06-21T08:51:42","guid":{"rendered":"https:\/\/aurimasb15.sg-host.com\/?post_type=product&#038;p=7275"},"modified":"2025-08-07T15:31:20","modified_gmt":"2025-08-07T15:31:20","slug":"radaro-jutiklis-nivoradar-nr-8500-ragine-antena-aukstai-temperaturai","status":"publish","type":"product","link":"https:\/\/invertas.lt\/en\/produktai\/lygio-matuokliai\/radaro-jutiklis-nivoradar-nr-8500-ragine-antena-aukstai-temperaturai\/","title":{"rendered":"UWT radar level sensor NivoRadar\u00ae \u2013 NR 8500"},"content":{"rendered":"<p data-start=\"0\" data-end=\"18\"><strong data-start=\"0\" data-end=\"18\">Fields of application<\/strong><\/p>\n<p data-start=\"20\" data-end=\"295\">NivoRadar\u00ae 8500 is a non-contact 80 GHz radar sensor for precise liquid level measurement in extreme conditions. It operates at temperatures up to 450 \u00b0C and pressures up to 160 bar. The robust stainless steel antenna and narrow 3\u00b0 beam ensure accuracy even over long distances.<\/p>\n<p data-start=\"297\" data-end=\"308\"><strong data-start=\"297\" data-end=\"308\">Features<\/strong><\/p>\n<ul>\n<li data-start=\"312\" data-end=\"356\">Precise measurement in extreme conditions<\/li>\n<li data-start=\"359\" data-end=\"407\">Carefree operation and durable design<\/li>\n<li data-start=\"410\" data-end=\"476\">Convenient operation via UWT LevelApp, integrated display or PACTware<\/li>\n<\/ul>","protected":false},"excerpt":{"rendered":"<p>Taikymo sritys NivoRadar\u00ae 8500 \u2013 bekontaktis 80\u202fGHz radaro jutiklis, skirtas tiksliam skys\u010di\u0173 lygio matavimui ekstremaliomis s\u0105lygomis. Veikia iki 450\u202f\u00b0C temperat\u016broje ir 160 bar\u0173 sl\u0117gyje. Tvirta ner\u016bdijan\u010dio plieno antena ir siauras 3\u00b0 spindulys u\u017etikrina tikslum\u0105 net dideliais atstumais. Savyb\u0117s Tikslus matavimas ekstremaliomis s\u0105lygomis Beprie\u017ei\u016bris veikimas ir ilgaam\u017e\u0117 konstrukcija Patogus valdymas per UWT LevelApp, integruot\u0105 ekran\u0105 arba [&hellip;]<\/p>","protected":false},"featured_media":7276,"comment_status":"open","ping_status":"closed","template":"","meta":{"_acf_changed":false,"inline_featured_image":false},"product_brand":[],"product_cat":[411],"product_tag":[],"class_list":{"0":"post-7275","1":"product","2":"type-product","3":"status-publish","4":"has-post-thumbnail","6":"product_cat-lygio-matuokliai","8":"first","9":"instock","10":"shipping-taxable","11":"purchasable","12":"product-type-simple"},"acf":[],"yoast_head":"<!-- This site is optimized with the Yoast SEO plugin v25.5 - https:\/\/yoast.com\/wordpress\/plugins\/seo\/ -->\n<title>UWT radarinis lygio jutiklis NivoRadar\u00ae - NR 8500 - Invertas<\/title>\n<meta name=\"description\" content=\"NivoRadar\u00ae 8500 \u2013 bekontaktis 80\u202fGHz radaro jutiklis, skirtas tiksliam skys\u010di\u0173 lygio matavimui ekstremaliomis s\u0105lygomis. Super tikslumas.\" \/>\n<meta name=\"robots\" content=\"index, follow, max-snippet:-1, max-image-preview:large, max-video-preview:-1\" \/>\n<link rel=\"canonical\" href=\"https:\/\/invertas.lt\/en\/produktai\/lygio-matuokliai\/radaro-jutiklis-nivoradar-nr-8500-ragine-antena-aukstai-temperaturai\/\" \/>\n<meta property=\"og:locale\" content=\"en_GB\" \/>\n<meta property=\"og:type\" content=\"article\" \/>\n<meta property=\"og:title\" content=\"UWT radarinis lygio jutiklis NivoRadar\u00ae - NR 8500 - Invertas\" \/>\n<meta property=\"og:description\" content=\"NivoRadar\u00ae 8500 \u2013 bekontaktis 80\u202fGHz radaro jutiklis, skirtas tiksliam skys\u010di\u0173 lygio matavimui ekstremaliomis s\u0105lygomis. Super tikslumas.\" \/>\n<meta property=\"og:url\" content=\"https:\/\/invertas.lt\/en\/produktai\/lygio-matuokliai\/radaro-jutiklis-nivoradar-nr-8500-ragine-antena-aukstai-temperaturai\/\" \/>\n<meta property=\"og:site_name\" content=\"Invertas\" \/>\n<meta property=\"article:modified_time\" content=\"2025-08-07T15:31:20+00:00\" \/>\n<meta property=\"og:image\" content=\"https:\/\/invertas.lt\/wp-content\/uploads\/2025\/06\/nr8500-high-temperature-version.jpg\" \/>\n\t<meta property=\"og:image:width\" content=\"1000\" \/>\n\t<meta property=\"og:image:height\" content=\"1000\" \/>\n\t<meta property=\"og:image:type\" content=\"image\/jpeg\" \/>\n<meta name=\"twitter:card\" content=\"summary_large_image\" \/>\n<meta name=\"twitter:label1\" content=\"Estimated reading time\" \/>\n\t<meta name=\"twitter:data1\" content=\"1 minute\" \/>\n<script type=\"application\/ld+json\" class=\"yoast-schema-graph\">{\"@context\":\"https:\/\/schema.org\",\"@graph\":[{\"@type\":\"WebPage\",\"@id\":\"https:\/\/invertas.lt\/produktai\/lygio-matuokliai\/radaro-jutiklis-nivoradar-nr-8500-ragine-antena-aukstai-temperaturai\/\",\"url\":\"https:\/\/invertas.lt\/produktai\/lygio-matuokliai\/radaro-jutiklis-nivoradar-nr-8500-ragine-antena-aukstai-temperaturai\/\",\"name\":\"UWT radarinis lygio jutiklis NivoRadar\u00ae - NR 8500 - Invertas\",\"isPartOf\":{\"@id\":\"https:\/\/invertas.lt\/#website\"},\"primaryImageOfPage\":{\"@id\":\"https:\/\/invertas.lt\/produktai\/lygio-matuokliai\/radaro-jutiklis-nivoradar-nr-8500-ragine-antena-aukstai-temperaturai\/#primaryimage\"},\"image\":{\"@id\":\"https:\/\/invertas.lt\/produktai\/lygio-matuokliai\/radaro-jutiklis-nivoradar-nr-8500-ragine-antena-aukstai-temperaturai\/#primaryimage\"},\"thumbnailUrl\":\"https:\/\/invertas.lt\/wp-content\/uploads\/2025\/06\/nr8500-high-temperature-version.jpg\",\"datePublished\":\"2025-06-21T08:51:42+00:00\",\"dateModified\":\"2025-08-07T15:31:20+00:00\",\"description\":\"NivoRadar\u00ae 8500 \u2013 bekontaktis 80\u202fGHz radaro jutiklis, skirtas tiksliam skys\u010di\u0173 lygio matavimui ekstremaliomis s\u0105lygomis. Super tikslumas.\",\"breadcrumb\":{\"@id\":\"https:\/\/invertas.lt\/produktai\/lygio-matuokliai\/radaro-jutiklis-nivoradar-nr-8500-ragine-antena-aukstai-temperaturai\/#breadcrumb\"},\"inLanguage\":\"en-GB\",\"potentialAction\":[{\"@type\":\"ReadAction\",\"target\":[\"https:\/\/invertas.lt\/produktai\/lygio-matuokliai\/radaro-jutiklis-nivoradar-nr-8500-ragine-antena-aukstai-temperaturai\/\"]}]},{\"@type\":\"ImageObject\",\"inLanguage\":\"en-GB\",\"@id\":\"https:\/\/invertas.lt\/produktai\/lygio-matuokliai\/radaro-jutiklis-nivoradar-nr-8500-ragine-antena-aukstai-temperaturai\/#primaryimage\",\"url\":\"https:\/\/invertas.lt\/wp-content\/uploads\/2025\/06\/nr8500-high-temperature-version.jpg\",\"contentUrl\":\"https:\/\/invertas.lt\/wp-content\/uploads\/2025\/06\/nr8500-high-temperature-version.jpg\",\"width\":1000,\"height\":1000},{\"@type\":\"BreadcrumbList\",\"@id\":\"https:\/\/invertas.lt\/produktai\/lygio-matuokliai\/radaro-jutiklis-nivoradar-nr-8500-ragine-antena-aukstai-temperaturai\/#breadcrumb\",\"itemListElement\":[{\"@type\":\"ListItem\",\"position\":1,\"name\":\"Prad\u017eia\",\"item\":\"https:\/\/invertas.lt\/\"},{\"@type\":\"ListItem\",\"position\":2,\"name\":\"Products\",\"item\":\"https:\/\/invertas.lt\/shop\/\"},{\"@type\":\"ListItem\",\"position\":3,\"name\":\"Lygio matuokliai\",\"item\":\"https:\/\/invertas.lt\/.\/lygio-matuokliai\/\"},{\"@type\":\"ListItem\",\"position\":4,\"name\":\"UWT radarinis lygio jutiklis NivoRadar\u00ae &#8211; NR 8500\"}]},{\"@type\":\"WebSite\",\"@id\":\"https:\/\/invertas.lt\/#website\",\"url\":\"https:\/\/invertas.lt\/\",\"name\":\"Invertas\",\"description\":\"\",\"publisher\":{\"@id\":\"https:\/\/invertas.lt\/#organization\"},\"potentialAction\":[{\"@type\":\"SearchAction\",\"target\":{\"@type\":\"EntryPoint\",\"urlTemplate\":\"https:\/\/invertas.lt\/?s={search_term_string}\"},\"query-input\":{\"@type\":\"PropertyValueSpecification\",\"valueRequired\":true,\"valueName\":\"search_term_string\"}}],\"inLanguage\":\"en-GB\"},{\"@type\":\"Organization\",\"@id\":\"https:\/\/invertas.lt\/#organization\",\"name\":\"Invertas\",\"url\":\"https:\/\/invertas.lt\/\",\"logo\":{\"@type\":\"ImageObject\",\"inLanguage\":\"en-GB\",\"@id\":\"https:\/\/invertas.lt\/#\/schema\/logo\/image\/\",\"url\":\"https:\/\/invertas.lt\/wp-content\/uploads\/2025\/03\/New-Text-Document-2.svg\",\"contentUrl\":\"https:\/\/invertas.lt\/wp-content\/uploads\/2025\/03\/New-Text-Document-2.svg\",\"width\":140,\"height\":39,\"caption\":\"Invertas\"},\"image\":{\"@id\":\"https:\/\/invertas.lt\/#\/schema\/logo\/image\/\"}}]}<\/script>\n<!-- \/ Yoast SEO plugin. -->","yoast_head_json":{"title":"UWT radarinis lygio jutiklis NivoRadar\u00ae - NR 8500 - Invertas","description":"NivoRadar\u00ae 8500 \u2013 bekontaktis 80\u202fGHz radaro jutiklis, skirtas tiksliam skys\u010di\u0173 lygio matavimui ekstremaliomis s\u0105lygomis. Super tikslumas.","robots":{"index":"index","follow":"follow","max-snippet":"max-snippet:-1","max-image-preview":"max-image-preview:large","max-video-preview":"max-video-preview:-1"},"canonical":"https:\/\/invertas.lt\/en\/produktai\/lygio-matuokliai\/radaro-jutiklis-nivoradar-nr-8500-ragine-antena-aukstai-temperaturai\/","og_locale":"en_GB","og_type":"article","og_title":"UWT radarinis lygio jutiklis NivoRadar\u00ae - NR 8500 - Invertas","og_description":"NivoRadar\u00ae 8500 \u2013 bekontaktis 80\u202fGHz radaro jutiklis, skirtas tiksliam skys\u010di\u0173 lygio matavimui ekstremaliomis s\u0105lygomis. Super tikslumas.","og_url":"https:\/\/invertas.lt\/en\/produktai\/lygio-matuokliai\/radaro-jutiklis-nivoradar-nr-8500-ragine-antena-aukstai-temperaturai\/","og_site_name":"Invertas","article_modified_time":"2025-08-07T15:31:20+00:00","og_image":[{"width":1000,"height":1000,"url":"https:\/\/invertas.lt\/wp-content\/uploads\/2025\/06\/nr8500-high-temperature-version.jpg","type":"image\/jpeg"}],"twitter_card":"summary_large_image","twitter_misc":{"Estimated reading time":"1 minute"},"schema":{"@context":"https:\/\/schema.org","@graph":[{"@type":"WebPage","@id":"https:\/\/invertas.lt\/produktai\/lygio-matuokliai\/radaro-jutiklis-nivoradar-nr-8500-ragine-antena-aukstai-temperaturai\/","url":"https:\/\/invertas.lt\/produktai\/lygio-matuokliai\/radaro-jutiklis-nivoradar-nr-8500-ragine-antena-aukstai-temperaturai\/","name":"UWT radarinis lygio jutiklis NivoRadar\u00ae - NR 8500 - Invertas","isPartOf":{"@id":"https:\/\/invertas.lt\/#website"},"primaryImageOfPage":{"@id":"https:\/\/invertas.lt\/produktai\/lygio-matuokliai\/radaro-jutiklis-nivoradar-nr-8500-ragine-antena-aukstai-temperaturai\/#primaryimage"},"image":{"@id":"https:\/\/invertas.lt\/produktai\/lygio-matuokliai\/radaro-jutiklis-nivoradar-nr-8500-ragine-antena-aukstai-temperaturai\/#primaryimage"},"thumbnailUrl":"https:\/\/invertas.lt\/wp-content\/uploads\/2025\/06\/nr8500-high-temperature-version.jpg","datePublished":"2025-06-21T08:51:42+00:00","dateModified":"2025-08-07T15:31:20+00:00","description":"NivoRadar\u00ae 8500 \u2013 bekontaktis 80\u202fGHz radaro jutiklis, skirtas tiksliam skys\u010di\u0173 lygio matavimui ekstremaliomis s\u0105lygomis. Super tikslumas.","breadcrumb":{"@id":"https:\/\/invertas.lt\/produktai\/lygio-matuokliai\/radaro-jutiklis-nivoradar-nr-8500-ragine-antena-aukstai-temperaturai\/#breadcrumb"},"inLanguage":"en-GB","potentialAction":[{"@type":"ReadAction","target":["https:\/\/invertas.lt\/produktai\/lygio-matuokliai\/radaro-jutiklis-nivoradar-nr-8500-ragine-antena-aukstai-temperaturai\/"]}]},{"@type":"ImageObject","inLanguage":"en-GB","@id":"https:\/\/invertas.lt\/produktai\/lygio-matuokliai\/radaro-jutiklis-nivoradar-nr-8500-ragine-antena-aukstai-temperaturai\/#primaryimage","url":"https:\/\/invertas.lt\/wp-content\/uploads\/2025\/06\/nr8500-high-temperature-version.jpg","contentUrl":"https:\/\/invertas.lt\/wp-content\/uploads\/2025\/06\/nr8500-high-temperature-version.jpg","width":1000,"height":1000},{"@type":"BreadcrumbList","@id":"https:\/\/invertas.lt\/produktai\/lygio-matuokliai\/radaro-jutiklis-nivoradar-nr-8500-ragine-antena-aukstai-temperaturai\/#breadcrumb","itemListElement":[{"@type":"ListItem","position":1,"name":"Prad\u017eia","item":"https:\/\/invertas.lt\/"},{"@type":"ListItem","position":2,"name":"Products","item":"https:\/\/invertas.lt\/shop\/"},{"@type":"ListItem","position":3,"name":"Lygio matuokliai","item":"https:\/\/invertas.lt\/.\/lygio-matuokliai\/"},{"@type":"ListItem","position":4,"name":"UWT radarinis lygio jutiklis NivoRadar\u00ae &#8211; NR 8500"}]},{"@type":"WebSite","@id":"https:\/\/invertas.lt\/#website","url":"https:\/\/invertas.lt\/","name":"Invert","description":"","publisher":{"@id":"https:\/\/invertas.lt\/#organization"},"potentialAction":[{"@type":"SearchAction","target":{"@type":"EntryPoint","urlTemplate":"https:\/\/invertas.lt\/?s={search_term_string}"},"query-input":{"@type":"PropertyValueSpecification","valueRequired":true,"valueName":"search_term_string"}}],"inLanguage":"en-GB"},{"@type":"Organization","@id":"https:\/\/invertas.lt\/#organization","name":"Invert","url":"https:\/\/invertas.lt\/","logo":{"@type":"ImageObject","inLanguage":"en-GB","@id":"https:\/\/invertas.lt\/#\/schema\/logo\/image\/","url":"https:\/\/invertas.lt\/wp-content\/uploads\/2025\/03\/New-Text-Document-2.svg","contentUrl":"https:\/\/invertas.lt\/wp-content\/uploads\/2025\/03\/New-Text-Document-2.svg","width":140,"height":39,"caption":"Invertas"},"image":{"@id":"https:\/\/invertas.lt\/#\/schema\/logo\/image\/"}}]}},"_links":{"self":[{"href":"https:\/\/invertas.lt\/en\/wp-json\/wp\/v2\/product\/7275","targetHints":{"allow":["GET"]}}],"collection":[{"href":"https:\/\/invertas.lt\/en\/wp-json\/wp\/v2\/product"}],"about":[{"href":"https:\/\/invertas.lt\/en\/wp-json\/wp\/v2\/types\/product"}],"replies":[{"embeddable":true,"href":"https:\/\/invertas.lt\/en\/wp-json\/wp\/v2\/comments?post=7275"}],"wp:featuredmedia":[{"embeddable":true,"href":"https:\/\/invertas.lt\/en\/wp-json\/wp\/v2\/media\/7276"}],"wp:attachment":[{"href":"https:\/\/invertas.lt\/en\/wp-json\/wp\/v2\/media?parent=7275"}],"wp:term":[{"taxonomy":"product_brand","embeddable":true,"href":"https:\/\/invertas.lt\/en\/wp-json\/wp\/v2\/product_brand?post=7275"},{"taxonomy":"product_cat","embeddable":true,"href":"https:\/\/invertas.lt\/en\/wp-json\/wp\/v2\/product_cat?post=7275"},{"taxonomy":"product_tag","embeddable":true,"href":"https:\/\/invertas.lt\/en\/wp-json\/wp\/v2\/product_tag?post=7275"}],"curies":[{"name":"wp","href":"https:\/\/api.w.org\/{rel}","templated":true}]}}