{"id":7239,"date":"2025-06-20T18:11:53","date_gmt":"2025-06-20T18:11:53","guid":{"rendered":"https:\/\/aurimasb15.sg-host.com\/?post_type=product&#038;p=7239"},"modified":"2025-08-07T15:33:47","modified_gmt":"2025-08-07T15:33:47","slug":"radaro-jutiklis-nivoradar-nr-8100-plastikine-rageline-antena","status":"publish","type":"product","link":"https:\/\/invertas.lt\/en\/produktai\/lygio-matuokliai\/radaro-jutiklis-nivoradar-nr-8100-plastikine-rageline-antena\/","title":{"rendered":"UWT radar level sensor NivoRadar\u00ae \u2013 NR 8100"},"content":{"rendered":"<p data-start=\"0\" data-end=\"18\"><strong data-start=\"0\" data-end=\"18\">Fields of application<\/strong><\/p>\n<p data-start=\"20\" data-end=\"246\">NivoRadar\u00ae 8100 is a cost-effective 80 GHz radar sensor for liquid level measurement at distances up to 120 m. Suitable for use in temperatures up to 80 \u00b0C. The plastic horn antenna and narrow 3\u00b0 beam ensure accuracy in a wide range of conditions.<\/p>\n<p data-start=\"248\" data-end=\"259\"><strong data-start=\"248\" data-end=\"259\">Features<\/strong><\/p>\n<ul>\n<li data-start=\"263\" data-end=\"308\">Accurate measurement regardless of medium<\/li>\n<li data-start=\"311\" data-end=\"347\">Long-lasting, unattended solution<\/li>\n<li data-start=\"350\" data-end=\"407\">Quick start via UWT LevelApp, display or PACTware<\/li>\n<\/ul>","protected":false},"excerpt":{"rendered":"<p>Taikymo sritys NivoRadar\u00ae 8100 \u2013 ekonomi\u0161kas 80\u202fGHz radaro jutiklis skys\u010di\u0173 lygio matavimui iki 120\u202fm atstumu. Tinka naudoti iki 80\u202f\u00b0C temperat\u016broje. Plastikin\u0117 ragelin\u0117 antena ir siauras 3\u00b0 spindulys u\u017etikrina tikslum\u0105 \u012fvairiomis s\u0105lygomis. Savyb\u0117s Tikslus matavimas nepriklausomai nuo terp\u0117s Ilgaam\u017eis, beprie\u017ei\u016bris sprendimas Greitas paleidimas per UWT LevelApp, ekran\u0105 arba PACTware<\/p>","protected":false},"featured_media":7240,"comment_status":"open","ping_status":"closed","template":"","meta":{"_acf_changed":false,"inline_featured_image":false},"product_brand":[],"product_cat":[411],"product_tag":[],"class_list":{"0":"post-7239","1":"product","2":"type-product","3":"status-publish","4":"has-post-thumbnail","6":"product_cat-lygio-matuokliai","8":"first","9":"instock","10":"shipping-taxable","11":"purchasable","12":"product-type-simple"},"acf":[],"yoast_head":"<!-- This site is optimized with the Yoast SEO plugin v25.5 - https:\/\/yoast.com\/wordpress\/plugins\/seo\/ -->\n<title>UWT radarinis lygio jutiklis NivoRadar\u00ae \u2013 NR 8100 - Invertas<\/title>\n<meta name=\"description\" content=\"NivoRadar\u00ae 8100 \u2013 ekonomi\u0161kas 80\u202fGHz radaro jutiklis skys\u010di\u0173 lygio matavimui iki 120\u202fm atstumu. Tinka naudoti iki 80\u202f\u00b0C temperat\u016broje.\" \/>\n<meta name=\"robots\" content=\"index, follow, max-snippet:-1, max-image-preview:large, max-video-preview:-1\" \/>\n<link rel=\"canonical\" href=\"https:\/\/invertas.lt\/en\/produktai\/lygio-matuokliai\/radaro-jutiklis-nivoradar-nr-8100-plastikine-rageline-antena\/\" \/>\n<meta property=\"og:locale\" content=\"en_GB\" \/>\n<meta property=\"og:type\" content=\"article\" \/>\n<meta property=\"og:title\" content=\"UWT radarinis lygio jutiklis NivoRadar\u00ae \u2013 NR 8100 - Invertas\" \/>\n<meta property=\"og:description\" content=\"NivoRadar\u00ae 8100 \u2013 ekonomi\u0161kas 80\u202fGHz radaro jutiklis skys\u010di\u0173 lygio matavimui iki 120\u202fm atstumu. Tinka naudoti iki 80\u202f\u00b0C temperat\u016broje.\" \/>\n<meta property=\"og:url\" content=\"https:\/\/invertas.lt\/en\/produktai\/lygio-matuokliai\/radaro-jutiklis-nivoradar-nr-8100-plastikine-rageline-antena\/\" \/>\n<meta property=\"og:site_name\" content=\"Invertas\" \/>\n<meta property=\"article:modified_time\" content=\"2025-08-07T15:33:47+00:00\" \/>\n<meta property=\"og:image\" content=\"https:\/\/invertas.lt\/wp-content\/uploads\/2025\/06\/nr8100-plastic-horn-antenna.jpg\" \/>\n\t<meta property=\"og:image:width\" content=\"1000\" \/>\n\t<meta property=\"og:image:height\" content=\"1000\" \/>\n\t<meta property=\"og:image:type\" content=\"image\/jpeg\" \/>\n<meta name=\"twitter:card\" content=\"summary_large_image\" \/>\n<meta name=\"twitter:label1\" content=\"Estimated reading time\" \/>\n\t<meta name=\"twitter:data1\" content=\"1 minute\" \/>\n<script type=\"application\/ld+json\" class=\"yoast-schema-graph\">{\"@context\":\"https:\/\/schema.org\",\"@graph\":[{\"@type\":\"WebPage\",\"@id\":\"https:\/\/invertas.lt\/produktai\/lygio-matuokliai\/radaro-jutiklis-nivoradar-nr-8100-plastikine-rageline-antena\/\",\"url\":\"https:\/\/invertas.lt\/produktai\/lygio-matuokliai\/radaro-jutiklis-nivoradar-nr-8100-plastikine-rageline-antena\/\",\"name\":\"UWT radarinis lygio jutiklis NivoRadar\u00ae \u2013 NR 8100 - Invertas\",\"isPartOf\":{\"@id\":\"https:\/\/invertas.lt\/#website\"},\"primaryImageOfPage\":{\"@id\":\"https:\/\/invertas.lt\/produktai\/lygio-matuokliai\/radaro-jutiklis-nivoradar-nr-8100-plastikine-rageline-antena\/#primaryimage\"},\"image\":{\"@id\":\"https:\/\/invertas.lt\/produktai\/lygio-matuokliai\/radaro-jutiklis-nivoradar-nr-8100-plastikine-rageline-antena\/#primaryimage\"},\"thumbnailUrl\":\"https:\/\/invertas.lt\/wp-content\/uploads\/2025\/06\/nr8100-plastic-horn-antenna.jpg\",\"datePublished\":\"2025-06-20T18:11:53+00:00\",\"dateModified\":\"2025-08-07T15:33:47+00:00\",\"description\":\"NivoRadar\u00ae 8100 \u2013 ekonomi\u0161kas 80\u202fGHz radaro jutiklis skys\u010di\u0173 lygio matavimui iki 120\u202fm atstumu. Tinka naudoti iki 80\u202f\u00b0C temperat\u016broje.\",\"breadcrumb\":{\"@id\":\"https:\/\/invertas.lt\/produktai\/lygio-matuokliai\/radaro-jutiklis-nivoradar-nr-8100-plastikine-rageline-antena\/#breadcrumb\"},\"inLanguage\":\"en-GB\",\"potentialAction\":[{\"@type\":\"ReadAction\",\"target\":[\"https:\/\/invertas.lt\/produktai\/lygio-matuokliai\/radaro-jutiklis-nivoradar-nr-8100-plastikine-rageline-antena\/\"]}]},{\"@type\":\"ImageObject\",\"inLanguage\":\"en-GB\",\"@id\":\"https:\/\/invertas.lt\/produktai\/lygio-matuokliai\/radaro-jutiklis-nivoradar-nr-8100-plastikine-rageline-antena\/#primaryimage\",\"url\":\"https:\/\/invertas.lt\/wp-content\/uploads\/2025\/06\/nr8100-plastic-horn-antenna.jpg\",\"contentUrl\":\"https:\/\/invertas.lt\/wp-content\/uploads\/2025\/06\/nr8100-plastic-horn-antenna.jpg\",\"width\":1000,\"height\":1000},{\"@type\":\"BreadcrumbList\",\"@id\":\"https:\/\/invertas.lt\/produktai\/lygio-matuokliai\/radaro-jutiklis-nivoradar-nr-8100-plastikine-rageline-antena\/#breadcrumb\",\"itemListElement\":[{\"@type\":\"ListItem\",\"position\":1,\"name\":\"Prad\u017eia\",\"item\":\"https:\/\/invertas.lt\/\"},{\"@type\":\"ListItem\",\"position\":2,\"name\":\"Products\",\"item\":\"https:\/\/invertas.lt\/shop\/\"},{\"@type\":\"ListItem\",\"position\":3,\"name\":\"Lygio matuokliai\",\"item\":\"https:\/\/invertas.lt\/.\/lygio-matuokliai\/\"},{\"@type\":\"ListItem\",\"position\":4,\"name\":\"UWT radarinis lygio jutiklis NivoRadar\u00ae \u2013 NR 8100\"}]},{\"@type\":\"WebSite\",\"@id\":\"https:\/\/invertas.lt\/#website\",\"url\":\"https:\/\/invertas.lt\/\",\"name\":\"Invertas\",\"description\":\"\",\"publisher\":{\"@id\":\"https:\/\/invertas.lt\/#organization\"},\"potentialAction\":[{\"@type\":\"SearchAction\",\"target\":{\"@type\":\"EntryPoint\",\"urlTemplate\":\"https:\/\/invertas.lt\/?s={search_term_string}\"},\"query-input\":{\"@type\":\"PropertyValueSpecification\",\"valueRequired\":true,\"valueName\":\"search_term_string\"}}],\"inLanguage\":\"en-GB\"},{\"@type\":\"Organization\",\"@id\":\"https:\/\/invertas.lt\/#organization\",\"name\":\"Invertas\",\"url\":\"https:\/\/invertas.lt\/\",\"logo\":{\"@type\":\"ImageObject\",\"inLanguage\":\"en-GB\",\"@id\":\"https:\/\/invertas.lt\/#\/schema\/logo\/image\/\",\"url\":\"https:\/\/invertas.lt\/wp-content\/uploads\/2025\/03\/New-Text-Document-2.svg\",\"contentUrl\":\"https:\/\/invertas.lt\/wp-content\/uploads\/2025\/03\/New-Text-Document-2.svg\",\"width\":140,\"height\":39,\"caption\":\"Invertas\"},\"image\":{\"@id\":\"https:\/\/invertas.lt\/#\/schema\/logo\/image\/\"}}]}<\/script>\n<!-- \/ Yoast SEO plugin. -->","yoast_head_json":{"title":"UWT radarinis lygio jutiklis NivoRadar\u00ae \u2013 NR 8100 - Invertas","description":"NivoRadar\u00ae 8100 \u2013 ekonomi\u0161kas 80\u202fGHz radaro jutiklis skys\u010di\u0173 lygio matavimui iki 120\u202fm atstumu. Tinka naudoti iki 80\u202f\u00b0C temperat\u016broje.","robots":{"index":"index","follow":"follow","max-snippet":"max-snippet:-1","max-image-preview":"max-image-preview:large","max-video-preview":"max-video-preview:-1"},"canonical":"https:\/\/invertas.lt\/en\/produktai\/lygio-matuokliai\/radaro-jutiklis-nivoradar-nr-8100-plastikine-rageline-antena\/","og_locale":"en_GB","og_type":"article","og_title":"UWT radarinis lygio jutiklis NivoRadar\u00ae \u2013 NR 8100 - Invertas","og_description":"NivoRadar\u00ae 8100 \u2013 ekonomi\u0161kas 80\u202fGHz radaro jutiklis skys\u010di\u0173 lygio matavimui iki 120\u202fm atstumu. Tinka naudoti iki 80\u202f\u00b0C temperat\u016broje.","og_url":"https:\/\/invertas.lt\/en\/produktai\/lygio-matuokliai\/radaro-jutiklis-nivoradar-nr-8100-plastikine-rageline-antena\/","og_site_name":"Invertas","article_modified_time":"2025-08-07T15:33:47+00:00","og_image":[{"width":1000,"height":1000,"url":"https:\/\/invertas.lt\/wp-content\/uploads\/2025\/06\/nr8100-plastic-horn-antenna.jpg","type":"image\/jpeg"}],"twitter_card":"summary_large_image","twitter_misc":{"Estimated reading time":"1 minute"},"schema":{"@context":"https:\/\/schema.org","@graph":[{"@type":"WebPage","@id":"https:\/\/invertas.lt\/produktai\/lygio-matuokliai\/radaro-jutiklis-nivoradar-nr-8100-plastikine-rageline-antena\/","url":"https:\/\/invertas.lt\/produktai\/lygio-matuokliai\/radaro-jutiklis-nivoradar-nr-8100-plastikine-rageline-antena\/","name":"UWT radarinis lygio jutiklis NivoRadar\u00ae \u2013 NR 8100 - Invertas","isPartOf":{"@id":"https:\/\/invertas.lt\/#website"},"primaryImageOfPage":{"@id":"https:\/\/invertas.lt\/produktai\/lygio-matuokliai\/radaro-jutiklis-nivoradar-nr-8100-plastikine-rageline-antena\/#primaryimage"},"image":{"@id":"https:\/\/invertas.lt\/produktai\/lygio-matuokliai\/radaro-jutiklis-nivoradar-nr-8100-plastikine-rageline-antena\/#primaryimage"},"thumbnailUrl":"https:\/\/invertas.lt\/wp-content\/uploads\/2025\/06\/nr8100-plastic-horn-antenna.jpg","datePublished":"2025-06-20T18:11:53+00:00","dateModified":"2025-08-07T15:33:47+00:00","description":"NivoRadar\u00ae 8100 \u2013 ekonomi\u0161kas 80\u202fGHz radaro jutiklis skys\u010di\u0173 lygio matavimui iki 120\u202fm atstumu. Tinka naudoti iki 80\u202f\u00b0C temperat\u016broje.","breadcrumb":{"@id":"https:\/\/invertas.lt\/produktai\/lygio-matuokliai\/radaro-jutiklis-nivoradar-nr-8100-plastikine-rageline-antena\/#breadcrumb"},"inLanguage":"en-GB","potentialAction":[{"@type":"ReadAction","target":["https:\/\/invertas.lt\/produktai\/lygio-matuokliai\/radaro-jutiklis-nivoradar-nr-8100-plastikine-rageline-antena\/"]}]},{"@type":"ImageObject","inLanguage":"en-GB","@id":"https:\/\/invertas.lt\/produktai\/lygio-matuokliai\/radaro-jutiklis-nivoradar-nr-8100-plastikine-rageline-antena\/#primaryimage","url":"https:\/\/invertas.lt\/wp-content\/uploads\/2025\/06\/nr8100-plastic-horn-antenna.jpg","contentUrl":"https:\/\/invertas.lt\/wp-content\/uploads\/2025\/06\/nr8100-plastic-horn-antenna.jpg","width":1000,"height":1000},{"@type":"BreadcrumbList","@id":"https:\/\/invertas.lt\/produktai\/lygio-matuokliai\/radaro-jutiklis-nivoradar-nr-8100-plastikine-rageline-antena\/#breadcrumb","itemListElement":[{"@type":"ListItem","position":1,"name":"Prad\u017eia","item":"https:\/\/invertas.lt\/"},{"@type":"ListItem","position":2,"name":"Products","item":"https:\/\/invertas.lt\/shop\/"},{"@type":"ListItem","position":3,"name":"Lygio matuokliai","item":"https:\/\/invertas.lt\/.\/lygio-matuokliai\/"},{"@type":"ListItem","position":4,"name":"UWT radarinis lygio jutiklis NivoRadar\u00ae \u2013 NR 8100"}]},{"@type":"WebSite","@id":"https:\/\/invertas.lt\/#website","url":"https:\/\/invertas.lt\/","name":"Invert","description":"","publisher":{"@id":"https:\/\/invertas.lt\/#organization"},"potentialAction":[{"@type":"SearchAction","target":{"@type":"EntryPoint","urlTemplate":"https:\/\/invertas.lt\/?s={search_term_string}"},"query-input":{"@type":"PropertyValueSpecification","valueRequired":true,"valueName":"search_term_string"}}],"inLanguage":"en-GB"},{"@type":"Organization","@id":"https:\/\/invertas.lt\/#organization","name":"Invert","url":"https:\/\/invertas.lt\/","logo":{"@type":"ImageObject","inLanguage":"en-GB","@id":"https:\/\/invertas.lt\/#\/schema\/logo\/image\/","url":"https:\/\/invertas.lt\/wp-content\/uploads\/2025\/03\/New-Text-Document-2.svg","contentUrl":"https:\/\/invertas.lt\/wp-content\/uploads\/2025\/03\/New-Text-Document-2.svg","width":140,"height":39,"caption":"Invertas"},"image":{"@id":"https:\/\/invertas.lt\/#\/schema\/logo\/image\/"}}]}},"_links":{"self":[{"href":"https:\/\/invertas.lt\/en\/wp-json\/wp\/v2\/product\/7239","targetHints":{"allow":["GET"]}}],"collection":[{"href":"https:\/\/invertas.lt\/en\/wp-json\/wp\/v2\/product"}],"about":[{"href":"https:\/\/invertas.lt\/en\/wp-json\/wp\/v2\/types\/product"}],"replies":[{"embeddable":true,"href":"https:\/\/invertas.lt\/en\/wp-json\/wp\/v2\/comments?post=7239"}],"wp:featuredmedia":[{"embeddable":true,"href":"https:\/\/invertas.lt\/en\/wp-json\/wp\/v2\/media\/7240"}],"wp:attachment":[{"href":"https:\/\/invertas.lt\/en\/wp-json\/wp\/v2\/media?parent=7239"}],"wp:term":[{"taxonomy":"product_brand","embeddable":true,"href":"https:\/\/invertas.lt\/en\/wp-json\/wp\/v2\/product_brand?post=7239"},{"taxonomy":"product_cat","embeddable":true,"href":"https:\/\/invertas.lt\/en\/wp-json\/wp\/v2\/product_cat?post=7239"},{"taxonomy":"product_tag","embeddable":true,"href":"https:\/\/invertas.lt\/en\/wp-json\/wp\/v2\/product_tag?post=7239"}],"curies":[{"name":"wp","href":"https:\/\/api.w.org\/{rel}","templated":true}]}}