{"id":7146,"date":"2025-06-19T17:53:30","date_gmt":"2025-06-19T17:53:30","guid":{"rendered":"https:\/\/aurimasb15.sg-host.com\/?post_type=product&#038;p=7146"},"modified":"2025-08-07T15:29:00","modified_gmt":"2025-08-07T15:29:00","slug":"talpinis-jutiklis-capanivo-cn-8100","status":"publish","type":"product","link":"https:\/\/invertas.lt\/en\/produktai\/lygio-matuokliai\/talpinis-jutiklis-capanivo-cn-8100\/","title":{"rendered":"UWT capacitive level sensor Capanivo\u00ae \u2013 CN 8100"},"content":{"rendered":"<h3 data-start=\"0\" data-end=\"14\">Fields of application<\/h3>\n<article class=\"text-token-text-primary w-full\" dir=\"auto\" data-testid=\"conversation-turn-50\" data-scroll-anchor=\"true\">\n<div class=\"text-base my-auto mx-auto py-5 [--thread-content-margin:--spacing(4)] @[37rem]:[--thread-content-margin:--spacing(6)] @[72rem]:[--thread-content-margin:--spacing(16)] px-(--thread-content-margin)\">\n<div class=\"[--thread-content-max-width:32rem] @[34rem]:[--thread-content-max-width:40rem] @[64rem]:[--thread-content-max-width:48rem] mx-auto flex max-w-(--thread-content-max-width) flex-1 text-base gap-4 md:gap-5 lg:gap-6 group\/turn-messages focus-visible:outline-hidden\" tabindex=\"-1\">\n<div class=\"group\/conversation-turn relative flex w-full min-w-0 flex-col agent-turn\">\n<div class=\"relative flex-col gap-1 md:gap-3\">\n<div class=\"flex max-w-full flex-col grow\">\n<div class=\"min-h-8 text-message relative flex w-full flex-col items-end gap-2 text-start break-words whitespace-normal [.text-message+&amp;]:mt-5\" dir=\"auto\" data-message-author-role=\"assistant\" data-message-id=\"dd097fce-52ed-4a36-9432-51ac91018ab4\" data-message-model-slug=\"gpt-4o\">\n<div class=\"flex w-full flex-col gap-1 empty:hidden first:pt-[3px]\">\n<div class=\"markdown prose dark:prose-invert w-full break-words dark\">\n<p data-start=\"0\" data-end=\"352\" data-is-last-node=\"\" data-is-only-node=\"\">The capacitive level detector Capanivo\u00ae 8100 is used in storage and process vessels as a full, demand and empty detector in all liquids. Due to different probe versions, a suitable solution will be found for every installation setting. A robust construction allows service at process temperatures up to +125\u00b0C and a process overpressure up to 25 bar.<\/p>\n<\/div>\n<\/div>\n<\/div>\n<\/div>\n<\/div>\n<\/div>\n<\/div>\n<\/div>\n<\/article>\n<h3 data-start=\"16\" data-end=\"183\">Features<\/h3>\n<ul>\n<li data-start=\"16\" data-end=\"183\">Simple commissioning without adjustment to the medium<\/li>\n<li>Adjustable hysteresis avoids unnecessary switching and thus increases the service life of the system<\/li>\n<li>Reliable measurement results even with strongly adhering material<\/li>\n<li data-start=\"16\" data-end=\"183\">SIL 2 certified<\/li>\n<\/ul>","protected":false},"excerpt":{"rendered":"<p>Taikymo sritys Talpinis lygio detektorius Capanivo\u00ae 8100 naudojamas sand\u0117liavimo ir technologiniuose induose kaip pilnumo, poreikio ir tu\u0161tumo detektorius visiems skys\u010diams. D\u0117l skirting\u0173 zond\u0173 versij\u0173 galima rasti tinkam\u0105 sprendim\u0105 kiekvienai montavimo situacijai. Tvirta konstrukcija leid\u017eia naudoti esant proces\u0173 temperat\u016brai iki +125\u202f\u00b0C ir sl\u0117giui iki 25 bar\u0173. Savyb\u0117s Paprastas paleidimas be pritaikymo terpei Reguliuojama histerez\u0117 padeda i\u0161vengti [&hellip;]<\/p>","protected":false},"featured_media":7147,"comment_status":"open","ping_status":"closed","template":"","meta":{"_acf_changed":false,"inline_featured_image":false},"product_brand":[],"product_cat":[411],"product_tag":[],"class_list":{"0":"post-7146","1":"product","2":"type-product","3":"status-publish","4":"has-post-thumbnail","6":"product_cat-lygio-matuokliai","8":"first","9":"instock","10":"shipping-taxable","11":"purchasable","12":"product-type-simple"},"acf":[],"yoast_head":"<!-- This site is optimized with the Yoast SEO plugin v25.5 - https:\/\/yoast.com\/wordpress\/plugins\/seo\/ -->\n<title>UWT talpinis lygio jutiklis Capanivo\u00ae - CN 8100 - Invertas<\/title>\n<meta name=\"description\" content=\"Talpinis lygio jutiklis Capanivo\u00ae 8100 naudojamas sand\u0117liavimo ir technologiniuose induose kaip pilnumo, poreikio ir tu\u0161tumo detektorius visiems skys\u010diams.\" \/>\n<meta name=\"robots\" content=\"index, follow, max-snippet:-1, max-image-preview:large, max-video-preview:-1\" \/>\n<link rel=\"canonical\" href=\"https:\/\/invertas.lt\/en\/produktai\/lygio-matuokliai\/talpinis-jutiklis-capanivo-cn-8100\/\" \/>\n<meta property=\"og:locale\" content=\"en_GB\" \/>\n<meta property=\"og:type\" content=\"article\" \/>\n<meta property=\"og:title\" content=\"UWT talpinis lygio jutiklis Capanivo\u00ae - CN 8100 - Invertas\" \/>\n<meta property=\"og:description\" content=\"Talpinis lygio jutiklis Capanivo\u00ae 8100 naudojamas sand\u0117liavimo ir technologiniuose induose kaip pilnumo, poreikio ir tu\u0161tumo detektorius visiems skys\u010diams.\" \/>\n<meta property=\"og:url\" content=\"https:\/\/invertas.lt\/en\/produktai\/lygio-matuokliai\/talpinis-jutiklis-capanivo-cn-8100\/\" \/>\n<meta property=\"og:site_name\" content=\"Invertas\" \/>\n<meta property=\"article:modified_time\" content=\"2025-08-07T15:29:00+00:00\" \/>\n<meta property=\"og:image\" content=\"https:\/\/invertas.lt\/wp-content\/uploads\/2025\/06\/cn8100-capanivo-capacitive-sensor-compact-side.jpg\" \/>\n\t<meta property=\"og:image:width\" content=\"1000\" \/>\n\t<meta property=\"og:image:height\" content=\"1000\" \/>\n\t<meta property=\"og:image:type\" content=\"image\/jpeg\" \/>\n<meta name=\"twitter:card\" content=\"summary_large_image\" \/>\n<meta name=\"twitter:label1\" content=\"Estimated reading time\" \/>\n\t<meta name=\"twitter:data1\" content=\"1 minute\" \/>\n<script type=\"application\/ld+json\" class=\"yoast-schema-graph\">{\"@context\":\"https:\/\/schema.org\",\"@graph\":[{\"@type\":\"WebPage\",\"@id\":\"https:\/\/invertas.lt\/produktai\/lygio-matuokliai\/talpinis-jutiklis-capanivo-cn-8100\/\",\"url\":\"https:\/\/invertas.lt\/produktai\/lygio-matuokliai\/talpinis-jutiklis-capanivo-cn-8100\/\",\"name\":\"UWT talpinis lygio jutiklis Capanivo\u00ae - CN 8100 - Invertas\",\"isPartOf\":{\"@id\":\"https:\/\/invertas.lt\/#website\"},\"primaryImageOfPage\":{\"@id\":\"https:\/\/invertas.lt\/produktai\/lygio-matuokliai\/talpinis-jutiklis-capanivo-cn-8100\/#primaryimage\"},\"image\":{\"@id\":\"https:\/\/invertas.lt\/produktai\/lygio-matuokliai\/talpinis-jutiklis-capanivo-cn-8100\/#primaryimage\"},\"thumbnailUrl\":\"https:\/\/invertas.lt\/wp-content\/uploads\/2025\/06\/cn8100-capanivo-capacitive-sensor-compact-side.jpg\",\"datePublished\":\"2025-06-19T17:53:30+00:00\",\"dateModified\":\"2025-08-07T15:29:00+00:00\",\"description\":\"Talpinis lygio jutiklis Capanivo\u00ae 8100 naudojamas sand\u0117liavimo ir technologiniuose induose kaip pilnumo, poreikio ir tu\u0161tumo detektorius visiems skys\u010diams.\",\"breadcrumb\":{\"@id\":\"https:\/\/invertas.lt\/produktai\/lygio-matuokliai\/talpinis-jutiklis-capanivo-cn-8100\/#breadcrumb\"},\"inLanguage\":\"en-GB\",\"potentialAction\":[{\"@type\":\"ReadAction\",\"target\":[\"https:\/\/invertas.lt\/produktai\/lygio-matuokliai\/talpinis-jutiklis-capanivo-cn-8100\/\"]}]},{\"@type\":\"ImageObject\",\"inLanguage\":\"en-GB\",\"@id\":\"https:\/\/invertas.lt\/produktai\/lygio-matuokliai\/talpinis-jutiklis-capanivo-cn-8100\/#primaryimage\",\"url\":\"https:\/\/invertas.lt\/wp-content\/uploads\/2025\/06\/cn8100-capanivo-capacitive-sensor-compact-side.jpg\",\"contentUrl\":\"https:\/\/invertas.lt\/wp-content\/uploads\/2025\/06\/cn8100-capanivo-capacitive-sensor-compact-side.jpg\",\"width\":1000,\"height\":1000},{\"@type\":\"BreadcrumbList\",\"@id\":\"https:\/\/invertas.lt\/produktai\/lygio-matuokliai\/talpinis-jutiklis-capanivo-cn-8100\/#breadcrumb\",\"itemListElement\":[{\"@type\":\"ListItem\",\"position\":1,\"name\":\"Prad\u017eia\",\"item\":\"https:\/\/invertas.lt\/\"},{\"@type\":\"ListItem\",\"position\":2,\"name\":\"Products\",\"item\":\"https:\/\/invertas.lt\/shop\/\"},{\"@type\":\"ListItem\",\"position\":3,\"name\":\"Lygio matuokliai\",\"item\":\"https:\/\/invertas.lt\/.\/lygio-matuokliai\/\"},{\"@type\":\"ListItem\",\"position\":4,\"name\":\"UWT talpinis lygio jutiklis Capanivo\u00ae &#8211; CN 8100\"}]},{\"@type\":\"WebSite\",\"@id\":\"https:\/\/invertas.lt\/#website\",\"url\":\"https:\/\/invertas.lt\/\",\"name\":\"Invertas\",\"description\":\"\",\"publisher\":{\"@id\":\"https:\/\/invertas.lt\/#organization\"},\"potentialAction\":[{\"@type\":\"SearchAction\",\"target\":{\"@type\":\"EntryPoint\",\"urlTemplate\":\"https:\/\/invertas.lt\/?s={search_term_string}\"},\"query-input\":{\"@type\":\"PropertyValueSpecification\",\"valueRequired\":true,\"valueName\":\"search_term_string\"}}],\"inLanguage\":\"en-GB\"},{\"@type\":\"Organization\",\"@id\":\"https:\/\/invertas.lt\/#organization\",\"name\":\"Invertas\",\"url\":\"https:\/\/invertas.lt\/\",\"logo\":{\"@type\":\"ImageObject\",\"inLanguage\":\"en-GB\",\"@id\":\"https:\/\/invertas.lt\/#\/schema\/logo\/image\/\",\"url\":\"https:\/\/invertas.lt\/wp-content\/uploads\/2025\/03\/New-Text-Document-2.svg\",\"contentUrl\":\"https:\/\/invertas.lt\/wp-content\/uploads\/2025\/03\/New-Text-Document-2.svg\",\"width\":140,\"height\":39,\"caption\":\"Invertas\"},\"image\":{\"@id\":\"https:\/\/invertas.lt\/#\/schema\/logo\/image\/\"}}]}<\/script>\n<!-- \/ Yoast SEO plugin. -->","yoast_head_json":{"title":"UWT talpinis lygio jutiklis Capanivo\u00ae - CN 8100 - Invertas","description":"Talpinis lygio jutiklis Capanivo\u00ae 8100 naudojamas sand\u0117liavimo ir technologiniuose induose kaip pilnumo, poreikio ir tu\u0161tumo detektorius visiems skys\u010diams.","robots":{"index":"index","follow":"follow","max-snippet":"max-snippet:-1","max-image-preview":"max-image-preview:large","max-video-preview":"max-video-preview:-1"},"canonical":"https:\/\/invertas.lt\/en\/produktai\/lygio-matuokliai\/talpinis-jutiklis-capanivo-cn-8100\/","og_locale":"en_GB","og_type":"article","og_title":"UWT talpinis lygio jutiklis Capanivo\u00ae - CN 8100 - Invertas","og_description":"Talpinis lygio jutiklis Capanivo\u00ae 8100 naudojamas sand\u0117liavimo ir technologiniuose induose kaip pilnumo, poreikio ir tu\u0161tumo detektorius visiems skys\u010diams.","og_url":"https:\/\/invertas.lt\/en\/produktai\/lygio-matuokliai\/talpinis-jutiklis-capanivo-cn-8100\/","og_site_name":"Invertas","article_modified_time":"2025-08-07T15:29:00+00:00","og_image":[{"width":1000,"height":1000,"url":"https:\/\/invertas.lt\/wp-content\/uploads\/2025\/06\/cn8100-capanivo-capacitive-sensor-compact-side.jpg","type":"image\/jpeg"}],"twitter_card":"summary_large_image","twitter_misc":{"Estimated reading time":"1 minute"},"schema":{"@context":"https:\/\/schema.org","@graph":[{"@type":"WebPage","@id":"https:\/\/invertas.lt\/produktai\/lygio-matuokliai\/talpinis-jutiklis-capanivo-cn-8100\/","url":"https:\/\/invertas.lt\/produktai\/lygio-matuokliai\/talpinis-jutiklis-capanivo-cn-8100\/","name":"UWT talpinis lygio jutiklis Capanivo\u00ae - CN 8100 - Invertas","isPartOf":{"@id":"https:\/\/invertas.lt\/#website"},"primaryImageOfPage":{"@id":"https:\/\/invertas.lt\/produktai\/lygio-matuokliai\/talpinis-jutiklis-capanivo-cn-8100\/#primaryimage"},"image":{"@id":"https:\/\/invertas.lt\/produktai\/lygio-matuokliai\/talpinis-jutiklis-capanivo-cn-8100\/#primaryimage"},"thumbnailUrl":"https:\/\/invertas.lt\/wp-content\/uploads\/2025\/06\/cn8100-capanivo-capacitive-sensor-compact-side.jpg","datePublished":"2025-06-19T17:53:30+00:00","dateModified":"2025-08-07T15:29:00+00:00","description":"Talpinis lygio jutiklis Capanivo\u00ae 8100 naudojamas sand\u0117liavimo ir technologiniuose induose kaip pilnumo, poreikio ir tu\u0161tumo detektorius visiems skys\u010diams.","breadcrumb":{"@id":"https:\/\/invertas.lt\/produktai\/lygio-matuokliai\/talpinis-jutiklis-capanivo-cn-8100\/#breadcrumb"},"inLanguage":"en-GB","potentialAction":[{"@type":"ReadAction","target":["https:\/\/invertas.lt\/produktai\/lygio-matuokliai\/talpinis-jutiklis-capanivo-cn-8100\/"]}]},{"@type":"ImageObject","inLanguage":"en-GB","@id":"https:\/\/invertas.lt\/produktai\/lygio-matuokliai\/talpinis-jutiklis-capanivo-cn-8100\/#primaryimage","url":"https:\/\/invertas.lt\/wp-content\/uploads\/2025\/06\/cn8100-capanivo-capacitive-sensor-compact-side.jpg","contentUrl":"https:\/\/invertas.lt\/wp-content\/uploads\/2025\/06\/cn8100-capanivo-capacitive-sensor-compact-side.jpg","width":1000,"height":1000},{"@type":"BreadcrumbList","@id":"https:\/\/invertas.lt\/produktai\/lygio-matuokliai\/talpinis-jutiklis-capanivo-cn-8100\/#breadcrumb","itemListElement":[{"@type":"ListItem","position":1,"name":"Prad\u017eia","item":"https:\/\/invertas.lt\/"},{"@type":"ListItem","position":2,"name":"Products","item":"https:\/\/invertas.lt\/shop\/"},{"@type":"ListItem","position":3,"name":"Lygio matuokliai","item":"https:\/\/invertas.lt\/.\/lygio-matuokliai\/"},{"@type":"ListItem","position":4,"name":"UWT talpinis lygio jutiklis Capanivo\u00ae &#8211; CN 8100"}]},{"@type":"WebSite","@id":"https:\/\/invertas.lt\/#website","url":"https:\/\/invertas.lt\/","name":"Invert","description":"","publisher":{"@id":"https:\/\/invertas.lt\/#organization"},"potentialAction":[{"@type":"SearchAction","target":{"@type":"EntryPoint","urlTemplate":"https:\/\/invertas.lt\/?s={search_term_string}"},"query-input":{"@type":"PropertyValueSpecification","valueRequired":true,"valueName":"search_term_string"}}],"inLanguage":"en-GB"},{"@type":"Organization","@id":"https:\/\/invertas.lt\/#organization","name":"Invert","url":"https:\/\/invertas.lt\/","logo":{"@type":"ImageObject","inLanguage":"en-GB","@id":"https:\/\/invertas.lt\/#\/schema\/logo\/image\/","url":"https:\/\/invertas.lt\/wp-content\/uploads\/2025\/03\/New-Text-Document-2.svg","contentUrl":"https:\/\/invertas.lt\/wp-content\/uploads\/2025\/03\/New-Text-Document-2.svg","width":140,"height":39,"caption":"Invertas"},"image":{"@id":"https:\/\/invertas.lt\/#\/schema\/logo\/image\/"}}]}},"_links":{"self":[{"href":"https:\/\/invertas.lt\/en\/wp-json\/wp\/v2\/product\/7146","targetHints":{"allow":["GET"]}}],"collection":[{"href":"https:\/\/invertas.lt\/en\/wp-json\/wp\/v2\/product"}],"about":[{"href":"https:\/\/invertas.lt\/en\/wp-json\/wp\/v2\/types\/product"}],"replies":[{"embeddable":true,"href":"https:\/\/invertas.lt\/en\/wp-json\/wp\/v2\/comments?post=7146"}],"wp:featuredmedia":[{"embeddable":true,"href":"https:\/\/invertas.lt\/en\/wp-json\/wp\/v2\/media\/7147"}],"wp:attachment":[{"href":"https:\/\/invertas.lt\/en\/wp-json\/wp\/v2\/media?parent=7146"}],"wp:term":[{"taxonomy":"product_brand","embeddable":true,"href":"https:\/\/invertas.lt\/en\/wp-json\/wp\/v2\/product_brand?post=7146"},{"taxonomy":"product_cat","embeddable":true,"href":"https:\/\/invertas.lt\/en\/wp-json\/wp\/v2\/product_cat?post=7146"},{"taxonomy":"product_tag","embeddable":true,"href":"https:\/\/invertas.lt\/en\/wp-json\/wp\/v2\/product_tag?post=7146"}],"curies":[{"name":"wp","href":"https:\/\/api.w.org\/{rel}","templated":true}]}}