{"id":7100,"date":"2025-06-19T13:09:28","date_gmt":"2025-06-19T13:09:28","guid":{"rendered":"https:\/\/aurimasb15.sg-host.com\/?post_type=product&#038;p=7100"},"modified":"2025-08-07T15:26:08","modified_gmt":"2025-08-07T15:26:08","slug":"talpinis-jutiklis-capanivo-cn-7120","status":"publish","type":"product","link":"https:\/\/invertas.lt\/en\/produktai\/lygio-matuokliai\/talpinis-jutiklis-capanivo-cn-7120\/","title":{"rendered":"UWT capacitive level sensor Capanivo\u00ae \u2013 CN 7120"},"content":{"rendered":"<p data-start=\"0\" data-end=\"18\"><strong data-start=\"0\" data-end=\"18\">Fields of application<\/strong><\/p>\n<p data-start=\"20\" data-end=\"435\">Capanivo\u00ae CN 7120 talpinis lygio ribinis jungiklis skirtas skys\u010di\u0173 pilnumo, poreikio, tu\u0161tumo bei nuot\u0117kio detekcijai. D\u0117l kompakti\u0161ko 1\/2&#8243; procesinio pajungimo idealiai tinka ma\u017eoms talpoms ir vamzdynams. Sukurtas laikantis EHEDG gairi\u0173, atitinka auk\u0161tus higienos reikalavimus. Integruota IO-Link technologija leid\u017eia greitai perduoti duomenis, o jautrumas reguliuojamas per potenciometr\u0105 tiesiogiai prie jutiklio.<\/p>\n<p data-start=\"437\" data-end=\"448\"><strong data-start=\"437\" data-end=\"448\">Features<\/strong><\/p>\n<ul>\n<li data-start=\"452\" data-end=\"498\">Easy integration with IO-Link technology<\/li>\n<li data-start=\"501\" data-end=\"610\">Reliable performance with sticky and foaming media<\/li>\n<li data-start=\"613\" data-end=\"664\">Suitable for CIP\/SIP processes \u2013 temperatures up to 150 \u00b0C<\/li>\n<\/ul>","protected":false},"excerpt":{"rendered":"<p>Taikymo sritys Capanivo\u00ae CN 7120 talpinis lygio ribinis jungiklis skirtas skys\u010di\u0173 pilnumo, poreikio, tu\u0161tumo bei nuot\u0117kio detekcijai. D\u0117l kompakti\u0161ko 1\/2&#8243; procesinio pajungimo idealiai tinka ma\u017eoms talpoms ir vamzdynams. Sukurtas laikantis EHEDG gairi\u0173, atitinka auk\u0161tus higienos reikalavimus. Integruota IO-Link technologija leid\u017eia greitai perduoti duomenis, o jautrumas reguliuojamas per potenciometr\u0105 tiesiogiai prie jutiklio. Savyb\u0117s Lengvas integravimas su [&hellip;]<\/p>","protected":false},"featured_media":7101,"comment_status":"open","ping_status":"closed","template":"","meta":{"_acf_changed":false,"inline_featured_image":false},"product_brand":[],"product_cat":[411],"product_tag":[],"class_list":{"0":"post-7100","1":"product","2":"type-product","3":"status-publish","4":"has-post-thumbnail","6":"product_cat-lygio-matuokliai","8":"first","9":"instock","10":"shipping-taxable","11":"purchasable","12":"product-type-simple"},"acf":[],"yoast_head":"<!-- This site is optimized with the Yoast SEO plugin v25.5 - https:\/\/yoast.com\/wordpress\/plugins\/seo\/ -->\n<title>UWT talpinis lygio jutiklis Capanivo\u00ae - CN 7120 - Invertas<\/title>\n<meta name=\"description\" content=\"Capanivo\u00ae CN 7120 talpinis lygio ribinis jungiklis skirtas skys\u010di\u0173 pilnumo, poreikio, tu\u0161tumo bei nuot\u0117kio detekcijai. Lengvas integravimas su IO-Link.\" \/>\n<meta name=\"robots\" content=\"index, follow, max-snippet:-1, max-image-preview:large, max-video-preview:-1\" \/>\n<link rel=\"canonical\" href=\"https:\/\/invertas.lt\/en\/produktai\/lygio-matuokliai\/talpinis-jutiklis-capanivo-cn-7120\/\" \/>\n<meta property=\"og:locale\" content=\"en_GB\" \/>\n<meta property=\"og:type\" content=\"article\" \/>\n<meta property=\"og:title\" content=\"UWT talpinis lygio jutiklis Capanivo\u00ae - CN 7120 - Invertas\" \/>\n<meta property=\"og:description\" content=\"Capanivo\u00ae CN 7120 talpinis lygio ribinis jungiklis skirtas skys\u010di\u0173 pilnumo, poreikio, tu\u0161tumo bei nuot\u0117kio detekcijai. Lengvas integravimas su IO-Link.\" \/>\n<meta property=\"og:url\" content=\"https:\/\/invertas.lt\/en\/produktai\/lygio-matuokliai\/talpinis-jutiklis-capanivo-cn-7120\/\" \/>\n<meta property=\"og:site_name\" content=\"Invertas\" \/>\n<meta property=\"article:modified_time\" content=\"2025-08-07T15:26:08+00:00\" \/>\n<meta property=\"og:image\" content=\"https:\/\/invertas.lt\/wp-content\/uploads\/2025\/06\/cn7120-capanivo-capacitive-sensor-35-65mm.jpg\" \/>\n\t<meta property=\"og:image:width\" content=\"1000\" \/>\n\t<meta property=\"og:image:height\" content=\"1000\" \/>\n\t<meta property=\"og:image:type\" content=\"image\/jpeg\" \/>\n<meta name=\"twitter:card\" content=\"summary_large_image\" \/>\n<meta name=\"twitter:label1\" content=\"Estimated reading time\" \/>\n\t<meta name=\"twitter:data1\" content=\"1 minute\" \/>\n<script type=\"application\/ld+json\" class=\"yoast-schema-graph\">{\"@context\":\"https:\/\/schema.org\",\"@graph\":[{\"@type\":\"WebPage\",\"@id\":\"https:\/\/invertas.lt\/produktai\/lygio-matuokliai\/talpinis-jutiklis-capanivo-cn-7120\/\",\"url\":\"https:\/\/invertas.lt\/produktai\/lygio-matuokliai\/talpinis-jutiklis-capanivo-cn-7120\/\",\"name\":\"UWT talpinis lygio jutiklis Capanivo\u00ae - CN 7120 - Invertas\",\"isPartOf\":{\"@id\":\"https:\/\/invertas.lt\/#website\"},\"primaryImageOfPage\":{\"@id\":\"https:\/\/invertas.lt\/produktai\/lygio-matuokliai\/talpinis-jutiklis-capanivo-cn-7120\/#primaryimage\"},\"image\":{\"@id\":\"https:\/\/invertas.lt\/produktai\/lygio-matuokliai\/talpinis-jutiklis-capanivo-cn-7120\/#primaryimage\"},\"thumbnailUrl\":\"https:\/\/invertas.lt\/wp-content\/uploads\/2025\/06\/cn7120-capanivo-capacitive-sensor-35-65mm.jpg\",\"datePublished\":\"2025-06-19T13:09:28+00:00\",\"dateModified\":\"2025-08-07T15:26:08+00:00\",\"description\":\"Capanivo\u00ae CN 7120 talpinis lygio ribinis jungiklis skirtas skys\u010di\u0173 pilnumo, poreikio, tu\u0161tumo bei nuot\u0117kio detekcijai. Lengvas integravimas su IO-Link.\",\"breadcrumb\":{\"@id\":\"https:\/\/invertas.lt\/produktai\/lygio-matuokliai\/talpinis-jutiklis-capanivo-cn-7120\/#breadcrumb\"},\"inLanguage\":\"en-GB\",\"potentialAction\":[{\"@type\":\"ReadAction\",\"target\":[\"https:\/\/invertas.lt\/produktai\/lygio-matuokliai\/talpinis-jutiklis-capanivo-cn-7120\/\"]}]},{\"@type\":\"ImageObject\",\"inLanguage\":\"en-GB\",\"@id\":\"https:\/\/invertas.lt\/produktai\/lygio-matuokliai\/talpinis-jutiklis-capanivo-cn-7120\/#primaryimage\",\"url\":\"https:\/\/invertas.lt\/wp-content\/uploads\/2025\/06\/cn7120-capanivo-capacitive-sensor-35-65mm.jpg\",\"contentUrl\":\"https:\/\/invertas.lt\/wp-content\/uploads\/2025\/06\/cn7120-capanivo-capacitive-sensor-35-65mm.jpg\",\"width\":1000,\"height\":1000},{\"@type\":\"BreadcrumbList\",\"@id\":\"https:\/\/invertas.lt\/produktai\/lygio-matuokliai\/talpinis-jutiklis-capanivo-cn-7120\/#breadcrumb\",\"itemListElement\":[{\"@type\":\"ListItem\",\"position\":1,\"name\":\"Prad\u017eia\",\"item\":\"https:\/\/invertas.lt\/\"},{\"@type\":\"ListItem\",\"position\":2,\"name\":\"Products\",\"item\":\"https:\/\/invertas.lt\/shop\/\"},{\"@type\":\"ListItem\",\"position\":3,\"name\":\"Lygio matuokliai\",\"item\":\"https:\/\/invertas.lt\/.\/lygio-matuokliai\/\"},{\"@type\":\"ListItem\",\"position\":4,\"name\":\"UWT talpinis lygio jutiklis Capanivo\u00ae &#8211; CN 7120\"}]},{\"@type\":\"WebSite\",\"@id\":\"https:\/\/invertas.lt\/#website\",\"url\":\"https:\/\/invertas.lt\/\",\"name\":\"Invertas\",\"description\":\"\",\"publisher\":{\"@id\":\"https:\/\/invertas.lt\/#organization\"},\"potentialAction\":[{\"@type\":\"SearchAction\",\"target\":{\"@type\":\"EntryPoint\",\"urlTemplate\":\"https:\/\/invertas.lt\/?s={search_term_string}\"},\"query-input\":{\"@type\":\"PropertyValueSpecification\",\"valueRequired\":true,\"valueName\":\"search_term_string\"}}],\"inLanguage\":\"en-GB\"},{\"@type\":\"Organization\",\"@id\":\"https:\/\/invertas.lt\/#organization\",\"name\":\"Invertas\",\"url\":\"https:\/\/invertas.lt\/\",\"logo\":{\"@type\":\"ImageObject\",\"inLanguage\":\"en-GB\",\"@id\":\"https:\/\/invertas.lt\/#\/schema\/logo\/image\/\",\"url\":\"https:\/\/invertas.lt\/wp-content\/uploads\/2025\/03\/New-Text-Document-2.svg\",\"contentUrl\":\"https:\/\/invertas.lt\/wp-content\/uploads\/2025\/03\/New-Text-Document-2.svg\",\"width\":140,\"height\":39,\"caption\":\"Invertas\"},\"image\":{\"@id\":\"https:\/\/invertas.lt\/#\/schema\/logo\/image\/\"}}]}<\/script>\n<!-- \/ Yoast SEO plugin. -->","yoast_head_json":{"title":"UWT talpinis lygio jutiklis Capanivo\u00ae - CN 7120 - Invertas","description":"Capanivo\u00ae CN 7120 talpinis lygio ribinis jungiklis skirtas skys\u010di\u0173 pilnumo, poreikio, tu\u0161tumo bei nuot\u0117kio detekcijai. Lengvas integravimas su IO-Link.","robots":{"index":"index","follow":"follow","max-snippet":"max-snippet:-1","max-image-preview":"max-image-preview:large","max-video-preview":"max-video-preview:-1"},"canonical":"https:\/\/invertas.lt\/en\/produktai\/lygio-matuokliai\/talpinis-jutiklis-capanivo-cn-7120\/","og_locale":"en_GB","og_type":"article","og_title":"UWT talpinis lygio jutiklis Capanivo\u00ae - CN 7120 - Invertas","og_description":"Capanivo\u00ae CN 7120 talpinis lygio ribinis jungiklis skirtas skys\u010di\u0173 pilnumo, poreikio, tu\u0161tumo bei nuot\u0117kio detekcijai. Lengvas integravimas su IO-Link.","og_url":"https:\/\/invertas.lt\/en\/produktai\/lygio-matuokliai\/talpinis-jutiklis-capanivo-cn-7120\/","og_site_name":"Invertas","article_modified_time":"2025-08-07T15:26:08+00:00","og_image":[{"width":1000,"height":1000,"url":"https:\/\/invertas.lt\/wp-content\/uploads\/2025\/06\/cn7120-capanivo-capacitive-sensor-35-65mm.jpg","type":"image\/jpeg"}],"twitter_card":"summary_large_image","twitter_misc":{"Estimated reading time":"1 minute"},"schema":{"@context":"https:\/\/schema.org","@graph":[{"@type":"WebPage","@id":"https:\/\/invertas.lt\/produktai\/lygio-matuokliai\/talpinis-jutiklis-capanivo-cn-7120\/","url":"https:\/\/invertas.lt\/produktai\/lygio-matuokliai\/talpinis-jutiklis-capanivo-cn-7120\/","name":"UWT talpinis lygio jutiklis Capanivo\u00ae - CN 7120 - Invertas","isPartOf":{"@id":"https:\/\/invertas.lt\/#website"},"primaryImageOfPage":{"@id":"https:\/\/invertas.lt\/produktai\/lygio-matuokliai\/talpinis-jutiklis-capanivo-cn-7120\/#primaryimage"},"image":{"@id":"https:\/\/invertas.lt\/produktai\/lygio-matuokliai\/talpinis-jutiklis-capanivo-cn-7120\/#primaryimage"},"thumbnailUrl":"https:\/\/invertas.lt\/wp-content\/uploads\/2025\/06\/cn7120-capanivo-capacitive-sensor-35-65mm.jpg","datePublished":"2025-06-19T13:09:28+00:00","dateModified":"2025-08-07T15:26:08+00:00","description":"Capanivo\u00ae CN 7120 talpinis lygio ribinis jungiklis skirtas skys\u010di\u0173 pilnumo, poreikio, tu\u0161tumo bei nuot\u0117kio detekcijai. Lengvas integravimas su IO-Link.","breadcrumb":{"@id":"https:\/\/invertas.lt\/produktai\/lygio-matuokliai\/talpinis-jutiklis-capanivo-cn-7120\/#breadcrumb"},"inLanguage":"en-GB","potentialAction":[{"@type":"ReadAction","target":["https:\/\/invertas.lt\/produktai\/lygio-matuokliai\/talpinis-jutiklis-capanivo-cn-7120\/"]}]},{"@type":"ImageObject","inLanguage":"en-GB","@id":"https:\/\/invertas.lt\/produktai\/lygio-matuokliai\/talpinis-jutiklis-capanivo-cn-7120\/#primaryimage","url":"https:\/\/invertas.lt\/wp-content\/uploads\/2025\/06\/cn7120-capanivo-capacitive-sensor-35-65mm.jpg","contentUrl":"https:\/\/invertas.lt\/wp-content\/uploads\/2025\/06\/cn7120-capanivo-capacitive-sensor-35-65mm.jpg","width":1000,"height":1000},{"@type":"BreadcrumbList","@id":"https:\/\/invertas.lt\/produktai\/lygio-matuokliai\/talpinis-jutiklis-capanivo-cn-7120\/#breadcrumb","itemListElement":[{"@type":"ListItem","position":1,"name":"Prad\u017eia","item":"https:\/\/invertas.lt\/"},{"@type":"ListItem","position":2,"name":"Products","item":"https:\/\/invertas.lt\/shop\/"},{"@type":"ListItem","position":3,"name":"Lygio matuokliai","item":"https:\/\/invertas.lt\/.\/lygio-matuokliai\/"},{"@type":"ListItem","position":4,"name":"UWT talpinis lygio jutiklis Capanivo\u00ae &#8211; CN 7120"}]},{"@type":"WebSite","@id":"https:\/\/invertas.lt\/#website","url":"https:\/\/invertas.lt\/","name":"Invert","description":"","publisher":{"@id":"https:\/\/invertas.lt\/#organization"},"potentialAction":[{"@type":"SearchAction","target":{"@type":"EntryPoint","urlTemplate":"https:\/\/invertas.lt\/?s={search_term_string}"},"query-input":{"@type":"PropertyValueSpecification","valueRequired":true,"valueName":"search_term_string"}}],"inLanguage":"en-GB"},{"@type":"Organization","@id":"https:\/\/invertas.lt\/#organization","name":"Invert","url":"https:\/\/invertas.lt\/","logo":{"@type":"ImageObject","inLanguage":"en-GB","@id":"https:\/\/invertas.lt\/#\/schema\/logo\/image\/","url":"https:\/\/invertas.lt\/wp-content\/uploads\/2025\/03\/New-Text-Document-2.svg","contentUrl":"https:\/\/invertas.lt\/wp-content\/uploads\/2025\/03\/New-Text-Document-2.svg","width":140,"height":39,"caption":"Invertas"},"image":{"@id":"https:\/\/invertas.lt\/#\/schema\/logo\/image\/"}}]}},"_links":{"self":[{"href":"https:\/\/invertas.lt\/en\/wp-json\/wp\/v2\/product\/7100","targetHints":{"allow":["GET"]}}],"collection":[{"href":"https:\/\/invertas.lt\/en\/wp-json\/wp\/v2\/product"}],"about":[{"href":"https:\/\/invertas.lt\/en\/wp-json\/wp\/v2\/types\/product"}],"replies":[{"embeddable":true,"href":"https:\/\/invertas.lt\/en\/wp-json\/wp\/v2\/comments?post=7100"}],"wp:featuredmedia":[{"embeddable":true,"href":"https:\/\/invertas.lt\/en\/wp-json\/wp\/v2\/media\/7101"}],"wp:attachment":[{"href":"https:\/\/invertas.lt\/en\/wp-json\/wp\/v2\/media?parent=7100"}],"wp:term":[{"taxonomy":"product_brand","embeddable":true,"href":"https:\/\/invertas.lt\/en\/wp-json\/wp\/v2\/product_brand?post=7100"},{"taxonomy":"product_cat","embeddable":true,"href":"https:\/\/invertas.lt\/en\/wp-json\/wp\/v2\/product_cat?post=7100"},{"taxonomy":"product_tag","embeddable":true,"href":"https:\/\/invertas.lt\/en\/wp-json\/wp\/v2\/product_tag?post=7100"}],"curies":[{"name":"wp","href":"https:\/\/api.w.org\/{rel}","templated":true}]}}