{"id":6958,"date":"2025-06-17T19:09:23","date_gmt":"2025-06-17T19:09:23","guid":{"rendered":"https:\/\/aurimasb15.sg-host.com\/?post_type=product&#038;p=6958"},"modified":"2025-08-07T15:23:48","modified_gmt":"2025-08-07T15:23:48","slug":"talpinis-jutiklis-capanivo-cn-4030","status":"publish","type":"product","link":"https:\/\/invertas.lt\/en\/produktai\/lygio-matuokliai\/talpinis-jutiklis-capanivo-cn-4030\/","title":{"rendered":"UWT capacitive level sensor Capanivo\u00ae \u2013 CN 4030"},"content":{"rendered":"<p data-start=\"0\" data-end=\"18\"><strong data-start=\"0\" data-end=\"18\">Fields of application<\/strong><\/p>\n<p data-start=\"20\" data-end=\"402\">Capanivo\u00ae CN 4030 capacitive limit level sensor is designed for level control of bulk materials (DK \u2265 1.6) in storage and process vessels. Used as a full or demand detector. Adjustable probe length up to 3000 mm allows precise setting of the switching point according to the application needs. Active Shield technology ensures measurement accuracy despite material accumulation.<\/p>\n<p data-start=\"404\" data-end=\"415\"><strong data-start=\"404\" data-end=\"415\">Features<\/strong><\/p>\n<ul>\n<li data-start=\"419\" data-end=\"475\">Reliable and economical solution for bulk materials<\/li>\n<li data-start=\"478\" data-end=\"517\">Adjustable probe length up to 3000 mm<\/li>\n<li data-start=\"520\" data-end=\"586\">Plug and play \u2013 no calibration required<\/li>\n<li data-start=\"589\" data-end=\"631\">Maintenance-free, resistant to environmental influences<\/li>\n<\/ul>","protected":false},"excerpt":{"rendered":"<p>Taikymo sritys Capanivo\u00ae CN 4030 talpinis ribinio lygio jutiklis skirtas biri\u0173 med\u017eiag\u0173 (DK \u2265 1,6) lygio kontrolei sand\u0117liavimo ir technologiniuose induose. Naudojamas kaip pilnumo ar poreikio detektorius. Reguliuojamas zondo ilgis iki 3000 mm leid\u017eia tiksliai nustatyti jungimo ta\u0161k\u0105 pagal taikymo poreikius. \u201eActive Shield\u201c technologija u\u017etikrina matavimo tikslum\u0105, nepaisant med\u017eiag\u0173 kaupimosi. Savyb\u0117s Patikimas ir ekonomi\u0161kas sprendimas [&hellip;]<\/p>","protected":false},"featured_media":7087,"comment_status":"open","ping_status":"closed","template":"","meta":{"_acf_changed":false,"inline_featured_image":false},"product_brand":[],"product_cat":[411],"product_tag":[],"class_list":{"0":"post-6958","1":"product","2":"type-product","3":"status-publish","4":"has-post-thumbnail","6":"product_cat-lygio-matuokliai","8":"first","9":"instock","10":"shipping-taxable","11":"purchasable","12":"product-type-simple"},"acf":[],"yoast_head":"<!-- This site is optimized with the Yoast SEO plugin v25.5 - https:\/\/yoast.com\/wordpress\/plugins\/seo\/ -->\n<title>UWT talpinis lygio jutiklis Capanivo\u00ae - CN 4030 - Invertas<\/title>\n<meta name=\"description\" content=\"Capanivo\u00ae CN 4030 talpinis ribinio lygio jutiklis skirtas biri\u0173 med\u017eiag\u0173 (DK \u2265 1,6) lygio kontrolei sand\u0117liavimo ir technologiniuose induose.\" \/>\n<meta name=\"robots\" content=\"index, follow, max-snippet:-1, max-image-preview:large, max-video-preview:-1\" \/>\n<link rel=\"canonical\" href=\"https:\/\/invertas.lt\/en\/produktai\/lygio-matuokliai\/talpinis-jutiklis-capanivo-cn-4030\/\" \/>\n<meta property=\"og:locale\" content=\"en_GB\" \/>\n<meta property=\"og:type\" content=\"article\" \/>\n<meta property=\"og:title\" content=\"UWT talpinis lygio jutiklis Capanivo\u00ae - CN 4030 - Invertas\" \/>\n<meta property=\"og:description\" content=\"Capanivo\u00ae CN 4030 talpinis ribinio lygio jutiklis skirtas biri\u0173 med\u017eiag\u0173 (DK \u2265 1,6) lygio kontrolei sand\u0117liavimo ir technologiniuose induose.\" \/>\n<meta property=\"og:url\" content=\"https:\/\/invertas.lt\/en\/produktai\/lygio-matuokliai\/talpinis-jutiklis-capanivo-cn-4030\/\" \/>\n<meta property=\"og:site_name\" content=\"Invertas\" \/>\n<meta property=\"article:modified_time\" content=\"2025-08-07T15:23:48+00:00\" \/>\n<meta property=\"og:image\" content=\"https:\/\/invertas.lt\/wp-content\/uploads\/2025\/06\/cn4030-capanivo-capacitive-sensor-tube-extension-front.jpg\" \/>\n\t<meta property=\"og:image:width\" content=\"800\" \/>\n\t<meta property=\"og:image:height\" content=\"1200\" \/>\n\t<meta property=\"og:image:type\" content=\"image\/jpeg\" \/>\n<meta name=\"twitter:card\" content=\"summary_large_image\" \/>\n<meta name=\"twitter:label1\" content=\"Estimated reading time\" \/>\n\t<meta name=\"twitter:data1\" content=\"1 minute\" \/>\n<script type=\"application\/ld+json\" class=\"yoast-schema-graph\">{\"@context\":\"https:\/\/schema.org\",\"@graph\":[{\"@type\":\"WebPage\",\"@id\":\"https:\/\/invertas.lt\/produktai\/lygio-matuokliai\/talpinis-jutiklis-capanivo-cn-4030\/\",\"url\":\"https:\/\/invertas.lt\/produktai\/lygio-matuokliai\/talpinis-jutiklis-capanivo-cn-4030\/\",\"name\":\"UWT talpinis lygio jutiklis Capanivo\u00ae - CN 4030 - Invertas\",\"isPartOf\":{\"@id\":\"https:\/\/invertas.lt\/#website\"},\"primaryImageOfPage\":{\"@id\":\"https:\/\/invertas.lt\/produktai\/lygio-matuokliai\/talpinis-jutiklis-capanivo-cn-4030\/#primaryimage\"},\"image\":{\"@id\":\"https:\/\/invertas.lt\/produktai\/lygio-matuokliai\/talpinis-jutiklis-capanivo-cn-4030\/#primaryimage\"},\"thumbnailUrl\":\"https:\/\/invertas.lt\/wp-content\/uploads\/2025\/06\/cn4030-capanivo-capacitive-sensor-tube-extension-front.jpg\",\"datePublished\":\"2025-06-17T19:09:23+00:00\",\"dateModified\":\"2025-08-07T15:23:48+00:00\",\"description\":\"Capanivo\u00ae CN 4030 talpinis ribinio lygio jutiklis skirtas biri\u0173 med\u017eiag\u0173 (DK \u2265 1,6) lygio kontrolei sand\u0117liavimo ir technologiniuose induose.\",\"breadcrumb\":{\"@id\":\"https:\/\/invertas.lt\/produktai\/lygio-matuokliai\/talpinis-jutiklis-capanivo-cn-4030\/#breadcrumb\"},\"inLanguage\":\"en-GB\",\"potentialAction\":[{\"@type\":\"ReadAction\",\"target\":[\"https:\/\/invertas.lt\/produktai\/lygio-matuokliai\/talpinis-jutiklis-capanivo-cn-4030\/\"]}]},{\"@type\":\"ImageObject\",\"inLanguage\":\"en-GB\",\"@id\":\"https:\/\/invertas.lt\/produktai\/lygio-matuokliai\/talpinis-jutiklis-capanivo-cn-4030\/#primaryimage\",\"url\":\"https:\/\/invertas.lt\/wp-content\/uploads\/2025\/06\/cn4030-capanivo-capacitive-sensor-tube-extension-front.jpg\",\"contentUrl\":\"https:\/\/invertas.lt\/wp-content\/uploads\/2025\/06\/cn4030-capanivo-capacitive-sensor-tube-extension-front.jpg\",\"width\":800,\"height\":1200},{\"@type\":\"BreadcrumbList\",\"@id\":\"https:\/\/invertas.lt\/produktai\/lygio-matuokliai\/talpinis-jutiklis-capanivo-cn-4030\/#breadcrumb\",\"itemListElement\":[{\"@type\":\"ListItem\",\"position\":1,\"name\":\"Prad\u017eia\",\"item\":\"https:\/\/invertas.lt\/\"},{\"@type\":\"ListItem\",\"position\":2,\"name\":\"Products\",\"item\":\"https:\/\/invertas.lt\/shop\/\"},{\"@type\":\"ListItem\",\"position\":3,\"name\":\"Lygio matuokliai\",\"item\":\"https:\/\/invertas.lt\/.\/lygio-matuokliai\/\"},{\"@type\":\"ListItem\",\"position\":4,\"name\":\"UWT talpinis lygio jutiklis Capanivo\u00ae &#8211; CN 4030\"}]},{\"@type\":\"WebSite\",\"@id\":\"https:\/\/invertas.lt\/#website\",\"url\":\"https:\/\/invertas.lt\/\",\"name\":\"Invertas\",\"description\":\"\",\"publisher\":{\"@id\":\"https:\/\/invertas.lt\/#organization\"},\"potentialAction\":[{\"@type\":\"SearchAction\",\"target\":{\"@type\":\"EntryPoint\",\"urlTemplate\":\"https:\/\/invertas.lt\/?s={search_term_string}\"},\"query-input\":{\"@type\":\"PropertyValueSpecification\",\"valueRequired\":true,\"valueName\":\"search_term_string\"}}],\"inLanguage\":\"en-GB\"},{\"@type\":\"Organization\",\"@id\":\"https:\/\/invertas.lt\/#organization\",\"name\":\"Invertas\",\"url\":\"https:\/\/invertas.lt\/\",\"logo\":{\"@type\":\"ImageObject\",\"inLanguage\":\"en-GB\",\"@id\":\"https:\/\/invertas.lt\/#\/schema\/logo\/image\/\",\"url\":\"https:\/\/invertas.lt\/wp-content\/uploads\/2025\/03\/New-Text-Document-2.svg\",\"contentUrl\":\"https:\/\/invertas.lt\/wp-content\/uploads\/2025\/03\/New-Text-Document-2.svg\",\"width\":140,\"height\":39,\"caption\":\"Invertas\"},\"image\":{\"@id\":\"https:\/\/invertas.lt\/#\/schema\/logo\/image\/\"}}]}<\/script>\n<!-- \/ Yoast SEO plugin. -->","yoast_head_json":{"title":"UWT talpinis lygio jutiklis Capanivo\u00ae - CN 4030 - Invertas","description":"Capanivo\u00ae CN 4030 talpinis ribinio lygio jutiklis skirtas biri\u0173 med\u017eiag\u0173 (DK \u2265 1,6) lygio kontrolei sand\u0117liavimo ir technologiniuose induose.","robots":{"index":"index","follow":"follow","max-snippet":"max-snippet:-1","max-image-preview":"max-image-preview:large","max-video-preview":"max-video-preview:-1"},"canonical":"https:\/\/invertas.lt\/en\/produktai\/lygio-matuokliai\/talpinis-jutiklis-capanivo-cn-4030\/","og_locale":"en_GB","og_type":"article","og_title":"UWT talpinis lygio jutiklis Capanivo\u00ae - CN 4030 - Invertas","og_description":"Capanivo\u00ae CN 4030 talpinis ribinio lygio jutiklis skirtas biri\u0173 med\u017eiag\u0173 (DK \u2265 1,6) lygio kontrolei sand\u0117liavimo ir technologiniuose induose.","og_url":"https:\/\/invertas.lt\/en\/produktai\/lygio-matuokliai\/talpinis-jutiklis-capanivo-cn-4030\/","og_site_name":"Invertas","article_modified_time":"2025-08-07T15:23:48+00:00","og_image":[{"width":800,"height":1200,"url":"https:\/\/invertas.lt\/wp-content\/uploads\/2025\/06\/cn4030-capanivo-capacitive-sensor-tube-extension-front.jpg","type":"image\/jpeg"}],"twitter_card":"summary_large_image","twitter_misc":{"Estimated reading time":"1 minute"},"schema":{"@context":"https:\/\/schema.org","@graph":[{"@type":"WebPage","@id":"https:\/\/invertas.lt\/produktai\/lygio-matuokliai\/talpinis-jutiklis-capanivo-cn-4030\/","url":"https:\/\/invertas.lt\/produktai\/lygio-matuokliai\/talpinis-jutiklis-capanivo-cn-4030\/","name":"UWT talpinis lygio jutiklis Capanivo\u00ae - CN 4030 - Invertas","isPartOf":{"@id":"https:\/\/invertas.lt\/#website"},"primaryImageOfPage":{"@id":"https:\/\/invertas.lt\/produktai\/lygio-matuokliai\/talpinis-jutiklis-capanivo-cn-4030\/#primaryimage"},"image":{"@id":"https:\/\/invertas.lt\/produktai\/lygio-matuokliai\/talpinis-jutiklis-capanivo-cn-4030\/#primaryimage"},"thumbnailUrl":"https:\/\/invertas.lt\/wp-content\/uploads\/2025\/06\/cn4030-capanivo-capacitive-sensor-tube-extension-front.jpg","datePublished":"2025-06-17T19:09:23+00:00","dateModified":"2025-08-07T15:23:48+00:00","description":"Capanivo\u00ae CN 4030 talpinis ribinio lygio jutiklis skirtas biri\u0173 med\u017eiag\u0173 (DK \u2265 1,6) lygio kontrolei sand\u0117liavimo ir technologiniuose induose.","breadcrumb":{"@id":"https:\/\/invertas.lt\/produktai\/lygio-matuokliai\/talpinis-jutiklis-capanivo-cn-4030\/#breadcrumb"},"inLanguage":"en-GB","potentialAction":[{"@type":"ReadAction","target":["https:\/\/invertas.lt\/produktai\/lygio-matuokliai\/talpinis-jutiklis-capanivo-cn-4030\/"]}]},{"@type":"ImageObject","inLanguage":"en-GB","@id":"https:\/\/invertas.lt\/produktai\/lygio-matuokliai\/talpinis-jutiklis-capanivo-cn-4030\/#primaryimage","url":"https:\/\/invertas.lt\/wp-content\/uploads\/2025\/06\/cn4030-capanivo-capacitive-sensor-tube-extension-front.jpg","contentUrl":"https:\/\/invertas.lt\/wp-content\/uploads\/2025\/06\/cn4030-capanivo-capacitive-sensor-tube-extension-front.jpg","width":800,"height":1200},{"@type":"BreadcrumbList","@id":"https:\/\/invertas.lt\/produktai\/lygio-matuokliai\/talpinis-jutiklis-capanivo-cn-4030\/#breadcrumb","itemListElement":[{"@type":"ListItem","position":1,"name":"Prad\u017eia","item":"https:\/\/invertas.lt\/"},{"@type":"ListItem","position":2,"name":"Products","item":"https:\/\/invertas.lt\/shop\/"},{"@type":"ListItem","position":3,"name":"Lygio matuokliai","item":"https:\/\/invertas.lt\/.\/lygio-matuokliai\/"},{"@type":"ListItem","position":4,"name":"UWT talpinis lygio jutiklis Capanivo\u00ae &#8211; CN 4030"}]},{"@type":"WebSite","@id":"https:\/\/invertas.lt\/#website","url":"https:\/\/invertas.lt\/","name":"Invert","description":"","publisher":{"@id":"https:\/\/invertas.lt\/#organization"},"potentialAction":[{"@type":"SearchAction","target":{"@type":"EntryPoint","urlTemplate":"https:\/\/invertas.lt\/?s={search_term_string}"},"query-input":{"@type":"PropertyValueSpecification","valueRequired":true,"valueName":"search_term_string"}}],"inLanguage":"en-GB"},{"@type":"Organization","@id":"https:\/\/invertas.lt\/#organization","name":"Invert","url":"https:\/\/invertas.lt\/","logo":{"@type":"ImageObject","inLanguage":"en-GB","@id":"https:\/\/invertas.lt\/#\/schema\/logo\/image\/","url":"https:\/\/invertas.lt\/wp-content\/uploads\/2025\/03\/New-Text-Document-2.svg","contentUrl":"https:\/\/invertas.lt\/wp-content\/uploads\/2025\/03\/New-Text-Document-2.svg","width":140,"height":39,"caption":"Invertas"},"image":{"@id":"https:\/\/invertas.lt\/#\/schema\/logo\/image\/"}}]}},"_links":{"self":[{"href":"https:\/\/invertas.lt\/en\/wp-json\/wp\/v2\/product\/6958","targetHints":{"allow":["GET"]}}],"collection":[{"href":"https:\/\/invertas.lt\/en\/wp-json\/wp\/v2\/product"}],"about":[{"href":"https:\/\/invertas.lt\/en\/wp-json\/wp\/v2\/types\/product"}],"replies":[{"embeddable":true,"href":"https:\/\/invertas.lt\/en\/wp-json\/wp\/v2\/comments?post=6958"}],"wp:featuredmedia":[{"embeddable":true,"href":"https:\/\/invertas.lt\/en\/wp-json\/wp\/v2\/media\/7087"}],"wp:attachment":[{"href":"https:\/\/invertas.lt\/en\/wp-json\/wp\/v2\/media?parent=6958"}],"wp:term":[{"taxonomy":"product_brand","embeddable":true,"href":"https:\/\/invertas.lt\/en\/wp-json\/wp\/v2\/product_brand?post=6958"},{"taxonomy":"product_cat","embeddable":true,"href":"https:\/\/invertas.lt\/en\/wp-json\/wp\/v2\/product_cat?post=6958"},{"taxonomy":"product_tag","embeddable":true,"href":"https:\/\/invertas.lt\/en\/wp-json\/wp\/v2\/product_tag?post=6958"}],"curies":[{"name":"wp","href":"https:\/\/api.w.org\/{rel}","templated":true}]}}