{"id":6939,"date":"2025-06-17T18:33:53","date_gmt":"2025-06-17T18:33:53","guid":{"rendered":"https:\/\/aurimasb15.sg-host.com\/?post_type=product&#038;p=6939"},"modified":"2025-08-07T15:21:42","modified_gmt":"2025-08-07T15:21:42","slug":"talpinis-jutiklis-rfnivo-rf-8200","status":"publish","type":"product","link":"https:\/\/invertas.lt\/en\/produktai\/lygio-matuokliai\/talpinis-jutiklis-rfnivo-rf-8200\/","title":{"rendered":"UWT capacitive level sensor RFnivo\u00ae \u2013 RF 8200"},"content":{"rendered":"<p data-start=\"0\" data-end=\"298\"><strong data-start=\"0\" data-end=\"19\">Fields of application<\/strong><\/p>\n<p data-start=\"0\" data-end=\"298\">The capacitive level detector RFnivo\u00ae RF 8200 is designed for measuring the level of liquids in storage and process vessels. It operates at temperatures up to +400 \u00b0C and pressures up to 35 bar. Active Shield technology ensures reliable operation even in the presence of sediment or adhering materials.<\/p>\n<p data-start=\"300\" data-end=\"314\"><strong data-start=\"300\" data-end=\"312\">Features<\/strong><\/p>\n<ul>\n<li data-start=\"317\" data-end=\"362\">Reliable measurements for viscous, sticky media<\/li>\n<li data-start=\"365\" data-end=\"426\">Inverse Frequency Shift technology for accuracy<\/li>\n<li data-start=\"429\" data-end=\"527\">High-quality graphite and ceramic for durability and unattended operation at high temperatures<\/li>\n<\/ul>","protected":false},"excerpt":{"rendered":"<p>Taikymo sritys Talpinis lygio detektorius RFnivo\u00ae RF 8200 skirtas skys\u010di\u0173 lygiui matuoti sand\u0117liavimo ir technologiniuose induose. Veikia temperat\u016broje iki +400\u202f\u00b0C ir sl\u0117gyje iki 35 bar\u0173. \u201eActive Shield\u201c technologija u\u017etikrina patikim\u0105 veikim\u0105 net esant nuos\u0117doms ar prilipusioms med\u017eiagoms. Savyb\u0117s Patikimi matavimai klampiai, lipniai terpei \u201eInverse Frequency Shift\u201c technologija tikslumui u\u017etikrinti Auk\u0161tos kokyb\u0117s grafitas ir keramika ilgaam\u017ei\u0161kumui [&hellip;]<\/p>","protected":false},"featured_media":7075,"comment_status":"open","ping_status":"closed","template":"","meta":{"_acf_changed":false,"inline_featured_image":false},"product_brand":[],"product_cat":[411],"product_tag":[],"class_list":{"0":"post-6939","1":"product","2":"type-product","3":"status-publish","4":"has-post-thumbnail","6":"product_cat-lygio-matuokliai","8":"first","9":"instock","10":"shipping-taxable","11":"purchasable","12":"product-type-simple"},"acf":[],"yoast_head":"<!-- This site is optimized with the Yoast SEO plugin v25.5 - https:\/\/yoast.com\/wordpress\/plugins\/seo\/ -->\n<title>UWT talpinis lygio jutiklis RFnivo\u00ae \u2013 RF 8200 - Invertas<\/title>\n<meta name=\"description\" content=\"RFnivo\u00ae RF 8200 skirtas skys\u010di\u0173 lygiui matuoti sand\u0117liavimo ir technologiniuose induose. Veikia temperat\u016broje iki +400\u202f\u00b0C ir sl\u0117gyje iki 35 bar\u0173.\" \/>\n<meta name=\"robots\" content=\"index, follow, max-snippet:-1, max-image-preview:large, max-video-preview:-1\" \/>\n<link rel=\"canonical\" href=\"https:\/\/invertas.lt\/en\/produktai\/lygio-matuokliai\/talpinis-jutiklis-rfnivo-rf-8200\/\" \/>\n<meta property=\"og:locale\" content=\"en_GB\" \/>\n<meta property=\"og:type\" content=\"article\" \/>\n<meta property=\"og:title\" content=\"UWT talpinis lygio jutiklis RFnivo\u00ae \u2013 RF 8200 - Invertas\" \/>\n<meta property=\"og:description\" content=\"RFnivo\u00ae RF 8200 skirtas skys\u010di\u0173 lygiui matuoti sand\u0117liavimo ir technologiniuose induose. Veikia temperat\u016broje iki +400\u202f\u00b0C ir sl\u0117gyje iki 35 bar\u0173.\" \/>\n<meta property=\"og:url\" content=\"https:\/\/invertas.lt\/en\/produktai\/lygio-matuokliai\/talpinis-jutiklis-rfnivo-rf-8200\/\" \/>\n<meta property=\"og:site_name\" content=\"Invertas\" \/>\n<meta property=\"article:modified_time\" content=\"2025-08-07T15:21:42+00:00\" \/>\n<meta property=\"og:image\" content=\"https:\/\/invertas.lt\/wp-content\/uploads\/2025\/06\/rf8200-rfnivo-capacitive-sensor_rod_thread_side.jpg\" \/>\n\t<meta property=\"og:image:width\" content=\"1000\" \/>\n\t<meta property=\"og:image:height\" content=\"1000\" \/>\n\t<meta property=\"og:image:type\" content=\"image\/jpeg\" \/>\n<meta name=\"twitter:card\" content=\"summary_large_image\" \/>\n<meta name=\"twitter:label1\" content=\"Estimated reading time\" \/>\n\t<meta name=\"twitter:data1\" content=\"1 minute\" \/>\n<script type=\"application\/ld+json\" class=\"yoast-schema-graph\">{\"@context\":\"https:\/\/schema.org\",\"@graph\":[{\"@type\":\"WebPage\",\"@id\":\"https:\/\/invertas.lt\/produktai\/lygio-matuokliai\/talpinis-jutiklis-rfnivo-rf-8200\/\",\"url\":\"https:\/\/invertas.lt\/produktai\/lygio-matuokliai\/talpinis-jutiklis-rfnivo-rf-8200\/\",\"name\":\"UWT talpinis lygio jutiklis RFnivo\u00ae \u2013 RF 8200 - Invertas\",\"isPartOf\":{\"@id\":\"https:\/\/invertas.lt\/#website\"},\"primaryImageOfPage\":{\"@id\":\"https:\/\/invertas.lt\/produktai\/lygio-matuokliai\/talpinis-jutiklis-rfnivo-rf-8200\/#primaryimage\"},\"image\":{\"@id\":\"https:\/\/invertas.lt\/produktai\/lygio-matuokliai\/talpinis-jutiklis-rfnivo-rf-8200\/#primaryimage\"},\"thumbnailUrl\":\"https:\/\/invertas.lt\/wp-content\/uploads\/2025\/06\/rf8200-rfnivo-capacitive-sensor_rod_thread_side.jpg\",\"datePublished\":\"2025-06-17T18:33:53+00:00\",\"dateModified\":\"2025-08-07T15:21:42+00:00\",\"description\":\"RFnivo\u00ae RF 8200 skirtas skys\u010di\u0173 lygiui matuoti sand\u0117liavimo ir technologiniuose induose. Veikia temperat\u016broje iki +400\u202f\u00b0C ir sl\u0117gyje iki 35 bar\u0173.\",\"breadcrumb\":{\"@id\":\"https:\/\/invertas.lt\/produktai\/lygio-matuokliai\/talpinis-jutiklis-rfnivo-rf-8200\/#breadcrumb\"},\"inLanguage\":\"en-GB\",\"potentialAction\":[{\"@type\":\"ReadAction\",\"target\":[\"https:\/\/invertas.lt\/produktai\/lygio-matuokliai\/talpinis-jutiklis-rfnivo-rf-8200\/\"]}]},{\"@type\":\"ImageObject\",\"inLanguage\":\"en-GB\",\"@id\":\"https:\/\/invertas.lt\/produktai\/lygio-matuokliai\/talpinis-jutiklis-rfnivo-rf-8200\/#primaryimage\",\"url\":\"https:\/\/invertas.lt\/wp-content\/uploads\/2025\/06\/rf8200-rfnivo-capacitive-sensor_rod_thread_side.jpg\",\"contentUrl\":\"https:\/\/invertas.lt\/wp-content\/uploads\/2025\/06\/rf8200-rfnivo-capacitive-sensor_rod_thread_side.jpg\",\"width\":1000,\"height\":1000},{\"@type\":\"BreadcrumbList\",\"@id\":\"https:\/\/invertas.lt\/produktai\/lygio-matuokliai\/talpinis-jutiklis-rfnivo-rf-8200\/#breadcrumb\",\"itemListElement\":[{\"@type\":\"ListItem\",\"position\":1,\"name\":\"Prad\u017eia\",\"item\":\"https:\/\/invertas.lt\/\"},{\"@type\":\"ListItem\",\"position\":2,\"name\":\"Products\",\"item\":\"https:\/\/invertas.lt\/shop\/\"},{\"@type\":\"ListItem\",\"position\":3,\"name\":\"Lygio matuokliai\",\"item\":\"https:\/\/invertas.lt\/.\/lygio-matuokliai\/\"},{\"@type\":\"ListItem\",\"position\":4,\"name\":\"UWT talpinis lygio jutiklis RFnivo\u00ae \u2013 RF 8200\"}]},{\"@type\":\"WebSite\",\"@id\":\"https:\/\/invertas.lt\/#website\",\"url\":\"https:\/\/invertas.lt\/\",\"name\":\"Invertas\",\"description\":\"\",\"publisher\":{\"@id\":\"https:\/\/invertas.lt\/#organization\"},\"potentialAction\":[{\"@type\":\"SearchAction\",\"target\":{\"@type\":\"EntryPoint\",\"urlTemplate\":\"https:\/\/invertas.lt\/?s={search_term_string}\"},\"query-input\":{\"@type\":\"PropertyValueSpecification\",\"valueRequired\":true,\"valueName\":\"search_term_string\"}}],\"inLanguage\":\"en-GB\"},{\"@type\":\"Organization\",\"@id\":\"https:\/\/invertas.lt\/#organization\",\"name\":\"Invertas\",\"url\":\"https:\/\/invertas.lt\/\",\"logo\":{\"@type\":\"ImageObject\",\"inLanguage\":\"en-GB\",\"@id\":\"https:\/\/invertas.lt\/#\/schema\/logo\/image\/\",\"url\":\"https:\/\/invertas.lt\/wp-content\/uploads\/2025\/03\/New-Text-Document-2.svg\",\"contentUrl\":\"https:\/\/invertas.lt\/wp-content\/uploads\/2025\/03\/New-Text-Document-2.svg\",\"width\":140,\"height\":39,\"caption\":\"Invertas\"},\"image\":{\"@id\":\"https:\/\/invertas.lt\/#\/schema\/logo\/image\/\"}}]}<\/script>\n<!-- \/ Yoast SEO plugin. -->","yoast_head_json":{"title":"UWT talpinis lygio jutiklis RFnivo\u00ae \u2013 RF 8200 - Invertas","description":"RFnivo\u00ae RF 8200 skirtas skys\u010di\u0173 lygiui matuoti sand\u0117liavimo ir technologiniuose induose. Veikia temperat\u016broje iki +400\u202f\u00b0C ir sl\u0117gyje iki 35 bar\u0173.","robots":{"index":"index","follow":"follow","max-snippet":"max-snippet:-1","max-image-preview":"max-image-preview:large","max-video-preview":"max-video-preview:-1"},"canonical":"https:\/\/invertas.lt\/en\/produktai\/lygio-matuokliai\/talpinis-jutiklis-rfnivo-rf-8200\/","og_locale":"en_GB","og_type":"article","og_title":"UWT talpinis lygio jutiklis RFnivo\u00ae \u2013 RF 8200 - Invertas","og_description":"RFnivo\u00ae RF 8200 skirtas skys\u010di\u0173 lygiui matuoti sand\u0117liavimo ir technologiniuose induose. Veikia temperat\u016broje iki +400\u202f\u00b0C ir sl\u0117gyje iki 35 bar\u0173.","og_url":"https:\/\/invertas.lt\/en\/produktai\/lygio-matuokliai\/talpinis-jutiklis-rfnivo-rf-8200\/","og_site_name":"Invertas","article_modified_time":"2025-08-07T15:21:42+00:00","og_image":[{"width":1000,"height":1000,"url":"https:\/\/invertas.lt\/wp-content\/uploads\/2025\/06\/rf8200-rfnivo-capacitive-sensor_rod_thread_side.jpg","type":"image\/jpeg"}],"twitter_card":"summary_large_image","twitter_misc":{"Estimated reading time":"1 minute"},"schema":{"@context":"https:\/\/schema.org","@graph":[{"@type":"WebPage","@id":"https:\/\/invertas.lt\/produktai\/lygio-matuokliai\/talpinis-jutiklis-rfnivo-rf-8200\/","url":"https:\/\/invertas.lt\/produktai\/lygio-matuokliai\/talpinis-jutiklis-rfnivo-rf-8200\/","name":"UWT talpinis lygio jutiklis RFnivo\u00ae \u2013 RF 8200 - Invertas","isPartOf":{"@id":"https:\/\/invertas.lt\/#website"},"primaryImageOfPage":{"@id":"https:\/\/invertas.lt\/produktai\/lygio-matuokliai\/talpinis-jutiklis-rfnivo-rf-8200\/#primaryimage"},"image":{"@id":"https:\/\/invertas.lt\/produktai\/lygio-matuokliai\/talpinis-jutiklis-rfnivo-rf-8200\/#primaryimage"},"thumbnailUrl":"https:\/\/invertas.lt\/wp-content\/uploads\/2025\/06\/rf8200-rfnivo-capacitive-sensor_rod_thread_side.jpg","datePublished":"2025-06-17T18:33:53+00:00","dateModified":"2025-08-07T15:21:42+00:00","description":"RFnivo\u00ae RF 8200 skirtas skys\u010di\u0173 lygiui matuoti sand\u0117liavimo ir technologiniuose induose. Veikia temperat\u016broje iki +400\u202f\u00b0C ir sl\u0117gyje iki 35 bar\u0173.","breadcrumb":{"@id":"https:\/\/invertas.lt\/produktai\/lygio-matuokliai\/talpinis-jutiklis-rfnivo-rf-8200\/#breadcrumb"},"inLanguage":"en-GB","potentialAction":[{"@type":"ReadAction","target":["https:\/\/invertas.lt\/produktai\/lygio-matuokliai\/talpinis-jutiklis-rfnivo-rf-8200\/"]}]},{"@type":"ImageObject","inLanguage":"en-GB","@id":"https:\/\/invertas.lt\/produktai\/lygio-matuokliai\/talpinis-jutiklis-rfnivo-rf-8200\/#primaryimage","url":"https:\/\/invertas.lt\/wp-content\/uploads\/2025\/06\/rf8200-rfnivo-capacitive-sensor_rod_thread_side.jpg","contentUrl":"https:\/\/invertas.lt\/wp-content\/uploads\/2025\/06\/rf8200-rfnivo-capacitive-sensor_rod_thread_side.jpg","width":1000,"height":1000},{"@type":"BreadcrumbList","@id":"https:\/\/invertas.lt\/produktai\/lygio-matuokliai\/talpinis-jutiklis-rfnivo-rf-8200\/#breadcrumb","itemListElement":[{"@type":"ListItem","position":1,"name":"Prad\u017eia","item":"https:\/\/invertas.lt\/"},{"@type":"ListItem","position":2,"name":"Products","item":"https:\/\/invertas.lt\/shop\/"},{"@type":"ListItem","position":3,"name":"Lygio matuokliai","item":"https:\/\/invertas.lt\/.\/lygio-matuokliai\/"},{"@type":"ListItem","position":4,"name":"UWT talpinis lygio jutiklis RFnivo\u00ae \u2013 RF 8200"}]},{"@type":"WebSite","@id":"https:\/\/invertas.lt\/#website","url":"https:\/\/invertas.lt\/","name":"Invert","description":"","publisher":{"@id":"https:\/\/invertas.lt\/#organization"},"potentialAction":[{"@type":"SearchAction","target":{"@type":"EntryPoint","urlTemplate":"https:\/\/invertas.lt\/?s={search_term_string}"},"query-input":{"@type":"PropertyValueSpecification","valueRequired":true,"valueName":"search_term_string"}}],"inLanguage":"en-GB"},{"@type":"Organization","@id":"https:\/\/invertas.lt\/#organization","name":"Invert","url":"https:\/\/invertas.lt\/","logo":{"@type":"ImageObject","inLanguage":"en-GB","@id":"https:\/\/invertas.lt\/#\/schema\/logo\/image\/","url":"https:\/\/invertas.lt\/wp-content\/uploads\/2025\/03\/New-Text-Document-2.svg","contentUrl":"https:\/\/invertas.lt\/wp-content\/uploads\/2025\/03\/New-Text-Document-2.svg","width":140,"height":39,"caption":"Invertas"},"image":{"@id":"https:\/\/invertas.lt\/#\/schema\/logo\/image\/"}}]}},"_links":{"self":[{"href":"https:\/\/invertas.lt\/en\/wp-json\/wp\/v2\/product\/6939","targetHints":{"allow":["GET"]}}],"collection":[{"href":"https:\/\/invertas.lt\/en\/wp-json\/wp\/v2\/product"}],"about":[{"href":"https:\/\/invertas.lt\/en\/wp-json\/wp\/v2\/types\/product"}],"replies":[{"embeddable":true,"href":"https:\/\/invertas.lt\/en\/wp-json\/wp\/v2\/comments?post=6939"}],"wp:featuredmedia":[{"embeddable":true,"href":"https:\/\/invertas.lt\/en\/wp-json\/wp\/v2\/media\/7075"}],"wp:attachment":[{"href":"https:\/\/invertas.lt\/en\/wp-json\/wp\/v2\/media?parent=6939"}],"wp:term":[{"taxonomy":"product_brand","embeddable":true,"href":"https:\/\/invertas.lt\/en\/wp-json\/wp\/v2\/product_brand?post=6939"},{"taxonomy":"product_cat","embeddable":true,"href":"https:\/\/invertas.lt\/en\/wp-json\/wp\/v2\/product_cat?post=6939"},{"taxonomy":"product_tag","embeddable":true,"href":"https:\/\/invertas.lt\/en\/wp-json\/wp\/v2\/product_tag?post=6939"}],"curies":[{"name":"wp","href":"https:\/\/api.w.org\/{rel}","templated":true}]}}