{"id":6904,"date":"2025-06-17T09:59:27","date_gmt":"2025-06-17T09:59:27","guid":{"rendered":"https:\/\/aurimasb15.sg-host.com\/?post_type=product&#038;p=6904"},"modified":"2025-08-07T15:19:01","modified_gmt":"2025-08-07T15:19:01","slug":"talpinis-jutiklis-rfnivo-rf-3100","status":"publish","type":"product","link":"https:\/\/invertas.lt\/en\/produktai\/lygio-matuokliai\/talpinis-jutiklis-rfnivo-rf-3100\/","title":{"rendered":"UWT capacitive level sensor RFnivo\u00ae \u2013 RF 3100"},"content":{"rendered":"<p data-start=\"0\" data-end=\"331\"><strong data-start=\"0\" data-end=\"19\">Fields of application<\/strong><\/p>\n<p data-start=\"0\" data-end=\"331\">The capacitive limit level sensor RFnivo\u00ae RF 3100 is designed for measuring the level of bulk materials in storage and process vessels. It operates for materials with a DK from 1.5, at temperatures up to +240 \u00b0C and pressures up to 25 bar. The Active Shield function ensures accurate measurements, independent of accumulated layers.<\/p>\n<p data-start=\"333\" data-end=\"347\"><strong data-start=\"333\" data-end=\"345\">Features<\/strong><\/p>\n<ul>\n<li data-start=\"350\" data-end=\"423\">Reliable, maintenance-free solution for bulk material leveling<\/li>\n<li data-start=\"426\" data-end=\"458\">Universal applicability<\/li>\n<li data-start=\"461\" data-end=\"501\">Plug and play switch without calibration<\/li>\n<\/ul>","protected":false},"excerpt":{"rendered":"<p>Taikymo sritys Talpinis ribinio lygio jutiklis RFnivo\u00ae RF 3100 skirtas biri\u0173 med\u017eiag\u0173 lygiui matuoti sand\u0117liavimo ir technologiniuose induose. Veikia med\u017eiagoms su DK nuo 1,5, temperat\u016broje iki +240\u202f\u00b0C ir sl\u0117gyje iki 25 bar\u0173. \u201eActive Shield\u201c funkcija u\u017etikrina tikslius matavimus, nesusijusius su susikaupusiais sluoksniais. Savyb\u0117s Patikimas, nereikalaujantis prie\u017ei\u016bros sprendimas biri\u0173 med\u017eiag\u0173 lygiui Universali pritaikymo galimyb\u0117 \u201ePlug and [&hellip;]<\/p>","protected":false},"featured_media":7055,"comment_status":"open","ping_status":"closed","template":"","meta":{"_acf_changed":false,"inline_featured_image":false},"product_brand":[],"product_cat":[411],"product_tag":[],"class_list":{"0":"post-6904","1":"product","2":"type-product","3":"status-publish","4":"has-post-thumbnail","6":"product_cat-lygio-matuokliai","8":"first","9":"instock","10":"shipping-taxable","11":"purchasable","12":"product-type-simple"},"acf":[],"yoast_head":"<!-- This site is optimized with the Yoast SEO plugin v25.5 - https:\/\/yoast.com\/wordpress\/plugins\/seo\/ -->\n<title>UWT talpinis lygio jutiklis RFnivo\u00ae \u2013 RF 3100 - Invertas<\/title>\n<meta name=\"description\" content=\"Talpinis ribinio lygio jutiklis RFnivo\u00ae RF 3100 skirtas biri\u0173 med\u017eiag\u0173 lygiui matuoti sand\u0117liavimo ir technologiniuose induose.\" \/>\n<meta name=\"robots\" content=\"index, follow, max-snippet:-1, max-image-preview:large, max-video-preview:-1\" \/>\n<link rel=\"canonical\" href=\"https:\/\/invertas.lt\/en\/produktai\/lygio-matuokliai\/talpinis-jutiklis-rfnivo-rf-3100\/\" \/>\n<meta property=\"og:locale\" content=\"en_GB\" \/>\n<meta property=\"og:type\" content=\"article\" \/>\n<meta property=\"og:title\" content=\"UWT talpinis lygio jutiklis RFnivo\u00ae \u2013 RF 3100 - Invertas\" \/>\n<meta property=\"og:description\" content=\"Talpinis ribinio lygio jutiklis RFnivo\u00ae RF 3100 skirtas biri\u0173 med\u017eiag\u0173 lygiui matuoti sand\u0117liavimo ir technologiniuose induose.\" \/>\n<meta property=\"og:url\" content=\"https:\/\/invertas.lt\/en\/produktai\/lygio-matuokliai\/talpinis-jutiklis-rfnivo-rf-3100\/\" \/>\n<meta property=\"og:site_name\" content=\"Invertas\" \/>\n<meta property=\"article:modified_time\" content=\"2025-08-07T15:19:01+00:00\" \/>\n<meta property=\"og:image\" content=\"https:\/\/invertas.lt\/wp-content\/uploads\/2025\/06\/rf3100-rfnivo-capacitive-switch-standard_1.jpg\" \/>\n\t<meta property=\"og:image:width\" content=\"1000\" \/>\n\t<meta property=\"og:image:height\" content=\"1000\" \/>\n\t<meta property=\"og:image:type\" content=\"image\/jpeg\" \/>\n<meta name=\"twitter:card\" content=\"summary_large_image\" \/>\n<meta name=\"twitter:label1\" content=\"Estimated reading time\" \/>\n\t<meta name=\"twitter:data1\" content=\"1 minute\" \/>\n<script type=\"application\/ld+json\" class=\"yoast-schema-graph\">{\"@context\":\"https:\/\/schema.org\",\"@graph\":[{\"@type\":\"WebPage\",\"@id\":\"https:\/\/invertas.lt\/produktai\/lygio-matuokliai\/talpinis-jutiklis-rfnivo-rf-3100\/\",\"url\":\"https:\/\/invertas.lt\/produktai\/lygio-matuokliai\/talpinis-jutiklis-rfnivo-rf-3100\/\",\"name\":\"UWT talpinis lygio jutiklis RFnivo\u00ae \u2013 RF 3100 - Invertas\",\"isPartOf\":{\"@id\":\"https:\/\/invertas.lt\/#website\"},\"primaryImageOfPage\":{\"@id\":\"https:\/\/invertas.lt\/produktai\/lygio-matuokliai\/talpinis-jutiklis-rfnivo-rf-3100\/#primaryimage\"},\"image\":{\"@id\":\"https:\/\/invertas.lt\/produktai\/lygio-matuokliai\/talpinis-jutiklis-rfnivo-rf-3100\/#primaryimage\"},\"thumbnailUrl\":\"https:\/\/invertas.lt\/wp-content\/uploads\/2025\/06\/rf3100-rfnivo-capacitive-switch-standard_1.jpg\",\"datePublished\":\"2025-06-17T09:59:27+00:00\",\"dateModified\":\"2025-08-07T15:19:01+00:00\",\"description\":\"Talpinis ribinio lygio jutiklis RFnivo\u00ae RF 3100 skirtas biri\u0173 med\u017eiag\u0173 lygiui matuoti sand\u0117liavimo ir technologiniuose induose.\",\"breadcrumb\":{\"@id\":\"https:\/\/invertas.lt\/produktai\/lygio-matuokliai\/talpinis-jutiklis-rfnivo-rf-3100\/#breadcrumb\"},\"inLanguage\":\"en-GB\",\"potentialAction\":[{\"@type\":\"ReadAction\",\"target\":[\"https:\/\/invertas.lt\/produktai\/lygio-matuokliai\/talpinis-jutiklis-rfnivo-rf-3100\/\"]}]},{\"@type\":\"ImageObject\",\"inLanguage\":\"en-GB\",\"@id\":\"https:\/\/invertas.lt\/produktai\/lygio-matuokliai\/talpinis-jutiklis-rfnivo-rf-3100\/#primaryimage\",\"url\":\"https:\/\/invertas.lt\/wp-content\/uploads\/2025\/06\/rf3100-rfnivo-capacitive-switch-standard_1.jpg\",\"contentUrl\":\"https:\/\/invertas.lt\/wp-content\/uploads\/2025\/06\/rf3100-rfnivo-capacitive-switch-standard_1.jpg\",\"width\":1000,\"height\":1000},{\"@type\":\"BreadcrumbList\",\"@id\":\"https:\/\/invertas.lt\/produktai\/lygio-matuokliai\/talpinis-jutiklis-rfnivo-rf-3100\/#breadcrumb\",\"itemListElement\":[{\"@type\":\"ListItem\",\"position\":1,\"name\":\"Prad\u017eia\",\"item\":\"https:\/\/invertas.lt\/\"},{\"@type\":\"ListItem\",\"position\":2,\"name\":\"Products\",\"item\":\"https:\/\/invertas.lt\/shop\/\"},{\"@type\":\"ListItem\",\"position\":3,\"name\":\"Lygio matuokliai\",\"item\":\"https:\/\/invertas.lt\/.\/lygio-matuokliai\/\"},{\"@type\":\"ListItem\",\"position\":4,\"name\":\"UWT talpinis lygio jutiklis RFnivo\u00ae \u2013 RF 3100\"}]},{\"@type\":\"WebSite\",\"@id\":\"https:\/\/invertas.lt\/#website\",\"url\":\"https:\/\/invertas.lt\/\",\"name\":\"Invertas\",\"description\":\"\",\"publisher\":{\"@id\":\"https:\/\/invertas.lt\/#organization\"},\"potentialAction\":[{\"@type\":\"SearchAction\",\"target\":{\"@type\":\"EntryPoint\",\"urlTemplate\":\"https:\/\/invertas.lt\/?s={search_term_string}\"},\"query-input\":{\"@type\":\"PropertyValueSpecification\",\"valueRequired\":true,\"valueName\":\"search_term_string\"}}],\"inLanguage\":\"en-GB\"},{\"@type\":\"Organization\",\"@id\":\"https:\/\/invertas.lt\/#organization\",\"name\":\"Invertas\",\"url\":\"https:\/\/invertas.lt\/\",\"logo\":{\"@type\":\"ImageObject\",\"inLanguage\":\"en-GB\",\"@id\":\"https:\/\/invertas.lt\/#\/schema\/logo\/image\/\",\"url\":\"https:\/\/invertas.lt\/wp-content\/uploads\/2025\/03\/New-Text-Document-2.svg\",\"contentUrl\":\"https:\/\/invertas.lt\/wp-content\/uploads\/2025\/03\/New-Text-Document-2.svg\",\"width\":140,\"height\":39,\"caption\":\"Invertas\"},\"image\":{\"@id\":\"https:\/\/invertas.lt\/#\/schema\/logo\/image\/\"}}]}<\/script>\n<!-- \/ Yoast SEO plugin. -->","yoast_head_json":{"title":"UWT talpinis lygio jutiklis RFnivo\u00ae \u2013 RF 3100 - Invertas","description":"Talpinis ribinio lygio jutiklis RFnivo\u00ae RF 3100 skirtas biri\u0173 med\u017eiag\u0173 lygiui matuoti sand\u0117liavimo ir technologiniuose induose.","robots":{"index":"index","follow":"follow","max-snippet":"max-snippet:-1","max-image-preview":"max-image-preview:large","max-video-preview":"max-video-preview:-1"},"canonical":"https:\/\/invertas.lt\/en\/produktai\/lygio-matuokliai\/talpinis-jutiklis-rfnivo-rf-3100\/","og_locale":"en_GB","og_type":"article","og_title":"UWT talpinis lygio jutiklis RFnivo\u00ae \u2013 RF 3100 - Invertas","og_description":"Talpinis ribinio lygio jutiklis RFnivo\u00ae RF 3100 skirtas biri\u0173 med\u017eiag\u0173 lygiui matuoti sand\u0117liavimo ir technologiniuose induose.","og_url":"https:\/\/invertas.lt\/en\/produktai\/lygio-matuokliai\/talpinis-jutiklis-rfnivo-rf-3100\/","og_site_name":"Invertas","article_modified_time":"2025-08-07T15:19:01+00:00","og_image":[{"width":1000,"height":1000,"url":"https:\/\/invertas.lt\/wp-content\/uploads\/2025\/06\/rf3100-rfnivo-capacitive-switch-standard_1.jpg","type":"image\/jpeg"}],"twitter_card":"summary_large_image","twitter_misc":{"Estimated reading time":"1 minute"},"schema":{"@context":"https:\/\/schema.org","@graph":[{"@type":"WebPage","@id":"https:\/\/invertas.lt\/produktai\/lygio-matuokliai\/talpinis-jutiklis-rfnivo-rf-3100\/","url":"https:\/\/invertas.lt\/produktai\/lygio-matuokliai\/talpinis-jutiklis-rfnivo-rf-3100\/","name":"UWT talpinis lygio jutiklis RFnivo\u00ae \u2013 RF 3100 - Invertas","isPartOf":{"@id":"https:\/\/invertas.lt\/#website"},"primaryImageOfPage":{"@id":"https:\/\/invertas.lt\/produktai\/lygio-matuokliai\/talpinis-jutiklis-rfnivo-rf-3100\/#primaryimage"},"image":{"@id":"https:\/\/invertas.lt\/produktai\/lygio-matuokliai\/talpinis-jutiklis-rfnivo-rf-3100\/#primaryimage"},"thumbnailUrl":"https:\/\/invertas.lt\/wp-content\/uploads\/2025\/06\/rf3100-rfnivo-capacitive-switch-standard_1.jpg","datePublished":"2025-06-17T09:59:27+00:00","dateModified":"2025-08-07T15:19:01+00:00","description":"Talpinis ribinio lygio jutiklis RFnivo\u00ae RF 3100 skirtas biri\u0173 med\u017eiag\u0173 lygiui matuoti sand\u0117liavimo ir technologiniuose induose.","breadcrumb":{"@id":"https:\/\/invertas.lt\/produktai\/lygio-matuokliai\/talpinis-jutiklis-rfnivo-rf-3100\/#breadcrumb"},"inLanguage":"en-GB","potentialAction":[{"@type":"ReadAction","target":["https:\/\/invertas.lt\/produktai\/lygio-matuokliai\/talpinis-jutiklis-rfnivo-rf-3100\/"]}]},{"@type":"ImageObject","inLanguage":"en-GB","@id":"https:\/\/invertas.lt\/produktai\/lygio-matuokliai\/talpinis-jutiklis-rfnivo-rf-3100\/#primaryimage","url":"https:\/\/invertas.lt\/wp-content\/uploads\/2025\/06\/rf3100-rfnivo-capacitive-switch-standard_1.jpg","contentUrl":"https:\/\/invertas.lt\/wp-content\/uploads\/2025\/06\/rf3100-rfnivo-capacitive-switch-standard_1.jpg","width":1000,"height":1000},{"@type":"BreadcrumbList","@id":"https:\/\/invertas.lt\/produktai\/lygio-matuokliai\/talpinis-jutiklis-rfnivo-rf-3100\/#breadcrumb","itemListElement":[{"@type":"ListItem","position":1,"name":"Prad\u017eia","item":"https:\/\/invertas.lt\/"},{"@type":"ListItem","position":2,"name":"Products","item":"https:\/\/invertas.lt\/shop\/"},{"@type":"ListItem","position":3,"name":"Lygio matuokliai","item":"https:\/\/invertas.lt\/.\/lygio-matuokliai\/"},{"@type":"ListItem","position":4,"name":"UWT talpinis lygio jutiklis RFnivo\u00ae \u2013 RF 3100"}]},{"@type":"WebSite","@id":"https:\/\/invertas.lt\/#website","url":"https:\/\/invertas.lt\/","name":"Invert","description":"","publisher":{"@id":"https:\/\/invertas.lt\/#organization"},"potentialAction":[{"@type":"SearchAction","target":{"@type":"EntryPoint","urlTemplate":"https:\/\/invertas.lt\/?s={search_term_string}"},"query-input":{"@type":"PropertyValueSpecification","valueRequired":true,"valueName":"search_term_string"}}],"inLanguage":"en-GB"},{"@type":"Organization","@id":"https:\/\/invertas.lt\/#organization","name":"Invert","url":"https:\/\/invertas.lt\/","logo":{"@type":"ImageObject","inLanguage":"en-GB","@id":"https:\/\/invertas.lt\/#\/schema\/logo\/image\/","url":"https:\/\/invertas.lt\/wp-content\/uploads\/2025\/03\/New-Text-Document-2.svg","contentUrl":"https:\/\/invertas.lt\/wp-content\/uploads\/2025\/03\/New-Text-Document-2.svg","width":140,"height":39,"caption":"Invertas"},"image":{"@id":"https:\/\/invertas.lt\/#\/schema\/logo\/image\/"}}]}},"_links":{"self":[{"href":"https:\/\/invertas.lt\/en\/wp-json\/wp\/v2\/product\/6904","targetHints":{"allow":["GET"]}}],"collection":[{"href":"https:\/\/invertas.lt\/en\/wp-json\/wp\/v2\/product"}],"about":[{"href":"https:\/\/invertas.lt\/en\/wp-json\/wp\/v2\/types\/product"}],"replies":[{"embeddable":true,"href":"https:\/\/invertas.lt\/en\/wp-json\/wp\/v2\/comments?post=6904"}],"wp:featuredmedia":[{"embeddable":true,"href":"https:\/\/invertas.lt\/en\/wp-json\/wp\/v2\/media\/7055"}],"wp:attachment":[{"href":"https:\/\/invertas.lt\/en\/wp-json\/wp\/v2\/media?parent=6904"}],"wp:term":[{"taxonomy":"product_brand","embeddable":true,"href":"https:\/\/invertas.lt\/en\/wp-json\/wp\/v2\/product_brand?post=6904"},{"taxonomy":"product_cat","embeddable":true,"href":"https:\/\/invertas.lt\/en\/wp-json\/wp\/v2\/product_cat?post=6904"},{"taxonomy":"product_tag","embeddable":true,"href":"https:\/\/invertas.lt\/en\/wp-json\/wp\/v2\/product_tag?post=6904"}],"curies":[{"name":"wp","href":"https:\/\/api.w.org\/{rel}","templated":true}]}}