{"id":6901,"date":"2025-06-17T09:38:03","date_gmt":"2025-06-17T09:38:03","guid":{"rendered":"https:\/\/aurimasb15.sg-host.com\/?post_type=product&#038;p=6901"},"modified":"2025-08-07T11:45:26","modified_gmt":"2025-08-07T11:45:26","slug":"vibracinis-lygio-jutiklis-vibranivo-vn-7130-kompaktiskas-vibracinis-lygio-jungiklis-uwt","status":"publish","type":"product","link":"https:\/\/invertas.lt\/en\/produktai\/lygio-matuokliai\/vibracinis-lygio-jutiklis-vibranivo-vn-7130-kompaktiskas-vibracinis-lygio-jungiklis-uwt\/","title":{"rendered":"UWT Vibranivo\u00ae vibrating level sensor \u2013 VN 7130"},"content":{"rendered":"<p data-start=\"0\" data-end=\"360\"><strong data-start=\"0\" data-end=\"19\">Areas of application:<\/strong><\/p>\n<p data-start=\"0\" data-end=\"360\">Vibranivo\u00ae VN 7130 is designed for precise liquid level measurement in various tanks, pipes and mixers. Suitable for the food industry, breweries, dairies, chemical, petrochemical, water supply and wastewater sectors. The sensor allows remote adjustment of the connection point up to 4 m, providing flexibility in installation and operation.<\/p>\n<p data-start=\"362\" data-end=\"376\"><strong data-start=\"362\" data-end=\"374\">Features:<\/strong><\/p>\n<ul>\n<li data-start=\"379\" data-end=\"414\">Quick start without calibration<\/li>\n<li data-start=\"417\" data-end=\"483\">Reliable measurements unaffected by buildup, flow or air bubbles<\/li>\n<li data-start=\"486\" data-end=\"531\">Maintenance-free, ensuring long-term reliability<\/li>\n<\/ul>","protected":false},"excerpt":{"rendered":"<p>Taikymo sritys: Vibranivo\u00ae VN 7130 skirtas tiksliai skys\u010di\u0173 lygiui matuoti \u012fvairiose talpose, vamzd\u017eiuose ir mai\u0161ytuvuose. Tinka maisto pramonei, alaus darykloms, pienin\u0117ms, chemijos, naftochemijos, vandens tiekimo ir nuotek\u0173 sektoriams. Jutiklis leid\u017eia nuotoliniu b\u016bdu reguliuoti jungimo ta\u0161k\u0105 iki 4 m, suteikiant montavimo ir eksploatacijos lankstum\u0105. Savyb\u0117s: Greitas paleidimas be kalibravimo Patikimi matavimai nepaveikti sankaup\u0173, srauto ar oro [&hellip;]<\/p>","protected":false},"featured_media":7052,"comment_status":"open","ping_status":"closed","template":"","meta":{"_acf_changed":false,"inline_featured_image":false},"product_brand":[],"product_cat":[411],"product_tag":[],"class_list":{"0":"post-6901","1":"product","2":"type-product","3":"status-publish","4":"has-post-thumbnail","6":"product_cat-lygio-matuokliai","8":"first","9":"instock","10":"shipping-taxable","11":"purchasable","12":"product-type-simple"},"acf":[],"yoast_head":"<!-- This site is optimized with the Yoast SEO plugin v25.5 - https:\/\/yoast.com\/wordpress\/plugins\/seo\/ -->\n<title>UWT vibracinis lygio jutiklis Vibranivo\u00ae - VN 7130 - Invertas<\/title>\n<meta name=\"description\" content=\"Skirtas tiksliai skys\u010di\u0173 lygiui matuoti \u012fvairiose talpose, vamzd\u017eiuose ir mai\u0161ytuvuose. Jutiklis leid\u017eia nuotoliniu b\u016bdu reguliuoti jungimo ta\u0161k\u0105 iki 4 m.\" \/>\n<meta name=\"robots\" content=\"index, follow, max-snippet:-1, max-image-preview:large, max-video-preview:-1\" \/>\n<link rel=\"canonical\" href=\"https:\/\/invertas.lt\/en\/produktai\/lygio-matuokliai\/vibracinis-lygio-jutiklis-vibranivo-vn-7130-kompaktiskas-vibracinis-lygio-jungiklis-uwt\/\" \/>\n<meta property=\"og:locale\" content=\"en_GB\" \/>\n<meta property=\"og:type\" content=\"article\" \/>\n<meta property=\"og:title\" content=\"UWT vibracinis lygio jutiklis Vibranivo\u00ae - VN 7130 - Invertas\" \/>\n<meta property=\"og:description\" content=\"Skirtas tiksliai skys\u010di\u0173 lygiui matuoti \u012fvairiose talpose, vamzd\u017eiuose ir mai\u0161ytuvuose. Jutiklis leid\u017eia nuotoliniu b\u016bdu reguliuoti jungimo ta\u0161k\u0105 iki 4 m.\" \/>\n<meta property=\"og:url\" content=\"https:\/\/invertas.lt\/en\/produktai\/lygio-matuokliai\/vibracinis-lygio-jutiklis-vibranivo-vn-7130-kompaktiskas-vibracinis-lygio-jungiklis-uwt\/\" \/>\n<meta property=\"og:site_name\" content=\"Invertas\" \/>\n<meta property=\"article:modified_time\" content=\"2025-08-07T11:45:26+00:00\" \/>\n<meta property=\"og:image\" content=\"https:\/\/invertas.lt\/wp-content\/uploads\/2025\/06\/vn-7130-pipeextension-100c.jpg\" \/>\n\t<meta property=\"og:image:width\" content=\"1000\" \/>\n\t<meta property=\"og:image:height\" content=\"1000\" \/>\n\t<meta property=\"og:image:type\" content=\"image\/jpeg\" \/>\n<meta name=\"twitter:card\" content=\"summary_large_image\" \/>\n<meta name=\"twitter:label1\" content=\"Estimated reading time\" \/>\n\t<meta name=\"twitter:data1\" content=\"1 minute\" \/>\n<script type=\"application\/ld+json\" class=\"yoast-schema-graph\">{\"@context\":\"https:\/\/schema.org\",\"@graph\":[{\"@type\":\"WebPage\",\"@id\":\"https:\/\/invertas.lt\/produktai\/lygio-matuokliai\/vibracinis-lygio-jutiklis-vibranivo-vn-7130-kompaktiskas-vibracinis-lygio-jungiklis-uwt\/\",\"url\":\"https:\/\/invertas.lt\/produktai\/lygio-matuokliai\/vibracinis-lygio-jutiklis-vibranivo-vn-7130-kompaktiskas-vibracinis-lygio-jungiklis-uwt\/\",\"name\":\"UWT vibracinis lygio jutiklis Vibranivo\u00ae - VN 7130 - Invertas\",\"isPartOf\":{\"@id\":\"https:\/\/invertas.lt\/#website\"},\"primaryImageOfPage\":{\"@id\":\"https:\/\/invertas.lt\/produktai\/lygio-matuokliai\/vibracinis-lygio-jutiklis-vibranivo-vn-7130-kompaktiskas-vibracinis-lygio-jungiklis-uwt\/#primaryimage\"},\"image\":{\"@id\":\"https:\/\/invertas.lt\/produktai\/lygio-matuokliai\/vibracinis-lygio-jutiklis-vibranivo-vn-7130-kompaktiskas-vibracinis-lygio-jungiklis-uwt\/#primaryimage\"},\"thumbnailUrl\":\"https:\/\/invertas.lt\/wp-content\/uploads\/2025\/06\/vn-7130-pipeextension-100c.jpg\",\"datePublished\":\"2025-06-17T09:38:03+00:00\",\"dateModified\":\"2025-08-07T11:45:26+00:00\",\"description\":\"Skirtas tiksliai skys\u010di\u0173 lygiui matuoti \u012fvairiose talpose, vamzd\u017eiuose ir mai\u0161ytuvuose. Jutiklis leid\u017eia nuotoliniu b\u016bdu reguliuoti jungimo ta\u0161k\u0105 iki 4 m.\",\"breadcrumb\":{\"@id\":\"https:\/\/invertas.lt\/produktai\/lygio-matuokliai\/vibracinis-lygio-jutiklis-vibranivo-vn-7130-kompaktiskas-vibracinis-lygio-jungiklis-uwt\/#breadcrumb\"},\"inLanguage\":\"en-GB\",\"potentialAction\":[{\"@type\":\"ReadAction\",\"target\":[\"https:\/\/invertas.lt\/produktai\/lygio-matuokliai\/vibracinis-lygio-jutiklis-vibranivo-vn-7130-kompaktiskas-vibracinis-lygio-jungiklis-uwt\/\"]}]},{\"@type\":\"ImageObject\",\"inLanguage\":\"en-GB\",\"@id\":\"https:\/\/invertas.lt\/produktai\/lygio-matuokliai\/vibracinis-lygio-jutiklis-vibranivo-vn-7130-kompaktiskas-vibracinis-lygio-jungiklis-uwt\/#primaryimage\",\"url\":\"https:\/\/invertas.lt\/wp-content\/uploads\/2025\/06\/vn-7130-pipeextension-100c.jpg\",\"contentUrl\":\"https:\/\/invertas.lt\/wp-content\/uploads\/2025\/06\/vn-7130-pipeextension-100c.jpg\",\"width\":1000,\"height\":1000},{\"@type\":\"BreadcrumbList\",\"@id\":\"https:\/\/invertas.lt\/produktai\/lygio-matuokliai\/vibracinis-lygio-jutiklis-vibranivo-vn-7130-kompaktiskas-vibracinis-lygio-jungiklis-uwt\/#breadcrumb\",\"itemListElement\":[{\"@type\":\"ListItem\",\"position\":1,\"name\":\"Prad\u017eia\",\"item\":\"https:\/\/invertas.lt\/\"},{\"@type\":\"ListItem\",\"position\":2,\"name\":\"Products\",\"item\":\"https:\/\/invertas.lt\/shop\/\"},{\"@type\":\"ListItem\",\"position\":3,\"name\":\"Lygio matuokliai\",\"item\":\"https:\/\/invertas.lt\/.\/lygio-matuokliai\/\"},{\"@type\":\"ListItem\",\"position\":4,\"name\":\"UWT vibracinis lygio jutiklis Vibranivo\u00ae &#8211; VN 7130\"}]},{\"@type\":\"WebSite\",\"@id\":\"https:\/\/invertas.lt\/#website\",\"url\":\"https:\/\/invertas.lt\/\",\"name\":\"Invertas\",\"description\":\"\",\"publisher\":{\"@id\":\"https:\/\/invertas.lt\/#organization\"},\"potentialAction\":[{\"@type\":\"SearchAction\",\"target\":{\"@type\":\"EntryPoint\",\"urlTemplate\":\"https:\/\/invertas.lt\/?s={search_term_string}\"},\"query-input\":{\"@type\":\"PropertyValueSpecification\",\"valueRequired\":true,\"valueName\":\"search_term_string\"}}],\"inLanguage\":\"en-GB\"},{\"@type\":\"Organization\",\"@id\":\"https:\/\/invertas.lt\/#organization\",\"name\":\"Invertas\",\"url\":\"https:\/\/invertas.lt\/\",\"logo\":{\"@type\":\"ImageObject\",\"inLanguage\":\"en-GB\",\"@id\":\"https:\/\/invertas.lt\/#\/schema\/logo\/image\/\",\"url\":\"https:\/\/invertas.lt\/wp-content\/uploads\/2025\/03\/New-Text-Document-2.svg\",\"contentUrl\":\"https:\/\/invertas.lt\/wp-content\/uploads\/2025\/03\/New-Text-Document-2.svg\",\"width\":140,\"height\":39,\"caption\":\"Invertas\"},\"image\":{\"@id\":\"https:\/\/invertas.lt\/#\/schema\/logo\/image\/\"}}]}<\/script>\n<!-- \/ Yoast SEO plugin. -->","yoast_head_json":{"title":"UWT vibracinis lygio jutiklis Vibranivo\u00ae - VN 7130 - Invertas","description":"Skirtas tiksliai skys\u010di\u0173 lygiui matuoti \u012fvairiose talpose, vamzd\u017eiuose ir mai\u0161ytuvuose. Jutiklis leid\u017eia nuotoliniu b\u016bdu reguliuoti jungimo ta\u0161k\u0105 iki 4 m.","robots":{"index":"index","follow":"follow","max-snippet":"max-snippet:-1","max-image-preview":"max-image-preview:large","max-video-preview":"max-video-preview:-1"},"canonical":"https:\/\/invertas.lt\/en\/produktai\/lygio-matuokliai\/vibracinis-lygio-jutiklis-vibranivo-vn-7130-kompaktiskas-vibracinis-lygio-jungiklis-uwt\/","og_locale":"en_GB","og_type":"article","og_title":"UWT vibracinis lygio jutiklis Vibranivo\u00ae - VN 7130 - Invertas","og_description":"Skirtas tiksliai skys\u010di\u0173 lygiui matuoti \u012fvairiose talpose, vamzd\u017eiuose ir mai\u0161ytuvuose. Jutiklis leid\u017eia nuotoliniu b\u016bdu reguliuoti jungimo ta\u0161k\u0105 iki 4 m.","og_url":"https:\/\/invertas.lt\/en\/produktai\/lygio-matuokliai\/vibracinis-lygio-jutiklis-vibranivo-vn-7130-kompaktiskas-vibracinis-lygio-jungiklis-uwt\/","og_site_name":"Invertas","article_modified_time":"2025-08-07T11:45:26+00:00","og_image":[{"width":1000,"height":1000,"url":"https:\/\/invertas.lt\/wp-content\/uploads\/2025\/06\/vn-7130-pipeextension-100c.jpg","type":"image\/jpeg"}],"twitter_card":"summary_large_image","twitter_misc":{"Estimated reading time":"1 minute"},"schema":{"@context":"https:\/\/schema.org","@graph":[{"@type":"WebPage","@id":"https:\/\/invertas.lt\/produktai\/lygio-matuokliai\/vibracinis-lygio-jutiklis-vibranivo-vn-7130-kompaktiskas-vibracinis-lygio-jungiklis-uwt\/","url":"https:\/\/invertas.lt\/produktai\/lygio-matuokliai\/vibracinis-lygio-jutiklis-vibranivo-vn-7130-kompaktiskas-vibracinis-lygio-jungiklis-uwt\/","name":"UWT vibracinis lygio jutiklis Vibranivo\u00ae - VN 7130 - Invertas","isPartOf":{"@id":"https:\/\/invertas.lt\/#website"},"primaryImageOfPage":{"@id":"https:\/\/invertas.lt\/produktai\/lygio-matuokliai\/vibracinis-lygio-jutiklis-vibranivo-vn-7130-kompaktiskas-vibracinis-lygio-jungiklis-uwt\/#primaryimage"},"image":{"@id":"https:\/\/invertas.lt\/produktai\/lygio-matuokliai\/vibracinis-lygio-jutiklis-vibranivo-vn-7130-kompaktiskas-vibracinis-lygio-jungiklis-uwt\/#primaryimage"},"thumbnailUrl":"https:\/\/invertas.lt\/wp-content\/uploads\/2025\/06\/vn-7130-pipeextension-100c.jpg","datePublished":"2025-06-17T09:38:03+00:00","dateModified":"2025-08-07T11:45:26+00:00","description":"Skirtas tiksliai skys\u010di\u0173 lygiui matuoti \u012fvairiose talpose, vamzd\u017eiuose ir mai\u0161ytuvuose. Jutiklis leid\u017eia nuotoliniu b\u016bdu reguliuoti jungimo ta\u0161k\u0105 iki 4 m.","breadcrumb":{"@id":"https:\/\/invertas.lt\/produktai\/lygio-matuokliai\/vibracinis-lygio-jutiklis-vibranivo-vn-7130-kompaktiskas-vibracinis-lygio-jungiklis-uwt\/#breadcrumb"},"inLanguage":"en-GB","potentialAction":[{"@type":"ReadAction","target":["https:\/\/invertas.lt\/produktai\/lygio-matuokliai\/vibracinis-lygio-jutiklis-vibranivo-vn-7130-kompaktiskas-vibracinis-lygio-jungiklis-uwt\/"]}]},{"@type":"ImageObject","inLanguage":"en-GB","@id":"https:\/\/invertas.lt\/produktai\/lygio-matuokliai\/vibracinis-lygio-jutiklis-vibranivo-vn-7130-kompaktiskas-vibracinis-lygio-jungiklis-uwt\/#primaryimage","url":"https:\/\/invertas.lt\/wp-content\/uploads\/2025\/06\/vn-7130-pipeextension-100c.jpg","contentUrl":"https:\/\/invertas.lt\/wp-content\/uploads\/2025\/06\/vn-7130-pipeextension-100c.jpg","width":1000,"height":1000},{"@type":"BreadcrumbList","@id":"https:\/\/invertas.lt\/produktai\/lygio-matuokliai\/vibracinis-lygio-jutiklis-vibranivo-vn-7130-kompaktiskas-vibracinis-lygio-jungiklis-uwt\/#breadcrumb","itemListElement":[{"@type":"ListItem","position":1,"name":"Prad\u017eia","item":"https:\/\/invertas.lt\/"},{"@type":"ListItem","position":2,"name":"Products","item":"https:\/\/invertas.lt\/shop\/"},{"@type":"ListItem","position":3,"name":"Lygio matuokliai","item":"https:\/\/invertas.lt\/.\/lygio-matuokliai\/"},{"@type":"ListItem","position":4,"name":"UWT vibracinis lygio jutiklis Vibranivo\u00ae &#8211; VN 7130"}]},{"@type":"WebSite","@id":"https:\/\/invertas.lt\/#website","url":"https:\/\/invertas.lt\/","name":"Invert","description":"","publisher":{"@id":"https:\/\/invertas.lt\/#organization"},"potentialAction":[{"@type":"SearchAction","target":{"@type":"EntryPoint","urlTemplate":"https:\/\/invertas.lt\/?s={search_term_string}"},"query-input":{"@type":"PropertyValueSpecification","valueRequired":true,"valueName":"search_term_string"}}],"inLanguage":"en-GB"},{"@type":"Organization","@id":"https:\/\/invertas.lt\/#organization","name":"Invert","url":"https:\/\/invertas.lt\/","logo":{"@type":"ImageObject","inLanguage":"en-GB","@id":"https:\/\/invertas.lt\/#\/schema\/logo\/image\/","url":"https:\/\/invertas.lt\/wp-content\/uploads\/2025\/03\/New-Text-Document-2.svg","contentUrl":"https:\/\/invertas.lt\/wp-content\/uploads\/2025\/03\/New-Text-Document-2.svg","width":140,"height":39,"caption":"Invertas"},"image":{"@id":"https:\/\/invertas.lt\/#\/schema\/logo\/image\/"}}]}},"_links":{"self":[{"href":"https:\/\/invertas.lt\/en\/wp-json\/wp\/v2\/product\/6901","targetHints":{"allow":["GET"]}}],"collection":[{"href":"https:\/\/invertas.lt\/en\/wp-json\/wp\/v2\/product"}],"about":[{"href":"https:\/\/invertas.lt\/en\/wp-json\/wp\/v2\/types\/product"}],"replies":[{"embeddable":true,"href":"https:\/\/invertas.lt\/en\/wp-json\/wp\/v2\/comments?post=6901"}],"wp:featuredmedia":[{"embeddable":true,"href":"https:\/\/invertas.lt\/en\/wp-json\/wp\/v2\/media\/7052"}],"wp:attachment":[{"href":"https:\/\/invertas.lt\/en\/wp-json\/wp\/v2\/media?parent=6901"}],"wp:term":[{"taxonomy":"product_brand","embeddable":true,"href":"https:\/\/invertas.lt\/en\/wp-json\/wp\/v2\/product_brand?post=6901"},{"taxonomy":"product_cat","embeddable":true,"href":"https:\/\/invertas.lt\/en\/wp-json\/wp\/v2\/product_cat?post=6901"},{"taxonomy":"product_tag","embeddable":true,"href":"https:\/\/invertas.lt\/en\/wp-json\/wp\/v2\/product_tag?post=6901"}],"curies":[{"name":"wp","href":"https:\/\/api.w.org\/{rel}","templated":true}]}}