{"id":6875,"date":"2025-06-16T18:21:40","date_gmt":"2025-06-16T18:21:40","guid":{"rendered":"https:\/\/aurimasb15.sg-host.com\/?post_type=product&#038;p=6875"},"modified":"2025-08-07T11:11:33","modified_gmt":"2025-08-07T11:11:33","slug":"vibracinis-lygio-jutiklis-mononivo-vibranivo-vn-5040","status":"publish","type":"product","link":"https:\/\/invertas.lt\/en\/produktai\/lygio-matuokliai\/vibracinis-lygio-jutiklis-mononivo-vibranivo-vn-5040\/","title":{"rendered":"UWT vibrating level sensor Vibranivo\u00ae \u2013 VN 5040"},"content":{"rendered":"<p data-start=\"0\" data-end=\"347\"><strong data-start=\"0\" data-end=\"19\">Areas of application:<\/strong><\/p>\n<p data-start=\"0\" data-end=\"347\">The Vibranivo\u00ae VN 5040 vibrating fork is designed for measuring the fullness and demand level in dry and free-flowing bulk materials. The probe length is adjustable using a tube extension kit. The model has a larger housing with more installation space and is available in an explosion-proof version (for GasEx zones).<\/p>\n<p data-start=\"349\" data-end=\"363\"><strong data-start=\"349\" data-end=\"361\">Features:<\/strong><\/p>\n<ul>\n<li data-start=\"366\" data-end=\"443\">Maintenance-free sensor suitable for a wide range of bulk materials<\/li>\n<li data-start=\"446\" data-end=\"515\">Flexible probe length thanks to modular, self-assembly kit<\/li>\n<li data-start=\"518\" data-end=\"586\">Explosion-proof version available for potentially explosive environments<\/li>\n<\/ul>","protected":false},"excerpt":{"rendered":"<p>Taikymo sritys: Vibracin\u0117 \u0161akut\u0117 Vibranivo\u00ae VN 5040 skirta pilnumo ir poreikio lygiui matuoti sausose bei lengvai tekan\u010diose biri\u0173 med\u017eiag\u0173 talpose. Zondo ilgis reguliuojamas naudojant vamzdelio prailginimo komplekt\u0105. Modelis turi didesn\u012f korpus\u0105 su daugiau vietos instaliacijai ir yra prieinamas sprogimui atsparios versijos (GasEx zonoms). Savyb\u0117s: Prie\u017ei\u016bros nereikalaujantis jutiklis, tinkamas \u012fvairioms birioms med\u017eiagoms Lankstus zondo ilgis d\u0117l [&hellip;]<\/p>","protected":false},"featured_media":7030,"comment_status":"open","ping_status":"closed","template":"","meta":{"_acf_changed":false,"inline_featured_image":false},"product_brand":[],"product_cat":[411],"product_tag":[],"class_list":{"0":"post-6875","1":"product","2":"type-product","3":"status-publish","4":"has-post-thumbnail","6":"product_cat-lygio-matuokliai","8":"first","9":"instock","10":"shipping-taxable","11":"purchasable","12":"product-type-simple"},"acf":[],"yoast_head":"<!-- This site is optimized with the Yoast SEO plugin v25.5 - https:\/\/yoast.com\/wordpress\/plugins\/seo\/ -->\n<title>UWT vibracinis lygio jutiklis Vibranivo\u00ae - VN 5040 - Invertas<\/title>\n<meta name=\"description\" content=\"Vibracin\u0117 \u0161akut\u0117 Vibranivo\u00ae VN 5040 skirta pilnumo ir poreikio lygiui matuoti sausose bei lengvai tekan\u010diose biri\u0173 med\u017eiag\u0173 talpose.\" \/>\n<meta name=\"robots\" content=\"index, follow, max-snippet:-1, max-image-preview:large, max-video-preview:-1\" \/>\n<link rel=\"canonical\" href=\"https:\/\/invertas.lt\/en\/produktai\/lygio-matuokliai\/vibracinis-lygio-jutiklis-mononivo-vibranivo-vn-5040\/\" \/>\n<meta property=\"og:locale\" content=\"en_GB\" \/>\n<meta property=\"og:type\" content=\"article\" \/>\n<meta property=\"og:title\" content=\"UWT vibracinis lygio jutiklis Vibranivo\u00ae - VN 5040 - Invertas\" \/>\n<meta property=\"og:description\" content=\"Vibracin\u0117 \u0161akut\u0117 Vibranivo\u00ae VN 5040 skirta pilnumo ir poreikio lygiui matuoti sausose bei lengvai tekan\u010diose biri\u0173 med\u017eiag\u0173 talpose.\" \/>\n<meta property=\"og:url\" content=\"https:\/\/invertas.lt\/en\/produktai\/lygio-matuokliai\/vibracinis-lygio-jutiklis-mononivo-vibranivo-vn-5040\/\" \/>\n<meta property=\"og:site_name\" content=\"Invertas\" \/>\n<meta property=\"article:modified_time\" content=\"2025-08-07T11:11:33+00:00\" \/>\n<meta property=\"og:image\" content=\"https:\/\/invertas.lt\/wp-content\/uploads\/2025\/06\/vn5040-vibranivo-vibration-fork-switch-version-with-threaded-tube-extension.jpg\" \/>\n\t<meta property=\"og:image:width\" content=\"800\" \/>\n\t<meta property=\"og:image:height\" content=\"1200\" \/>\n\t<meta property=\"og:image:type\" content=\"image\/jpeg\" \/>\n<meta name=\"twitter:card\" content=\"summary_large_image\" \/>\n<meta name=\"twitter:label1\" content=\"Estimated reading time\" \/>\n\t<meta name=\"twitter:data1\" content=\"1 minute\" \/>\n<script type=\"application\/ld+json\" class=\"yoast-schema-graph\">{\"@context\":\"https:\/\/schema.org\",\"@graph\":[{\"@type\":\"WebPage\",\"@id\":\"https:\/\/invertas.lt\/produktai\/lygio-matuokliai\/vibracinis-lygio-jutiklis-mononivo-vibranivo-vn-5040\/\",\"url\":\"https:\/\/invertas.lt\/produktai\/lygio-matuokliai\/vibracinis-lygio-jutiklis-mononivo-vibranivo-vn-5040\/\",\"name\":\"UWT vibracinis lygio jutiklis Vibranivo\u00ae - VN 5040 - Invertas\",\"isPartOf\":{\"@id\":\"https:\/\/invertas.lt\/#website\"},\"primaryImageOfPage\":{\"@id\":\"https:\/\/invertas.lt\/produktai\/lygio-matuokliai\/vibracinis-lygio-jutiklis-mononivo-vibranivo-vn-5040\/#primaryimage\"},\"image\":{\"@id\":\"https:\/\/invertas.lt\/produktai\/lygio-matuokliai\/vibracinis-lygio-jutiklis-mononivo-vibranivo-vn-5040\/#primaryimage\"},\"thumbnailUrl\":\"https:\/\/invertas.lt\/wp-content\/uploads\/2025\/06\/vn5040-vibranivo-vibration-fork-switch-version-with-threaded-tube-extension.jpg\",\"datePublished\":\"2025-06-16T18:21:40+00:00\",\"dateModified\":\"2025-08-07T11:11:33+00:00\",\"description\":\"Vibracin\u0117 \u0161akut\u0117 Vibranivo\u00ae VN 5040 skirta pilnumo ir poreikio lygiui matuoti sausose bei lengvai tekan\u010diose biri\u0173 med\u017eiag\u0173 talpose.\",\"breadcrumb\":{\"@id\":\"https:\/\/invertas.lt\/produktai\/lygio-matuokliai\/vibracinis-lygio-jutiklis-mononivo-vibranivo-vn-5040\/#breadcrumb\"},\"inLanguage\":\"en-GB\",\"potentialAction\":[{\"@type\":\"ReadAction\",\"target\":[\"https:\/\/invertas.lt\/produktai\/lygio-matuokliai\/vibracinis-lygio-jutiklis-mononivo-vibranivo-vn-5040\/\"]}]},{\"@type\":\"ImageObject\",\"inLanguage\":\"en-GB\",\"@id\":\"https:\/\/invertas.lt\/produktai\/lygio-matuokliai\/vibracinis-lygio-jutiklis-mononivo-vibranivo-vn-5040\/#primaryimage\",\"url\":\"https:\/\/invertas.lt\/wp-content\/uploads\/2025\/06\/vn5040-vibranivo-vibration-fork-switch-version-with-threaded-tube-extension.jpg\",\"contentUrl\":\"https:\/\/invertas.lt\/wp-content\/uploads\/2025\/06\/vn5040-vibranivo-vibration-fork-switch-version-with-threaded-tube-extension.jpg\",\"width\":800,\"height\":1200},{\"@type\":\"BreadcrumbList\",\"@id\":\"https:\/\/invertas.lt\/produktai\/lygio-matuokliai\/vibracinis-lygio-jutiklis-mononivo-vibranivo-vn-5040\/#breadcrumb\",\"itemListElement\":[{\"@type\":\"ListItem\",\"position\":1,\"name\":\"Prad\u017eia\",\"item\":\"https:\/\/invertas.lt\/\"},{\"@type\":\"ListItem\",\"position\":2,\"name\":\"Products\",\"item\":\"https:\/\/invertas.lt\/shop\/\"},{\"@type\":\"ListItem\",\"position\":3,\"name\":\"Lygio matuokliai\",\"item\":\"https:\/\/invertas.lt\/.\/lygio-matuokliai\/\"},{\"@type\":\"ListItem\",\"position\":4,\"name\":\"UWT vibracinis lygio jutiklis Vibranivo\u00ae &#8211; VN 5040\"}]},{\"@type\":\"WebSite\",\"@id\":\"https:\/\/invertas.lt\/#website\",\"url\":\"https:\/\/invertas.lt\/\",\"name\":\"Invertas\",\"description\":\"\",\"publisher\":{\"@id\":\"https:\/\/invertas.lt\/#organization\"},\"potentialAction\":[{\"@type\":\"SearchAction\",\"target\":{\"@type\":\"EntryPoint\",\"urlTemplate\":\"https:\/\/invertas.lt\/?s={search_term_string}\"},\"query-input\":{\"@type\":\"PropertyValueSpecification\",\"valueRequired\":true,\"valueName\":\"search_term_string\"}}],\"inLanguage\":\"en-GB\"},{\"@type\":\"Organization\",\"@id\":\"https:\/\/invertas.lt\/#organization\",\"name\":\"Invertas\",\"url\":\"https:\/\/invertas.lt\/\",\"logo\":{\"@type\":\"ImageObject\",\"inLanguage\":\"en-GB\",\"@id\":\"https:\/\/invertas.lt\/#\/schema\/logo\/image\/\",\"url\":\"https:\/\/invertas.lt\/wp-content\/uploads\/2025\/03\/New-Text-Document-2.svg\",\"contentUrl\":\"https:\/\/invertas.lt\/wp-content\/uploads\/2025\/03\/New-Text-Document-2.svg\",\"width\":140,\"height\":39,\"caption\":\"Invertas\"},\"image\":{\"@id\":\"https:\/\/invertas.lt\/#\/schema\/logo\/image\/\"}}]}<\/script>\n<!-- \/ Yoast SEO plugin. -->","yoast_head_json":{"title":"UWT vibracinis lygio jutiklis Vibranivo\u00ae - VN 5040 - Invertas","description":"Vibracin\u0117 \u0161akut\u0117 Vibranivo\u00ae VN 5040 skirta pilnumo ir poreikio lygiui matuoti sausose bei lengvai tekan\u010diose biri\u0173 med\u017eiag\u0173 talpose.","robots":{"index":"index","follow":"follow","max-snippet":"max-snippet:-1","max-image-preview":"max-image-preview:large","max-video-preview":"max-video-preview:-1"},"canonical":"https:\/\/invertas.lt\/en\/produktai\/lygio-matuokliai\/vibracinis-lygio-jutiklis-mononivo-vibranivo-vn-5040\/","og_locale":"en_GB","og_type":"article","og_title":"UWT vibracinis lygio jutiklis Vibranivo\u00ae - VN 5040 - Invertas","og_description":"Vibracin\u0117 \u0161akut\u0117 Vibranivo\u00ae VN 5040 skirta pilnumo ir poreikio lygiui matuoti sausose bei lengvai tekan\u010diose biri\u0173 med\u017eiag\u0173 talpose.","og_url":"https:\/\/invertas.lt\/en\/produktai\/lygio-matuokliai\/vibracinis-lygio-jutiklis-mononivo-vibranivo-vn-5040\/","og_site_name":"Invertas","article_modified_time":"2025-08-07T11:11:33+00:00","og_image":[{"width":800,"height":1200,"url":"https:\/\/invertas.lt\/wp-content\/uploads\/2025\/06\/vn5040-vibranivo-vibration-fork-switch-version-with-threaded-tube-extension.jpg","type":"image\/jpeg"}],"twitter_card":"summary_large_image","twitter_misc":{"Estimated reading time":"1 minute"},"schema":{"@context":"https:\/\/schema.org","@graph":[{"@type":"WebPage","@id":"https:\/\/invertas.lt\/produktai\/lygio-matuokliai\/vibracinis-lygio-jutiklis-mononivo-vibranivo-vn-5040\/","url":"https:\/\/invertas.lt\/produktai\/lygio-matuokliai\/vibracinis-lygio-jutiklis-mononivo-vibranivo-vn-5040\/","name":"UWT vibracinis lygio jutiklis Vibranivo\u00ae - VN 5040 - Invertas","isPartOf":{"@id":"https:\/\/invertas.lt\/#website"},"primaryImageOfPage":{"@id":"https:\/\/invertas.lt\/produktai\/lygio-matuokliai\/vibracinis-lygio-jutiklis-mononivo-vibranivo-vn-5040\/#primaryimage"},"image":{"@id":"https:\/\/invertas.lt\/produktai\/lygio-matuokliai\/vibracinis-lygio-jutiklis-mononivo-vibranivo-vn-5040\/#primaryimage"},"thumbnailUrl":"https:\/\/invertas.lt\/wp-content\/uploads\/2025\/06\/vn5040-vibranivo-vibration-fork-switch-version-with-threaded-tube-extension.jpg","datePublished":"2025-06-16T18:21:40+00:00","dateModified":"2025-08-07T11:11:33+00:00","description":"Vibracin\u0117 \u0161akut\u0117 Vibranivo\u00ae VN 5040 skirta pilnumo ir poreikio lygiui matuoti sausose bei lengvai tekan\u010diose biri\u0173 med\u017eiag\u0173 talpose.","breadcrumb":{"@id":"https:\/\/invertas.lt\/produktai\/lygio-matuokliai\/vibracinis-lygio-jutiklis-mononivo-vibranivo-vn-5040\/#breadcrumb"},"inLanguage":"en-GB","potentialAction":[{"@type":"ReadAction","target":["https:\/\/invertas.lt\/produktai\/lygio-matuokliai\/vibracinis-lygio-jutiklis-mononivo-vibranivo-vn-5040\/"]}]},{"@type":"ImageObject","inLanguage":"en-GB","@id":"https:\/\/invertas.lt\/produktai\/lygio-matuokliai\/vibracinis-lygio-jutiklis-mononivo-vibranivo-vn-5040\/#primaryimage","url":"https:\/\/invertas.lt\/wp-content\/uploads\/2025\/06\/vn5040-vibranivo-vibration-fork-switch-version-with-threaded-tube-extension.jpg","contentUrl":"https:\/\/invertas.lt\/wp-content\/uploads\/2025\/06\/vn5040-vibranivo-vibration-fork-switch-version-with-threaded-tube-extension.jpg","width":800,"height":1200},{"@type":"BreadcrumbList","@id":"https:\/\/invertas.lt\/produktai\/lygio-matuokliai\/vibracinis-lygio-jutiklis-mononivo-vibranivo-vn-5040\/#breadcrumb","itemListElement":[{"@type":"ListItem","position":1,"name":"Prad\u017eia","item":"https:\/\/invertas.lt\/"},{"@type":"ListItem","position":2,"name":"Products","item":"https:\/\/invertas.lt\/shop\/"},{"@type":"ListItem","position":3,"name":"Lygio matuokliai","item":"https:\/\/invertas.lt\/.\/lygio-matuokliai\/"},{"@type":"ListItem","position":4,"name":"UWT vibracinis lygio jutiklis Vibranivo\u00ae &#8211; VN 5040"}]},{"@type":"WebSite","@id":"https:\/\/invertas.lt\/#website","url":"https:\/\/invertas.lt\/","name":"Invert","description":"","publisher":{"@id":"https:\/\/invertas.lt\/#organization"},"potentialAction":[{"@type":"SearchAction","target":{"@type":"EntryPoint","urlTemplate":"https:\/\/invertas.lt\/?s={search_term_string}"},"query-input":{"@type":"PropertyValueSpecification","valueRequired":true,"valueName":"search_term_string"}}],"inLanguage":"en-GB"},{"@type":"Organization","@id":"https:\/\/invertas.lt\/#organization","name":"Invert","url":"https:\/\/invertas.lt\/","logo":{"@type":"ImageObject","inLanguage":"en-GB","@id":"https:\/\/invertas.lt\/#\/schema\/logo\/image\/","url":"https:\/\/invertas.lt\/wp-content\/uploads\/2025\/03\/New-Text-Document-2.svg","contentUrl":"https:\/\/invertas.lt\/wp-content\/uploads\/2025\/03\/New-Text-Document-2.svg","width":140,"height":39,"caption":"Invertas"},"image":{"@id":"https:\/\/invertas.lt\/#\/schema\/logo\/image\/"}}]}},"_links":{"self":[{"href":"https:\/\/invertas.lt\/en\/wp-json\/wp\/v2\/product\/6875","targetHints":{"allow":["GET"]}}],"collection":[{"href":"https:\/\/invertas.lt\/en\/wp-json\/wp\/v2\/product"}],"about":[{"href":"https:\/\/invertas.lt\/en\/wp-json\/wp\/v2\/types\/product"}],"replies":[{"embeddable":true,"href":"https:\/\/invertas.lt\/en\/wp-json\/wp\/v2\/comments?post=6875"}],"wp:featuredmedia":[{"embeddable":true,"href":"https:\/\/invertas.lt\/en\/wp-json\/wp\/v2\/media\/7030"}],"wp:attachment":[{"href":"https:\/\/invertas.lt\/en\/wp-json\/wp\/v2\/media?parent=6875"}],"wp:term":[{"taxonomy":"product_brand","embeddable":true,"href":"https:\/\/invertas.lt\/en\/wp-json\/wp\/v2\/product_brand?post=6875"},{"taxonomy":"product_cat","embeddable":true,"href":"https:\/\/invertas.lt\/en\/wp-json\/wp\/v2\/product_cat?post=6875"},{"taxonomy":"product_tag","embeddable":true,"href":"https:\/\/invertas.lt\/en\/wp-json\/wp\/v2\/product_tag?post=6875"}],"curies":[{"name":"wp","href":"https:\/\/api.w.org\/{rel}","templated":true}]}}