{"id":6869,"date":"2025-06-16T17:43:00","date_gmt":"2025-06-16T17:43:00","guid":{"rendered":"https:\/\/aurimasb15.sg-host.com\/?post_type=product&#038;p=6869"},"modified":"2025-08-07T11:10:32","modified_gmt":"2025-08-07T11:10:32","slug":"vibracinis-lygio-jutiklis-mononivo-vibranivo-vn-5020","status":"publish","type":"product","link":"https:\/\/invertas.lt\/en\/produktai\/lygio-matuokliai\/vibracinis-lygio-jutiklis-mononivo-vibranivo-vn-5020\/","title":{"rendered":"UWT vibrating level sensor Vibranivo\u00ae \u2013 VN 5020"},"content":{"rendered":"<p data-start=\"0\" data-end=\"387\"><strong data-start=\"0\" data-end=\"18\">Fields of application<\/strong><\/p>\n<p data-start=\"0\" data-end=\"387\">The Vibranivo\u00ae VN 5020 vibrating fork is used for full, demand and empty level determination in dry and free-flowing bulk material containers. The short stainless steel probe arm ensures high mechanical resistance, making it suitable for harsh conditions. The larger housing provides more installation space and an explosion-proof (GasEx) version is also available.<\/p>\n<p data-start=\"389\" data-end=\"402\"><strong data-start=\"389\" data-end=\"400\">Features<\/strong><\/p>\n<ul>\n<li data-start=\"405\" data-end=\"473\">Maintenance-free, suitable for a variety of bulk materials<\/li>\n<li data-start=\"476\" data-end=\"514\">Stainless steel probe arm<\/li>\n<li data-start=\"517\" data-end=\"580\">Explosion-proof version available for hazardous gas environments<\/li>\n<\/ul>","protected":false},"excerpt":{"rendered":"<p>Taikymo sritys Vibracin\u0117 \u0161akut\u0117 Vibranivo\u00ae VN 5020 naudojama pilnumo, poreikio ir tu\u0161tumo lygio nustatymui sausose ir lengvai tekan\u010diose biri\u0173 med\u017eiag\u0173 talpose. Trumpa ner\u016bdijan\u010dio plieno zondo svirtis u\u017etikrina auk\u0161t\u0105 mechanin\u012f atsparum\u0105, tod\u0117l tinka sud\u0117tingoms s\u0105lygoms. Didesnis korpusas suteikia daugiau vietos instaliacijai, o galimas ir sprogimui atsparus (GasEx) variantas. Savyb\u0117s Prie\u017ei\u016bros nereikalaujantis, tinkamas \u012fvairioms birioms med\u017eiagoms Zondo [&hellip;]<\/p>","protected":false},"featured_media":7028,"comment_status":"open","ping_status":"closed","template":"","meta":{"_acf_changed":false,"inline_featured_image":false},"product_brand":[],"product_cat":[411],"product_tag":[],"class_list":{"0":"post-6869","1":"product","2":"type-product","3":"status-publish","4":"has-post-thumbnail","6":"product_cat-lygio-matuokliai","8":"first","9":"instock","10":"shipping-taxable","11":"purchasable","12":"product-type-simple"},"acf":[],"yoast_head":"<!-- This site is optimized with the Yoast SEO plugin v25.5 - https:\/\/yoast.com\/wordpress\/plugins\/seo\/ -->\n<title>UWT vibracinis lygio jutiklis Vibranivo\u00ae - VN 5020 - Invertas<\/title>\n<meta name=\"description\" content=\"Vibracin\u0117 \u0161akut\u0117 Vibranivo\u00ae VN 5020 naudojama pilnumo, poreikio ir tu\u0161tumo lygio nustatymui sausose ir lengvai tekan\u010diose biri\u0173 med\u017eiag\u0173 talpose.\" \/>\n<meta name=\"robots\" content=\"index, follow, max-snippet:-1, max-image-preview:large, max-video-preview:-1\" \/>\n<link rel=\"canonical\" href=\"https:\/\/invertas.lt\/en\/produktai\/lygio-matuokliai\/vibracinis-lygio-jutiklis-mononivo-vibranivo-vn-5020\/\" \/>\n<meta property=\"og:locale\" content=\"en_GB\" \/>\n<meta property=\"og:type\" content=\"article\" \/>\n<meta property=\"og:title\" content=\"UWT vibracinis lygio jutiklis Vibranivo\u00ae - VN 5020 - Invertas\" \/>\n<meta property=\"og:description\" content=\"Vibracin\u0117 \u0161akut\u0117 Vibranivo\u00ae VN 5020 naudojama pilnumo, poreikio ir tu\u0161tumo lygio nustatymui sausose ir lengvai tekan\u010diose biri\u0173 med\u017eiag\u0173 talpose.\" \/>\n<meta property=\"og:url\" content=\"https:\/\/invertas.lt\/en\/produktai\/lygio-matuokliai\/vibracinis-lygio-jutiklis-mononivo-vibranivo-vn-5020\/\" \/>\n<meta property=\"og:site_name\" content=\"Invertas\" \/>\n<meta property=\"article:modified_time\" content=\"2025-08-07T11:10:32+00:00\" \/>\n<meta property=\"og:image\" content=\"https:\/\/invertas.lt\/wp-content\/uploads\/2025\/06\/vn5020-vibranivo-vibration-fork-switch-short-version_1.jpg\" \/>\n\t<meta property=\"og:image:width\" content=\"1000\" \/>\n\t<meta property=\"og:image:height\" content=\"1000\" \/>\n\t<meta property=\"og:image:type\" content=\"image\/jpeg\" \/>\n<meta name=\"twitter:card\" content=\"summary_large_image\" \/>\n<meta name=\"twitter:label1\" content=\"Estimated reading time\" \/>\n\t<meta name=\"twitter:data1\" content=\"1 minute\" \/>\n<script type=\"application\/ld+json\" class=\"yoast-schema-graph\">{\"@context\":\"https:\/\/schema.org\",\"@graph\":[{\"@type\":\"WebPage\",\"@id\":\"https:\/\/invertas.lt\/produktai\/lygio-matuokliai\/vibracinis-lygio-jutiklis-mononivo-vibranivo-vn-5020\/\",\"url\":\"https:\/\/invertas.lt\/produktai\/lygio-matuokliai\/vibracinis-lygio-jutiklis-mononivo-vibranivo-vn-5020\/\",\"name\":\"UWT vibracinis lygio jutiklis Vibranivo\u00ae - VN 5020 - Invertas\",\"isPartOf\":{\"@id\":\"https:\/\/invertas.lt\/#website\"},\"primaryImageOfPage\":{\"@id\":\"https:\/\/invertas.lt\/produktai\/lygio-matuokliai\/vibracinis-lygio-jutiklis-mononivo-vibranivo-vn-5020\/#primaryimage\"},\"image\":{\"@id\":\"https:\/\/invertas.lt\/produktai\/lygio-matuokliai\/vibracinis-lygio-jutiklis-mononivo-vibranivo-vn-5020\/#primaryimage\"},\"thumbnailUrl\":\"https:\/\/invertas.lt\/wp-content\/uploads\/2025\/06\/vn5020-vibranivo-vibration-fork-switch-short-version_1.jpg\",\"datePublished\":\"2025-06-16T17:43:00+00:00\",\"dateModified\":\"2025-08-07T11:10:32+00:00\",\"description\":\"Vibracin\u0117 \u0161akut\u0117 Vibranivo\u00ae VN 5020 naudojama pilnumo, poreikio ir tu\u0161tumo lygio nustatymui sausose ir lengvai tekan\u010diose biri\u0173 med\u017eiag\u0173 talpose.\",\"breadcrumb\":{\"@id\":\"https:\/\/invertas.lt\/produktai\/lygio-matuokliai\/vibracinis-lygio-jutiklis-mononivo-vibranivo-vn-5020\/#breadcrumb\"},\"inLanguage\":\"en-GB\",\"potentialAction\":[{\"@type\":\"ReadAction\",\"target\":[\"https:\/\/invertas.lt\/produktai\/lygio-matuokliai\/vibracinis-lygio-jutiklis-mononivo-vibranivo-vn-5020\/\"]}]},{\"@type\":\"ImageObject\",\"inLanguage\":\"en-GB\",\"@id\":\"https:\/\/invertas.lt\/produktai\/lygio-matuokliai\/vibracinis-lygio-jutiklis-mononivo-vibranivo-vn-5020\/#primaryimage\",\"url\":\"https:\/\/invertas.lt\/wp-content\/uploads\/2025\/06\/vn5020-vibranivo-vibration-fork-switch-short-version_1.jpg\",\"contentUrl\":\"https:\/\/invertas.lt\/wp-content\/uploads\/2025\/06\/vn5020-vibranivo-vibration-fork-switch-short-version_1.jpg\",\"width\":1000,\"height\":1000},{\"@type\":\"BreadcrumbList\",\"@id\":\"https:\/\/invertas.lt\/produktai\/lygio-matuokliai\/vibracinis-lygio-jutiklis-mononivo-vibranivo-vn-5020\/#breadcrumb\",\"itemListElement\":[{\"@type\":\"ListItem\",\"position\":1,\"name\":\"Prad\u017eia\",\"item\":\"https:\/\/invertas.lt\/\"},{\"@type\":\"ListItem\",\"position\":2,\"name\":\"Products\",\"item\":\"https:\/\/invertas.lt\/shop\/\"},{\"@type\":\"ListItem\",\"position\":3,\"name\":\"Lygio matuokliai\",\"item\":\"https:\/\/invertas.lt\/.\/lygio-matuokliai\/\"},{\"@type\":\"ListItem\",\"position\":4,\"name\":\"UWT vibracinis lygio jutiklis Vibranivo\u00ae &#8211; VN 5020\"}]},{\"@type\":\"WebSite\",\"@id\":\"https:\/\/invertas.lt\/#website\",\"url\":\"https:\/\/invertas.lt\/\",\"name\":\"Invertas\",\"description\":\"\",\"publisher\":{\"@id\":\"https:\/\/invertas.lt\/#organization\"},\"potentialAction\":[{\"@type\":\"SearchAction\",\"target\":{\"@type\":\"EntryPoint\",\"urlTemplate\":\"https:\/\/invertas.lt\/?s={search_term_string}\"},\"query-input\":{\"@type\":\"PropertyValueSpecification\",\"valueRequired\":true,\"valueName\":\"search_term_string\"}}],\"inLanguage\":\"en-GB\"},{\"@type\":\"Organization\",\"@id\":\"https:\/\/invertas.lt\/#organization\",\"name\":\"Invertas\",\"url\":\"https:\/\/invertas.lt\/\",\"logo\":{\"@type\":\"ImageObject\",\"inLanguage\":\"en-GB\",\"@id\":\"https:\/\/invertas.lt\/#\/schema\/logo\/image\/\",\"url\":\"https:\/\/invertas.lt\/wp-content\/uploads\/2025\/03\/New-Text-Document-2.svg\",\"contentUrl\":\"https:\/\/invertas.lt\/wp-content\/uploads\/2025\/03\/New-Text-Document-2.svg\",\"width\":140,\"height\":39,\"caption\":\"Invertas\"},\"image\":{\"@id\":\"https:\/\/invertas.lt\/#\/schema\/logo\/image\/\"}}]}<\/script>\n<!-- \/ Yoast SEO plugin. -->","yoast_head_json":{"title":"UWT vibracinis lygio jutiklis Vibranivo\u00ae - VN 5020 - Invertas","description":"Vibracin\u0117 \u0161akut\u0117 Vibranivo\u00ae VN 5020 naudojama pilnumo, poreikio ir tu\u0161tumo lygio nustatymui sausose ir lengvai tekan\u010diose biri\u0173 med\u017eiag\u0173 talpose.","robots":{"index":"index","follow":"follow","max-snippet":"max-snippet:-1","max-image-preview":"max-image-preview:large","max-video-preview":"max-video-preview:-1"},"canonical":"https:\/\/invertas.lt\/en\/produktai\/lygio-matuokliai\/vibracinis-lygio-jutiklis-mononivo-vibranivo-vn-5020\/","og_locale":"en_GB","og_type":"article","og_title":"UWT vibracinis lygio jutiklis Vibranivo\u00ae - VN 5020 - Invertas","og_description":"Vibracin\u0117 \u0161akut\u0117 Vibranivo\u00ae VN 5020 naudojama pilnumo, poreikio ir tu\u0161tumo lygio nustatymui sausose ir lengvai tekan\u010diose biri\u0173 med\u017eiag\u0173 talpose.","og_url":"https:\/\/invertas.lt\/en\/produktai\/lygio-matuokliai\/vibracinis-lygio-jutiklis-mononivo-vibranivo-vn-5020\/","og_site_name":"Invertas","article_modified_time":"2025-08-07T11:10:32+00:00","og_image":[{"width":1000,"height":1000,"url":"https:\/\/invertas.lt\/wp-content\/uploads\/2025\/06\/vn5020-vibranivo-vibration-fork-switch-short-version_1.jpg","type":"image\/jpeg"}],"twitter_card":"summary_large_image","twitter_misc":{"Estimated reading time":"1 minute"},"schema":{"@context":"https:\/\/schema.org","@graph":[{"@type":"WebPage","@id":"https:\/\/invertas.lt\/produktai\/lygio-matuokliai\/vibracinis-lygio-jutiklis-mononivo-vibranivo-vn-5020\/","url":"https:\/\/invertas.lt\/produktai\/lygio-matuokliai\/vibracinis-lygio-jutiklis-mononivo-vibranivo-vn-5020\/","name":"UWT vibracinis lygio jutiklis Vibranivo\u00ae - VN 5020 - Invertas","isPartOf":{"@id":"https:\/\/invertas.lt\/#website"},"primaryImageOfPage":{"@id":"https:\/\/invertas.lt\/produktai\/lygio-matuokliai\/vibracinis-lygio-jutiklis-mononivo-vibranivo-vn-5020\/#primaryimage"},"image":{"@id":"https:\/\/invertas.lt\/produktai\/lygio-matuokliai\/vibracinis-lygio-jutiklis-mononivo-vibranivo-vn-5020\/#primaryimage"},"thumbnailUrl":"https:\/\/invertas.lt\/wp-content\/uploads\/2025\/06\/vn5020-vibranivo-vibration-fork-switch-short-version_1.jpg","datePublished":"2025-06-16T17:43:00+00:00","dateModified":"2025-08-07T11:10:32+00:00","description":"Vibracin\u0117 \u0161akut\u0117 Vibranivo\u00ae VN 5020 naudojama pilnumo, poreikio ir tu\u0161tumo lygio nustatymui sausose ir lengvai tekan\u010diose biri\u0173 med\u017eiag\u0173 talpose.","breadcrumb":{"@id":"https:\/\/invertas.lt\/produktai\/lygio-matuokliai\/vibracinis-lygio-jutiklis-mononivo-vibranivo-vn-5020\/#breadcrumb"},"inLanguage":"en-GB","potentialAction":[{"@type":"ReadAction","target":["https:\/\/invertas.lt\/produktai\/lygio-matuokliai\/vibracinis-lygio-jutiklis-mononivo-vibranivo-vn-5020\/"]}]},{"@type":"ImageObject","inLanguage":"en-GB","@id":"https:\/\/invertas.lt\/produktai\/lygio-matuokliai\/vibracinis-lygio-jutiklis-mononivo-vibranivo-vn-5020\/#primaryimage","url":"https:\/\/invertas.lt\/wp-content\/uploads\/2025\/06\/vn5020-vibranivo-vibration-fork-switch-short-version_1.jpg","contentUrl":"https:\/\/invertas.lt\/wp-content\/uploads\/2025\/06\/vn5020-vibranivo-vibration-fork-switch-short-version_1.jpg","width":1000,"height":1000},{"@type":"BreadcrumbList","@id":"https:\/\/invertas.lt\/produktai\/lygio-matuokliai\/vibracinis-lygio-jutiklis-mononivo-vibranivo-vn-5020\/#breadcrumb","itemListElement":[{"@type":"ListItem","position":1,"name":"Prad\u017eia","item":"https:\/\/invertas.lt\/"},{"@type":"ListItem","position":2,"name":"Products","item":"https:\/\/invertas.lt\/shop\/"},{"@type":"ListItem","position":3,"name":"Lygio matuokliai","item":"https:\/\/invertas.lt\/.\/lygio-matuokliai\/"},{"@type":"ListItem","position":4,"name":"UWT vibracinis lygio jutiklis Vibranivo\u00ae &#8211; VN 5020"}]},{"@type":"WebSite","@id":"https:\/\/invertas.lt\/#website","url":"https:\/\/invertas.lt\/","name":"Invert","description":"","publisher":{"@id":"https:\/\/invertas.lt\/#organization"},"potentialAction":[{"@type":"SearchAction","target":{"@type":"EntryPoint","urlTemplate":"https:\/\/invertas.lt\/?s={search_term_string}"},"query-input":{"@type":"PropertyValueSpecification","valueRequired":true,"valueName":"search_term_string"}}],"inLanguage":"en-GB"},{"@type":"Organization","@id":"https:\/\/invertas.lt\/#organization","name":"Invert","url":"https:\/\/invertas.lt\/","logo":{"@type":"ImageObject","inLanguage":"en-GB","@id":"https:\/\/invertas.lt\/#\/schema\/logo\/image\/","url":"https:\/\/invertas.lt\/wp-content\/uploads\/2025\/03\/New-Text-Document-2.svg","contentUrl":"https:\/\/invertas.lt\/wp-content\/uploads\/2025\/03\/New-Text-Document-2.svg","width":140,"height":39,"caption":"Invertas"},"image":{"@id":"https:\/\/invertas.lt\/#\/schema\/logo\/image\/"}}]}},"_links":{"self":[{"href":"https:\/\/invertas.lt\/en\/wp-json\/wp\/v2\/product\/6869","targetHints":{"allow":["GET"]}}],"collection":[{"href":"https:\/\/invertas.lt\/en\/wp-json\/wp\/v2\/product"}],"about":[{"href":"https:\/\/invertas.lt\/en\/wp-json\/wp\/v2\/types\/product"}],"replies":[{"embeddable":true,"href":"https:\/\/invertas.lt\/en\/wp-json\/wp\/v2\/comments?post=6869"}],"wp:featuredmedia":[{"embeddable":true,"href":"https:\/\/invertas.lt\/en\/wp-json\/wp\/v2\/media\/7028"}],"wp:attachment":[{"href":"https:\/\/invertas.lt\/en\/wp-json\/wp\/v2\/media?parent=6869"}],"wp:term":[{"taxonomy":"product_brand","embeddable":true,"href":"https:\/\/invertas.lt\/en\/wp-json\/wp\/v2\/product_brand?post=6869"},{"taxonomy":"product_cat","embeddable":true,"href":"https:\/\/invertas.lt\/en\/wp-json\/wp\/v2\/product_cat?post=6869"},{"taxonomy":"product_tag","embeddable":true,"href":"https:\/\/invertas.lt\/en\/wp-json\/wp\/v2\/product_tag?post=6869"}],"curies":[{"name":"wp","href":"https:\/\/api.w.org\/{rel}","templated":true}]}}