{"id":6867,"date":"2025-06-16T17:32:18","date_gmt":"2025-06-16T17:32:18","guid":{"rendered":"https:\/\/aurimasb15.sg-host.com\/?post_type=product&#038;p=6867"},"modified":"2025-08-07T11:10:07","modified_gmt":"2025-08-07T11:10:07","slug":"vibracinis-lygio-jutiklis-mononivo-vibranivo-vn-4040","status":"publish","type":"product","link":"https:\/\/invertas.lt\/en\/produktai\/lygio-matuokliai\/vibracinis-lygio-jutiklis-mononivo-vibranivo-vn-4040\/","title":{"rendered":"UWT vibrating level sensor Vibranivo\u00ae \u2013 VN 4040"},"content":{"rendered":"<p data-start=\"0\" data-end=\"342\"><strong data-start=\"0\" data-end=\"18\">Fields of application<\/strong><\/p>\n<p data-start=\"0\" data-end=\"342\">The Vibranivo\u00ae VN 4040 vibrating fork is used for full and demand level detection in storage and process vessels with dry, free-flowing bulk materials. The probe is supplied with a flexible tube extension kit (1500 mm or 4000 mm cable), so the length of the probe can be determined by the customer.<\/p>\n<p data-start=\"344\" data-end=\"357\"><strong data-start=\"344\" data-end=\"355\">Features<\/strong><\/p>\n<ul>\n<li data-start=\"360\" data-end=\"411\">Maintenance-free, cost-effective sensor<\/li>\n<li data-start=\"414\" data-end=\"473\">Flexibility in probe length due to self-assembly kit<\/li>\n<li data-start=\"476\" data-end=\"522\">Plug and play level switch without calibration<\/li>\n<\/ul>","protected":false},"excerpt":{"rendered":"<p>Taikymo sritys Vibracin\u0117 \u0161akut\u0117 Vibranivo\u00ae VN 4040 naudojama pilnumo ir poreikio lygio detektavimui sand\u0117liavimo ir technologiniuose induose su sausomis, lengvai tekan\u010diomis biriomis med\u017eiagomis. Zondas tiekiamas su lankstaus vamzdelio prailginimo komplektu (1500 mm arba 4000 mm kabelis), tod\u0117l zondo ilg\u012f klientas gali nustatyti pats. Savyb\u0117s Prie\u017ei\u016bros nereikalaujantis, ekonomi\u0161kas jutiklis Lankstus zondo ilgis d\u0117l savaranki\u0161ko surinkimo komplekto [&hellip;]<\/p>","protected":false},"featured_media":7027,"comment_status":"open","ping_status":"closed","template":"","meta":{"_acf_changed":false,"inline_featured_image":false},"product_brand":[],"product_cat":[411],"product_tag":[],"class_list":{"0":"post-6867","1":"product","2":"type-product","3":"status-publish","4":"has-post-thumbnail","6":"product_cat-lygio-matuokliai","8":"first","9":"instock","10":"shipping-taxable","11":"purchasable","12":"product-type-simple"},"acf":[],"yoast_head":"<!-- This site is optimized with the Yoast SEO plugin v25.5 - https:\/\/yoast.com\/wordpress\/plugins\/seo\/ -->\n<title>UWT vibracinis lygio jutiklis Vibranivo\u00ae - VN 4040 - Invertas<\/title>\n<meta name=\"description\" content=\"Vibracin\u0117 \u0161akut\u0117 Vibranivo\u00ae VN 4040 naudojama pilnumo ir poreikio lygio detektavimui sand\u0117liavimo ir technologiniuose induose.\" \/>\n<meta name=\"robots\" content=\"index, follow, max-snippet:-1, max-image-preview:large, max-video-preview:-1\" \/>\n<link rel=\"canonical\" href=\"https:\/\/invertas.lt\/en\/produktai\/lygio-matuokliai\/vibracinis-lygio-jutiklis-mononivo-vibranivo-vn-4040\/\" \/>\n<meta property=\"og:locale\" content=\"en_GB\" \/>\n<meta property=\"og:type\" content=\"article\" \/>\n<meta property=\"og:title\" content=\"UWT vibracinis lygio jutiklis Vibranivo\u00ae - VN 4040 - Invertas\" \/>\n<meta property=\"og:description\" content=\"Vibracin\u0117 \u0161akut\u0117 Vibranivo\u00ae VN 4040 naudojama pilnumo ir poreikio lygio detektavimui sand\u0117liavimo ir technologiniuose induose.\" \/>\n<meta property=\"og:url\" content=\"https:\/\/invertas.lt\/en\/produktai\/lygio-matuokliai\/vibracinis-lygio-jutiklis-mononivo-vibranivo-vn-4040\/\" \/>\n<meta property=\"og:site_name\" content=\"Invertas\" \/>\n<meta property=\"article:modified_time\" content=\"2025-08-07T11:10:07+00:00\" \/>\n<meta property=\"og:image\" content=\"https:\/\/invertas.lt\/wp-content\/uploads\/2025\/06\/vn4040-vibranivo-vibration-fork-switch-measurement-threaded-tube-extension.jpg\" \/>\n\t<meta property=\"og:image:width\" content=\"800\" \/>\n\t<meta property=\"og:image:height\" content=\"1200\" \/>\n\t<meta property=\"og:image:type\" content=\"image\/jpeg\" \/>\n<meta name=\"twitter:card\" content=\"summary_large_image\" \/>\n<meta name=\"twitter:label1\" content=\"Estimated reading time\" \/>\n\t<meta name=\"twitter:data1\" content=\"1 minute\" \/>\n<script type=\"application\/ld+json\" class=\"yoast-schema-graph\">{\"@context\":\"https:\/\/schema.org\",\"@graph\":[{\"@type\":\"WebPage\",\"@id\":\"https:\/\/invertas.lt\/produktai\/lygio-matuokliai\/vibracinis-lygio-jutiklis-mononivo-vibranivo-vn-4040\/\",\"url\":\"https:\/\/invertas.lt\/produktai\/lygio-matuokliai\/vibracinis-lygio-jutiklis-mononivo-vibranivo-vn-4040\/\",\"name\":\"UWT vibracinis lygio jutiklis Vibranivo\u00ae - VN 4040 - Invertas\",\"isPartOf\":{\"@id\":\"https:\/\/invertas.lt\/#website\"},\"primaryImageOfPage\":{\"@id\":\"https:\/\/invertas.lt\/produktai\/lygio-matuokliai\/vibracinis-lygio-jutiklis-mononivo-vibranivo-vn-4040\/#primaryimage\"},\"image\":{\"@id\":\"https:\/\/invertas.lt\/produktai\/lygio-matuokliai\/vibracinis-lygio-jutiklis-mononivo-vibranivo-vn-4040\/#primaryimage\"},\"thumbnailUrl\":\"https:\/\/invertas.lt\/wp-content\/uploads\/2025\/06\/vn4040-vibranivo-vibration-fork-switch-measurement-threaded-tube-extension.jpg\",\"datePublished\":\"2025-06-16T17:32:18+00:00\",\"dateModified\":\"2025-08-07T11:10:07+00:00\",\"description\":\"Vibracin\u0117 \u0161akut\u0117 Vibranivo\u00ae VN 4040 naudojama pilnumo ir poreikio lygio detektavimui sand\u0117liavimo ir technologiniuose induose.\",\"breadcrumb\":{\"@id\":\"https:\/\/invertas.lt\/produktai\/lygio-matuokliai\/vibracinis-lygio-jutiklis-mononivo-vibranivo-vn-4040\/#breadcrumb\"},\"inLanguage\":\"en-GB\",\"potentialAction\":[{\"@type\":\"ReadAction\",\"target\":[\"https:\/\/invertas.lt\/produktai\/lygio-matuokliai\/vibracinis-lygio-jutiklis-mononivo-vibranivo-vn-4040\/\"]}]},{\"@type\":\"ImageObject\",\"inLanguage\":\"en-GB\",\"@id\":\"https:\/\/invertas.lt\/produktai\/lygio-matuokliai\/vibracinis-lygio-jutiklis-mononivo-vibranivo-vn-4040\/#primaryimage\",\"url\":\"https:\/\/invertas.lt\/wp-content\/uploads\/2025\/06\/vn4040-vibranivo-vibration-fork-switch-measurement-threaded-tube-extension.jpg\",\"contentUrl\":\"https:\/\/invertas.lt\/wp-content\/uploads\/2025\/06\/vn4040-vibranivo-vibration-fork-switch-measurement-threaded-tube-extension.jpg\",\"width\":800,\"height\":1200},{\"@type\":\"BreadcrumbList\",\"@id\":\"https:\/\/invertas.lt\/produktai\/lygio-matuokliai\/vibracinis-lygio-jutiklis-mononivo-vibranivo-vn-4040\/#breadcrumb\",\"itemListElement\":[{\"@type\":\"ListItem\",\"position\":1,\"name\":\"Prad\u017eia\",\"item\":\"https:\/\/invertas.lt\/\"},{\"@type\":\"ListItem\",\"position\":2,\"name\":\"Products\",\"item\":\"https:\/\/invertas.lt\/shop\/\"},{\"@type\":\"ListItem\",\"position\":3,\"name\":\"Lygio matuokliai\",\"item\":\"https:\/\/invertas.lt\/.\/lygio-matuokliai\/\"},{\"@type\":\"ListItem\",\"position\":4,\"name\":\"UWT vibracinis lygio jutiklis Vibranivo\u00ae &#8211; VN 4040\"}]},{\"@type\":\"WebSite\",\"@id\":\"https:\/\/invertas.lt\/#website\",\"url\":\"https:\/\/invertas.lt\/\",\"name\":\"Invertas\",\"description\":\"\",\"publisher\":{\"@id\":\"https:\/\/invertas.lt\/#organization\"},\"potentialAction\":[{\"@type\":\"SearchAction\",\"target\":{\"@type\":\"EntryPoint\",\"urlTemplate\":\"https:\/\/invertas.lt\/?s={search_term_string}\"},\"query-input\":{\"@type\":\"PropertyValueSpecification\",\"valueRequired\":true,\"valueName\":\"search_term_string\"}}],\"inLanguage\":\"en-GB\"},{\"@type\":\"Organization\",\"@id\":\"https:\/\/invertas.lt\/#organization\",\"name\":\"Invertas\",\"url\":\"https:\/\/invertas.lt\/\",\"logo\":{\"@type\":\"ImageObject\",\"inLanguage\":\"en-GB\",\"@id\":\"https:\/\/invertas.lt\/#\/schema\/logo\/image\/\",\"url\":\"https:\/\/invertas.lt\/wp-content\/uploads\/2025\/03\/New-Text-Document-2.svg\",\"contentUrl\":\"https:\/\/invertas.lt\/wp-content\/uploads\/2025\/03\/New-Text-Document-2.svg\",\"width\":140,\"height\":39,\"caption\":\"Invertas\"},\"image\":{\"@id\":\"https:\/\/invertas.lt\/#\/schema\/logo\/image\/\"}}]}<\/script>\n<!-- \/ Yoast SEO plugin. -->","yoast_head_json":{"title":"UWT vibracinis lygio jutiklis Vibranivo\u00ae - VN 4040 - Invertas","description":"Vibracin\u0117 \u0161akut\u0117 Vibranivo\u00ae VN 4040 naudojama pilnumo ir poreikio lygio detektavimui sand\u0117liavimo ir technologiniuose induose.","robots":{"index":"index","follow":"follow","max-snippet":"max-snippet:-1","max-image-preview":"max-image-preview:large","max-video-preview":"max-video-preview:-1"},"canonical":"https:\/\/invertas.lt\/en\/produktai\/lygio-matuokliai\/vibracinis-lygio-jutiklis-mononivo-vibranivo-vn-4040\/","og_locale":"en_GB","og_type":"article","og_title":"UWT vibracinis lygio jutiklis Vibranivo\u00ae - VN 4040 - Invertas","og_description":"Vibracin\u0117 \u0161akut\u0117 Vibranivo\u00ae VN 4040 naudojama pilnumo ir poreikio lygio detektavimui sand\u0117liavimo ir technologiniuose induose.","og_url":"https:\/\/invertas.lt\/en\/produktai\/lygio-matuokliai\/vibracinis-lygio-jutiklis-mononivo-vibranivo-vn-4040\/","og_site_name":"Invertas","article_modified_time":"2025-08-07T11:10:07+00:00","og_image":[{"width":800,"height":1200,"url":"https:\/\/invertas.lt\/wp-content\/uploads\/2025\/06\/vn4040-vibranivo-vibration-fork-switch-measurement-threaded-tube-extension.jpg","type":"image\/jpeg"}],"twitter_card":"summary_large_image","twitter_misc":{"Estimated reading time":"1 minute"},"schema":{"@context":"https:\/\/schema.org","@graph":[{"@type":"WebPage","@id":"https:\/\/invertas.lt\/produktai\/lygio-matuokliai\/vibracinis-lygio-jutiklis-mononivo-vibranivo-vn-4040\/","url":"https:\/\/invertas.lt\/produktai\/lygio-matuokliai\/vibracinis-lygio-jutiklis-mononivo-vibranivo-vn-4040\/","name":"UWT vibracinis lygio jutiklis Vibranivo\u00ae - VN 4040 - Invertas","isPartOf":{"@id":"https:\/\/invertas.lt\/#website"},"primaryImageOfPage":{"@id":"https:\/\/invertas.lt\/produktai\/lygio-matuokliai\/vibracinis-lygio-jutiklis-mononivo-vibranivo-vn-4040\/#primaryimage"},"image":{"@id":"https:\/\/invertas.lt\/produktai\/lygio-matuokliai\/vibracinis-lygio-jutiklis-mononivo-vibranivo-vn-4040\/#primaryimage"},"thumbnailUrl":"https:\/\/invertas.lt\/wp-content\/uploads\/2025\/06\/vn4040-vibranivo-vibration-fork-switch-measurement-threaded-tube-extension.jpg","datePublished":"2025-06-16T17:32:18+00:00","dateModified":"2025-08-07T11:10:07+00:00","description":"Vibracin\u0117 \u0161akut\u0117 Vibranivo\u00ae VN 4040 naudojama pilnumo ir poreikio lygio detektavimui sand\u0117liavimo ir technologiniuose induose.","breadcrumb":{"@id":"https:\/\/invertas.lt\/produktai\/lygio-matuokliai\/vibracinis-lygio-jutiklis-mononivo-vibranivo-vn-4040\/#breadcrumb"},"inLanguage":"en-GB","potentialAction":[{"@type":"ReadAction","target":["https:\/\/invertas.lt\/produktai\/lygio-matuokliai\/vibracinis-lygio-jutiklis-mononivo-vibranivo-vn-4040\/"]}]},{"@type":"ImageObject","inLanguage":"en-GB","@id":"https:\/\/invertas.lt\/produktai\/lygio-matuokliai\/vibracinis-lygio-jutiklis-mononivo-vibranivo-vn-4040\/#primaryimage","url":"https:\/\/invertas.lt\/wp-content\/uploads\/2025\/06\/vn4040-vibranivo-vibration-fork-switch-measurement-threaded-tube-extension.jpg","contentUrl":"https:\/\/invertas.lt\/wp-content\/uploads\/2025\/06\/vn4040-vibranivo-vibration-fork-switch-measurement-threaded-tube-extension.jpg","width":800,"height":1200},{"@type":"BreadcrumbList","@id":"https:\/\/invertas.lt\/produktai\/lygio-matuokliai\/vibracinis-lygio-jutiklis-mononivo-vibranivo-vn-4040\/#breadcrumb","itemListElement":[{"@type":"ListItem","position":1,"name":"Prad\u017eia","item":"https:\/\/invertas.lt\/"},{"@type":"ListItem","position":2,"name":"Products","item":"https:\/\/invertas.lt\/shop\/"},{"@type":"ListItem","position":3,"name":"Lygio matuokliai","item":"https:\/\/invertas.lt\/.\/lygio-matuokliai\/"},{"@type":"ListItem","position":4,"name":"UWT vibracinis lygio jutiklis Vibranivo\u00ae &#8211; VN 4040"}]},{"@type":"WebSite","@id":"https:\/\/invertas.lt\/#website","url":"https:\/\/invertas.lt\/","name":"Invert","description":"","publisher":{"@id":"https:\/\/invertas.lt\/#organization"},"potentialAction":[{"@type":"SearchAction","target":{"@type":"EntryPoint","urlTemplate":"https:\/\/invertas.lt\/?s={search_term_string}"},"query-input":{"@type":"PropertyValueSpecification","valueRequired":true,"valueName":"search_term_string"}}],"inLanguage":"en-GB"},{"@type":"Organization","@id":"https:\/\/invertas.lt\/#organization","name":"Invert","url":"https:\/\/invertas.lt\/","logo":{"@type":"ImageObject","inLanguage":"en-GB","@id":"https:\/\/invertas.lt\/#\/schema\/logo\/image\/","url":"https:\/\/invertas.lt\/wp-content\/uploads\/2025\/03\/New-Text-Document-2.svg","contentUrl":"https:\/\/invertas.lt\/wp-content\/uploads\/2025\/03\/New-Text-Document-2.svg","width":140,"height":39,"caption":"Invertas"},"image":{"@id":"https:\/\/invertas.lt\/#\/schema\/logo\/image\/"}}]}},"_links":{"self":[{"href":"https:\/\/invertas.lt\/en\/wp-json\/wp\/v2\/product\/6867","targetHints":{"allow":["GET"]}}],"collection":[{"href":"https:\/\/invertas.lt\/en\/wp-json\/wp\/v2\/product"}],"about":[{"href":"https:\/\/invertas.lt\/en\/wp-json\/wp\/v2\/types\/product"}],"replies":[{"embeddable":true,"href":"https:\/\/invertas.lt\/en\/wp-json\/wp\/v2\/comments?post=6867"}],"wp:featuredmedia":[{"embeddable":true,"href":"https:\/\/invertas.lt\/en\/wp-json\/wp\/v2\/media\/7027"}],"wp:attachment":[{"href":"https:\/\/invertas.lt\/en\/wp-json\/wp\/v2\/media?parent=6867"}],"wp:term":[{"taxonomy":"product_brand","embeddable":true,"href":"https:\/\/invertas.lt\/en\/wp-json\/wp\/v2\/product_brand?post=6867"},{"taxonomy":"product_cat","embeddable":true,"href":"https:\/\/invertas.lt\/en\/wp-json\/wp\/v2\/product_cat?post=6867"},{"taxonomy":"product_tag","embeddable":true,"href":"https:\/\/invertas.lt\/en\/wp-json\/wp\/v2\/product_tag?post=6867"}],"curies":[{"name":"wp","href":"https:\/\/api.w.org\/{rel}","templated":true}]}}