{"id":6836,"date":"2025-06-15T16:04:17","date_gmt":"2025-06-15T16:04:17","guid":{"rendered":"https:\/\/aurimasb15.sg-host.com\/?post_type=product&#038;p=6836"},"modified":"2025-08-07T10:50:14","modified_gmt":"2025-08-07T10:50:14","slug":"vibracinis-lygio-jutiklis-mononivo-vibranivo-vn-1020","status":"publish","type":"product","link":"https:\/\/invertas.lt\/en\/produktai\/lygio-matuokliai\/vibracinis-lygio-jutiklis-mononivo-vibranivo-vn-1020\/","title":{"rendered":"UWT vibrating level sensor Vibranivo\u00ae \u2013 VN 1020"},"content":{"rendered":"<p data-start=\"0\" data-end=\"299\"><strong data-start=\"0\" data-end=\"12\">Application<\/strong><\/p>\n<p data-start=\"0\" data-end=\"299\"><strong data-start=\"15\" data-end=\"37\">Vibranivo\u00ae VN 1020<\/strong> \u2013 vibrating fork for bulk materials in storage and process vessels, designed to determine fullness, demand and emptiness levels. The short stainless steel extension ensures resistance to high mechanical loads and meets hygiene requirements.<\/p>\n<p data-start=\"301\" data-end=\"314\"><strong data-start=\"301\" data-end=\"312\">Features<\/strong><\/p>\n<ul>\n<li data-start=\"317\" data-end=\"385\">Maintenance-free, suitable for a variety of bulk materials<\/li>\n<li data-start=\"388\" data-end=\"429\">Fully stainless steel extension<\/li>\n<li data-start=\"432\" data-end=\"479\">Plug and play, no calibration required<\/li>\n<\/ul>","protected":false},"excerpt":{"rendered":"<p>Taikymas Vibranivo\u00ae VN 1020 \u2013 vibracin\u0117 \u0161akut\u0117 birioms med\u017eiagoms sand\u0117liavimo ir technologiniuose induose, skirta pilnumo, poreikio ir tu\u0161tumo lygiams nustatyti. Trumpas ner\u016bdijan\u010dio plieno prailginimas u\u017etikrina atsparum\u0105 didel\u0117ms mechanin\u0117ms apkrovoms ir atitinka higienos reikalavimus. Savyb\u0117s Prie\u017ei\u016bros nereikalaujantis, tinkamas \u012fvairioms birioms med\u017eiagoms Pilnai ner\u016bdijan\u010dio plieno prailginimas \u201ePlug and play\u201c principas, nereikia kalibravimo<\/p>","protected":false},"featured_media":7008,"comment_status":"open","ping_status":"closed","template":"","meta":{"_acf_changed":false,"inline_featured_image":false},"product_brand":[],"product_cat":[411],"product_tag":[],"class_list":{"0":"post-6836","1":"product","2":"type-product","3":"status-publish","4":"has-post-thumbnail","6":"product_cat-lygio-matuokliai","8":"first","9":"instock","10":"shipping-taxable","11":"purchasable","12":"product-type-simple"},"acf":[],"yoast_head":"<!-- This site is optimized with the Yoast SEO plugin v25.5 - https:\/\/yoast.com\/wordpress\/plugins\/seo\/ -->\n<title>UWT vibracinis lygio jutiklis Vibranivo\u00ae - VN 1020 - Invertas<\/title>\n<meta name=\"description\" content=\"Vibranivo\u00ae VN 1020 \u2013 vibracin\u0117 \u0161akut\u0117 birioms med\u017eiagoms sand\u0117liavimo ir technologiniuose induose, skirta pilnumo, poreikio ir tu\u0161tumo lygiams nustatyti.\" \/>\n<meta name=\"robots\" content=\"index, follow, max-snippet:-1, max-image-preview:large, max-video-preview:-1\" \/>\n<link rel=\"canonical\" href=\"https:\/\/invertas.lt\/en\/produktai\/lygio-matuokliai\/vibracinis-lygio-jutiklis-mononivo-vibranivo-vn-1020\/\" \/>\n<meta property=\"og:locale\" content=\"en_GB\" \/>\n<meta property=\"og:type\" content=\"article\" \/>\n<meta property=\"og:title\" content=\"UWT vibracinis lygio jutiklis Vibranivo\u00ae - VN 1020 - Invertas\" \/>\n<meta property=\"og:description\" content=\"Vibranivo\u00ae VN 1020 \u2013 vibracin\u0117 \u0161akut\u0117 birioms med\u017eiagoms sand\u0117liavimo ir technologiniuose induose, skirta pilnumo, poreikio ir tu\u0161tumo lygiams nustatyti.\" \/>\n<meta property=\"og:url\" content=\"https:\/\/invertas.lt\/en\/produktai\/lygio-matuokliai\/vibracinis-lygio-jutiklis-mononivo-vibranivo-vn-1020\/\" \/>\n<meta property=\"og:site_name\" content=\"Invertas\" \/>\n<meta property=\"article:modified_time\" content=\"2025-08-07T10:50:14+00:00\" \/>\n<meta property=\"og:image\" content=\"https:\/\/invertas.lt\/wp-content\/uploads\/2025\/06\/vn1020-vibraniov-vibration-fork-switch-short-version.jpg\" \/>\n\t<meta property=\"og:image:width\" content=\"1000\" \/>\n\t<meta property=\"og:image:height\" content=\"1000\" \/>\n\t<meta property=\"og:image:type\" content=\"image\/jpeg\" \/>\n<meta name=\"twitter:card\" content=\"summary_large_image\" \/>\n<meta name=\"twitter:label1\" content=\"Estimated reading time\" \/>\n\t<meta name=\"twitter:data1\" content=\"1 minute\" \/>\n<script type=\"application\/ld+json\" class=\"yoast-schema-graph\">{\"@context\":\"https:\/\/schema.org\",\"@graph\":[{\"@type\":\"WebPage\",\"@id\":\"https:\/\/invertas.lt\/produktai\/lygio-matuokliai\/vibracinis-lygio-jutiklis-mononivo-vibranivo-vn-1020\/\",\"url\":\"https:\/\/invertas.lt\/produktai\/lygio-matuokliai\/vibracinis-lygio-jutiklis-mononivo-vibranivo-vn-1020\/\",\"name\":\"UWT vibracinis lygio jutiklis Vibranivo\u00ae - VN 1020 - Invertas\",\"isPartOf\":{\"@id\":\"https:\/\/invertas.lt\/#website\"},\"primaryImageOfPage\":{\"@id\":\"https:\/\/invertas.lt\/produktai\/lygio-matuokliai\/vibracinis-lygio-jutiklis-mononivo-vibranivo-vn-1020\/#primaryimage\"},\"image\":{\"@id\":\"https:\/\/invertas.lt\/produktai\/lygio-matuokliai\/vibracinis-lygio-jutiklis-mononivo-vibranivo-vn-1020\/#primaryimage\"},\"thumbnailUrl\":\"https:\/\/invertas.lt\/wp-content\/uploads\/2025\/06\/vn1020-vibraniov-vibration-fork-switch-short-version.jpg\",\"datePublished\":\"2025-06-15T16:04:17+00:00\",\"dateModified\":\"2025-08-07T10:50:14+00:00\",\"description\":\"Vibranivo\u00ae VN 1020 \u2013 vibracin\u0117 \u0161akut\u0117 birioms med\u017eiagoms sand\u0117liavimo ir technologiniuose induose, skirta pilnumo, poreikio ir tu\u0161tumo lygiams nustatyti.\",\"breadcrumb\":{\"@id\":\"https:\/\/invertas.lt\/produktai\/lygio-matuokliai\/vibracinis-lygio-jutiklis-mononivo-vibranivo-vn-1020\/#breadcrumb\"},\"inLanguage\":\"en-GB\",\"potentialAction\":[{\"@type\":\"ReadAction\",\"target\":[\"https:\/\/invertas.lt\/produktai\/lygio-matuokliai\/vibracinis-lygio-jutiklis-mononivo-vibranivo-vn-1020\/\"]}]},{\"@type\":\"ImageObject\",\"inLanguage\":\"en-GB\",\"@id\":\"https:\/\/invertas.lt\/produktai\/lygio-matuokliai\/vibracinis-lygio-jutiklis-mononivo-vibranivo-vn-1020\/#primaryimage\",\"url\":\"https:\/\/invertas.lt\/wp-content\/uploads\/2025\/06\/vn1020-vibraniov-vibration-fork-switch-short-version.jpg\",\"contentUrl\":\"https:\/\/invertas.lt\/wp-content\/uploads\/2025\/06\/vn1020-vibraniov-vibration-fork-switch-short-version.jpg\",\"width\":1000,\"height\":1000},{\"@type\":\"BreadcrumbList\",\"@id\":\"https:\/\/invertas.lt\/produktai\/lygio-matuokliai\/vibracinis-lygio-jutiklis-mononivo-vibranivo-vn-1020\/#breadcrumb\",\"itemListElement\":[{\"@type\":\"ListItem\",\"position\":1,\"name\":\"Prad\u017eia\",\"item\":\"https:\/\/invertas.lt\/\"},{\"@type\":\"ListItem\",\"position\":2,\"name\":\"Products\",\"item\":\"https:\/\/invertas.lt\/shop\/\"},{\"@type\":\"ListItem\",\"position\":3,\"name\":\"Lygio matuokliai\",\"item\":\"https:\/\/invertas.lt\/.\/lygio-matuokliai\/\"},{\"@type\":\"ListItem\",\"position\":4,\"name\":\"UWT vibracinis lygio jutiklis Vibranivo\u00ae &#8211; VN 1020\"}]},{\"@type\":\"WebSite\",\"@id\":\"https:\/\/invertas.lt\/#website\",\"url\":\"https:\/\/invertas.lt\/\",\"name\":\"Invertas\",\"description\":\"\",\"publisher\":{\"@id\":\"https:\/\/invertas.lt\/#organization\"},\"potentialAction\":[{\"@type\":\"SearchAction\",\"target\":{\"@type\":\"EntryPoint\",\"urlTemplate\":\"https:\/\/invertas.lt\/?s={search_term_string}\"},\"query-input\":{\"@type\":\"PropertyValueSpecification\",\"valueRequired\":true,\"valueName\":\"search_term_string\"}}],\"inLanguage\":\"en-GB\"},{\"@type\":\"Organization\",\"@id\":\"https:\/\/invertas.lt\/#organization\",\"name\":\"Invertas\",\"url\":\"https:\/\/invertas.lt\/\",\"logo\":{\"@type\":\"ImageObject\",\"inLanguage\":\"en-GB\",\"@id\":\"https:\/\/invertas.lt\/#\/schema\/logo\/image\/\",\"url\":\"https:\/\/invertas.lt\/wp-content\/uploads\/2025\/03\/New-Text-Document-2.svg\",\"contentUrl\":\"https:\/\/invertas.lt\/wp-content\/uploads\/2025\/03\/New-Text-Document-2.svg\",\"width\":140,\"height\":39,\"caption\":\"Invertas\"},\"image\":{\"@id\":\"https:\/\/invertas.lt\/#\/schema\/logo\/image\/\"}}]}<\/script>\n<!-- \/ Yoast SEO plugin. -->","yoast_head_json":{"title":"UWT vibracinis lygio jutiklis Vibranivo\u00ae - VN 1020 - Invertas","description":"Vibranivo\u00ae VN 1020 \u2013 vibracin\u0117 \u0161akut\u0117 birioms med\u017eiagoms sand\u0117liavimo ir technologiniuose induose, skirta pilnumo, poreikio ir tu\u0161tumo lygiams nustatyti.","robots":{"index":"index","follow":"follow","max-snippet":"max-snippet:-1","max-image-preview":"max-image-preview:large","max-video-preview":"max-video-preview:-1"},"canonical":"https:\/\/invertas.lt\/en\/produktai\/lygio-matuokliai\/vibracinis-lygio-jutiklis-mononivo-vibranivo-vn-1020\/","og_locale":"en_GB","og_type":"article","og_title":"UWT vibracinis lygio jutiklis Vibranivo\u00ae - VN 1020 - Invertas","og_description":"Vibranivo\u00ae VN 1020 \u2013 vibracin\u0117 \u0161akut\u0117 birioms med\u017eiagoms sand\u0117liavimo ir technologiniuose induose, skirta pilnumo, poreikio ir tu\u0161tumo lygiams nustatyti.","og_url":"https:\/\/invertas.lt\/en\/produktai\/lygio-matuokliai\/vibracinis-lygio-jutiklis-mononivo-vibranivo-vn-1020\/","og_site_name":"Invertas","article_modified_time":"2025-08-07T10:50:14+00:00","og_image":[{"width":1000,"height":1000,"url":"https:\/\/invertas.lt\/wp-content\/uploads\/2025\/06\/vn1020-vibraniov-vibration-fork-switch-short-version.jpg","type":"image\/jpeg"}],"twitter_card":"summary_large_image","twitter_misc":{"Estimated reading time":"1 minute"},"schema":{"@context":"https:\/\/schema.org","@graph":[{"@type":"WebPage","@id":"https:\/\/invertas.lt\/produktai\/lygio-matuokliai\/vibracinis-lygio-jutiklis-mononivo-vibranivo-vn-1020\/","url":"https:\/\/invertas.lt\/produktai\/lygio-matuokliai\/vibracinis-lygio-jutiklis-mononivo-vibranivo-vn-1020\/","name":"UWT vibracinis lygio jutiklis Vibranivo\u00ae - VN 1020 - Invertas","isPartOf":{"@id":"https:\/\/invertas.lt\/#website"},"primaryImageOfPage":{"@id":"https:\/\/invertas.lt\/produktai\/lygio-matuokliai\/vibracinis-lygio-jutiklis-mononivo-vibranivo-vn-1020\/#primaryimage"},"image":{"@id":"https:\/\/invertas.lt\/produktai\/lygio-matuokliai\/vibracinis-lygio-jutiklis-mononivo-vibranivo-vn-1020\/#primaryimage"},"thumbnailUrl":"https:\/\/invertas.lt\/wp-content\/uploads\/2025\/06\/vn1020-vibraniov-vibration-fork-switch-short-version.jpg","datePublished":"2025-06-15T16:04:17+00:00","dateModified":"2025-08-07T10:50:14+00:00","description":"Vibranivo\u00ae VN 1020 \u2013 vibracin\u0117 \u0161akut\u0117 birioms med\u017eiagoms sand\u0117liavimo ir technologiniuose induose, skirta pilnumo, poreikio ir tu\u0161tumo lygiams nustatyti.","breadcrumb":{"@id":"https:\/\/invertas.lt\/produktai\/lygio-matuokliai\/vibracinis-lygio-jutiklis-mononivo-vibranivo-vn-1020\/#breadcrumb"},"inLanguage":"en-GB","potentialAction":[{"@type":"ReadAction","target":["https:\/\/invertas.lt\/produktai\/lygio-matuokliai\/vibracinis-lygio-jutiklis-mononivo-vibranivo-vn-1020\/"]}]},{"@type":"ImageObject","inLanguage":"en-GB","@id":"https:\/\/invertas.lt\/produktai\/lygio-matuokliai\/vibracinis-lygio-jutiklis-mononivo-vibranivo-vn-1020\/#primaryimage","url":"https:\/\/invertas.lt\/wp-content\/uploads\/2025\/06\/vn1020-vibraniov-vibration-fork-switch-short-version.jpg","contentUrl":"https:\/\/invertas.lt\/wp-content\/uploads\/2025\/06\/vn1020-vibraniov-vibration-fork-switch-short-version.jpg","width":1000,"height":1000},{"@type":"BreadcrumbList","@id":"https:\/\/invertas.lt\/produktai\/lygio-matuokliai\/vibracinis-lygio-jutiklis-mononivo-vibranivo-vn-1020\/#breadcrumb","itemListElement":[{"@type":"ListItem","position":1,"name":"Prad\u017eia","item":"https:\/\/invertas.lt\/"},{"@type":"ListItem","position":2,"name":"Products","item":"https:\/\/invertas.lt\/shop\/"},{"@type":"ListItem","position":3,"name":"Lygio matuokliai","item":"https:\/\/invertas.lt\/.\/lygio-matuokliai\/"},{"@type":"ListItem","position":4,"name":"UWT vibracinis lygio jutiklis Vibranivo\u00ae &#8211; VN 1020"}]},{"@type":"WebSite","@id":"https:\/\/invertas.lt\/#website","url":"https:\/\/invertas.lt\/","name":"Invert","description":"","publisher":{"@id":"https:\/\/invertas.lt\/#organization"},"potentialAction":[{"@type":"SearchAction","target":{"@type":"EntryPoint","urlTemplate":"https:\/\/invertas.lt\/?s={search_term_string}"},"query-input":{"@type":"PropertyValueSpecification","valueRequired":true,"valueName":"search_term_string"}}],"inLanguage":"en-GB"},{"@type":"Organization","@id":"https:\/\/invertas.lt\/#organization","name":"Invert","url":"https:\/\/invertas.lt\/","logo":{"@type":"ImageObject","inLanguage":"en-GB","@id":"https:\/\/invertas.lt\/#\/schema\/logo\/image\/","url":"https:\/\/invertas.lt\/wp-content\/uploads\/2025\/03\/New-Text-Document-2.svg","contentUrl":"https:\/\/invertas.lt\/wp-content\/uploads\/2025\/03\/New-Text-Document-2.svg","width":140,"height":39,"caption":"Invertas"},"image":{"@id":"https:\/\/invertas.lt\/#\/schema\/logo\/image\/"}}]}},"_links":{"self":[{"href":"https:\/\/invertas.lt\/en\/wp-json\/wp\/v2\/product\/6836","targetHints":{"allow":["GET"]}}],"collection":[{"href":"https:\/\/invertas.lt\/en\/wp-json\/wp\/v2\/product"}],"about":[{"href":"https:\/\/invertas.lt\/en\/wp-json\/wp\/v2\/types\/product"}],"replies":[{"embeddable":true,"href":"https:\/\/invertas.lt\/en\/wp-json\/wp\/v2\/comments?post=6836"}],"wp:featuredmedia":[{"embeddable":true,"href":"https:\/\/invertas.lt\/en\/wp-json\/wp\/v2\/media\/7008"}],"wp:attachment":[{"href":"https:\/\/invertas.lt\/en\/wp-json\/wp\/v2\/media?parent=6836"}],"wp:term":[{"taxonomy":"product_brand","embeddable":true,"href":"https:\/\/invertas.lt\/en\/wp-json\/wp\/v2\/product_brand?post=6836"},{"taxonomy":"product_cat","embeddable":true,"href":"https:\/\/invertas.lt\/en\/wp-json\/wp\/v2\/product_cat?post=6836"},{"taxonomy":"product_tag","embeddable":true,"href":"https:\/\/invertas.lt\/en\/wp-json\/wp\/v2\/product_tag?post=6836"}],"curies":[{"name":"wp","href":"https:\/\/api.w.org\/{rel}","templated":true}]}}