{"id":6832,"date":"2025-06-15T12:49:52","date_gmt":"2025-06-15T12:49:52","guid":{"rendered":"https:\/\/aurimasb15.sg-host.com\/?post_type=product&#038;p=6832"},"modified":"2025-08-07T10:49:39","modified_gmt":"2025-08-07T10:49:39","slug":"vibracinis-lygio-jutiklis-mononivo-mn-4030","status":"publish","type":"product","link":"https:\/\/invertas.lt\/en\/produktai\/lygio-matuokliai\/vibracinis-lygio-jutiklis-mononivo-mn-4030\/","title":{"rendered":"UWT vibrating level sensor Mononivo\u00ae \u2013 MN 4030"},"content":{"rendered":"<p data-start=\"0\" data-end=\"328\"><strong data-start=\"0\" data-end=\"12\">Application<\/strong><\/p>\n<p data-start=\"0\" data-end=\"328\"><strong data-start=\"15\" data-end=\"36\">Mononivo\u00ae MN 4030<\/strong> \u2013 vibrating level detector for bulk materials in storage and process vessels, designed for fullness and demand level. Adjustable probe length up to 4000 mm allows you to adapt the sensor to specific needs. Stainless steel extension ensures operation in aggressive environments.<\/p>\n<p data-start=\"330\" data-end=\"343\"><strong data-start=\"330\" data-end=\"341\">Features<\/strong><\/p>\n<ul>\n<li data-start=\"346\" data-end=\"414\">Maintenance-free, suitable for a variety of bulk materials<\/li>\n<li data-start=\"417\" data-end=\"456\">Adjustable probe length up to 4000 mm<\/li>\n<li data-start=\"459\" data-end=\"506\">Plug and play, no calibration required<\/li>\n<\/ul>","protected":false},"excerpt":{"rendered":"<p>Taikymas Mononivo\u00ae MN 4030 \u2013 vibracinis lygio detektorius birioms med\u017eiagoms sand\u0117liavimo ir technologiniuose induose, skirtas pilnumo ir poreikio lygiui. Reguliuojamas zondo ilgis iki 4000 mm leid\u017eia pritaikyti jutikl\u012f specifiniams poreikiams. Ner\u016bdijan\u010dio plieno prailginimas u\u017etikrina veikim\u0105 agresyviose aplinkose. Savyb\u0117s Prie\u017ei\u016bros nereikalaujantis, tinkamas \u012fvairioms birioms med\u017eiagoms Reguliuojamas zondo ilgis iki 4000 mm \u201ePlug and play\u201c principas, nereikia [&hellip;]<\/p>","protected":false},"featured_media":7006,"comment_status":"open","ping_status":"closed","template":"","meta":{"_acf_changed":false,"inline_featured_image":false},"product_brand":[],"product_cat":[411],"product_tag":[],"class_list":{"0":"post-6832","1":"product","2":"type-product","3":"status-publish","4":"has-post-thumbnail","6":"product_cat-lygio-matuokliai","8":"first","9":"instock","10":"shipping-taxable","11":"purchasable","12":"product-type-simple"},"acf":[],"yoast_head":"<!-- This site is optimized with the Yoast SEO plugin v25.5 - https:\/\/yoast.com\/wordpress\/plugins\/seo\/ -->\n<title>UWT vibracinis lygio jutiklis Mononivo\u00ae \u2013 MN 4030 - Invertas<\/title>\n<meta name=\"description\" content=\"Mononivo\u00ae MN 4030 \u2013 vibracinis lygio detektorius birioms med\u017eiagoms sand\u0117liavimo ir technologiniuose induose, skirtas pilnumo ir poreikio lygiui.\" \/>\n<meta name=\"robots\" content=\"index, follow, max-snippet:-1, max-image-preview:large, max-video-preview:-1\" \/>\n<link rel=\"canonical\" href=\"https:\/\/invertas.lt\/en\/produktai\/lygio-matuokliai\/vibracinis-lygio-jutiklis-mononivo-mn-4030\/\" \/>\n<meta property=\"og:locale\" content=\"en_GB\" \/>\n<meta property=\"og:type\" content=\"article\" \/>\n<meta property=\"og:title\" content=\"UWT vibracinis lygio jutiklis Mononivo\u00ae \u2013 MN 4030 - Invertas\" \/>\n<meta property=\"og:description\" content=\"Mononivo\u00ae MN 4030 \u2013 vibracinis lygio detektorius birioms med\u017eiagoms sand\u0117liavimo ir technologiniuose induose, skirtas pilnumo ir poreikio lygiui.\" \/>\n<meta property=\"og:url\" content=\"https:\/\/invertas.lt\/en\/produktai\/lygio-matuokliai\/vibracinis-lygio-jutiklis-mononivo-mn-4030\/\" \/>\n<meta property=\"og:site_name\" content=\"Invertas\" \/>\n<meta property=\"article:modified_time\" content=\"2025-08-07T10:49:39+00:00\" \/>\n<meta property=\"og:image\" content=\"https:\/\/invertas.lt\/wp-content\/uploads\/2025\/06\/mn4030-mononivo-vibration-rod-sensor-tube-extension.jpg\" \/>\n\t<meta property=\"og:image:width\" content=\"800\" \/>\n\t<meta property=\"og:image:height\" content=\"1200\" \/>\n\t<meta property=\"og:image:type\" content=\"image\/jpeg\" \/>\n<meta name=\"twitter:card\" content=\"summary_large_image\" \/>\n<meta name=\"twitter:label1\" content=\"Estimated reading time\" \/>\n\t<meta name=\"twitter:data1\" content=\"1 minute\" \/>\n<script type=\"application\/ld+json\" class=\"yoast-schema-graph\">{\"@context\":\"https:\/\/schema.org\",\"@graph\":[{\"@type\":\"WebPage\",\"@id\":\"https:\/\/invertas.lt\/produktai\/lygio-matuokliai\/vibracinis-lygio-jutiklis-mononivo-mn-4030\/\",\"url\":\"https:\/\/invertas.lt\/produktai\/lygio-matuokliai\/vibracinis-lygio-jutiklis-mononivo-mn-4030\/\",\"name\":\"UWT vibracinis lygio jutiklis Mononivo\u00ae \u2013 MN 4030 - Invertas\",\"isPartOf\":{\"@id\":\"https:\/\/invertas.lt\/#website\"},\"primaryImageOfPage\":{\"@id\":\"https:\/\/invertas.lt\/produktai\/lygio-matuokliai\/vibracinis-lygio-jutiklis-mononivo-mn-4030\/#primaryimage\"},\"image\":{\"@id\":\"https:\/\/invertas.lt\/produktai\/lygio-matuokliai\/vibracinis-lygio-jutiklis-mononivo-mn-4030\/#primaryimage\"},\"thumbnailUrl\":\"https:\/\/invertas.lt\/wp-content\/uploads\/2025\/06\/mn4030-mononivo-vibration-rod-sensor-tube-extension.jpg\",\"datePublished\":\"2025-06-15T12:49:52+00:00\",\"dateModified\":\"2025-08-07T10:49:39+00:00\",\"description\":\"Mononivo\u00ae MN 4030 \u2013 vibracinis lygio detektorius birioms med\u017eiagoms sand\u0117liavimo ir technologiniuose induose, skirtas pilnumo ir poreikio lygiui.\",\"breadcrumb\":{\"@id\":\"https:\/\/invertas.lt\/produktai\/lygio-matuokliai\/vibracinis-lygio-jutiklis-mononivo-mn-4030\/#breadcrumb\"},\"inLanguage\":\"en-GB\",\"potentialAction\":[{\"@type\":\"ReadAction\",\"target\":[\"https:\/\/invertas.lt\/produktai\/lygio-matuokliai\/vibracinis-lygio-jutiklis-mononivo-mn-4030\/\"]}]},{\"@type\":\"ImageObject\",\"inLanguage\":\"en-GB\",\"@id\":\"https:\/\/invertas.lt\/produktai\/lygio-matuokliai\/vibracinis-lygio-jutiklis-mononivo-mn-4030\/#primaryimage\",\"url\":\"https:\/\/invertas.lt\/wp-content\/uploads\/2025\/06\/mn4030-mononivo-vibration-rod-sensor-tube-extension.jpg\",\"contentUrl\":\"https:\/\/invertas.lt\/wp-content\/uploads\/2025\/06\/mn4030-mononivo-vibration-rod-sensor-tube-extension.jpg\",\"width\":800,\"height\":1200},{\"@type\":\"BreadcrumbList\",\"@id\":\"https:\/\/invertas.lt\/produktai\/lygio-matuokliai\/vibracinis-lygio-jutiklis-mononivo-mn-4030\/#breadcrumb\",\"itemListElement\":[{\"@type\":\"ListItem\",\"position\":1,\"name\":\"Prad\u017eia\",\"item\":\"https:\/\/invertas.lt\/\"},{\"@type\":\"ListItem\",\"position\":2,\"name\":\"Products\",\"item\":\"https:\/\/invertas.lt\/shop\/\"},{\"@type\":\"ListItem\",\"position\":3,\"name\":\"Lygio matuokliai\",\"item\":\"https:\/\/invertas.lt\/.\/lygio-matuokliai\/\"},{\"@type\":\"ListItem\",\"position\":4,\"name\":\"UWT vibracinis lygio jutiklis Mononivo\u00ae \u2013 MN 4030\"}]},{\"@type\":\"WebSite\",\"@id\":\"https:\/\/invertas.lt\/#website\",\"url\":\"https:\/\/invertas.lt\/\",\"name\":\"Invertas\",\"description\":\"\",\"publisher\":{\"@id\":\"https:\/\/invertas.lt\/#organization\"},\"potentialAction\":[{\"@type\":\"SearchAction\",\"target\":{\"@type\":\"EntryPoint\",\"urlTemplate\":\"https:\/\/invertas.lt\/?s={search_term_string}\"},\"query-input\":{\"@type\":\"PropertyValueSpecification\",\"valueRequired\":true,\"valueName\":\"search_term_string\"}}],\"inLanguage\":\"en-GB\"},{\"@type\":\"Organization\",\"@id\":\"https:\/\/invertas.lt\/#organization\",\"name\":\"Invertas\",\"url\":\"https:\/\/invertas.lt\/\",\"logo\":{\"@type\":\"ImageObject\",\"inLanguage\":\"en-GB\",\"@id\":\"https:\/\/invertas.lt\/#\/schema\/logo\/image\/\",\"url\":\"https:\/\/invertas.lt\/wp-content\/uploads\/2025\/03\/New-Text-Document-2.svg\",\"contentUrl\":\"https:\/\/invertas.lt\/wp-content\/uploads\/2025\/03\/New-Text-Document-2.svg\",\"width\":140,\"height\":39,\"caption\":\"Invertas\"},\"image\":{\"@id\":\"https:\/\/invertas.lt\/#\/schema\/logo\/image\/\"}}]}<\/script>\n<!-- \/ Yoast SEO plugin. -->","yoast_head_json":{"title":"UWT vibracinis lygio jutiklis Mononivo\u00ae \u2013 MN 4030 - Invertas","description":"Mononivo\u00ae MN 4030 \u2013 vibracinis lygio detektorius birioms med\u017eiagoms sand\u0117liavimo ir technologiniuose induose, skirtas pilnumo ir poreikio lygiui.","robots":{"index":"index","follow":"follow","max-snippet":"max-snippet:-1","max-image-preview":"max-image-preview:large","max-video-preview":"max-video-preview:-1"},"canonical":"https:\/\/invertas.lt\/en\/produktai\/lygio-matuokliai\/vibracinis-lygio-jutiklis-mononivo-mn-4030\/","og_locale":"en_GB","og_type":"article","og_title":"UWT vibracinis lygio jutiklis Mononivo\u00ae \u2013 MN 4030 - Invertas","og_description":"Mononivo\u00ae MN 4030 \u2013 vibracinis lygio detektorius birioms med\u017eiagoms sand\u0117liavimo ir technologiniuose induose, skirtas pilnumo ir poreikio lygiui.","og_url":"https:\/\/invertas.lt\/en\/produktai\/lygio-matuokliai\/vibracinis-lygio-jutiklis-mononivo-mn-4030\/","og_site_name":"Invertas","article_modified_time":"2025-08-07T10:49:39+00:00","og_image":[{"width":800,"height":1200,"url":"https:\/\/invertas.lt\/wp-content\/uploads\/2025\/06\/mn4030-mononivo-vibration-rod-sensor-tube-extension.jpg","type":"image\/jpeg"}],"twitter_card":"summary_large_image","twitter_misc":{"Estimated reading time":"1 minute"},"schema":{"@context":"https:\/\/schema.org","@graph":[{"@type":"WebPage","@id":"https:\/\/invertas.lt\/produktai\/lygio-matuokliai\/vibracinis-lygio-jutiklis-mononivo-mn-4030\/","url":"https:\/\/invertas.lt\/produktai\/lygio-matuokliai\/vibracinis-lygio-jutiklis-mononivo-mn-4030\/","name":"UWT vibracinis lygio jutiklis Mononivo\u00ae \u2013 MN 4030 - Invertas","isPartOf":{"@id":"https:\/\/invertas.lt\/#website"},"primaryImageOfPage":{"@id":"https:\/\/invertas.lt\/produktai\/lygio-matuokliai\/vibracinis-lygio-jutiklis-mononivo-mn-4030\/#primaryimage"},"image":{"@id":"https:\/\/invertas.lt\/produktai\/lygio-matuokliai\/vibracinis-lygio-jutiklis-mononivo-mn-4030\/#primaryimage"},"thumbnailUrl":"https:\/\/invertas.lt\/wp-content\/uploads\/2025\/06\/mn4030-mononivo-vibration-rod-sensor-tube-extension.jpg","datePublished":"2025-06-15T12:49:52+00:00","dateModified":"2025-08-07T10:49:39+00:00","description":"Mononivo\u00ae MN 4030 \u2013 vibracinis lygio detektorius birioms med\u017eiagoms sand\u0117liavimo ir technologiniuose induose, skirtas pilnumo ir poreikio lygiui.","breadcrumb":{"@id":"https:\/\/invertas.lt\/produktai\/lygio-matuokliai\/vibracinis-lygio-jutiklis-mononivo-mn-4030\/#breadcrumb"},"inLanguage":"en-GB","potentialAction":[{"@type":"ReadAction","target":["https:\/\/invertas.lt\/produktai\/lygio-matuokliai\/vibracinis-lygio-jutiklis-mononivo-mn-4030\/"]}]},{"@type":"ImageObject","inLanguage":"en-GB","@id":"https:\/\/invertas.lt\/produktai\/lygio-matuokliai\/vibracinis-lygio-jutiklis-mononivo-mn-4030\/#primaryimage","url":"https:\/\/invertas.lt\/wp-content\/uploads\/2025\/06\/mn4030-mononivo-vibration-rod-sensor-tube-extension.jpg","contentUrl":"https:\/\/invertas.lt\/wp-content\/uploads\/2025\/06\/mn4030-mononivo-vibration-rod-sensor-tube-extension.jpg","width":800,"height":1200},{"@type":"BreadcrumbList","@id":"https:\/\/invertas.lt\/produktai\/lygio-matuokliai\/vibracinis-lygio-jutiklis-mononivo-mn-4030\/#breadcrumb","itemListElement":[{"@type":"ListItem","position":1,"name":"Prad\u017eia","item":"https:\/\/invertas.lt\/"},{"@type":"ListItem","position":2,"name":"Products","item":"https:\/\/invertas.lt\/shop\/"},{"@type":"ListItem","position":3,"name":"Lygio matuokliai","item":"https:\/\/invertas.lt\/.\/lygio-matuokliai\/"},{"@type":"ListItem","position":4,"name":"UWT vibracinis lygio jutiklis Mononivo\u00ae \u2013 MN 4030"}]},{"@type":"WebSite","@id":"https:\/\/invertas.lt\/#website","url":"https:\/\/invertas.lt\/","name":"Invert","description":"","publisher":{"@id":"https:\/\/invertas.lt\/#organization"},"potentialAction":[{"@type":"SearchAction","target":{"@type":"EntryPoint","urlTemplate":"https:\/\/invertas.lt\/?s={search_term_string}"},"query-input":{"@type":"PropertyValueSpecification","valueRequired":true,"valueName":"search_term_string"}}],"inLanguage":"en-GB"},{"@type":"Organization","@id":"https:\/\/invertas.lt\/#organization","name":"Invert","url":"https:\/\/invertas.lt\/","logo":{"@type":"ImageObject","inLanguage":"en-GB","@id":"https:\/\/invertas.lt\/#\/schema\/logo\/image\/","url":"https:\/\/invertas.lt\/wp-content\/uploads\/2025\/03\/New-Text-Document-2.svg","contentUrl":"https:\/\/invertas.lt\/wp-content\/uploads\/2025\/03\/New-Text-Document-2.svg","width":140,"height":39,"caption":"Invertas"},"image":{"@id":"https:\/\/invertas.lt\/#\/schema\/logo\/image\/"}}]}},"_links":{"self":[{"href":"https:\/\/invertas.lt\/en\/wp-json\/wp\/v2\/product\/6832","targetHints":{"allow":["GET"]}}],"collection":[{"href":"https:\/\/invertas.lt\/en\/wp-json\/wp\/v2\/product"}],"about":[{"href":"https:\/\/invertas.lt\/en\/wp-json\/wp\/v2\/types\/product"}],"replies":[{"embeddable":true,"href":"https:\/\/invertas.lt\/en\/wp-json\/wp\/v2\/comments?post=6832"}],"wp:featuredmedia":[{"embeddable":true,"href":"https:\/\/invertas.lt\/en\/wp-json\/wp\/v2\/media\/7006"}],"wp:attachment":[{"href":"https:\/\/invertas.lt\/en\/wp-json\/wp\/v2\/media?parent=6832"}],"wp:term":[{"taxonomy":"product_brand","embeddable":true,"href":"https:\/\/invertas.lt\/en\/wp-json\/wp\/v2\/product_brand?post=6832"},{"taxonomy":"product_cat","embeddable":true,"href":"https:\/\/invertas.lt\/en\/wp-json\/wp\/v2\/product_cat?post=6832"},{"taxonomy":"product_tag","embeddable":true,"href":"https:\/\/invertas.lt\/en\/wp-json\/wp\/v2\/product_tag?post=6832"}],"curies":[{"name":"wp","href":"https:\/\/api.w.org\/{rel}","templated":true}]}}