{"id":6820,"date":"2025-06-15T10:34:52","date_gmt":"2025-06-15T10:34:52","guid":{"rendered":"https:\/\/aurimasb15.sg-host.com\/?post_type=product&#038;p=6820"},"modified":"2025-08-07T10:47:12","modified_gmt":"2025-08-07T10:47:12","slug":"rotacinis-mentes-lygio-jutiklis-rotonivo-rn-6002-su-vamzdziu","status":"publish","type":"product","link":"https:\/\/invertas.lt\/en\/produktai\/lygio-matuokliai\/rotacinis-mentes-lygio-jutiklis-rotonivo-rn-6002-su-vamzdziu\/","title":{"rendered":"UWT rotary vane level sensor Rotonivo\u00ae \u2013 RN 6002"},"content":{"rendered":"<p data-start=\"0\" data-end=\"356\"><strong data-start=\"0\" data-end=\"12\">Application<\/strong><\/p>\n<p data-start=\"0\" data-end=\"356\"><strong data-start=\"15\" data-end=\"36\">Rotonivo\u00ae RN 6002<\/strong> with tube extension for full level indication of bulk materials in storage and process tanks. Operates up to +1100 \u00b0C and 10 bar, has a larger housing for convenient wiring, explosion-proof (Ex d) housing for hazardous (GasEx) areas and SIL2 certification. Meets EHEDG hygiene standards.<\/p>\n<p data-start=\"358\" data-end=\"371\"><strong data-start=\"358\" data-end=\"369\">Features<\/strong><\/p>\n<ul>\n<li data-start=\"374\" data-end=\"417\">Increased housing space for wiring<\/li>\n<li data-start=\"420\" data-end=\"461\">Explosion-proof version for gas environments<\/li>\n<li data-start=\"464\" data-end=\"488\">SIL2 safety certificate<\/li>\n<\/ul>","protected":false},"excerpt":{"rendered":"<p>Taikymas Rotonivo\u00ae RN 6002 su vamzd\u017eio prailginimu skirtas pilno lygio indikavimui birioms med\u017eiagoms sand\u0117liavimo ir technologiniuose rezervuaruose. Veikia iki +1100\u202f\u00b0C ir 10 bar, turi didesn\u012f korpus\u0105 patogiam laid\u0173 prijungimui, sprogimui atspar\u0173 (Ex d) korpus\u0105 pavojingoms (GasEx) zonoms ir SIL2 sertifikat\u0105. Atitinka EHEDG higienos standartus. Savyb\u0117s Padidinta korpuso erdv\u0117 laid\u0173 prijungimui Sprogimui atspari versija duj\u0173 aplinkai [&hellip;]<\/p>","protected":false},"featured_media":7002,"comment_status":"open","ping_status":"closed","template":"","meta":{"_acf_changed":false,"inline_featured_image":false},"product_brand":[],"product_cat":[411],"product_tag":[],"class_list":{"0":"post-6820","1":"product","2":"type-product","3":"status-publish","4":"has-post-thumbnail","6":"product_cat-lygio-matuokliai","8":"first","9":"instock","10":"shipping-taxable","11":"purchasable","12":"product-type-simple"},"acf":[],"yoast_head":"<!-- This site is optimized with the Yoast SEO plugin v25.5 - https:\/\/yoast.com\/wordpress\/plugins\/seo\/ -->\n<title>UWT rotacinis ment\u0117s lygio jutiklis Rotonivo\u00ae \u2013 RN 6002 - Invertas<\/title>\n<meta name=\"description\" content=\"Rotonivo\u00ae RN 6002 su vamzd\u017eio prailginimu skirtas pilno lygio indikavimui birioms med\u017eiagoms sand\u0117liavimo ir technologiniuose rezervuaruose.\" \/>\n<meta name=\"robots\" content=\"index, follow, max-snippet:-1, max-image-preview:large, max-video-preview:-1\" \/>\n<link rel=\"canonical\" href=\"https:\/\/invertas.lt\/en\/produktai\/lygio-matuokliai\/rotacinis-mentes-lygio-jutiklis-rotonivo-rn-6002-su-vamzdziu\/\" \/>\n<meta property=\"og:locale\" content=\"en_GB\" \/>\n<meta property=\"og:type\" content=\"article\" \/>\n<meta property=\"og:title\" content=\"UWT rotacinis ment\u0117s lygio jutiklis Rotonivo\u00ae \u2013 RN 6002 - Invertas\" \/>\n<meta property=\"og:description\" content=\"Rotonivo\u00ae RN 6002 su vamzd\u017eio prailginimu skirtas pilno lygio indikavimui birioms med\u017eiagoms sand\u0117liavimo ir technologiniuose rezervuaruose.\" \/>\n<meta property=\"og:url\" content=\"https:\/\/invertas.lt\/en\/produktai\/lygio-matuokliai\/rotacinis-mentes-lygio-jutiklis-rotonivo-rn-6002-su-vamzdziu\/\" \/>\n<meta property=\"og:site_name\" content=\"Invertas\" \/>\n<meta property=\"article:modified_time\" content=\"2025-08-07T10:47:12+00:00\" \/>\n<meta property=\"og:image\" content=\"https:\/\/invertas.lt\/wp-content\/uploads\/2025\/06\/rn6002-rotonivo-rotary-paddle-switch-for-point-level-limit-measurement-tube-extension.jpg\" \/>\n\t<meta property=\"og:image:width\" content=\"800\" \/>\n\t<meta property=\"og:image:height\" content=\"1200\" \/>\n\t<meta property=\"og:image:type\" content=\"image\/jpeg\" \/>\n<meta name=\"twitter:card\" content=\"summary_large_image\" \/>\n<meta name=\"twitter:label1\" content=\"Estimated reading time\" \/>\n\t<meta name=\"twitter:data1\" content=\"1 minute\" \/>\n<script type=\"application\/ld+json\" class=\"yoast-schema-graph\">{\"@context\":\"https:\/\/schema.org\",\"@graph\":[{\"@type\":\"WebPage\",\"@id\":\"https:\/\/invertas.lt\/produktai\/lygio-matuokliai\/rotacinis-mentes-lygio-jutiklis-rotonivo-rn-6002-su-vamzdziu\/\",\"url\":\"https:\/\/invertas.lt\/produktai\/lygio-matuokliai\/rotacinis-mentes-lygio-jutiklis-rotonivo-rn-6002-su-vamzdziu\/\",\"name\":\"UWT rotacinis ment\u0117s lygio jutiklis Rotonivo\u00ae \u2013 RN 6002 - Invertas\",\"isPartOf\":{\"@id\":\"https:\/\/invertas.lt\/#website\"},\"primaryImageOfPage\":{\"@id\":\"https:\/\/invertas.lt\/produktai\/lygio-matuokliai\/rotacinis-mentes-lygio-jutiklis-rotonivo-rn-6002-su-vamzdziu\/#primaryimage\"},\"image\":{\"@id\":\"https:\/\/invertas.lt\/produktai\/lygio-matuokliai\/rotacinis-mentes-lygio-jutiklis-rotonivo-rn-6002-su-vamzdziu\/#primaryimage\"},\"thumbnailUrl\":\"https:\/\/invertas.lt\/wp-content\/uploads\/2025\/06\/rn6002-rotonivo-rotary-paddle-switch-for-point-level-limit-measurement-tube-extension.jpg\",\"datePublished\":\"2025-06-15T10:34:52+00:00\",\"dateModified\":\"2025-08-07T10:47:12+00:00\",\"description\":\"Rotonivo\u00ae RN 6002 su vamzd\u017eio prailginimu skirtas pilno lygio indikavimui birioms med\u017eiagoms sand\u0117liavimo ir technologiniuose rezervuaruose.\",\"breadcrumb\":{\"@id\":\"https:\/\/invertas.lt\/produktai\/lygio-matuokliai\/rotacinis-mentes-lygio-jutiklis-rotonivo-rn-6002-su-vamzdziu\/#breadcrumb\"},\"inLanguage\":\"en-GB\",\"potentialAction\":[{\"@type\":\"ReadAction\",\"target\":[\"https:\/\/invertas.lt\/produktai\/lygio-matuokliai\/rotacinis-mentes-lygio-jutiklis-rotonivo-rn-6002-su-vamzdziu\/\"]}]},{\"@type\":\"ImageObject\",\"inLanguage\":\"en-GB\",\"@id\":\"https:\/\/invertas.lt\/produktai\/lygio-matuokliai\/rotacinis-mentes-lygio-jutiklis-rotonivo-rn-6002-su-vamzdziu\/#primaryimage\",\"url\":\"https:\/\/invertas.lt\/wp-content\/uploads\/2025\/06\/rn6002-rotonivo-rotary-paddle-switch-for-point-level-limit-measurement-tube-extension.jpg\",\"contentUrl\":\"https:\/\/invertas.lt\/wp-content\/uploads\/2025\/06\/rn6002-rotonivo-rotary-paddle-switch-for-point-level-limit-measurement-tube-extension.jpg\",\"width\":800,\"height\":1200},{\"@type\":\"BreadcrumbList\",\"@id\":\"https:\/\/invertas.lt\/produktai\/lygio-matuokliai\/rotacinis-mentes-lygio-jutiklis-rotonivo-rn-6002-su-vamzdziu\/#breadcrumb\",\"itemListElement\":[{\"@type\":\"ListItem\",\"position\":1,\"name\":\"Prad\u017eia\",\"item\":\"https:\/\/invertas.lt\/\"},{\"@type\":\"ListItem\",\"position\":2,\"name\":\"Products\",\"item\":\"https:\/\/invertas.lt\/shop\/\"},{\"@type\":\"ListItem\",\"position\":3,\"name\":\"Lygio matuokliai\",\"item\":\"https:\/\/invertas.lt\/.\/lygio-matuokliai\/\"},{\"@type\":\"ListItem\",\"position\":4,\"name\":\"UWT rotacinis ment\u0117s lygio jutiklis Rotonivo\u00ae \u2013 RN 6002\"}]},{\"@type\":\"WebSite\",\"@id\":\"https:\/\/invertas.lt\/#website\",\"url\":\"https:\/\/invertas.lt\/\",\"name\":\"Invertas\",\"description\":\"\",\"publisher\":{\"@id\":\"https:\/\/invertas.lt\/#organization\"},\"potentialAction\":[{\"@type\":\"SearchAction\",\"target\":{\"@type\":\"EntryPoint\",\"urlTemplate\":\"https:\/\/invertas.lt\/?s={search_term_string}\"},\"query-input\":{\"@type\":\"PropertyValueSpecification\",\"valueRequired\":true,\"valueName\":\"search_term_string\"}}],\"inLanguage\":\"en-GB\"},{\"@type\":\"Organization\",\"@id\":\"https:\/\/invertas.lt\/#organization\",\"name\":\"Invertas\",\"url\":\"https:\/\/invertas.lt\/\",\"logo\":{\"@type\":\"ImageObject\",\"inLanguage\":\"en-GB\",\"@id\":\"https:\/\/invertas.lt\/#\/schema\/logo\/image\/\",\"url\":\"https:\/\/invertas.lt\/wp-content\/uploads\/2025\/03\/New-Text-Document-2.svg\",\"contentUrl\":\"https:\/\/invertas.lt\/wp-content\/uploads\/2025\/03\/New-Text-Document-2.svg\",\"width\":140,\"height\":39,\"caption\":\"Invertas\"},\"image\":{\"@id\":\"https:\/\/invertas.lt\/#\/schema\/logo\/image\/\"}}]}<\/script>\n<!-- \/ Yoast SEO plugin. -->","yoast_head_json":{"title":"UWT rotacinis ment\u0117s lygio jutiklis Rotonivo\u00ae \u2013 RN 6002 - Invertas","description":"Rotonivo\u00ae RN 6002 su vamzd\u017eio prailginimu skirtas pilno lygio indikavimui birioms med\u017eiagoms sand\u0117liavimo ir technologiniuose rezervuaruose.","robots":{"index":"index","follow":"follow","max-snippet":"max-snippet:-1","max-image-preview":"max-image-preview:large","max-video-preview":"max-video-preview:-1"},"canonical":"https:\/\/invertas.lt\/en\/produktai\/lygio-matuokliai\/rotacinis-mentes-lygio-jutiklis-rotonivo-rn-6002-su-vamzdziu\/","og_locale":"en_GB","og_type":"article","og_title":"UWT rotacinis ment\u0117s lygio jutiklis Rotonivo\u00ae \u2013 RN 6002 - Invertas","og_description":"Rotonivo\u00ae RN 6002 su vamzd\u017eio prailginimu skirtas pilno lygio indikavimui birioms med\u017eiagoms sand\u0117liavimo ir technologiniuose rezervuaruose.","og_url":"https:\/\/invertas.lt\/en\/produktai\/lygio-matuokliai\/rotacinis-mentes-lygio-jutiklis-rotonivo-rn-6002-su-vamzdziu\/","og_site_name":"Invertas","article_modified_time":"2025-08-07T10:47:12+00:00","og_image":[{"width":800,"height":1200,"url":"https:\/\/invertas.lt\/wp-content\/uploads\/2025\/06\/rn6002-rotonivo-rotary-paddle-switch-for-point-level-limit-measurement-tube-extension.jpg","type":"image\/jpeg"}],"twitter_card":"summary_large_image","twitter_misc":{"Estimated reading time":"1 minute"},"schema":{"@context":"https:\/\/schema.org","@graph":[{"@type":"WebPage","@id":"https:\/\/invertas.lt\/produktai\/lygio-matuokliai\/rotacinis-mentes-lygio-jutiklis-rotonivo-rn-6002-su-vamzdziu\/","url":"https:\/\/invertas.lt\/produktai\/lygio-matuokliai\/rotacinis-mentes-lygio-jutiklis-rotonivo-rn-6002-su-vamzdziu\/","name":"UWT rotacinis ment\u0117s lygio jutiklis Rotonivo\u00ae \u2013 RN 6002 - Invertas","isPartOf":{"@id":"https:\/\/invertas.lt\/#website"},"primaryImageOfPage":{"@id":"https:\/\/invertas.lt\/produktai\/lygio-matuokliai\/rotacinis-mentes-lygio-jutiklis-rotonivo-rn-6002-su-vamzdziu\/#primaryimage"},"image":{"@id":"https:\/\/invertas.lt\/produktai\/lygio-matuokliai\/rotacinis-mentes-lygio-jutiklis-rotonivo-rn-6002-su-vamzdziu\/#primaryimage"},"thumbnailUrl":"https:\/\/invertas.lt\/wp-content\/uploads\/2025\/06\/rn6002-rotonivo-rotary-paddle-switch-for-point-level-limit-measurement-tube-extension.jpg","datePublished":"2025-06-15T10:34:52+00:00","dateModified":"2025-08-07T10:47:12+00:00","description":"Rotonivo\u00ae RN 6002 su vamzd\u017eio prailginimu skirtas pilno lygio indikavimui birioms med\u017eiagoms sand\u0117liavimo ir technologiniuose rezervuaruose.","breadcrumb":{"@id":"https:\/\/invertas.lt\/produktai\/lygio-matuokliai\/rotacinis-mentes-lygio-jutiklis-rotonivo-rn-6002-su-vamzdziu\/#breadcrumb"},"inLanguage":"en-GB","potentialAction":[{"@type":"ReadAction","target":["https:\/\/invertas.lt\/produktai\/lygio-matuokliai\/rotacinis-mentes-lygio-jutiklis-rotonivo-rn-6002-su-vamzdziu\/"]}]},{"@type":"ImageObject","inLanguage":"en-GB","@id":"https:\/\/invertas.lt\/produktai\/lygio-matuokliai\/rotacinis-mentes-lygio-jutiklis-rotonivo-rn-6002-su-vamzdziu\/#primaryimage","url":"https:\/\/invertas.lt\/wp-content\/uploads\/2025\/06\/rn6002-rotonivo-rotary-paddle-switch-for-point-level-limit-measurement-tube-extension.jpg","contentUrl":"https:\/\/invertas.lt\/wp-content\/uploads\/2025\/06\/rn6002-rotonivo-rotary-paddle-switch-for-point-level-limit-measurement-tube-extension.jpg","width":800,"height":1200},{"@type":"BreadcrumbList","@id":"https:\/\/invertas.lt\/produktai\/lygio-matuokliai\/rotacinis-mentes-lygio-jutiklis-rotonivo-rn-6002-su-vamzdziu\/#breadcrumb","itemListElement":[{"@type":"ListItem","position":1,"name":"Prad\u017eia","item":"https:\/\/invertas.lt\/"},{"@type":"ListItem","position":2,"name":"Products","item":"https:\/\/invertas.lt\/shop\/"},{"@type":"ListItem","position":3,"name":"Lygio matuokliai","item":"https:\/\/invertas.lt\/.\/lygio-matuokliai\/"},{"@type":"ListItem","position":4,"name":"UWT rotacinis ment\u0117s lygio jutiklis Rotonivo\u00ae \u2013 RN 6002"}]},{"@type":"WebSite","@id":"https:\/\/invertas.lt\/#website","url":"https:\/\/invertas.lt\/","name":"Invert","description":"","publisher":{"@id":"https:\/\/invertas.lt\/#organization"},"potentialAction":[{"@type":"SearchAction","target":{"@type":"EntryPoint","urlTemplate":"https:\/\/invertas.lt\/?s={search_term_string}"},"query-input":{"@type":"PropertyValueSpecification","valueRequired":true,"valueName":"search_term_string"}}],"inLanguage":"en-GB"},{"@type":"Organization","@id":"https:\/\/invertas.lt\/#organization","name":"Invert","url":"https:\/\/invertas.lt\/","logo":{"@type":"ImageObject","inLanguage":"en-GB","@id":"https:\/\/invertas.lt\/#\/schema\/logo\/image\/","url":"https:\/\/invertas.lt\/wp-content\/uploads\/2025\/03\/New-Text-Document-2.svg","contentUrl":"https:\/\/invertas.lt\/wp-content\/uploads\/2025\/03\/New-Text-Document-2.svg","width":140,"height":39,"caption":"Invertas"},"image":{"@id":"https:\/\/invertas.lt\/#\/schema\/logo\/image\/"}}]}},"_links":{"self":[{"href":"https:\/\/invertas.lt\/en\/wp-json\/wp\/v2\/product\/6820","targetHints":{"allow":["GET"]}}],"collection":[{"href":"https:\/\/invertas.lt\/en\/wp-json\/wp\/v2\/product"}],"about":[{"href":"https:\/\/invertas.lt\/en\/wp-json\/wp\/v2\/types\/product"}],"replies":[{"embeddable":true,"href":"https:\/\/invertas.lt\/en\/wp-json\/wp\/v2\/comments?post=6820"}],"wp:featuredmedia":[{"embeddable":true,"href":"https:\/\/invertas.lt\/en\/wp-json\/wp\/v2\/media\/7002"}],"wp:attachment":[{"href":"https:\/\/invertas.lt\/en\/wp-json\/wp\/v2\/media?parent=6820"}],"wp:term":[{"taxonomy":"product_brand","embeddable":true,"href":"https:\/\/invertas.lt\/en\/wp-json\/wp\/v2\/product_brand?post=6820"},{"taxonomy":"product_cat","embeddable":true,"href":"https:\/\/invertas.lt\/en\/wp-json\/wp\/v2\/product_cat?post=6820"},{"taxonomy":"product_tag","embeddable":true,"href":"https:\/\/invertas.lt\/en\/wp-json\/wp\/v2\/product_tag?post=6820"}],"curies":[{"name":"wp","href":"https:\/\/api.w.org\/{rel}","templated":true}]}}