{"id":6804,"date":"2025-06-12T19:37:26","date_gmt":"2025-06-12T19:37:26","guid":{"rendered":"https:\/\/aurimasb15.sg-host.com\/?post_type=product&#038;p=6804"},"modified":"2025-08-07T10:44:49","modified_gmt":"2025-08-07T10:44:49","slug":"rotacinis-mentes-lygio-jutiklis-rotonivo-rn-6001","status":"publish","type":"product","link":"https:\/\/invertas.lt\/en\/produktai\/lygio-matuokliai\/rotacinis-mentes-lygio-jutiklis-rotonivo-rn-6001\/","title":{"rendered":"UWT rotary vane level sensor Rotonivo\u00ae \u2013 RN 6001"},"content":{"rendered":"<p data-start=\"0\" data-end=\"337\"><strong data-start=\"0\" data-end=\"12\">Application<\/strong><\/p>\n<p data-start=\"0\" data-end=\"337\"><strong data-start=\"15\" data-end=\"36\">Rotonivo\u00ae RN 6001<\/strong> \u2013 rotary vane level sensor for full, overfill and empty level control of bulk materials in storage and process tanks. Operates up to +1100 \u00b0C and 10 bar, suitable for use in hazardous areas with explosion-proof housing. Meets EHEDG hygiene requirements and is SIL2 certified.<\/p>\n<p data-start=\"339\" data-end=\"352\"><strong data-start=\"339\" data-end=\"350\">Features<\/strong><\/p>\n<ul>\n<li>Increased housing space for more convenient installation<\/li>\n<li>Explosion-proof version for gas environments<\/li>\n<li>SIL2 safety certificate<\/li>\n<\/ul>","protected":false},"excerpt":{"rendered":"<p>Taikymas Rotonivo\u00ae RN 6001 \u2013 rotacinis ment\u0117s lygio jutiklis, skirtas pilno, u\u017esipildymo ir tu\u0161\u010dio lygio kontrolei birioms med\u017eiagoms sand\u0117liavimo ir proceso talpose. Veikia iki +1100\u202f\u00b0C ir 10 bar, tinkamas naudoti pavojingose zonose su sprogimui atspariu korpusu. Atitinka EHEDG higienos reikalavimus ir turi SIL2 sertifikat\u0105. Savyb\u0117s Padidinta korpuso erdv\u0117 patogesnei instaliacijai Sprogimui atspari versija duj\u0173 aplinkai [&hellip;]<\/p>","protected":false},"featured_media":6991,"comment_status":"open","ping_status":"closed","template":"","meta":{"_acf_changed":false,"inline_featured_image":false},"product_brand":[],"product_cat":[411],"product_tag":[],"class_list":{"0":"post-6804","1":"product","2":"type-product","3":"status-publish","4":"has-post-thumbnail","6":"product_cat-lygio-matuokliai","8":"first","9":"instock","10":"shipping-taxable","11":"purchasable","12":"product-type-simple"},"acf":[],"yoast_head":"<!-- This site is optimized with the Yoast SEO plugin v25.5 - https:\/\/yoast.com\/wordpress\/plugins\/seo\/ -->\n<title>UWT rotacinis ment\u0117s lygio jutiklis Rotonivo\u00ae \u2013 RN 6001 - Invertas<\/title>\n<meta name=\"description\" content=\"Rotonivo\u00ae RN 6001 \u2013 rotacinis ment\u0117s lygio jutiklis, skirtas pilno, u\u017esipildymo ir tu\u0161\u010dio lygio kontrolei birioms med\u017eiagoms.\" \/>\n<meta name=\"robots\" content=\"index, follow, max-snippet:-1, max-image-preview:large, max-video-preview:-1\" \/>\n<link rel=\"canonical\" href=\"https:\/\/invertas.lt\/en\/produktai\/lygio-matuokliai\/rotacinis-mentes-lygio-jutiklis-rotonivo-rn-6001\/\" \/>\n<meta property=\"og:locale\" content=\"en_GB\" \/>\n<meta property=\"og:type\" content=\"article\" \/>\n<meta property=\"og:title\" content=\"UWT rotacinis ment\u0117s lygio jutiklis Rotonivo\u00ae \u2013 RN 6001 - Invertas\" \/>\n<meta property=\"og:description\" content=\"Rotonivo\u00ae RN 6001 \u2013 rotacinis ment\u0117s lygio jutiklis, skirtas pilno, u\u017esipildymo ir tu\u0161\u010dio lygio kontrolei birioms med\u017eiagoms.\" \/>\n<meta property=\"og:url\" content=\"https:\/\/invertas.lt\/en\/produktai\/lygio-matuokliai\/rotacinis-mentes-lygio-jutiklis-rotonivo-rn-6001\/\" \/>\n<meta property=\"og:site_name\" content=\"Invertas\" \/>\n<meta property=\"article:modified_time\" content=\"2025-08-07T10:44:49+00:00\" \/>\n<meta property=\"og:image\" content=\"https:\/\/invertas.lt\/wp-content\/uploads\/2025\/06\/rn6001-rotonivo-rotary-paddle-switch_2.jpg\" \/>\n\t<meta property=\"og:image:width\" content=\"1000\" \/>\n\t<meta property=\"og:image:height\" content=\"1000\" \/>\n\t<meta property=\"og:image:type\" content=\"image\/jpeg\" \/>\n<meta name=\"twitter:card\" content=\"summary_large_image\" \/>\n<meta name=\"twitter:label1\" content=\"Estimated reading time\" \/>\n\t<meta name=\"twitter:data1\" content=\"1 minute\" \/>\n<script type=\"application\/ld+json\" class=\"yoast-schema-graph\">{\"@context\":\"https:\/\/schema.org\",\"@graph\":[{\"@type\":\"WebPage\",\"@id\":\"https:\/\/invertas.lt\/produktai\/lygio-matuokliai\/rotacinis-mentes-lygio-jutiklis-rotonivo-rn-6001\/\",\"url\":\"https:\/\/invertas.lt\/produktai\/lygio-matuokliai\/rotacinis-mentes-lygio-jutiklis-rotonivo-rn-6001\/\",\"name\":\"UWT rotacinis ment\u0117s lygio jutiklis Rotonivo\u00ae \u2013 RN 6001 - Invertas\",\"isPartOf\":{\"@id\":\"https:\/\/invertas.lt\/#website\"},\"primaryImageOfPage\":{\"@id\":\"https:\/\/invertas.lt\/produktai\/lygio-matuokliai\/rotacinis-mentes-lygio-jutiklis-rotonivo-rn-6001\/#primaryimage\"},\"image\":{\"@id\":\"https:\/\/invertas.lt\/produktai\/lygio-matuokliai\/rotacinis-mentes-lygio-jutiklis-rotonivo-rn-6001\/#primaryimage\"},\"thumbnailUrl\":\"https:\/\/invertas.lt\/wp-content\/uploads\/2025\/06\/rn6001-rotonivo-rotary-paddle-switch_2.jpg\",\"datePublished\":\"2025-06-12T19:37:26+00:00\",\"dateModified\":\"2025-08-07T10:44:49+00:00\",\"description\":\"Rotonivo\u00ae RN 6001 \u2013 rotacinis ment\u0117s lygio jutiklis, skirtas pilno, u\u017esipildymo ir tu\u0161\u010dio lygio kontrolei birioms med\u017eiagoms.\",\"breadcrumb\":{\"@id\":\"https:\/\/invertas.lt\/produktai\/lygio-matuokliai\/rotacinis-mentes-lygio-jutiklis-rotonivo-rn-6001\/#breadcrumb\"},\"inLanguage\":\"en-GB\",\"potentialAction\":[{\"@type\":\"ReadAction\",\"target\":[\"https:\/\/invertas.lt\/produktai\/lygio-matuokliai\/rotacinis-mentes-lygio-jutiklis-rotonivo-rn-6001\/\"]}]},{\"@type\":\"ImageObject\",\"inLanguage\":\"en-GB\",\"@id\":\"https:\/\/invertas.lt\/produktai\/lygio-matuokliai\/rotacinis-mentes-lygio-jutiklis-rotonivo-rn-6001\/#primaryimage\",\"url\":\"https:\/\/invertas.lt\/wp-content\/uploads\/2025\/06\/rn6001-rotonivo-rotary-paddle-switch_2.jpg\",\"contentUrl\":\"https:\/\/invertas.lt\/wp-content\/uploads\/2025\/06\/rn6001-rotonivo-rotary-paddle-switch_2.jpg\",\"width\":1000,\"height\":1000},{\"@type\":\"BreadcrumbList\",\"@id\":\"https:\/\/invertas.lt\/produktai\/lygio-matuokliai\/rotacinis-mentes-lygio-jutiklis-rotonivo-rn-6001\/#breadcrumb\",\"itemListElement\":[{\"@type\":\"ListItem\",\"position\":1,\"name\":\"Prad\u017eia\",\"item\":\"https:\/\/invertas.lt\/\"},{\"@type\":\"ListItem\",\"position\":2,\"name\":\"Products\",\"item\":\"https:\/\/invertas.lt\/shop\/\"},{\"@type\":\"ListItem\",\"position\":3,\"name\":\"Lygio matuokliai\",\"item\":\"https:\/\/invertas.lt\/.\/lygio-matuokliai\/\"},{\"@type\":\"ListItem\",\"position\":4,\"name\":\"UWT rotacinis ment\u0117s lygio jutiklis Rotonivo\u00ae \u2013 RN 6001\"}]},{\"@type\":\"WebSite\",\"@id\":\"https:\/\/invertas.lt\/#website\",\"url\":\"https:\/\/invertas.lt\/\",\"name\":\"Invertas\",\"description\":\"\",\"publisher\":{\"@id\":\"https:\/\/invertas.lt\/#organization\"},\"potentialAction\":[{\"@type\":\"SearchAction\",\"target\":{\"@type\":\"EntryPoint\",\"urlTemplate\":\"https:\/\/invertas.lt\/?s={search_term_string}\"},\"query-input\":{\"@type\":\"PropertyValueSpecification\",\"valueRequired\":true,\"valueName\":\"search_term_string\"}}],\"inLanguage\":\"en-GB\"},{\"@type\":\"Organization\",\"@id\":\"https:\/\/invertas.lt\/#organization\",\"name\":\"Invertas\",\"url\":\"https:\/\/invertas.lt\/\",\"logo\":{\"@type\":\"ImageObject\",\"inLanguage\":\"en-GB\",\"@id\":\"https:\/\/invertas.lt\/#\/schema\/logo\/image\/\",\"url\":\"https:\/\/invertas.lt\/wp-content\/uploads\/2025\/03\/New-Text-Document-2.svg\",\"contentUrl\":\"https:\/\/invertas.lt\/wp-content\/uploads\/2025\/03\/New-Text-Document-2.svg\",\"width\":140,\"height\":39,\"caption\":\"Invertas\"},\"image\":{\"@id\":\"https:\/\/invertas.lt\/#\/schema\/logo\/image\/\"}}]}<\/script>\n<!-- \/ Yoast SEO plugin. -->","yoast_head_json":{"title":"UWT rotacinis ment\u0117s lygio jutiklis Rotonivo\u00ae \u2013 RN 6001 - Invertas","description":"Rotonivo\u00ae RN 6001 \u2013 rotacinis ment\u0117s lygio jutiklis, skirtas pilno, u\u017esipildymo ir tu\u0161\u010dio lygio kontrolei birioms med\u017eiagoms.","robots":{"index":"index","follow":"follow","max-snippet":"max-snippet:-1","max-image-preview":"max-image-preview:large","max-video-preview":"max-video-preview:-1"},"canonical":"https:\/\/invertas.lt\/en\/produktai\/lygio-matuokliai\/rotacinis-mentes-lygio-jutiklis-rotonivo-rn-6001\/","og_locale":"en_GB","og_type":"article","og_title":"UWT rotacinis ment\u0117s lygio jutiklis Rotonivo\u00ae \u2013 RN 6001 - Invertas","og_description":"Rotonivo\u00ae RN 6001 \u2013 rotacinis ment\u0117s lygio jutiklis, skirtas pilno, u\u017esipildymo ir tu\u0161\u010dio lygio kontrolei birioms med\u017eiagoms.","og_url":"https:\/\/invertas.lt\/en\/produktai\/lygio-matuokliai\/rotacinis-mentes-lygio-jutiklis-rotonivo-rn-6001\/","og_site_name":"Invertas","article_modified_time":"2025-08-07T10:44:49+00:00","og_image":[{"width":1000,"height":1000,"url":"https:\/\/invertas.lt\/wp-content\/uploads\/2025\/06\/rn6001-rotonivo-rotary-paddle-switch_2.jpg","type":"image\/jpeg"}],"twitter_card":"summary_large_image","twitter_misc":{"Estimated reading time":"1 minute"},"schema":{"@context":"https:\/\/schema.org","@graph":[{"@type":"WebPage","@id":"https:\/\/invertas.lt\/produktai\/lygio-matuokliai\/rotacinis-mentes-lygio-jutiklis-rotonivo-rn-6001\/","url":"https:\/\/invertas.lt\/produktai\/lygio-matuokliai\/rotacinis-mentes-lygio-jutiklis-rotonivo-rn-6001\/","name":"UWT rotacinis ment\u0117s lygio jutiklis Rotonivo\u00ae \u2013 RN 6001 - Invertas","isPartOf":{"@id":"https:\/\/invertas.lt\/#website"},"primaryImageOfPage":{"@id":"https:\/\/invertas.lt\/produktai\/lygio-matuokliai\/rotacinis-mentes-lygio-jutiklis-rotonivo-rn-6001\/#primaryimage"},"image":{"@id":"https:\/\/invertas.lt\/produktai\/lygio-matuokliai\/rotacinis-mentes-lygio-jutiklis-rotonivo-rn-6001\/#primaryimage"},"thumbnailUrl":"https:\/\/invertas.lt\/wp-content\/uploads\/2025\/06\/rn6001-rotonivo-rotary-paddle-switch_2.jpg","datePublished":"2025-06-12T19:37:26+00:00","dateModified":"2025-08-07T10:44:49+00:00","description":"Rotonivo\u00ae RN 6001 \u2013 rotacinis ment\u0117s lygio jutiklis, skirtas pilno, u\u017esipildymo ir tu\u0161\u010dio lygio kontrolei birioms med\u017eiagoms.","breadcrumb":{"@id":"https:\/\/invertas.lt\/produktai\/lygio-matuokliai\/rotacinis-mentes-lygio-jutiklis-rotonivo-rn-6001\/#breadcrumb"},"inLanguage":"en-GB","potentialAction":[{"@type":"ReadAction","target":["https:\/\/invertas.lt\/produktai\/lygio-matuokliai\/rotacinis-mentes-lygio-jutiklis-rotonivo-rn-6001\/"]}]},{"@type":"ImageObject","inLanguage":"en-GB","@id":"https:\/\/invertas.lt\/produktai\/lygio-matuokliai\/rotacinis-mentes-lygio-jutiklis-rotonivo-rn-6001\/#primaryimage","url":"https:\/\/invertas.lt\/wp-content\/uploads\/2025\/06\/rn6001-rotonivo-rotary-paddle-switch_2.jpg","contentUrl":"https:\/\/invertas.lt\/wp-content\/uploads\/2025\/06\/rn6001-rotonivo-rotary-paddle-switch_2.jpg","width":1000,"height":1000},{"@type":"BreadcrumbList","@id":"https:\/\/invertas.lt\/produktai\/lygio-matuokliai\/rotacinis-mentes-lygio-jutiklis-rotonivo-rn-6001\/#breadcrumb","itemListElement":[{"@type":"ListItem","position":1,"name":"Prad\u017eia","item":"https:\/\/invertas.lt\/"},{"@type":"ListItem","position":2,"name":"Products","item":"https:\/\/invertas.lt\/shop\/"},{"@type":"ListItem","position":3,"name":"Lygio matuokliai","item":"https:\/\/invertas.lt\/.\/lygio-matuokliai\/"},{"@type":"ListItem","position":4,"name":"UWT rotacinis ment\u0117s lygio jutiklis Rotonivo\u00ae \u2013 RN 6001"}]},{"@type":"WebSite","@id":"https:\/\/invertas.lt\/#website","url":"https:\/\/invertas.lt\/","name":"Invert","description":"","publisher":{"@id":"https:\/\/invertas.lt\/#organization"},"potentialAction":[{"@type":"SearchAction","target":{"@type":"EntryPoint","urlTemplate":"https:\/\/invertas.lt\/?s={search_term_string}"},"query-input":{"@type":"PropertyValueSpecification","valueRequired":true,"valueName":"search_term_string"}}],"inLanguage":"en-GB"},{"@type":"Organization","@id":"https:\/\/invertas.lt\/#organization","name":"Invert","url":"https:\/\/invertas.lt\/","logo":{"@type":"ImageObject","inLanguage":"en-GB","@id":"https:\/\/invertas.lt\/#\/schema\/logo\/image\/","url":"https:\/\/invertas.lt\/wp-content\/uploads\/2025\/03\/New-Text-Document-2.svg","contentUrl":"https:\/\/invertas.lt\/wp-content\/uploads\/2025\/03\/New-Text-Document-2.svg","width":140,"height":39,"caption":"Invertas"},"image":{"@id":"https:\/\/invertas.lt\/#\/schema\/logo\/image\/"}}]}},"_links":{"self":[{"href":"https:\/\/invertas.lt\/en\/wp-json\/wp\/v2\/product\/6804","targetHints":{"allow":["GET"]}}],"collection":[{"href":"https:\/\/invertas.lt\/en\/wp-json\/wp\/v2\/product"}],"about":[{"href":"https:\/\/invertas.lt\/en\/wp-json\/wp\/v2\/types\/product"}],"replies":[{"embeddable":true,"href":"https:\/\/invertas.lt\/en\/wp-json\/wp\/v2\/comments?post=6804"}],"wp:featuredmedia":[{"embeddable":true,"href":"https:\/\/invertas.lt\/en\/wp-json\/wp\/v2\/media\/6991"}],"wp:attachment":[{"href":"https:\/\/invertas.lt\/en\/wp-json\/wp\/v2\/media?parent=6804"}],"wp:term":[{"taxonomy":"product_brand","embeddable":true,"href":"https:\/\/invertas.lt\/en\/wp-json\/wp\/v2\/product_brand?post=6804"},{"taxonomy":"product_cat","embeddable":true,"href":"https:\/\/invertas.lt\/en\/wp-json\/wp\/v2\/product_cat?post=6804"},{"taxonomy":"product_tag","embeddable":true,"href":"https:\/\/invertas.lt\/en\/wp-json\/wp\/v2\/product_tag?post=6804"}],"curies":[{"name":"wp","href":"https:\/\/api.w.org\/{rel}","templated":true}]}}