{"id":6785,"date":"2025-06-12T18:27:30","date_gmt":"2025-06-12T18:27:30","guid":{"rendered":"https:\/\/aurimasb15.sg-host.com\/?post_type=product&#038;p=6785"},"modified":"2025-08-07T10:44:14","modified_gmt":"2025-08-07T10:44:14","slug":"rotacinis-mentes-lygio-jutiklis-rotonivo-rn-3005","status":"publish","type":"product","link":"https:\/\/invertas.lt\/en\/produktai\/lygio-matuokliai\/rotacinis-mentes-lygio-jutiklis-rotonivo-rn-3005\/","title":{"rendered":"UWT rotary vane level sensor Rotonivo\u00ae \u2013 RN 3005"},"content":{"rendered":"<p data-start=\"0\" data-end=\"212\"><strong data-start=\"0\" data-end=\"12\">Application<\/strong><\/p>\n<p data-start=\"0\" data-end=\"212\"><strong data-start=\"15\" data-end=\"36\">Rotonivo\u00ae RN 3005<\/strong> \u2013 a compact rotary sensor for monitoring the level of bulk materials in filling sleeves. Resistant to dust and deposits, ideal for use in space-saving systems.<\/p>\n<p data-start=\"214\" data-end=\"227\"><strong data-start=\"214\" data-end=\"225\">Features<\/strong><\/p>\n<ul data-start=\"228\" data-end=\"356\" data-is-last-node=\"\" data-is-only-node=\"\">\n<li data-start=\"228\" data-end=\"272\">\n<p data-start=\"230\" data-end=\"272\">Reliable and maintenance-free<\/p>\n<\/li>\n<li data-start=\"273\" data-end=\"315\">\n<p data-start=\"275\" data-end=\"315\">Suitable for almost all bulk materials<\/p>\n<\/li>\n<li data-start=\"316\" data-end=\"356\" data-is-last-node=\"\">\n<p data-start=\"318\" data-end=\"356\" data-is-last-node=\"\">Plug and play \u2013 no calibration required<\/p>\n<\/li>\n<\/ul>","protected":false},"excerpt":{"rendered":"<p>Taikymas Rotonivo\u00ae RN 3005 \u2013 kompakti\u0161kas rotacinis jutiklis, skirtas biri\u0173 med\u017eiag\u0173 lygiui steb\u0117ti u\u017epildymo rankov\u0117se. Atsparus dulk\u0117ms ir apna\u0161oms, idealiai tinka naudoti viet\u0105 taupan\u010diose sistemose. Savyb\u0117s Patikimas ir nereikalaujantis prie\u017ei\u016bros Tinka beveik visoms birioms med\u017eiagoms \u201ePlug and play\u201c \u2013 nereikia kalibravimo<\/p>","protected":false},"featured_media":6984,"comment_status":"open","ping_status":"closed","template":"","meta":{"_acf_changed":false,"inline_featured_image":false},"product_brand":[],"product_cat":[411],"product_tag":[],"class_list":{"0":"post-6785","1":"product","2":"type-product","3":"status-publish","4":"has-post-thumbnail","6":"product_cat-lygio-matuokliai","8":"first","9":"instock","10":"shipping-taxable","11":"purchasable","12":"product-type-simple"},"acf":[],"yoast_head":"<!-- This site is optimized with the Yoast SEO plugin v25.5 - https:\/\/yoast.com\/wordpress\/plugins\/seo\/ -->\n<title>UWT rotacinis ment\u0117s lygio jutiklis Rotonivo\u00ae \u2013 RN 3005 - Invertas<\/title>\n<meta name=\"description\" content=\"Rotonivo\u00ae RN 3005 \u2013 kompakti\u0161kas rotacinis jutiklis, skirtas biri\u0173 med\u017eiag\u0173 lygiui steb\u0117ti u\u017epildymo rankov\u0117se. Atsparus dulk\u0117ms ir apna\u0161oms.\" \/>\n<meta name=\"robots\" content=\"index, follow, max-snippet:-1, max-image-preview:large, max-video-preview:-1\" \/>\n<link rel=\"canonical\" href=\"https:\/\/invertas.lt\/en\/produktai\/lygio-matuokliai\/rotacinis-mentes-lygio-jutiklis-rotonivo-rn-3005\/\" \/>\n<meta property=\"og:locale\" content=\"en_GB\" \/>\n<meta property=\"og:type\" content=\"article\" \/>\n<meta property=\"og:title\" content=\"UWT rotacinis ment\u0117s lygio jutiklis Rotonivo\u00ae \u2013 RN 3005 - Invertas\" \/>\n<meta property=\"og:description\" content=\"Rotonivo\u00ae RN 3005 \u2013 kompakti\u0161kas rotacinis jutiklis, skirtas biri\u0173 med\u017eiag\u0173 lygiui steb\u0117ti u\u017epildymo rankov\u0117se. Atsparus dulk\u0117ms ir apna\u0161oms.\" \/>\n<meta property=\"og:url\" content=\"https:\/\/invertas.lt\/en\/produktai\/lygio-matuokliai\/rotacinis-mentes-lygio-jutiklis-rotonivo-rn-3005\/\" \/>\n<meta property=\"og:site_name\" content=\"Invertas\" \/>\n<meta property=\"article:modified_time\" content=\"2025-08-07T10:44:14+00:00\" \/>\n<meta property=\"og:image\" content=\"https:\/\/invertas.lt\/wp-content\/uploads\/2025\/06\/rn3005-rotonivo-rotary-paddle-switch-extra-short-version.jpg\" \/>\n\t<meta property=\"og:image:width\" content=\"1000\" \/>\n\t<meta property=\"og:image:height\" content=\"1000\" \/>\n\t<meta property=\"og:image:type\" content=\"image\/jpeg\" \/>\n<meta name=\"twitter:card\" content=\"summary_large_image\" \/>\n<meta name=\"twitter:label1\" content=\"Estimated reading time\" \/>\n\t<meta name=\"twitter:data1\" content=\"1 minute\" \/>\n<script type=\"application\/ld+json\" class=\"yoast-schema-graph\">{\"@context\":\"https:\/\/schema.org\",\"@graph\":[{\"@type\":\"WebPage\",\"@id\":\"https:\/\/invertas.lt\/produktai\/lygio-matuokliai\/rotacinis-mentes-lygio-jutiklis-rotonivo-rn-3005\/\",\"url\":\"https:\/\/invertas.lt\/produktai\/lygio-matuokliai\/rotacinis-mentes-lygio-jutiklis-rotonivo-rn-3005\/\",\"name\":\"UWT rotacinis ment\u0117s lygio jutiklis Rotonivo\u00ae \u2013 RN 3005 - Invertas\",\"isPartOf\":{\"@id\":\"https:\/\/invertas.lt\/#website\"},\"primaryImageOfPage\":{\"@id\":\"https:\/\/invertas.lt\/produktai\/lygio-matuokliai\/rotacinis-mentes-lygio-jutiklis-rotonivo-rn-3005\/#primaryimage\"},\"image\":{\"@id\":\"https:\/\/invertas.lt\/produktai\/lygio-matuokliai\/rotacinis-mentes-lygio-jutiklis-rotonivo-rn-3005\/#primaryimage\"},\"thumbnailUrl\":\"https:\/\/invertas.lt\/wp-content\/uploads\/2025\/06\/rn3005-rotonivo-rotary-paddle-switch-extra-short-version-e1754763773489.jpg\",\"datePublished\":\"2025-06-12T18:27:30+00:00\",\"dateModified\":\"2025-08-07T10:44:14+00:00\",\"description\":\"Rotonivo\u00ae RN 3005 \u2013 kompakti\u0161kas rotacinis jutiklis, skirtas biri\u0173 med\u017eiag\u0173 lygiui steb\u0117ti u\u017epildymo rankov\u0117se. Atsparus dulk\u0117ms ir apna\u0161oms.\",\"breadcrumb\":{\"@id\":\"https:\/\/invertas.lt\/produktai\/lygio-matuokliai\/rotacinis-mentes-lygio-jutiklis-rotonivo-rn-3005\/#breadcrumb\"},\"inLanguage\":\"en-GB\",\"potentialAction\":[{\"@type\":\"ReadAction\",\"target\":[\"https:\/\/invertas.lt\/produktai\/lygio-matuokliai\/rotacinis-mentes-lygio-jutiklis-rotonivo-rn-3005\/\"]}]},{\"@type\":\"ImageObject\",\"inLanguage\":\"en-GB\",\"@id\":\"https:\/\/invertas.lt\/produktai\/lygio-matuokliai\/rotacinis-mentes-lygio-jutiklis-rotonivo-rn-3005\/#primaryimage\",\"url\":\"https:\/\/invertas.lt\/wp-content\/uploads\/2025\/06\/rn3005-rotonivo-rotary-paddle-switch-extra-short-version-e1754763773489.jpg\",\"contentUrl\":\"https:\/\/invertas.lt\/wp-content\/uploads\/2025\/06\/rn3005-rotonivo-rotary-paddle-switch-extra-short-version-e1754763773489.jpg\",\"width\":1000,\"height\":695},{\"@type\":\"BreadcrumbList\",\"@id\":\"https:\/\/invertas.lt\/produktai\/lygio-matuokliai\/rotacinis-mentes-lygio-jutiklis-rotonivo-rn-3005\/#breadcrumb\",\"itemListElement\":[{\"@type\":\"ListItem\",\"position\":1,\"name\":\"Prad\u017eia\",\"item\":\"https:\/\/invertas.lt\/\"},{\"@type\":\"ListItem\",\"position\":2,\"name\":\"Products\",\"item\":\"https:\/\/invertas.lt\/shop\/\"},{\"@type\":\"ListItem\",\"position\":3,\"name\":\"Lygio matuokliai\",\"item\":\"https:\/\/invertas.lt\/.\/lygio-matuokliai\/\"},{\"@type\":\"ListItem\",\"position\":4,\"name\":\"UWT rotacinis ment\u0117s lygio jutiklis Rotonivo\u00ae \u2013 RN 3005\"}]},{\"@type\":\"WebSite\",\"@id\":\"https:\/\/invertas.lt\/#website\",\"url\":\"https:\/\/invertas.lt\/\",\"name\":\"Invertas\",\"description\":\"\",\"publisher\":{\"@id\":\"https:\/\/invertas.lt\/#organization\"},\"potentialAction\":[{\"@type\":\"SearchAction\",\"target\":{\"@type\":\"EntryPoint\",\"urlTemplate\":\"https:\/\/invertas.lt\/?s={search_term_string}\"},\"query-input\":{\"@type\":\"PropertyValueSpecification\",\"valueRequired\":true,\"valueName\":\"search_term_string\"}}],\"inLanguage\":\"en-GB\"},{\"@type\":\"Organization\",\"@id\":\"https:\/\/invertas.lt\/#organization\",\"name\":\"Invertas\",\"url\":\"https:\/\/invertas.lt\/\",\"logo\":{\"@type\":\"ImageObject\",\"inLanguage\":\"en-GB\",\"@id\":\"https:\/\/invertas.lt\/#\/schema\/logo\/image\/\",\"url\":\"https:\/\/invertas.lt\/wp-content\/uploads\/2025\/03\/New-Text-Document-2.svg\",\"contentUrl\":\"https:\/\/invertas.lt\/wp-content\/uploads\/2025\/03\/New-Text-Document-2.svg\",\"width\":140,\"height\":39,\"caption\":\"Invertas\"},\"image\":{\"@id\":\"https:\/\/invertas.lt\/#\/schema\/logo\/image\/\"}}]}<\/script>\n<!-- \/ Yoast SEO plugin. -->","yoast_head_json":{"title":"UWT rotacinis ment\u0117s lygio jutiklis Rotonivo\u00ae \u2013 RN 3005 - Invertas","description":"Rotonivo\u00ae RN 3005 \u2013 kompakti\u0161kas rotacinis jutiklis, skirtas biri\u0173 med\u017eiag\u0173 lygiui steb\u0117ti u\u017epildymo rankov\u0117se. Atsparus dulk\u0117ms ir apna\u0161oms.","robots":{"index":"index","follow":"follow","max-snippet":"max-snippet:-1","max-image-preview":"max-image-preview:large","max-video-preview":"max-video-preview:-1"},"canonical":"https:\/\/invertas.lt\/en\/produktai\/lygio-matuokliai\/rotacinis-mentes-lygio-jutiklis-rotonivo-rn-3005\/","og_locale":"en_GB","og_type":"article","og_title":"UWT rotacinis ment\u0117s lygio jutiklis Rotonivo\u00ae \u2013 RN 3005 - Invertas","og_description":"Rotonivo\u00ae RN 3005 \u2013 kompakti\u0161kas rotacinis jutiklis, skirtas biri\u0173 med\u017eiag\u0173 lygiui steb\u0117ti u\u017epildymo rankov\u0117se. Atsparus dulk\u0117ms ir apna\u0161oms.","og_url":"https:\/\/invertas.lt\/en\/produktai\/lygio-matuokliai\/rotacinis-mentes-lygio-jutiklis-rotonivo-rn-3005\/","og_site_name":"Invertas","article_modified_time":"2025-08-07T10:44:14+00:00","og_image":[{"width":1000,"height":1000,"url":"https:\/\/invertas.lt\/wp-content\/uploads\/2025\/06\/rn3005-rotonivo-rotary-paddle-switch-extra-short-version.jpg","type":"image\/jpeg"}],"twitter_card":"summary_large_image","twitter_misc":{"Estimated reading time":"1 minute"},"schema":{"@context":"https:\/\/schema.org","@graph":[{"@type":"WebPage","@id":"https:\/\/invertas.lt\/produktai\/lygio-matuokliai\/rotacinis-mentes-lygio-jutiklis-rotonivo-rn-3005\/","url":"https:\/\/invertas.lt\/produktai\/lygio-matuokliai\/rotacinis-mentes-lygio-jutiklis-rotonivo-rn-3005\/","name":"UWT rotacinis ment\u0117s lygio jutiklis Rotonivo\u00ae \u2013 RN 3005 - Invertas","isPartOf":{"@id":"https:\/\/invertas.lt\/#website"},"primaryImageOfPage":{"@id":"https:\/\/invertas.lt\/produktai\/lygio-matuokliai\/rotacinis-mentes-lygio-jutiklis-rotonivo-rn-3005\/#primaryimage"},"image":{"@id":"https:\/\/invertas.lt\/produktai\/lygio-matuokliai\/rotacinis-mentes-lygio-jutiklis-rotonivo-rn-3005\/#primaryimage"},"thumbnailUrl":"https:\/\/invertas.lt\/wp-content\/uploads\/2025\/06\/rn3005-rotonivo-rotary-paddle-switch-extra-short-version-e1754763773489.jpg","datePublished":"2025-06-12T18:27:30+00:00","dateModified":"2025-08-07T10:44:14+00:00","description":"Rotonivo\u00ae RN 3005 \u2013 kompakti\u0161kas rotacinis jutiklis, skirtas biri\u0173 med\u017eiag\u0173 lygiui steb\u0117ti u\u017epildymo rankov\u0117se. Atsparus dulk\u0117ms ir apna\u0161oms.","breadcrumb":{"@id":"https:\/\/invertas.lt\/produktai\/lygio-matuokliai\/rotacinis-mentes-lygio-jutiklis-rotonivo-rn-3005\/#breadcrumb"},"inLanguage":"en-GB","potentialAction":[{"@type":"ReadAction","target":["https:\/\/invertas.lt\/produktai\/lygio-matuokliai\/rotacinis-mentes-lygio-jutiklis-rotonivo-rn-3005\/"]}]},{"@type":"ImageObject","inLanguage":"en-GB","@id":"https:\/\/invertas.lt\/produktai\/lygio-matuokliai\/rotacinis-mentes-lygio-jutiklis-rotonivo-rn-3005\/#primaryimage","url":"https:\/\/invertas.lt\/wp-content\/uploads\/2025\/06\/rn3005-rotonivo-rotary-paddle-switch-extra-short-version-e1754763773489.jpg","contentUrl":"https:\/\/invertas.lt\/wp-content\/uploads\/2025\/06\/rn3005-rotonivo-rotary-paddle-switch-extra-short-version-e1754763773489.jpg","width":1000,"height":695},{"@type":"BreadcrumbList","@id":"https:\/\/invertas.lt\/produktai\/lygio-matuokliai\/rotacinis-mentes-lygio-jutiklis-rotonivo-rn-3005\/#breadcrumb","itemListElement":[{"@type":"ListItem","position":1,"name":"Prad\u017eia","item":"https:\/\/invertas.lt\/"},{"@type":"ListItem","position":2,"name":"Products","item":"https:\/\/invertas.lt\/shop\/"},{"@type":"ListItem","position":3,"name":"Lygio matuokliai","item":"https:\/\/invertas.lt\/.\/lygio-matuokliai\/"},{"@type":"ListItem","position":4,"name":"UWT rotacinis ment\u0117s lygio jutiklis Rotonivo\u00ae \u2013 RN 3005"}]},{"@type":"WebSite","@id":"https:\/\/invertas.lt\/#website","url":"https:\/\/invertas.lt\/","name":"Invert","description":"","publisher":{"@id":"https:\/\/invertas.lt\/#organization"},"potentialAction":[{"@type":"SearchAction","target":{"@type":"EntryPoint","urlTemplate":"https:\/\/invertas.lt\/?s={search_term_string}"},"query-input":{"@type":"PropertyValueSpecification","valueRequired":true,"valueName":"search_term_string"}}],"inLanguage":"en-GB"},{"@type":"Organization","@id":"https:\/\/invertas.lt\/#organization","name":"Invert","url":"https:\/\/invertas.lt\/","logo":{"@type":"ImageObject","inLanguage":"en-GB","@id":"https:\/\/invertas.lt\/#\/schema\/logo\/image\/","url":"https:\/\/invertas.lt\/wp-content\/uploads\/2025\/03\/New-Text-Document-2.svg","contentUrl":"https:\/\/invertas.lt\/wp-content\/uploads\/2025\/03\/New-Text-Document-2.svg","width":140,"height":39,"caption":"Invertas"},"image":{"@id":"https:\/\/invertas.lt\/#\/schema\/logo\/image\/"}}]}},"_links":{"self":[{"href":"https:\/\/invertas.lt\/en\/wp-json\/wp\/v2\/product\/6785","targetHints":{"allow":["GET"]}}],"collection":[{"href":"https:\/\/invertas.lt\/en\/wp-json\/wp\/v2\/product"}],"about":[{"href":"https:\/\/invertas.lt\/en\/wp-json\/wp\/v2\/types\/product"}],"replies":[{"embeddable":true,"href":"https:\/\/invertas.lt\/en\/wp-json\/wp\/v2\/comments?post=6785"}],"wp:featuredmedia":[{"embeddable":true,"href":"https:\/\/invertas.lt\/en\/wp-json\/wp\/v2\/media\/6984"}],"wp:attachment":[{"href":"https:\/\/invertas.lt\/en\/wp-json\/wp\/v2\/media?parent=6785"}],"wp:term":[{"taxonomy":"product_brand","embeddable":true,"href":"https:\/\/invertas.lt\/en\/wp-json\/wp\/v2\/product_brand?post=6785"},{"taxonomy":"product_cat","embeddable":true,"href":"https:\/\/invertas.lt\/en\/wp-json\/wp\/v2\/product_cat?post=6785"},{"taxonomy":"product_tag","embeddable":true,"href":"https:\/\/invertas.lt\/en\/wp-json\/wp\/v2\/product_tag?post=6785"}],"curies":[{"name":"wp","href":"https:\/\/api.w.org\/{rel}","templated":true}]}}