{"id":6778,"date":"2025-06-11T17:51:48","date_gmt":"2025-06-11T17:51:48","guid":{"rendered":"https:\/\/aurimasb15.sg-host.com\/?post_type=product&#038;p=6778"},"modified":"2025-08-07T10:43:10","modified_gmt":"2025-08-07T10:43:10","slug":"rotacinis-mentes-lygio-jutiklis-rotonivo-rn-3002-sustiprintos-virves-versija","status":"publish","type":"product","link":"https:\/\/invertas.lt\/en\/produktai\/lygio-matuokliai\/rotacinis-mentes-lygio-jutiklis-rotonivo-rn-3002-sustiprintos-virves-versija\/","title":{"rendered":"UWT rotary vane level sensor Rotonivo\u00ae \u2013 RN 3002"},"content":{"rendered":"<p data-start=\"0\" data-end=\"14\"><strong>Fields of application<\/strong><\/p>\n<p data-start=\"19\" data-end=\"161\"><strong data-start=\"0\" data-end=\"21\" data-is-only-node=\"\">Rotonivo\u00ae RN 3002<\/strong> with reinforced cable \u2013 reliable demand or empty container sensor for bulk materials. Withstands tensile forces up to 28 kN, operates up to +600 \u00b0C and 10 bar. Dust and scale-free, meets EHEDG hygiene requirements, ensures protection against overfilling and no-load operation.<\/p>\n<p data-start=\"16\" data-end=\"183\"><strong>Features<\/strong><\/p>\n<ul>\n<li><span style=\"font-size: 16px;\">Simple, reliable and maintenance-free all-rounder in bulk materials<\/span><\/li>\n<li>Sensor length can be flexibly shortened or extended<\/li>\n<li>Strengthened rope version for tensile forces up to 28 kN<\/li>\n<\/ul>","protected":false},"excerpt":{"rendered":"<p>Taikymo sritys Rotonivo\u00ae RN 3002 su sustiprintu lynu \u2013 patikimas poreikio ar tu\u0161\u010dio indo jutiklis birioms med\u017eiagoms. Atsparus iki 28\u202fkN tempimo j\u0117goms, veikia iki +600\u202f\u00b0C ir 10 bar. Nekenksmingas dulk\u0117ms ir apna\u0161oms, atitinka EHEDG higienos reikalavimus, u\u017etikrina apsaug\u0105 nuo perpildymo ir darbo be apkrovos. Savyb\u0117s Paprastas, patikimas ir nereikalaujantis prie\u017ei\u016bros universalus sprendimas biri\u0173 med\u017eiag\u0173 lygiui [&hellip;]<\/p>","protected":false},"featured_media":6979,"comment_status":"open","ping_status":"closed","template":"","meta":{"_acf_changed":false,"inline_featured_image":false},"product_brand":[],"product_cat":[411],"product_tag":[],"class_list":{"0":"post-6778","1":"product","2":"type-product","3":"status-publish","4":"has-post-thumbnail","6":"product_cat-lygio-matuokliai","8":"first","9":"instock","10":"shipping-taxable","11":"purchasable","12":"product-type-simple"},"acf":[],"yoast_head":"<!-- This site is optimized with the Yoast SEO plugin v25.5 - https:\/\/yoast.com\/wordpress\/plugins\/seo\/ -->\n<title>UWT rotacinis ment\u0117s lygio jutiklis Rotonivo\u00ae \u2013 RN 3002 - Invertas<\/title>\n<meta name=\"description\" content=\"Rotonivo\u00ae RN 3002 su sustiprintu lynu \u2013 patikimas poreikio ar tu\u0161\u010dio indo jutiklis birioms med\u017eiagoms. Atsparus iki 28\u202fkN tempimo j\u0117goms.\" \/>\n<meta name=\"robots\" content=\"index, follow, max-snippet:-1, max-image-preview:large, max-video-preview:-1\" \/>\n<link rel=\"canonical\" href=\"https:\/\/invertas.lt\/en\/produktai\/lygio-matuokliai\/rotacinis-mentes-lygio-jutiklis-rotonivo-rn-3002-sustiprintos-virves-versija\/\" \/>\n<meta property=\"og:locale\" content=\"en_GB\" \/>\n<meta property=\"og:type\" content=\"article\" \/>\n<meta property=\"og:title\" content=\"UWT rotacinis ment\u0117s lygio jutiklis Rotonivo\u00ae \u2013 RN 3002 - Invertas\" \/>\n<meta property=\"og:description\" content=\"Rotonivo\u00ae RN 3002 su sustiprintu lynu \u2013 patikimas poreikio ar tu\u0161\u010dio indo jutiklis birioms med\u017eiagoms. Atsparus iki 28\u202fkN tempimo j\u0117goms.\" \/>\n<meta property=\"og:url\" content=\"https:\/\/invertas.lt\/en\/produktai\/lygio-matuokliai\/rotacinis-mentes-lygio-jutiklis-rotonivo-rn-3002-sustiprintos-virves-versija\/\" \/>\n<meta property=\"og:site_name\" content=\"Invertas\" \/>\n<meta property=\"article:modified_time\" content=\"2025-08-07T10:43:10+00:00\" \/>\n<meta property=\"og:image\" content=\"https:\/\/invertas.lt\/wp-content\/uploads\/2025\/06\/rn3_rope-strengthened-side.jpg\" \/>\n\t<meta property=\"og:image:width\" content=\"1000\" \/>\n\t<meta property=\"og:image:height\" content=\"1000\" \/>\n\t<meta property=\"og:image:type\" content=\"image\/jpeg\" \/>\n<meta name=\"twitter:card\" content=\"summary_large_image\" \/>\n<meta name=\"twitter:label1\" content=\"Estimated reading time\" \/>\n\t<meta name=\"twitter:data1\" content=\"1 minute\" \/>\n<script type=\"application\/ld+json\" class=\"yoast-schema-graph\">{\"@context\":\"https:\/\/schema.org\",\"@graph\":[{\"@type\":\"WebPage\",\"@id\":\"https:\/\/invertas.lt\/produktai\/lygio-matuokliai\/rotacinis-mentes-lygio-jutiklis-rotonivo-rn-3002-sustiprintos-virves-versija\/\",\"url\":\"https:\/\/invertas.lt\/produktai\/lygio-matuokliai\/rotacinis-mentes-lygio-jutiklis-rotonivo-rn-3002-sustiprintos-virves-versija\/\",\"name\":\"UWT rotacinis ment\u0117s lygio jutiklis Rotonivo\u00ae \u2013 RN 3002 - Invertas\",\"isPartOf\":{\"@id\":\"https:\/\/invertas.lt\/#website\"},\"primaryImageOfPage\":{\"@id\":\"https:\/\/invertas.lt\/produktai\/lygio-matuokliai\/rotacinis-mentes-lygio-jutiklis-rotonivo-rn-3002-sustiprintos-virves-versija\/#primaryimage\"},\"image\":{\"@id\":\"https:\/\/invertas.lt\/produktai\/lygio-matuokliai\/rotacinis-mentes-lygio-jutiklis-rotonivo-rn-3002-sustiprintos-virves-versija\/#primaryimage\"},\"thumbnailUrl\":\"https:\/\/invertas.lt\/wp-content\/uploads\/2025\/06\/rn3_rope-strengthened-side.jpg\",\"datePublished\":\"2025-06-11T17:51:48+00:00\",\"dateModified\":\"2025-08-07T10:43:10+00:00\",\"description\":\"Rotonivo\u00ae RN 3002 su sustiprintu lynu \u2013 patikimas poreikio ar tu\u0161\u010dio indo jutiklis birioms med\u017eiagoms. Atsparus iki 28\u202fkN tempimo j\u0117goms.\",\"breadcrumb\":{\"@id\":\"https:\/\/invertas.lt\/produktai\/lygio-matuokliai\/rotacinis-mentes-lygio-jutiklis-rotonivo-rn-3002-sustiprintos-virves-versija\/#breadcrumb\"},\"inLanguage\":\"en-GB\",\"potentialAction\":[{\"@type\":\"ReadAction\",\"target\":[\"https:\/\/invertas.lt\/produktai\/lygio-matuokliai\/rotacinis-mentes-lygio-jutiklis-rotonivo-rn-3002-sustiprintos-virves-versija\/\"]}]},{\"@type\":\"ImageObject\",\"inLanguage\":\"en-GB\",\"@id\":\"https:\/\/invertas.lt\/produktai\/lygio-matuokliai\/rotacinis-mentes-lygio-jutiklis-rotonivo-rn-3002-sustiprintos-virves-versija\/#primaryimage\",\"url\":\"https:\/\/invertas.lt\/wp-content\/uploads\/2025\/06\/rn3_rope-strengthened-side.jpg\",\"contentUrl\":\"https:\/\/invertas.lt\/wp-content\/uploads\/2025\/06\/rn3_rope-strengthened-side.jpg\",\"width\":1000,\"height\":1000},{\"@type\":\"BreadcrumbList\",\"@id\":\"https:\/\/invertas.lt\/produktai\/lygio-matuokliai\/rotacinis-mentes-lygio-jutiklis-rotonivo-rn-3002-sustiprintos-virves-versija\/#breadcrumb\",\"itemListElement\":[{\"@type\":\"ListItem\",\"position\":1,\"name\":\"Prad\u017eia\",\"item\":\"https:\/\/invertas.lt\/\"},{\"@type\":\"ListItem\",\"position\":2,\"name\":\"Products\",\"item\":\"https:\/\/invertas.lt\/shop\/\"},{\"@type\":\"ListItem\",\"position\":3,\"name\":\"Lygio matuokliai\",\"item\":\"https:\/\/invertas.lt\/.\/lygio-matuokliai\/\"},{\"@type\":\"ListItem\",\"position\":4,\"name\":\"UWT rotacinis ment\u0117s lygio jutiklis Rotonivo\u00ae \u2013 RN 3002\"}]},{\"@type\":\"WebSite\",\"@id\":\"https:\/\/invertas.lt\/#website\",\"url\":\"https:\/\/invertas.lt\/\",\"name\":\"Invertas\",\"description\":\"\",\"publisher\":{\"@id\":\"https:\/\/invertas.lt\/#organization\"},\"potentialAction\":[{\"@type\":\"SearchAction\",\"target\":{\"@type\":\"EntryPoint\",\"urlTemplate\":\"https:\/\/invertas.lt\/?s={search_term_string}\"},\"query-input\":{\"@type\":\"PropertyValueSpecification\",\"valueRequired\":true,\"valueName\":\"search_term_string\"}}],\"inLanguage\":\"en-GB\"},{\"@type\":\"Organization\",\"@id\":\"https:\/\/invertas.lt\/#organization\",\"name\":\"Invertas\",\"url\":\"https:\/\/invertas.lt\/\",\"logo\":{\"@type\":\"ImageObject\",\"inLanguage\":\"en-GB\",\"@id\":\"https:\/\/invertas.lt\/#\/schema\/logo\/image\/\",\"url\":\"https:\/\/invertas.lt\/wp-content\/uploads\/2025\/03\/New-Text-Document-2.svg\",\"contentUrl\":\"https:\/\/invertas.lt\/wp-content\/uploads\/2025\/03\/New-Text-Document-2.svg\",\"width\":140,\"height\":39,\"caption\":\"Invertas\"},\"image\":{\"@id\":\"https:\/\/invertas.lt\/#\/schema\/logo\/image\/\"}}]}<\/script>\n<!-- \/ Yoast SEO plugin. -->","yoast_head_json":{"title":"UWT rotacinis ment\u0117s lygio jutiklis Rotonivo\u00ae \u2013 RN 3002 - Invertas","description":"Rotonivo\u00ae RN 3002 su sustiprintu lynu \u2013 patikimas poreikio ar tu\u0161\u010dio indo jutiklis birioms med\u017eiagoms. Atsparus iki 28\u202fkN tempimo j\u0117goms.","robots":{"index":"index","follow":"follow","max-snippet":"max-snippet:-1","max-image-preview":"max-image-preview:large","max-video-preview":"max-video-preview:-1"},"canonical":"https:\/\/invertas.lt\/en\/produktai\/lygio-matuokliai\/rotacinis-mentes-lygio-jutiklis-rotonivo-rn-3002-sustiprintos-virves-versija\/","og_locale":"en_GB","og_type":"article","og_title":"UWT rotacinis ment\u0117s lygio jutiklis Rotonivo\u00ae \u2013 RN 3002 - Invertas","og_description":"Rotonivo\u00ae RN 3002 su sustiprintu lynu \u2013 patikimas poreikio ar tu\u0161\u010dio indo jutiklis birioms med\u017eiagoms. Atsparus iki 28\u202fkN tempimo j\u0117goms.","og_url":"https:\/\/invertas.lt\/en\/produktai\/lygio-matuokliai\/rotacinis-mentes-lygio-jutiklis-rotonivo-rn-3002-sustiprintos-virves-versija\/","og_site_name":"Invertas","article_modified_time":"2025-08-07T10:43:10+00:00","og_image":[{"width":1000,"height":1000,"url":"https:\/\/invertas.lt\/wp-content\/uploads\/2025\/06\/rn3_rope-strengthened-side.jpg","type":"image\/jpeg"}],"twitter_card":"summary_large_image","twitter_misc":{"Estimated reading time":"1 minute"},"schema":{"@context":"https:\/\/schema.org","@graph":[{"@type":"WebPage","@id":"https:\/\/invertas.lt\/produktai\/lygio-matuokliai\/rotacinis-mentes-lygio-jutiklis-rotonivo-rn-3002-sustiprintos-virves-versija\/","url":"https:\/\/invertas.lt\/produktai\/lygio-matuokliai\/rotacinis-mentes-lygio-jutiklis-rotonivo-rn-3002-sustiprintos-virves-versija\/","name":"UWT rotacinis ment\u0117s lygio jutiklis Rotonivo\u00ae \u2013 RN 3002 - Invertas","isPartOf":{"@id":"https:\/\/invertas.lt\/#website"},"primaryImageOfPage":{"@id":"https:\/\/invertas.lt\/produktai\/lygio-matuokliai\/rotacinis-mentes-lygio-jutiklis-rotonivo-rn-3002-sustiprintos-virves-versija\/#primaryimage"},"image":{"@id":"https:\/\/invertas.lt\/produktai\/lygio-matuokliai\/rotacinis-mentes-lygio-jutiklis-rotonivo-rn-3002-sustiprintos-virves-versija\/#primaryimage"},"thumbnailUrl":"https:\/\/invertas.lt\/wp-content\/uploads\/2025\/06\/rn3_rope-strengthened-side.jpg","datePublished":"2025-06-11T17:51:48+00:00","dateModified":"2025-08-07T10:43:10+00:00","description":"Rotonivo\u00ae RN 3002 su sustiprintu lynu \u2013 patikimas poreikio ar tu\u0161\u010dio indo jutiklis birioms med\u017eiagoms. Atsparus iki 28\u202fkN tempimo j\u0117goms.","breadcrumb":{"@id":"https:\/\/invertas.lt\/produktai\/lygio-matuokliai\/rotacinis-mentes-lygio-jutiklis-rotonivo-rn-3002-sustiprintos-virves-versija\/#breadcrumb"},"inLanguage":"en-GB","potentialAction":[{"@type":"ReadAction","target":["https:\/\/invertas.lt\/produktai\/lygio-matuokliai\/rotacinis-mentes-lygio-jutiklis-rotonivo-rn-3002-sustiprintos-virves-versija\/"]}]},{"@type":"ImageObject","inLanguage":"en-GB","@id":"https:\/\/invertas.lt\/produktai\/lygio-matuokliai\/rotacinis-mentes-lygio-jutiklis-rotonivo-rn-3002-sustiprintos-virves-versija\/#primaryimage","url":"https:\/\/invertas.lt\/wp-content\/uploads\/2025\/06\/rn3_rope-strengthened-side.jpg","contentUrl":"https:\/\/invertas.lt\/wp-content\/uploads\/2025\/06\/rn3_rope-strengthened-side.jpg","width":1000,"height":1000},{"@type":"BreadcrumbList","@id":"https:\/\/invertas.lt\/produktai\/lygio-matuokliai\/rotacinis-mentes-lygio-jutiklis-rotonivo-rn-3002-sustiprintos-virves-versija\/#breadcrumb","itemListElement":[{"@type":"ListItem","position":1,"name":"Prad\u017eia","item":"https:\/\/invertas.lt\/"},{"@type":"ListItem","position":2,"name":"Products","item":"https:\/\/invertas.lt\/shop\/"},{"@type":"ListItem","position":3,"name":"Lygio matuokliai","item":"https:\/\/invertas.lt\/.\/lygio-matuokliai\/"},{"@type":"ListItem","position":4,"name":"UWT rotacinis ment\u0117s lygio jutiklis Rotonivo\u00ae \u2013 RN 3002"}]},{"@type":"WebSite","@id":"https:\/\/invertas.lt\/#website","url":"https:\/\/invertas.lt\/","name":"Invert","description":"","publisher":{"@id":"https:\/\/invertas.lt\/#organization"},"potentialAction":[{"@type":"SearchAction","target":{"@type":"EntryPoint","urlTemplate":"https:\/\/invertas.lt\/?s={search_term_string}"},"query-input":{"@type":"PropertyValueSpecification","valueRequired":true,"valueName":"search_term_string"}}],"inLanguage":"en-GB"},{"@type":"Organization","@id":"https:\/\/invertas.lt\/#organization","name":"Invert","url":"https:\/\/invertas.lt\/","logo":{"@type":"ImageObject","inLanguage":"en-GB","@id":"https:\/\/invertas.lt\/#\/schema\/logo\/image\/","url":"https:\/\/invertas.lt\/wp-content\/uploads\/2025\/03\/New-Text-Document-2.svg","contentUrl":"https:\/\/invertas.lt\/wp-content\/uploads\/2025\/03\/New-Text-Document-2.svg","width":140,"height":39,"caption":"Invertas"},"image":{"@id":"https:\/\/invertas.lt\/#\/schema\/logo\/image\/"}}]}},"_links":{"self":[{"href":"https:\/\/invertas.lt\/en\/wp-json\/wp\/v2\/product\/6778","targetHints":{"allow":["GET"]}}],"collection":[{"href":"https:\/\/invertas.lt\/en\/wp-json\/wp\/v2\/product"}],"about":[{"href":"https:\/\/invertas.lt\/en\/wp-json\/wp\/v2\/types\/product"}],"replies":[{"embeddable":true,"href":"https:\/\/invertas.lt\/en\/wp-json\/wp\/v2\/comments?post=6778"}],"wp:featuredmedia":[{"embeddable":true,"href":"https:\/\/invertas.lt\/en\/wp-json\/wp\/v2\/media\/6979"}],"wp:attachment":[{"href":"https:\/\/invertas.lt\/en\/wp-json\/wp\/v2\/media?parent=6778"}],"wp:term":[{"taxonomy":"product_brand","embeddable":true,"href":"https:\/\/invertas.lt\/en\/wp-json\/wp\/v2\/product_brand?post=6778"},{"taxonomy":"product_cat","embeddable":true,"href":"https:\/\/invertas.lt\/en\/wp-json\/wp\/v2\/product_cat?post=6778"},{"taxonomy":"product_tag","embeddable":true,"href":"https:\/\/invertas.lt\/en\/wp-json\/wp\/v2\/product_tag?post=6778"}],"curies":[{"name":"wp","href":"https:\/\/api.w.org\/{rel}","templated":true}]}}