{"id":6772,"date":"2025-06-11T15:37:27","date_gmt":"2025-06-11T15:37:27","guid":{"rendered":"https:\/\/aurimasb15.sg-host.com\/?post_type=product&#038;p=6772"},"modified":"2025-08-07T10:35:08","modified_gmt":"2025-08-07T10:35:08","slug":"rotacinis-mentes-lygio-jutiklis-rotonivo-rn-3002-su-virve","status":"publish","type":"product","link":"https:\/\/invertas.lt\/en\/produktai\/lygio-matuokliai\/rotacinis-mentes-lygio-jutiklis-rotonivo-rn-3002-su-virve\/","title":{"rendered":"UWT rotary vane level sensor Rotonivo\u00ae \u2013 RN 3002 \u2013 with rope"},"content":{"rendered":"<p><strong>Fields of application<\/strong><\/p>\n<p data-start=\"19\" data-end=\"161\">Rotary vane type level sensor <strong data-start=\"37\" data-end=\"58\">Rotonivo\u00ae RN 3002<\/strong> with cable extension used for measuring the level of bulk materials in storage and process vessels. Suitable as a full, demand or empty vessel sensor. Operates at temperatures up to +600 \u00b0C and pressures up to 10 bar. Resistant to dust and deposits. Meets EHEDG hygiene requirements.<\/p>\n<h3 data-start=\"16\" data-end=\"183\">Features<\/h3>\n<ul>\n<li data-start=\"16\" data-end=\"183\"><span style=\"font-size: 16px;\">Simple, reliable and maintenance-free all-rounder in bulk materials<\/span><\/li>\n<li data-start=\"16\" data-end=\"183\">Sensor length can be flexibly shortened or extended<\/li>\n<li data-start=\"16\" data-end=\"183\">Plug and play level limit switch without calibration<\/li>\n<\/ul>","protected":false},"excerpt":{"rendered":"<p>Taikymo sritys Rotacinis ment\u0117s tipo lygio jutiklis Rotonivo\u00ae RN 3002 su lyno prailginimu naudojamas biri\u0173 med\u017eiag\u0173 lygiui sand\u0117liavimo ir technologiniuose induose matuoti. Tinka kaip pilno, poreikio arba tu\u0161\u010dio indo jutiklis. Veikia iki +600\u202f\u00b0C temperat\u016broje ir 10 bar sl\u0117gyje. Atsparus dulk\u0117ms ir nuos\u0117doms. Atitinka EHEDG higienos reikalavimus. Savyb\u0117s Paprastas, patikimas ir nereikalaujantis prie\u017ei\u016bros universalus sprendimas biri\u0173 [&hellip;]<\/p>","protected":false},"featured_media":6977,"comment_status":"open","ping_status":"closed","template":"","meta":{"_acf_changed":false,"inline_featured_image":false},"product_brand":[],"product_cat":[411],"product_tag":[],"class_list":{"0":"post-6772","1":"product","2":"type-product","3":"status-publish","4":"has-post-thumbnail","6":"product_cat-lygio-matuokliai","8":"first","9":"instock","10":"shipping-taxable","11":"purchasable","12":"product-type-simple"},"acf":[],"yoast_head":"<!-- This site is optimized with the Yoast SEO plugin v25.5 - https:\/\/yoast.com\/wordpress\/plugins\/seo\/ -->\n<title>UWT rotacinis ment\u0117s lygio jutiklis Rotonivo\u00ae \u2013 RN 3002 \u2013 su lynu - Invertas<\/title>\n<meta name=\"description\" content=\"Rotacinis ment\u0117s tipo lygio jutiklis Rotonivo\u00ae RN 3002 su lyno prailginimu naudojamas biri\u0173 med\u017eiag\u0173 lygiui sand\u0117liavimo ir technologiniuose induose.\" \/>\n<meta name=\"robots\" content=\"index, follow, max-snippet:-1, max-image-preview:large, max-video-preview:-1\" \/>\n<link rel=\"canonical\" href=\"https:\/\/invertas.lt\/en\/produktai\/lygio-matuokliai\/rotacinis-mentes-lygio-jutiklis-rotonivo-rn-3002-su-virve\/\" \/>\n<meta property=\"og:locale\" content=\"en_GB\" \/>\n<meta property=\"og:type\" content=\"article\" \/>\n<meta property=\"og:title\" content=\"UWT rotacinis ment\u0117s lygio jutiklis Rotonivo\u00ae \u2013 RN 3002 \u2013 su lynu - Invertas\" \/>\n<meta property=\"og:description\" content=\"Rotacinis ment\u0117s tipo lygio jutiklis Rotonivo\u00ae RN 3002 su lyno prailginimu naudojamas biri\u0173 med\u017eiag\u0173 lygiui sand\u0117liavimo ir technologiniuose induose.\" \/>\n<meta property=\"og:url\" content=\"https:\/\/invertas.lt\/en\/produktai\/lygio-matuokliai\/rotacinis-mentes-lygio-jutiklis-rotonivo-rn-3002-su-virve\/\" \/>\n<meta property=\"og:site_name\" content=\"Invertas\" \/>\n<meta property=\"article:modified_time\" content=\"2025-08-07T10:35:08+00:00\" \/>\n<meta property=\"og:image\" content=\"https:\/\/invertas.lt\/wp-content\/uploads\/2025\/06\/rn3002-rotonivo-rotary-paddle-switch-for-point-level-limit-measurement-rope-extension.jpg\" \/>\n\t<meta property=\"og:image:width\" content=\"800\" \/>\n\t<meta property=\"og:image:height\" content=\"1200\" \/>\n\t<meta property=\"og:image:type\" content=\"image\/jpeg\" \/>\n<meta name=\"twitter:card\" content=\"summary_large_image\" \/>\n<meta name=\"twitter:label1\" content=\"Estimated reading time\" \/>\n\t<meta name=\"twitter:data1\" content=\"1 minute\" \/>\n<script type=\"application\/ld+json\" class=\"yoast-schema-graph\">{\"@context\":\"https:\/\/schema.org\",\"@graph\":[{\"@type\":\"WebPage\",\"@id\":\"https:\/\/invertas.lt\/produktai\/lygio-matuokliai\/rotacinis-mentes-lygio-jutiklis-rotonivo-rn-3002-su-virve\/\",\"url\":\"https:\/\/invertas.lt\/produktai\/lygio-matuokliai\/rotacinis-mentes-lygio-jutiklis-rotonivo-rn-3002-su-virve\/\",\"name\":\"UWT rotacinis ment\u0117s lygio jutiklis Rotonivo\u00ae \u2013 RN 3002 \u2013 su lynu - Invertas\",\"isPartOf\":{\"@id\":\"https:\/\/invertas.lt\/#website\"},\"primaryImageOfPage\":{\"@id\":\"https:\/\/invertas.lt\/produktai\/lygio-matuokliai\/rotacinis-mentes-lygio-jutiklis-rotonivo-rn-3002-su-virve\/#primaryimage\"},\"image\":{\"@id\":\"https:\/\/invertas.lt\/produktai\/lygio-matuokliai\/rotacinis-mentes-lygio-jutiklis-rotonivo-rn-3002-su-virve\/#primaryimage\"},\"thumbnailUrl\":\"https:\/\/invertas.lt\/wp-content\/uploads\/2025\/06\/rn3002-rotonivo-rotary-paddle-switch-for-point-level-limit-measurement-rope-extension.jpg\",\"datePublished\":\"2025-06-11T15:37:27+00:00\",\"dateModified\":\"2025-08-07T10:35:08+00:00\",\"description\":\"Rotacinis ment\u0117s tipo lygio jutiklis Rotonivo\u00ae RN 3002 su lyno prailginimu naudojamas biri\u0173 med\u017eiag\u0173 lygiui sand\u0117liavimo ir technologiniuose induose.\",\"breadcrumb\":{\"@id\":\"https:\/\/invertas.lt\/produktai\/lygio-matuokliai\/rotacinis-mentes-lygio-jutiklis-rotonivo-rn-3002-su-virve\/#breadcrumb\"},\"inLanguage\":\"en-GB\",\"potentialAction\":[{\"@type\":\"ReadAction\",\"target\":[\"https:\/\/invertas.lt\/produktai\/lygio-matuokliai\/rotacinis-mentes-lygio-jutiklis-rotonivo-rn-3002-su-virve\/\"]}]},{\"@type\":\"ImageObject\",\"inLanguage\":\"en-GB\",\"@id\":\"https:\/\/invertas.lt\/produktai\/lygio-matuokliai\/rotacinis-mentes-lygio-jutiklis-rotonivo-rn-3002-su-virve\/#primaryimage\",\"url\":\"https:\/\/invertas.lt\/wp-content\/uploads\/2025\/06\/rn3002-rotonivo-rotary-paddle-switch-for-point-level-limit-measurement-rope-extension.jpg\",\"contentUrl\":\"https:\/\/invertas.lt\/wp-content\/uploads\/2025\/06\/rn3002-rotonivo-rotary-paddle-switch-for-point-level-limit-measurement-rope-extension.jpg\",\"width\":800,\"height\":1200},{\"@type\":\"BreadcrumbList\",\"@id\":\"https:\/\/invertas.lt\/produktai\/lygio-matuokliai\/rotacinis-mentes-lygio-jutiklis-rotonivo-rn-3002-su-virve\/#breadcrumb\",\"itemListElement\":[{\"@type\":\"ListItem\",\"position\":1,\"name\":\"Prad\u017eia\",\"item\":\"https:\/\/invertas.lt\/\"},{\"@type\":\"ListItem\",\"position\":2,\"name\":\"Products\",\"item\":\"https:\/\/invertas.lt\/shop\/\"},{\"@type\":\"ListItem\",\"position\":3,\"name\":\"Lygio matuokliai\",\"item\":\"https:\/\/invertas.lt\/.\/lygio-matuokliai\/\"},{\"@type\":\"ListItem\",\"position\":4,\"name\":\"UWT rotacinis ment\u0117s lygio jutiklis Rotonivo\u00ae \u2013 RN 3002 \u2013 su lynu\"}]},{\"@type\":\"WebSite\",\"@id\":\"https:\/\/invertas.lt\/#website\",\"url\":\"https:\/\/invertas.lt\/\",\"name\":\"Invertas\",\"description\":\"\",\"publisher\":{\"@id\":\"https:\/\/invertas.lt\/#organization\"},\"potentialAction\":[{\"@type\":\"SearchAction\",\"target\":{\"@type\":\"EntryPoint\",\"urlTemplate\":\"https:\/\/invertas.lt\/?s={search_term_string}\"},\"query-input\":{\"@type\":\"PropertyValueSpecification\",\"valueRequired\":true,\"valueName\":\"search_term_string\"}}],\"inLanguage\":\"en-GB\"},{\"@type\":\"Organization\",\"@id\":\"https:\/\/invertas.lt\/#organization\",\"name\":\"Invertas\",\"url\":\"https:\/\/invertas.lt\/\",\"logo\":{\"@type\":\"ImageObject\",\"inLanguage\":\"en-GB\",\"@id\":\"https:\/\/invertas.lt\/#\/schema\/logo\/image\/\",\"url\":\"https:\/\/invertas.lt\/wp-content\/uploads\/2025\/03\/New-Text-Document-2.svg\",\"contentUrl\":\"https:\/\/invertas.lt\/wp-content\/uploads\/2025\/03\/New-Text-Document-2.svg\",\"width\":140,\"height\":39,\"caption\":\"Invertas\"},\"image\":{\"@id\":\"https:\/\/invertas.lt\/#\/schema\/logo\/image\/\"}}]}<\/script>\n<!-- \/ Yoast SEO plugin. -->","yoast_head_json":{"title":"UWT rotacinis ment\u0117s lygio jutiklis Rotonivo\u00ae \u2013 RN 3002 \u2013 su lynu - Invertas","description":"Rotacinis ment\u0117s tipo lygio jutiklis Rotonivo\u00ae RN 3002 su lyno prailginimu naudojamas biri\u0173 med\u017eiag\u0173 lygiui sand\u0117liavimo ir technologiniuose induose.","robots":{"index":"index","follow":"follow","max-snippet":"max-snippet:-1","max-image-preview":"max-image-preview:large","max-video-preview":"max-video-preview:-1"},"canonical":"https:\/\/invertas.lt\/en\/produktai\/lygio-matuokliai\/rotacinis-mentes-lygio-jutiklis-rotonivo-rn-3002-su-virve\/","og_locale":"en_GB","og_type":"article","og_title":"UWT rotacinis ment\u0117s lygio jutiklis Rotonivo\u00ae \u2013 RN 3002 \u2013 su lynu - Invertas","og_description":"Rotacinis ment\u0117s tipo lygio jutiklis Rotonivo\u00ae RN 3002 su lyno prailginimu naudojamas biri\u0173 med\u017eiag\u0173 lygiui sand\u0117liavimo ir technologiniuose induose.","og_url":"https:\/\/invertas.lt\/en\/produktai\/lygio-matuokliai\/rotacinis-mentes-lygio-jutiklis-rotonivo-rn-3002-su-virve\/","og_site_name":"Invertas","article_modified_time":"2025-08-07T10:35:08+00:00","og_image":[{"width":800,"height":1200,"url":"https:\/\/invertas.lt\/wp-content\/uploads\/2025\/06\/rn3002-rotonivo-rotary-paddle-switch-for-point-level-limit-measurement-rope-extension.jpg","type":"image\/jpeg"}],"twitter_card":"summary_large_image","twitter_misc":{"Estimated reading time":"1 minute"},"schema":{"@context":"https:\/\/schema.org","@graph":[{"@type":"WebPage","@id":"https:\/\/invertas.lt\/produktai\/lygio-matuokliai\/rotacinis-mentes-lygio-jutiklis-rotonivo-rn-3002-su-virve\/","url":"https:\/\/invertas.lt\/produktai\/lygio-matuokliai\/rotacinis-mentes-lygio-jutiklis-rotonivo-rn-3002-su-virve\/","name":"UWT rotacinis ment\u0117s lygio jutiklis Rotonivo\u00ae \u2013 RN 3002 \u2013 su lynu - Invertas","isPartOf":{"@id":"https:\/\/invertas.lt\/#website"},"primaryImageOfPage":{"@id":"https:\/\/invertas.lt\/produktai\/lygio-matuokliai\/rotacinis-mentes-lygio-jutiklis-rotonivo-rn-3002-su-virve\/#primaryimage"},"image":{"@id":"https:\/\/invertas.lt\/produktai\/lygio-matuokliai\/rotacinis-mentes-lygio-jutiklis-rotonivo-rn-3002-su-virve\/#primaryimage"},"thumbnailUrl":"https:\/\/invertas.lt\/wp-content\/uploads\/2025\/06\/rn3002-rotonivo-rotary-paddle-switch-for-point-level-limit-measurement-rope-extension.jpg","datePublished":"2025-06-11T15:37:27+00:00","dateModified":"2025-08-07T10:35:08+00:00","description":"Rotacinis ment\u0117s tipo lygio jutiklis Rotonivo\u00ae RN 3002 su lyno prailginimu naudojamas biri\u0173 med\u017eiag\u0173 lygiui sand\u0117liavimo ir technologiniuose induose.","breadcrumb":{"@id":"https:\/\/invertas.lt\/produktai\/lygio-matuokliai\/rotacinis-mentes-lygio-jutiklis-rotonivo-rn-3002-su-virve\/#breadcrumb"},"inLanguage":"en-GB","potentialAction":[{"@type":"ReadAction","target":["https:\/\/invertas.lt\/produktai\/lygio-matuokliai\/rotacinis-mentes-lygio-jutiklis-rotonivo-rn-3002-su-virve\/"]}]},{"@type":"ImageObject","inLanguage":"en-GB","@id":"https:\/\/invertas.lt\/produktai\/lygio-matuokliai\/rotacinis-mentes-lygio-jutiklis-rotonivo-rn-3002-su-virve\/#primaryimage","url":"https:\/\/invertas.lt\/wp-content\/uploads\/2025\/06\/rn3002-rotonivo-rotary-paddle-switch-for-point-level-limit-measurement-rope-extension.jpg","contentUrl":"https:\/\/invertas.lt\/wp-content\/uploads\/2025\/06\/rn3002-rotonivo-rotary-paddle-switch-for-point-level-limit-measurement-rope-extension.jpg","width":800,"height":1200},{"@type":"BreadcrumbList","@id":"https:\/\/invertas.lt\/produktai\/lygio-matuokliai\/rotacinis-mentes-lygio-jutiklis-rotonivo-rn-3002-su-virve\/#breadcrumb","itemListElement":[{"@type":"ListItem","position":1,"name":"Prad\u017eia","item":"https:\/\/invertas.lt\/"},{"@type":"ListItem","position":2,"name":"Products","item":"https:\/\/invertas.lt\/shop\/"},{"@type":"ListItem","position":3,"name":"Lygio matuokliai","item":"https:\/\/invertas.lt\/.\/lygio-matuokliai\/"},{"@type":"ListItem","position":4,"name":"UWT rotacinis ment\u0117s lygio jutiklis Rotonivo\u00ae \u2013 RN 3002 \u2013 su lynu"}]},{"@type":"WebSite","@id":"https:\/\/invertas.lt\/#website","url":"https:\/\/invertas.lt\/","name":"Invert","description":"","publisher":{"@id":"https:\/\/invertas.lt\/#organization"},"potentialAction":[{"@type":"SearchAction","target":{"@type":"EntryPoint","urlTemplate":"https:\/\/invertas.lt\/?s={search_term_string}"},"query-input":{"@type":"PropertyValueSpecification","valueRequired":true,"valueName":"search_term_string"}}],"inLanguage":"en-GB"},{"@type":"Organization","@id":"https:\/\/invertas.lt\/#organization","name":"Invert","url":"https:\/\/invertas.lt\/","logo":{"@type":"ImageObject","inLanguage":"en-GB","@id":"https:\/\/invertas.lt\/#\/schema\/logo\/image\/","url":"https:\/\/invertas.lt\/wp-content\/uploads\/2025\/03\/New-Text-Document-2.svg","contentUrl":"https:\/\/invertas.lt\/wp-content\/uploads\/2025\/03\/New-Text-Document-2.svg","width":140,"height":39,"caption":"Invertas"},"image":{"@id":"https:\/\/invertas.lt\/#\/schema\/logo\/image\/"}}]}},"_links":{"self":[{"href":"https:\/\/invertas.lt\/en\/wp-json\/wp\/v2\/product\/6772","targetHints":{"allow":["GET"]}}],"collection":[{"href":"https:\/\/invertas.lt\/en\/wp-json\/wp\/v2\/product"}],"about":[{"href":"https:\/\/invertas.lt\/en\/wp-json\/wp\/v2\/types\/product"}],"replies":[{"embeddable":true,"href":"https:\/\/invertas.lt\/en\/wp-json\/wp\/v2\/comments?post=6772"}],"wp:featuredmedia":[{"embeddable":true,"href":"https:\/\/invertas.lt\/en\/wp-json\/wp\/v2\/media\/6977"}],"wp:attachment":[{"href":"https:\/\/invertas.lt\/en\/wp-json\/wp\/v2\/media?parent=6772"}],"wp:term":[{"taxonomy":"product_brand","embeddable":true,"href":"https:\/\/invertas.lt\/en\/wp-json\/wp\/v2\/product_brand?post=6772"},{"taxonomy":"product_cat","embeddable":true,"href":"https:\/\/invertas.lt\/en\/wp-json\/wp\/v2\/product_cat?post=6772"},{"taxonomy":"product_tag","embeddable":true,"href":"https:\/\/invertas.lt\/en\/wp-json\/wp\/v2\/product_tag?post=6772"}],"curies":[{"name":"wp","href":"https:\/\/api.w.org\/{rel}","templated":true}]}}