{"id":6650,"date":"2025-06-05T16:12:53","date_gmt":"2025-06-05T16:12:53","guid":{"rendered":"https:\/\/aurimasb15.sg-host.com\/?post_type=product&#038;p=6650"},"modified":"2025-08-07T09:59:34","modified_gmt":"2025-08-07T09:59:34","slug":"mikroventuri-srauto-matuoklis-zmv-srauto-matavimas-naudojant-pirminius-elementus","status":"publish","type":"product","link":"https:\/\/invertas.lt\/en\/produktai\/srauto-matuokliai\/mikroventuri-srauto-matuoklis-zmv-srauto-matavimas-naudojant-pirminius-elementus\/","title":{"rendered":"Fuji Electric microventuri flow meter - ZMV"},"content":{"rendered":"<h3 data-start=\"0\" data-end=\"14\">Fields of application<\/h3>\n<p data-start=\"19\" data-end=\"161\">Environmental control: combustion plants, incineration, district heating and continuous measurement of atmospheric emissions.<\/p>\n<h3 data-start=\"16\" data-end=\"183\">Features<\/h3>\n<article class=\"text-token-text-primary w-full\" dir=\"auto\" data-testid=\"conversation-turn-2\" data-scroll-anchor=\"true\">\n<div class=\"text-base my-auto mx-auto py-5 [--thread-content-margin:--spacing(4)] @[37rem]:[--thread-content-margin:--spacing(6)] @[72rem]:[--thread-content-margin:--spacing(16)] px-(--thread-content-margin)\">\n<div class=\"[--thread-content-max-width:32rem] @[34rem]:[--thread-content-max-width:40rem] @[64rem]:[--thread-content-max-width:48rem] mx-auto flex max-w-(--thread-content-max-width) flex-1 text-base gap-4 md:gap-5 lg:gap-6 group\/turn-messages focus-visible:outline-hidden\" tabindex=\"-1\">\n<div class=\"group\/conversation-turn relative flex w-full min-w-0 flex-col agent-turn\">\n<div class=\"relative flex-col gap-1 md:gap-3\">\n<div class=\"flex max-w-full flex-col grow\">\n<div class=\"min-h-8 text-message relative flex w-full flex-col items-end gap-2 text-start break-words whitespace-normal [.text-message+&amp;]:mt-5\" dir=\"auto\" data-message-author-role=\"assistant\" data-message-id=\"908f64d4-ce02-4f44-9342-3fabc8568371\" data-message-model-slug=\"gpt-4o\">\n<div class=\"flex w-full flex-col gap-1 empty:hidden first:pt-[3px]\">\n<div class=\"markdown prose dark:prose-invert w-full break-words dark\">\n<ul>\n<li>Mounting on small or large-diameter chimneys<\/li>\n<li data-start=\"163\" data-end=\"448\">Single flange for single-sided pipe mounting<\/li>\n<li data-start=\"163\" data-end=\"448\">Ideal for very dusty environments: no clogging possible, biomass, coal or oil boilers<\/li>\n<li data-start=\"163\" data-end=\"448\">Turnkey system: one pipe flange, three signals<\/li>\n<\/ul>\n<\/div>\n<\/div>\n<\/div>\n<\/div>\n<\/div>\n<\/div>\n<\/div>\n<\/div>\n<\/article>","protected":false},"excerpt":{"rendered":"<p>Taikymo sritys Aplinkos kontrol\u0117: deginimo \u012frenginiai, atliek\u0173 deginimas, centralizuotas \u0161ildymas ir nuolatinis atmosferos tar\u0161os matavimas. Savyb\u0117s Montavimas ant ma\u017eo arba didelio skersmens kamin\u0173 Vienguba flan\u0161o jungtis montavimui i\u0161 vienos vamzd\u017eio pus\u0117s Idealiai tinka labai dulk\u0117tai aplinkai: nesikem\u0161a, tinka biomas\u0117s, anglies ar naftos katilams Pilnai paruo\u0161ta sistema: viena vamzd\u017eio flan\u0161o jungtis, trys signalai<\/p>","protected":false},"featured_media":6651,"comment_status":"open","ping_status":"closed","template":"","meta":{"_acf_changed":false,"inline_featured_image":false},"product_brand":[],"product_cat":[279],"product_tag":[],"class_list":{"0":"post-6650","1":"product","2":"type-product","3":"status-publish","4":"has-post-thumbnail","6":"product_cat-srauto-matuokliai","8":"first","9":"instock","10":"shipping-taxable","11":"purchasable","12":"product-type-simple"},"acf":[],"yoast_head":"<!-- This site is optimized with the Yoast SEO plugin v25.5 - https:\/\/yoast.com\/wordpress\/plugins\/seo\/ -->\n<title>Fuji Electric mikroventuri debitomatis \u2013 ZMV - Invertas<\/title>\n<meta name=\"description\" content=\"Aplinkos kontrol\u0117: deginimo \u012frenginiai, atliek\u0173 deginimas, centralizuotas \u0161ildymas ir nuolatinis atmosferos tar\u0161os matavimas.\" \/>\n<meta name=\"robots\" content=\"index, follow, max-snippet:-1, max-image-preview:large, max-video-preview:-1\" \/>\n<link rel=\"canonical\" href=\"https:\/\/invertas.lt\/en\/produktai\/srauto-matuokliai\/mikroventuri-srauto-matuoklis-zmv-srauto-matavimas-naudojant-pirminius-elementus\/\" \/>\n<meta property=\"og:locale\" content=\"en_GB\" \/>\n<meta property=\"og:type\" content=\"article\" \/>\n<meta property=\"og:title\" content=\"Fuji Electric mikroventuri debitomatis \u2013 ZMV - Invertas\" \/>\n<meta property=\"og:description\" content=\"Aplinkos kontrol\u0117: deginimo \u012frenginiai, atliek\u0173 deginimas, centralizuotas \u0161ildymas ir nuolatinis atmosferos tar\u0161os matavimas.\" \/>\n<meta property=\"og:url\" content=\"https:\/\/invertas.lt\/en\/produktai\/srauto-matuokliai\/mikroventuri-srauto-matuoklis-zmv-srauto-matavimas-naudojant-pirminius-elementus\/\" \/>\n<meta property=\"og:site_name\" content=\"Invertas\" \/>\n<meta property=\"article:modified_time\" content=\"2025-08-07T09:59:34+00:00\" \/>\n<meta property=\"og:image\" content=\"https:\/\/invertas.lt\/wp-content\/uploads\/2025\/06\/zmv-vue-generale-header-fr-en.webp\" \/>\n\t<meta property=\"og:image:width\" content=\"682\" \/>\n\t<meta property=\"og:image:height\" content=\"682\" \/>\n\t<meta property=\"og:image:type\" content=\"image\/webp\" \/>\n<meta name=\"twitter:card\" content=\"summary_large_image\" \/>\n<meta name=\"twitter:label1\" content=\"Estimated reading time\" \/>\n\t<meta name=\"twitter:data1\" content=\"1 minute\" \/>\n<script type=\"application\/ld+json\" class=\"yoast-schema-graph\">{\"@context\":\"https:\/\/schema.org\",\"@graph\":[{\"@type\":\"WebPage\",\"@id\":\"https:\/\/invertas.lt\/produktai\/srauto-matuokliai\/mikroventuri-srauto-matuoklis-zmv-srauto-matavimas-naudojant-pirminius-elementus\/\",\"url\":\"https:\/\/invertas.lt\/produktai\/srauto-matuokliai\/mikroventuri-srauto-matuoklis-zmv-srauto-matavimas-naudojant-pirminius-elementus\/\",\"name\":\"Fuji Electric mikroventuri debitomatis \u2013 ZMV - Invertas\",\"isPartOf\":{\"@id\":\"https:\/\/invertas.lt\/#website\"},\"primaryImageOfPage\":{\"@id\":\"https:\/\/invertas.lt\/produktai\/srauto-matuokliai\/mikroventuri-srauto-matuoklis-zmv-srauto-matavimas-naudojant-pirminius-elementus\/#primaryimage\"},\"image\":{\"@id\":\"https:\/\/invertas.lt\/produktai\/srauto-matuokliai\/mikroventuri-srauto-matuoklis-zmv-srauto-matavimas-naudojant-pirminius-elementus\/#primaryimage\"},\"thumbnailUrl\":\"https:\/\/invertas.lt\/wp-content\/uploads\/2025\/06\/zmv-vue-generale-header-fr-en.webp\",\"datePublished\":\"2025-06-05T16:12:53+00:00\",\"dateModified\":\"2025-08-07T09:59:34+00:00\",\"description\":\"Aplinkos kontrol\u0117: deginimo \u012frenginiai, atliek\u0173 deginimas, centralizuotas \u0161ildymas ir nuolatinis atmosferos tar\u0161os matavimas.\",\"breadcrumb\":{\"@id\":\"https:\/\/invertas.lt\/produktai\/srauto-matuokliai\/mikroventuri-srauto-matuoklis-zmv-srauto-matavimas-naudojant-pirminius-elementus\/#breadcrumb\"},\"inLanguage\":\"en-GB\",\"potentialAction\":[{\"@type\":\"ReadAction\",\"target\":[\"https:\/\/invertas.lt\/produktai\/srauto-matuokliai\/mikroventuri-srauto-matuoklis-zmv-srauto-matavimas-naudojant-pirminius-elementus\/\"]}]},{\"@type\":\"ImageObject\",\"inLanguage\":\"en-GB\",\"@id\":\"https:\/\/invertas.lt\/produktai\/srauto-matuokliai\/mikroventuri-srauto-matuoklis-zmv-srauto-matavimas-naudojant-pirminius-elementus\/#primaryimage\",\"url\":\"https:\/\/invertas.lt\/wp-content\/uploads\/2025\/06\/zmv-vue-generale-header-fr-en.webp\",\"contentUrl\":\"https:\/\/invertas.lt\/wp-content\/uploads\/2025\/06\/zmv-vue-generale-header-fr-en.webp\",\"width\":682,\"height\":682},{\"@type\":\"BreadcrumbList\",\"@id\":\"https:\/\/invertas.lt\/produktai\/srauto-matuokliai\/mikroventuri-srauto-matuoklis-zmv-srauto-matavimas-naudojant-pirminius-elementus\/#breadcrumb\",\"itemListElement\":[{\"@type\":\"ListItem\",\"position\":1,\"name\":\"Prad\u017eia\",\"item\":\"https:\/\/invertas.lt\/\"},{\"@type\":\"ListItem\",\"position\":2,\"name\":\"Products\",\"item\":\"https:\/\/invertas.lt\/shop\/\"},{\"@type\":\"ListItem\",\"position\":3,\"name\":\"Srauto matuokliai\",\"item\":\"https:\/\/invertas.lt\/.\/srauto-matuokliai\/\"},{\"@type\":\"ListItem\",\"position\":4,\"name\":\"Fuji Electric mikroventuri debitomatis \u2013 ZMV\"}]},{\"@type\":\"WebSite\",\"@id\":\"https:\/\/invertas.lt\/#website\",\"url\":\"https:\/\/invertas.lt\/\",\"name\":\"Invertas\",\"description\":\"\",\"publisher\":{\"@id\":\"https:\/\/invertas.lt\/#organization\"},\"potentialAction\":[{\"@type\":\"SearchAction\",\"target\":{\"@type\":\"EntryPoint\",\"urlTemplate\":\"https:\/\/invertas.lt\/?s={search_term_string}\"},\"query-input\":{\"@type\":\"PropertyValueSpecification\",\"valueRequired\":true,\"valueName\":\"search_term_string\"}}],\"inLanguage\":\"en-GB\"},{\"@type\":\"Organization\",\"@id\":\"https:\/\/invertas.lt\/#organization\",\"name\":\"Invertas\",\"url\":\"https:\/\/invertas.lt\/\",\"logo\":{\"@type\":\"ImageObject\",\"inLanguage\":\"en-GB\",\"@id\":\"https:\/\/invertas.lt\/#\/schema\/logo\/image\/\",\"url\":\"https:\/\/invertas.lt\/wp-content\/uploads\/2025\/03\/New-Text-Document-2.svg\",\"contentUrl\":\"https:\/\/invertas.lt\/wp-content\/uploads\/2025\/03\/New-Text-Document-2.svg\",\"width\":140,\"height\":39,\"caption\":\"Invertas\"},\"image\":{\"@id\":\"https:\/\/invertas.lt\/#\/schema\/logo\/image\/\"}}]}<\/script>\n<!-- \/ Yoast SEO plugin. -->","yoast_head_json":{"title":"Fuji Electric mikroventuri debitomatis \u2013 ZMV - Invertas","description":"Environmental control: combustion plants, incineration, district heating and continuous measurement of atmospheric emissions.","robots":{"index":"index","follow":"follow","max-snippet":"max-snippet:-1","max-image-preview":"max-image-preview:large","max-video-preview":"max-video-preview:-1"},"canonical":"https:\/\/invertas.lt\/en\/produktai\/srauto-matuokliai\/mikroventuri-srauto-matuoklis-zmv-srauto-matavimas-naudojant-pirminius-elementus\/","og_locale":"en_GB","og_type":"article","og_title":"Fuji Electric mikroventuri debitomatis \u2013 ZMV - Invertas","og_description":"Aplinkos kontrol\u0117: deginimo \u012frenginiai, atliek\u0173 deginimas, centralizuotas \u0161ildymas ir nuolatinis atmosferos tar\u0161os matavimas.","og_url":"https:\/\/invertas.lt\/en\/produktai\/srauto-matuokliai\/mikroventuri-srauto-matuoklis-zmv-srauto-matavimas-naudojant-pirminius-elementus\/","og_site_name":"Invertas","article_modified_time":"2025-08-07T09:59:34+00:00","og_image":[{"width":682,"height":682,"url":"https:\/\/invertas.lt\/wp-content\/uploads\/2025\/06\/zmv-vue-generale-header-fr-en.webp","type":"image\/webp"}],"twitter_card":"summary_large_image","twitter_misc":{"Estimated reading time":"1 minute"},"schema":{"@context":"https:\/\/schema.org","@graph":[{"@type":"WebPage","@id":"https:\/\/invertas.lt\/produktai\/srauto-matuokliai\/mikroventuri-srauto-matuoklis-zmv-srauto-matavimas-naudojant-pirminius-elementus\/","url":"https:\/\/invertas.lt\/produktai\/srauto-matuokliai\/mikroventuri-srauto-matuoklis-zmv-srauto-matavimas-naudojant-pirminius-elementus\/","name":"Fuji Electric mikroventuri debitomatis \u2013 ZMV - Invertas","isPartOf":{"@id":"https:\/\/invertas.lt\/#website"},"primaryImageOfPage":{"@id":"https:\/\/invertas.lt\/produktai\/srauto-matuokliai\/mikroventuri-srauto-matuoklis-zmv-srauto-matavimas-naudojant-pirminius-elementus\/#primaryimage"},"image":{"@id":"https:\/\/invertas.lt\/produktai\/srauto-matuokliai\/mikroventuri-srauto-matuoklis-zmv-srauto-matavimas-naudojant-pirminius-elementus\/#primaryimage"},"thumbnailUrl":"https:\/\/invertas.lt\/wp-content\/uploads\/2025\/06\/zmv-vue-generale-header-fr-en.webp","datePublished":"2025-06-05T16:12:53+00:00","dateModified":"2025-08-07T09:59:34+00:00","description":"Environmental control: combustion plants, incineration, district heating and continuous measurement of atmospheric emissions.","breadcrumb":{"@id":"https:\/\/invertas.lt\/produktai\/srauto-matuokliai\/mikroventuri-srauto-matuoklis-zmv-srauto-matavimas-naudojant-pirminius-elementus\/#breadcrumb"},"inLanguage":"en-GB","potentialAction":[{"@type":"ReadAction","target":["https:\/\/invertas.lt\/produktai\/srauto-matuokliai\/mikroventuri-srauto-matuoklis-zmv-srauto-matavimas-naudojant-pirminius-elementus\/"]}]},{"@type":"ImageObject","inLanguage":"en-GB","@id":"https:\/\/invertas.lt\/produktai\/srauto-matuokliai\/mikroventuri-srauto-matuoklis-zmv-srauto-matavimas-naudojant-pirminius-elementus\/#primaryimage","url":"https:\/\/invertas.lt\/wp-content\/uploads\/2025\/06\/zmv-vue-generale-header-fr-en.webp","contentUrl":"https:\/\/invertas.lt\/wp-content\/uploads\/2025\/06\/zmv-vue-generale-header-fr-en.webp","width":682,"height":682},{"@type":"BreadcrumbList","@id":"https:\/\/invertas.lt\/produktai\/srauto-matuokliai\/mikroventuri-srauto-matuoklis-zmv-srauto-matavimas-naudojant-pirminius-elementus\/#breadcrumb","itemListElement":[{"@type":"ListItem","position":1,"name":"Prad\u017eia","item":"https:\/\/invertas.lt\/"},{"@type":"ListItem","position":2,"name":"Products","item":"https:\/\/invertas.lt\/shop\/"},{"@type":"ListItem","position":3,"name":"Srauto matuokliai","item":"https:\/\/invertas.lt\/.\/srauto-matuokliai\/"},{"@type":"ListItem","position":4,"name":"Fuji Electric mikroventuri debitomatis \u2013 ZMV"}]},{"@type":"WebSite","@id":"https:\/\/invertas.lt\/#website","url":"https:\/\/invertas.lt\/","name":"Invert","description":"","publisher":{"@id":"https:\/\/invertas.lt\/#organization"},"potentialAction":[{"@type":"SearchAction","target":{"@type":"EntryPoint","urlTemplate":"https:\/\/invertas.lt\/?s={search_term_string}"},"query-input":{"@type":"PropertyValueSpecification","valueRequired":true,"valueName":"search_term_string"}}],"inLanguage":"en-GB"},{"@type":"Organization","@id":"https:\/\/invertas.lt\/#organization","name":"Invert","url":"https:\/\/invertas.lt\/","logo":{"@type":"ImageObject","inLanguage":"en-GB","@id":"https:\/\/invertas.lt\/#\/schema\/logo\/image\/","url":"https:\/\/invertas.lt\/wp-content\/uploads\/2025\/03\/New-Text-Document-2.svg","contentUrl":"https:\/\/invertas.lt\/wp-content\/uploads\/2025\/03\/New-Text-Document-2.svg","width":140,"height":39,"caption":"Invertas"},"image":{"@id":"https:\/\/invertas.lt\/#\/schema\/logo\/image\/"}}]}},"_links":{"self":[{"href":"https:\/\/invertas.lt\/en\/wp-json\/wp\/v2\/product\/6650","targetHints":{"allow":["GET"]}}],"collection":[{"href":"https:\/\/invertas.lt\/en\/wp-json\/wp\/v2\/product"}],"about":[{"href":"https:\/\/invertas.lt\/en\/wp-json\/wp\/v2\/types\/product"}],"replies":[{"embeddable":true,"href":"https:\/\/invertas.lt\/en\/wp-json\/wp\/v2\/comments?post=6650"}],"wp:featuredmedia":[{"embeddable":true,"href":"https:\/\/invertas.lt\/en\/wp-json\/wp\/v2\/media\/6651"}],"wp:attachment":[{"href":"https:\/\/invertas.lt\/en\/wp-json\/wp\/v2\/media?parent=6650"}],"wp:term":[{"taxonomy":"product_brand","embeddable":true,"href":"https:\/\/invertas.lt\/en\/wp-json\/wp\/v2\/product_brand?post=6650"},{"taxonomy":"product_cat","embeddable":true,"href":"https:\/\/invertas.lt\/en\/wp-json\/wp\/v2\/product_cat?post=6650"},{"taxonomy":"product_tag","embeddable":true,"href":"https:\/\/invertas.lt\/en\/wp-json\/wp\/v2\/product_tag?post=6650"}],"curies":[{"name":"wp","href":"https:\/\/api.w.org\/{rel}","templated":true}]}}