{"id":6639,"date":"2025-06-05T14:15:03","date_gmt":"2025-06-05T14:15:03","guid":{"rendered":"https:\/\/aurimasb15.sg-host.com\/?post_type=product&#038;p=6639"},"modified":"2025-08-07T09:53:29","modified_gmt":"2025-08-07T09:53:29","slug":"venturi-vamzdzio-srauto-matuoklis-srauto-matavimas-naudojant-pirminius-elementus","status":"publish","type":"product","link":"https:\/\/invertas.lt\/en\/produktai\/srauto-matuokliai\/venturi-vamzdzio-srauto-matuoklis-srauto-matavimas-naudojant-pirminius-elementus\/","title":{"rendered":"Fuji Electric Venturi tube flowmeter"},"content":{"rendered":"<h3 data-start=\"0\" data-end=\"14\">Fields of application<\/h3>\n<p data-start=\"19\" data-end=\"161\" class=\"translation-block\">This method is widely used in hydraulic processes and aerodynamics to measure fluid velocity in piping.\nIndustrial sectors that use venturi tube flow measurement are the metallurgy, chemical and oil industries. These sectors need to measure and control the flow of liquids and gases (air, nitrogen, etc.).<\/p>\n<h3 data-start=\"16\" data-end=\"183\">Features<\/h3>\n<ul>\n<li>Conforms to ISO 5167-4 specifications<\/li>\n<li>Accurate differential pressure flow measurement<\/li>\n<li>Economical<\/li>\n<li>No measuring tube wear<\/li>\n<li>High repeatability and reliability<\/li>\n<li>Low pressure drop<\/li>\n<\/ul>","protected":false},"excerpt":{"rendered":"<p>Taikymo sritys \u0160is metodas pla\u010diai naudojamas hidrauliniuose procesuose ir aerodinamikoje skys\u010di\u0173 grei\u010diui vamzdynuose matuoti.Venturi vamzd\u017eio srauto matavim\u0105 naudoja tokios pramon\u0117s \u0161akos kaip metalurgija, chemijos ir naftos pramon\u0117. \u0160ios sritys reikalauja tiksliai matuoti ir kontroliuoti skys\u010di\u0173 bei duj\u0173 (oro, azoto ir kt.) sraut\u0105. Savyb\u0117s Atitinka ISO 5167-4 specifikacijas Tikslus srauto matavimas pagal sl\u0117gio skirtum\u0105 Ekonomi\u0161kas N\u0117ra [&hellip;]<\/p>","protected":false},"featured_media":6640,"comment_status":"open","ping_status":"closed","template":"","meta":{"_acf_changed":false,"inline_featured_image":false},"product_brand":[],"product_cat":[279],"product_tag":[],"class_list":{"0":"post-6639","1":"product","2":"type-product","3":"status-publish","4":"has-post-thumbnail","6":"product_cat-srauto-matuokliai","8":"first","9":"instock","10":"shipping-taxable","11":"purchasable","12":"product-type-simple"},"acf":[],"yoast_head":"<!-- This site is optimized with the Yoast SEO plugin v25.5 - https:\/\/yoast.com\/wordpress\/plugins\/seo\/ -->\n<title>Fuji Electric Venturi vamzd\u017eio debitomatis - Invertas<\/title>\n<meta name=\"description\" content=\"Venturi vamzd\u017eio srauto matavim\u0105 naudoja tokios pramon\u0117s \u0161akos kaip metalurgija, chemijos ir naftos pramon\u0117 pasitalkus pirminius elementus.\" \/>\n<meta name=\"robots\" content=\"index, follow, max-snippet:-1, max-image-preview:large, max-video-preview:-1\" \/>\n<link rel=\"canonical\" href=\"https:\/\/invertas.lt\/en\/produktai\/srauto-matuokliai\/venturi-vamzdzio-srauto-matuoklis-srauto-matavimas-naudojant-pirminius-elementus\/\" \/>\n<meta property=\"og:locale\" content=\"en_GB\" \/>\n<meta property=\"og:type\" content=\"article\" \/>\n<meta property=\"og:title\" content=\"Fuji Electric Venturi vamzd\u017eio debitomatis - Invertas\" \/>\n<meta property=\"og:description\" content=\"Venturi vamzd\u017eio srauto matavim\u0105 naudoja tokios pramon\u0117s \u0161akos kaip metalurgija, chemijos ir naftos pramon\u0117 pasitalkus pirminius elementus.\" \/>\n<meta property=\"og:url\" content=\"https:\/\/invertas.lt\/en\/produktai\/srauto-matuokliai\/venturi-vamzdzio-srauto-matuoklis-srauto-matavimas-naudojant-pirminius-elementus\/\" \/>\n<meta property=\"og:site_name\" content=\"Invertas\" \/>\n<meta property=\"article:modified_time\" content=\"2025-08-07T09:53:29+00:00\" \/>\n<meta property=\"og:image\" content=\"https:\/\/invertas.lt\/wp-content\/uploads\/2025\/06\/debitmetre-tube-venturi-vue-generale-header-fr-en.webp\" \/>\n\t<meta property=\"og:image:width\" content=\"682\" \/>\n\t<meta property=\"og:image:height\" content=\"682\" \/>\n\t<meta property=\"og:image:type\" content=\"image\/webp\" \/>\n<meta name=\"twitter:card\" content=\"summary_large_image\" \/>\n<meta name=\"twitter:label1\" content=\"Estimated reading time\" \/>\n\t<meta name=\"twitter:data1\" content=\"1 minute\" \/>\n<script type=\"application\/ld+json\" class=\"yoast-schema-graph\">{\"@context\":\"https:\/\/schema.org\",\"@graph\":[{\"@type\":\"WebPage\",\"@id\":\"https:\/\/invertas.lt\/produktai\/srauto-matuokliai\/venturi-vamzdzio-srauto-matuoklis-srauto-matavimas-naudojant-pirminius-elementus\/\",\"url\":\"https:\/\/invertas.lt\/produktai\/srauto-matuokliai\/venturi-vamzdzio-srauto-matuoklis-srauto-matavimas-naudojant-pirminius-elementus\/\",\"name\":\"Fuji Electric Venturi vamzd\u017eio debitomatis - Invertas\",\"isPartOf\":{\"@id\":\"https:\/\/invertas.lt\/#website\"},\"primaryImageOfPage\":{\"@id\":\"https:\/\/invertas.lt\/produktai\/srauto-matuokliai\/venturi-vamzdzio-srauto-matuoklis-srauto-matavimas-naudojant-pirminius-elementus\/#primaryimage\"},\"image\":{\"@id\":\"https:\/\/invertas.lt\/produktai\/srauto-matuokliai\/venturi-vamzdzio-srauto-matuoklis-srauto-matavimas-naudojant-pirminius-elementus\/#primaryimage\"},\"thumbnailUrl\":\"https:\/\/invertas.lt\/wp-content\/uploads\/2025\/06\/debitmetre-tube-venturi-vue-generale-header-fr-en.webp\",\"datePublished\":\"2025-06-05T14:15:03+00:00\",\"dateModified\":\"2025-08-07T09:53:29+00:00\",\"description\":\"Venturi vamzd\u017eio srauto matavim\u0105 naudoja tokios pramon\u0117s \u0161akos kaip metalurgija, chemijos ir naftos pramon\u0117 pasitalkus pirminius elementus.\",\"breadcrumb\":{\"@id\":\"https:\/\/invertas.lt\/produktai\/srauto-matuokliai\/venturi-vamzdzio-srauto-matuoklis-srauto-matavimas-naudojant-pirminius-elementus\/#breadcrumb\"},\"inLanguage\":\"en-GB\",\"potentialAction\":[{\"@type\":\"ReadAction\",\"target\":[\"https:\/\/invertas.lt\/produktai\/srauto-matuokliai\/venturi-vamzdzio-srauto-matuoklis-srauto-matavimas-naudojant-pirminius-elementus\/\"]}]},{\"@type\":\"ImageObject\",\"inLanguage\":\"en-GB\",\"@id\":\"https:\/\/invertas.lt\/produktai\/srauto-matuokliai\/venturi-vamzdzio-srauto-matuoklis-srauto-matavimas-naudojant-pirminius-elementus\/#primaryimage\",\"url\":\"https:\/\/invertas.lt\/wp-content\/uploads\/2025\/06\/debitmetre-tube-venturi-vue-generale-header-fr-en.webp\",\"contentUrl\":\"https:\/\/invertas.lt\/wp-content\/uploads\/2025\/06\/debitmetre-tube-venturi-vue-generale-header-fr-en.webp\",\"width\":682,\"height\":682},{\"@type\":\"BreadcrumbList\",\"@id\":\"https:\/\/invertas.lt\/produktai\/srauto-matuokliai\/venturi-vamzdzio-srauto-matuoklis-srauto-matavimas-naudojant-pirminius-elementus\/#breadcrumb\",\"itemListElement\":[{\"@type\":\"ListItem\",\"position\":1,\"name\":\"Prad\u017eia\",\"item\":\"https:\/\/invertas.lt\/\"},{\"@type\":\"ListItem\",\"position\":2,\"name\":\"Products\",\"item\":\"https:\/\/invertas.lt\/shop\/\"},{\"@type\":\"ListItem\",\"position\":3,\"name\":\"Srauto matuokliai\",\"item\":\"https:\/\/invertas.lt\/.\/srauto-matuokliai\/\"},{\"@type\":\"ListItem\",\"position\":4,\"name\":\"Fuji Electric Venturi vamzd\u017eio debitomatis\"}]},{\"@type\":\"WebSite\",\"@id\":\"https:\/\/invertas.lt\/#website\",\"url\":\"https:\/\/invertas.lt\/\",\"name\":\"Invertas\",\"description\":\"\",\"publisher\":{\"@id\":\"https:\/\/invertas.lt\/#organization\"},\"potentialAction\":[{\"@type\":\"SearchAction\",\"target\":{\"@type\":\"EntryPoint\",\"urlTemplate\":\"https:\/\/invertas.lt\/?s={search_term_string}\"},\"query-input\":{\"@type\":\"PropertyValueSpecification\",\"valueRequired\":true,\"valueName\":\"search_term_string\"}}],\"inLanguage\":\"en-GB\"},{\"@type\":\"Organization\",\"@id\":\"https:\/\/invertas.lt\/#organization\",\"name\":\"Invertas\",\"url\":\"https:\/\/invertas.lt\/\",\"logo\":{\"@type\":\"ImageObject\",\"inLanguage\":\"en-GB\",\"@id\":\"https:\/\/invertas.lt\/#\/schema\/logo\/image\/\",\"url\":\"https:\/\/invertas.lt\/wp-content\/uploads\/2025\/03\/New-Text-Document-2.svg\",\"contentUrl\":\"https:\/\/invertas.lt\/wp-content\/uploads\/2025\/03\/New-Text-Document-2.svg\",\"width\":140,\"height\":39,\"caption\":\"Invertas\"},\"image\":{\"@id\":\"https:\/\/invertas.lt\/#\/schema\/logo\/image\/\"}}]}<\/script>\n<!-- \/ Yoast SEO plugin. -->","yoast_head_json":{"title":"Fuji Electric Venturi vamzd\u017eio debitomatis - Invertas","description":"Venturi vamzd\u017eio srauto matavim\u0105 naudoja tokios pramon\u0117s \u0161akos kaip metalurgija, chemijos ir naftos pramon\u0117 pasitalkus pirminius elementus.","robots":{"index":"index","follow":"follow","max-snippet":"max-snippet:-1","max-image-preview":"max-image-preview:large","max-video-preview":"max-video-preview:-1"},"canonical":"https:\/\/invertas.lt\/en\/produktai\/srauto-matuokliai\/venturi-vamzdzio-srauto-matuoklis-srauto-matavimas-naudojant-pirminius-elementus\/","og_locale":"en_GB","og_type":"article","og_title":"Fuji Electric Venturi vamzd\u017eio debitomatis - Invertas","og_description":"Venturi vamzd\u017eio srauto matavim\u0105 naudoja tokios pramon\u0117s \u0161akos kaip metalurgija, chemijos ir naftos pramon\u0117 pasitalkus pirminius elementus.","og_url":"https:\/\/invertas.lt\/en\/produktai\/srauto-matuokliai\/venturi-vamzdzio-srauto-matuoklis-srauto-matavimas-naudojant-pirminius-elementus\/","og_site_name":"Invertas","article_modified_time":"2025-08-07T09:53:29+00:00","og_image":[{"width":682,"height":682,"url":"https:\/\/invertas.lt\/wp-content\/uploads\/2025\/06\/debitmetre-tube-venturi-vue-generale-header-fr-en.webp","type":"image\/webp"}],"twitter_card":"summary_large_image","twitter_misc":{"Estimated reading time":"1 minute"},"schema":{"@context":"https:\/\/schema.org","@graph":[{"@type":"WebPage","@id":"https:\/\/invertas.lt\/produktai\/srauto-matuokliai\/venturi-vamzdzio-srauto-matuoklis-srauto-matavimas-naudojant-pirminius-elementus\/","url":"https:\/\/invertas.lt\/produktai\/srauto-matuokliai\/venturi-vamzdzio-srauto-matuoklis-srauto-matavimas-naudojant-pirminius-elementus\/","name":"Fuji Electric Venturi vamzd\u017eio debitomatis - Invertas","isPartOf":{"@id":"https:\/\/invertas.lt\/#website"},"primaryImageOfPage":{"@id":"https:\/\/invertas.lt\/produktai\/srauto-matuokliai\/venturi-vamzdzio-srauto-matuoklis-srauto-matavimas-naudojant-pirminius-elementus\/#primaryimage"},"image":{"@id":"https:\/\/invertas.lt\/produktai\/srauto-matuokliai\/venturi-vamzdzio-srauto-matuoklis-srauto-matavimas-naudojant-pirminius-elementus\/#primaryimage"},"thumbnailUrl":"https:\/\/invertas.lt\/wp-content\/uploads\/2025\/06\/debitmetre-tube-venturi-vue-generale-header-fr-en.webp","datePublished":"2025-06-05T14:15:03+00:00","dateModified":"2025-08-07T09:53:29+00:00","description":"Venturi vamzd\u017eio srauto matavim\u0105 naudoja tokios pramon\u0117s \u0161akos kaip metalurgija, chemijos ir naftos pramon\u0117 pasitalkus pirminius elementus.","breadcrumb":{"@id":"https:\/\/invertas.lt\/produktai\/srauto-matuokliai\/venturi-vamzdzio-srauto-matuoklis-srauto-matavimas-naudojant-pirminius-elementus\/#breadcrumb"},"inLanguage":"en-GB","potentialAction":[{"@type":"ReadAction","target":["https:\/\/invertas.lt\/produktai\/srauto-matuokliai\/venturi-vamzdzio-srauto-matuoklis-srauto-matavimas-naudojant-pirminius-elementus\/"]}]},{"@type":"ImageObject","inLanguage":"en-GB","@id":"https:\/\/invertas.lt\/produktai\/srauto-matuokliai\/venturi-vamzdzio-srauto-matuoklis-srauto-matavimas-naudojant-pirminius-elementus\/#primaryimage","url":"https:\/\/invertas.lt\/wp-content\/uploads\/2025\/06\/debitmetre-tube-venturi-vue-generale-header-fr-en.webp","contentUrl":"https:\/\/invertas.lt\/wp-content\/uploads\/2025\/06\/debitmetre-tube-venturi-vue-generale-header-fr-en.webp","width":682,"height":682},{"@type":"BreadcrumbList","@id":"https:\/\/invertas.lt\/produktai\/srauto-matuokliai\/venturi-vamzdzio-srauto-matuoklis-srauto-matavimas-naudojant-pirminius-elementus\/#breadcrumb","itemListElement":[{"@type":"ListItem","position":1,"name":"Prad\u017eia","item":"https:\/\/invertas.lt\/"},{"@type":"ListItem","position":2,"name":"Products","item":"https:\/\/invertas.lt\/shop\/"},{"@type":"ListItem","position":3,"name":"Srauto matuokliai","item":"https:\/\/invertas.lt\/.\/srauto-matuokliai\/"},{"@type":"ListItem","position":4,"name":"Fuji Electric Venturi vamzd\u017eio debitomatis"}]},{"@type":"WebSite","@id":"https:\/\/invertas.lt\/#website","url":"https:\/\/invertas.lt\/","name":"Invert","description":"","publisher":{"@id":"https:\/\/invertas.lt\/#organization"},"potentialAction":[{"@type":"SearchAction","target":{"@type":"EntryPoint","urlTemplate":"https:\/\/invertas.lt\/?s={search_term_string}"},"query-input":{"@type":"PropertyValueSpecification","valueRequired":true,"valueName":"search_term_string"}}],"inLanguage":"en-GB"},{"@type":"Organization","@id":"https:\/\/invertas.lt\/#organization","name":"Invert","url":"https:\/\/invertas.lt\/","logo":{"@type":"ImageObject","inLanguage":"en-GB","@id":"https:\/\/invertas.lt\/#\/schema\/logo\/image\/","url":"https:\/\/invertas.lt\/wp-content\/uploads\/2025\/03\/New-Text-Document-2.svg","contentUrl":"https:\/\/invertas.lt\/wp-content\/uploads\/2025\/03\/New-Text-Document-2.svg","width":140,"height":39,"caption":"Invertas"},"image":{"@id":"https:\/\/invertas.lt\/#\/schema\/logo\/image\/"}}]}},"_links":{"self":[{"href":"https:\/\/invertas.lt\/en\/wp-json\/wp\/v2\/product\/6639","targetHints":{"allow":["GET"]}}],"collection":[{"href":"https:\/\/invertas.lt\/en\/wp-json\/wp\/v2\/product"}],"about":[{"href":"https:\/\/invertas.lt\/en\/wp-json\/wp\/v2\/types\/product"}],"replies":[{"embeddable":true,"href":"https:\/\/invertas.lt\/en\/wp-json\/wp\/v2\/comments?post=6639"}],"wp:featuredmedia":[{"embeddable":true,"href":"https:\/\/invertas.lt\/en\/wp-json\/wp\/v2\/media\/6640"}],"wp:attachment":[{"href":"https:\/\/invertas.lt\/en\/wp-json\/wp\/v2\/media?parent=6639"}],"wp:term":[{"taxonomy":"product_brand","embeddable":true,"href":"https:\/\/invertas.lt\/en\/wp-json\/wp\/v2\/product_brand?post=6639"},{"taxonomy":"product_cat","embeddable":true,"href":"https:\/\/invertas.lt\/en\/wp-json\/wp\/v2\/product_cat?post=6639"},{"taxonomy":"product_tag","embeddable":true,"href":"https:\/\/invertas.lt\/en\/wp-json\/wp\/v2\/product_tag?post=6639"}],"curies":[{"name":"wp","href":"https:\/\/api.w.org\/{rel}","templated":true}]}}