{"id":6625,"date":"2025-06-05T13:39:12","date_gmt":"2025-06-05T13:39:12","guid":{"rendered":"https:\/\/aurimasb15.sg-host.com\/?post_type=product&#038;p=6625"},"modified":"2025-08-07T09:54:00","modified_gmt":"2025-08-07T09:54:00","slug":"v-cone-srauto-matuoklis-srauto-matavimas-naudojant-pirminius-elementus","status":"publish","type":"product","link":"https:\/\/invertas.lt\/en\/produktai\/srauto-matuokliai\/v-cone-srauto-matuoklis-srauto-matavimas-naudojant-pirminius-elementus\/","title":{"rendered":"Fuji Electric V-CONE flow meter"},"content":{"rendered":"<h3 data-start=\"0\" data-end=\"14\">Fields of application<\/h3>\n<p data-start=\"19\" data-end=\"161\"><strong data-start=\"0\" data-end=\"28\" data-is-only-node=\"\">V-CONE\u00ae flow meter<\/strong> \u2013 a universal and accurate solution for liquid and gas measurement in various industrial sectors: oil and gas, energy, heating, waste recycling, renewable energy, water supply, chemical and pharmaceutical sectors.<\/p>\n<h3 data-start=\"16\" data-end=\"183\">Features<\/h3>\n<ul>\n<li>Proven performance: today, over 75,000 V-Cone\u00ae flowmeters are installed worldwide<\/li>\n<li>High accuracy<\/li>\n<li>High dynamic range, capable of measuring both low and high flow rates.<\/li>\n<li>High performance in tough applications<\/li>\n<li>Maximum installation flexibility<\/li>\n<li>Low or zero operating costs<\/li>\n<li>Long service life for superior value<\/li>\n<\/ul>","protected":false},"excerpt":{"rendered":"<p>Taikymo sritys V-CONE\u00ae srauto matuoklis \u2013 universalus ir tikslus sprendimas skys\u010di\u0173 bei duj\u0173 matavimui \u012fvairiose pramon\u0117s srityse: naftos ir duj\u0173, energetikos, \u0161ildymo, atliek\u0173 perdirbimo, atsinaujinan\u010dios energijos, vandens tiekimo, chemijos ir farmacijos sektoriuose. Savyb\u0117s \u012erodytas veikimas: \u0161iuo metu pasaulyje \u012fdiegta daugiau nei 75 000 V-CONE\u00ae srauto matuokli\u0173 Didelis tikslumas Platus matavimo diapazonas \u2013 tinka tiek ma\u017eiems, [&hellip;]<\/p>","protected":false},"featured_media":6626,"comment_status":"open","ping_status":"closed","template":"","meta":{"_acf_changed":false,"inline_featured_image":false},"product_brand":[],"product_cat":[279],"product_tag":[],"class_list":{"0":"post-6625","1":"product","2":"type-product","3":"status-publish","4":"has-post-thumbnail","6":"product_cat-srauto-matuokliai","8":"first","9":"instock","10":"shipping-taxable","11":"purchasable","12":"product-type-simple"},"acf":[],"yoast_head":"<!-- This site is optimized with the Yoast SEO plugin v25.5 - https:\/\/yoast.com\/wordpress\/plugins\/seo\/ -->\n<title>Fuji Electric V-CONE debitomatis - Invertas<\/title>\n<meta name=\"description\" content=\"V-CONE\u00ae srauto matuoklis \u2013 tikslus sprendimas skys\u010di\u0173 bei duj\u0173 matavimui \u012fvairiose pramon\u0117s srityse: naftos ir duj\u0173, energetikos, \u0161ildymo ir kt.\" \/>\n<meta name=\"robots\" content=\"index, follow, max-snippet:-1, max-image-preview:large, max-video-preview:-1\" \/>\n<link rel=\"canonical\" href=\"https:\/\/invertas.lt\/en\/produktai\/srauto-matuokliai\/v-cone-srauto-matuoklis-srauto-matavimas-naudojant-pirminius-elementus\/\" \/>\n<meta property=\"og:locale\" content=\"en_GB\" \/>\n<meta property=\"og:type\" content=\"article\" \/>\n<meta property=\"og:title\" content=\"Fuji Electric V-CONE debitomatis - Invertas\" \/>\n<meta property=\"og:description\" content=\"V-CONE\u00ae srauto matuoklis \u2013 tikslus sprendimas skys\u010di\u0173 bei duj\u0173 matavimui \u012fvairiose pramon\u0117s srityse: naftos ir duj\u0173, energetikos, \u0161ildymo ir kt.\" \/>\n<meta property=\"og:url\" content=\"https:\/\/invertas.lt\/en\/produktai\/srauto-matuokliai\/v-cone-srauto-matuoklis-srauto-matavimas-naudojant-pirminius-elementus\/\" \/>\n<meta property=\"og:site_name\" content=\"Invertas\" \/>\n<meta property=\"article:modified_time\" content=\"2025-08-07T09:54:00+00:00\" \/>\n<meta property=\"og:image\" content=\"https:\/\/invertas.lt\/wp-content\/uploads\/2025\/06\/vcone-capteur-header-fr-en.webp\" \/>\n\t<meta property=\"og:image:width\" content=\"682\" \/>\n\t<meta property=\"og:image:height\" content=\"682\" \/>\n\t<meta property=\"og:image:type\" content=\"image\/webp\" \/>\n<meta name=\"twitter:card\" content=\"summary_large_image\" \/>\n<meta name=\"twitter:label1\" content=\"Estimated reading time\" \/>\n\t<meta name=\"twitter:data1\" content=\"1 minute\" \/>\n<script type=\"application\/ld+json\" class=\"yoast-schema-graph\">{\"@context\":\"https:\/\/schema.org\",\"@graph\":[{\"@type\":\"WebPage\",\"@id\":\"https:\/\/invertas.lt\/produktai\/srauto-matuokliai\/v-cone-srauto-matuoklis-srauto-matavimas-naudojant-pirminius-elementus\/\",\"url\":\"https:\/\/invertas.lt\/produktai\/srauto-matuokliai\/v-cone-srauto-matuoklis-srauto-matavimas-naudojant-pirminius-elementus\/\",\"name\":\"Fuji Electric V-CONE debitomatis - Invertas\",\"isPartOf\":{\"@id\":\"https:\/\/invertas.lt\/#website\"},\"primaryImageOfPage\":{\"@id\":\"https:\/\/invertas.lt\/produktai\/srauto-matuokliai\/v-cone-srauto-matuoklis-srauto-matavimas-naudojant-pirminius-elementus\/#primaryimage\"},\"image\":{\"@id\":\"https:\/\/invertas.lt\/produktai\/srauto-matuokliai\/v-cone-srauto-matuoklis-srauto-matavimas-naudojant-pirminius-elementus\/#primaryimage\"},\"thumbnailUrl\":\"https:\/\/invertas.lt\/wp-content\/uploads\/2025\/06\/vcone-capteur-header-fr-en.webp\",\"datePublished\":\"2025-06-05T13:39:12+00:00\",\"dateModified\":\"2025-08-07T09:54:00+00:00\",\"description\":\"V-CONE\u00ae srauto matuoklis \u2013 tikslus sprendimas skys\u010di\u0173 bei duj\u0173 matavimui \u012fvairiose pramon\u0117s srityse: naftos ir duj\u0173, energetikos, \u0161ildymo ir kt.\",\"breadcrumb\":{\"@id\":\"https:\/\/invertas.lt\/produktai\/srauto-matuokliai\/v-cone-srauto-matuoklis-srauto-matavimas-naudojant-pirminius-elementus\/#breadcrumb\"},\"inLanguage\":\"en-GB\",\"potentialAction\":[{\"@type\":\"ReadAction\",\"target\":[\"https:\/\/invertas.lt\/produktai\/srauto-matuokliai\/v-cone-srauto-matuoklis-srauto-matavimas-naudojant-pirminius-elementus\/\"]}]},{\"@type\":\"ImageObject\",\"inLanguage\":\"en-GB\",\"@id\":\"https:\/\/invertas.lt\/produktai\/srauto-matuokliai\/v-cone-srauto-matuoklis-srauto-matavimas-naudojant-pirminius-elementus\/#primaryimage\",\"url\":\"https:\/\/invertas.lt\/wp-content\/uploads\/2025\/06\/vcone-capteur-header-fr-en.webp\",\"contentUrl\":\"https:\/\/invertas.lt\/wp-content\/uploads\/2025\/06\/vcone-capteur-header-fr-en.webp\",\"width\":682,\"height\":682},{\"@type\":\"BreadcrumbList\",\"@id\":\"https:\/\/invertas.lt\/produktai\/srauto-matuokliai\/v-cone-srauto-matuoklis-srauto-matavimas-naudojant-pirminius-elementus\/#breadcrumb\",\"itemListElement\":[{\"@type\":\"ListItem\",\"position\":1,\"name\":\"Prad\u017eia\",\"item\":\"https:\/\/invertas.lt\/\"},{\"@type\":\"ListItem\",\"position\":2,\"name\":\"Products\",\"item\":\"https:\/\/invertas.lt\/shop\/\"},{\"@type\":\"ListItem\",\"position\":3,\"name\":\"Srauto matuokliai\",\"item\":\"https:\/\/invertas.lt\/.\/srauto-matuokliai\/\"},{\"@type\":\"ListItem\",\"position\":4,\"name\":\"Fuji Electric V-CONE debitomatis\"}]},{\"@type\":\"WebSite\",\"@id\":\"https:\/\/invertas.lt\/#website\",\"url\":\"https:\/\/invertas.lt\/\",\"name\":\"Invertas\",\"description\":\"\",\"publisher\":{\"@id\":\"https:\/\/invertas.lt\/#organization\"},\"potentialAction\":[{\"@type\":\"SearchAction\",\"target\":{\"@type\":\"EntryPoint\",\"urlTemplate\":\"https:\/\/invertas.lt\/?s={search_term_string}\"},\"query-input\":{\"@type\":\"PropertyValueSpecification\",\"valueRequired\":true,\"valueName\":\"search_term_string\"}}],\"inLanguage\":\"en-GB\"},{\"@type\":\"Organization\",\"@id\":\"https:\/\/invertas.lt\/#organization\",\"name\":\"Invertas\",\"url\":\"https:\/\/invertas.lt\/\",\"logo\":{\"@type\":\"ImageObject\",\"inLanguage\":\"en-GB\",\"@id\":\"https:\/\/invertas.lt\/#\/schema\/logo\/image\/\",\"url\":\"https:\/\/invertas.lt\/wp-content\/uploads\/2025\/03\/New-Text-Document-2.svg\",\"contentUrl\":\"https:\/\/invertas.lt\/wp-content\/uploads\/2025\/03\/New-Text-Document-2.svg\",\"width\":140,\"height\":39,\"caption\":\"Invertas\"},\"image\":{\"@id\":\"https:\/\/invertas.lt\/#\/schema\/logo\/image\/\"}}]}<\/script>\n<!-- \/ Yoast SEO plugin. -->","yoast_head_json":{"title":"Fuji Electric V-CONE debitomatis - Invertas","description":"V-CONE\u00ae srauto matuoklis \u2013 tikslus sprendimas skys\u010di\u0173 bei duj\u0173 matavimui \u012fvairiose pramon\u0117s srityse: naftos ir duj\u0173, energetikos, \u0161ildymo ir kt.","robots":{"index":"index","follow":"follow","max-snippet":"max-snippet:-1","max-image-preview":"max-image-preview:large","max-video-preview":"max-video-preview:-1"},"canonical":"https:\/\/invertas.lt\/en\/produktai\/srauto-matuokliai\/v-cone-srauto-matuoklis-srauto-matavimas-naudojant-pirminius-elementus\/","og_locale":"en_GB","og_type":"article","og_title":"Fuji Electric V-CONE debitomatis - Invertas","og_description":"V-CONE\u00ae srauto matuoklis \u2013 tikslus sprendimas skys\u010di\u0173 bei duj\u0173 matavimui \u012fvairiose pramon\u0117s srityse: naftos ir duj\u0173, energetikos, \u0161ildymo ir kt.","og_url":"https:\/\/invertas.lt\/en\/produktai\/srauto-matuokliai\/v-cone-srauto-matuoklis-srauto-matavimas-naudojant-pirminius-elementus\/","og_site_name":"Invertas","article_modified_time":"2025-08-07T09:54:00+00:00","og_image":[{"width":682,"height":682,"url":"https:\/\/invertas.lt\/wp-content\/uploads\/2025\/06\/vcone-capteur-header-fr-en.webp","type":"image\/webp"}],"twitter_card":"summary_large_image","twitter_misc":{"Estimated reading time":"1 minute"},"schema":{"@context":"https:\/\/schema.org","@graph":[{"@type":"WebPage","@id":"https:\/\/invertas.lt\/produktai\/srauto-matuokliai\/v-cone-srauto-matuoklis-srauto-matavimas-naudojant-pirminius-elementus\/","url":"https:\/\/invertas.lt\/produktai\/srauto-matuokliai\/v-cone-srauto-matuoklis-srauto-matavimas-naudojant-pirminius-elementus\/","name":"Fuji Electric V-CONE debitomatis - Invertas","isPartOf":{"@id":"https:\/\/invertas.lt\/#website"},"primaryImageOfPage":{"@id":"https:\/\/invertas.lt\/produktai\/srauto-matuokliai\/v-cone-srauto-matuoklis-srauto-matavimas-naudojant-pirminius-elementus\/#primaryimage"},"image":{"@id":"https:\/\/invertas.lt\/produktai\/srauto-matuokliai\/v-cone-srauto-matuoklis-srauto-matavimas-naudojant-pirminius-elementus\/#primaryimage"},"thumbnailUrl":"https:\/\/invertas.lt\/wp-content\/uploads\/2025\/06\/vcone-capteur-header-fr-en.webp","datePublished":"2025-06-05T13:39:12+00:00","dateModified":"2025-08-07T09:54:00+00:00","description":"V-CONE\u00ae srauto matuoklis \u2013 tikslus sprendimas skys\u010di\u0173 bei duj\u0173 matavimui \u012fvairiose pramon\u0117s srityse: naftos ir duj\u0173, energetikos, \u0161ildymo ir kt.","breadcrumb":{"@id":"https:\/\/invertas.lt\/produktai\/srauto-matuokliai\/v-cone-srauto-matuoklis-srauto-matavimas-naudojant-pirminius-elementus\/#breadcrumb"},"inLanguage":"en-GB","potentialAction":[{"@type":"ReadAction","target":["https:\/\/invertas.lt\/produktai\/srauto-matuokliai\/v-cone-srauto-matuoklis-srauto-matavimas-naudojant-pirminius-elementus\/"]}]},{"@type":"ImageObject","inLanguage":"en-GB","@id":"https:\/\/invertas.lt\/produktai\/srauto-matuokliai\/v-cone-srauto-matuoklis-srauto-matavimas-naudojant-pirminius-elementus\/#primaryimage","url":"https:\/\/invertas.lt\/wp-content\/uploads\/2025\/06\/vcone-capteur-header-fr-en.webp","contentUrl":"https:\/\/invertas.lt\/wp-content\/uploads\/2025\/06\/vcone-capteur-header-fr-en.webp","width":682,"height":682},{"@type":"BreadcrumbList","@id":"https:\/\/invertas.lt\/produktai\/srauto-matuokliai\/v-cone-srauto-matuoklis-srauto-matavimas-naudojant-pirminius-elementus\/#breadcrumb","itemListElement":[{"@type":"ListItem","position":1,"name":"Prad\u017eia","item":"https:\/\/invertas.lt\/"},{"@type":"ListItem","position":2,"name":"Products","item":"https:\/\/invertas.lt\/shop\/"},{"@type":"ListItem","position":3,"name":"Srauto matuokliai","item":"https:\/\/invertas.lt\/.\/srauto-matuokliai\/"},{"@type":"ListItem","position":4,"name":"Fuji Electric V-CONE debitomatis"}]},{"@type":"WebSite","@id":"https:\/\/invertas.lt\/#website","url":"https:\/\/invertas.lt\/","name":"Invert","description":"","publisher":{"@id":"https:\/\/invertas.lt\/#organization"},"potentialAction":[{"@type":"SearchAction","target":{"@type":"EntryPoint","urlTemplate":"https:\/\/invertas.lt\/?s={search_term_string}"},"query-input":{"@type":"PropertyValueSpecification","valueRequired":true,"valueName":"search_term_string"}}],"inLanguage":"en-GB"},{"@type":"Organization","@id":"https:\/\/invertas.lt\/#organization","name":"Invert","url":"https:\/\/invertas.lt\/","logo":{"@type":"ImageObject","inLanguage":"en-GB","@id":"https:\/\/invertas.lt\/#\/schema\/logo\/image\/","url":"https:\/\/invertas.lt\/wp-content\/uploads\/2025\/03\/New-Text-Document-2.svg","contentUrl":"https:\/\/invertas.lt\/wp-content\/uploads\/2025\/03\/New-Text-Document-2.svg","width":140,"height":39,"caption":"Invertas"},"image":{"@id":"https:\/\/invertas.lt\/#\/schema\/logo\/image\/"}}]}},"_links":{"self":[{"href":"https:\/\/invertas.lt\/en\/wp-json\/wp\/v2\/product\/6625","targetHints":{"allow":["GET"]}}],"collection":[{"href":"https:\/\/invertas.lt\/en\/wp-json\/wp\/v2\/product"}],"about":[{"href":"https:\/\/invertas.lt\/en\/wp-json\/wp\/v2\/types\/product"}],"replies":[{"embeddable":true,"href":"https:\/\/invertas.lt\/en\/wp-json\/wp\/v2\/comments?post=6625"}],"wp:featuredmedia":[{"embeddable":true,"href":"https:\/\/invertas.lt\/en\/wp-json\/wp\/v2\/media\/6626"}],"wp:attachment":[{"href":"https:\/\/invertas.lt\/en\/wp-json\/wp\/v2\/media?parent=6625"}],"wp:term":[{"taxonomy":"product_brand","embeddable":true,"href":"https:\/\/invertas.lt\/en\/wp-json\/wp\/v2\/product_brand?post=6625"},{"taxonomy":"product_cat","embeddable":true,"href":"https:\/\/invertas.lt\/en\/wp-json\/wp\/v2\/product_cat?post=6625"},{"taxonomy":"product_tag","embeddable":true,"href":"https:\/\/invertas.lt\/en\/wp-json\/wp\/v2\/product_tag?post=6625"}],"curies":[{"name":"wp","href":"https:\/\/api.w.org\/{rel}","templated":true}]}}