{"id":6620,"date":"2025-06-05T13:02:09","date_gmt":"2025-06-05T13:02:09","guid":{"rendered":"https:\/\/aurimasb15.sg-host.com\/?post_type=product&#038;p=6620"},"modified":"2025-08-07T09:46:43","modified_gmt":"2025-08-07T09:46:43","slug":"elektromagnetinis-srauto-matuoklis-su-bateriniu-maitinimu-m5000","status":"publish","type":"product","link":"https:\/\/invertas.lt\/en\/produktai\/srauto-matuokliai\/elektromagnetinis-srauto-matuoklis-su-bateriniu-maitinimu-m5000\/","title":{"rendered":"BadgerMeter electromagnetic flowmeter with battery M5000"},"content":{"rendered":"<h3 data-start=\"0\" data-end=\"14\">Fields of application<\/h3>\n<p data-start=\"19\" data-end=\"161\">Typical applications are leak detection in water networks, water consumption measurements and irrigation plants.<\/p>\n<h3 data-start=\"16\" data-end=\"183\">Features<\/h3>\n<ul>\n<li>Low investment costs<\/li>\n<li>No on-site wiring<\/li>\n<li>Internet access from any location<\/li>\n<li>Global application optimization<\/li>\n<li>Ideal for measurements on hard-to-reach sites<\/li>\n<li>Highly flexible thanks to the small footprint and quick commissioning of the GPRS module<\/li>\n<li>Easy commissioning and maintenance<\/li>\n<\/ul>","protected":false},"excerpt":{"rendered":"<p>Taikymo sritys Tipin\u0117s taikymo sritys \u2013 nuot\u0117kio aptikimas vandens tiekimo tinkluose, vandens sunaudojimo matavimai ir dr\u0117kinimo sistemos. Savyb\u0117s Ma\u017eos investicij\u0173 s\u0105naudos Nereikia vietinio laid\u0173 prijungimo Prieiga prie interneto i\u0161 bet kurios vietos Optimizuotas pritaikymas visame pasaulyje Idealiai tinka matavimams sunkiai pasiekiamose vietose Didelis lankstumas d\u0117l nedidel\u0117s \u012frangos ir greito GPRS modulio paleidimo Lengvas paleidimas ir [&hellip;]<\/p>","protected":false},"featured_media":8361,"comment_status":"open","ping_status":"closed","template":"","meta":{"_acf_changed":false,"inline_featured_image":false},"product_brand":[],"product_cat":[279],"product_tag":[],"class_list":{"0":"post-6620","1":"product","2":"type-product","3":"status-publish","4":"has-post-thumbnail","6":"product_cat-srauto-matuokliai","8":"first","9":"instock","10":"shipping-taxable","11":"purchasable","12":"product-type-simple"},"acf":[],"yoast_head":"<!-- This site is optimized with the Yoast SEO plugin v25.5 - https:\/\/yoast.com\/wordpress\/plugins\/seo\/ -->\n<title>BadgerMeter elektromagnetinis debitomatis su baterija M5000 - Invertas<\/title>\n<meta name=\"description\" content=\"M5000 elektromagnetinis srauto matuoklis su bateriniu maitinimu skirtas nuot\u0117ki\u0173 aptikimui vandens tiekimo tinkluose, vandens sunaudojimo matavimams.\" \/>\n<meta name=\"robots\" content=\"index, follow, max-snippet:-1, max-image-preview:large, max-video-preview:-1\" \/>\n<link rel=\"canonical\" href=\"https:\/\/invertas.lt\/en\/produktai\/srauto-matuokliai\/elektromagnetinis-srauto-matuoklis-su-bateriniu-maitinimu-m5000\/\" \/>\n<meta property=\"og:locale\" content=\"en_GB\" \/>\n<meta property=\"og:type\" content=\"article\" \/>\n<meta property=\"og:title\" content=\"BadgerMeter elektromagnetinis debitomatis su baterija M5000 - Invertas\" \/>\n<meta property=\"og:description\" content=\"M5000 elektromagnetinis srauto matuoklis su bateriniu maitinimu skirtas nuot\u0117ki\u0173 aptikimui vandens tiekimo tinkluose, vandens sunaudojimo matavimams.\" \/>\n<meta property=\"og:url\" content=\"https:\/\/invertas.lt\/en\/produktai\/srauto-matuokliai\/elektromagnetinis-srauto-matuoklis-su-bateriniu-maitinimu-m5000\/\" \/>\n<meta property=\"og:site_name\" content=\"Invertas\" \/>\n<meta property=\"article:modified_time\" content=\"2025-08-07T09:46:43+00:00\" \/>\n<meta property=\"og:image\" content=\"https:\/\/invertas.lt\/wp-content\/uploads\/2025\/06\/ModMAG-M5000-low-res.jpg\" \/>\n\t<meta property=\"og:image:width\" content=\"600\" \/>\n\t<meta property=\"og:image:height\" content=\"685\" \/>\n\t<meta property=\"og:image:type\" content=\"image\/jpeg\" \/>\n<meta name=\"twitter:card\" content=\"summary_large_image\" \/>\n<meta name=\"twitter:label1\" content=\"Estimated reading time\" \/>\n\t<meta name=\"twitter:data1\" content=\"1 minute\" \/>\n<script type=\"application\/ld+json\" class=\"yoast-schema-graph\">{\"@context\":\"https:\/\/schema.org\",\"@graph\":[{\"@type\":\"WebPage\",\"@id\":\"https:\/\/invertas.lt\/produktai\/srauto-matuokliai\/elektromagnetinis-srauto-matuoklis-su-bateriniu-maitinimu-m5000\/\",\"url\":\"https:\/\/invertas.lt\/produktai\/srauto-matuokliai\/elektromagnetinis-srauto-matuoklis-su-bateriniu-maitinimu-m5000\/\",\"name\":\"BadgerMeter elektromagnetinis debitomatis su baterija M5000 - Invertas\",\"isPartOf\":{\"@id\":\"https:\/\/invertas.lt\/#website\"},\"primaryImageOfPage\":{\"@id\":\"https:\/\/invertas.lt\/produktai\/srauto-matuokliai\/elektromagnetinis-srauto-matuoklis-su-bateriniu-maitinimu-m5000\/#primaryimage\"},\"image\":{\"@id\":\"https:\/\/invertas.lt\/produktai\/srauto-matuokliai\/elektromagnetinis-srauto-matuoklis-su-bateriniu-maitinimu-m5000\/#primaryimage\"},\"thumbnailUrl\":\"https:\/\/invertas.lt\/wp-content\/uploads\/2025\/06\/ModMAG-M5000-low-res.jpg\",\"datePublished\":\"2025-06-05T13:02:09+00:00\",\"dateModified\":\"2025-08-07T09:46:43+00:00\",\"description\":\"M5000 elektromagnetinis srauto matuoklis su bateriniu maitinimu skirtas nuot\u0117ki\u0173 aptikimui vandens tiekimo tinkluose, vandens sunaudojimo matavimams.\",\"breadcrumb\":{\"@id\":\"https:\/\/invertas.lt\/produktai\/srauto-matuokliai\/elektromagnetinis-srauto-matuoklis-su-bateriniu-maitinimu-m5000\/#breadcrumb\"},\"inLanguage\":\"en-GB\",\"potentialAction\":[{\"@type\":\"ReadAction\",\"target\":[\"https:\/\/invertas.lt\/produktai\/srauto-matuokliai\/elektromagnetinis-srauto-matuoklis-su-bateriniu-maitinimu-m5000\/\"]}]},{\"@type\":\"ImageObject\",\"inLanguage\":\"en-GB\",\"@id\":\"https:\/\/invertas.lt\/produktai\/srauto-matuokliai\/elektromagnetinis-srauto-matuoklis-su-bateriniu-maitinimu-m5000\/#primaryimage\",\"url\":\"https:\/\/invertas.lt\/wp-content\/uploads\/2025\/06\/ModMAG-M5000-low-res.jpg\",\"contentUrl\":\"https:\/\/invertas.lt\/wp-content\/uploads\/2025\/06\/ModMAG-M5000-low-res.jpg\",\"width\":600,\"height\":685},{\"@type\":\"BreadcrumbList\",\"@id\":\"https:\/\/invertas.lt\/produktai\/srauto-matuokliai\/elektromagnetinis-srauto-matuoklis-su-bateriniu-maitinimu-m5000\/#breadcrumb\",\"itemListElement\":[{\"@type\":\"ListItem\",\"position\":1,\"name\":\"Prad\u017eia\",\"item\":\"https:\/\/invertas.lt\/\"},{\"@type\":\"ListItem\",\"position\":2,\"name\":\"Products\",\"item\":\"https:\/\/invertas.lt\/shop\/\"},{\"@type\":\"ListItem\",\"position\":3,\"name\":\"Srauto matuokliai\",\"item\":\"https:\/\/invertas.lt\/.\/srauto-matuokliai\/\"},{\"@type\":\"ListItem\",\"position\":4,\"name\":\"BadgerMeter elektromagnetinis debitomatis su baterija M5000\"}]},{\"@type\":\"WebSite\",\"@id\":\"https:\/\/invertas.lt\/#website\",\"url\":\"https:\/\/invertas.lt\/\",\"name\":\"Invertas\",\"description\":\"\",\"publisher\":{\"@id\":\"https:\/\/invertas.lt\/#organization\"},\"potentialAction\":[{\"@type\":\"SearchAction\",\"target\":{\"@type\":\"EntryPoint\",\"urlTemplate\":\"https:\/\/invertas.lt\/?s={search_term_string}\"},\"query-input\":{\"@type\":\"PropertyValueSpecification\",\"valueRequired\":true,\"valueName\":\"search_term_string\"}}],\"inLanguage\":\"en-GB\"},{\"@type\":\"Organization\",\"@id\":\"https:\/\/invertas.lt\/#organization\",\"name\":\"Invertas\",\"url\":\"https:\/\/invertas.lt\/\",\"logo\":{\"@type\":\"ImageObject\",\"inLanguage\":\"en-GB\",\"@id\":\"https:\/\/invertas.lt\/#\/schema\/logo\/image\/\",\"url\":\"https:\/\/invertas.lt\/wp-content\/uploads\/2025\/03\/New-Text-Document-2.svg\",\"contentUrl\":\"https:\/\/invertas.lt\/wp-content\/uploads\/2025\/03\/New-Text-Document-2.svg\",\"width\":140,\"height\":39,\"caption\":\"Invertas\"},\"image\":{\"@id\":\"https:\/\/invertas.lt\/#\/schema\/logo\/image\/\"}}]}<\/script>\n<!-- \/ Yoast SEO plugin. -->","yoast_head_json":{"title":"BadgerMeter elektromagnetinis debitomatis su baterija M5000 - Invertas","description":"M5000 elektromagnetinis srauto matuoklis su bateriniu maitinimu skirtas nuot\u0117ki\u0173 aptikimui vandens tiekimo tinkluose, vandens sunaudojimo matavimams.","robots":{"index":"index","follow":"follow","max-snippet":"max-snippet:-1","max-image-preview":"max-image-preview:large","max-video-preview":"max-video-preview:-1"},"canonical":"https:\/\/invertas.lt\/en\/produktai\/srauto-matuokliai\/elektromagnetinis-srauto-matuoklis-su-bateriniu-maitinimu-m5000\/","og_locale":"en_GB","og_type":"article","og_title":"BadgerMeter elektromagnetinis debitomatis su baterija M5000 - Invertas","og_description":"M5000 elektromagnetinis srauto matuoklis su bateriniu maitinimu skirtas nuot\u0117ki\u0173 aptikimui vandens tiekimo tinkluose, vandens sunaudojimo matavimams.","og_url":"https:\/\/invertas.lt\/en\/produktai\/srauto-matuokliai\/elektromagnetinis-srauto-matuoklis-su-bateriniu-maitinimu-m5000\/","og_site_name":"Invertas","article_modified_time":"2025-08-07T09:46:43+00:00","og_image":[{"width":600,"height":685,"url":"https:\/\/invertas.lt\/wp-content\/uploads\/2025\/06\/ModMAG-M5000-low-res.jpg","type":"image\/jpeg"}],"twitter_card":"summary_large_image","twitter_misc":{"Estimated reading time":"1 minute"},"schema":{"@context":"https:\/\/schema.org","@graph":[{"@type":"WebPage","@id":"https:\/\/invertas.lt\/produktai\/srauto-matuokliai\/elektromagnetinis-srauto-matuoklis-su-bateriniu-maitinimu-m5000\/","url":"https:\/\/invertas.lt\/produktai\/srauto-matuokliai\/elektromagnetinis-srauto-matuoklis-su-bateriniu-maitinimu-m5000\/","name":"BadgerMeter elektromagnetinis debitomatis su baterija M5000 - Invertas","isPartOf":{"@id":"https:\/\/invertas.lt\/#website"},"primaryImageOfPage":{"@id":"https:\/\/invertas.lt\/produktai\/srauto-matuokliai\/elektromagnetinis-srauto-matuoklis-su-bateriniu-maitinimu-m5000\/#primaryimage"},"image":{"@id":"https:\/\/invertas.lt\/produktai\/srauto-matuokliai\/elektromagnetinis-srauto-matuoklis-su-bateriniu-maitinimu-m5000\/#primaryimage"},"thumbnailUrl":"https:\/\/invertas.lt\/wp-content\/uploads\/2025\/06\/ModMAG-M5000-low-res.jpg","datePublished":"2025-06-05T13:02:09+00:00","dateModified":"2025-08-07T09:46:43+00:00","description":"M5000 elektromagnetinis srauto matuoklis su bateriniu maitinimu skirtas nuot\u0117ki\u0173 aptikimui vandens tiekimo tinkluose, vandens sunaudojimo matavimams.","breadcrumb":{"@id":"https:\/\/invertas.lt\/produktai\/srauto-matuokliai\/elektromagnetinis-srauto-matuoklis-su-bateriniu-maitinimu-m5000\/#breadcrumb"},"inLanguage":"en-GB","potentialAction":[{"@type":"ReadAction","target":["https:\/\/invertas.lt\/produktai\/srauto-matuokliai\/elektromagnetinis-srauto-matuoklis-su-bateriniu-maitinimu-m5000\/"]}]},{"@type":"ImageObject","inLanguage":"en-GB","@id":"https:\/\/invertas.lt\/produktai\/srauto-matuokliai\/elektromagnetinis-srauto-matuoklis-su-bateriniu-maitinimu-m5000\/#primaryimage","url":"https:\/\/invertas.lt\/wp-content\/uploads\/2025\/06\/ModMAG-M5000-low-res.jpg","contentUrl":"https:\/\/invertas.lt\/wp-content\/uploads\/2025\/06\/ModMAG-M5000-low-res.jpg","width":600,"height":685},{"@type":"BreadcrumbList","@id":"https:\/\/invertas.lt\/produktai\/srauto-matuokliai\/elektromagnetinis-srauto-matuoklis-su-bateriniu-maitinimu-m5000\/#breadcrumb","itemListElement":[{"@type":"ListItem","position":1,"name":"Prad\u017eia","item":"https:\/\/invertas.lt\/"},{"@type":"ListItem","position":2,"name":"Products","item":"https:\/\/invertas.lt\/shop\/"},{"@type":"ListItem","position":3,"name":"Srauto matuokliai","item":"https:\/\/invertas.lt\/.\/srauto-matuokliai\/"},{"@type":"ListItem","position":4,"name":"BadgerMeter elektromagnetinis debitomatis su baterija M5000"}]},{"@type":"WebSite","@id":"https:\/\/invertas.lt\/#website","url":"https:\/\/invertas.lt\/","name":"Invert","description":"","publisher":{"@id":"https:\/\/invertas.lt\/#organization"},"potentialAction":[{"@type":"SearchAction","target":{"@type":"EntryPoint","urlTemplate":"https:\/\/invertas.lt\/?s={search_term_string}"},"query-input":{"@type":"PropertyValueSpecification","valueRequired":true,"valueName":"search_term_string"}}],"inLanguage":"en-GB"},{"@type":"Organization","@id":"https:\/\/invertas.lt\/#organization","name":"Invert","url":"https:\/\/invertas.lt\/","logo":{"@type":"ImageObject","inLanguage":"en-GB","@id":"https:\/\/invertas.lt\/#\/schema\/logo\/image\/","url":"https:\/\/invertas.lt\/wp-content\/uploads\/2025\/03\/New-Text-Document-2.svg","contentUrl":"https:\/\/invertas.lt\/wp-content\/uploads\/2025\/03\/New-Text-Document-2.svg","width":140,"height":39,"caption":"Invertas"},"image":{"@id":"https:\/\/invertas.lt\/#\/schema\/logo\/image\/"}}]}},"_links":{"self":[{"href":"https:\/\/invertas.lt\/en\/wp-json\/wp\/v2\/product\/6620","targetHints":{"allow":["GET"]}}],"collection":[{"href":"https:\/\/invertas.lt\/en\/wp-json\/wp\/v2\/product"}],"about":[{"href":"https:\/\/invertas.lt\/en\/wp-json\/wp\/v2\/types\/product"}],"replies":[{"embeddable":true,"href":"https:\/\/invertas.lt\/en\/wp-json\/wp\/v2\/comments?post=6620"}],"wp:featuredmedia":[{"embeddable":true,"href":"https:\/\/invertas.lt\/en\/wp-json\/wp\/v2\/media\/8361"}],"wp:attachment":[{"href":"https:\/\/invertas.lt\/en\/wp-json\/wp\/v2\/media?parent=6620"}],"wp:term":[{"taxonomy":"product_brand","embeddable":true,"href":"https:\/\/invertas.lt\/en\/wp-json\/wp\/v2\/product_brand?post=6620"},{"taxonomy":"product_cat","embeddable":true,"href":"https:\/\/invertas.lt\/en\/wp-json\/wp\/v2\/product_cat?post=6620"},{"taxonomy":"product_tag","embeddable":true,"href":"https:\/\/invertas.lt\/en\/wp-json\/wp\/v2\/product_tag?post=6620"}],"curies":[{"name":"wp","href":"https:\/\/api.w.org\/{rel}","templated":true}]}}