{"id":6616,"date":"2025-06-05T12:28:46","date_gmt":"2025-06-05T12:28:46","guid":{"rendered":"https:\/\/aurimasb15.sg-host.com\/?post_type=product&#038;p=6616"},"modified":"2025-08-07T09:45:55","modified_gmt":"2025-08-07T09:45:55","slug":"elektromagnetinis-srauto-matuoklis-atex-m3000-4000","status":"publish","type":"product","link":"https:\/\/invertas.lt\/en\/produktai\/srauto-matuokliai\/elektromagnetinis-srauto-matuoklis-atex-m3000-4000\/","title":{"rendered":"BadgerMeter electromagnetic flowmeter ATEX M3000\/4000"},"content":{"rendered":"<p data-start=\"0\" data-end=\"14\"><strong>Fields of application<\/strong><\/p>\n<p data-start=\"19\" data-end=\"161\">The M3000 and M4000 flow meters are specifically designed for flow measurement in the pharmaceutical and chemical industries, as well as in all water and water treatment systems that are classified as hazardous areas.<\/p>\n<p data-start=\"16\" data-end=\"183\"><strong>Features<\/strong><\/p>\n<ul>\n<li>Flanged process connections<\/li>\n<li>Accuracy: \u00b10.2% of measured flow rate<\/li>\n<li>Srauto grei\u010dio diapazonas: 0,03 &#8211; 12 m\/s<\/li>\n<li>IP67 protection<\/li>\n<li>For use in hazardous areas<\/li>\n<li>DN 6 &#8211; 600 (1\/4&#8243; &#8211; 56&#8243;)<\/li>\n<\/ul>","protected":false},"excerpt":{"rendered":"<p>Taikymo sritys M3000 ir M4000 debitoma\u010diai yra specialiai sukurti srauto matavimui farmacijos ir chemijos pramon\u0117je, taip pat visose vandens ir vandens valymo sistemose, kurios klasifikuojamos kaip pavojingos zonos. Savyb\u0117s Flan\u0161in\u0117s proces\u0173 jungtys Tikslumas: \u00b10,2 % nuo i\u0161matuoto srauto Srauto grei\u010dio diapazonas: 0,03 &#8211; 12 m\/s Apsaugos klas\u0117: IP67 Tinkami naudoti pavojingose zonose DN 6 &#8211; [&hellip;]<\/p>","protected":false},"featured_media":8359,"comment_status":"open","ping_status":"closed","template":"","meta":{"_acf_changed":false,"inline_featured_image":false},"product_brand":[],"product_cat":[279],"product_tag":[],"class_list":{"0":"post-6616","1":"product","2":"type-product","3":"status-publish","4":"has-post-thumbnail","6":"product_cat-srauto-matuokliai","8":"first","9":"instock","10":"shipping-taxable","11":"purchasable","12":"product-type-simple"},"acf":[],"yoast_head":"<!-- This site is optimized with the Yoast SEO plugin v25.5 - https:\/\/yoast.com\/wordpress\/plugins\/seo\/ -->\n<title>BadgerMeter elektromagnetinis debitomatis ATEX M3000\/4000 - Invertas<\/title>\n<meta name=\"description\" content=\"M3000 ir M4000 srauto matuokliai skirti farmacijos, chemijos pramonei ir pavojingoms vandens valymo zonoms. Flan\u0161in\u0117s jungtys, \u00b10,2\u202f% tikslumas, IP67.\" \/>\n<meta name=\"robots\" content=\"index, follow, max-snippet:-1, max-image-preview:large, max-video-preview:-1\" \/>\n<link rel=\"canonical\" href=\"https:\/\/invertas.lt\/en\/produktai\/srauto-matuokliai\/elektromagnetinis-srauto-matuoklis-atex-m3000-4000\/\" \/>\n<meta property=\"og:locale\" content=\"en_GB\" \/>\n<meta property=\"og:type\" content=\"article\" \/>\n<meta property=\"og:title\" content=\"BadgerMeter elektromagnetinis debitomatis ATEX M3000\/4000 - Invertas\" \/>\n<meta property=\"og:description\" content=\"M3000 ir M4000 srauto matuokliai skirti farmacijos, chemijos pramonei ir pavojingoms vandens valymo zonoms. Flan\u0161in\u0117s jungtys, \u00b10,2\u202f% tikslumas, IP67.\" \/>\n<meta property=\"og:url\" content=\"https:\/\/invertas.lt\/en\/produktai\/srauto-matuokliai\/elektromagnetinis-srauto-matuoklis-atex-m3000-4000\/\" \/>\n<meta property=\"og:site_name\" content=\"Invertas\" \/>\n<meta property=\"article:modified_time\" content=\"2025-08-07T09:45:55+00:00\" \/>\n<meta property=\"og:image\" content=\"https:\/\/invertas.lt\/wp-content\/uploads\/2025\/06\/ModMAG-M4000-low-res.jpg\" \/>\n\t<meta property=\"og:image:width\" content=\"600\" \/>\n\t<meta property=\"og:image:height\" content=\"685\" \/>\n\t<meta property=\"og:image:type\" content=\"image\/jpeg\" \/>\n<meta name=\"twitter:card\" content=\"summary_large_image\" \/>\n<meta name=\"twitter:label1\" content=\"Estimated reading time\" \/>\n\t<meta name=\"twitter:data1\" content=\"1 minute\" \/>\n<script type=\"application\/ld+json\" class=\"yoast-schema-graph\">{\"@context\":\"https:\/\/schema.org\",\"@graph\":[{\"@type\":\"WebPage\",\"@id\":\"https:\/\/invertas.lt\/produktai\/srauto-matuokliai\/elektromagnetinis-srauto-matuoklis-atex-m3000-4000\/\",\"url\":\"https:\/\/invertas.lt\/produktai\/srauto-matuokliai\/elektromagnetinis-srauto-matuoklis-atex-m3000-4000\/\",\"name\":\"BadgerMeter elektromagnetinis debitomatis ATEX M3000\/4000 - Invertas\",\"isPartOf\":{\"@id\":\"https:\/\/invertas.lt\/#website\"},\"primaryImageOfPage\":{\"@id\":\"https:\/\/invertas.lt\/produktai\/srauto-matuokliai\/elektromagnetinis-srauto-matuoklis-atex-m3000-4000\/#primaryimage\"},\"image\":{\"@id\":\"https:\/\/invertas.lt\/produktai\/srauto-matuokliai\/elektromagnetinis-srauto-matuoklis-atex-m3000-4000\/#primaryimage\"},\"thumbnailUrl\":\"https:\/\/invertas.lt\/wp-content\/uploads\/2025\/06\/ModMAG-M4000-low-res.jpg\",\"datePublished\":\"2025-06-05T12:28:46+00:00\",\"dateModified\":\"2025-08-07T09:45:55+00:00\",\"description\":\"M3000 ir M4000 srauto matuokliai skirti farmacijos, chemijos pramonei ir pavojingoms vandens valymo zonoms. Flan\u0161in\u0117s jungtys, \u00b10,2\u202f% tikslumas, IP67.\",\"breadcrumb\":{\"@id\":\"https:\/\/invertas.lt\/produktai\/srauto-matuokliai\/elektromagnetinis-srauto-matuoklis-atex-m3000-4000\/#breadcrumb\"},\"inLanguage\":\"en-GB\",\"potentialAction\":[{\"@type\":\"ReadAction\",\"target\":[\"https:\/\/invertas.lt\/produktai\/srauto-matuokliai\/elektromagnetinis-srauto-matuoklis-atex-m3000-4000\/\"]}]},{\"@type\":\"ImageObject\",\"inLanguage\":\"en-GB\",\"@id\":\"https:\/\/invertas.lt\/produktai\/srauto-matuokliai\/elektromagnetinis-srauto-matuoklis-atex-m3000-4000\/#primaryimage\",\"url\":\"https:\/\/invertas.lt\/wp-content\/uploads\/2025\/06\/ModMAG-M4000-low-res.jpg\",\"contentUrl\":\"https:\/\/invertas.lt\/wp-content\/uploads\/2025\/06\/ModMAG-M4000-low-res.jpg\",\"width\":600,\"height\":685},{\"@type\":\"BreadcrumbList\",\"@id\":\"https:\/\/invertas.lt\/produktai\/srauto-matuokliai\/elektromagnetinis-srauto-matuoklis-atex-m3000-4000\/#breadcrumb\",\"itemListElement\":[{\"@type\":\"ListItem\",\"position\":1,\"name\":\"Prad\u017eia\",\"item\":\"https:\/\/invertas.lt\/\"},{\"@type\":\"ListItem\",\"position\":2,\"name\":\"Products\",\"item\":\"https:\/\/invertas.lt\/shop\/\"},{\"@type\":\"ListItem\",\"position\":3,\"name\":\"Srauto matuokliai\",\"item\":\"https:\/\/invertas.lt\/.\/srauto-matuokliai\/\"},{\"@type\":\"ListItem\",\"position\":4,\"name\":\"BadgerMeter elektromagnetinis debitomatis ATEX M3000\/4000\"}]},{\"@type\":\"WebSite\",\"@id\":\"https:\/\/invertas.lt\/#website\",\"url\":\"https:\/\/invertas.lt\/\",\"name\":\"Invertas\",\"description\":\"\",\"publisher\":{\"@id\":\"https:\/\/invertas.lt\/#organization\"},\"potentialAction\":[{\"@type\":\"SearchAction\",\"target\":{\"@type\":\"EntryPoint\",\"urlTemplate\":\"https:\/\/invertas.lt\/?s={search_term_string}\"},\"query-input\":{\"@type\":\"PropertyValueSpecification\",\"valueRequired\":true,\"valueName\":\"search_term_string\"}}],\"inLanguage\":\"en-GB\"},{\"@type\":\"Organization\",\"@id\":\"https:\/\/invertas.lt\/#organization\",\"name\":\"Invertas\",\"url\":\"https:\/\/invertas.lt\/\",\"logo\":{\"@type\":\"ImageObject\",\"inLanguage\":\"en-GB\",\"@id\":\"https:\/\/invertas.lt\/#\/schema\/logo\/image\/\",\"url\":\"https:\/\/invertas.lt\/wp-content\/uploads\/2025\/03\/New-Text-Document-2.svg\",\"contentUrl\":\"https:\/\/invertas.lt\/wp-content\/uploads\/2025\/03\/New-Text-Document-2.svg\",\"width\":140,\"height\":39,\"caption\":\"Invertas\"},\"image\":{\"@id\":\"https:\/\/invertas.lt\/#\/schema\/logo\/image\/\"}}]}<\/script>\n<!-- \/ Yoast SEO plugin. -->","yoast_head_json":{"title":"BadgerMeter elektromagnetinis debitomatis ATEX M3000\/4000 - Invertas","description":"M3000 ir M4000 srauto matuokliai skirti farmacijos, chemijos pramonei ir pavojingoms vandens valymo zonoms. Flan\u0161in\u0117s jungtys, \u00b10,2\u202f% tikslumas, IP67.","robots":{"index":"index","follow":"follow","max-snippet":"max-snippet:-1","max-image-preview":"max-image-preview:large","max-video-preview":"max-video-preview:-1"},"canonical":"https:\/\/invertas.lt\/en\/produktai\/srauto-matuokliai\/elektromagnetinis-srauto-matuoklis-atex-m3000-4000\/","og_locale":"en_GB","og_type":"article","og_title":"BadgerMeter elektromagnetinis debitomatis ATEX M3000\/4000 - Invertas","og_description":"M3000 ir M4000 srauto matuokliai skirti farmacijos, chemijos pramonei ir pavojingoms vandens valymo zonoms. Flan\u0161in\u0117s jungtys, \u00b10,2\u202f% tikslumas, IP67.","og_url":"https:\/\/invertas.lt\/en\/produktai\/srauto-matuokliai\/elektromagnetinis-srauto-matuoklis-atex-m3000-4000\/","og_site_name":"Invertas","article_modified_time":"2025-08-07T09:45:55+00:00","og_image":[{"width":600,"height":685,"url":"https:\/\/invertas.lt\/wp-content\/uploads\/2025\/06\/ModMAG-M4000-low-res.jpg","type":"image\/jpeg"}],"twitter_card":"summary_large_image","twitter_misc":{"Estimated reading time":"1 minute"},"schema":{"@context":"https:\/\/schema.org","@graph":[{"@type":"WebPage","@id":"https:\/\/invertas.lt\/produktai\/srauto-matuokliai\/elektromagnetinis-srauto-matuoklis-atex-m3000-4000\/","url":"https:\/\/invertas.lt\/produktai\/srauto-matuokliai\/elektromagnetinis-srauto-matuoklis-atex-m3000-4000\/","name":"BadgerMeter elektromagnetinis debitomatis ATEX M3000\/4000 - Invertas","isPartOf":{"@id":"https:\/\/invertas.lt\/#website"},"primaryImageOfPage":{"@id":"https:\/\/invertas.lt\/produktai\/srauto-matuokliai\/elektromagnetinis-srauto-matuoklis-atex-m3000-4000\/#primaryimage"},"image":{"@id":"https:\/\/invertas.lt\/produktai\/srauto-matuokliai\/elektromagnetinis-srauto-matuoklis-atex-m3000-4000\/#primaryimage"},"thumbnailUrl":"https:\/\/invertas.lt\/wp-content\/uploads\/2025\/06\/ModMAG-M4000-low-res.jpg","datePublished":"2025-06-05T12:28:46+00:00","dateModified":"2025-08-07T09:45:55+00:00","description":"M3000 ir M4000 srauto matuokliai skirti farmacijos, chemijos pramonei ir pavojingoms vandens valymo zonoms. Flan\u0161in\u0117s jungtys, \u00b10,2\u202f% tikslumas, IP67.","breadcrumb":{"@id":"https:\/\/invertas.lt\/produktai\/srauto-matuokliai\/elektromagnetinis-srauto-matuoklis-atex-m3000-4000\/#breadcrumb"},"inLanguage":"en-GB","potentialAction":[{"@type":"ReadAction","target":["https:\/\/invertas.lt\/produktai\/srauto-matuokliai\/elektromagnetinis-srauto-matuoklis-atex-m3000-4000\/"]}]},{"@type":"ImageObject","inLanguage":"en-GB","@id":"https:\/\/invertas.lt\/produktai\/srauto-matuokliai\/elektromagnetinis-srauto-matuoklis-atex-m3000-4000\/#primaryimage","url":"https:\/\/invertas.lt\/wp-content\/uploads\/2025\/06\/ModMAG-M4000-low-res.jpg","contentUrl":"https:\/\/invertas.lt\/wp-content\/uploads\/2025\/06\/ModMAG-M4000-low-res.jpg","width":600,"height":685},{"@type":"BreadcrumbList","@id":"https:\/\/invertas.lt\/produktai\/srauto-matuokliai\/elektromagnetinis-srauto-matuoklis-atex-m3000-4000\/#breadcrumb","itemListElement":[{"@type":"ListItem","position":1,"name":"Prad\u017eia","item":"https:\/\/invertas.lt\/"},{"@type":"ListItem","position":2,"name":"Products","item":"https:\/\/invertas.lt\/shop\/"},{"@type":"ListItem","position":3,"name":"Srauto matuokliai","item":"https:\/\/invertas.lt\/.\/srauto-matuokliai\/"},{"@type":"ListItem","position":4,"name":"BadgerMeter elektromagnetinis debitomatis ATEX M3000\/4000"}]},{"@type":"WebSite","@id":"https:\/\/invertas.lt\/#website","url":"https:\/\/invertas.lt\/","name":"Invert","description":"","publisher":{"@id":"https:\/\/invertas.lt\/#organization"},"potentialAction":[{"@type":"SearchAction","target":{"@type":"EntryPoint","urlTemplate":"https:\/\/invertas.lt\/?s={search_term_string}"},"query-input":{"@type":"PropertyValueSpecification","valueRequired":true,"valueName":"search_term_string"}}],"inLanguage":"en-GB"},{"@type":"Organization","@id":"https:\/\/invertas.lt\/#organization","name":"Invert","url":"https:\/\/invertas.lt\/","logo":{"@type":"ImageObject","inLanguage":"en-GB","@id":"https:\/\/invertas.lt\/#\/schema\/logo\/image\/","url":"https:\/\/invertas.lt\/wp-content\/uploads\/2025\/03\/New-Text-Document-2.svg","contentUrl":"https:\/\/invertas.lt\/wp-content\/uploads\/2025\/03\/New-Text-Document-2.svg","width":140,"height":39,"caption":"Invertas"},"image":{"@id":"https:\/\/invertas.lt\/#\/schema\/logo\/image\/"}}]}},"_links":{"self":[{"href":"https:\/\/invertas.lt\/en\/wp-json\/wp\/v2\/product\/6616","targetHints":{"allow":["GET"]}}],"collection":[{"href":"https:\/\/invertas.lt\/en\/wp-json\/wp\/v2\/product"}],"about":[{"href":"https:\/\/invertas.lt\/en\/wp-json\/wp\/v2\/types\/product"}],"replies":[{"embeddable":true,"href":"https:\/\/invertas.lt\/en\/wp-json\/wp\/v2\/comments?post=6616"}],"wp:featuredmedia":[{"embeddable":true,"href":"https:\/\/invertas.lt\/en\/wp-json\/wp\/v2\/media\/8359"}],"wp:attachment":[{"href":"https:\/\/invertas.lt\/en\/wp-json\/wp\/v2\/media?parent=6616"}],"wp:term":[{"taxonomy":"product_brand","embeddable":true,"href":"https:\/\/invertas.lt\/en\/wp-json\/wp\/v2\/product_brand?post=6616"},{"taxonomy":"product_cat","embeddable":true,"href":"https:\/\/invertas.lt\/en\/wp-json\/wp\/v2\/product_cat?post=6616"},{"taxonomy":"product_tag","embeddable":true,"href":"https:\/\/invertas.lt\/en\/wp-json\/wp\/v2\/product_tag?post=6616"}],"curies":[{"name":"wp","href":"https:\/\/api.w.org\/{rel}","templated":true}]}}