{"id":6611,"date":"2025-06-05T12:02:45","date_gmt":"2025-06-05T12:02:45","guid":{"rendered":"https:\/\/aurimasb15.sg-host.com\/?post_type=product&#038;p=6611"},"modified":"2025-08-07T09:43:34","modified_gmt":"2025-08-07T09:43:34","slug":"elektromagnetinis-srauto-matuoklis-m2000","status":"publish","type":"product","link":"https:\/\/invertas.lt\/en\/produktai\/srauto-matuokliai\/elektromagnetinis-srauto-matuoklis-m2000\/","title":{"rendered":"BadgerMeter electromagnetic flowmeter M2000"},"content":{"rendered":"<p data-start=\"0\" data-end=\"14\"><strong>Fields of application<\/strong><\/p>\n<p data-start=\"19\" data-end=\"161\">M2000 is the best choice for various industrial applications, especially in the water and wastewater treatment sector.<\/p>\n<p data-start=\"16\" data-end=\"183\"><strong>Features<\/strong><\/p>\n<ul>\n<li>Can be used with all measuring tubes<\/li>\n<li>Accuracy: \u00b1 0.2 % of measured flow<\/li>\n<li>Srauto grei\u010dio diapazonas: 0,03 &#8211; 12 m\/s<\/li>\n<li>DN 6 &#8211; DN 2000 (1\/4&#8243; &#8211; 20&#8243;)<\/li>\n<li>IP67 protection<\/li>\n<li>ModBus\u00ae, HART\u2122, M-Bus, Profibus DP interfaces<\/li>\n<li>ACS, OIMLR491 and MID MI-001 approvals<\/li>\n<li>Integrated data-logging function (Datalogger)<\/li>\n<\/ul>","protected":false},"excerpt":{"rendered":"<p>Taikymo sritys M2000 yra geriausias pasirinkimas \u012fvairioms pramonin\u0117ms reikm\u0117ms, ypa\u010d vandens ir nuotek\u0173 valymo sektoriuje. Savyb\u0117s Gali b\u016bti naudojamas su visais matavimo vamzd\u017eiais Tikslumas: \u00b1 0,2 % nuo matuojamo srauto Srauto grei\u010dio diapazonas: 0,03 &#8211; 12 m\/s DN 6 &#8211; DN 2000 (1\/4&#8243; &#8211; 20&#8243;) IP67 apsauga ModBus\u00ae, HART\u2122, M-Bus, Profibus DP s\u0105sajos ACS, OIMLR491 [&hellip;]<\/p>","protected":false},"featured_media":8358,"comment_status":"open","ping_status":"closed","template":"","meta":{"_acf_changed":false,"inline_featured_image":false},"product_brand":[],"product_cat":[279],"product_tag":[],"class_list":{"0":"post-6611","1":"product","2":"type-product","3":"status-publish","4":"has-post-thumbnail","6":"product_cat-srauto-matuokliai","8":"first","9":"instock","10":"shipping-taxable","11":"purchasable","12":"product-type-simple"},"acf":[],"yoast_head":"<!-- This site is optimized with the Yoast SEO plugin v25.5 - https:\/\/yoast.com\/wordpress\/plugins\/seo\/ -->\n<title>BadgerMeter elektromagnetinis debitomatis M2000 - Invertas<\/title>\n<meta name=\"description\" content=\"Universalus pramoninis debitomatis (\u00b10,2\u202f% tikslumas) vandens ir nuotek\u0173 valdymui, tinkamas vamzd\u017eiams DN 6\u20132000, IP67 apsauga, ACS, OIML R49, MID MI-001.\" \/>\n<meta name=\"robots\" content=\"index, follow, max-snippet:-1, max-image-preview:large, max-video-preview:-1\" \/>\n<link rel=\"canonical\" href=\"https:\/\/invertas.lt\/en\/produktai\/srauto-matuokliai\/elektromagnetinis-srauto-matuoklis-m2000\/\" \/>\n<meta property=\"og:locale\" content=\"en_GB\" \/>\n<meta property=\"og:type\" content=\"article\" \/>\n<meta property=\"og:title\" content=\"BadgerMeter elektromagnetinis debitomatis M2000 - Invertas\" \/>\n<meta property=\"og:description\" content=\"Universalus pramoninis debitomatis (\u00b10,2\u202f% tikslumas) vandens ir nuotek\u0173 valdymui, tinkamas vamzd\u017eiams DN 6\u20132000, IP67 apsauga, ACS, OIML R49, MID MI-001.\" \/>\n<meta property=\"og:url\" content=\"https:\/\/invertas.lt\/en\/produktai\/srauto-matuokliai\/elektromagnetinis-srauto-matuoklis-m2000\/\" \/>\n<meta property=\"og:site_name\" content=\"Invertas\" \/>\n<meta property=\"article:modified_time\" content=\"2025-08-07T09:43:34+00:00\" \/>\n<meta property=\"og:image\" content=\"https:\/\/invertas.lt\/wp-content\/uploads\/2025\/06\/ModMAG-M2000-low-res.jpg\" \/>\n\t<meta property=\"og:image:width\" content=\"600\" \/>\n\t<meta property=\"og:image:height\" content=\"685\" \/>\n\t<meta property=\"og:image:type\" content=\"image\/jpeg\" \/>\n<meta name=\"twitter:card\" content=\"summary_large_image\" \/>\n<meta name=\"twitter:label1\" content=\"Estimated reading time\" \/>\n\t<meta name=\"twitter:data1\" content=\"1 minute\" \/>\n<script type=\"application\/ld+json\" class=\"yoast-schema-graph\">{\"@context\":\"https:\/\/schema.org\",\"@graph\":[{\"@type\":\"WebPage\",\"@id\":\"https:\/\/invertas.lt\/produktai\/srauto-matuokliai\/elektromagnetinis-srauto-matuoklis-m2000\/\",\"url\":\"https:\/\/invertas.lt\/produktai\/srauto-matuokliai\/elektromagnetinis-srauto-matuoklis-m2000\/\",\"name\":\"BadgerMeter elektromagnetinis debitomatis M2000 - Invertas\",\"isPartOf\":{\"@id\":\"https:\/\/invertas.lt\/#website\"},\"primaryImageOfPage\":{\"@id\":\"https:\/\/invertas.lt\/produktai\/srauto-matuokliai\/elektromagnetinis-srauto-matuoklis-m2000\/#primaryimage\"},\"image\":{\"@id\":\"https:\/\/invertas.lt\/produktai\/srauto-matuokliai\/elektromagnetinis-srauto-matuoklis-m2000\/#primaryimage\"},\"thumbnailUrl\":\"https:\/\/invertas.lt\/wp-content\/uploads\/2025\/06\/ModMAG-M2000-low-res.jpg\",\"datePublished\":\"2025-06-05T12:02:45+00:00\",\"dateModified\":\"2025-08-07T09:43:34+00:00\",\"description\":\"Universalus pramoninis debitomatis (\u00b10,2\u202f% tikslumas) vandens ir nuotek\u0173 valdymui, tinkamas vamzd\u017eiams DN 6\u20132000, IP67 apsauga, ACS, OIML R49, MID MI-001.\",\"breadcrumb\":{\"@id\":\"https:\/\/invertas.lt\/produktai\/srauto-matuokliai\/elektromagnetinis-srauto-matuoklis-m2000\/#breadcrumb\"},\"inLanguage\":\"en-GB\",\"potentialAction\":[{\"@type\":\"ReadAction\",\"target\":[\"https:\/\/invertas.lt\/produktai\/srauto-matuokliai\/elektromagnetinis-srauto-matuoklis-m2000\/\"]}]},{\"@type\":\"ImageObject\",\"inLanguage\":\"en-GB\",\"@id\":\"https:\/\/invertas.lt\/produktai\/srauto-matuokliai\/elektromagnetinis-srauto-matuoklis-m2000\/#primaryimage\",\"url\":\"https:\/\/invertas.lt\/wp-content\/uploads\/2025\/06\/ModMAG-M2000-low-res.jpg\",\"contentUrl\":\"https:\/\/invertas.lt\/wp-content\/uploads\/2025\/06\/ModMAG-M2000-low-res.jpg\",\"width\":600,\"height\":685},{\"@type\":\"BreadcrumbList\",\"@id\":\"https:\/\/invertas.lt\/produktai\/srauto-matuokliai\/elektromagnetinis-srauto-matuoklis-m2000\/#breadcrumb\",\"itemListElement\":[{\"@type\":\"ListItem\",\"position\":1,\"name\":\"Prad\u017eia\",\"item\":\"https:\/\/invertas.lt\/\"},{\"@type\":\"ListItem\",\"position\":2,\"name\":\"Products\",\"item\":\"https:\/\/invertas.lt\/shop\/\"},{\"@type\":\"ListItem\",\"position\":3,\"name\":\"Srauto matuokliai\",\"item\":\"https:\/\/invertas.lt\/.\/srauto-matuokliai\/\"},{\"@type\":\"ListItem\",\"position\":4,\"name\":\"BadgerMeter elektromagnetinis debitomatis M2000\"}]},{\"@type\":\"WebSite\",\"@id\":\"https:\/\/invertas.lt\/#website\",\"url\":\"https:\/\/invertas.lt\/\",\"name\":\"Invertas\",\"description\":\"\",\"publisher\":{\"@id\":\"https:\/\/invertas.lt\/#organization\"},\"potentialAction\":[{\"@type\":\"SearchAction\",\"target\":{\"@type\":\"EntryPoint\",\"urlTemplate\":\"https:\/\/invertas.lt\/?s={search_term_string}\"},\"query-input\":{\"@type\":\"PropertyValueSpecification\",\"valueRequired\":true,\"valueName\":\"search_term_string\"}}],\"inLanguage\":\"en-GB\"},{\"@type\":\"Organization\",\"@id\":\"https:\/\/invertas.lt\/#organization\",\"name\":\"Invertas\",\"url\":\"https:\/\/invertas.lt\/\",\"logo\":{\"@type\":\"ImageObject\",\"inLanguage\":\"en-GB\",\"@id\":\"https:\/\/invertas.lt\/#\/schema\/logo\/image\/\",\"url\":\"https:\/\/invertas.lt\/wp-content\/uploads\/2025\/03\/New-Text-Document-2.svg\",\"contentUrl\":\"https:\/\/invertas.lt\/wp-content\/uploads\/2025\/03\/New-Text-Document-2.svg\",\"width\":140,\"height\":39,\"caption\":\"Invertas\"},\"image\":{\"@id\":\"https:\/\/invertas.lt\/#\/schema\/logo\/image\/\"}}]}<\/script>\n<!-- \/ Yoast SEO plugin. -->","yoast_head_json":{"title":"BadgerMeter elektromagnetinis debitomatis M2000 - Invertas","description":"Universalus pramoninis debitomatis (\u00b10,2\u202f% tikslumas) vandens ir nuotek\u0173 valdymui, tinkamas vamzd\u017eiams DN 6\u20132000, IP67 apsauga, ACS, OIML R49, MID MI-001.","robots":{"index":"index","follow":"follow","max-snippet":"max-snippet:-1","max-image-preview":"max-image-preview:large","max-video-preview":"max-video-preview:-1"},"canonical":"https:\/\/invertas.lt\/en\/produktai\/srauto-matuokliai\/elektromagnetinis-srauto-matuoklis-m2000\/","og_locale":"en_GB","og_type":"article","og_title":"BadgerMeter elektromagnetinis debitomatis M2000 - Invertas","og_description":"Universalus pramoninis debitomatis (\u00b10,2\u202f% tikslumas) vandens ir nuotek\u0173 valdymui, tinkamas vamzd\u017eiams DN 6\u20132000, IP67 apsauga, ACS, OIML R49, MID MI-001.","og_url":"https:\/\/invertas.lt\/en\/produktai\/srauto-matuokliai\/elektromagnetinis-srauto-matuoklis-m2000\/","og_site_name":"Invertas","article_modified_time":"2025-08-07T09:43:34+00:00","og_image":[{"width":600,"height":685,"url":"https:\/\/invertas.lt\/wp-content\/uploads\/2025\/06\/ModMAG-M2000-low-res.jpg","type":"image\/jpeg"}],"twitter_card":"summary_large_image","twitter_misc":{"Estimated reading time":"1 minute"},"schema":{"@context":"https:\/\/schema.org","@graph":[{"@type":"WebPage","@id":"https:\/\/invertas.lt\/produktai\/srauto-matuokliai\/elektromagnetinis-srauto-matuoklis-m2000\/","url":"https:\/\/invertas.lt\/produktai\/srauto-matuokliai\/elektromagnetinis-srauto-matuoklis-m2000\/","name":"BadgerMeter elektromagnetinis debitomatis M2000 - Invertas","isPartOf":{"@id":"https:\/\/invertas.lt\/#website"},"primaryImageOfPage":{"@id":"https:\/\/invertas.lt\/produktai\/srauto-matuokliai\/elektromagnetinis-srauto-matuoklis-m2000\/#primaryimage"},"image":{"@id":"https:\/\/invertas.lt\/produktai\/srauto-matuokliai\/elektromagnetinis-srauto-matuoklis-m2000\/#primaryimage"},"thumbnailUrl":"https:\/\/invertas.lt\/wp-content\/uploads\/2025\/06\/ModMAG-M2000-low-res.jpg","datePublished":"2025-06-05T12:02:45+00:00","dateModified":"2025-08-07T09:43:34+00:00","description":"Universalus pramoninis debitomatis (\u00b10,2\u202f% tikslumas) vandens ir nuotek\u0173 valdymui, tinkamas vamzd\u017eiams DN 6\u20132000, IP67 apsauga, ACS, OIML R49, MID MI-001.","breadcrumb":{"@id":"https:\/\/invertas.lt\/produktai\/srauto-matuokliai\/elektromagnetinis-srauto-matuoklis-m2000\/#breadcrumb"},"inLanguage":"en-GB","potentialAction":[{"@type":"ReadAction","target":["https:\/\/invertas.lt\/produktai\/srauto-matuokliai\/elektromagnetinis-srauto-matuoklis-m2000\/"]}]},{"@type":"ImageObject","inLanguage":"en-GB","@id":"https:\/\/invertas.lt\/produktai\/srauto-matuokliai\/elektromagnetinis-srauto-matuoklis-m2000\/#primaryimage","url":"https:\/\/invertas.lt\/wp-content\/uploads\/2025\/06\/ModMAG-M2000-low-res.jpg","contentUrl":"https:\/\/invertas.lt\/wp-content\/uploads\/2025\/06\/ModMAG-M2000-low-res.jpg","width":600,"height":685},{"@type":"BreadcrumbList","@id":"https:\/\/invertas.lt\/produktai\/srauto-matuokliai\/elektromagnetinis-srauto-matuoklis-m2000\/#breadcrumb","itemListElement":[{"@type":"ListItem","position":1,"name":"Prad\u017eia","item":"https:\/\/invertas.lt\/"},{"@type":"ListItem","position":2,"name":"Products","item":"https:\/\/invertas.lt\/shop\/"},{"@type":"ListItem","position":3,"name":"Srauto matuokliai","item":"https:\/\/invertas.lt\/.\/srauto-matuokliai\/"},{"@type":"ListItem","position":4,"name":"BadgerMeter elektromagnetinis debitomatis M2000"}]},{"@type":"WebSite","@id":"https:\/\/invertas.lt\/#website","url":"https:\/\/invertas.lt\/","name":"Invert","description":"","publisher":{"@id":"https:\/\/invertas.lt\/#organization"},"potentialAction":[{"@type":"SearchAction","target":{"@type":"EntryPoint","urlTemplate":"https:\/\/invertas.lt\/?s={search_term_string}"},"query-input":{"@type":"PropertyValueSpecification","valueRequired":true,"valueName":"search_term_string"}}],"inLanguage":"en-GB"},{"@type":"Organization","@id":"https:\/\/invertas.lt\/#organization","name":"Invert","url":"https:\/\/invertas.lt\/","logo":{"@type":"ImageObject","inLanguage":"en-GB","@id":"https:\/\/invertas.lt\/#\/schema\/logo\/image\/","url":"https:\/\/invertas.lt\/wp-content\/uploads\/2025\/03\/New-Text-Document-2.svg","contentUrl":"https:\/\/invertas.lt\/wp-content\/uploads\/2025\/03\/New-Text-Document-2.svg","width":140,"height":39,"caption":"Invertas"},"image":{"@id":"https:\/\/invertas.lt\/#\/schema\/logo\/image\/"}}]}},"_links":{"self":[{"href":"https:\/\/invertas.lt\/en\/wp-json\/wp\/v2\/product\/6611","targetHints":{"allow":["GET"]}}],"collection":[{"href":"https:\/\/invertas.lt\/en\/wp-json\/wp\/v2\/product"}],"about":[{"href":"https:\/\/invertas.lt\/en\/wp-json\/wp\/v2\/types\/product"}],"replies":[{"embeddable":true,"href":"https:\/\/invertas.lt\/en\/wp-json\/wp\/v2\/comments?post=6611"}],"wp:featuredmedia":[{"embeddable":true,"href":"https:\/\/invertas.lt\/en\/wp-json\/wp\/v2\/media\/8358"}],"wp:attachment":[{"href":"https:\/\/invertas.lt\/en\/wp-json\/wp\/v2\/media?parent=6611"}],"wp:term":[{"taxonomy":"product_brand","embeddable":true,"href":"https:\/\/invertas.lt\/en\/wp-json\/wp\/v2\/product_brand?post=6611"},{"taxonomy":"product_cat","embeddable":true,"href":"https:\/\/invertas.lt\/en\/wp-json\/wp\/v2\/product_cat?post=6611"},{"taxonomy":"product_tag","embeddable":true,"href":"https:\/\/invertas.lt\/en\/wp-json\/wp\/v2\/product_tag?post=6611"}],"curies":[{"name":"wp","href":"https:\/\/api.w.org\/{rel}","templated":true}]}}