{"id":6606,"date":"2025-06-04T19:10:07","date_gmt":"2025-06-04T19:10:07","guid":{"rendered":"https:\/\/aurimasb15.sg-host.com\/?post_type=product&#038;p=6606"},"modified":"2025-08-07T09:39:22","modified_gmt":"2025-08-07T09:39:22","slug":"elektromagnetinis-srauto-matuoklis-m1000","status":"publish","type":"product","link":"https:\/\/invertas.lt\/en\/produktai\/srauto-matuokliai\/elektromagnetinis-srauto-matuoklis-m1000\/","title":{"rendered":"BadgerMeter electromagnetic flowmeter M1000"},"content":{"rendered":"<h3 data-start=\"0\" data-end=\"14\">Fields of application<\/h3>\n<p data-start=\"19\" data-end=\"161\">II is the best choice for a wide variety of industrial applications, particularly in the water and wastewater treatment sector.<\/p>\n<h3 data-start=\"16\" data-end=\"183\">Features<\/h3>\n<ul>\n<li>Can be used with all measuring tubes<\/li>\n<li>Accuracy: \u00b1 0.3% of measured flow rate<\/li>\n<li>Srauto grei\u010dio diapazonas: 0,03 &#8211; 12 m\/s<\/li>\n<li>DN 6 &#8211; DN 500 (1\/4&#8243; &#8211; 20&#8243;)<\/li>\n<li>IP67 protection<\/li>\n<li>Modbus\u00ae, HART\u2122, MBUS, Ethernet interfaces<\/li>\n<\/ul>","protected":false},"excerpt":{"rendered":"<p>Taikymo sritys II yra geriausias pasirinkimas \u012fvairioms pramonin\u0117ms reikm\u0117ms, ypa\u010d vandens ir nuotek\u0173 valymo sektoriuje. Savyb\u0117s Gali b\u016bti naudojamas su visais matavimo vamzd\u017eiais Tikslumas: \u00b1 0,3 % nuo matuojamo srauto Srauto grei\u010dio diapazonas: 0,03 &#8211; 12 m\/s DN 6 &#8211; DN 500 (1\/4&#8243; &#8211; 20&#8243;) IP67 apsauga Modbus\u00ae, HART\u2122, MBUS, Ethernet s\u0105sajos<\/p>","protected":false},"featured_media":8357,"comment_status":"open","ping_status":"closed","template":"","meta":{"_acf_changed":false,"inline_featured_image":false},"product_brand":[],"product_cat":[279],"product_tag":[],"class_list":{"0":"post-6606","1":"product","2":"type-product","3":"status-publish","4":"has-post-thumbnail","6":"product_cat-srauto-matuokliai","8":"first","9":"instock","10":"shipping-taxable","11":"purchasable","12":"product-type-simple"},"acf":[],"yoast_head":"<!-- This site is optimized with the Yoast SEO plugin v25.5 - https:\/\/yoast.com\/wordpress\/plugins\/seo\/ -->\n<title>BadgerMeter elektromagnetinis debitomatis M1000 - Invertas<\/title>\n<meta name=\"description\" content=\"Tikslus (\u00b10,3\u202f%) srauto matuoklis pramon\u0117s ir vandens valymo sektoriui, tinkantis vamzd\u017eiams DN 6\u2013500, su srauto grei\u010diu 0,03\u201312 m\/s, IP67 apsauga.\" \/>\n<meta name=\"robots\" content=\"index, follow, max-snippet:-1, max-image-preview:large, max-video-preview:-1\" \/>\n<link rel=\"canonical\" href=\"https:\/\/invertas.lt\/en\/produktai\/srauto-matuokliai\/elektromagnetinis-srauto-matuoklis-m1000\/\" \/>\n<meta property=\"og:locale\" content=\"en_GB\" \/>\n<meta property=\"og:type\" content=\"article\" \/>\n<meta property=\"og:title\" content=\"BadgerMeter elektromagnetinis debitomatis M1000 - Invertas\" \/>\n<meta property=\"og:description\" content=\"Tikslus (\u00b10,3\u202f%) srauto matuoklis pramon\u0117s ir vandens valymo sektoriui, tinkantis vamzd\u017eiams DN 6\u2013500, su srauto grei\u010diu 0,03\u201312 m\/s, IP67 apsauga.\" \/>\n<meta property=\"og:url\" content=\"https:\/\/invertas.lt\/en\/produktai\/srauto-matuokliai\/elektromagnetinis-srauto-matuoklis-m1000\/\" \/>\n<meta property=\"og:site_name\" content=\"Invertas\" \/>\n<meta property=\"article:modified_time\" content=\"2025-08-07T09:39:22+00:00\" \/>\n<meta property=\"og:image\" content=\"https:\/\/invertas.lt\/wp-content\/uploads\/2025\/06\/ModMAG-M1000-low-res.jpg\" \/>\n\t<meta property=\"og:image:width\" content=\"600\" \/>\n\t<meta property=\"og:image:height\" content=\"685\" \/>\n\t<meta property=\"og:image:type\" content=\"image\/jpeg\" \/>\n<meta name=\"twitter:card\" content=\"summary_large_image\" \/>\n<meta name=\"twitter:label1\" content=\"Estimated reading time\" \/>\n\t<meta name=\"twitter:data1\" content=\"1 minute\" \/>\n<script type=\"application\/ld+json\" class=\"yoast-schema-graph\">{\"@context\":\"https:\/\/schema.org\",\"@graph\":[{\"@type\":\"WebPage\",\"@id\":\"https:\/\/invertas.lt\/produktai\/srauto-matuokliai\/elektromagnetinis-srauto-matuoklis-m1000\/\",\"url\":\"https:\/\/invertas.lt\/produktai\/srauto-matuokliai\/elektromagnetinis-srauto-matuoklis-m1000\/\",\"name\":\"BadgerMeter elektromagnetinis debitomatis M1000 - Invertas\",\"isPartOf\":{\"@id\":\"https:\/\/invertas.lt\/#website\"},\"primaryImageOfPage\":{\"@id\":\"https:\/\/invertas.lt\/produktai\/srauto-matuokliai\/elektromagnetinis-srauto-matuoklis-m1000\/#primaryimage\"},\"image\":{\"@id\":\"https:\/\/invertas.lt\/produktai\/srauto-matuokliai\/elektromagnetinis-srauto-matuoklis-m1000\/#primaryimage\"},\"thumbnailUrl\":\"https:\/\/invertas.lt\/wp-content\/uploads\/2025\/06\/ModMAG-M1000-low-res.jpg\",\"datePublished\":\"2025-06-04T19:10:07+00:00\",\"dateModified\":\"2025-08-07T09:39:22+00:00\",\"description\":\"Tikslus (\u00b10,3\u202f%) srauto matuoklis pramon\u0117s ir vandens valymo sektoriui, tinkantis vamzd\u017eiams DN 6\u2013500, su srauto grei\u010diu 0,03\u201312 m\/s, IP67 apsauga.\",\"breadcrumb\":{\"@id\":\"https:\/\/invertas.lt\/produktai\/srauto-matuokliai\/elektromagnetinis-srauto-matuoklis-m1000\/#breadcrumb\"},\"inLanguage\":\"en-GB\",\"potentialAction\":[{\"@type\":\"ReadAction\",\"target\":[\"https:\/\/invertas.lt\/produktai\/srauto-matuokliai\/elektromagnetinis-srauto-matuoklis-m1000\/\"]}]},{\"@type\":\"ImageObject\",\"inLanguage\":\"en-GB\",\"@id\":\"https:\/\/invertas.lt\/produktai\/srauto-matuokliai\/elektromagnetinis-srauto-matuoklis-m1000\/#primaryimage\",\"url\":\"https:\/\/invertas.lt\/wp-content\/uploads\/2025\/06\/ModMAG-M1000-low-res.jpg\",\"contentUrl\":\"https:\/\/invertas.lt\/wp-content\/uploads\/2025\/06\/ModMAG-M1000-low-res.jpg\",\"width\":600,\"height\":685},{\"@type\":\"BreadcrumbList\",\"@id\":\"https:\/\/invertas.lt\/produktai\/srauto-matuokliai\/elektromagnetinis-srauto-matuoklis-m1000\/#breadcrumb\",\"itemListElement\":[{\"@type\":\"ListItem\",\"position\":1,\"name\":\"Prad\u017eia\",\"item\":\"https:\/\/invertas.lt\/\"},{\"@type\":\"ListItem\",\"position\":2,\"name\":\"Products\",\"item\":\"https:\/\/invertas.lt\/shop\/\"},{\"@type\":\"ListItem\",\"position\":3,\"name\":\"Srauto matuokliai\",\"item\":\"https:\/\/invertas.lt\/.\/srauto-matuokliai\/\"},{\"@type\":\"ListItem\",\"position\":4,\"name\":\"BadgerMeter elektromagnetinis debitomatis M1000\"}]},{\"@type\":\"WebSite\",\"@id\":\"https:\/\/invertas.lt\/#website\",\"url\":\"https:\/\/invertas.lt\/\",\"name\":\"Invertas\",\"description\":\"\",\"publisher\":{\"@id\":\"https:\/\/invertas.lt\/#organization\"},\"potentialAction\":[{\"@type\":\"SearchAction\",\"target\":{\"@type\":\"EntryPoint\",\"urlTemplate\":\"https:\/\/invertas.lt\/?s={search_term_string}\"},\"query-input\":{\"@type\":\"PropertyValueSpecification\",\"valueRequired\":true,\"valueName\":\"search_term_string\"}}],\"inLanguage\":\"en-GB\"},{\"@type\":\"Organization\",\"@id\":\"https:\/\/invertas.lt\/#organization\",\"name\":\"Invertas\",\"url\":\"https:\/\/invertas.lt\/\",\"logo\":{\"@type\":\"ImageObject\",\"inLanguage\":\"en-GB\",\"@id\":\"https:\/\/invertas.lt\/#\/schema\/logo\/image\/\",\"url\":\"https:\/\/invertas.lt\/wp-content\/uploads\/2025\/03\/New-Text-Document-2.svg\",\"contentUrl\":\"https:\/\/invertas.lt\/wp-content\/uploads\/2025\/03\/New-Text-Document-2.svg\",\"width\":140,\"height\":39,\"caption\":\"Invertas\"},\"image\":{\"@id\":\"https:\/\/invertas.lt\/#\/schema\/logo\/image\/\"}}]}<\/script>\n<!-- \/ Yoast SEO plugin. -->","yoast_head_json":{"title":"BadgerMeter elektromagnetinis debitomatis M1000 - Invertas","description":"Tikslus (\u00b10,3\u202f%) srauto matuoklis pramon\u0117s ir vandens valymo sektoriui, tinkantis vamzd\u017eiams DN 6\u2013500, su srauto grei\u010diu 0,03\u201312 m\/s, IP67 apsauga.","robots":{"index":"index","follow":"follow","max-snippet":"max-snippet:-1","max-image-preview":"max-image-preview:large","max-video-preview":"max-video-preview:-1"},"canonical":"https:\/\/invertas.lt\/en\/produktai\/srauto-matuokliai\/elektromagnetinis-srauto-matuoklis-m1000\/","og_locale":"en_GB","og_type":"article","og_title":"BadgerMeter elektromagnetinis debitomatis M1000 - Invertas","og_description":"Tikslus (\u00b10,3\u202f%) srauto matuoklis pramon\u0117s ir vandens valymo sektoriui, tinkantis vamzd\u017eiams DN 6\u2013500, su srauto grei\u010diu 0,03\u201312 m\/s, IP67 apsauga.","og_url":"https:\/\/invertas.lt\/en\/produktai\/srauto-matuokliai\/elektromagnetinis-srauto-matuoklis-m1000\/","og_site_name":"Invertas","article_modified_time":"2025-08-07T09:39:22+00:00","og_image":[{"width":600,"height":685,"url":"https:\/\/invertas.lt\/wp-content\/uploads\/2025\/06\/ModMAG-M1000-low-res.jpg","type":"image\/jpeg"}],"twitter_card":"summary_large_image","twitter_misc":{"Estimated reading time":"1 minute"},"schema":{"@context":"https:\/\/schema.org","@graph":[{"@type":"WebPage","@id":"https:\/\/invertas.lt\/produktai\/srauto-matuokliai\/elektromagnetinis-srauto-matuoklis-m1000\/","url":"https:\/\/invertas.lt\/produktai\/srauto-matuokliai\/elektromagnetinis-srauto-matuoklis-m1000\/","name":"BadgerMeter elektromagnetinis debitomatis M1000 - Invertas","isPartOf":{"@id":"https:\/\/invertas.lt\/#website"},"primaryImageOfPage":{"@id":"https:\/\/invertas.lt\/produktai\/srauto-matuokliai\/elektromagnetinis-srauto-matuoklis-m1000\/#primaryimage"},"image":{"@id":"https:\/\/invertas.lt\/produktai\/srauto-matuokliai\/elektromagnetinis-srauto-matuoklis-m1000\/#primaryimage"},"thumbnailUrl":"https:\/\/invertas.lt\/wp-content\/uploads\/2025\/06\/ModMAG-M1000-low-res.jpg","datePublished":"2025-06-04T19:10:07+00:00","dateModified":"2025-08-07T09:39:22+00:00","description":"Tikslus (\u00b10,3\u202f%) srauto matuoklis pramon\u0117s ir vandens valymo sektoriui, tinkantis vamzd\u017eiams DN 6\u2013500, su srauto grei\u010diu 0,03\u201312 m\/s, IP67 apsauga.","breadcrumb":{"@id":"https:\/\/invertas.lt\/produktai\/srauto-matuokliai\/elektromagnetinis-srauto-matuoklis-m1000\/#breadcrumb"},"inLanguage":"en-GB","potentialAction":[{"@type":"ReadAction","target":["https:\/\/invertas.lt\/produktai\/srauto-matuokliai\/elektromagnetinis-srauto-matuoklis-m1000\/"]}]},{"@type":"ImageObject","inLanguage":"en-GB","@id":"https:\/\/invertas.lt\/produktai\/srauto-matuokliai\/elektromagnetinis-srauto-matuoklis-m1000\/#primaryimage","url":"https:\/\/invertas.lt\/wp-content\/uploads\/2025\/06\/ModMAG-M1000-low-res.jpg","contentUrl":"https:\/\/invertas.lt\/wp-content\/uploads\/2025\/06\/ModMAG-M1000-low-res.jpg","width":600,"height":685},{"@type":"BreadcrumbList","@id":"https:\/\/invertas.lt\/produktai\/srauto-matuokliai\/elektromagnetinis-srauto-matuoklis-m1000\/#breadcrumb","itemListElement":[{"@type":"ListItem","position":1,"name":"Prad\u017eia","item":"https:\/\/invertas.lt\/"},{"@type":"ListItem","position":2,"name":"Products","item":"https:\/\/invertas.lt\/shop\/"},{"@type":"ListItem","position":3,"name":"Srauto matuokliai","item":"https:\/\/invertas.lt\/.\/srauto-matuokliai\/"},{"@type":"ListItem","position":4,"name":"BadgerMeter elektromagnetinis debitomatis M1000"}]},{"@type":"WebSite","@id":"https:\/\/invertas.lt\/#website","url":"https:\/\/invertas.lt\/","name":"Invert","description":"","publisher":{"@id":"https:\/\/invertas.lt\/#organization"},"potentialAction":[{"@type":"SearchAction","target":{"@type":"EntryPoint","urlTemplate":"https:\/\/invertas.lt\/?s={search_term_string}"},"query-input":{"@type":"PropertyValueSpecification","valueRequired":true,"valueName":"search_term_string"}}],"inLanguage":"en-GB"},{"@type":"Organization","@id":"https:\/\/invertas.lt\/#organization","name":"Invert","url":"https:\/\/invertas.lt\/","logo":{"@type":"ImageObject","inLanguage":"en-GB","@id":"https:\/\/invertas.lt\/#\/schema\/logo\/image\/","url":"https:\/\/invertas.lt\/wp-content\/uploads\/2025\/03\/New-Text-Document-2.svg","contentUrl":"https:\/\/invertas.lt\/wp-content\/uploads\/2025\/03\/New-Text-Document-2.svg","width":140,"height":39,"caption":"Invertas"},"image":{"@id":"https:\/\/invertas.lt\/#\/schema\/logo\/image\/"}}]}},"_links":{"self":[{"href":"https:\/\/invertas.lt\/en\/wp-json\/wp\/v2\/product\/6606","targetHints":{"allow":["GET"]}}],"collection":[{"href":"https:\/\/invertas.lt\/en\/wp-json\/wp\/v2\/product"}],"about":[{"href":"https:\/\/invertas.lt\/en\/wp-json\/wp\/v2\/types\/product"}],"replies":[{"embeddable":true,"href":"https:\/\/invertas.lt\/en\/wp-json\/wp\/v2\/comments?post=6606"}],"wp:featuredmedia":[{"embeddable":true,"href":"https:\/\/invertas.lt\/en\/wp-json\/wp\/v2\/media\/8357"}],"wp:attachment":[{"href":"https:\/\/invertas.lt\/en\/wp-json\/wp\/v2\/media?parent=6606"}],"wp:term":[{"taxonomy":"product_brand","embeddable":true,"href":"https:\/\/invertas.lt\/en\/wp-json\/wp\/v2\/product_brand?post=6606"},{"taxonomy":"product_cat","embeddable":true,"href":"https:\/\/invertas.lt\/en\/wp-json\/wp\/v2\/product_cat?post=6606"},{"taxonomy":"product_tag","embeddable":true,"href":"https:\/\/invertas.lt\/en\/wp-json\/wp\/v2\/product_tag?post=6606"}],"curies":[{"name":"wp","href":"https:\/\/api.w.org\/{rel}","templated":true}]}}