{"id":6543,"date":"2025-06-03T18:46:27","date_gmt":"2025-06-03T18:46:27","guid":{"rendered":"https:\/\/aurimasb15.sg-host.com\/?post_type=product&#038;p=6543"},"modified":"2025-08-07T09:31:59","modified_gmt":"2025-08-07T09:31:59","slug":"detektorius-fsx-skersmuo-nuo-50-iki-100-mm-skirtas-prispaudziamam-ultragarsiniam-garo-srauto-matuokliui-fsj","status":"publish","type":"product","link":"https:\/\/invertas.lt\/en\/produktai\/srauto-matuokliai\/detektorius-fsx-skersmuo-nuo-50-iki-100-mm-skirtas-prispaudziamam-ultragarsiniam-garo-srauto-matuokliui-fsj\/","title":{"rendered":"Fuji Electric sensor FSX \u2013 50 to 100 mm, for steam flow meter FSJ"},"content":{"rendered":"<p data-start=\"0\" data-end=\"15\"><strong>Areas of application:<\/strong><\/p>\n<p data-start=\"17\" data-end=\"155\">Renewable energy (district heating), metal, paper, food and pharmaceutical industries, thermal energy (boiler equipment).<\/p>\n<p data-start=\"157\" data-end=\"165\"><strong>Features:<\/strong><\/p>\n<ul data-start=\"167\" data-end=\"439\" data-is-last-node=\"\" data-is-only-node=\"\">\n<li data-start=\"167\" data-end=\"212\">\n<p data-start=\"169\" data-end=\"212\">Fast, safe and economical installation<\/p>\n<\/li>\n<li data-start=\"213\" data-end=\"246\">\n<p data-start=\"215\" data-end=\"246\">Accurate and reliable measurements<\/p>\n<\/li>\n<li data-start=\"247\" data-end=\"289\">\n<p data-start=\"249\" data-end=\"289\">High flexibility, wide application<\/p>\n<\/li>\n<li data-start=\"290\" data-end=\"327\">\n<p data-start=\"292\" data-end=\"327\">Early detection of steam leaks<\/p>\n<\/li>\n<li data-start=\"328\" data-end=\"363\">\n<p data-start=\"330\" data-end=\"363\">Process monitoring and corrections<\/p>\n<\/li>\n<li data-start=\"364\" data-end=\"393\">\n<p data-start=\"366\" data-end=\"393\">Low maintenance costs<\/p>\n<\/li>\n<li data-start=\"394\" data-end=\"439\" data-is-last-node=\"\">\n<p data-start=\"396\" data-end=\"439\" data-is-last-node=\"\">Resistance to harsh industrial conditions<\/p>\n<\/li>\n<\/ul>","protected":false},"excerpt":{"rendered":"<p>Taikymo sritys: Atsinaujinanti energija (centralizuotas \u0161ildymas), metalo, popieriaus, maisto ir farmacijos pramon\u0117, \u0161ilumin\u0117 energija (katilini\u0173 \u012franga). Savyb\u0117s: Greitas, saugus ir ekonomi\u0161kas montavimas Tiksl\u016bs ir patikimi matavimai Didelis lankstumas, platus pritaikymas Ankstyvas garo nuot\u0117kio aptikimas Proces\u0173 steb\u0117sena ir korekcijos Ma\u017eos prie\u017ei\u016bros s\u0105naudos Atsparumas sud\u0117tingoms pramonin\u0117ms s\u0105lygoms<\/p>","protected":false},"featured_media":6580,"comment_status":"open","ping_status":"closed","template":"","meta":{"_acf_changed":false,"inline_featured_image":false},"product_brand":[],"product_cat":[279],"product_tag":[],"class_list":{"0":"post-6543","1":"product","2":"type-product","3":"status-publish","4":"has-post-thumbnail","6":"product_cat-srauto-matuokliai","8":"first","9":"instock","10":"shipping-taxable","11":"purchasable","12":"product-type-variable"},"acf":[],"yoast_head":"<!-- This site is optimized with the Yoast SEO plugin v25.5 - https:\/\/yoast.com\/wordpress\/plugins\/seo\/ -->\n<title>Fuji Electric jutiklis FSX \u2013 50 iki 100 mm, garo debitoma\u010diui FSJ - Invertas<\/title>\n<meta name=\"description\" content=\"Taikymas: atsinaujinanti energija, metalo, popieriaus, maisto ir farmacijos pramon\u0117, \u0161ilumin\u0117 energija.Savyb\u0117s: tiksl\u016bs matavimai, greitas montavimas.\" \/>\n<meta name=\"robots\" content=\"index, follow, max-snippet:-1, max-image-preview:large, max-video-preview:-1\" \/>\n<link rel=\"canonical\" href=\"https:\/\/invertas.lt\/en\/produktai\/srauto-matuokliai\/detektorius-fsx-skersmuo-nuo-50-iki-100-mm-skirtas-prispaudziamam-ultragarsiniam-garo-srauto-matuokliui-fsj\/\" \/>\n<meta property=\"og:locale\" content=\"en_GB\" \/>\n<meta property=\"og:type\" content=\"article\" \/>\n<meta property=\"og:title\" content=\"Fuji Electric jutiklis FSX \u2013 50 iki 100 mm, garo debitoma\u010diui FSJ - Invertas\" \/>\n<meta property=\"og:description\" content=\"Taikymas: atsinaujinanti energija, metalo, popieriaus, maisto ir farmacijos pramon\u0117, \u0161ilumin\u0117 energija.Savyb\u0117s: tiksl\u016bs matavimai, greitas montavimas.\" \/>\n<meta property=\"og:url\" content=\"https:\/\/invertas.lt\/en\/produktai\/srauto-matuokliai\/detektorius-fsx-skersmuo-nuo-50-iki-100-mm-skirtas-prispaudziamam-ultragarsiniam-garo-srauto-matuokliui-fsj\/\" \/>\n<meta property=\"og:site_name\" content=\"Invertas\" \/>\n<meta property=\"article:modified_time\" content=\"2025-08-07T09:31:59+00:00\" \/>\n<meta property=\"og:image\" content=\"https:\/\/invertas.lt\/wp-content\/uploads\/2025\/06\/fsx-vue-generale-header-fr-en.webp\" \/>\n\t<meta property=\"og:image:width\" content=\"682\" \/>\n\t<meta property=\"og:image:height\" content=\"682\" \/>\n\t<meta property=\"og:image:type\" content=\"image\/webp\" \/>\n<meta name=\"twitter:card\" content=\"summary_large_image\" \/>\n<meta name=\"twitter:label1\" content=\"Estimated reading time\" \/>\n\t<meta name=\"twitter:data1\" content=\"1 minute\" \/>\n<script type=\"application\/ld+json\" class=\"yoast-schema-graph\">{\"@context\":\"https:\/\/schema.org\",\"@graph\":[{\"@type\":\"WebPage\",\"@id\":\"https:\/\/invertas.lt\/produktai\/srauto-matuokliai\/detektorius-fsx-skersmuo-nuo-50-iki-100-mm-skirtas-prispaudziamam-ultragarsiniam-garo-srauto-matuokliui-fsj\/\",\"url\":\"https:\/\/invertas.lt\/produktai\/srauto-matuokliai\/detektorius-fsx-skersmuo-nuo-50-iki-100-mm-skirtas-prispaudziamam-ultragarsiniam-garo-srauto-matuokliui-fsj\/\",\"name\":\"Fuji Electric jutiklis FSX \u2013 50 iki 100 mm, garo debitoma\u010diui FSJ - Invertas\",\"isPartOf\":{\"@id\":\"https:\/\/invertas.lt\/#website\"},\"primaryImageOfPage\":{\"@id\":\"https:\/\/invertas.lt\/produktai\/srauto-matuokliai\/detektorius-fsx-skersmuo-nuo-50-iki-100-mm-skirtas-prispaudziamam-ultragarsiniam-garo-srauto-matuokliui-fsj\/#primaryimage\"},\"image\":{\"@id\":\"https:\/\/invertas.lt\/produktai\/srauto-matuokliai\/detektorius-fsx-skersmuo-nuo-50-iki-100-mm-skirtas-prispaudziamam-ultragarsiniam-garo-srauto-matuokliui-fsj\/#primaryimage\"},\"thumbnailUrl\":\"https:\/\/invertas.lt\/wp-content\/uploads\/2025\/06\/fsx-vue-generale-header-fr-en.webp\",\"datePublished\":\"2025-06-03T18:46:27+00:00\",\"dateModified\":\"2025-08-07T09:31:59+00:00\",\"description\":\"Taikymas: atsinaujinanti energija, metalo, popieriaus, maisto ir farmacijos pramon\u0117, \u0161ilumin\u0117 energija.Savyb\u0117s: tiksl\u016bs matavimai, greitas montavimas.\",\"breadcrumb\":{\"@id\":\"https:\/\/invertas.lt\/produktai\/srauto-matuokliai\/detektorius-fsx-skersmuo-nuo-50-iki-100-mm-skirtas-prispaudziamam-ultragarsiniam-garo-srauto-matuokliui-fsj\/#breadcrumb\"},\"inLanguage\":\"en-GB\",\"potentialAction\":[{\"@type\":\"ReadAction\",\"target\":[\"https:\/\/invertas.lt\/produktai\/srauto-matuokliai\/detektorius-fsx-skersmuo-nuo-50-iki-100-mm-skirtas-prispaudziamam-ultragarsiniam-garo-srauto-matuokliui-fsj\/\"]}]},{\"@type\":\"ImageObject\",\"inLanguage\":\"en-GB\",\"@id\":\"https:\/\/invertas.lt\/produktai\/srauto-matuokliai\/detektorius-fsx-skersmuo-nuo-50-iki-100-mm-skirtas-prispaudziamam-ultragarsiniam-garo-srauto-matuokliui-fsj\/#primaryimage\",\"url\":\"https:\/\/invertas.lt\/wp-content\/uploads\/2025\/06\/fsx-vue-generale-header-fr-en.webp\",\"contentUrl\":\"https:\/\/invertas.lt\/wp-content\/uploads\/2025\/06\/fsx-vue-generale-header-fr-en.webp\",\"width\":682,\"height\":682},{\"@type\":\"BreadcrumbList\",\"@id\":\"https:\/\/invertas.lt\/produktai\/srauto-matuokliai\/detektorius-fsx-skersmuo-nuo-50-iki-100-mm-skirtas-prispaudziamam-ultragarsiniam-garo-srauto-matuokliui-fsj\/#breadcrumb\",\"itemListElement\":[{\"@type\":\"ListItem\",\"position\":1,\"name\":\"Prad\u017eia\",\"item\":\"https:\/\/invertas.lt\/\"},{\"@type\":\"ListItem\",\"position\":2,\"name\":\"Products\",\"item\":\"https:\/\/invertas.lt\/shop\/\"},{\"@type\":\"ListItem\",\"position\":3,\"name\":\"Srauto matuokliai\",\"item\":\"https:\/\/invertas.lt\/.\/srauto-matuokliai\/\"},{\"@type\":\"ListItem\",\"position\":4,\"name\":\"Fuji Electric jutiklis FSX \u2013 50 iki 100 mm, garo debitoma\u010diui FSJ\"}]},{\"@type\":\"WebSite\",\"@id\":\"https:\/\/invertas.lt\/#website\",\"url\":\"https:\/\/invertas.lt\/\",\"name\":\"Invertas\",\"description\":\"\",\"publisher\":{\"@id\":\"https:\/\/invertas.lt\/#organization\"},\"potentialAction\":[{\"@type\":\"SearchAction\",\"target\":{\"@type\":\"EntryPoint\",\"urlTemplate\":\"https:\/\/invertas.lt\/?s={search_term_string}\"},\"query-input\":{\"@type\":\"PropertyValueSpecification\",\"valueRequired\":true,\"valueName\":\"search_term_string\"}}],\"inLanguage\":\"en-GB\"},{\"@type\":\"Organization\",\"@id\":\"https:\/\/invertas.lt\/#organization\",\"name\":\"Invertas\",\"url\":\"https:\/\/invertas.lt\/\",\"logo\":{\"@type\":\"ImageObject\",\"inLanguage\":\"en-GB\",\"@id\":\"https:\/\/invertas.lt\/#\/schema\/logo\/image\/\",\"url\":\"https:\/\/invertas.lt\/wp-content\/uploads\/2025\/03\/New-Text-Document-2.svg\",\"contentUrl\":\"https:\/\/invertas.lt\/wp-content\/uploads\/2025\/03\/New-Text-Document-2.svg\",\"width\":140,\"height\":39,\"caption\":\"Invertas\"},\"image\":{\"@id\":\"https:\/\/invertas.lt\/#\/schema\/logo\/image\/\"}}]}<\/script>\n<!-- \/ Yoast SEO plugin. -->","yoast_head_json":{"title":"Fuji Electric jutiklis FSX \u2013 50 iki 100 mm, garo debitoma\u010diui FSJ - Invertas","description":"Taikymas: atsinaujinanti energija, metalo, popieriaus, maisto ir farmacijos pramon\u0117, \u0161ilumin\u0117 energija.Savyb\u0117s: tiksl\u016bs matavimai, greitas montavimas.","robots":{"index":"index","follow":"follow","max-snippet":"max-snippet:-1","max-image-preview":"max-image-preview:large","max-video-preview":"max-video-preview:-1"},"canonical":"https:\/\/invertas.lt\/en\/produktai\/srauto-matuokliai\/detektorius-fsx-skersmuo-nuo-50-iki-100-mm-skirtas-prispaudziamam-ultragarsiniam-garo-srauto-matuokliui-fsj\/","og_locale":"en_GB","og_type":"article","og_title":"Fuji Electric jutiklis FSX \u2013 50 iki 100 mm, garo debitoma\u010diui FSJ - Invertas","og_description":"Taikymas: atsinaujinanti energija, metalo, popieriaus, maisto ir farmacijos pramon\u0117, \u0161ilumin\u0117 energija.Savyb\u0117s: tiksl\u016bs matavimai, greitas montavimas.","og_url":"https:\/\/invertas.lt\/en\/produktai\/srauto-matuokliai\/detektorius-fsx-skersmuo-nuo-50-iki-100-mm-skirtas-prispaudziamam-ultragarsiniam-garo-srauto-matuokliui-fsj\/","og_site_name":"Invertas","article_modified_time":"2025-08-07T09:31:59+00:00","og_image":[{"width":682,"height":682,"url":"https:\/\/invertas.lt\/wp-content\/uploads\/2025\/06\/fsx-vue-generale-header-fr-en.webp","type":"image\/webp"}],"twitter_card":"summary_large_image","twitter_misc":{"Estimated reading time":"1 minute"},"schema":{"@context":"https:\/\/schema.org","@graph":[{"@type":"WebPage","@id":"https:\/\/invertas.lt\/produktai\/srauto-matuokliai\/detektorius-fsx-skersmuo-nuo-50-iki-100-mm-skirtas-prispaudziamam-ultragarsiniam-garo-srauto-matuokliui-fsj\/","url":"https:\/\/invertas.lt\/produktai\/srauto-matuokliai\/detektorius-fsx-skersmuo-nuo-50-iki-100-mm-skirtas-prispaudziamam-ultragarsiniam-garo-srauto-matuokliui-fsj\/","name":"Fuji Electric jutiklis FSX \u2013 50 iki 100 mm, garo debitoma\u010diui FSJ - Invertas","isPartOf":{"@id":"https:\/\/invertas.lt\/#website"},"primaryImageOfPage":{"@id":"https:\/\/invertas.lt\/produktai\/srauto-matuokliai\/detektorius-fsx-skersmuo-nuo-50-iki-100-mm-skirtas-prispaudziamam-ultragarsiniam-garo-srauto-matuokliui-fsj\/#primaryimage"},"image":{"@id":"https:\/\/invertas.lt\/produktai\/srauto-matuokliai\/detektorius-fsx-skersmuo-nuo-50-iki-100-mm-skirtas-prispaudziamam-ultragarsiniam-garo-srauto-matuokliui-fsj\/#primaryimage"},"thumbnailUrl":"https:\/\/invertas.lt\/wp-content\/uploads\/2025\/06\/fsx-vue-generale-header-fr-en.webp","datePublished":"2025-06-03T18:46:27+00:00","dateModified":"2025-08-07T09:31:59+00:00","description":"Taikymas: atsinaujinanti energija, metalo, popieriaus, maisto ir farmacijos pramon\u0117, \u0161ilumin\u0117 energija.Savyb\u0117s: tiksl\u016bs matavimai, greitas montavimas.","breadcrumb":{"@id":"https:\/\/invertas.lt\/produktai\/srauto-matuokliai\/detektorius-fsx-skersmuo-nuo-50-iki-100-mm-skirtas-prispaudziamam-ultragarsiniam-garo-srauto-matuokliui-fsj\/#breadcrumb"},"inLanguage":"en-GB","potentialAction":[{"@type":"ReadAction","target":["https:\/\/invertas.lt\/produktai\/srauto-matuokliai\/detektorius-fsx-skersmuo-nuo-50-iki-100-mm-skirtas-prispaudziamam-ultragarsiniam-garo-srauto-matuokliui-fsj\/"]}]},{"@type":"ImageObject","inLanguage":"en-GB","@id":"https:\/\/invertas.lt\/produktai\/srauto-matuokliai\/detektorius-fsx-skersmuo-nuo-50-iki-100-mm-skirtas-prispaudziamam-ultragarsiniam-garo-srauto-matuokliui-fsj\/#primaryimage","url":"https:\/\/invertas.lt\/wp-content\/uploads\/2025\/06\/fsx-vue-generale-header-fr-en.webp","contentUrl":"https:\/\/invertas.lt\/wp-content\/uploads\/2025\/06\/fsx-vue-generale-header-fr-en.webp","width":682,"height":682},{"@type":"BreadcrumbList","@id":"https:\/\/invertas.lt\/produktai\/srauto-matuokliai\/detektorius-fsx-skersmuo-nuo-50-iki-100-mm-skirtas-prispaudziamam-ultragarsiniam-garo-srauto-matuokliui-fsj\/#breadcrumb","itemListElement":[{"@type":"ListItem","position":1,"name":"Prad\u017eia","item":"https:\/\/invertas.lt\/"},{"@type":"ListItem","position":2,"name":"Products","item":"https:\/\/invertas.lt\/shop\/"},{"@type":"ListItem","position":3,"name":"Srauto matuokliai","item":"https:\/\/invertas.lt\/.\/srauto-matuokliai\/"},{"@type":"ListItem","position":4,"name":"Fuji Electric jutiklis FSX \u2013 50 iki 100 mm, garo debitoma\u010diui FSJ"}]},{"@type":"WebSite","@id":"https:\/\/invertas.lt\/#website","url":"https:\/\/invertas.lt\/","name":"Invert","description":"","publisher":{"@id":"https:\/\/invertas.lt\/#organization"},"potentialAction":[{"@type":"SearchAction","target":{"@type":"EntryPoint","urlTemplate":"https:\/\/invertas.lt\/?s={search_term_string}"},"query-input":{"@type":"PropertyValueSpecification","valueRequired":true,"valueName":"search_term_string"}}],"inLanguage":"en-GB"},{"@type":"Organization","@id":"https:\/\/invertas.lt\/#organization","name":"Invert","url":"https:\/\/invertas.lt\/","logo":{"@type":"ImageObject","inLanguage":"en-GB","@id":"https:\/\/invertas.lt\/#\/schema\/logo\/image\/","url":"https:\/\/invertas.lt\/wp-content\/uploads\/2025\/03\/New-Text-Document-2.svg","contentUrl":"https:\/\/invertas.lt\/wp-content\/uploads\/2025\/03\/New-Text-Document-2.svg","width":140,"height":39,"caption":"Invertas"},"image":{"@id":"https:\/\/invertas.lt\/#\/schema\/logo\/image\/"}}]}},"_links":{"self":[{"href":"https:\/\/invertas.lt\/en\/wp-json\/wp\/v2\/product\/6543","targetHints":{"allow":["GET"]}}],"collection":[{"href":"https:\/\/invertas.lt\/en\/wp-json\/wp\/v2\/product"}],"about":[{"href":"https:\/\/invertas.lt\/en\/wp-json\/wp\/v2\/types\/product"}],"replies":[{"embeddable":true,"href":"https:\/\/invertas.lt\/en\/wp-json\/wp\/v2\/comments?post=6543"}],"wp:featuredmedia":[{"embeddable":true,"href":"https:\/\/invertas.lt\/en\/wp-json\/wp\/v2\/media\/6580"}],"wp:attachment":[{"href":"https:\/\/invertas.lt\/en\/wp-json\/wp\/v2\/media?parent=6543"}],"wp:term":[{"taxonomy":"product_brand","embeddable":true,"href":"https:\/\/invertas.lt\/en\/wp-json\/wp\/v2\/product_brand?post=6543"},{"taxonomy":"product_cat","embeddable":true,"href":"https:\/\/invertas.lt\/en\/wp-json\/wp\/v2\/product_cat?post=6543"},{"taxonomy":"product_tag","embeddable":true,"href":"https:\/\/invertas.lt\/en\/wp-json\/wp\/v2\/product_tag?post=6543"}],"curies":[{"name":"wp","href":"https:\/\/api.w.org\/{rel}","templated":true}]}}