{"id":6530,"date":"2025-06-03T18:12:13","date_gmt":"2025-06-03T18:12:13","guid":{"rendered":"https:\/\/aurimasb15.sg-host.com\/?post_type=product&#038;p=6530"},"modified":"2025-08-07T09:21:31","modified_gmt":"2025-08-07T09:21:31","slug":"jutiklis-fsd-skirtas-fsc-nesiojamajam-ultragarsiniam-srauto-matuokliui-su-srauto-greicio-profilio-funkcija","status":"publish","type":"product","link":"https:\/\/invertas.lt\/en\/produktai\/srauto-matuokliai\/jutiklis-fsd-skirtas-fsc-nesiojamajam-ultragarsiniam-srauto-matuokliui-su-srauto-greicio-profilio-funkcija\/","title":{"rendered":"Fuji Electric sensor \u2013 FSD \u2013 for FSC portable flowmeter"},"content":{"rendered":"<p data-start=\"20\" data-end=\"272\"><strong data-start=\"20\" data-end=\"39\">Areas of application:<\/strong><br data-start=\"39\" data-end=\"42\" \/>Leak detection and temporary flow measurement in pipes of any diameter, in clean and lightly contaminated liquids. Suitable for calibrating electromagnetic flow meters, pump control and balancing heating networks. Suitable for fast, reliable industrial measurements.<\/p>\n<p data-start=\"274\" data-end=\"288\"><strong data-start=\"274\" data-end=\"286\">Features:<\/strong><\/p>\n<ul data-start=\"289\" data-end=\"475\">\n<li data-start=\"289\" data-end=\"310\">\n<p data-start=\"291\" data-end=\"310\">Accurate measurement<\/p>\n<\/li>\n<li data-start=\"311\" data-end=\"359\">\n<p data-start=\"313\" data-end=\"359\">Push-in sensors, no pipe cutting required<\/p>\n<\/li>\n<li data-start=\"360\" data-end=\"382\">\n<p data-start=\"362\" data-end=\"382\">Quick installation<\/p>\n<\/li>\n<li data-start=\"383\" data-end=\"404\">\n<p data-start=\"385\" data-end=\"404\">Without moving parts<\/p>\n<\/li>\n<li data-start=\"405\" data-end=\"430\">\n<p data-start=\"407\" data-end=\"430\">No pressure loss<\/p>\n<\/li>\n<li data-start=\"431\" data-end=\"475\">\n<p data-start=\"433\" data-end=\"475\">Bidirectional measurement from -32 to +32 m\/s<\/p>\n<\/li>\n<\/ul>\n<p data-start=\"477\" data-end=\"530\" data-is-last-node=\"\" data-is-only-node=\"\">","protected":false},"excerpt":{"rendered":"<p>Taikymo sritys:Nuot\u0117ki\u0173 aptikimas ir laikinam srauto matavimui bet kokio diametro vamzd\u017eiuose, \u0161variuose ir lengvai u\u017eter\u0161tuose skys\u010diuose. Tinka elektromagnetini\u0173 srauto matuokli\u0173 kalibravimui, siurblio kontrolei ir \u0161ildymo tinkl\u0173 balansavimui. Tinka greitiems, patikimiems pramoniniams matavimams. Savyb\u0117s: Tikslus matavimas Prispaud\u017eiami jutikliai, be vamzd\u017eio pjovimo Greitas montavimas Be judan\u010di\u0173 dali\u0173 N\u0117ra sl\u0117gio nuostoli\u0173 Dvikryptis matavimas nuo -32 iki +32 m\/s<\/p>","protected":false},"featured_media":5517,"comment_status":"open","ping_status":"closed","template":"","meta":{"_acf_changed":false,"inline_featured_image":false},"product_brand":[],"product_cat":[279],"product_tag":[],"class_list":{"0":"post-6530","1":"product","2":"type-product","3":"status-publish","4":"has-post-thumbnail","6":"product_cat-srauto-matuokliai","8":"first","9":"instock","10":"shipping-taxable","11":"purchasable","12":"product-type-variable"},"acf":[],"yoast_head":"<!-- This site is optimized with the Yoast SEO plugin v25.5 - https:\/\/yoast.com\/wordpress\/plugins\/seo\/ -->\n<title>Fuji Electric jutiklis \u2013 FSD \u2013 skirtas FSC ne\u0161iojamajam debitoma\u010diui - Invertas<\/title>\n<meta name=\"description\" content=\"Ne\u0161iojamas ultragarsinis srauto matuoklis \u2013 tikslus skys\u010di\u0173 nuot\u0117ki\u0173 aptikimas ir laikinieji srauto matavimai vamzdynuose.\" \/>\n<meta name=\"robots\" content=\"index, follow, max-snippet:-1, max-image-preview:large, max-video-preview:-1\" \/>\n<link rel=\"canonical\" href=\"https:\/\/invertas.lt\/en\/produktai\/srauto-matuokliai\/jutiklis-fsd-skirtas-fsc-nesiojamajam-ultragarsiniam-srauto-matuokliui-su-srauto-greicio-profilio-funkcija\/\" \/>\n<meta property=\"og:locale\" content=\"en_GB\" \/>\n<meta property=\"og:type\" content=\"article\" \/>\n<meta property=\"og:title\" content=\"Fuji Electric jutiklis \u2013 FSD \u2013 skirtas FSC ne\u0161iojamajam debitoma\u010diui - Invertas\" \/>\n<meta property=\"og:description\" content=\"Ne\u0161iojamas ultragarsinis srauto matuoklis \u2013 tikslus skys\u010di\u0173 nuot\u0117ki\u0173 aptikimas ir laikinieji srauto matavimai vamzdynuose.\" \/>\n<meta property=\"og:url\" content=\"https:\/\/invertas.lt\/en\/produktai\/srauto-matuokliai\/jutiklis-fsd-skirtas-fsc-nesiojamajam-ultragarsiniam-srauto-matuokliui-su-srauto-greicio-profilio-funkcija\/\" \/>\n<meta property=\"og:site_name\" content=\"Invertas\" \/>\n<meta property=\"article:modified_time\" content=\"2025-08-07T09:21:31+00:00\" \/>\n<meta property=\"og:image\" content=\"https:\/\/invertas.lt\/wp-content\/uploads\/2025\/04\/fsc-fsd-reglette-vue-generale-header-fr-en.webp\" \/>\n\t<meta property=\"og:image:width\" content=\"682\" \/>\n\t<meta property=\"og:image:height\" content=\"682\" \/>\n\t<meta property=\"og:image:type\" content=\"image\/webp\" \/>\n<meta name=\"twitter:card\" content=\"summary_large_image\" \/>\n<meta name=\"twitter:label1\" content=\"Estimated reading time\" \/>\n\t<meta name=\"twitter:data1\" content=\"1 minute\" \/>\n<script type=\"application\/ld+json\" class=\"yoast-schema-graph\">{\"@context\":\"https:\/\/schema.org\",\"@graph\":[{\"@type\":\"WebPage\",\"@id\":\"https:\/\/invertas.lt\/produktai\/srauto-matuokliai\/jutiklis-fsd-skirtas-fsc-nesiojamajam-ultragarsiniam-srauto-matuokliui-su-srauto-greicio-profilio-funkcija\/\",\"url\":\"https:\/\/invertas.lt\/produktai\/srauto-matuokliai\/jutiklis-fsd-skirtas-fsc-nesiojamajam-ultragarsiniam-srauto-matuokliui-su-srauto-greicio-profilio-funkcija\/\",\"name\":\"Fuji Electric jutiklis \u2013 FSD \u2013 skirtas FSC ne\u0161iojamajam debitoma\u010diui - Invertas\",\"isPartOf\":{\"@id\":\"https:\/\/invertas.lt\/#website\"},\"primaryImageOfPage\":{\"@id\":\"https:\/\/invertas.lt\/produktai\/srauto-matuokliai\/jutiklis-fsd-skirtas-fsc-nesiojamajam-ultragarsiniam-srauto-matuokliui-su-srauto-greicio-profilio-funkcija\/#primaryimage\"},\"image\":{\"@id\":\"https:\/\/invertas.lt\/produktai\/srauto-matuokliai\/jutiklis-fsd-skirtas-fsc-nesiojamajam-ultragarsiniam-srauto-matuokliui-su-srauto-greicio-profilio-funkcija\/#primaryimage\"},\"thumbnailUrl\":\"https:\/\/invertas.lt\/wp-content\/uploads\/2025\/04\/fsc-fsd-reglette-vue-generale-header-fr-en.webp\",\"datePublished\":\"2025-06-03T18:12:13+00:00\",\"dateModified\":\"2025-08-07T09:21:31+00:00\",\"description\":\"Ne\u0161iojamas ultragarsinis srauto matuoklis \u2013 tikslus skys\u010di\u0173 nuot\u0117ki\u0173 aptikimas ir laikinieji srauto matavimai vamzdynuose.\",\"breadcrumb\":{\"@id\":\"https:\/\/invertas.lt\/produktai\/srauto-matuokliai\/jutiklis-fsd-skirtas-fsc-nesiojamajam-ultragarsiniam-srauto-matuokliui-su-srauto-greicio-profilio-funkcija\/#breadcrumb\"},\"inLanguage\":\"en-GB\",\"potentialAction\":[{\"@type\":\"ReadAction\",\"target\":[\"https:\/\/invertas.lt\/produktai\/srauto-matuokliai\/jutiklis-fsd-skirtas-fsc-nesiojamajam-ultragarsiniam-srauto-matuokliui-su-srauto-greicio-profilio-funkcija\/\"]}]},{\"@type\":\"ImageObject\",\"inLanguage\":\"en-GB\",\"@id\":\"https:\/\/invertas.lt\/produktai\/srauto-matuokliai\/jutiklis-fsd-skirtas-fsc-nesiojamajam-ultragarsiniam-srauto-matuokliui-su-srauto-greicio-profilio-funkcija\/#primaryimage\",\"url\":\"https:\/\/invertas.lt\/wp-content\/uploads\/2025\/04\/fsc-fsd-reglette-vue-generale-header-fr-en.webp\",\"contentUrl\":\"https:\/\/invertas.lt\/wp-content\/uploads\/2025\/04\/fsc-fsd-reglette-vue-generale-header-fr-en.webp\",\"width\":682,\"height\":682},{\"@type\":\"BreadcrumbList\",\"@id\":\"https:\/\/invertas.lt\/produktai\/srauto-matuokliai\/jutiklis-fsd-skirtas-fsc-nesiojamajam-ultragarsiniam-srauto-matuokliui-su-srauto-greicio-profilio-funkcija\/#breadcrumb\",\"itemListElement\":[{\"@type\":\"ListItem\",\"position\":1,\"name\":\"Prad\u017eia\",\"item\":\"https:\/\/invertas.lt\/\"},{\"@type\":\"ListItem\",\"position\":2,\"name\":\"Products\",\"item\":\"https:\/\/invertas.lt\/shop\/\"},{\"@type\":\"ListItem\",\"position\":3,\"name\":\"Srauto matuokliai\",\"item\":\"https:\/\/invertas.lt\/.\/srauto-matuokliai\/\"},{\"@type\":\"ListItem\",\"position\":4,\"name\":\"Fuji Electric jutiklis \u2013 FSD \u2013 skirtas FSC ne\u0161iojamajam debitoma\u010diui\"}]},{\"@type\":\"WebSite\",\"@id\":\"https:\/\/invertas.lt\/#website\",\"url\":\"https:\/\/invertas.lt\/\",\"name\":\"Invertas\",\"description\":\"\",\"publisher\":{\"@id\":\"https:\/\/invertas.lt\/#organization\"},\"potentialAction\":[{\"@type\":\"SearchAction\",\"target\":{\"@type\":\"EntryPoint\",\"urlTemplate\":\"https:\/\/invertas.lt\/?s={search_term_string}\"},\"query-input\":{\"@type\":\"PropertyValueSpecification\",\"valueRequired\":true,\"valueName\":\"search_term_string\"}}],\"inLanguage\":\"en-GB\"},{\"@type\":\"Organization\",\"@id\":\"https:\/\/invertas.lt\/#organization\",\"name\":\"Invertas\",\"url\":\"https:\/\/invertas.lt\/\",\"logo\":{\"@type\":\"ImageObject\",\"inLanguage\":\"en-GB\",\"@id\":\"https:\/\/invertas.lt\/#\/schema\/logo\/image\/\",\"url\":\"https:\/\/invertas.lt\/wp-content\/uploads\/2025\/03\/New-Text-Document-2.svg\",\"contentUrl\":\"https:\/\/invertas.lt\/wp-content\/uploads\/2025\/03\/New-Text-Document-2.svg\",\"width\":140,\"height\":39,\"caption\":\"Invertas\"},\"image\":{\"@id\":\"https:\/\/invertas.lt\/#\/schema\/logo\/image\/\"}}]}<\/script>\n<!-- \/ Yoast SEO plugin. -->","yoast_head_json":{"title":"Fuji Electric jutiklis \u2013 FSD \u2013 skirtas FSC ne\u0161iojamajam debitoma\u010diui - Invertas","description":"Ne\u0161iojamas ultragarsinis srauto matuoklis \u2013 tikslus skys\u010di\u0173 nuot\u0117ki\u0173 aptikimas ir laikinieji srauto matavimai vamzdynuose.","robots":{"index":"index","follow":"follow","max-snippet":"max-snippet:-1","max-image-preview":"max-image-preview:large","max-video-preview":"max-video-preview:-1"},"canonical":"https:\/\/invertas.lt\/en\/produktai\/srauto-matuokliai\/jutiklis-fsd-skirtas-fsc-nesiojamajam-ultragarsiniam-srauto-matuokliui-su-srauto-greicio-profilio-funkcija\/","og_locale":"en_GB","og_type":"article","og_title":"Fuji Electric jutiklis \u2013 FSD \u2013 skirtas FSC ne\u0161iojamajam debitoma\u010diui - Invertas","og_description":"Ne\u0161iojamas ultragarsinis srauto matuoklis \u2013 tikslus skys\u010di\u0173 nuot\u0117ki\u0173 aptikimas ir laikinieji srauto matavimai vamzdynuose.","og_url":"https:\/\/invertas.lt\/en\/produktai\/srauto-matuokliai\/jutiklis-fsd-skirtas-fsc-nesiojamajam-ultragarsiniam-srauto-matuokliui-su-srauto-greicio-profilio-funkcija\/","og_site_name":"Invertas","article_modified_time":"2025-08-07T09:21:31+00:00","og_image":[{"width":682,"height":682,"url":"https:\/\/invertas.lt\/wp-content\/uploads\/2025\/04\/fsc-fsd-reglette-vue-generale-header-fr-en.webp","type":"image\/webp"}],"twitter_card":"summary_large_image","twitter_misc":{"Estimated reading time":"1 minute"},"schema":{"@context":"https:\/\/schema.org","@graph":[{"@type":"WebPage","@id":"https:\/\/invertas.lt\/produktai\/srauto-matuokliai\/jutiklis-fsd-skirtas-fsc-nesiojamajam-ultragarsiniam-srauto-matuokliui-su-srauto-greicio-profilio-funkcija\/","url":"https:\/\/invertas.lt\/produktai\/srauto-matuokliai\/jutiklis-fsd-skirtas-fsc-nesiojamajam-ultragarsiniam-srauto-matuokliui-su-srauto-greicio-profilio-funkcija\/","name":"Fuji Electric jutiklis \u2013 FSD \u2013 skirtas FSC ne\u0161iojamajam debitoma\u010diui - Invertas","isPartOf":{"@id":"https:\/\/invertas.lt\/#website"},"primaryImageOfPage":{"@id":"https:\/\/invertas.lt\/produktai\/srauto-matuokliai\/jutiklis-fsd-skirtas-fsc-nesiojamajam-ultragarsiniam-srauto-matuokliui-su-srauto-greicio-profilio-funkcija\/#primaryimage"},"image":{"@id":"https:\/\/invertas.lt\/produktai\/srauto-matuokliai\/jutiklis-fsd-skirtas-fsc-nesiojamajam-ultragarsiniam-srauto-matuokliui-su-srauto-greicio-profilio-funkcija\/#primaryimage"},"thumbnailUrl":"https:\/\/invertas.lt\/wp-content\/uploads\/2025\/04\/fsc-fsd-reglette-vue-generale-header-fr-en.webp","datePublished":"2025-06-03T18:12:13+00:00","dateModified":"2025-08-07T09:21:31+00:00","description":"Ne\u0161iojamas ultragarsinis srauto matuoklis \u2013 tikslus skys\u010di\u0173 nuot\u0117ki\u0173 aptikimas ir laikinieji srauto matavimai vamzdynuose.","breadcrumb":{"@id":"https:\/\/invertas.lt\/produktai\/srauto-matuokliai\/jutiklis-fsd-skirtas-fsc-nesiojamajam-ultragarsiniam-srauto-matuokliui-su-srauto-greicio-profilio-funkcija\/#breadcrumb"},"inLanguage":"en-GB","potentialAction":[{"@type":"ReadAction","target":["https:\/\/invertas.lt\/produktai\/srauto-matuokliai\/jutiklis-fsd-skirtas-fsc-nesiojamajam-ultragarsiniam-srauto-matuokliui-su-srauto-greicio-profilio-funkcija\/"]}]},{"@type":"ImageObject","inLanguage":"en-GB","@id":"https:\/\/invertas.lt\/produktai\/srauto-matuokliai\/jutiklis-fsd-skirtas-fsc-nesiojamajam-ultragarsiniam-srauto-matuokliui-su-srauto-greicio-profilio-funkcija\/#primaryimage","url":"https:\/\/invertas.lt\/wp-content\/uploads\/2025\/04\/fsc-fsd-reglette-vue-generale-header-fr-en.webp","contentUrl":"https:\/\/invertas.lt\/wp-content\/uploads\/2025\/04\/fsc-fsd-reglette-vue-generale-header-fr-en.webp","width":682,"height":682},{"@type":"BreadcrumbList","@id":"https:\/\/invertas.lt\/produktai\/srauto-matuokliai\/jutiklis-fsd-skirtas-fsc-nesiojamajam-ultragarsiniam-srauto-matuokliui-su-srauto-greicio-profilio-funkcija\/#breadcrumb","itemListElement":[{"@type":"ListItem","position":1,"name":"Prad\u017eia","item":"https:\/\/invertas.lt\/"},{"@type":"ListItem","position":2,"name":"Products","item":"https:\/\/invertas.lt\/shop\/"},{"@type":"ListItem","position":3,"name":"Srauto matuokliai","item":"https:\/\/invertas.lt\/.\/srauto-matuokliai\/"},{"@type":"ListItem","position":4,"name":"Fuji Electric jutiklis \u2013 FSD \u2013 skirtas FSC ne\u0161iojamajam debitoma\u010diui"}]},{"@type":"WebSite","@id":"https:\/\/invertas.lt\/#website","url":"https:\/\/invertas.lt\/","name":"Invert","description":"","publisher":{"@id":"https:\/\/invertas.lt\/#organization"},"potentialAction":[{"@type":"SearchAction","target":{"@type":"EntryPoint","urlTemplate":"https:\/\/invertas.lt\/?s={search_term_string}"},"query-input":{"@type":"PropertyValueSpecification","valueRequired":true,"valueName":"search_term_string"}}],"inLanguage":"en-GB"},{"@type":"Organization","@id":"https:\/\/invertas.lt\/#organization","name":"Invert","url":"https:\/\/invertas.lt\/","logo":{"@type":"ImageObject","inLanguage":"en-GB","@id":"https:\/\/invertas.lt\/#\/schema\/logo\/image\/","url":"https:\/\/invertas.lt\/wp-content\/uploads\/2025\/03\/New-Text-Document-2.svg","contentUrl":"https:\/\/invertas.lt\/wp-content\/uploads\/2025\/03\/New-Text-Document-2.svg","width":140,"height":39,"caption":"Invertas"},"image":{"@id":"https:\/\/invertas.lt\/#\/schema\/logo\/image\/"}}]}},"_links":{"self":[{"href":"https:\/\/invertas.lt\/en\/wp-json\/wp\/v2\/product\/6530","targetHints":{"allow":["GET"]}}],"collection":[{"href":"https:\/\/invertas.lt\/en\/wp-json\/wp\/v2\/product"}],"about":[{"href":"https:\/\/invertas.lt\/en\/wp-json\/wp\/v2\/types\/product"}],"replies":[{"embeddable":true,"href":"https:\/\/invertas.lt\/en\/wp-json\/wp\/v2\/comments?post=6530"}],"wp:featuredmedia":[{"embeddable":true,"href":"https:\/\/invertas.lt\/en\/wp-json\/wp\/v2\/media\/5517"}],"wp:attachment":[{"href":"https:\/\/invertas.lt\/en\/wp-json\/wp\/v2\/media?parent=6530"}],"wp:term":[{"taxonomy":"product_brand","embeddable":true,"href":"https:\/\/invertas.lt\/en\/wp-json\/wp\/v2\/product_brand?post=6530"},{"taxonomy":"product_cat","embeddable":true,"href":"https:\/\/invertas.lt\/en\/wp-json\/wp\/v2\/product_cat?post=6530"},{"taxonomy":"product_tag","embeddable":true,"href":"https:\/\/invertas.lt\/en\/wp-json\/wp\/v2\/product_tag?post=6530"}],"curies":[{"name":"wp","href":"https:\/\/api.w.org\/{rel}","templated":true}]}}