{"id":6479,"date":"2025-06-03T17:37:34","date_gmt":"2025-06-03T17:37:34","guid":{"rendered":"https:\/\/aurimasb15.sg-host.com\/?post_type=product&#038;p=6479"},"modified":"2025-08-07T09:27:53","modified_gmt":"2025-08-07T09:27:53","slug":"jutiklis-fssd-skersmuo-nuo-13-iki-300-mm-skirtas-time-delta-c-ultragarsiniam-srauto-matuokliui-copy","status":"publish","type":"product","link":"https:\/\/invertas.lt\/en\/produktai\/srauto-matuokliai\/jutiklis-fssd-skersmuo-nuo-13-iki-300-mm-skirtas-time-delta-c-ultragarsiniam-srauto-matuokliui-copy\/","title":{"rendered":"Fuji Electric high temperature sensor FSSH \u2013 50 to 400 mm"},"content":{"rendered":"<p data-start=\"116\" data-end=\"469\"><strong data-start=\"116\" data-end=\"135\">Areas of application:<\/strong><\/p>\n<p data-start=\"116\" data-end=\"469\"><br data-start=\"135\" data-end=\"138\" \/>Areas of application: liquid leak detection and temporary flow measurements in pipes of various diameters, volumetric flow measurement in clean or lightly contaminated liquids, non-invasive calibration of electromagnetic meters, pump flow control and balancing of heating networks.<\/p>\n<p data-start=\"471\" data-end=\"485\"><strong data-start=\"471\" data-end=\"483\">Features:<\/strong><\/p>\n<ul data-start=\"486\" data-end=\"740\" data-is-last-node=\"\" data-is-only-node=\"\">\n<li data-start=\"486\" data-end=\"506\">\n<p data-start=\"488\" data-end=\"506\">Accuracy \u00b11.0 %<\/p>\n<\/li>\n<li data-start=\"507\" data-end=\"546\">\n<p data-start=\"509\" data-end=\"546\">Fast response time: 0.2 s<\/p>\n<\/li>\n<li data-start=\"547\" data-end=\"583\">\n<p data-start=\"549\" data-end=\"583\">Compact size: 142 \u00d7 170 mm<\/p>\n<\/li>\n<li data-start=\"584\" data-end=\"634\">\n<p data-start=\"586\" data-end=\"634\">Waterproof IP66\/IP67 (optional)<\/p>\n<\/li>\n<li data-start=\"635\" data-end=\"683\">\n<p data-start=\"637\" data-end=\"683\">Outputs: 4\u201320 mA, pulse, relay alarm<\/p>\n<\/li>\n<li data-start=\"684\" data-end=\"740\" data-is-last-node=\"\">\n<p data-start=\"686\" data-end=\"740\" data-is-last-node=\"\">Digital communication RS485 MODBUS\u2122 (optional)<\/p>\n<\/li>\n<\/ul>","protected":false},"excerpt":{"rendered":"<p>Taikymo sritys: Taikymo sritys: skys\u010dio nuot\u0117ki\u0173 aptikimas ir laikinieji srauto matavimai \u012fvairaus diametro vamzd\u017eiuose, t\u016brini\u0173 sraut\u0173 matavimas \u0161variuose ar lengvai u\u017eter\u0161tuose skys\u010diuose, neinvazinis elektromagnetini\u0173 matuokli\u0173 kalibravimas, siurblio srauto kontrol\u0117 ir \u0161ildymo tinkl\u0173 balansavimas. Savyb\u0117s: Tikslumas \u00b11,0 % Greitas reakcijos laikas \u2013 0,2 sek. Kompakti\u0161kas dydis: 142 \u00d7 170 mm Atsparumas vandeniui IP66\/IP67 (pasirinktinai) I\u0161vestys: 4\u201320 [&hellip;]<\/p>","protected":false},"featured_media":6516,"comment_status":"open","ping_status":"closed","template":"","meta":{"_acf_changed":false,"inline_featured_image":false},"product_brand":[],"product_cat":[279],"product_tag":[],"class_list":{"0":"post-6479","1":"product","2":"type-product","3":"status-publish","4":"has-post-thumbnail","6":"product_cat-srauto-matuokliai","8":"first","9":"instock","10":"shipping-taxable","11":"purchasable","12":"product-type-variable"},"acf":[],"yoast_head":"<!-- This site is optimized with the Yoast SEO plugin v25.5 - https:\/\/yoast.com\/wordpress\/plugins\/seo\/ -->\n<title>Fuji Electric auk\u0161tos temperat\u016bros jutiklis FSSH \u2013 50 iki 400 mm - Invertas<\/title>\n<meta name=\"description\" content=\"Neinvaziniai ultragarsiniai srauto matuokliai skys\u010di\u0173 nuot\u0117ki\u0173 aptikimui ir tiksliesiems srauto matavimams vamzdynuose. Atsparumas vandeniui IP66\/IP67.\" \/>\n<meta name=\"robots\" content=\"index, follow, max-snippet:-1, max-image-preview:large, max-video-preview:-1\" \/>\n<link rel=\"canonical\" href=\"https:\/\/invertas.lt\/en\/produktai\/srauto-matuokliai\/jutiklis-fssd-skersmuo-nuo-13-iki-300-mm-skirtas-time-delta-c-ultragarsiniam-srauto-matuokliui-copy\/\" \/>\n<meta property=\"og:locale\" content=\"en_GB\" \/>\n<meta property=\"og:type\" content=\"article\" \/>\n<meta property=\"og:title\" content=\"Fuji Electric auk\u0161tos temperat\u016bros jutiklis FSSH \u2013 50 iki 400 mm - Invertas\" \/>\n<meta property=\"og:description\" content=\"Neinvaziniai ultragarsiniai srauto matuokliai skys\u010di\u0173 nuot\u0117ki\u0173 aptikimui ir tiksliesiems srauto matavimams vamzdynuose. Atsparumas vandeniui IP66\/IP67.\" \/>\n<meta property=\"og:url\" content=\"https:\/\/invertas.lt\/en\/produktai\/srauto-matuokliai\/jutiklis-fssd-skersmuo-nuo-13-iki-300-mm-skirtas-time-delta-c-ultragarsiniam-srauto-matuokliui-copy\/\" \/>\n<meta property=\"og:site_name\" content=\"Invertas\" \/>\n<meta property=\"article:modified_time\" content=\"2025-08-07T09:27:53+00:00\" \/>\n<meta property=\"og:image\" content=\"https:\/\/invertas.lt\/wp-content\/uploads\/2025\/06\/fssh-vue-generale-header-fr-en.webp\" \/>\n\t<meta property=\"og:image:width\" content=\"682\" \/>\n\t<meta property=\"og:image:height\" content=\"682\" \/>\n\t<meta property=\"og:image:type\" content=\"image\/webp\" \/>\n<meta name=\"twitter:card\" content=\"summary_large_image\" \/>\n<meta name=\"twitter:label1\" content=\"Estimated reading time\" \/>\n\t<meta name=\"twitter:data1\" content=\"1 minute\" \/>\n<script type=\"application\/ld+json\" class=\"yoast-schema-graph\">{\"@context\":\"https:\/\/schema.org\",\"@graph\":[{\"@type\":\"WebPage\",\"@id\":\"https:\/\/invertas.lt\/produktai\/srauto-matuokliai\/jutiklis-fssd-skersmuo-nuo-13-iki-300-mm-skirtas-time-delta-c-ultragarsiniam-srauto-matuokliui-copy\/\",\"url\":\"https:\/\/invertas.lt\/produktai\/srauto-matuokliai\/jutiklis-fssd-skersmuo-nuo-13-iki-300-mm-skirtas-time-delta-c-ultragarsiniam-srauto-matuokliui-copy\/\",\"name\":\"Fuji Electric auk\u0161tos temperat\u016bros jutiklis FSSH \u2013 50 iki 400 mm - Invertas\",\"isPartOf\":{\"@id\":\"https:\/\/invertas.lt\/#website\"},\"primaryImageOfPage\":{\"@id\":\"https:\/\/invertas.lt\/produktai\/srauto-matuokliai\/jutiklis-fssd-skersmuo-nuo-13-iki-300-mm-skirtas-time-delta-c-ultragarsiniam-srauto-matuokliui-copy\/#primaryimage\"},\"image\":{\"@id\":\"https:\/\/invertas.lt\/produktai\/srauto-matuokliai\/jutiklis-fssd-skersmuo-nuo-13-iki-300-mm-skirtas-time-delta-c-ultragarsiniam-srauto-matuokliui-copy\/#primaryimage\"},\"thumbnailUrl\":\"https:\/\/invertas.lt\/wp-content\/uploads\/2025\/06\/fssh-vue-generale-header-fr-en.webp\",\"datePublished\":\"2025-06-03T17:37:34+00:00\",\"dateModified\":\"2025-08-07T09:27:53+00:00\",\"description\":\"Neinvaziniai ultragarsiniai srauto matuokliai skys\u010di\u0173 nuot\u0117ki\u0173 aptikimui ir tiksliesiems srauto matavimams vamzdynuose. Atsparumas vandeniui IP66\/IP67.\",\"breadcrumb\":{\"@id\":\"https:\/\/invertas.lt\/produktai\/srauto-matuokliai\/jutiklis-fssd-skersmuo-nuo-13-iki-300-mm-skirtas-time-delta-c-ultragarsiniam-srauto-matuokliui-copy\/#breadcrumb\"},\"inLanguage\":\"en-GB\",\"potentialAction\":[{\"@type\":\"ReadAction\",\"target\":[\"https:\/\/invertas.lt\/produktai\/srauto-matuokliai\/jutiklis-fssd-skersmuo-nuo-13-iki-300-mm-skirtas-time-delta-c-ultragarsiniam-srauto-matuokliui-copy\/\"]}]},{\"@type\":\"ImageObject\",\"inLanguage\":\"en-GB\",\"@id\":\"https:\/\/invertas.lt\/produktai\/srauto-matuokliai\/jutiklis-fssd-skersmuo-nuo-13-iki-300-mm-skirtas-time-delta-c-ultragarsiniam-srauto-matuokliui-copy\/#primaryimage\",\"url\":\"https:\/\/invertas.lt\/wp-content\/uploads\/2025\/06\/fssh-vue-generale-header-fr-en.webp\",\"contentUrl\":\"https:\/\/invertas.lt\/wp-content\/uploads\/2025\/06\/fssh-vue-generale-header-fr-en.webp\",\"width\":682,\"height\":682},{\"@type\":\"BreadcrumbList\",\"@id\":\"https:\/\/invertas.lt\/produktai\/srauto-matuokliai\/jutiklis-fssd-skersmuo-nuo-13-iki-300-mm-skirtas-time-delta-c-ultragarsiniam-srauto-matuokliui-copy\/#breadcrumb\",\"itemListElement\":[{\"@type\":\"ListItem\",\"position\":1,\"name\":\"Prad\u017eia\",\"item\":\"https:\/\/invertas.lt\/\"},{\"@type\":\"ListItem\",\"position\":2,\"name\":\"Products\",\"item\":\"https:\/\/invertas.lt\/shop\/\"},{\"@type\":\"ListItem\",\"position\":3,\"name\":\"Srauto matuokliai\",\"item\":\"https:\/\/invertas.lt\/.\/srauto-matuokliai\/\"},{\"@type\":\"ListItem\",\"position\":4,\"name\":\"Fuji Electric auk\u0161tos temperat\u016bros jutiklis FSSH \u2013 50 iki 400 mm\"}]},{\"@type\":\"WebSite\",\"@id\":\"https:\/\/invertas.lt\/#website\",\"url\":\"https:\/\/invertas.lt\/\",\"name\":\"Invertas\",\"description\":\"\",\"publisher\":{\"@id\":\"https:\/\/invertas.lt\/#organization\"},\"potentialAction\":[{\"@type\":\"SearchAction\",\"target\":{\"@type\":\"EntryPoint\",\"urlTemplate\":\"https:\/\/invertas.lt\/?s={search_term_string}\"},\"query-input\":{\"@type\":\"PropertyValueSpecification\",\"valueRequired\":true,\"valueName\":\"search_term_string\"}}],\"inLanguage\":\"en-GB\"},{\"@type\":\"Organization\",\"@id\":\"https:\/\/invertas.lt\/#organization\",\"name\":\"Invertas\",\"url\":\"https:\/\/invertas.lt\/\",\"logo\":{\"@type\":\"ImageObject\",\"inLanguage\":\"en-GB\",\"@id\":\"https:\/\/invertas.lt\/#\/schema\/logo\/image\/\",\"url\":\"https:\/\/invertas.lt\/wp-content\/uploads\/2025\/03\/New-Text-Document-2.svg\",\"contentUrl\":\"https:\/\/invertas.lt\/wp-content\/uploads\/2025\/03\/New-Text-Document-2.svg\",\"width\":140,\"height\":39,\"caption\":\"Invertas\"},\"image\":{\"@id\":\"https:\/\/invertas.lt\/#\/schema\/logo\/image\/\"}}]}<\/script>\n<!-- \/ Yoast SEO plugin. -->","yoast_head_json":{"title":"Fuji Electric auk\u0161tos temperat\u016bros jutiklis FSSH \u2013 50 iki 400 mm - Invertas","description":"Neinvaziniai ultragarsiniai srauto matuokliai skys\u010di\u0173 nuot\u0117ki\u0173 aptikimui ir tiksliesiems srauto matavimams vamzdynuose. Atsparumas vandeniui IP66\/IP67.","robots":{"index":"index","follow":"follow","max-snippet":"max-snippet:-1","max-image-preview":"max-image-preview:large","max-video-preview":"max-video-preview:-1"},"canonical":"https:\/\/invertas.lt\/en\/produktai\/srauto-matuokliai\/jutiklis-fssd-skersmuo-nuo-13-iki-300-mm-skirtas-time-delta-c-ultragarsiniam-srauto-matuokliui-copy\/","og_locale":"en_GB","og_type":"article","og_title":"Fuji Electric auk\u0161tos temperat\u016bros jutiklis FSSH \u2013 50 iki 400 mm - Invertas","og_description":"Neinvaziniai ultragarsiniai srauto matuokliai skys\u010di\u0173 nuot\u0117ki\u0173 aptikimui ir tiksliesiems srauto matavimams vamzdynuose. Atsparumas vandeniui IP66\/IP67.","og_url":"https:\/\/invertas.lt\/en\/produktai\/srauto-matuokliai\/jutiklis-fssd-skersmuo-nuo-13-iki-300-mm-skirtas-time-delta-c-ultragarsiniam-srauto-matuokliui-copy\/","og_site_name":"Invertas","article_modified_time":"2025-08-07T09:27:53+00:00","og_image":[{"width":682,"height":682,"url":"https:\/\/invertas.lt\/wp-content\/uploads\/2025\/06\/fssh-vue-generale-header-fr-en.webp","type":"image\/webp"}],"twitter_card":"summary_large_image","twitter_misc":{"Estimated reading time":"1 minute"},"schema":{"@context":"https:\/\/schema.org","@graph":[{"@type":"WebPage","@id":"https:\/\/invertas.lt\/produktai\/srauto-matuokliai\/jutiklis-fssd-skersmuo-nuo-13-iki-300-mm-skirtas-time-delta-c-ultragarsiniam-srauto-matuokliui-copy\/","url":"https:\/\/invertas.lt\/produktai\/srauto-matuokliai\/jutiklis-fssd-skersmuo-nuo-13-iki-300-mm-skirtas-time-delta-c-ultragarsiniam-srauto-matuokliui-copy\/","name":"Fuji Electric auk\u0161tos temperat\u016bros jutiklis FSSH \u2013 50 iki 400 mm - Invertas","isPartOf":{"@id":"https:\/\/invertas.lt\/#website"},"primaryImageOfPage":{"@id":"https:\/\/invertas.lt\/produktai\/srauto-matuokliai\/jutiklis-fssd-skersmuo-nuo-13-iki-300-mm-skirtas-time-delta-c-ultragarsiniam-srauto-matuokliui-copy\/#primaryimage"},"image":{"@id":"https:\/\/invertas.lt\/produktai\/srauto-matuokliai\/jutiklis-fssd-skersmuo-nuo-13-iki-300-mm-skirtas-time-delta-c-ultragarsiniam-srauto-matuokliui-copy\/#primaryimage"},"thumbnailUrl":"https:\/\/invertas.lt\/wp-content\/uploads\/2025\/06\/fssh-vue-generale-header-fr-en.webp","datePublished":"2025-06-03T17:37:34+00:00","dateModified":"2025-08-07T09:27:53+00:00","description":"Neinvaziniai ultragarsiniai srauto matuokliai skys\u010di\u0173 nuot\u0117ki\u0173 aptikimui ir tiksliesiems srauto matavimams vamzdynuose. Atsparumas vandeniui IP66\/IP67.","breadcrumb":{"@id":"https:\/\/invertas.lt\/produktai\/srauto-matuokliai\/jutiklis-fssd-skersmuo-nuo-13-iki-300-mm-skirtas-time-delta-c-ultragarsiniam-srauto-matuokliui-copy\/#breadcrumb"},"inLanguage":"en-GB","potentialAction":[{"@type":"ReadAction","target":["https:\/\/invertas.lt\/produktai\/srauto-matuokliai\/jutiklis-fssd-skersmuo-nuo-13-iki-300-mm-skirtas-time-delta-c-ultragarsiniam-srauto-matuokliui-copy\/"]}]},{"@type":"ImageObject","inLanguage":"en-GB","@id":"https:\/\/invertas.lt\/produktai\/srauto-matuokliai\/jutiklis-fssd-skersmuo-nuo-13-iki-300-mm-skirtas-time-delta-c-ultragarsiniam-srauto-matuokliui-copy\/#primaryimage","url":"https:\/\/invertas.lt\/wp-content\/uploads\/2025\/06\/fssh-vue-generale-header-fr-en.webp","contentUrl":"https:\/\/invertas.lt\/wp-content\/uploads\/2025\/06\/fssh-vue-generale-header-fr-en.webp","width":682,"height":682},{"@type":"BreadcrumbList","@id":"https:\/\/invertas.lt\/produktai\/srauto-matuokliai\/jutiklis-fssd-skersmuo-nuo-13-iki-300-mm-skirtas-time-delta-c-ultragarsiniam-srauto-matuokliui-copy\/#breadcrumb","itemListElement":[{"@type":"ListItem","position":1,"name":"Prad\u017eia","item":"https:\/\/invertas.lt\/"},{"@type":"ListItem","position":2,"name":"Products","item":"https:\/\/invertas.lt\/shop\/"},{"@type":"ListItem","position":3,"name":"Srauto matuokliai","item":"https:\/\/invertas.lt\/.\/srauto-matuokliai\/"},{"@type":"ListItem","position":4,"name":"Fuji Electric auk\u0161tos temperat\u016bros jutiklis FSSH \u2013 50 iki 400 mm"}]},{"@type":"WebSite","@id":"https:\/\/invertas.lt\/#website","url":"https:\/\/invertas.lt\/","name":"Invert","description":"","publisher":{"@id":"https:\/\/invertas.lt\/#organization"},"potentialAction":[{"@type":"SearchAction","target":{"@type":"EntryPoint","urlTemplate":"https:\/\/invertas.lt\/?s={search_term_string}"},"query-input":{"@type":"PropertyValueSpecification","valueRequired":true,"valueName":"search_term_string"}}],"inLanguage":"en-GB"},{"@type":"Organization","@id":"https:\/\/invertas.lt\/#organization","name":"Invert","url":"https:\/\/invertas.lt\/","logo":{"@type":"ImageObject","inLanguage":"en-GB","@id":"https:\/\/invertas.lt\/#\/schema\/logo\/image\/","url":"https:\/\/invertas.lt\/wp-content\/uploads\/2025\/03\/New-Text-Document-2.svg","contentUrl":"https:\/\/invertas.lt\/wp-content\/uploads\/2025\/03\/New-Text-Document-2.svg","width":140,"height":39,"caption":"Invertas"},"image":{"@id":"https:\/\/invertas.lt\/#\/schema\/logo\/image\/"}}]}},"_links":{"self":[{"href":"https:\/\/invertas.lt\/en\/wp-json\/wp\/v2\/product\/6479","targetHints":{"allow":["GET"]}}],"collection":[{"href":"https:\/\/invertas.lt\/en\/wp-json\/wp\/v2\/product"}],"about":[{"href":"https:\/\/invertas.lt\/en\/wp-json\/wp\/v2\/types\/product"}],"replies":[{"embeddable":true,"href":"https:\/\/invertas.lt\/en\/wp-json\/wp\/v2\/comments?post=6479"}],"wp:featuredmedia":[{"embeddable":true,"href":"https:\/\/invertas.lt\/en\/wp-json\/wp\/v2\/media\/6516"}],"wp:attachment":[{"href":"https:\/\/invertas.lt\/en\/wp-json\/wp\/v2\/media?parent=6479"}],"wp:term":[{"taxonomy":"product_brand","embeddable":true,"href":"https:\/\/invertas.lt\/en\/wp-json\/wp\/v2\/product_brand?post=6479"},{"taxonomy":"product_cat","embeddable":true,"href":"https:\/\/invertas.lt\/en\/wp-json\/wp\/v2\/product_cat?post=6479"},{"taxonomy":"product_tag","embeddable":true,"href":"https:\/\/invertas.lt\/en\/wp-json\/wp\/v2\/product_tag?post=6479"}],"curies":[{"name":"wp","href":"https:\/\/api.w.org\/{rel}","templated":true}]}}