{"id":6271,"date":"2025-06-03T14:45:59","date_gmt":"2025-06-03T14:45:59","guid":{"rendered":"https:\/\/aurimasb15.sg-host.com\/?post_type=product&#038;p=6271"},"modified":"2025-08-07T09:23:07","modified_gmt":"2025-08-07T09:23:07","slug":"jutiklis-fssd-skersmuo-nuo-13-iki-300-mm-skirtas-time-delta-c-ultragarsiniam-srauto-matuokliui","status":"publish","type":"product","link":"https:\/\/invertas.lt\/en\/produktai\/srauto-matuokliai\/jutiklis-fssd-skersmuo-nuo-13-iki-300-mm-skirtas-time-delta-c-ultragarsiniam-srauto-matuokliui\/","title":{"rendered":"Fuji Electric sensor FSSD - 13 to 300 mm for Time Delta-C"},"content":{"rendered":"<p data-start=\"0\" data-end=\"376\"><strong data-start=\"0\" data-end=\"18\">Fields of application<\/strong><br data-start=\"18\" data-end=\"21\" \/>Detects liquid leaks in pipelines, temporarily measures flow in pipes of any diameter, measures volumetric flows in clean and liquids with small suspensions (e.g. surface waters, wastewater). Suitable for non-invasive calibration of electromagnetic flow meters, pump flow control and balancing of district heating networks.<\/p>\n<p data-start=\"378\" data-end=\"391\"><strong data-start=\"378\" data-end=\"389\">Features<\/strong><\/p>\n<ul data-start=\"392\" data-end=\"642\" data-is-last-node=\"\" data-is-only-node=\"\">\n<li data-start=\"392\" data-end=\"432\">\n<p data-start=\"394\" data-end=\"432\">High accuracy: \u00b11.0 % of flow<\/p>\n<\/li>\n<li data-start=\"433\" data-end=\"462\">\n<p data-start=\"435\" data-end=\"462\">Quick response time : 0.2 sec<\/p>\n<\/li>\n<li data-start=\"463\" data-end=\"499\">\n<p data-start=\"465\" data-end=\"499\">Compact size: 142 x 170 mm<\/p>\n<\/li>\n<li data-start=\"500\" data-end=\"535\">\n<p data-start=\"502\" data-end=\"535\">Water resistance: IP66\/IP67<\/p>\n<\/li>\n<li data-start=\"536\" data-end=\"584\">\n<p data-start=\"538\" data-end=\"584\">Outputs: 4\u201320 mA, pulse, relay alarm<\/p>\n<\/li>\n<li data-start=\"585\" data-end=\"642\" data-is-last-node=\"\">\n<p data-start=\"587\" data-end=\"642\" data-is-last-node=\"\">Digital communication : RS485 MODBUS\u2122 option<\/p>\n<\/li>\n<\/ul>","protected":false},"excerpt":{"rendered":"<p>Taikymo sritysAptinka skys\u010dio nuot\u0117kius vamzdynuose, laikinai matuoja sraut\u0105 bet kokio diametro vamzd\u017eiuose, matuoja t\u016brinius srautus \u0161variuose ir su nedidel\u0117mis suspensijomis skys\u010diuose (pvz., pavir\u0161iniuose vandenyse, nuotekose). Tinka elektromagnetini\u0173 srauto matuokli\u0173 neinvaziniai kalibracijai, siurblio srauto valdymui ir centralizuoto \u0161ildymo tinkl\u0173 balansavimui. Savyb\u0117s Didelis tikslumas: \u00b11,0 % nuo srauto Greita reakcija: 0,2 sek. Kompakti\u0161kas dydis: 142 x 170 [&hellip;]<\/p>","protected":false},"featured_media":6320,"comment_status":"open","ping_status":"closed","template":"","meta":{"_acf_changed":false,"inline_featured_image":false},"product_brand":[],"product_cat":[279],"product_tag":[],"class_list":{"0":"post-6271","1":"product","2":"type-product","3":"status-publish","4":"has-post-thumbnail","6":"product_cat-srauto-matuokliai","8":"first","9":"instock","10":"shipping-taxable","11":"purchasable","12":"product-type-variable"},"acf":[],"yoast_head":"<!-- This site is optimized with the Yoast SEO plugin v25.5 - https:\/\/yoast.com\/wordpress\/plugins\/seo\/ -->\n<title>Fuji Electric jutiklis FSSD \u2013 nuo 13 iki 300 mm, skirtas Time Delta-C - Invertas<\/title>\n<meta name=\"description\" content=\"Skys\u010dio srauto matuoklis tiksliai aptinka nuot\u0117kius ir matuoja srautus \u012fvairi\u0173 vamzd\u017ei\u0173 dyd\u017eiuose. Kompakti\u0161kas, greitas, atsparus vandeniui.\" \/>\n<meta name=\"robots\" content=\"index, follow, max-snippet:-1, max-image-preview:large, max-video-preview:-1\" \/>\n<link rel=\"canonical\" href=\"https:\/\/invertas.lt\/en\/produktai\/srauto-matuokliai\/jutiklis-fssd-skersmuo-nuo-13-iki-300-mm-skirtas-time-delta-c-ultragarsiniam-srauto-matuokliui\/\" \/>\n<meta property=\"og:locale\" content=\"en_GB\" \/>\n<meta property=\"og:type\" content=\"article\" \/>\n<meta property=\"og:title\" content=\"Fuji Electric jutiklis FSSD \u2013 nuo 13 iki 300 mm, skirtas Time Delta-C - Invertas\" \/>\n<meta property=\"og:description\" content=\"Skys\u010dio srauto matuoklis tiksliai aptinka nuot\u0117kius ir matuoja srautus \u012fvairi\u0173 vamzd\u017ei\u0173 dyd\u017eiuose. Kompakti\u0161kas, greitas, atsparus vandeniui.\" \/>\n<meta property=\"og:url\" content=\"https:\/\/invertas.lt\/en\/produktai\/srauto-matuokliai\/jutiklis-fssd-skersmuo-nuo-13-iki-300-mm-skirtas-time-delta-c-ultragarsiniam-srauto-matuokliui\/\" \/>\n<meta property=\"og:site_name\" content=\"Invertas\" \/>\n<meta property=\"article:modified_time\" content=\"2025-08-07T09:23:07+00:00\" \/>\n<meta property=\"og:image\" content=\"https:\/\/invertas.lt\/wp-content\/uploads\/2025\/06\/fssd-vue-generale-header-fr-en.webp\" \/>\n\t<meta property=\"og:image:width\" content=\"682\" \/>\n\t<meta property=\"og:image:height\" content=\"682\" \/>\n\t<meta property=\"og:image:type\" content=\"image\/webp\" \/>\n<meta name=\"twitter:card\" content=\"summary_large_image\" \/>\n<meta name=\"twitter:label1\" content=\"Estimated reading time\" \/>\n\t<meta name=\"twitter:data1\" content=\"1 minute\" \/>\n<script type=\"application\/ld+json\" class=\"yoast-schema-graph\">{\"@context\":\"https:\/\/schema.org\",\"@graph\":[{\"@type\":\"WebPage\",\"@id\":\"https:\/\/invertas.lt\/produktai\/srauto-matuokliai\/jutiklis-fssd-skersmuo-nuo-13-iki-300-mm-skirtas-time-delta-c-ultragarsiniam-srauto-matuokliui\/\",\"url\":\"https:\/\/invertas.lt\/produktai\/srauto-matuokliai\/jutiklis-fssd-skersmuo-nuo-13-iki-300-mm-skirtas-time-delta-c-ultragarsiniam-srauto-matuokliui\/\",\"name\":\"Fuji Electric jutiklis FSSD \u2013 nuo 13 iki 300 mm, skirtas Time Delta-C - Invertas\",\"isPartOf\":{\"@id\":\"https:\/\/invertas.lt\/#website\"},\"primaryImageOfPage\":{\"@id\":\"https:\/\/invertas.lt\/produktai\/srauto-matuokliai\/jutiklis-fssd-skersmuo-nuo-13-iki-300-mm-skirtas-time-delta-c-ultragarsiniam-srauto-matuokliui\/#primaryimage\"},\"image\":{\"@id\":\"https:\/\/invertas.lt\/produktai\/srauto-matuokliai\/jutiklis-fssd-skersmuo-nuo-13-iki-300-mm-skirtas-time-delta-c-ultragarsiniam-srauto-matuokliui\/#primaryimage\"},\"thumbnailUrl\":\"https:\/\/invertas.lt\/wp-content\/uploads\/2025\/06\/fssd-vue-generale-header-fr-en.webp\",\"datePublished\":\"2025-06-03T14:45:59+00:00\",\"dateModified\":\"2025-08-07T09:23:07+00:00\",\"description\":\"Skys\u010dio srauto matuoklis tiksliai aptinka nuot\u0117kius ir matuoja srautus \u012fvairi\u0173 vamzd\u017ei\u0173 dyd\u017eiuose. Kompakti\u0161kas, greitas, atsparus vandeniui.\",\"breadcrumb\":{\"@id\":\"https:\/\/invertas.lt\/produktai\/srauto-matuokliai\/jutiklis-fssd-skersmuo-nuo-13-iki-300-mm-skirtas-time-delta-c-ultragarsiniam-srauto-matuokliui\/#breadcrumb\"},\"inLanguage\":\"en-GB\",\"potentialAction\":[{\"@type\":\"ReadAction\",\"target\":[\"https:\/\/invertas.lt\/produktai\/srauto-matuokliai\/jutiklis-fssd-skersmuo-nuo-13-iki-300-mm-skirtas-time-delta-c-ultragarsiniam-srauto-matuokliui\/\"]}]},{\"@type\":\"ImageObject\",\"inLanguage\":\"en-GB\",\"@id\":\"https:\/\/invertas.lt\/produktai\/srauto-matuokliai\/jutiklis-fssd-skersmuo-nuo-13-iki-300-mm-skirtas-time-delta-c-ultragarsiniam-srauto-matuokliui\/#primaryimage\",\"url\":\"https:\/\/invertas.lt\/wp-content\/uploads\/2025\/06\/fssd-vue-generale-header-fr-en.webp\",\"contentUrl\":\"https:\/\/invertas.lt\/wp-content\/uploads\/2025\/06\/fssd-vue-generale-header-fr-en.webp\",\"width\":682,\"height\":682},{\"@type\":\"BreadcrumbList\",\"@id\":\"https:\/\/invertas.lt\/produktai\/srauto-matuokliai\/jutiklis-fssd-skersmuo-nuo-13-iki-300-mm-skirtas-time-delta-c-ultragarsiniam-srauto-matuokliui\/#breadcrumb\",\"itemListElement\":[{\"@type\":\"ListItem\",\"position\":1,\"name\":\"Prad\u017eia\",\"item\":\"https:\/\/invertas.lt\/\"},{\"@type\":\"ListItem\",\"position\":2,\"name\":\"Products\",\"item\":\"https:\/\/invertas.lt\/shop\/\"},{\"@type\":\"ListItem\",\"position\":3,\"name\":\"Srauto matuokliai\",\"item\":\"https:\/\/invertas.lt\/.\/srauto-matuokliai\/\"},{\"@type\":\"ListItem\",\"position\":4,\"name\":\"Fuji Electric jutiklis FSSD \u2013 nuo 13 iki 300 mm, skirtas Time Delta-C\"}]},{\"@type\":\"WebSite\",\"@id\":\"https:\/\/invertas.lt\/#website\",\"url\":\"https:\/\/invertas.lt\/\",\"name\":\"Invertas\",\"description\":\"\",\"publisher\":{\"@id\":\"https:\/\/invertas.lt\/#organization\"},\"potentialAction\":[{\"@type\":\"SearchAction\",\"target\":{\"@type\":\"EntryPoint\",\"urlTemplate\":\"https:\/\/invertas.lt\/?s={search_term_string}\"},\"query-input\":{\"@type\":\"PropertyValueSpecification\",\"valueRequired\":true,\"valueName\":\"search_term_string\"}}],\"inLanguage\":\"en-GB\"},{\"@type\":\"Organization\",\"@id\":\"https:\/\/invertas.lt\/#organization\",\"name\":\"Invertas\",\"url\":\"https:\/\/invertas.lt\/\",\"logo\":{\"@type\":\"ImageObject\",\"inLanguage\":\"en-GB\",\"@id\":\"https:\/\/invertas.lt\/#\/schema\/logo\/image\/\",\"url\":\"https:\/\/invertas.lt\/wp-content\/uploads\/2025\/03\/New-Text-Document-2.svg\",\"contentUrl\":\"https:\/\/invertas.lt\/wp-content\/uploads\/2025\/03\/New-Text-Document-2.svg\",\"width\":140,\"height\":39,\"caption\":\"Invertas\"},\"image\":{\"@id\":\"https:\/\/invertas.lt\/#\/schema\/logo\/image\/\"}}]}<\/script>\n<!-- \/ Yoast SEO plugin. -->","yoast_head_json":{"title":"Fuji Electric jutiklis FSSD \u2013 nuo 13 iki 300 mm, skirtas Time Delta-C - Invertas","description":"Skys\u010dio srauto matuoklis tiksliai aptinka nuot\u0117kius ir matuoja srautus \u012fvairi\u0173 vamzd\u017ei\u0173 dyd\u017eiuose. Kompakti\u0161kas, greitas, atsparus vandeniui.","robots":{"index":"index","follow":"follow","max-snippet":"max-snippet:-1","max-image-preview":"max-image-preview:large","max-video-preview":"max-video-preview:-1"},"canonical":"https:\/\/invertas.lt\/en\/produktai\/srauto-matuokliai\/jutiklis-fssd-skersmuo-nuo-13-iki-300-mm-skirtas-time-delta-c-ultragarsiniam-srauto-matuokliui\/","og_locale":"en_GB","og_type":"article","og_title":"Fuji Electric jutiklis FSSD \u2013 nuo 13 iki 300 mm, skirtas Time Delta-C - Invertas","og_description":"Skys\u010dio srauto matuoklis tiksliai aptinka nuot\u0117kius ir matuoja srautus \u012fvairi\u0173 vamzd\u017ei\u0173 dyd\u017eiuose. Kompakti\u0161kas, greitas, atsparus vandeniui.","og_url":"https:\/\/invertas.lt\/en\/produktai\/srauto-matuokliai\/jutiklis-fssd-skersmuo-nuo-13-iki-300-mm-skirtas-time-delta-c-ultragarsiniam-srauto-matuokliui\/","og_site_name":"Invertas","article_modified_time":"2025-08-07T09:23:07+00:00","og_image":[{"width":682,"height":682,"url":"https:\/\/invertas.lt\/wp-content\/uploads\/2025\/06\/fssd-vue-generale-header-fr-en.webp","type":"image\/webp"}],"twitter_card":"summary_large_image","twitter_misc":{"Estimated reading time":"1 minute"},"schema":{"@context":"https:\/\/schema.org","@graph":[{"@type":"WebPage","@id":"https:\/\/invertas.lt\/produktai\/srauto-matuokliai\/jutiklis-fssd-skersmuo-nuo-13-iki-300-mm-skirtas-time-delta-c-ultragarsiniam-srauto-matuokliui\/","url":"https:\/\/invertas.lt\/produktai\/srauto-matuokliai\/jutiklis-fssd-skersmuo-nuo-13-iki-300-mm-skirtas-time-delta-c-ultragarsiniam-srauto-matuokliui\/","name":"Fuji Electric jutiklis FSSD \u2013 nuo 13 iki 300 mm, skirtas Time Delta-C - Invertas","isPartOf":{"@id":"https:\/\/invertas.lt\/#website"},"primaryImageOfPage":{"@id":"https:\/\/invertas.lt\/produktai\/srauto-matuokliai\/jutiklis-fssd-skersmuo-nuo-13-iki-300-mm-skirtas-time-delta-c-ultragarsiniam-srauto-matuokliui\/#primaryimage"},"image":{"@id":"https:\/\/invertas.lt\/produktai\/srauto-matuokliai\/jutiklis-fssd-skersmuo-nuo-13-iki-300-mm-skirtas-time-delta-c-ultragarsiniam-srauto-matuokliui\/#primaryimage"},"thumbnailUrl":"https:\/\/invertas.lt\/wp-content\/uploads\/2025\/06\/fssd-vue-generale-header-fr-en.webp","datePublished":"2025-06-03T14:45:59+00:00","dateModified":"2025-08-07T09:23:07+00:00","description":"Skys\u010dio srauto matuoklis tiksliai aptinka nuot\u0117kius ir matuoja srautus \u012fvairi\u0173 vamzd\u017ei\u0173 dyd\u017eiuose. Kompakti\u0161kas, greitas, atsparus vandeniui.","breadcrumb":{"@id":"https:\/\/invertas.lt\/produktai\/srauto-matuokliai\/jutiklis-fssd-skersmuo-nuo-13-iki-300-mm-skirtas-time-delta-c-ultragarsiniam-srauto-matuokliui\/#breadcrumb"},"inLanguage":"en-GB","potentialAction":[{"@type":"ReadAction","target":["https:\/\/invertas.lt\/produktai\/srauto-matuokliai\/jutiklis-fssd-skersmuo-nuo-13-iki-300-mm-skirtas-time-delta-c-ultragarsiniam-srauto-matuokliui\/"]}]},{"@type":"ImageObject","inLanguage":"en-GB","@id":"https:\/\/invertas.lt\/produktai\/srauto-matuokliai\/jutiklis-fssd-skersmuo-nuo-13-iki-300-mm-skirtas-time-delta-c-ultragarsiniam-srauto-matuokliui\/#primaryimage","url":"https:\/\/invertas.lt\/wp-content\/uploads\/2025\/06\/fssd-vue-generale-header-fr-en.webp","contentUrl":"https:\/\/invertas.lt\/wp-content\/uploads\/2025\/06\/fssd-vue-generale-header-fr-en.webp","width":682,"height":682},{"@type":"BreadcrumbList","@id":"https:\/\/invertas.lt\/produktai\/srauto-matuokliai\/jutiklis-fssd-skersmuo-nuo-13-iki-300-mm-skirtas-time-delta-c-ultragarsiniam-srauto-matuokliui\/#breadcrumb","itemListElement":[{"@type":"ListItem","position":1,"name":"Prad\u017eia","item":"https:\/\/invertas.lt\/"},{"@type":"ListItem","position":2,"name":"Products","item":"https:\/\/invertas.lt\/shop\/"},{"@type":"ListItem","position":3,"name":"Srauto matuokliai","item":"https:\/\/invertas.lt\/.\/srauto-matuokliai\/"},{"@type":"ListItem","position":4,"name":"Fuji Electric jutiklis FSSD \u2013 nuo 13 iki 300 mm, skirtas Time Delta-C"}]},{"@type":"WebSite","@id":"https:\/\/invertas.lt\/#website","url":"https:\/\/invertas.lt\/","name":"Invert","description":"","publisher":{"@id":"https:\/\/invertas.lt\/#organization"},"potentialAction":[{"@type":"SearchAction","target":{"@type":"EntryPoint","urlTemplate":"https:\/\/invertas.lt\/?s={search_term_string}"},"query-input":{"@type":"PropertyValueSpecification","valueRequired":true,"valueName":"search_term_string"}}],"inLanguage":"en-GB"},{"@type":"Organization","@id":"https:\/\/invertas.lt\/#organization","name":"Invert","url":"https:\/\/invertas.lt\/","logo":{"@type":"ImageObject","inLanguage":"en-GB","@id":"https:\/\/invertas.lt\/#\/schema\/logo\/image\/","url":"https:\/\/invertas.lt\/wp-content\/uploads\/2025\/03\/New-Text-Document-2.svg","contentUrl":"https:\/\/invertas.lt\/wp-content\/uploads\/2025\/03\/New-Text-Document-2.svg","width":140,"height":39,"caption":"Invertas"},"image":{"@id":"https:\/\/invertas.lt\/#\/schema\/logo\/image\/"}}]}},"_links":{"self":[{"href":"https:\/\/invertas.lt\/en\/wp-json\/wp\/v2\/product\/6271","targetHints":{"allow":["GET"]}}],"collection":[{"href":"https:\/\/invertas.lt\/en\/wp-json\/wp\/v2\/product"}],"about":[{"href":"https:\/\/invertas.lt\/en\/wp-json\/wp\/v2\/types\/product"}],"replies":[{"embeddable":true,"href":"https:\/\/invertas.lt\/en\/wp-json\/wp\/v2\/comments?post=6271"}],"wp:featuredmedia":[{"embeddable":true,"href":"https:\/\/invertas.lt\/en\/wp-json\/wp\/v2\/media\/6320"}],"wp:attachment":[{"href":"https:\/\/invertas.lt\/en\/wp-json\/wp\/v2\/media?parent=6271"}],"wp:term":[{"taxonomy":"product_brand","embeddable":true,"href":"https:\/\/invertas.lt\/en\/wp-json\/wp\/v2\/product_brand?post=6271"},{"taxonomy":"product_cat","embeddable":true,"href":"https:\/\/invertas.lt\/en\/wp-json\/wp\/v2\/product_cat?post=6271"},{"taxonomy":"product_tag","embeddable":true,"href":"https:\/\/invertas.lt\/en\/wp-json\/wp\/v2\/product_tag?post=6271"}],"curies":[{"name":"wp","href":"https:\/\/api.w.org\/{rel}","templated":true}]}}