{"id":6209,"date":"2025-06-03T13:04:59","date_gmt":"2025-06-03T13:04:59","guid":{"rendered":"https:\/\/aurimasb15.sg-host.com\/?post_type=product&#038;p=6209"},"modified":"2025-08-07T09:29:35","modified_gmt":"2025-08-07T09:29:35","slug":"jutiklis-fssc-skersmuo-nuo-50-iki-1200-mm-skirtas-ultragarsiniams-srauto-matuokliams-m-flow-ir-time-delta-c","status":"publish","type":"product","link":"https:\/\/invertas.lt\/en\/produktai\/srauto-matuokliai\/jutiklis-fssc-skersmuo-nuo-50-iki-1200-mm-skirtas-ultragarsiniams-srauto-matuokliams-m-flow-ir-time-delta-c\/","title":{"rendered":"Fuji Electric sensor FSSC \u2013 50 to 1200 mm, designed for Time Delta-C"},"content":{"rendered":"<p data-start=\"0\" data-end=\"14\"><strong>Fields of application<\/strong><\/p>\n<p data-start=\"19\" data-end=\"161\">Non-intrusive ultrasonic flow meters are used in a wide range of industrial applications: food and beverage, water and wastewater, agriculture and irrigation, water management in buildings for energy savings, commissioning and maintenance of buildings (hotels, hospitals, etc.), water parks, swimming pools and aquariums, and the semiconductor industry.<\/p>\n<p data-start=\"16\" data-end=\"183\"><strong>Features<\/strong><\/p>\n<ul>\n<li>Measurement accuracy: \u00b11.5%.<\/li>\n<li>Fast response time: 0.2 sec<\/li>\n<li>Compact dimensions: 130 x 140 mm<\/li>\n<li>Output signal : 4-20 mA, pulse output, relay alarm output<\/li>\n<li>Digital communication : RS485 MODBUS\u2122 option<\/li>\n<\/ul>","protected":false},"excerpt":{"rendered":"<p>Taikymo sritys Neinvaziniai ultragarsiniai srauto matuokliai naudojami \u012fvairiose pramon\u0117s srityse: maisto ir g\u0117rim\u0173, vandens tiekimo ir nuotek\u0173 tvarkymo, \u017eem\u0117s \u016bkio ir dr\u0117kinimo sistemose, vandens valdymui pastatuose siekiant energijos taupymo, pastat\u0173 (vie\u0161bu\u010di\u0173, ligonini\u0173 ir kt.) paleidimui ir prie\u017ei\u016brai, vandens parkuose, baseinuose ir akvariumuose, taip pat puslaidininki\u0173 pramon\u0117je. Savyb\u0117s Matavimo tikslumas: \u00b11,5\u202f% Greitas reakcijos laikas: 0,2 sek [&hellip;]<\/p>","protected":false},"featured_media":6222,"comment_status":"open","ping_status":"closed","template":"","meta":{"_acf_changed":false,"inline_featured_image":false},"product_brand":[],"product_cat":[279],"product_tag":[],"class_list":{"0":"post-6209","1":"product","2":"type-product","3":"status-publish","4":"has-post-thumbnail","6":"product_cat-srauto-matuokliai","8":"first","9":"instock","10":"shipping-taxable","11":"purchasable","12":"product-type-variable"},"acf":[],"yoast_head":"<!-- This site is optimized with the Yoast SEO plugin v25.5 - https:\/\/yoast.com\/wordpress\/plugins\/seo\/ -->\n<title>Fuji Electric jutiklis FSSC \u2013 50 iki 1200 mm, skirtas Time Delta-C - Invertas<\/title>\n<meta name=\"description\" content=\"Neinvaziniai ultragarsiniai srauto matuokliai tiksliai matuoja skys\u010di\u0173 sraut\u0105 ir aptinka nuot\u0117kius vamzdynuose, siurblio ir \u0161ildymo sistem\u0173 balansavimui.\" \/>\n<meta name=\"robots\" content=\"index, follow, max-snippet:-1, max-image-preview:large, max-video-preview:-1\" \/>\n<link rel=\"canonical\" href=\"https:\/\/invertas.lt\/en\/produktai\/srauto-matuokliai\/jutiklis-fssc-skersmuo-nuo-50-iki-1200-mm-skirtas-ultragarsiniams-srauto-matuokliams-m-flow-ir-time-delta-c\/\" \/>\n<meta property=\"og:locale\" content=\"en_GB\" \/>\n<meta property=\"og:type\" content=\"article\" \/>\n<meta property=\"og:title\" content=\"Fuji Electric jutiklis FSSC \u2013 50 iki 1200 mm, skirtas Time Delta-C - Invertas\" \/>\n<meta property=\"og:description\" content=\"Neinvaziniai ultragarsiniai srauto matuokliai tiksliai matuoja skys\u010di\u0173 sraut\u0105 ir aptinka nuot\u0117kius vamzdynuose, siurblio ir \u0161ildymo sistem\u0173 balansavimui.\" \/>\n<meta property=\"og:url\" content=\"https:\/\/invertas.lt\/en\/produktai\/srauto-matuokliai\/jutiklis-fssc-skersmuo-nuo-50-iki-1200-mm-skirtas-ultragarsiniams-srauto-matuokliams-m-flow-ir-time-delta-c\/\" \/>\n<meta property=\"og:site_name\" content=\"Invertas\" \/>\n<meta property=\"article:modified_time\" content=\"2025-08-07T09:29:35+00:00\" \/>\n<meta property=\"og:image\" content=\"https:\/\/invertas.lt\/wp-content\/uploads\/2025\/06\/fssc-vue-generale-header-fr-en.webp\" \/>\n\t<meta property=\"og:image:width\" content=\"682\" \/>\n\t<meta property=\"og:image:height\" content=\"682\" \/>\n\t<meta property=\"og:image:type\" content=\"image\/webp\" \/>\n<meta name=\"twitter:card\" content=\"summary_large_image\" \/>\n<meta name=\"twitter:label1\" content=\"Estimated reading time\" \/>\n\t<meta name=\"twitter:data1\" content=\"1 minute\" \/>\n<script type=\"application\/ld+json\" class=\"yoast-schema-graph\">{\"@context\":\"https:\/\/schema.org\",\"@graph\":[{\"@type\":\"WebPage\",\"@id\":\"https:\/\/invertas.lt\/produktai\/srauto-matuokliai\/jutiklis-fssc-skersmuo-nuo-50-iki-1200-mm-skirtas-ultragarsiniams-srauto-matuokliams-m-flow-ir-time-delta-c\/\",\"url\":\"https:\/\/invertas.lt\/produktai\/srauto-matuokliai\/jutiklis-fssc-skersmuo-nuo-50-iki-1200-mm-skirtas-ultragarsiniams-srauto-matuokliams-m-flow-ir-time-delta-c\/\",\"name\":\"Fuji Electric jutiklis FSSC \u2013 50 iki 1200 mm, skirtas Time Delta-C - Invertas\",\"isPartOf\":{\"@id\":\"https:\/\/invertas.lt\/#website\"},\"primaryImageOfPage\":{\"@id\":\"https:\/\/invertas.lt\/produktai\/srauto-matuokliai\/jutiklis-fssc-skersmuo-nuo-50-iki-1200-mm-skirtas-ultragarsiniams-srauto-matuokliams-m-flow-ir-time-delta-c\/#primaryimage\"},\"image\":{\"@id\":\"https:\/\/invertas.lt\/produktai\/srauto-matuokliai\/jutiklis-fssc-skersmuo-nuo-50-iki-1200-mm-skirtas-ultragarsiniams-srauto-matuokliams-m-flow-ir-time-delta-c\/#primaryimage\"},\"thumbnailUrl\":\"https:\/\/invertas.lt\/wp-content\/uploads\/2025\/06\/fssc-vue-generale-header-fr-en.webp\",\"datePublished\":\"2025-06-03T13:04:59+00:00\",\"dateModified\":\"2025-08-07T09:29:35+00:00\",\"description\":\"Neinvaziniai ultragarsiniai srauto matuokliai tiksliai matuoja skys\u010di\u0173 sraut\u0105 ir aptinka nuot\u0117kius vamzdynuose, siurblio ir \u0161ildymo sistem\u0173 balansavimui.\",\"breadcrumb\":{\"@id\":\"https:\/\/invertas.lt\/produktai\/srauto-matuokliai\/jutiklis-fssc-skersmuo-nuo-50-iki-1200-mm-skirtas-ultragarsiniams-srauto-matuokliams-m-flow-ir-time-delta-c\/#breadcrumb\"},\"inLanguage\":\"en-GB\",\"potentialAction\":[{\"@type\":\"ReadAction\",\"target\":[\"https:\/\/invertas.lt\/produktai\/srauto-matuokliai\/jutiklis-fssc-skersmuo-nuo-50-iki-1200-mm-skirtas-ultragarsiniams-srauto-matuokliams-m-flow-ir-time-delta-c\/\"]}]},{\"@type\":\"ImageObject\",\"inLanguage\":\"en-GB\",\"@id\":\"https:\/\/invertas.lt\/produktai\/srauto-matuokliai\/jutiklis-fssc-skersmuo-nuo-50-iki-1200-mm-skirtas-ultragarsiniams-srauto-matuokliams-m-flow-ir-time-delta-c\/#primaryimage\",\"url\":\"https:\/\/invertas.lt\/wp-content\/uploads\/2025\/06\/fssc-vue-generale-header-fr-en.webp\",\"contentUrl\":\"https:\/\/invertas.lt\/wp-content\/uploads\/2025\/06\/fssc-vue-generale-header-fr-en.webp\",\"width\":682,\"height\":682},{\"@type\":\"BreadcrumbList\",\"@id\":\"https:\/\/invertas.lt\/produktai\/srauto-matuokliai\/jutiklis-fssc-skersmuo-nuo-50-iki-1200-mm-skirtas-ultragarsiniams-srauto-matuokliams-m-flow-ir-time-delta-c\/#breadcrumb\",\"itemListElement\":[{\"@type\":\"ListItem\",\"position\":1,\"name\":\"Prad\u017eia\",\"item\":\"https:\/\/invertas.lt\/\"},{\"@type\":\"ListItem\",\"position\":2,\"name\":\"Products\",\"item\":\"https:\/\/invertas.lt\/shop\/\"},{\"@type\":\"ListItem\",\"position\":3,\"name\":\"Srauto matuokliai\",\"item\":\"https:\/\/invertas.lt\/.\/srauto-matuokliai\/\"},{\"@type\":\"ListItem\",\"position\":4,\"name\":\"Fuji Electric jutiklis FSSC \u2013 50 iki 1200 mm, skirtas Time Delta-C\"}]},{\"@type\":\"WebSite\",\"@id\":\"https:\/\/invertas.lt\/#website\",\"url\":\"https:\/\/invertas.lt\/\",\"name\":\"Invertas\",\"description\":\"\",\"publisher\":{\"@id\":\"https:\/\/invertas.lt\/#organization\"},\"potentialAction\":[{\"@type\":\"SearchAction\",\"target\":{\"@type\":\"EntryPoint\",\"urlTemplate\":\"https:\/\/invertas.lt\/?s={search_term_string}\"},\"query-input\":{\"@type\":\"PropertyValueSpecification\",\"valueRequired\":true,\"valueName\":\"search_term_string\"}}],\"inLanguage\":\"en-GB\"},{\"@type\":\"Organization\",\"@id\":\"https:\/\/invertas.lt\/#organization\",\"name\":\"Invertas\",\"url\":\"https:\/\/invertas.lt\/\",\"logo\":{\"@type\":\"ImageObject\",\"inLanguage\":\"en-GB\",\"@id\":\"https:\/\/invertas.lt\/#\/schema\/logo\/image\/\",\"url\":\"https:\/\/invertas.lt\/wp-content\/uploads\/2025\/03\/New-Text-Document-2.svg\",\"contentUrl\":\"https:\/\/invertas.lt\/wp-content\/uploads\/2025\/03\/New-Text-Document-2.svg\",\"width\":140,\"height\":39,\"caption\":\"Invertas\"},\"image\":{\"@id\":\"https:\/\/invertas.lt\/#\/schema\/logo\/image\/\"}}]}<\/script>\n<!-- \/ Yoast SEO plugin. -->","yoast_head_json":{"title":"Fuji Electric jutiklis FSSC \u2013 50 iki 1200 mm, skirtas Time Delta-C - Invertas","description":"Neinvaziniai ultragarsiniai srauto matuokliai tiksliai matuoja skys\u010di\u0173 sraut\u0105 ir aptinka nuot\u0117kius vamzdynuose, siurblio ir \u0161ildymo sistem\u0173 balansavimui.","robots":{"index":"index","follow":"follow","max-snippet":"max-snippet:-1","max-image-preview":"max-image-preview:large","max-video-preview":"max-video-preview:-1"},"canonical":"https:\/\/invertas.lt\/en\/produktai\/srauto-matuokliai\/jutiklis-fssc-skersmuo-nuo-50-iki-1200-mm-skirtas-ultragarsiniams-srauto-matuokliams-m-flow-ir-time-delta-c\/","og_locale":"en_GB","og_type":"article","og_title":"Fuji Electric jutiklis FSSC \u2013 50 iki 1200 mm, skirtas Time Delta-C - Invertas","og_description":"Neinvaziniai ultragarsiniai srauto matuokliai tiksliai matuoja skys\u010di\u0173 sraut\u0105 ir aptinka nuot\u0117kius vamzdynuose, siurblio ir \u0161ildymo sistem\u0173 balansavimui.","og_url":"https:\/\/invertas.lt\/en\/produktai\/srauto-matuokliai\/jutiklis-fssc-skersmuo-nuo-50-iki-1200-mm-skirtas-ultragarsiniams-srauto-matuokliams-m-flow-ir-time-delta-c\/","og_site_name":"Invertas","article_modified_time":"2025-08-07T09:29:35+00:00","og_image":[{"width":682,"height":682,"url":"https:\/\/invertas.lt\/wp-content\/uploads\/2025\/06\/fssc-vue-generale-header-fr-en.webp","type":"image\/webp"}],"twitter_card":"summary_large_image","twitter_misc":{"Estimated reading time":"1 minute"},"schema":{"@context":"https:\/\/schema.org","@graph":[{"@type":"WebPage","@id":"https:\/\/invertas.lt\/produktai\/srauto-matuokliai\/jutiklis-fssc-skersmuo-nuo-50-iki-1200-mm-skirtas-ultragarsiniams-srauto-matuokliams-m-flow-ir-time-delta-c\/","url":"https:\/\/invertas.lt\/produktai\/srauto-matuokliai\/jutiklis-fssc-skersmuo-nuo-50-iki-1200-mm-skirtas-ultragarsiniams-srauto-matuokliams-m-flow-ir-time-delta-c\/","name":"Fuji Electric jutiklis FSSC \u2013 50 iki 1200 mm, skirtas Time Delta-C - Invertas","isPartOf":{"@id":"https:\/\/invertas.lt\/#website"},"primaryImageOfPage":{"@id":"https:\/\/invertas.lt\/produktai\/srauto-matuokliai\/jutiklis-fssc-skersmuo-nuo-50-iki-1200-mm-skirtas-ultragarsiniams-srauto-matuokliams-m-flow-ir-time-delta-c\/#primaryimage"},"image":{"@id":"https:\/\/invertas.lt\/produktai\/srauto-matuokliai\/jutiklis-fssc-skersmuo-nuo-50-iki-1200-mm-skirtas-ultragarsiniams-srauto-matuokliams-m-flow-ir-time-delta-c\/#primaryimage"},"thumbnailUrl":"https:\/\/invertas.lt\/wp-content\/uploads\/2025\/06\/fssc-vue-generale-header-fr-en.webp","datePublished":"2025-06-03T13:04:59+00:00","dateModified":"2025-08-07T09:29:35+00:00","description":"Neinvaziniai ultragarsiniai srauto matuokliai tiksliai matuoja skys\u010di\u0173 sraut\u0105 ir aptinka nuot\u0117kius vamzdynuose, siurblio ir \u0161ildymo sistem\u0173 balansavimui.","breadcrumb":{"@id":"https:\/\/invertas.lt\/produktai\/srauto-matuokliai\/jutiklis-fssc-skersmuo-nuo-50-iki-1200-mm-skirtas-ultragarsiniams-srauto-matuokliams-m-flow-ir-time-delta-c\/#breadcrumb"},"inLanguage":"en-GB","potentialAction":[{"@type":"ReadAction","target":["https:\/\/invertas.lt\/produktai\/srauto-matuokliai\/jutiklis-fssc-skersmuo-nuo-50-iki-1200-mm-skirtas-ultragarsiniams-srauto-matuokliams-m-flow-ir-time-delta-c\/"]}]},{"@type":"ImageObject","inLanguage":"en-GB","@id":"https:\/\/invertas.lt\/produktai\/srauto-matuokliai\/jutiklis-fssc-skersmuo-nuo-50-iki-1200-mm-skirtas-ultragarsiniams-srauto-matuokliams-m-flow-ir-time-delta-c\/#primaryimage","url":"https:\/\/invertas.lt\/wp-content\/uploads\/2025\/06\/fssc-vue-generale-header-fr-en.webp","contentUrl":"https:\/\/invertas.lt\/wp-content\/uploads\/2025\/06\/fssc-vue-generale-header-fr-en.webp","width":682,"height":682},{"@type":"BreadcrumbList","@id":"https:\/\/invertas.lt\/produktai\/srauto-matuokliai\/jutiklis-fssc-skersmuo-nuo-50-iki-1200-mm-skirtas-ultragarsiniams-srauto-matuokliams-m-flow-ir-time-delta-c\/#breadcrumb","itemListElement":[{"@type":"ListItem","position":1,"name":"Prad\u017eia","item":"https:\/\/invertas.lt\/"},{"@type":"ListItem","position":2,"name":"Products","item":"https:\/\/invertas.lt\/shop\/"},{"@type":"ListItem","position":3,"name":"Srauto matuokliai","item":"https:\/\/invertas.lt\/.\/srauto-matuokliai\/"},{"@type":"ListItem","position":4,"name":"Fuji Electric jutiklis FSSC \u2013 50 iki 1200 mm, skirtas Time Delta-C"}]},{"@type":"WebSite","@id":"https:\/\/invertas.lt\/#website","url":"https:\/\/invertas.lt\/","name":"Invert","description":"","publisher":{"@id":"https:\/\/invertas.lt\/#organization"},"potentialAction":[{"@type":"SearchAction","target":{"@type":"EntryPoint","urlTemplate":"https:\/\/invertas.lt\/?s={search_term_string}"},"query-input":{"@type":"PropertyValueSpecification","valueRequired":true,"valueName":"search_term_string"}}],"inLanguage":"en-GB"},{"@type":"Organization","@id":"https:\/\/invertas.lt\/#organization","name":"Invert","url":"https:\/\/invertas.lt\/","logo":{"@type":"ImageObject","inLanguage":"en-GB","@id":"https:\/\/invertas.lt\/#\/schema\/logo\/image\/","url":"https:\/\/invertas.lt\/wp-content\/uploads\/2025\/03\/New-Text-Document-2.svg","contentUrl":"https:\/\/invertas.lt\/wp-content\/uploads\/2025\/03\/New-Text-Document-2.svg","width":140,"height":39,"caption":"Invertas"},"image":{"@id":"https:\/\/invertas.lt\/#\/schema\/logo\/image\/"}}]}},"_links":{"self":[{"href":"https:\/\/invertas.lt\/en\/wp-json\/wp\/v2\/product\/6209","targetHints":{"allow":["GET"]}}],"collection":[{"href":"https:\/\/invertas.lt\/en\/wp-json\/wp\/v2\/product"}],"about":[{"href":"https:\/\/invertas.lt\/en\/wp-json\/wp\/v2\/types\/product"}],"replies":[{"embeddable":true,"href":"https:\/\/invertas.lt\/en\/wp-json\/wp\/v2\/comments?post=6209"}],"wp:featuredmedia":[{"embeddable":true,"href":"https:\/\/invertas.lt\/en\/wp-json\/wp\/v2\/media\/6222"}],"wp:attachment":[{"href":"https:\/\/invertas.lt\/en\/wp-json\/wp\/v2\/media?parent=6209"}],"wp:term":[{"taxonomy":"product_brand","embeddable":true,"href":"https:\/\/invertas.lt\/en\/wp-json\/wp\/v2\/product_brand?post=6209"},{"taxonomy":"product_cat","embeddable":true,"href":"https:\/\/invertas.lt\/en\/wp-json\/wp\/v2\/product_cat?post=6209"},{"taxonomy":"product_tag","embeddable":true,"href":"https:\/\/invertas.lt\/en\/wp-json\/wp\/v2\/product_tag?post=6209"}],"curies":[{"name":"wp","href":"https:\/\/api.w.org\/{rel}","templated":true}]}}