{"id":6138,"date":"2025-06-03T10:01:57","date_gmt":"2025-06-03T10:01:57","guid":{"rendered":"https:\/\/aurimasb15.sg-host.com\/?post_type=product&#038;p=6138"},"modified":"2025-08-09T18:14:58","modified_gmt":"2025-08-09T18:14:58","slug":"keliu-kanalu-biogeniniu-duju-srauto-matuoklis-sol-biogaz","status":"publish","type":"product","link":"https:\/\/invertas.lt\/en\/produktai\/srauto-matuokliai\/keliu-kanalu-biogeniniu-duju-srauto-matuoklis-sol-biogaz\/","title":{"rendered":"Fuji Electric multi-channel biogenic gas flow meter SOL BIOGAZ"},"content":{"rendered":"<h3 data-start=\"0\" data-end=\"14\">Fields of application<\/h3>\n<p data-start=\"19\" data-end=\"161\">Fuji Electric flowmeters are low-pressure meters designed to monitor: biogas from landfill sites (collected, recovered, flared), waste gases from methanization and agricultural anaerobic digestion, gases from pumped energy transfer stations (PETS), gas engines.<\/p>\n<h3 data-start=\"16\" data-end=\"183\">Features<\/h3>\n<ul>\n<li>Transactional metering and secure data<\/li>\n<li>Get data validated by government authorities<\/li>\n<li>Easy-to-read counts<\/li>\n<li>Collect and analyze your measurements remotely<\/li>\n<li>Designed for use in harsh environments<\/li>\n<\/ul>","protected":false},"excerpt":{"rendered":"<p>Taikymo sritys Fuji Electric srauto matuokliai \u2013 tai \u017eemo sl\u0117gio matuokliai, skirti steb\u0117ti: biogenines dujas i\u0161 s\u0105vartyn\u0173 (surinktas, regeneruotas, sudegintas), dujas i\u0161 metanizacijos ir \u017eem\u0117s \u016bkio anaerobinio p\u016bdimo, dujas i\u0161 siurbli\u0173 hidroakumuliacini\u0173 elektrini\u0173 (PETS), dujinius variklius. Savyb\u0117s Apskaita sandoriams ir saug\u016bs duomenys Gaukite duomenis, patvirtintus vald\u017eios institucij\u0173 Ai\u0161kiai matomi rodmenys Duomen\u0173 surinkimas ir analiz\u0117 nuotoliniu [&hellip;]<\/p>","protected":false},"featured_media":8506,"comment_status":"open","ping_status":"closed","template":"","meta":{"_acf_changed":false,"inline_featured_image":false},"product_brand":[],"product_cat":[279],"product_tag":[],"class_list":{"0":"post-6138","1":"product","2":"type-product","3":"status-publish","4":"has-post-thumbnail","6":"product_cat-srauto-matuokliai","8":"first","9":"instock","10":"shipping-taxable","11":"purchasable","12":"product-type-simple"},"acf":[],"yoast_head":"<!-- This site is optimized with the Yoast SEO plugin v25.5 - https:\/\/yoast.com\/wordpress\/plugins\/seo\/ -->\n<title>Fuji Electric keli\u0173 kanal\u0173 biogenini\u0173 duj\u0173 debitomatis SOL BIOGAZ - Invertas<\/title>\n<meta name=\"description\" content=\"\u017demo sl\u0117gio matavimo \u012frenginiai, skirti biogenini\u0173 duj\u0173 (i\u0161 s\u0105vartyn\u0173, metanizacijos, anaerobinio p\u016bdimo) dujini\u0173 varikli\u0173 duj\u0173 sraut\u0173 steb\u0117senai.\" \/>\n<meta name=\"robots\" content=\"index, follow, max-snippet:-1, max-image-preview:large, max-video-preview:-1\" \/>\n<link rel=\"canonical\" href=\"https:\/\/invertas.lt\/en\/produktai\/srauto-matuokliai\/keliu-kanalu-biogeniniu-duju-srauto-matuoklis-sol-biogaz\/\" \/>\n<meta property=\"og:locale\" content=\"en_GB\" \/>\n<meta property=\"og:type\" content=\"article\" \/>\n<meta property=\"og:title\" content=\"Fuji Electric keli\u0173 kanal\u0173 biogenini\u0173 duj\u0173 debitomatis SOL BIOGAZ - Invertas\" \/>\n<meta property=\"og:description\" content=\"\u017demo sl\u0117gio matavimo \u012frenginiai, skirti biogenini\u0173 duj\u0173 (i\u0161 s\u0105vartyn\u0173, metanizacijos, anaerobinio p\u016bdimo) dujini\u0173 varikli\u0173 duj\u0173 sraut\u0173 steb\u0117senai.\" \/>\n<meta property=\"og:url\" content=\"https:\/\/invertas.lt\/en\/produktai\/srauto-matuokliai\/keliu-kanalu-biogeniniu-duju-srauto-matuoklis-sol-biogaz\/\" \/>\n<meta property=\"og:site_name\" content=\"Invertas\" \/>\n<meta property=\"article:modified_time\" content=\"2025-08-09T18:14:58+00:00\" \/>\n<meta property=\"og:image\" content=\"https:\/\/invertas.lt\/wp-content\/uploads\/2025\/06\/12728-18265276.webp\" \/>\n\t<meta property=\"og:image:width\" content=\"600\" \/>\n\t<meta property=\"og:image:height\" content=\"600\" \/>\n\t<meta property=\"og:image:type\" content=\"image\/webp\" \/>\n<meta name=\"twitter:card\" content=\"summary_large_image\" \/>\n<meta name=\"twitter:label1\" content=\"Estimated reading time\" \/>\n\t<meta name=\"twitter:data1\" content=\"1 minute\" \/>\n<script type=\"application\/ld+json\" class=\"yoast-schema-graph\">{\"@context\":\"https:\/\/schema.org\",\"@graph\":[{\"@type\":\"WebPage\",\"@id\":\"https:\/\/invertas.lt\/produktai\/srauto-matuokliai\/keliu-kanalu-biogeniniu-duju-srauto-matuoklis-sol-biogaz\/\",\"url\":\"https:\/\/invertas.lt\/produktai\/srauto-matuokliai\/keliu-kanalu-biogeniniu-duju-srauto-matuoklis-sol-biogaz\/\",\"name\":\"Fuji Electric keli\u0173 kanal\u0173 biogenini\u0173 duj\u0173 debitomatis SOL BIOGAZ - Invertas\",\"isPartOf\":{\"@id\":\"https:\/\/invertas.lt\/#website\"},\"primaryImageOfPage\":{\"@id\":\"https:\/\/invertas.lt\/produktai\/srauto-matuokliai\/keliu-kanalu-biogeniniu-duju-srauto-matuoklis-sol-biogaz\/#primaryimage\"},\"image\":{\"@id\":\"https:\/\/invertas.lt\/produktai\/srauto-matuokliai\/keliu-kanalu-biogeniniu-duju-srauto-matuoklis-sol-biogaz\/#primaryimage\"},\"thumbnailUrl\":\"https:\/\/invertas.lt\/wp-content\/uploads\/2025\/06\/12728-18265276.webp\",\"datePublished\":\"2025-06-03T10:01:57+00:00\",\"dateModified\":\"2025-08-09T18:14:58+00:00\",\"description\":\"\u017demo sl\u0117gio matavimo \u012frenginiai, skirti biogenini\u0173 duj\u0173 (i\u0161 s\u0105vartyn\u0173, metanizacijos, anaerobinio p\u016bdimo) dujini\u0173 varikli\u0173 duj\u0173 sraut\u0173 steb\u0117senai.\",\"breadcrumb\":{\"@id\":\"https:\/\/invertas.lt\/produktai\/srauto-matuokliai\/keliu-kanalu-biogeniniu-duju-srauto-matuoklis-sol-biogaz\/#breadcrumb\"},\"inLanguage\":\"en-GB\",\"potentialAction\":[{\"@type\":\"ReadAction\",\"target\":[\"https:\/\/invertas.lt\/produktai\/srauto-matuokliai\/keliu-kanalu-biogeniniu-duju-srauto-matuoklis-sol-biogaz\/\"]}]},{\"@type\":\"ImageObject\",\"inLanguage\":\"en-GB\",\"@id\":\"https:\/\/invertas.lt\/produktai\/srauto-matuokliai\/keliu-kanalu-biogeniniu-duju-srauto-matuoklis-sol-biogaz\/#primaryimage\",\"url\":\"https:\/\/invertas.lt\/wp-content\/uploads\/2025\/06\/12728-18265276.webp\",\"contentUrl\":\"https:\/\/invertas.lt\/wp-content\/uploads\/2025\/06\/12728-18265276.webp\",\"width\":600,\"height\":600},{\"@type\":\"BreadcrumbList\",\"@id\":\"https:\/\/invertas.lt\/produktai\/srauto-matuokliai\/keliu-kanalu-biogeniniu-duju-srauto-matuoklis-sol-biogaz\/#breadcrumb\",\"itemListElement\":[{\"@type\":\"ListItem\",\"position\":1,\"name\":\"Prad\u017eia\",\"item\":\"https:\/\/invertas.lt\/\"},{\"@type\":\"ListItem\",\"position\":2,\"name\":\"Products\",\"item\":\"https:\/\/invertas.lt\/shop\/\"},{\"@type\":\"ListItem\",\"position\":3,\"name\":\"Srauto matuokliai\",\"item\":\"https:\/\/invertas.lt\/.\/srauto-matuokliai\/\"},{\"@type\":\"ListItem\",\"position\":4,\"name\":\"Fuji Electric keli\u0173 kanal\u0173 biogenini\u0173 duj\u0173 debitomatis SOL BIOGAZ\"}]},{\"@type\":\"WebSite\",\"@id\":\"https:\/\/invertas.lt\/#website\",\"url\":\"https:\/\/invertas.lt\/\",\"name\":\"Invertas\",\"description\":\"\",\"publisher\":{\"@id\":\"https:\/\/invertas.lt\/#organization\"},\"potentialAction\":[{\"@type\":\"SearchAction\",\"target\":{\"@type\":\"EntryPoint\",\"urlTemplate\":\"https:\/\/invertas.lt\/?s={search_term_string}\"},\"query-input\":{\"@type\":\"PropertyValueSpecification\",\"valueRequired\":true,\"valueName\":\"search_term_string\"}}],\"inLanguage\":\"en-GB\"},{\"@type\":\"Organization\",\"@id\":\"https:\/\/invertas.lt\/#organization\",\"name\":\"Invertas\",\"url\":\"https:\/\/invertas.lt\/\",\"logo\":{\"@type\":\"ImageObject\",\"inLanguage\":\"en-GB\",\"@id\":\"https:\/\/invertas.lt\/#\/schema\/logo\/image\/\",\"url\":\"https:\/\/invertas.lt\/wp-content\/uploads\/2025\/03\/New-Text-Document-2.svg\",\"contentUrl\":\"https:\/\/invertas.lt\/wp-content\/uploads\/2025\/03\/New-Text-Document-2.svg\",\"width\":140,\"height\":39,\"caption\":\"Invertas\"},\"image\":{\"@id\":\"https:\/\/invertas.lt\/#\/schema\/logo\/image\/\"}}]}<\/script>\n<!-- \/ Yoast SEO plugin. -->","yoast_head_json":{"title":"Fuji Electric keli\u0173 kanal\u0173 biogenini\u0173 duj\u0173 debitomatis SOL BIOGAZ - Invertas","description":"\u017demo sl\u0117gio matavimo \u012frenginiai, skirti biogenini\u0173 duj\u0173 (i\u0161 s\u0105vartyn\u0173, metanizacijos, anaerobinio p\u016bdimo) dujini\u0173 varikli\u0173 duj\u0173 sraut\u0173 steb\u0117senai.","robots":{"index":"index","follow":"follow","max-snippet":"max-snippet:-1","max-image-preview":"max-image-preview:large","max-video-preview":"max-video-preview:-1"},"canonical":"https:\/\/invertas.lt\/en\/produktai\/srauto-matuokliai\/keliu-kanalu-biogeniniu-duju-srauto-matuoklis-sol-biogaz\/","og_locale":"en_GB","og_type":"article","og_title":"Fuji Electric keli\u0173 kanal\u0173 biogenini\u0173 duj\u0173 debitomatis SOL BIOGAZ - Invertas","og_description":"\u017demo sl\u0117gio matavimo \u012frenginiai, skirti biogenini\u0173 duj\u0173 (i\u0161 s\u0105vartyn\u0173, metanizacijos, anaerobinio p\u016bdimo) dujini\u0173 varikli\u0173 duj\u0173 sraut\u0173 steb\u0117senai.","og_url":"https:\/\/invertas.lt\/en\/produktai\/srauto-matuokliai\/keliu-kanalu-biogeniniu-duju-srauto-matuoklis-sol-biogaz\/","og_site_name":"Invertas","article_modified_time":"2025-08-09T18:14:58+00:00","og_image":[{"width":600,"height":600,"url":"https:\/\/invertas.lt\/wp-content\/uploads\/2025\/06\/12728-18265276.webp","type":"image\/webp"}],"twitter_card":"summary_large_image","twitter_misc":{"Estimated reading time":"1 minute"},"schema":{"@context":"https:\/\/schema.org","@graph":[{"@type":"WebPage","@id":"https:\/\/invertas.lt\/produktai\/srauto-matuokliai\/keliu-kanalu-biogeniniu-duju-srauto-matuoklis-sol-biogaz\/","url":"https:\/\/invertas.lt\/produktai\/srauto-matuokliai\/keliu-kanalu-biogeniniu-duju-srauto-matuoklis-sol-biogaz\/","name":"Fuji Electric keli\u0173 kanal\u0173 biogenini\u0173 duj\u0173 debitomatis SOL BIOGAZ - Invertas","isPartOf":{"@id":"https:\/\/invertas.lt\/#website"},"primaryImageOfPage":{"@id":"https:\/\/invertas.lt\/produktai\/srauto-matuokliai\/keliu-kanalu-biogeniniu-duju-srauto-matuoklis-sol-biogaz\/#primaryimage"},"image":{"@id":"https:\/\/invertas.lt\/produktai\/srauto-matuokliai\/keliu-kanalu-biogeniniu-duju-srauto-matuoklis-sol-biogaz\/#primaryimage"},"thumbnailUrl":"https:\/\/invertas.lt\/wp-content\/uploads\/2025\/06\/12728-18265276.webp","datePublished":"2025-06-03T10:01:57+00:00","dateModified":"2025-08-09T18:14:58+00:00","description":"\u017demo sl\u0117gio matavimo \u012frenginiai, skirti biogenini\u0173 duj\u0173 (i\u0161 s\u0105vartyn\u0173, metanizacijos, anaerobinio p\u016bdimo) dujini\u0173 varikli\u0173 duj\u0173 sraut\u0173 steb\u0117senai.","breadcrumb":{"@id":"https:\/\/invertas.lt\/produktai\/srauto-matuokliai\/keliu-kanalu-biogeniniu-duju-srauto-matuoklis-sol-biogaz\/#breadcrumb"},"inLanguage":"en-GB","potentialAction":[{"@type":"ReadAction","target":["https:\/\/invertas.lt\/produktai\/srauto-matuokliai\/keliu-kanalu-biogeniniu-duju-srauto-matuoklis-sol-biogaz\/"]}]},{"@type":"ImageObject","inLanguage":"en-GB","@id":"https:\/\/invertas.lt\/produktai\/srauto-matuokliai\/keliu-kanalu-biogeniniu-duju-srauto-matuoklis-sol-biogaz\/#primaryimage","url":"https:\/\/invertas.lt\/wp-content\/uploads\/2025\/06\/12728-18265276.webp","contentUrl":"https:\/\/invertas.lt\/wp-content\/uploads\/2025\/06\/12728-18265276.webp","width":600,"height":600},{"@type":"BreadcrumbList","@id":"https:\/\/invertas.lt\/produktai\/srauto-matuokliai\/keliu-kanalu-biogeniniu-duju-srauto-matuoklis-sol-biogaz\/#breadcrumb","itemListElement":[{"@type":"ListItem","position":1,"name":"Prad\u017eia","item":"https:\/\/invertas.lt\/"},{"@type":"ListItem","position":2,"name":"Products","item":"https:\/\/invertas.lt\/shop\/"},{"@type":"ListItem","position":3,"name":"Srauto matuokliai","item":"https:\/\/invertas.lt\/.\/srauto-matuokliai\/"},{"@type":"ListItem","position":4,"name":"Fuji Electric keli\u0173 kanal\u0173 biogenini\u0173 duj\u0173 debitomatis SOL BIOGAZ"}]},{"@type":"WebSite","@id":"https:\/\/invertas.lt\/#website","url":"https:\/\/invertas.lt\/","name":"Invert","description":"","publisher":{"@id":"https:\/\/invertas.lt\/#organization"},"potentialAction":[{"@type":"SearchAction","target":{"@type":"EntryPoint","urlTemplate":"https:\/\/invertas.lt\/?s={search_term_string}"},"query-input":{"@type":"PropertyValueSpecification","valueRequired":true,"valueName":"search_term_string"}}],"inLanguage":"en-GB"},{"@type":"Organization","@id":"https:\/\/invertas.lt\/#organization","name":"Invert","url":"https:\/\/invertas.lt\/","logo":{"@type":"ImageObject","inLanguage":"en-GB","@id":"https:\/\/invertas.lt\/#\/schema\/logo\/image\/","url":"https:\/\/invertas.lt\/wp-content\/uploads\/2025\/03\/New-Text-Document-2.svg","contentUrl":"https:\/\/invertas.lt\/wp-content\/uploads\/2025\/03\/New-Text-Document-2.svg","width":140,"height":39,"caption":"Invertas"},"image":{"@id":"https:\/\/invertas.lt\/#\/schema\/logo\/image\/"}}]}},"_links":{"self":[{"href":"https:\/\/invertas.lt\/en\/wp-json\/wp\/v2\/product\/6138","targetHints":{"allow":["GET"]}}],"collection":[{"href":"https:\/\/invertas.lt\/en\/wp-json\/wp\/v2\/product"}],"about":[{"href":"https:\/\/invertas.lt\/en\/wp-json\/wp\/v2\/types\/product"}],"replies":[{"embeddable":true,"href":"https:\/\/invertas.lt\/en\/wp-json\/wp\/v2\/comments?post=6138"}],"wp:featuredmedia":[{"embeddable":true,"href":"https:\/\/invertas.lt\/en\/wp-json\/wp\/v2\/media\/8506"}],"wp:attachment":[{"href":"https:\/\/invertas.lt\/en\/wp-json\/wp\/v2\/media?parent=6138"}],"wp:term":[{"taxonomy":"product_brand","embeddable":true,"href":"https:\/\/invertas.lt\/en\/wp-json\/wp\/v2\/product_brand?post=6138"},{"taxonomy":"product_cat","embeddable":true,"href":"https:\/\/invertas.lt\/en\/wp-json\/wp\/v2\/product_cat?post=6138"},{"taxonomy":"product_tag","embeddable":true,"href":"https:\/\/invertas.lt\/en\/wp-json\/wp\/v2\/product_tag?post=6138"}],"curies":[{"name":"wp","href":"https:\/\/api.w.org\/{rel}","templated":true}]}}