{"id":6091,"date":"2025-06-03T08:47:41","date_gmt":"2025-06-03T08:47:41","guid":{"rendered":"https:\/\/aurimasb15.sg-host.com\/?post_type=product&#038;p=6091"},"modified":"2025-08-07T09:37:55","modified_gmt":"2025-08-07T09:37:55","slug":"ultragarsinis-azoto-duju-srauto-matuoklis-su-bateriniu-maitinimu-fwd-n","status":"publish","type":"product","link":"https:\/\/invertas.lt\/en\/produktai\/srauto-matuokliai\/ultragarsinis-azoto-duju-srauto-matuoklis-su-bateriniu-maitinimu-fwd-n\/","title":{"rendered":"Fuji Electric ultrasonic nitrogen gas flow meter with battery FWD-N"},"content":{"rendered":"<h3 data-start=\"0\" data-end=\"14\">Fields of application<\/h3>\n<p data-start=\"19\" data-end=\"161\" class=\"translation-block\">Flowmeters withstand industrial environments and vibrations.\nThese battery-powered nitrogen flow meters are ideal for companies in the pharmaceutical, chemical and food industries.<\/p>\n<h3 data-start=\"16\" data-end=\"183\">Features<\/h3>\n<ul>\n<li>Quick, easy and cost-effective installation<\/li>\n<li>Clear reading of nitrogen consumption<\/li>\n<li>Early detection of nitrogen leaks<\/li>\n<li>Reliability and accuracy of measurements<\/li>\n<li>Adaptable to different applications<\/li>\n<li>Low maintenance costs<\/li>\n<li>Resistant to harsh environments<\/li>\n<li>Various pipe diameters available<\/li>\n<\/ul>","protected":false},"excerpt":{"rendered":"<p>Taikymo sritys Srauto matuokliai atspar\u016bs pramoninei aplinkai ir vibracijoms.\u0160ie baterijomis maitinami azoto srauto matuokliai idealiai tinka farmacijos, chemijos ir maisto pramon\u0117s \u012fmon\u0117ms. Savyb\u0117s Greitas, paprastas ir ekonomi\u0161kas montavimas Ai\u0161kus azoto suvartojimo rodmuo Ankstyvas azoto nuot\u0117kio aptikimas Matavim\u0173 patikimumas ir tikslumas Pritaikomi \u012fvairioms reikm\u0117ms Ma\u017eos prie\u017ei\u016bros s\u0105naudos Atspar\u016bs sud\u0117tingoms aplinkos s\u0105lygoms Galimi \u012fvair\u016bs vamzd\u017ei\u0173 skersmenys<\/p>","protected":false},"featured_media":5981,"comment_status":"open","ping_status":"closed","template":"","meta":{"_acf_changed":false,"inline_featured_image":false},"product_brand":[],"product_cat":[279],"product_tag":[],"class_list":{"0":"post-6091","1":"product","2":"type-product","3":"status-publish","4":"has-post-thumbnail","6":"product_cat-srauto-matuokliai","8":"first","9":"instock","10":"shipping-taxable","11":"purchasable","12":"product-type-variable"},"acf":[],"yoast_head":"<!-- This site is optimized with the Yoast SEO plugin v25.5 - https:\/\/yoast.com\/wordpress\/plugins\/seo\/ -->\n<title>Fuji Electric ultragarsinis azoto duj\u0173 debitomatis su baterija FWD-N - Invertas<\/title>\n<meta name=\"description\" content=\"Taikymas: azoto srauto matavimas farmacijos, chemijos ir maisto pramon\u0117je.Savyb\u0117s: greitas ir ekonomi\u0161kas montavimas, tiksl\u016bs ir patikimi matavimai.\" \/>\n<meta name=\"robots\" content=\"index, follow, max-snippet:-1, max-image-preview:large, max-video-preview:-1\" \/>\n<link rel=\"canonical\" href=\"https:\/\/invertas.lt\/en\/produktai\/srauto-matuokliai\/ultragarsinis-azoto-duju-srauto-matuoklis-su-bateriniu-maitinimu-fwd-n\/\" \/>\n<meta property=\"og:locale\" content=\"en_GB\" \/>\n<meta property=\"og:type\" content=\"article\" \/>\n<meta property=\"og:title\" content=\"Fuji Electric ultragarsinis azoto duj\u0173 debitomatis su baterija FWD-N - Invertas\" \/>\n<meta property=\"og:description\" content=\"Taikymas: azoto srauto matavimas farmacijos, chemijos ir maisto pramon\u0117je.Savyb\u0117s: greitas ir ekonomi\u0161kas montavimas, tiksl\u016bs ir patikimi matavimai.\" \/>\n<meta property=\"og:url\" content=\"https:\/\/invertas.lt\/en\/produktai\/srauto-matuokliai\/ultragarsinis-azoto-duju-srauto-matuoklis-su-bateriniu-maitinimu-fwd-n\/\" \/>\n<meta property=\"og:site_name\" content=\"Invertas\" \/>\n<meta property=\"article:modified_time\" content=\"2025-08-07T09:37:55+00:00\" \/>\n<meta property=\"og:image\" content=\"https:\/\/invertas.lt\/wp-content\/uploads\/2025\/06\/fwd-visser-vue-generale-header-fr-en.webp\" \/>\n\t<meta property=\"og:image:width\" content=\"682\" \/>\n\t<meta property=\"og:image:height\" content=\"682\" \/>\n\t<meta property=\"og:image:type\" content=\"image\/webp\" \/>\n<meta name=\"twitter:card\" content=\"summary_large_image\" \/>\n<meta name=\"twitter:label1\" content=\"Estimated reading time\" \/>\n\t<meta name=\"twitter:data1\" content=\"1 minute\" \/>\n<script type=\"application\/ld+json\" class=\"yoast-schema-graph\">{\"@context\":\"https:\/\/schema.org\",\"@graph\":[{\"@type\":\"WebPage\",\"@id\":\"https:\/\/invertas.lt\/produktai\/srauto-matuokliai\/ultragarsinis-azoto-duju-srauto-matuoklis-su-bateriniu-maitinimu-fwd-n\/\",\"url\":\"https:\/\/invertas.lt\/produktai\/srauto-matuokliai\/ultragarsinis-azoto-duju-srauto-matuoklis-su-bateriniu-maitinimu-fwd-n\/\",\"name\":\"Fuji Electric ultragarsinis azoto duj\u0173 debitomatis su baterija FWD-N - Invertas\",\"isPartOf\":{\"@id\":\"https:\/\/invertas.lt\/#website\"},\"primaryImageOfPage\":{\"@id\":\"https:\/\/invertas.lt\/produktai\/srauto-matuokliai\/ultragarsinis-azoto-duju-srauto-matuoklis-su-bateriniu-maitinimu-fwd-n\/#primaryimage\"},\"image\":{\"@id\":\"https:\/\/invertas.lt\/produktai\/srauto-matuokliai\/ultragarsinis-azoto-duju-srauto-matuoklis-su-bateriniu-maitinimu-fwd-n\/#primaryimage\"},\"thumbnailUrl\":\"https:\/\/invertas.lt\/wp-content\/uploads\/2025\/06\/fwd-visser-vue-generale-header-fr-en.webp\",\"datePublished\":\"2025-06-03T08:47:41+00:00\",\"dateModified\":\"2025-08-07T09:37:55+00:00\",\"description\":\"Taikymas: azoto srauto matavimas farmacijos, chemijos ir maisto pramon\u0117je.Savyb\u0117s: greitas ir ekonomi\u0161kas montavimas, tiksl\u016bs ir patikimi matavimai.\",\"breadcrumb\":{\"@id\":\"https:\/\/invertas.lt\/produktai\/srauto-matuokliai\/ultragarsinis-azoto-duju-srauto-matuoklis-su-bateriniu-maitinimu-fwd-n\/#breadcrumb\"},\"inLanguage\":\"en-GB\",\"potentialAction\":[{\"@type\":\"ReadAction\",\"target\":[\"https:\/\/invertas.lt\/produktai\/srauto-matuokliai\/ultragarsinis-azoto-duju-srauto-matuoklis-su-bateriniu-maitinimu-fwd-n\/\"]}]},{\"@type\":\"ImageObject\",\"inLanguage\":\"en-GB\",\"@id\":\"https:\/\/invertas.lt\/produktai\/srauto-matuokliai\/ultragarsinis-azoto-duju-srauto-matuoklis-su-bateriniu-maitinimu-fwd-n\/#primaryimage\",\"url\":\"https:\/\/invertas.lt\/wp-content\/uploads\/2025\/06\/fwd-visser-vue-generale-header-fr-en.webp\",\"contentUrl\":\"https:\/\/invertas.lt\/wp-content\/uploads\/2025\/06\/fwd-visser-vue-generale-header-fr-en.webp\",\"width\":682,\"height\":682},{\"@type\":\"BreadcrumbList\",\"@id\":\"https:\/\/invertas.lt\/produktai\/srauto-matuokliai\/ultragarsinis-azoto-duju-srauto-matuoklis-su-bateriniu-maitinimu-fwd-n\/#breadcrumb\",\"itemListElement\":[{\"@type\":\"ListItem\",\"position\":1,\"name\":\"Prad\u017eia\",\"item\":\"https:\/\/invertas.lt\/\"},{\"@type\":\"ListItem\",\"position\":2,\"name\":\"Products\",\"item\":\"https:\/\/invertas.lt\/shop\/\"},{\"@type\":\"ListItem\",\"position\":3,\"name\":\"Srauto matuokliai\",\"item\":\"https:\/\/invertas.lt\/.\/srauto-matuokliai\/\"},{\"@type\":\"ListItem\",\"position\":4,\"name\":\"Fuji Electric ultragarsinis azoto duj\u0173 debitomatis su baterija FWD-N\"}]},{\"@type\":\"WebSite\",\"@id\":\"https:\/\/invertas.lt\/#website\",\"url\":\"https:\/\/invertas.lt\/\",\"name\":\"Invertas\",\"description\":\"\",\"publisher\":{\"@id\":\"https:\/\/invertas.lt\/#organization\"},\"potentialAction\":[{\"@type\":\"SearchAction\",\"target\":{\"@type\":\"EntryPoint\",\"urlTemplate\":\"https:\/\/invertas.lt\/?s={search_term_string}\"},\"query-input\":{\"@type\":\"PropertyValueSpecification\",\"valueRequired\":true,\"valueName\":\"search_term_string\"}}],\"inLanguage\":\"en-GB\"},{\"@type\":\"Organization\",\"@id\":\"https:\/\/invertas.lt\/#organization\",\"name\":\"Invertas\",\"url\":\"https:\/\/invertas.lt\/\",\"logo\":{\"@type\":\"ImageObject\",\"inLanguage\":\"en-GB\",\"@id\":\"https:\/\/invertas.lt\/#\/schema\/logo\/image\/\",\"url\":\"https:\/\/invertas.lt\/wp-content\/uploads\/2025\/03\/New-Text-Document-2.svg\",\"contentUrl\":\"https:\/\/invertas.lt\/wp-content\/uploads\/2025\/03\/New-Text-Document-2.svg\",\"width\":140,\"height\":39,\"caption\":\"Invertas\"},\"image\":{\"@id\":\"https:\/\/invertas.lt\/#\/schema\/logo\/image\/\"}}]}<\/script>\n<!-- \/ Yoast SEO plugin. -->","yoast_head_json":{"title":"Fuji Electric ultragarsinis azoto duj\u0173 debitomatis su baterija FWD-N - Invertas","description":"Taikymas: azoto srauto matavimas farmacijos, chemijos ir maisto pramon\u0117je.Savyb\u0117s: greitas ir ekonomi\u0161kas montavimas, tiksl\u016bs ir patikimi matavimai.","robots":{"index":"index","follow":"follow","max-snippet":"max-snippet:-1","max-image-preview":"max-image-preview:large","max-video-preview":"max-video-preview:-1"},"canonical":"https:\/\/invertas.lt\/en\/produktai\/srauto-matuokliai\/ultragarsinis-azoto-duju-srauto-matuoklis-su-bateriniu-maitinimu-fwd-n\/","og_locale":"en_GB","og_type":"article","og_title":"Fuji Electric ultragarsinis azoto duj\u0173 debitomatis su baterija FWD-N - Invertas","og_description":"Taikymas: azoto srauto matavimas farmacijos, chemijos ir maisto pramon\u0117je.Savyb\u0117s: greitas ir ekonomi\u0161kas montavimas, tiksl\u016bs ir patikimi matavimai.","og_url":"https:\/\/invertas.lt\/en\/produktai\/srauto-matuokliai\/ultragarsinis-azoto-duju-srauto-matuoklis-su-bateriniu-maitinimu-fwd-n\/","og_site_name":"Invertas","article_modified_time":"2025-08-07T09:37:55+00:00","og_image":[{"width":682,"height":682,"url":"https:\/\/invertas.lt\/wp-content\/uploads\/2025\/06\/fwd-visser-vue-generale-header-fr-en.webp","type":"image\/webp"}],"twitter_card":"summary_large_image","twitter_misc":{"Estimated reading time":"1 minute"},"schema":{"@context":"https:\/\/schema.org","@graph":[{"@type":"WebPage","@id":"https:\/\/invertas.lt\/produktai\/srauto-matuokliai\/ultragarsinis-azoto-duju-srauto-matuoklis-su-bateriniu-maitinimu-fwd-n\/","url":"https:\/\/invertas.lt\/produktai\/srauto-matuokliai\/ultragarsinis-azoto-duju-srauto-matuoklis-su-bateriniu-maitinimu-fwd-n\/","name":"Fuji Electric ultragarsinis azoto duj\u0173 debitomatis su baterija FWD-N - Invertas","isPartOf":{"@id":"https:\/\/invertas.lt\/#website"},"primaryImageOfPage":{"@id":"https:\/\/invertas.lt\/produktai\/srauto-matuokliai\/ultragarsinis-azoto-duju-srauto-matuoklis-su-bateriniu-maitinimu-fwd-n\/#primaryimage"},"image":{"@id":"https:\/\/invertas.lt\/produktai\/srauto-matuokliai\/ultragarsinis-azoto-duju-srauto-matuoklis-su-bateriniu-maitinimu-fwd-n\/#primaryimage"},"thumbnailUrl":"https:\/\/invertas.lt\/wp-content\/uploads\/2025\/06\/fwd-visser-vue-generale-header-fr-en.webp","datePublished":"2025-06-03T08:47:41+00:00","dateModified":"2025-08-07T09:37:55+00:00","description":"Taikymas: azoto srauto matavimas farmacijos, chemijos ir maisto pramon\u0117je.Savyb\u0117s: greitas ir ekonomi\u0161kas montavimas, tiksl\u016bs ir patikimi matavimai.","breadcrumb":{"@id":"https:\/\/invertas.lt\/produktai\/srauto-matuokliai\/ultragarsinis-azoto-duju-srauto-matuoklis-su-bateriniu-maitinimu-fwd-n\/#breadcrumb"},"inLanguage":"en-GB","potentialAction":[{"@type":"ReadAction","target":["https:\/\/invertas.lt\/produktai\/srauto-matuokliai\/ultragarsinis-azoto-duju-srauto-matuoklis-su-bateriniu-maitinimu-fwd-n\/"]}]},{"@type":"ImageObject","inLanguage":"en-GB","@id":"https:\/\/invertas.lt\/produktai\/srauto-matuokliai\/ultragarsinis-azoto-duju-srauto-matuoklis-su-bateriniu-maitinimu-fwd-n\/#primaryimage","url":"https:\/\/invertas.lt\/wp-content\/uploads\/2025\/06\/fwd-visser-vue-generale-header-fr-en.webp","contentUrl":"https:\/\/invertas.lt\/wp-content\/uploads\/2025\/06\/fwd-visser-vue-generale-header-fr-en.webp","width":682,"height":682},{"@type":"BreadcrumbList","@id":"https:\/\/invertas.lt\/produktai\/srauto-matuokliai\/ultragarsinis-azoto-duju-srauto-matuoklis-su-bateriniu-maitinimu-fwd-n\/#breadcrumb","itemListElement":[{"@type":"ListItem","position":1,"name":"Prad\u017eia","item":"https:\/\/invertas.lt\/"},{"@type":"ListItem","position":2,"name":"Products","item":"https:\/\/invertas.lt\/shop\/"},{"@type":"ListItem","position":3,"name":"Srauto matuokliai","item":"https:\/\/invertas.lt\/.\/srauto-matuokliai\/"},{"@type":"ListItem","position":4,"name":"Fuji Electric ultragarsinis azoto duj\u0173 debitomatis su baterija FWD-N"}]},{"@type":"WebSite","@id":"https:\/\/invertas.lt\/#website","url":"https:\/\/invertas.lt\/","name":"Invert","description":"","publisher":{"@id":"https:\/\/invertas.lt\/#organization"},"potentialAction":[{"@type":"SearchAction","target":{"@type":"EntryPoint","urlTemplate":"https:\/\/invertas.lt\/?s={search_term_string}"},"query-input":{"@type":"PropertyValueSpecification","valueRequired":true,"valueName":"search_term_string"}}],"inLanguage":"en-GB"},{"@type":"Organization","@id":"https:\/\/invertas.lt\/#organization","name":"Invert","url":"https:\/\/invertas.lt\/","logo":{"@type":"ImageObject","inLanguage":"en-GB","@id":"https:\/\/invertas.lt\/#\/schema\/logo\/image\/","url":"https:\/\/invertas.lt\/wp-content\/uploads\/2025\/03\/New-Text-Document-2.svg","contentUrl":"https:\/\/invertas.lt\/wp-content\/uploads\/2025\/03\/New-Text-Document-2.svg","width":140,"height":39,"caption":"Invertas"},"image":{"@id":"https:\/\/invertas.lt\/#\/schema\/logo\/image\/"}}]}},"_links":{"self":[{"href":"https:\/\/invertas.lt\/en\/wp-json\/wp\/v2\/product\/6091","targetHints":{"allow":["GET"]}}],"collection":[{"href":"https:\/\/invertas.lt\/en\/wp-json\/wp\/v2\/product"}],"about":[{"href":"https:\/\/invertas.lt\/en\/wp-json\/wp\/v2\/types\/product"}],"replies":[{"embeddable":true,"href":"https:\/\/invertas.lt\/en\/wp-json\/wp\/v2\/comments?post=6091"}],"wp:featuredmedia":[{"embeddable":true,"href":"https:\/\/invertas.lt\/en\/wp-json\/wp\/v2\/media\/5981"}],"wp:attachment":[{"href":"https:\/\/invertas.lt\/en\/wp-json\/wp\/v2\/media?parent=6091"}],"wp:term":[{"taxonomy":"product_brand","embeddable":true,"href":"https:\/\/invertas.lt\/en\/wp-json\/wp\/v2\/product_brand?post=6091"},{"taxonomy":"product_cat","embeddable":true,"href":"https:\/\/invertas.lt\/en\/wp-json\/wp\/v2\/product_cat?post=6091"},{"taxonomy":"product_tag","embeddable":true,"href":"https:\/\/invertas.lt\/en\/wp-json\/wp\/v2\/product_tag?post=6091"}],"curies":[{"name":"wp","href":"https:\/\/api.w.org\/{rel}","templated":true}]}}