{"id":6063,"date":"2025-06-03T08:27:02","date_gmt":"2025-06-03T08:27:02","guid":{"rendered":"https:\/\/aurimasb15.sg-host.com\/?post_type=product&#038;p=6063"},"modified":"2025-08-07T09:38:33","modified_gmt":"2025-08-07T09:38:33","slug":"ultragarsinis-oro-srauto-matuoklis-su-bateriniu-maitinimu-fwd-a","status":"publish","type":"product","link":"https:\/\/invertas.lt\/en\/produktai\/srauto-matuokliai\/ultragarsinis-oro-srauto-matuoklis-su-bateriniu-maitinimu-fwd-a\/","title":{"rendered":"Fuji Electric ultrasonic air flow meter with battery \u2013 FWD-A"},"content":{"rendered":"<p data-start=\"0\" data-end=\"192\"><strong data-start=\"0\" data-end=\"18\">Fields of application<\/strong><\/p>\n<p data-start=\"0\" data-end=\"192\"><br data-start=\"18\" data-end=\"21\" \/>Industrial and vibration-resistant compressed air flow meters for the pharmaceutical, glass, automotive, chemical, metallurgical, and food and beverage sectors.<\/p>\n<p data-start=\"0\" data-end=\"192\"><strong data-start=\"194\" data-end=\"205\">Features<\/strong><\/p>\n<ul data-start=\"208\" data-end=\"642\" data-is-last-node=\"\" data-is-only-node=\"\">\n<li data-start=\"208\" data-end=\"256\">\n<p data-start=\"210\" data-end=\"256\">Quick, easy and cost-effective installation<\/p>\n<\/li>\n<li data-start=\"257\" data-end=\"304\">\n<p data-start=\"259\" data-end=\"304\">Clear monitoring of compressed air consumption<\/p>\n<\/li>\n<li data-start=\"305\" data-end=\"341\">\n<p data-start=\"307\" data-end=\"341\">Early detection of air leaks<\/p>\n<\/li>\n<li data-start=\"451\" data-end=\"496\">\n<p data-start=\"453\" data-end=\"496\">Resistant to harsh industrial conditions<\/p>\n<\/li>\n<li data-start=\"497\" data-end=\"537\">\n<p data-start=\"499\" data-end=\"537\">Wide range of pipe diameters<\/p>\n<\/li>\n<li data-start=\"538\" data-end=\"598\">\n<p data-start=\"540\" data-end=\"598\">Supports all industrial airflow conversion formulas<\/p>\n<\/li>\n<li data-start=\"599\" data-end=\"642\" data-is-last-node=\"\">\n<p data-start=\"601\" data-end=\"642\" data-is-last-node=\"\">Bidirectional compressed air flow measurement<\/p>\n<\/li>\n<\/ul>","protected":false},"excerpt":{"rendered":"<p>Taikymo sritys Pramonin\u0117ms s\u0105lygoms ir vibracijai atspar\u016bs susl\u0117gto oro srauto matuokliai, skirti farmacijos, stiklo, automobili\u0173, chemijos, metalurgijos bei maisto ir g\u0117rim\u0173 sektoriams. Savyb\u0117s Greitas, paprastas ir ekonomi\u0161kas montavimas Ai\u0161kus suspausto oro suvartojimo steb\u0117jimas Ankstyvas oro nuot\u0117kio aptikimas Atspar\u016bs sud\u0117tingoms pramonin\u0117ms s\u0105lygoms Platus vamzd\u017ei\u0173 skersmen\u0173 diapazonas Palaiko visas pramonines oro srauto konversijos formules Dvikryptis suspausto oro [&hellip;]<\/p>","protected":false},"featured_media":5981,"comment_status":"open","ping_status":"closed","template":"","meta":{"_acf_changed":false,"inline_featured_image":false},"product_brand":[],"product_cat":[279],"product_tag":[],"class_list":{"0":"post-6063","1":"product","2":"type-product","3":"status-publish","4":"has-post-thumbnail","6":"product_cat-srauto-matuokliai","8":"first","9":"instock","10":"shipping-taxable","11":"purchasable","12":"product-type-variable"},"acf":[],"yoast_head":"<!-- This site is optimized with the Yoast SEO plugin v25.5 - https:\/\/yoast.com\/wordpress\/plugins\/seo\/ -->\n<title>Fuji Electric ultragarsinis oro debitomatis su baterija \u2013 FWD-A - Invertas<\/title>\n<meta name=\"description\" content=\"Taikymas: azoto srauto matavimas farmacijos, chemijos ir maisto pramon\u0117je.Savyb\u0117s: greitas ir ekonomi\u0161kas montavimas, tiksl\u016bs ir patikimi matavimai.\" \/>\n<meta name=\"robots\" content=\"index, follow, max-snippet:-1, max-image-preview:large, max-video-preview:-1\" \/>\n<link rel=\"canonical\" href=\"https:\/\/invertas.lt\/en\/produktai\/srauto-matuokliai\/ultragarsinis-oro-srauto-matuoklis-su-bateriniu-maitinimu-fwd-a\/\" \/>\n<meta property=\"og:locale\" content=\"en_GB\" \/>\n<meta property=\"og:type\" content=\"article\" \/>\n<meta property=\"og:title\" content=\"Fuji Electric ultragarsinis oro debitomatis su baterija \u2013 FWD-A - Invertas\" \/>\n<meta property=\"og:description\" content=\"Taikymas: azoto srauto matavimas farmacijos, chemijos ir maisto pramon\u0117je.Savyb\u0117s: greitas ir ekonomi\u0161kas montavimas, tiksl\u016bs ir patikimi matavimai.\" \/>\n<meta property=\"og:url\" content=\"https:\/\/invertas.lt\/en\/produktai\/srauto-matuokliai\/ultragarsinis-oro-srauto-matuoklis-su-bateriniu-maitinimu-fwd-a\/\" \/>\n<meta property=\"og:site_name\" content=\"Invertas\" \/>\n<meta property=\"article:modified_time\" content=\"2025-08-07T09:38:33+00:00\" \/>\n<meta property=\"og:image\" content=\"https:\/\/invertas.lt\/wp-content\/uploads\/2025\/06\/fwd-visser-vue-generale-header-fr-en.webp\" \/>\n\t<meta property=\"og:image:width\" content=\"682\" \/>\n\t<meta property=\"og:image:height\" content=\"682\" \/>\n\t<meta property=\"og:image:type\" content=\"image\/webp\" \/>\n<meta name=\"twitter:card\" content=\"summary_large_image\" \/>\n<meta name=\"twitter:label1\" content=\"Estimated reading time\" \/>\n\t<meta name=\"twitter:data1\" content=\"1 minute\" \/>\n<script type=\"application\/ld+json\" class=\"yoast-schema-graph\">{\"@context\":\"https:\/\/schema.org\",\"@graph\":[{\"@type\":\"WebPage\",\"@id\":\"https:\/\/invertas.lt\/produktai\/srauto-matuokliai\/ultragarsinis-oro-srauto-matuoklis-su-bateriniu-maitinimu-fwd-a\/\",\"url\":\"https:\/\/invertas.lt\/produktai\/srauto-matuokliai\/ultragarsinis-oro-srauto-matuoklis-su-bateriniu-maitinimu-fwd-a\/\",\"name\":\"Fuji Electric ultragarsinis oro debitomatis su baterija \u2013 FWD-A - Invertas\",\"isPartOf\":{\"@id\":\"https:\/\/invertas.lt\/#website\"},\"primaryImageOfPage\":{\"@id\":\"https:\/\/invertas.lt\/produktai\/srauto-matuokliai\/ultragarsinis-oro-srauto-matuoklis-su-bateriniu-maitinimu-fwd-a\/#primaryimage\"},\"image\":{\"@id\":\"https:\/\/invertas.lt\/produktai\/srauto-matuokliai\/ultragarsinis-oro-srauto-matuoklis-su-bateriniu-maitinimu-fwd-a\/#primaryimage\"},\"thumbnailUrl\":\"https:\/\/invertas.lt\/wp-content\/uploads\/2025\/06\/fwd-visser-vue-generale-header-fr-en.webp\",\"datePublished\":\"2025-06-03T08:27:02+00:00\",\"dateModified\":\"2025-08-07T09:38:33+00:00\",\"description\":\"Taikymas: azoto srauto matavimas farmacijos, chemijos ir maisto pramon\u0117je.Savyb\u0117s: greitas ir ekonomi\u0161kas montavimas, tiksl\u016bs ir patikimi matavimai.\",\"breadcrumb\":{\"@id\":\"https:\/\/invertas.lt\/produktai\/srauto-matuokliai\/ultragarsinis-oro-srauto-matuoklis-su-bateriniu-maitinimu-fwd-a\/#breadcrumb\"},\"inLanguage\":\"en-GB\",\"potentialAction\":[{\"@type\":\"ReadAction\",\"target\":[\"https:\/\/invertas.lt\/produktai\/srauto-matuokliai\/ultragarsinis-oro-srauto-matuoklis-su-bateriniu-maitinimu-fwd-a\/\"]}]},{\"@type\":\"ImageObject\",\"inLanguage\":\"en-GB\",\"@id\":\"https:\/\/invertas.lt\/produktai\/srauto-matuokliai\/ultragarsinis-oro-srauto-matuoklis-su-bateriniu-maitinimu-fwd-a\/#primaryimage\",\"url\":\"https:\/\/invertas.lt\/wp-content\/uploads\/2025\/06\/fwd-visser-vue-generale-header-fr-en.webp\",\"contentUrl\":\"https:\/\/invertas.lt\/wp-content\/uploads\/2025\/06\/fwd-visser-vue-generale-header-fr-en.webp\",\"width\":682,\"height\":682},{\"@type\":\"BreadcrumbList\",\"@id\":\"https:\/\/invertas.lt\/produktai\/srauto-matuokliai\/ultragarsinis-oro-srauto-matuoklis-su-bateriniu-maitinimu-fwd-a\/#breadcrumb\",\"itemListElement\":[{\"@type\":\"ListItem\",\"position\":1,\"name\":\"Prad\u017eia\",\"item\":\"https:\/\/invertas.lt\/\"},{\"@type\":\"ListItem\",\"position\":2,\"name\":\"Products\",\"item\":\"https:\/\/invertas.lt\/shop\/\"},{\"@type\":\"ListItem\",\"position\":3,\"name\":\"Srauto matuokliai\",\"item\":\"https:\/\/invertas.lt\/.\/srauto-matuokliai\/\"},{\"@type\":\"ListItem\",\"position\":4,\"name\":\"Fuji Electric ultragarsinis oro debitomatis su baterija \u2013 FWD-A\"}]},{\"@type\":\"WebSite\",\"@id\":\"https:\/\/invertas.lt\/#website\",\"url\":\"https:\/\/invertas.lt\/\",\"name\":\"Invertas\",\"description\":\"\",\"publisher\":{\"@id\":\"https:\/\/invertas.lt\/#organization\"},\"potentialAction\":[{\"@type\":\"SearchAction\",\"target\":{\"@type\":\"EntryPoint\",\"urlTemplate\":\"https:\/\/invertas.lt\/?s={search_term_string}\"},\"query-input\":{\"@type\":\"PropertyValueSpecification\",\"valueRequired\":true,\"valueName\":\"search_term_string\"}}],\"inLanguage\":\"en-GB\"},{\"@type\":\"Organization\",\"@id\":\"https:\/\/invertas.lt\/#organization\",\"name\":\"Invertas\",\"url\":\"https:\/\/invertas.lt\/\",\"logo\":{\"@type\":\"ImageObject\",\"inLanguage\":\"en-GB\",\"@id\":\"https:\/\/invertas.lt\/#\/schema\/logo\/image\/\",\"url\":\"https:\/\/invertas.lt\/wp-content\/uploads\/2025\/03\/New-Text-Document-2.svg\",\"contentUrl\":\"https:\/\/invertas.lt\/wp-content\/uploads\/2025\/03\/New-Text-Document-2.svg\",\"width\":140,\"height\":39,\"caption\":\"Invertas\"},\"image\":{\"@id\":\"https:\/\/invertas.lt\/#\/schema\/logo\/image\/\"}}]}<\/script>\n<!-- \/ Yoast SEO plugin. -->","yoast_head_json":{"title":"Fuji Electric ultragarsinis oro debitomatis su baterija \u2013 FWD-A - Invertas","description":"Taikymas: azoto srauto matavimas farmacijos, chemijos ir maisto pramon\u0117je.Savyb\u0117s: greitas ir ekonomi\u0161kas montavimas, tiksl\u016bs ir patikimi matavimai.","robots":{"index":"index","follow":"follow","max-snippet":"max-snippet:-1","max-image-preview":"max-image-preview:large","max-video-preview":"max-video-preview:-1"},"canonical":"https:\/\/invertas.lt\/en\/produktai\/srauto-matuokliai\/ultragarsinis-oro-srauto-matuoklis-su-bateriniu-maitinimu-fwd-a\/","og_locale":"en_GB","og_type":"article","og_title":"Fuji Electric ultragarsinis oro debitomatis su baterija \u2013 FWD-A - Invertas","og_description":"Taikymas: azoto srauto matavimas farmacijos, chemijos ir maisto pramon\u0117je.Savyb\u0117s: greitas ir ekonomi\u0161kas montavimas, tiksl\u016bs ir patikimi matavimai.","og_url":"https:\/\/invertas.lt\/en\/produktai\/srauto-matuokliai\/ultragarsinis-oro-srauto-matuoklis-su-bateriniu-maitinimu-fwd-a\/","og_site_name":"Invertas","article_modified_time":"2025-08-07T09:38:33+00:00","og_image":[{"width":682,"height":682,"url":"https:\/\/invertas.lt\/wp-content\/uploads\/2025\/06\/fwd-visser-vue-generale-header-fr-en.webp","type":"image\/webp"}],"twitter_card":"summary_large_image","twitter_misc":{"Estimated reading time":"1 minute"},"schema":{"@context":"https:\/\/schema.org","@graph":[{"@type":"WebPage","@id":"https:\/\/invertas.lt\/produktai\/srauto-matuokliai\/ultragarsinis-oro-srauto-matuoklis-su-bateriniu-maitinimu-fwd-a\/","url":"https:\/\/invertas.lt\/produktai\/srauto-matuokliai\/ultragarsinis-oro-srauto-matuoklis-su-bateriniu-maitinimu-fwd-a\/","name":"Fuji Electric ultragarsinis oro debitomatis su baterija \u2013 FWD-A - Invertas","isPartOf":{"@id":"https:\/\/invertas.lt\/#website"},"primaryImageOfPage":{"@id":"https:\/\/invertas.lt\/produktai\/srauto-matuokliai\/ultragarsinis-oro-srauto-matuoklis-su-bateriniu-maitinimu-fwd-a\/#primaryimage"},"image":{"@id":"https:\/\/invertas.lt\/produktai\/srauto-matuokliai\/ultragarsinis-oro-srauto-matuoklis-su-bateriniu-maitinimu-fwd-a\/#primaryimage"},"thumbnailUrl":"https:\/\/invertas.lt\/wp-content\/uploads\/2025\/06\/fwd-visser-vue-generale-header-fr-en.webp","datePublished":"2025-06-03T08:27:02+00:00","dateModified":"2025-08-07T09:38:33+00:00","description":"Taikymas: azoto srauto matavimas farmacijos, chemijos ir maisto pramon\u0117je.Savyb\u0117s: greitas ir ekonomi\u0161kas montavimas, tiksl\u016bs ir patikimi matavimai.","breadcrumb":{"@id":"https:\/\/invertas.lt\/produktai\/srauto-matuokliai\/ultragarsinis-oro-srauto-matuoklis-su-bateriniu-maitinimu-fwd-a\/#breadcrumb"},"inLanguage":"en-GB","potentialAction":[{"@type":"ReadAction","target":["https:\/\/invertas.lt\/produktai\/srauto-matuokliai\/ultragarsinis-oro-srauto-matuoklis-su-bateriniu-maitinimu-fwd-a\/"]}]},{"@type":"ImageObject","inLanguage":"en-GB","@id":"https:\/\/invertas.lt\/produktai\/srauto-matuokliai\/ultragarsinis-oro-srauto-matuoklis-su-bateriniu-maitinimu-fwd-a\/#primaryimage","url":"https:\/\/invertas.lt\/wp-content\/uploads\/2025\/06\/fwd-visser-vue-generale-header-fr-en.webp","contentUrl":"https:\/\/invertas.lt\/wp-content\/uploads\/2025\/06\/fwd-visser-vue-generale-header-fr-en.webp","width":682,"height":682},{"@type":"BreadcrumbList","@id":"https:\/\/invertas.lt\/produktai\/srauto-matuokliai\/ultragarsinis-oro-srauto-matuoklis-su-bateriniu-maitinimu-fwd-a\/#breadcrumb","itemListElement":[{"@type":"ListItem","position":1,"name":"Prad\u017eia","item":"https:\/\/invertas.lt\/"},{"@type":"ListItem","position":2,"name":"Products","item":"https:\/\/invertas.lt\/shop\/"},{"@type":"ListItem","position":3,"name":"Srauto matuokliai","item":"https:\/\/invertas.lt\/.\/srauto-matuokliai\/"},{"@type":"ListItem","position":4,"name":"Fuji Electric ultragarsinis oro debitomatis su baterija \u2013 FWD-A"}]},{"@type":"WebSite","@id":"https:\/\/invertas.lt\/#website","url":"https:\/\/invertas.lt\/","name":"Invert","description":"","publisher":{"@id":"https:\/\/invertas.lt\/#organization"},"potentialAction":[{"@type":"SearchAction","target":{"@type":"EntryPoint","urlTemplate":"https:\/\/invertas.lt\/?s={search_term_string}"},"query-input":{"@type":"PropertyValueSpecification","valueRequired":true,"valueName":"search_term_string"}}],"inLanguage":"en-GB"},{"@type":"Organization","@id":"https:\/\/invertas.lt\/#organization","name":"Invert","url":"https:\/\/invertas.lt\/","logo":{"@type":"ImageObject","inLanguage":"en-GB","@id":"https:\/\/invertas.lt\/#\/schema\/logo\/image\/","url":"https:\/\/invertas.lt\/wp-content\/uploads\/2025\/03\/New-Text-Document-2.svg","contentUrl":"https:\/\/invertas.lt\/wp-content\/uploads\/2025\/03\/New-Text-Document-2.svg","width":140,"height":39,"caption":"Invertas"},"image":{"@id":"https:\/\/invertas.lt\/#\/schema\/logo\/image\/"}}]}},"_links":{"self":[{"href":"https:\/\/invertas.lt\/en\/wp-json\/wp\/v2\/product\/6063","targetHints":{"allow":["GET"]}}],"collection":[{"href":"https:\/\/invertas.lt\/en\/wp-json\/wp\/v2\/product"}],"about":[{"href":"https:\/\/invertas.lt\/en\/wp-json\/wp\/v2\/types\/product"}],"replies":[{"embeddable":true,"href":"https:\/\/invertas.lt\/en\/wp-json\/wp\/v2\/comments?post=6063"}],"wp:featuredmedia":[{"embeddable":true,"href":"https:\/\/invertas.lt\/en\/wp-json\/wp\/v2\/media\/5981"}],"wp:attachment":[{"href":"https:\/\/invertas.lt\/en\/wp-json\/wp\/v2\/media?parent=6063"}],"wp:term":[{"taxonomy":"product_brand","embeddable":true,"href":"https:\/\/invertas.lt\/en\/wp-json\/wp\/v2\/product_brand?post=6063"},{"taxonomy":"product_cat","embeddable":true,"href":"https:\/\/invertas.lt\/en\/wp-json\/wp\/v2\/product_cat?post=6063"},{"taxonomy":"product_tag","embeddable":true,"href":"https:\/\/invertas.lt\/en\/wp-json\/wp\/v2\/product_tag?post=6063"}],"curies":[{"name":"wp","href":"https:\/\/api.w.org\/{rel}","templated":true}]}}