{"id":5948,"date":"2025-06-02T12:37:42","date_gmt":"2025-06-02T12:37:42","guid":{"rendered":"https:\/\/aurimasb15.sg-host.com\/?post_type=product&#038;p=5948"},"modified":"2025-08-07T09:33:00","modified_gmt":"2025-08-07T09:33:00","slug":"ultragarsinis-oro-srauto-matuoklis-fwd-a","status":"publish","type":"product","link":"https:\/\/invertas.lt\/en\/produktai\/srauto-matuokliai\/ultragarsinis-oro-srauto-matuoklis-fwd-a\/","title":{"rendered":"Fuji Electric ultrasonic air flow meter \u2013 FWD-A"},"content":{"rendered":"<h3 data-start=\"0\" data-end=\"14\">Fields of application<\/h3>\n<p data-start=\"19\" data-end=\"161\">These compressed air flow meters are ideal for companies operating in an industrial environment: pharmaceuticals, glassmaking, automotive, chemicals, metallurgy, food and beverage.<\/p>\n<h3 data-start=\"16\" data-end=\"183\">Features<\/h3>\n<ul>\n<li>Quick, easy and cost-effective installation<\/li>\n<li>Clear view of your compressed air consumption<\/li>\n<li>Early detection of air leaks<\/li>\n<li>Reliability and accuracy of measurements<\/li>\n<li>Maximum flexibility and wide range applications<\/li>\n<li>Low maintenance costs<\/li>\n<li>Designed to last in harsh industrial environments<\/li>\n<li>A wide range of pipe diameters<\/li>\n<li>Easily adapts to all industrial airflow conversion formulas<\/li>\n<li>Allows bidirectional measurement of compressed air flow<\/li>\n<\/ul>","protected":false},"excerpt":{"rendered":"<p>Areas of application These compressed air flow meters are ideal for companies operating in industrial environments: pharmaceutical, glass manufacturing, automotive, chemical, metallurgy, food and beverage sectors. Features Fast, easy and cost-effective installation Clear picture of compressed air consumption Early detection of air leaks Reliable and accurate measurements Maximum flexibility and wide range of applications Low maintenance costs Designed to withstand the harshest industrial environments [\u2026]<\/p>","protected":false},"featured_media":5981,"comment_status":"open","ping_status":"closed","template":"","meta":{"_acf_changed":false,"inline_featured_image":false},"product_brand":[],"product_cat":[279],"product_tag":[],"class_list":{"0":"post-5948","1":"product","2":"type-product","3":"status-publish","4":"has-post-thumbnail","6":"product_cat-srauto-matuokliai","8":"first","9":"instock","10":"shipping-taxable","11":"purchasable","12":"product-type-variable"},"acf":[],"yoast_head":"<!-- This site is optimized with the Yoast SEO plugin v25.5 - https:\/\/yoast.com\/wordpress\/plugins\/seo\/ -->\n<title>Fuji Electric ultragarsinis oro srauto matuoklis \u2013 FWD-A - Invertas<\/title>\n<meta name=\"description\" content=\"Taikymas: suspausto oro matavimas farmacijos, stiklo, automobili\u0173, chemijos, metalurgijos, maisto ir g\u0117rim\u0173 pramon\u0117je. Ma\u017eos prie\u017ei\u016bros s\u0105naudos.\" \/>\n<meta name=\"robots\" content=\"index, follow, max-snippet:-1, max-image-preview:large, max-video-preview:-1\" \/>\n<link rel=\"canonical\" href=\"https:\/\/invertas.lt\/en\/produktai\/srauto-matuokliai\/ultragarsinis-oro-srauto-matuoklis-fwd-a\/\" \/>\n<meta property=\"og:locale\" content=\"en_GB\" \/>\n<meta property=\"og:type\" content=\"article\" \/>\n<meta property=\"og:title\" content=\"Fuji Electric ultragarsinis oro srauto matuoklis \u2013 FWD-A - Invertas\" \/>\n<meta property=\"og:description\" content=\"Taikymas: suspausto oro matavimas farmacijos, stiklo, automobili\u0173, chemijos, metalurgijos, maisto ir g\u0117rim\u0173 pramon\u0117je. Ma\u017eos prie\u017ei\u016bros s\u0105naudos.\" \/>\n<meta property=\"og:url\" content=\"https:\/\/invertas.lt\/en\/produktai\/srauto-matuokliai\/ultragarsinis-oro-srauto-matuoklis-fwd-a\/\" \/>\n<meta property=\"og:site_name\" content=\"Invertas\" \/>\n<meta property=\"article:modified_time\" content=\"2025-08-07T09:33:00+00:00\" \/>\n<meta property=\"og:image\" content=\"https:\/\/invertas.lt\/wp-content\/uploads\/2025\/06\/fwd-visser-vue-generale-header-fr-en.webp\" \/>\n\t<meta property=\"og:image:width\" content=\"682\" \/>\n\t<meta property=\"og:image:height\" content=\"682\" \/>\n\t<meta property=\"og:image:type\" content=\"image\/webp\" \/>\n<meta name=\"twitter:card\" content=\"summary_large_image\" \/>\n<meta name=\"twitter:label1\" content=\"Estimated reading time\" \/>\n\t<meta name=\"twitter:data1\" content=\"1 minute\" \/>\n<script type=\"application\/ld+json\" class=\"yoast-schema-graph\">{\"@context\":\"https:\/\/schema.org\",\"@graph\":[{\"@type\":\"WebPage\",\"@id\":\"https:\/\/invertas.lt\/produktai\/srauto-matuokliai\/ultragarsinis-oro-srauto-matuoklis-fwd-a\/\",\"url\":\"https:\/\/invertas.lt\/produktai\/srauto-matuokliai\/ultragarsinis-oro-srauto-matuoklis-fwd-a\/\",\"name\":\"Fuji Electric ultragarsinis oro srauto matuoklis \u2013 FWD-A - Invertas\",\"isPartOf\":{\"@id\":\"https:\/\/invertas.lt\/#website\"},\"primaryImageOfPage\":{\"@id\":\"https:\/\/invertas.lt\/produktai\/srauto-matuokliai\/ultragarsinis-oro-srauto-matuoklis-fwd-a\/#primaryimage\"},\"image\":{\"@id\":\"https:\/\/invertas.lt\/produktai\/srauto-matuokliai\/ultragarsinis-oro-srauto-matuoklis-fwd-a\/#primaryimage\"},\"thumbnailUrl\":\"https:\/\/invertas.lt\/wp-content\/uploads\/2025\/06\/fwd-visser-vue-generale-header-fr-en.webp\",\"datePublished\":\"2025-06-02T12:37:42+00:00\",\"dateModified\":\"2025-08-07T09:33:00+00:00\",\"description\":\"Taikymas: suspausto oro matavimas farmacijos, stiklo, automobili\u0173, chemijos, metalurgijos, maisto ir g\u0117rim\u0173 pramon\u0117je. Ma\u017eos prie\u017ei\u016bros s\u0105naudos.\",\"breadcrumb\":{\"@id\":\"https:\/\/invertas.lt\/produktai\/srauto-matuokliai\/ultragarsinis-oro-srauto-matuoklis-fwd-a\/#breadcrumb\"},\"inLanguage\":\"en-GB\",\"potentialAction\":[{\"@type\":\"ReadAction\",\"target\":[\"https:\/\/invertas.lt\/produktai\/srauto-matuokliai\/ultragarsinis-oro-srauto-matuoklis-fwd-a\/\"]}]},{\"@type\":\"ImageObject\",\"inLanguage\":\"en-GB\",\"@id\":\"https:\/\/invertas.lt\/produktai\/srauto-matuokliai\/ultragarsinis-oro-srauto-matuoklis-fwd-a\/#primaryimage\",\"url\":\"https:\/\/invertas.lt\/wp-content\/uploads\/2025\/06\/fwd-visser-vue-generale-header-fr-en.webp\",\"contentUrl\":\"https:\/\/invertas.lt\/wp-content\/uploads\/2025\/06\/fwd-visser-vue-generale-header-fr-en.webp\",\"width\":682,\"height\":682},{\"@type\":\"BreadcrumbList\",\"@id\":\"https:\/\/invertas.lt\/produktai\/srauto-matuokliai\/ultragarsinis-oro-srauto-matuoklis-fwd-a\/#breadcrumb\",\"itemListElement\":[{\"@type\":\"ListItem\",\"position\":1,\"name\":\"Prad\u017eia\",\"item\":\"https:\/\/invertas.lt\/\"},{\"@type\":\"ListItem\",\"position\":2,\"name\":\"Products\",\"item\":\"https:\/\/invertas.lt\/shop\/\"},{\"@type\":\"ListItem\",\"position\":3,\"name\":\"Srauto matuokliai\",\"item\":\"https:\/\/invertas.lt\/.\/srauto-matuokliai\/\"},{\"@type\":\"ListItem\",\"position\":4,\"name\":\"Fuji Electric ultragarsinis oro srauto matuoklis \u2013 FWD-A\"}]},{\"@type\":\"WebSite\",\"@id\":\"https:\/\/invertas.lt\/#website\",\"url\":\"https:\/\/invertas.lt\/\",\"name\":\"Invertas\",\"description\":\"\",\"publisher\":{\"@id\":\"https:\/\/invertas.lt\/#organization\"},\"potentialAction\":[{\"@type\":\"SearchAction\",\"target\":{\"@type\":\"EntryPoint\",\"urlTemplate\":\"https:\/\/invertas.lt\/?s={search_term_string}\"},\"query-input\":{\"@type\":\"PropertyValueSpecification\",\"valueRequired\":true,\"valueName\":\"search_term_string\"}}],\"inLanguage\":\"en-GB\"},{\"@type\":\"Organization\",\"@id\":\"https:\/\/invertas.lt\/#organization\",\"name\":\"Invertas\",\"url\":\"https:\/\/invertas.lt\/\",\"logo\":{\"@type\":\"ImageObject\",\"inLanguage\":\"en-GB\",\"@id\":\"https:\/\/invertas.lt\/#\/schema\/logo\/image\/\",\"url\":\"https:\/\/invertas.lt\/wp-content\/uploads\/2025\/03\/New-Text-Document-2.svg\",\"contentUrl\":\"https:\/\/invertas.lt\/wp-content\/uploads\/2025\/03\/New-Text-Document-2.svg\",\"width\":140,\"height\":39,\"caption\":\"Invertas\"},\"image\":{\"@id\":\"https:\/\/invertas.lt\/#\/schema\/logo\/image\/\"}}]}<\/script>\n<!-- \/ Yoast SEO plugin. -->","yoast_head_json":{"title":"Fuji Electric ultrasonic air flow meter \u2013 FWD-A - Invertas","description":"Application: compressed air measurement in pharmaceutical, glass, automotive, chemical, metallurgical, food and beverage industries. Low maintenance costs.","robots":{"index":"index","follow":"follow","max-snippet":"max-snippet:-1","max-image-preview":"max-image-preview:large","max-video-preview":"max-video-preview:-1"},"canonical":"https:\/\/invertas.lt\/en\/produktai\/srauto-matuokliai\/ultragarsinis-oro-srauto-matuoklis-fwd-a\/","og_locale":"en_GB","og_type":"article","og_title":"Fuji Electric ultragarsinis oro srauto matuoklis \u2013 FWD-A - Invertas","og_description":"Taikymas: suspausto oro matavimas farmacijos, stiklo, automobili\u0173, chemijos, metalurgijos, maisto ir g\u0117rim\u0173 pramon\u0117je. Ma\u017eos prie\u017ei\u016bros s\u0105naudos.","og_url":"https:\/\/invertas.lt\/en\/produktai\/srauto-matuokliai\/ultragarsinis-oro-srauto-matuoklis-fwd-a\/","og_site_name":"Invertas","article_modified_time":"2025-08-07T09:33:00+00:00","og_image":[{"width":682,"height":682,"url":"https:\/\/invertas.lt\/wp-content\/uploads\/2025\/06\/fwd-visser-vue-generale-header-fr-en.webp","type":"image\/webp"}],"twitter_card":"summary_large_image","twitter_misc":{"Estimated reading time":"1 minute"},"schema":{"@context":"https:\/\/schema.org","@graph":[{"@type":"WebPage","@id":"https:\/\/invertas.lt\/produktai\/srauto-matuokliai\/ultragarsinis-oro-srauto-matuoklis-fwd-a\/","url":"https:\/\/invertas.lt\/produktai\/srauto-matuokliai\/ultragarsinis-oro-srauto-matuoklis-fwd-a\/","name":"Fuji Electric ultrasonic air flow meter \u2013 FWD-A - Invertas","isPartOf":{"@id":"https:\/\/invertas.lt\/#website"},"primaryImageOfPage":{"@id":"https:\/\/invertas.lt\/produktai\/srauto-matuokliai\/ultragarsinis-oro-srauto-matuoklis-fwd-a\/#primaryimage"},"image":{"@id":"https:\/\/invertas.lt\/produktai\/srauto-matuokliai\/ultragarsinis-oro-srauto-matuoklis-fwd-a\/#primaryimage"},"thumbnailUrl":"https:\/\/invertas.lt\/wp-content\/uploads\/2025\/06\/fwd-visser-vue-generale-header-fr-en.webp","datePublished":"2025-06-02T12:37:42+00:00","dateModified":"2025-08-07T09:33:00+00:00","description":"Application: compressed air measurement in pharmaceutical, glass, automotive, chemical, metallurgical, food and beverage industries. Low maintenance costs.","breadcrumb":{"@id":"https:\/\/invertas.lt\/produktai\/srauto-matuokliai\/ultragarsinis-oro-srauto-matuoklis-fwd-a\/#breadcrumb"},"inLanguage":"en-GB","potentialAction":[{"@type":"ReadAction","target":["https:\/\/invertas.lt\/produktai\/srauto-matuokliai\/ultragarsinis-oro-srauto-matuoklis-fwd-a\/"]}]},{"@type":"ImageObject","inLanguage":"en-GB","@id":"https:\/\/invertas.lt\/produktai\/srauto-matuokliai\/ultragarsinis-oro-srauto-matuoklis-fwd-a\/#primaryimage","url":"https:\/\/invertas.lt\/wp-content\/uploads\/2025\/06\/fwd-visser-vue-generale-header-fr-en.webp","contentUrl":"https:\/\/invertas.lt\/wp-content\/uploads\/2025\/06\/fwd-visser-vue-generale-header-fr-en.webp","width":682,"height":682},{"@type":"BreadcrumbList","@id":"https:\/\/invertas.lt\/produktai\/srauto-matuokliai\/ultragarsinis-oro-srauto-matuoklis-fwd-a\/#breadcrumb","itemListElement":[{"@type":"ListItem","position":1,"name":"Prad\u017eia","item":"https:\/\/invertas.lt\/"},{"@type":"ListItem","position":2,"name":"Products","item":"https:\/\/invertas.lt\/shop\/"},{"@type":"ListItem","position":3,"name":"Srauto matuokliai","item":"https:\/\/invertas.lt\/.\/srauto-matuokliai\/"},{"@type":"ListItem","position":4,"name":"Fuji Electric ultragarsinis oro srauto matuoklis \u2013 FWD-A"}]},{"@type":"WebSite","@id":"https:\/\/invertas.lt\/#website","url":"https:\/\/invertas.lt\/","name":"Invert","description":"","publisher":{"@id":"https:\/\/invertas.lt\/#organization"},"potentialAction":[{"@type":"SearchAction","target":{"@type":"EntryPoint","urlTemplate":"https:\/\/invertas.lt\/?s={search_term_string}"},"query-input":{"@type":"PropertyValueSpecification","valueRequired":true,"valueName":"search_term_string"}}],"inLanguage":"en-GB"},{"@type":"Organization","@id":"https:\/\/invertas.lt\/#organization","name":"Invert","url":"https:\/\/invertas.lt\/","logo":{"@type":"ImageObject","inLanguage":"en-GB","@id":"https:\/\/invertas.lt\/#\/schema\/logo\/image\/","url":"https:\/\/invertas.lt\/wp-content\/uploads\/2025\/03\/New-Text-Document-2.svg","contentUrl":"https:\/\/invertas.lt\/wp-content\/uploads\/2025\/03\/New-Text-Document-2.svg","width":140,"height":39,"caption":"Invertas"},"image":{"@id":"https:\/\/invertas.lt\/#\/schema\/logo\/image\/"}}]}},"_links":{"self":[{"href":"https:\/\/invertas.lt\/en\/wp-json\/wp\/v2\/product\/5948","targetHints":{"allow":["GET"]}}],"collection":[{"href":"https:\/\/invertas.lt\/en\/wp-json\/wp\/v2\/product"}],"about":[{"href":"https:\/\/invertas.lt\/en\/wp-json\/wp\/v2\/types\/product"}],"replies":[{"embeddable":true,"href":"https:\/\/invertas.lt\/en\/wp-json\/wp\/v2\/comments?post=5948"}],"wp:featuredmedia":[{"embeddable":true,"href":"https:\/\/invertas.lt\/en\/wp-json\/wp\/v2\/media\/5981"}],"wp:attachment":[{"href":"https:\/\/invertas.lt\/en\/wp-json\/wp\/v2\/media?parent=5948"}],"wp:term":[{"taxonomy":"product_brand","embeddable":true,"href":"https:\/\/invertas.lt\/en\/wp-json\/wp\/v2\/product_brand?post=5948"},{"taxonomy":"product_cat","embeddable":true,"href":"https:\/\/invertas.lt\/en\/wp-json\/wp\/v2\/product_cat?post=5948"},{"taxonomy":"product_tag","embeddable":true,"href":"https:\/\/invertas.lt\/en\/wp-json\/wp\/v2\/product_tag?post=5948"}],"curies":[{"name":"wp","href":"https:\/\/api.w.org\/{rel}","templated":true}]}}