{"id":5923,"date":"2025-06-02T10:38:31","date_gmt":"2025-06-02T10:38:31","guid":{"rendered":"https:\/\/aurimasb15.sg-host.com\/?post_type=product&#038;p=5923"},"modified":"2025-08-07T10:18:10","modified_gmt":"2025-08-07T10:18:10","slug":"ultragarsinis-sieneliu-storio-matuoklis-fsc-mep8812","status":"publish","type":"product","link":"https:\/\/invertas.lt\/en\/produktai\/srauto-matuokliai\/ultragarsinis-sieneliu-storio-matuoklis-fsc-mep8812\/","title":{"rendered":"Fuji Electric Ultrasonic Wall Thickness Gauge FSC \u2013 MEP8812"},"content":{"rendered":"<h3 data-start=\"0\" data-end=\"14\">Fields of application<\/h3>\n<p data-start=\"19\" data-end=\"161\"><strong data-start=\"43\" data-end=\"112\">Ultrasonic wall thickness gauge Fuji Electric FSC-MEP8812<\/strong> \u2013 an accurate device for measuring the wall thickness of pipes, ducts and pressure vessels. Suitable for metals, plastic, ceramics, castings and alloy surfaces. Used in the chemical, energy, oil, shipbuilding, and mechanical engineering industries. Works in hard-to-reach places, ideal for inspecting boilers, heat exchangers and tanks.<\/p>\n<h3 data-start=\"16\" data-end=\"183\">Features<\/h3>\n<ul>\n<li>Compact and lightweight for easy use<\/li>\n<li>Digital display on clear LCD screen<\/li>\n<li>Robust construction for long service life<\/li>\n<li>Adaptable to various materials<\/li>\n<\/ul>","protected":false},"excerpt":{"rendered":"<p>Taikymo sritys Ultragarsinis sieneli\u0173 storio matuoklis Fuji Electric FSC-MEP8812 \u2013 tikslus prietaisas vamzd\u017ei\u0173, ortaki\u0173 ir sl\u0117gini\u0173 ind\u0173 sieneli\u0173 storiui matuoti. Tinka metalams, plastiko, keramikos, liejini\u0173 ir lydini\u0173 pavir\u0161iams. Naudojamas chemijos, energetikos, naftos, laiv\u0173 statybos, ma\u0161in\u0173 gamybos pramon\u0117je. Veikia sunkiai pasiekiamose vietose, idealus katil\u0173, \u0161ilumokai\u010di\u0173 ir talpykl\u0173 tikrinimui. Savyb\u0117s Kompakti\u0161kas ir lengvas \u2013 patogu naudoti Ai\u0161kus [&hellip;]<\/p>","protected":false},"featured_media":5936,"comment_status":"open","ping_status":"closed","template":"","meta":{"_acf_changed":false,"inline_featured_image":false},"product_brand":[],"product_cat":[279],"product_tag":[],"class_list":{"0":"post-5923","1":"product","2":"type-product","3":"status-publish","4":"has-post-thumbnail","6":"product_cat-srauto-matuokliai","8":"first","9":"instock","10":"shipping-taxable","11":"purchasable","12":"product-type-simple"},"acf":[],"yoast_head":"<!-- This site is optimized with the Yoast SEO plugin v25.5 - https:\/\/yoast.com\/wordpress\/plugins\/seo\/ -->\n<title>Fuji Electric Ultragarsinis sieneli\u0173 storio matuoklis FSC \u2013 MEP8812 - Invertas<\/title>\n<meta name=\"description\" content=\"Tikslus prietaisas vamzd\u017ei\u0173, ortaki\u0173 ir sl\u0117gini\u0173 ind\u0173 sieneli\u0173 storiui matuoti. Tinka metalams, plastiko, keramikos, liejini\u0173 ir lydini\u0173 pavir\u0161iams.\" \/>\n<meta name=\"robots\" content=\"index, follow, max-snippet:-1, max-image-preview:large, max-video-preview:-1\" \/>\n<link rel=\"canonical\" href=\"https:\/\/invertas.lt\/en\/produktai\/srauto-matuokliai\/ultragarsinis-sieneliu-storio-matuoklis-fsc-mep8812\/\" \/>\n<meta property=\"og:locale\" content=\"en_GB\" \/>\n<meta property=\"og:type\" content=\"article\" \/>\n<meta property=\"og:title\" content=\"Fuji Electric Ultragarsinis sieneli\u0173 storio matuoklis FSC \u2013 MEP8812 - Invertas\" \/>\n<meta property=\"og:description\" content=\"Tikslus prietaisas vamzd\u017ei\u0173, ortaki\u0173 ir sl\u0117gini\u0173 ind\u0173 sieneli\u0173 storiui matuoti. Tinka metalams, plastiko, keramikos, liejini\u0173 ir lydini\u0173 pavir\u0161iams.\" \/>\n<meta property=\"og:url\" content=\"https:\/\/invertas.lt\/en\/produktai\/srauto-matuokliai\/ultragarsinis-sieneliu-storio-matuoklis-fsc-mep8812\/\" \/>\n<meta property=\"og:site_name\" content=\"Invertas\" \/>\n<meta property=\"article:modified_time\" content=\"2025-08-07T10:18:10+00:00\" \/>\n<meta property=\"og:image\" content=\"https:\/\/invertas.lt\/wp-content\/uploads\/2025\/06\/mep8812-vue-generale-gauche-header-fr-en.webp\" \/>\n\t<meta property=\"og:image:width\" content=\"682\" \/>\n\t<meta property=\"og:image:height\" content=\"682\" \/>\n\t<meta property=\"og:image:type\" content=\"image\/webp\" \/>\n<meta name=\"twitter:card\" content=\"summary_large_image\" \/>\n<meta name=\"twitter:label1\" content=\"Estimated reading time\" \/>\n\t<meta name=\"twitter:data1\" content=\"1 minute\" \/>\n<script type=\"application\/ld+json\" class=\"yoast-schema-graph\">{\"@context\":\"https:\/\/schema.org\",\"@graph\":[{\"@type\":\"WebPage\",\"@id\":\"https:\/\/invertas.lt\/produktai\/srauto-matuokliai\/ultragarsinis-sieneliu-storio-matuoklis-fsc-mep8812\/\",\"url\":\"https:\/\/invertas.lt\/produktai\/srauto-matuokliai\/ultragarsinis-sieneliu-storio-matuoklis-fsc-mep8812\/\",\"name\":\"Fuji Electric Ultragarsinis sieneli\u0173 storio matuoklis FSC \u2013 MEP8812 - Invertas\",\"isPartOf\":{\"@id\":\"https:\/\/invertas.lt\/#website\"},\"primaryImageOfPage\":{\"@id\":\"https:\/\/invertas.lt\/produktai\/srauto-matuokliai\/ultragarsinis-sieneliu-storio-matuoklis-fsc-mep8812\/#primaryimage\"},\"image\":{\"@id\":\"https:\/\/invertas.lt\/produktai\/srauto-matuokliai\/ultragarsinis-sieneliu-storio-matuoklis-fsc-mep8812\/#primaryimage\"},\"thumbnailUrl\":\"https:\/\/invertas.lt\/wp-content\/uploads\/2025\/06\/mep8812-vue-generale-gauche-header-fr-en.webp\",\"datePublished\":\"2025-06-02T10:38:31+00:00\",\"dateModified\":\"2025-08-07T10:18:10+00:00\",\"description\":\"Tikslus prietaisas vamzd\u017ei\u0173, ortaki\u0173 ir sl\u0117gini\u0173 ind\u0173 sieneli\u0173 storiui matuoti. Tinka metalams, plastiko, keramikos, liejini\u0173 ir lydini\u0173 pavir\u0161iams.\",\"breadcrumb\":{\"@id\":\"https:\/\/invertas.lt\/produktai\/srauto-matuokliai\/ultragarsinis-sieneliu-storio-matuoklis-fsc-mep8812\/#breadcrumb\"},\"inLanguage\":\"en-GB\",\"potentialAction\":[{\"@type\":\"ReadAction\",\"target\":[\"https:\/\/invertas.lt\/produktai\/srauto-matuokliai\/ultragarsinis-sieneliu-storio-matuoklis-fsc-mep8812\/\"]}]},{\"@type\":\"ImageObject\",\"inLanguage\":\"en-GB\",\"@id\":\"https:\/\/invertas.lt\/produktai\/srauto-matuokliai\/ultragarsinis-sieneliu-storio-matuoklis-fsc-mep8812\/#primaryimage\",\"url\":\"https:\/\/invertas.lt\/wp-content\/uploads\/2025\/06\/mep8812-vue-generale-gauche-header-fr-en.webp\",\"contentUrl\":\"https:\/\/invertas.lt\/wp-content\/uploads\/2025\/06\/mep8812-vue-generale-gauche-header-fr-en.webp\",\"width\":682,\"height\":682},{\"@type\":\"BreadcrumbList\",\"@id\":\"https:\/\/invertas.lt\/produktai\/srauto-matuokliai\/ultragarsinis-sieneliu-storio-matuoklis-fsc-mep8812\/#breadcrumb\",\"itemListElement\":[{\"@type\":\"ListItem\",\"position\":1,\"name\":\"Prad\u017eia\",\"item\":\"https:\/\/invertas.lt\/\"},{\"@type\":\"ListItem\",\"position\":2,\"name\":\"Products\",\"item\":\"https:\/\/invertas.lt\/shop\/\"},{\"@type\":\"ListItem\",\"position\":3,\"name\":\"Srauto matuokliai\",\"item\":\"https:\/\/invertas.lt\/.\/srauto-matuokliai\/\"},{\"@type\":\"ListItem\",\"position\":4,\"name\":\"Fuji Electric Ultragarsinis sieneli\u0173 storio matuoklis FSC \u2013 MEP8812\"}]},{\"@type\":\"WebSite\",\"@id\":\"https:\/\/invertas.lt\/#website\",\"url\":\"https:\/\/invertas.lt\/\",\"name\":\"Invertas\",\"description\":\"\",\"publisher\":{\"@id\":\"https:\/\/invertas.lt\/#organization\"},\"potentialAction\":[{\"@type\":\"SearchAction\",\"target\":{\"@type\":\"EntryPoint\",\"urlTemplate\":\"https:\/\/invertas.lt\/?s={search_term_string}\"},\"query-input\":{\"@type\":\"PropertyValueSpecification\",\"valueRequired\":true,\"valueName\":\"search_term_string\"}}],\"inLanguage\":\"en-GB\"},{\"@type\":\"Organization\",\"@id\":\"https:\/\/invertas.lt\/#organization\",\"name\":\"Invertas\",\"url\":\"https:\/\/invertas.lt\/\",\"logo\":{\"@type\":\"ImageObject\",\"inLanguage\":\"en-GB\",\"@id\":\"https:\/\/invertas.lt\/#\/schema\/logo\/image\/\",\"url\":\"https:\/\/invertas.lt\/wp-content\/uploads\/2025\/03\/New-Text-Document-2.svg\",\"contentUrl\":\"https:\/\/invertas.lt\/wp-content\/uploads\/2025\/03\/New-Text-Document-2.svg\",\"width\":140,\"height\":39,\"caption\":\"Invertas\"},\"image\":{\"@id\":\"https:\/\/invertas.lt\/#\/schema\/logo\/image\/\"}}]}<\/script>\n<!-- \/ Yoast SEO plugin. -->","yoast_head_json":{"title":"Fuji Electric Ultragarsinis sieneli\u0173 storio matuoklis FSC \u2013 MEP8812 - Invertas","description":"Tikslus prietaisas vamzd\u017ei\u0173, ortaki\u0173 ir sl\u0117gini\u0173 ind\u0173 sieneli\u0173 storiui matuoti. Tinka metalams, plastiko, keramikos, liejini\u0173 ir lydini\u0173 pavir\u0161iams.","robots":{"index":"index","follow":"follow","max-snippet":"max-snippet:-1","max-image-preview":"max-image-preview:large","max-video-preview":"max-video-preview:-1"},"canonical":"https:\/\/invertas.lt\/en\/produktai\/srauto-matuokliai\/ultragarsinis-sieneliu-storio-matuoklis-fsc-mep8812\/","og_locale":"en_GB","og_type":"article","og_title":"Fuji Electric Ultragarsinis sieneli\u0173 storio matuoklis FSC \u2013 MEP8812 - Invertas","og_description":"Tikslus prietaisas vamzd\u017ei\u0173, ortaki\u0173 ir sl\u0117gini\u0173 ind\u0173 sieneli\u0173 storiui matuoti. Tinka metalams, plastiko, keramikos, liejini\u0173 ir lydini\u0173 pavir\u0161iams.","og_url":"https:\/\/invertas.lt\/en\/produktai\/srauto-matuokliai\/ultragarsinis-sieneliu-storio-matuoklis-fsc-mep8812\/","og_site_name":"Invertas","article_modified_time":"2025-08-07T10:18:10+00:00","og_image":[{"width":682,"height":682,"url":"https:\/\/invertas.lt\/wp-content\/uploads\/2025\/06\/mep8812-vue-generale-gauche-header-fr-en.webp","type":"image\/webp"}],"twitter_card":"summary_large_image","twitter_misc":{"Estimated reading time":"1 minute"},"schema":{"@context":"https:\/\/schema.org","@graph":[{"@type":"WebPage","@id":"https:\/\/invertas.lt\/produktai\/srauto-matuokliai\/ultragarsinis-sieneliu-storio-matuoklis-fsc-mep8812\/","url":"https:\/\/invertas.lt\/produktai\/srauto-matuokliai\/ultragarsinis-sieneliu-storio-matuoklis-fsc-mep8812\/","name":"Fuji Electric Ultragarsinis sieneli\u0173 storio matuoklis FSC \u2013 MEP8812 - Invertas","isPartOf":{"@id":"https:\/\/invertas.lt\/#website"},"primaryImageOfPage":{"@id":"https:\/\/invertas.lt\/produktai\/srauto-matuokliai\/ultragarsinis-sieneliu-storio-matuoklis-fsc-mep8812\/#primaryimage"},"image":{"@id":"https:\/\/invertas.lt\/produktai\/srauto-matuokliai\/ultragarsinis-sieneliu-storio-matuoklis-fsc-mep8812\/#primaryimage"},"thumbnailUrl":"https:\/\/invertas.lt\/wp-content\/uploads\/2025\/06\/mep8812-vue-generale-gauche-header-fr-en.webp","datePublished":"2025-06-02T10:38:31+00:00","dateModified":"2025-08-07T10:18:10+00:00","description":"Tikslus prietaisas vamzd\u017ei\u0173, ortaki\u0173 ir sl\u0117gini\u0173 ind\u0173 sieneli\u0173 storiui matuoti. Tinka metalams, plastiko, keramikos, liejini\u0173 ir lydini\u0173 pavir\u0161iams.","breadcrumb":{"@id":"https:\/\/invertas.lt\/produktai\/srauto-matuokliai\/ultragarsinis-sieneliu-storio-matuoklis-fsc-mep8812\/#breadcrumb"},"inLanguage":"en-GB","potentialAction":[{"@type":"ReadAction","target":["https:\/\/invertas.lt\/produktai\/srauto-matuokliai\/ultragarsinis-sieneliu-storio-matuoklis-fsc-mep8812\/"]}]},{"@type":"ImageObject","inLanguage":"en-GB","@id":"https:\/\/invertas.lt\/produktai\/srauto-matuokliai\/ultragarsinis-sieneliu-storio-matuoklis-fsc-mep8812\/#primaryimage","url":"https:\/\/invertas.lt\/wp-content\/uploads\/2025\/06\/mep8812-vue-generale-gauche-header-fr-en.webp","contentUrl":"https:\/\/invertas.lt\/wp-content\/uploads\/2025\/06\/mep8812-vue-generale-gauche-header-fr-en.webp","width":682,"height":682},{"@type":"BreadcrumbList","@id":"https:\/\/invertas.lt\/produktai\/srauto-matuokliai\/ultragarsinis-sieneliu-storio-matuoklis-fsc-mep8812\/#breadcrumb","itemListElement":[{"@type":"ListItem","position":1,"name":"Prad\u017eia","item":"https:\/\/invertas.lt\/"},{"@type":"ListItem","position":2,"name":"Products","item":"https:\/\/invertas.lt\/shop\/"},{"@type":"ListItem","position":3,"name":"Srauto matuokliai","item":"https:\/\/invertas.lt\/.\/srauto-matuokliai\/"},{"@type":"ListItem","position":4,"name":"Fuji Electric Ultragarsinis sieneli\u0173 storio matuoklis FSC \u2013 MEP8812"}]},{"@type":"WebSite","@id":"https:\/\/invertas.lt\/#website","url":"https:\/\/invertas.lt\/","name":"Invert","description":"","publisher":{"@id":"https:\/\/invertas.lt\/#organization"},"potentialAction":[{"@type":"SearchAction","target":{"@type":"EntryPoint","urlTemplate":"https:\/\/invertas.lt\/?s={search_term_string}"},"query-input":{"@type":"PropertyValueSpecification","valueRequired":true,"valueName":"search_term_string"}}],"inLanguage":"en-GB"},{"@type":"Organization","@id":"https:\/\/invertas.lt\/#organization","name":"Invert","url":"https:\/\/invertas.lt\/","logo":{"@type":"ImageObject","inLanguage":"en-GB","@id":"https:\/\/invertas.lt\/#\/schema\/logo\/image\/","url":"https:\/\/invertas.lt\/wp-content\/uploads\/2025\/03\/New-Text-Document-2.svg","contentUrl":"https:\/\/invertas.lt\/wp-content\/uploads\/2025\/03\/New-Text-Document-2.svg","width":140,"height":39,"caption":"Invertas"},"image":{"@id":"https:\/\/invertas.lt\/#\/schema\/logo\/image\/"}}]}},"_links":{"self":[{"href":"https:\/\/invertas.lt\/en\/wp-json\/wp\/v2\/product\/5923","targetHints":{"allow":["GET"]}}],"collection":[{"href":"https:\/\/invertas.lt\/en\/wp-json\/wp\/v2\/product"}],"about":[{"href":"https:\/\/invertas.lt\/en\/wp-json\/wp\/v2\/types\/product"}],"replies":[{"embeddable":true,"href":"https:\/\/invertas.lt\/en\/wp-json\/wp\/v2\/comments?post=5923"}],"wp:featuredmedia":[{"embeddable":true,"href":"https:\/\/invertas.lt\/en\/wp-json\/wp\/v2\/media\/5936"}],"wp:attachment":[{"href":"https:\/\/invertas.lt\/en\/wp-json\/wp\/v2\/media?parent=5923"}],"wp:term":[{"taxonomy":"product_brand","embeddable":true,"href":"https:\/\/invertas.lt\/en\/wp-json\/wp\/v2\/product_brand?post=5923"},{"taxonomy":"product_cat","embeddable":true,"href":"https:\/\/invertas.lt\/en\/wp-json\/wp\/v2\/product_cat?post=5923"},{"taxonomy":"product_tag","embeddable":true,"href":"https:\/\/invertas.lt\/en\/wp-json\/wp\/v2\/product_tag?post=5923"}],"curies":[{"name":"wp","href":"https:\/\/api.w.org\/{rel}","templated":true}]}}