{"id":5889,"date":"2025-06-01T18:55:55","date_gmt":"2025-06-01T18:55:55","guid":{"rendered":"https:\/\/aurimasb15.sg-host.com\/?post_type=product&#038;p=5889"},"modified":"2025-08-07T09:20:03","modified_gmt":"2025-08-07T09:20:03","slug":"srauto-ir-energijos-skaiciuotuvas-erw700","status":"publish","type":"product","link":"https:\/\/invertas.lt\/en\/produktai\/srauto-matuokliai\/srauto-ir-energijos-skaiciuotuvas-erw700\/","title":{"rendered":"Fuji Electric Flow and Energy Calculator \u2013 ERW700"},"content":{"rendered":"<p data-start=\"0\" data-end=\"14\"><strong>Fields of application<\/strong><\/p>\n<p data-start=\"19\" data-end=\"161\" class=\"translation-block\">Corrected flow and thermal energy calculator for heat quantity billing\nPlant monitoring system for energy measurement\nHeat and cold production in large and medium power ranges\nPrecise, reproducible measurement requirements<\/p>\n<p data-start=\"16\" data-end=\"183\"><strong>Features<\/strong><\/p>\n<ul>\n<li>Highly accurate calculations of flow, density, enthalpy and compressibility under all conditions.<\/li>\n<li>Calculation speed corresponding to 10 measurements per second.<\/li>\n<li>Separate LCD display (e.g. for front panel mounting)<\/li>\n<\/ul>","protected":false},"excerpt":{"rendered":"<p>Taikymo sritys Koreguoto srauto ir \u0161ilumin\u0117s energijos skai\u010diuokl\u0117, skirta \u0161ilumos kiekio apskaitai\u012erengini\u0173 steb\u0117jimo sistema, skirta energijos matavimui\u0160ilumos ir \u0161al\u010dio gamyba vidutin\u0117s ir didel\u0117s galios sistemoseTiksl\u016bs ir atkuriami matavimo reikalavimai Savyb\u0117s Itin tiksl\u016bs srauto, tankio, entalpijos ir suspaud\u017eiamumo skai\u010diavimai visomis s\u0105lygomis Skai\u010diavimo greitis \u2013 10 matavim\u0173 per sekund\u0119 Atskiras LCD ekranas (pvz., montavimui priekin\u0117je skydelio dalyje)<\/p>","protected":false},"featured_media":5896,"comment_status":"open","ping_status":"closed","template":"","meta":{"_acf_changed":false,"inline_featured_image":false},"product_brand":[],"product_cat":[279],"product_tag":[],"class_list":{"0":"post-5889","1":"product","2":"type-product","3":"status-publish","4":"has-post-thumbnail","6":"product_cat-srauto-matuokliai","8":"first","9":"instock","10":"shipping-taxable","11":"purchasable","12":"product-type-variable"},"acf":[],"yoast_head":"<!-- This site is optimized with the Yoast SEO plugin v25.5 - https:\/\/yoast.com\/wordpress\/plugins\/seo\/ -->\n<title>Fuji Electric srauto ir energijos skai\u010diuotuvas \u2013 ERW700 - Invertas<\/title>\n<meta name=\"description\" content=\"Koreguoto srauto ir \u0161ilumin\u0117s energijos skai\u010diavimas vidutin\u0117s ir didel\u0117s galios sistemose. Tiksl\u016bs matavimai su atkuriamais duomenimis energijos apskaitai.\" \/>\n<meta name=\"robots\" content=\"index, follow, max-snippet:-1, max-image-preview:large, max-video-preview:-1\" \/>\n<link rel=\"canonical\" href=\"https:\/\/invertas.lt\/en\/produktai\/srauto-matuokliai\/srauto-ir-energijos-skaiciuotuvas-erw700\/\" \/>\n<meta property=\"og:locale\" content=\"en_GB\" \/>\n<meta property=\"og:type\" content=\"article\" \/>\n<meta property=\"og:title\" content=\"Fuji Electric srauto ir energijos skai\u010diuotuvas \u2013 ERW700 - Invertas\" \/>\n<meta property=\"og:description\" content=\"Koreguoto srauto ir \u0161ilumin\u0117s energijos skai\u010diavimas vidutin\u0117s ir didel\u0117s galios sistemose. Tiksl\u016bs matavimai su atkuriamais duomenimis energijos apskaitai.\" \/>\n<meta property=\"og:url\" content=\"https:\/\/invertas.lt\/en\/produktai\/srauto-matuokliai\/srauto-ir-energijos-skaiciuotuvas-erw700\/\" \/>\n<meta property=\"og:site_name\" content=\"Invertas\" \/>\n<meta property=\"article:modified_time\" content=\"2025-08-07T09:20:03+00:00\" \/>\n<meta property=\"og:image\" content=\"https:\/\/invertas.lt\/wp-content\/uploads\/2025\/06\/erw700-vue-generale-header-fr-en.webp\" \/>\n\t<meta property=\"og:image:width\" content=\"682\" \/>\n\t<meta property=\"og:image:height\" content=\"682\" \/>\n\t<meta property=\"og:image:type\" content=\"image\/webp\" \/>\n<meta name=\"twitter:card\" content=\"summary_large_image\" \/>\n<meta name=\"twitter:label1\" content=\"Estimated reading time\" \/>\n\t<meta name=\"twitter:data1\" content=\"1 minute\" \/>\n<script type=\"application\/ld+json\" class=\"yoast-schema-graph\">{\"@context\":\"https:\/\/schema.org\",\"@graph\":[{\"@type\":\"WebPage\",\"@id\":\"https:\/\/invertas.lt\/produktai\/srauto-matuokliai\/srauto-ir-energijos-skaiciuotuvas-erw700\/\",\"url\":\"https:\/\/invertas.lt\/produktai\/srauto-matuokliai\/srauto-ir-energijos-skaiciuotuvas-erw700\/\",\"name\":\"Fuji Electric srauto ir energijos skai\u010diuotuvas \u2013 ERW700 - Invertas\",\"isPartOf\":{\"@id\":\"https:\/\/invertas.lt\/#website\"},\"primaryImageOfPage\":{\"@id\":\"https:\/\/invertas.lt\/produktai\/srauto-matuokliai\/srauto-ir-energijos-skaiciuotuvas-erw700\/#primaryimage\"},\"image\":{\"@id\":\"https:\/\/invertas.lt\/produktai\/srauto-matuokliai\/srauto-ir-energijos-skaiciuotuvas-erw700\/#primaryimage\"},\"thumbnailUrl\":\"https:\/\/invertas.lt\/wp-content\/uploads\/2025\/06\/erw700-vue-generale-header-fr-en.webp\",\"datePublished\":\"2025-06-01T18:55:55+00:00\",\"dateModified\":\"2025-08-07T09:20:03+00:00\",\"description\":\"Koreguoto srauto ir \u0161ilumin\u0117s energijos skai\u010diavimas vidutin\u0117s ir didel\u0117s galios sistemose. Tiksl\u016bs matavimai su atkuriamais duomenimis energijos apskaitai.\",\"breadcrumb\":{\"@id\":\"https:\/\/invertas.lt\/produktai\/srauto-matuokliai\/srauto-ir-energijos-skaiciuotuvas-erw700\/#breadcrumb\"},\"inLanguage\":\"en-GB\",\"potentialAction\":[{\"@type\":\"ReadAction\",\"target\":[\"https:\/\/invertas.lt\/produktai\/srauto-matuokliai\/srauto-ir-energijos-skaiciuotuvas-erw700\/\"]}]},{\"@type\":\"ImageObject\",\"inLanguage\":\"en-GB\",\"@id\":\"https:\/\/invertas.lt\/produktai\/srauto-matuokliai\/srauto-ir-energijos-skaiciuotuvas-erw700\/#primaryimage\",\"url\":\"https:\/\/invertas.lt\/wp-content\/uploads\/2025\/06\/erw700-vue-generale-header-fr-en.webp\",\"contentUrl\":\"https:\/\/invertas.lt\/wp-content\/uploads\/2025\/06\/erw700-vue-generale-header-fr-en.webp\",\"width\":682,\"height\":682},{\"@type\":\"BreadcrumbList\",\"@id\":\"https:\/\/invertas.lt\/produktai\/srauto-matuokliai\/srauto-ir-energijos-skaiciuotuvas-erw700\/#breadcrumb\",\"itemListElement\":[{\"@type\":\"ListItem\",\"position\":1,\"name\":\"Prad\u017eia\",\"item\":\"https:\/\/invertas.lt\/\"},{\"@type\":\"ListItem\",\"position\":2,\"name\":\"Products\",\"item\":\"https:\/\/invertas.lt\/shop\/\"},{\"@type\":\"ListItem\",\"position\":3,\"name\":\"Srauto matuokliai\",\"item\":\"https:\/\/invertas.lt\/.\/srauto-matuokliai\/\"},{\"@type\":\"ListItem\",\"position\":4,\"name\":\"Fuji Electric srauto ir energijos skai\u010diuotuvas \u2013 ERW700\"}]},{\"@type\":\"WebSite\",\"@id\":\"https:\/\/invertas.lt\/#website\",\"url\":\"https:\/\/invertas.lt\/\",\"name\":\"Invertas\",\"description\":\"\",\"publisher\":{\"@id\":\"https:\/\/invertas.lt\/#organization\"},\"potentialAction\":[{\"@type\":\"SearchAction\",\"target\":{\"@type\":\"EntryPoint\",\"urlTemplate\":\"https:\/\/invertas.lt\/?s={search_term_string}\"},\"query-input\":{\"@type\":\"PropertyValueSpecification\",\"valueRequired\":true,\"valueName\":\"search_term_string\"}}],\"inLanguage\":\"en-GB\"},{\"@type\":\"Organization\",\"@id\":\"https:\/\/invertas.lt\/#organization\",\"name\":\"Invertas\",\"url\":\"https:\/\/invertas.lt\/\",\"logo\":{\"@type\":\"ImageObject\",\"inLanguage\":\"en-GB\",\"@id\":\"https:\/\/invertas.lt\/#\/schema\/logo\/image\/\",\"url\":\"https:\/\/invertas.lt\/wp-content\/uploads\/2025\/03\/New-Text-Document-2.svg\",\"contentUrl\":\"https:\/\/invertas.lt\/wp-content\/uploads\/2025\/03\/New-Text-Document-2.svg\",\"width\":140,\"height\":39,\"caption\":\"Invertas\"},\"image\":{\"@id\":\"https:\/\/invertas.lt\/#\/schema\/logo\/image\/\"}}]}<\/script>\n<!-- \/ Yoast SEO plugin. -->","yoast_head_json":{"title":"Fuji Electric srauto ir energijos skai\u010diuotuvas \u2013 ERW700 - Invertas","description":"Koreguoto srauto ir \u0161ilumin\u0117s energijos skai\u010diavimas vidutin\u0117s ir didel\u0117s galios sistemose. Tiksl\u016bs matavimai su atkuriamais duomenimis energijos apskaitai.","robots":{"index":"index","follow":"follow","max-snippet":"max-snippet:-1","max-image-preview":"max-image-preview:large","max-video-preview":"max-video-preview:-1"},"canonical":"https:\/\/invertas.lt\/en\/produktai\/srauto-matuokliai\/srauto-ir-energijos-skaiciuotuvas-erw700\/","og_locale":"en_GB","og_type":"article","og_title":"Fuji Electric srauto ir energijos skai\u010diuotuvas \u2013 ERW700 - Invertas","og_description":"Koreguoto srauto ir \u0161ilumin\u0117s energijos skai\u010diavimas vidutin\u0117s ir didel\u0117s galios sistemose. Tiksl\u016bs matavimai su atkuriamais duomenimis energijos apskaitai.","og_url":"https:\/\/invertas.lt\/en\/produktai\/srauto-matuokliai\/srauto-ir-energijos-skaiciuotuvas-erw700\/","og_site_name":"Invertas","article_modified_time":"2025-08-07T09:20:03+00:00","og_image":[{"width":682,"height":682,"url":"https:\/\/invertas.lt\/wp-content\/uploads\/2025\/06\/erw700-vue-generale-header-fr-en.webp","type":"image\/webp"}],"twitter_card":"summary_large_image","twitter_misc":{"Estimated reading time":"1 minute"},"schema":{"@context":"https:\/\/schema.org","@graph":[{"@type":"WebPage","@id":"https:\/\/invertas.lt\/produktai\/srauto-matuokliai\/srauto-ir-energijos-skaiciuotuvas-erw700\/","url":"https:\/\/invertas.lt\/produktai\/srauto-matuokliai\/srauto-ir-energijos-skaiciuotuvas-erw700\/","name":"Fuji Electric srauto ir energijos skai\u010diuotuvas \u2013 ERW700 - Invertas","isPartOf":{"@id":"https:\/\/invertas.lt\/#website"},"primaryImageOfPage":{"@id":"https:\/\/invertas.lt\/produktai\/srauto-matuokliai\/srauto-ir-energijos-skaiciuotuvas-erw700\/#primaryimage"},"image":{"@id":"https:\/\/invertas.lt\/produktai\/srauto-matuokliai\/srauto-ir-energijos-skaiciuotuvas-erw700\/#primaryimage"},"thumbnailUrl":"https:\/\/invertas.lt\/wp-content\/uploads\/2025\/06\/erw700-vue-generale-header-fr-en.webp","datePublished":"2025-06-01T18:55:55+00:00","dateModified":"2025-08-07T09:20:03+00:00","description":"Koreguoto srauto ir \u0161ilumin\u0117s energijos skai\u010diavimas vidutin\u0117s ir didel\u0117s galios sistemose. Tiksl\u016bs matavimai su atkuriamais duomenimis energijos apskaitai.","breadcrumb":{"@id":"https:\/\/invertas.lt\/produktai\/srauto-matuokliai\/srauto-ir-energijos-skaiciuotuvas-erw700\/#breadcrumb"},"inLanguage":"en-GB","potentialAction":[{"@type":"ReadAction","target":["https:\/\/invertas.lt\/produktai\/srauto-matuokliai\/srauto-ir-energijos-skaiciuotuvas-erw700\/"]}]},{"@type":"ImageObject","inLanguage":"en-GB","@id":"https:\/\/invertas.lt\/produktai\/srauto-matuokliai\/srauto-ir-energijos-skaiciuotuvas-erw700\/#primaryimage","url":"https:\/\/invertas.lt\/wp-content\/uploads\/2025\/06\/erw700-vue-generale-header-fr-en.webp","contentUrl":"https:\/\/invertas.lt\/wp-content\/uploads\/2025\/06\/erw700-vue-generale-header-fr-en.webp","width":682,"height":682},{"@type":"BreadcrumbList","@id":"https:\/\/invertas.lt\/produktai\/srauto-matuokliai\/srauto-ir-energijos-skaiciuotuvas-erw700\/#breadcrumb","itemListElement":[{"@type":"ListItem","position":1,"name":"Prad\u017eia","item":"https:\/\/invertas.lt\/"},{"@type":"ListItem","position":2,"name":"Products","item":"https:\/\/invertas.lt\/shop\/"},{"@type":"ListItem","position":3,"name":"Srauto matuokliai","item":"https:\/\/invertas.lt\/.\/srauto-matuokliai\/"},{"@type":"ListItem","position":4,"name":"Fuji Electric srauto ir energijos skai\u010diuotuvas \u2013 ERW700"}]},{"@type":"WebSite","@id":"https:\/\/invertas.lt\/#website","url":"https:\/\/invertas.lt\/","name":"Invert","description":"","publisher":{"@id":"https:\/\/invertas.lt\/#organization"},"potentialAction":[{"@type":"SearchAction","target":{"@type":"EntryPoint","urlTemplate":"https:\/\/invertas.lt\/?s={search_term_string}"},"query-input":{"@type":"PropertyValueSpecification","valueRequired":true,"valueName":"search_term_string"}}],"inLanguage":"en-GB"},{"@type":"Organization","@id":"https:\/\/invertas.lt\/#organization","name":"Invert","url":"https:\/\/invertas.lt\/","logo":{"@type":"ImageObject","inLanguage":"en-GB","@id":"https:\/\/invertas.lt\/#\/schema\/logo\/image\/","url":"https:\/\/invertas.lt\/wp-content\/uploads\/2025\/03\/New-Text-Document-2.svg","contentUrl":"https:\/\/invertas.lt\/wp-content\/uploads\/2025\/03\/New-Text-Document-2.svg","width":140,"height":39,"caption":"Invertas"},"image":{"@id":"https:\/\/invertas.lt\/#\/schema\/logo\/image\/"}}]}},"_links":{"self":[{"href":"https:\/\/invertas.lt\/en\/wp-json\/wp\/v2\/product\/5889","targetHints":{"allow":["GET"]}}],"collection":[{"href":"https:\/\/invertas.lt\/en\/wp-json\/wp\/v2\/product"}],"about":[{"href":"https:\/\/invertas.lt\/en\/wp-json\/wp\/v2\/types\/product"}],"replies":[{"embeddable":true,"href":"https:\/\/invertas.lt\/en\/wp-json\/wp\/v2\/comments?post=5889"}],"wp:featuredmedia":[{"embeddable":true,"href":"https:\/\/invertas.lt\/en\/wp-json\/wp\/v2\/media\/5896"}],"wp:attachment":[{"href":"https:\/\/invertas.lt\/en\/wp-json\/wp\/v2\/media?parent=5889"}],"wp:term":[{"taxonomy":"product_brand","embeddable":true,"href":"https:\/\/invertas.lt\/en\/wp-json\/wp\/v2\/product_brand?post=5889"},{"taxonomy":"product_cat","embeddable":true,"href":"https:\/\/invertas.lt\/en\/wp-json\/wp\/v2\/product_cat?post=5889"},{"taxonomy":"product_tag","embeddable":true,"href":"https:\/\/invertas.lt\/en\/wp-json\/wp\/v2\/product_tag?post=5889"}],"curies":[{"name":"wp","href":"https:\/\/api.w.org\/{rel}","templated":true}]}}