{"id":5838,"date":"2025-06-01T17:38:54","date_gmt":"2025-06-01T17:38:54","guid":{"rendered":"https:\/\/aurimasb15.sg-host.com\/?post_type=product&#038;p=5838"},"modified":"2025-08-07T09:20:45","modified_gmt":"2025-08-07T09:20:45","slug":"kompaktiskas-ultragarsinis-srauto-matuoklis-s-flow-fsz","status":"publish","type":"product","link":"https:\/\/invertas.lt\/en\/produktai\/srauto-matuokliai\/kompaktiskas-ultragarsinis-srauto-matuoklis-s-flow-fsz\/","title":{"rendered":"Fuji Electric compact ultrasonic flowmeter S-Flow \u2013 FSZ"},"content":{"rendered":"<p data-start=\"0\" data-end=\"14\"><strong>Fields of application<\/strong><\/p>\n<p data-start=\"19\" data-end=\"161\" class=\"translation-block\">This flowmeter can be installed on cold and hot water pipes throughout the building (pure water manufacturing processes, equipment cleaning and cooling processes).\nThe flowmeter can also be mounted inside equipment where there is a dense network of small-diameter pipes (semiconductor manufacturing equipment).<\/p>\n<p data-start=\"16\" data-end=\"183\"><strong>Features<\/strong><\/p>\n<ul>\n<li>Compact and light design<\/li>\n<li>Easy assembly<\/li>\n<li>Excellent resistance to aerated flow<\/li>\n<li>High measurement accuracy<\/li>\n<li>Fast response<\/li>\n<li>Excellent performance and ease of use<\/li>\n<\/ul>","protected":false},"excerpt":{"rendered":"<p>Taikymo sritys \u0160is srauto matuoklis gali b\u016bti montuojamas ant \u0161alto ir kar\u0161to vandens vamzdyn\u0173 visame pastate (gryno vandens gamybos procesai, \u012frangos plovimo ir au\u0161inimo procesai).Srauto matuoklis taip pat gali b\u016bti montuojamas \u012frenginiuose, kuriuose yra tankus ma\u017eo skersmens vamzdyn\u0173 tinklas (puslaidininki\u0173 gamybos \u012franga). Savyb\u0117s Kompakti\u0161kas ir lengvas dizainas Paprastas montavimas Puikus atsparumas oro prisotintai t\u0117kmei Didelis [&hellip;]<\/p>","protected":false},"featured_media":5871,"comment_status":"open","ping_status":"closed","template":"","meta":{"_acf_changed":false,"inline_featured_image":false},"product_brand":[],"product_cat":[279],"product_tag":[],"class_list":{"0":"post-5838","1":"product","2":"type-product","3":"status-publish","4":"has-post-thumbnail","6":"product_cat-srauto-matuokliai","8":"first","9":"instock","10":"shipping-taxable","11":"purchasable","12":"product-type-variable"},"acf":[],"yoast_head":"<!-- This site is optimized with the Yoast SEO plugin v25.5 - https:\/\/yoast.com\/wordpress\/plugins\/seo\/ -->\n<title>Fuji Electric kompakti\u0161kas ultragarsinis debitomatis S-Flow \u2013 FSZ - Invertas<\/title>\n<meta name=\"description\" content=\"Srauto matuoklis kar\u0161to ir \u0161alto vandens vamzdynams su auk\u0161tu tikslumu, atsparumu oro burbulams ir paprastu montavimu. Kompakti\u0161kas ir lengvas.\" \/>\n<meta name=\"robots\" content=\"index, follow, max-snippet:-1, max-image-preview:large, max-video-preview:-1\" \/>\n<link rel=\"canonical\" href=\"https:\/\/invertas.lt\/en\/produktai\/srauto-matuokliai\/kompaktiskas-ultragarsinis-srauto-matuoklis-s-flow-fsz\/\" \/>\n<meta property=\"og:locale\" content=\"en_GB\" \/>\n<meta property=\"og:type\" content=\"article\" \/>\n<meta property=\"og:title\" content=\"Fuji Electric kompakti\u0161kas ultragarsinis debitomatis S-Flow \u2013 FSZ - Invertas\" \/>\n<meta property=\"og:description\" content=\"Srauto matuoklis kar\u0161to ir \u0161alto vandens vamzdynams su auk\u0161tu tikslumu, atsparumu oro burbulams ir paprastu montavimu. Kompakti\u0161kas ir lengvas.\" \/>\n<meta property=\"og:url\" content=\"https:\/\/invertas.lt\/en\/produktai\/srauto-matuokliai\/kompaktiskas-ultragarsinis-srauto-matuoklis-s-flow-fsz\/\" \/>\n<meta property=\"og:site_name\" content=\"Invertas\" \/>\n<meta property=\"article:modified_time\" content=\"2025-08-07T09:20:45+00:00\" \/>\n<meta property=\"og:image\" content=\"https:\/\/invertas.lt\/wp-content\/uploads\/2025\/06\/fsz-vue-generale-header-fr-en.webp\" \/>\n\t<meta property=\"og:image:width\" content=\"682\" \/>\n\t<meta property=\"og:image:height\" content=\"682\" \/>\n\t<meta property=\"og:image:type\" content=\"image\/webp\" \/>\n<meta name=\"twitter:card\" content=\"summary_large_image\" \/>\n<meta name=\"twitter:label1\" content=\"Estimated reading time\" \/>\n\t<meta name=\"twitter:data1\" content=\"1 minute\" \/>\n<script type=\"application\/ld+json\" class=\"yoast-schema-graph\">{\"@context\":\"https:\/\/schema.org\",\"@graph\":[{\"@type\":\"WebPage\",\"@id\":\"https:\/\/invertas.lt\/produktai\/srauto-matuokliai\/kompaktiskas-ultragarsinis-srauto-matuoklis-s-flow-fsz\/\",\"url\":\"https:\/\/invertas.lt\/produktai\/srauto-matuokliai\/kompaktiskas-ultragarsinis-srauto-matuoklis-s-flow-fsz\/\",\"name\":\"Fuji Electric kompakti\u0161kas ultragarsinis debitomatis S-Flow \u2013 FSZ - Invertas\",\"isPartOf\":{\"@id\":\"https:\/\/invertas.lt\/#website\"},\"primaryImageOfPage\":{\"@id\":\"https:\/\/invertas.lt\/produktai\/srauto-matuokliai\/kompaktiskas-ultragarsinis-srauto-matuoklis-s-flow-fsz\/#primaryimage\"},\"image\":{\"@id\":\"https:\/\/invertas.lt\/produktai\/srauto-matuokliai\/kompaktiskas-ultragarsinis-srauto-matuoklis-s-flow-fsz\/#primaryimage\"},\"thumbnailUrl\":\"https:\/\/invertas.lt\/wp-content\/uploads\/2025\/06\/fsz-vue-generale-header-fr-en.webp\",\"datePublished\":\"2025-06-01T17:38:54+00:00\",\"dateModified\":\"2025-08-07T09:20:45+00:00\",\"description\":\"Srauto matuoklis kar\u0161to ir \u0161alto vandens vamzdynams su auk\u0161tu tikslumu, atsparumu oro burbulams ir paprastu montavimu. Kompakti\u0161kas ir lengvas.\",\"breadcrumb\":{\"@id\":\"https:\/\/invertas.lt\/produktai\/srauto-matuokliai\/kompaktiskas-ultragarsinis-srauto-matuoklis-s-flow-fsz\/#breadcrumb\"},\"inLanguage\":\"en-GB\",\"potentialAction\":[{\"@type\":\"ReadAction\",\"target\":[\"https:\/\/invertas.lt\/produktai\/srauto-matuokliai\/kompaktiskas-ultragarsinis-srauto-matuoklis-s-flow-fsz\/\"]}]},{\"@type\":\"ImageObject\",\"inLanguage\":\"en-GB\",\"@id\":\"https:\/\/invertas.lt\/produktai\/srauto-matuokliai\/kompaktiskas-ultragarsinis-srauto-matuoklis-s-flow-fsz\/#primaryimage\",\"url\":\"https:\/\/invertas.lt\/wp-content\/uploads\/2025\/06\/fsz-vue-generale-header-fr-en.webp\",\"contentUrl\":\"https:\/\/invertas.lt\/wp-content\/uploads\/2025\/06\/fsz-vue-generale-header-fr-en.webp\",\"width\":682,\"height\":682},{\"@type\":\"BreadcrumbList\",\"@id\":\"https:\/\/invertas.lt\/produktai\/srauto-matuokliai\/kompaktiskas-ultragarsinis-srauto-matuoklis-s-flow-fsz\/#breadcrumb\",\"itemListElement\":[{\"@type\":\"ListItem\",\"position\":1,\"name\":\"Prad\u017eia\",\"item\":\"https:\/\/invertas.lt\/\"},{\"@type\":\"ListItem\",\"position\":2,\"name\":\"Products\",\"item\":\"https:\/\/invertas.lt\/shop\/\"},{\"@type\":\"ListItem\",\"position\":3,\"name\":\"Srauto matuokliai\",\"item\":\"https:\/\/invertas.lt\/.\/srauto-matuokliai\/\"},{\"@type\":\"ListItem\",\"position\":4,\"name\":\"Fuji Electric kompakti\u0161kas ultragarsinis debitomatis S-Flow \u2013 FSZ\"}]},{\"@type\":\"WebSite\",\"@id\":\"https:\/\/invertas.lt\/#website\",\"url\":\"https:\/\/invertas.lt\/\",\"name\":\"Invertas\",\"description\":\"\",\"publisher\":{\"@id\":\"https:\/\/invertas.lt\/#organization\"},\"potentialAction\":[{\"@type\":\"SearchAction\",\"target\":{\"@type\":\"EntryPoint\",\"urlTemplate\":\"https:\/\/invertas.lt\/?s={search_term_string}\"},\"query-input\":{\"@type\":\"PropertyValueSpecification\",\"valueRequired\":true,\"valueName\":\"search_term_string\"}}],\"inLanguage\":\"en-GB\"},{\"@type\":\"Organization\",\"@id\":\"https:\/\/invertas.lt\/#organization\",\"name\":\"Invertas\",\"url\":\"https:\/\/invertas.lt\/\",\"logo\":{\"@type\":\"ImageObject\",\"inLanguage\":\"en-GB\",\"@id\":\"https:\/\/invertas.lt\/#\/schema\/logo\/image\/\",\"url\":\"https:\/\/invertas.lt\/wp-content\/uploads\/2025\/03\/New-Text-Document-2.svg\",\"contentUrl\":\"https:\/\/invertas.lt\/wp-content\/uploads\/2025\/03\/New-Text-Document-2.svg\",\"width\":140,\"height\":39,\"caption\":\"Invertas\"},\"image\":{\"@id\":\"https:\/\/invertas.lt\/#\/schema\/logo\/image\/\"}}]}<\/script>\n<!-- \/ Yoast SEO plugin. -->","yoast_head_json":{"title":"Fuji Electric kompakti\u0161kas ultragarsinis debitomatis S-Flow \u2013 FSZ - Invertas","description":"Srauto matuoklis kar\u0161to ir \u0161alto vandens vamzdynams su auk\u0161tu tikslumu, atsparumu oro burbulams ir paprastu montavimu. Kompakti\u0161kas ir lengvas.","robots":{"index":"index","follow":"follow","max-snippet":"max-snippet:-1","max-image-preview":"max-image-preview:large","max-video-preview":"max-video-preview:-1"},"canonical":"https:\/\/invertas.lt\/en\/produktai\/srauto-matuokliai\/kompaktiskas-ultragarsinis-srauto-matuoklis-s-flow-fsz\/","og_locale":"en_GB","og_type":"article","og_title":"Fuji Electric kompakti\u0161kas ultragarsinis debitomatis S-Flow \u2013 FSZ - Invertas","og_description":"Srauto matuoklis kar\u0161to ir \u0161alto vandens vamzdynams su auk\u0161tu tikslumu, atsparumu oro burbulams ir paprastu montavimu. Kompakti\u0161kas ir lengvas.","og_url":"https:\/\/invertas.lt\/en\/produktai\/srauto-matuokliai\/kompaktiskas-ultragarsinis-srauto-matuoklis-s-flow-fsz\/","og_site_name":"Invertas","article_modified_time":"2025-08-07T09:20:45+00:00","og_image":[{"width":682,"height":682,"url":"https:\/\/invertas.lt\/wp-content\/uploads\/2025\/06\/fsz-vue-generale-header-fr-en.webp","type":"image\/webp"}],"twitter_card":"summary_large_image","twitter_misc":{"Estimated reading time":"1 minute"},"schema":{"@context":"https:\/\/schema.org","@graph":[{"@type":"WebPage","@id":"https:\/\/invertas.lt\/produktai\/srauto-matuokliai\/kompaktiskas-ultragarsinis-srauto-matuoklis-s-flow-fsz\/","url":"https:\/\/invertas.lt\/produktai\/srauto-matuokliai\/kompaktiskas-ultragarsinis-srauto-matuoklis-s-flow-fsz\/","name":"Fuji Electric kompakti\u0161kas ultragarsinis debitomatis S-Flow \u2013 FSZ - Invertas","isPartOf":{"@id":"https:\/\/invertas.lt\/#website"},"primaryImageOfPage":{"@id":"https:\/\/invertas.lt\/produktai\/srauto-matuokliai\/kompaktiskas-ultragarsinis-srauto-matuoklis-s-flow-fsz\/#primaryimage"},"image":{"@id":"https:\/\/invertas.lt\/produktai\/srauto-matuokliai\/kompaktiskas-ultragarsinis-srauto-matuoklis-s-flow-fsz\/#primaryimage"},"thumbnailUrl":"https:\/\/invertas.lt\/wp-content\/uploads\/2025\/06\/fsz-vue-generale-header-fr-en.webp","datePublished":"2025-06-01T17:38:54+00:00","dateModified":"2025-08-07T09:20:45+00:00","description":"Srauto matuoklis kar\u0161to ir \u0161alto vandens vamzdynams su auk\u0161tu tikslumu, atsparumu oro burbulams ir paprastu montavimu. Kompakti\u0161kas ir lengvas.","breadcrumb":{"@id":"https:\/\/invertas.lt\/produktai\/srauto-matuokliai\/kompaktiskas-ultragarsinis-srauto-matuoklis-s-flow-fsz\/#breadcrumb"},"inLanguage":"en-GB","potentialAction":[{"@type":"ReadAction","target":["https:\/\/invertas.lt\/produktai\/srauto-matuokliai\/kompaktiskas-ultragarsinis-srauto-matuoklis-s-flow-fsz\/"]}]},{"@type":"ImageObject","inLanguage":"en-GB","@id":"https:\/\/invertas.lt\/produktai\/srauto-matuokliai\/kompaktiskas-ultragarsinis-srauto-matuoklis-s-flow-fsz\/#primaryimage","url":"https:\/\/invertas.lt\/wp-content\/uploads\/2025\/06\/fsz-vue-generale-header-fr-en.webp","contentUrl":"https:\/\/invertas.lt\/wp-content\/uploads\/2025\/06\/fsz-vue-generale-header-fr-en.webp","width":682,"height":682},{"@type":"BreadcrumbList","@id":"https:\/\/invertas.lt\/produktai\/srauto-matuokliai\/kompaktiskas-ultragarsinis-srauto-matuoklis-s-flow-fsz\/#breadcrumb","itemListElement":[{"@type":"ListItem","position":1,"name":"Prad\u017eia","item":"https:\/\/invertas.lt\/"},{"@type":"ListItem","position":2,"name":"Products","item":"https:\/\/invertas.lt\/shop\/"},{"@type":"ListItem","position":3,"name":"Srauto matuokliai","item":"https:\/\/invertas.lt\/.\/srauto-matuokliai\/"},{"@type":"ListItem","position":4,"name":"Fuji Electric kompakti\u0161kas ultragarsinis debitomatis S-Flow \u2013 FSZ"}]},{"@type":"WebSite","@id":"https:\/\/invertas.lt\/#website","url":"https:\/\/invertas.lt\/","name":"Invert","description":"","publisher":{"@id":"https:\/\/invertas.lt\/#organization"},"potentialAction":[{"@type":"SearchAction","target":{"@type":"EntryPoint","urlTemplate":"https:\/\/invertas.lt\/?s={search_term_string}"},"query-input":{"@type":"PropertyValueSpecification","valueRequired":true,"valueName":"search_term_string"}}],"inLanguage":"en-GB"},{"@type":"Organization","@id":"https:\/\/invertas.lt\/#organization","name":"Invert","url":"https:\/\/invertas.lt\/","logo":{"@type":"ImageObject","inLanguage":"en-GB","@id":"https:\/\/invertas.lt\/#\/schema\/logo\/image\/","url":"https:\/\/invertas.lt\/wp-content\/uploads\/2025\/03\/New-Text-Document-2.svg","contentUrl":"https:\/\/invertas.lt\/wp-content\/uploads\/2025\/03\/New-Text-Document-2.svg","width":140,"height":39,"caption":"Invertas"},"image":{"@id":"https:\/\/invertas.lt\/#\/schema\/logo\/image\/"}}]}},"_links":{"self":[{"href":"https:\/\/invertas.lt\/en\/wp-json\/wp\/v2\/product\/5838","targetHints":{"allow":["GET"]}}],"collection":[{"href":"https:\/\/invertas.lt\/en\/wp-json\/wp\/v2\/product"}],"about":[{"href":"https:\/\/invertas.lt\/en\/wp-json\/wp\/v2\/types\/product"}],"replies":[{"embeddable":true,"href":"https:\/\/invertas.lt\/en\/wp-json\/wp\/v2\/comments?post=5838"}],"wp:featuredmedia":[{"embeddable":true,"href":"https:\/\/invertas.lt\/en\/wp-json\/wp\/v2\/media\/5871"}],"wp:attachment":[{"href":"https:\/\/invertas.lt\/en\/wp-json\/wp\/v2\/media?parent=5838"}],"wp:term":[{"taxonomy":"product_brand","embeddable":true,"href":"https:\/\/invertas.lt\/en\/wp-json\/wp\/v2\/product_brand?post=5838"},{"taxonomy":"product_cat","embeddable":true,"href":"https:\/\/invertas.lt\/en\/wp-json\/wp\/v2\/product_cat?post=5838"},{"taxonomy":"product_tag","embeddable":true,"href":"https:\/\/invertas.lt\/en\/wp-json\/wp\/v2\/product_tag?post=5838"}],"curies":[{"name":"wp","href":"https:\/\/api.w.org\/{rel}","templated":true}]}}