{"id":5685,"date":"2025-05-31T15:21:13","date_gmt":"2025-05-31T15:21:13","guid":{"rendered":"https:\/\/aurimasb15.sg-host.com\/?post_type=product&#038;p=5685"},"modified":"2025-08-07T09:16:50","modified_gmt":"2025-08-07T09:16:50","slug":"ant-vamzdzio-montuojamas-ultragarsinis-srauto-matuoklis-time-delta-c-keitiklis-fsv-ip66","status":"publish","type":"product","link":"https:\/\/invertas.lt\/en\/produktai\/srauto-matuokliai\/ant-vamzdzio-montuojamas-ultragarsinis-srauto-matuoklis-time-delta-c-keitiklis-fsv-ip66\/","title":{"rendered":"Fuji Electric ultrasonic flowmeter Time Delta-C IP66"},"content":{"rendered":"<h3 data-start=\"0\" data-end=\"14\">Fields of application<\/h3>\n<p data-start=\"19\" data-end=\"161\">Non-contact (non-invasive) ultrasonic flow meters are widely used in various industrial fields: in the food and beverage industry, water and wastewater treatment, agriculture and irrigation systems, water use management in buildings for energy savings, building commissioning and maintenance work (hotels, hospitals, etc.), water parks, swimming pools and aquariums, as well as in the semiconductor industry.<\/p>\n<h3 data-start=\"16\" data-end=\"183\">Features<\/h3>\n<ul>\n<li>Advanced digital signal processing and anti-bubble technology<\/li>\n<li>Wide range of flow measurement signal outputs<\/li>\n<li>Simple and intuitive operator interface<\/li>\n<li>PC configuration software<\/li>\n<\/ul>","protected":false},"excerpt":{"rendered":"<p>Taikymo sritys Bekontaktiniai (neinvaziniai) ultragarsiniai srauto matuokliai pla\u010diai naudojami \u012fvairiose pramon\u0117s srityse: maisto ir g\u0117rim\u0173 pramon\u0117je, vandens ir nuotek\u0173 tvarkyme, \u017eem\u0117s \u016bkyje ir dr\u0117kinimo sistemose, vandens naudojimo valdyme pastatuose siekiant energijos taupymo, pastat\u0173 paleidimo ir prie\u017ei\u016bros darbuose (vie\u0161bu\u010diai, ligonin\u0117s ir kt.), vandens parkuose, baseinuose ir akvariumuose, taip pat puslaidininki\u0173 pramon\u0117je. Savyb\u0117s Pa\u017eangi skaitmeninio signalo apdorojimo [&hellip;]<\/p>","protected":false},"featured_media":5718,"comment_status":"open","ping_status":"closed","template":"","meta":{"_acf_changed":false,"inline_featured_image":false},"product_brand":[],"product_cat":[279],"product_tag":[],"class_list":{"0":"post-5685","1":"product","2":"type-product","3":"status-publish","4":"has-post-thumbnail","6":"product_cat-srauto-matuokliai","8":"first","9":"instock","10":"shipping-taxable","11":"purchasable","12":"product-type-variable"},"acf":[],"yoast_head":"<!-- This site is optimized with the Yoast SEO plugin v25.5 - https:\/\/yoast.com\/wordpress\/plugins\/seo\/ -->\n<title>Fuji Electric ultragarsinis debitomatis Time Delta-C IP66 - Invertas<\/title>\n<meta name=\"description\" content=\"Bekontaktiniai ultragarsiniai srauto matuokliai naudojami maisto ir g\u0117rim\u0173 pramon\u0117je, vandens ir nuotek\u0173 tvarkyme, \u017eem\u0117s \u016bkyje, pastat\u0173 energijos valdyme.\" \/>\n<meta name=\"robots\" content=\"index, follow, max-snippet:-1, max-image-preview:large, max-video-preview:-1\" \/>\n<link rel=\"canonical\" href=\"https:\/\/invertas.lt\/en\/produktai\/srauto-matuokliai\/ant-vamzdzio-montuojamas-ultragarsinis-srauto-matuoklis-time-delta-c-keitiklis-fsv-ip66\/\" \/>\n<meta property=\"og:locale\" content=\"en_GB\" \/>\n<meta property=\"og:type\" content=\"article\" \/>\n<meta property=\"og:title\" content=\"Fuji Electric ultragarsinis debitomatis Time Delta-C IP66 - Invertas\" \/>\n<meta property=\"og:description\" content=\"Bekontaktiniai ultragarsiniai srauto matuokliai naudojami maisto ir g\u0117rim\u0173 pramon\u0117je, vandens ir nuotek\u0173 tvarkyme, \u017eem\u0117s \u016bkyje, pastat\u0173 energijos valdyme.\" \/>\n<meta property=\"og:url\" content=\"https:\/\/invertas.lt\/en\/produktai\/srauto-matuokliai\/ant-vamzdzio-montuojamas-ultragarsinis-srauto-matuoklis-time-delta-c-keitiklis-fsv-ip66\/\" \/>\n<meta property=\"og:site_name\" content=\"Invertas\" \/>\n<meta property=\"article:modified_time\" content=\"2025-08-07T09:16:50+00:00\" \/>\n<meta property=\"og:image\" content=\"https:\/\/invertas.lt\/wp-content\/uploads\/2025\/05\/fsv-time-delta-c-vue-generale-header-fr-en.webp\" \/>\n\t<meta property=\"og:image:width\" content=\"682\" \/>\n\t<meta property=\"og:image:height\" content=\"682\" \/>\n\t<meta property=\"og:image:type\" content=\"image\/webp\" \/>\n<meta name=\"twitter:card\" content=\"summary_large_image\" \/>\n<meta name=\"twitter:label1\" content=\"Estimated reading time\" \/>\n\t<meta name=\"twitter:data1\" content=\"1 minute\" \/>\n<script type=\"application\/ld+json\" class=\"yoast-schema-graph\">{\"@context\":\"https:\/\/schema.org\",\"@graph\":[{\"@type\":\"WebPage\",\"@id\":\"https:\/\/invertas.lt\/produktai\/srauto-matuokliai\/ant-vamzdzio-montuojamas-ultragarsinis-srauto-matuoklis-time-delta-c-keitiklis-fsv-ip66\/\",\"url\":\"https:\/\/invertas.lt\/produktai\/srauto-matuokliai\/ant-vamzdzio-montuojamas-ultragarsinis-srauto-matuoklis-time-delta-c-keitiklis-fsv-ip66\/\",\"name\":\"Fuji Electric ultragarsinis debitomatis Time Delta-C IP66 - Invertas\",\"isPartOf\":{\"@id\":\"https:\/\/invertas.lt\/#website\"},\"primaryImageOfPage\":{\"@id\":\"https:\/\/invertas.lt\/produktai\/srauto-matuokliai\/ant-vamzdzio-montuojamas-ultragarsinis-srauto-matuoklis-time-delta-c-keitiklis-fsv-ip66\/#primaryimage\"},\"image\":{\"@id\":\"https:\/\/invertas.lt\/produktai\/srauto-matuokliai\/ant-vamzdzio-montuojamas-ultragarsinis-srauto-matuoklis-time-delta-c-keitiklis-fsv-ip66\/#primaryimage\"},\"thumbnailUrl\":\"https:\/\/invertas.lt\/wp-content\/uploads\/2025\/05\/fsv-time-delta-c-vue-generale-header-fr-en.webp\",\"datePublished\":\"2025-05-31T15:21:13+00:00\",\"dateModified\":\"2025-08-07T09:16:50+00:00\",\"description\":\"Bekontaktiniai ultragarsiniai srauto matuokliai naudojami maisto ir g\u0117rim\u0173 pramon\u0117je, vandens ir nuotek\u0173 tvarkyme, \u017eem\u0117s \u016bkyje, pastat\u0173 energijos valdyme.\",\"breadcrumb\":{\"@id\":\"https:\/\/invertas.lt\/produktai\/srauto-matuokliai\/ant-vamzdzio-montuojamas-ultragarsinis-srauto-matuoklis-time-delta-c-keitiklis-fsv-ip66\/#breadcrumb\"},\"inLanguage\":\"en-GB\",\"potentialAction\":[{\"@type\":\"ReadAction\",\"target\":[\"https:\/\/invertas.lt\/produktai\/srauto-matuokliai\/ant-vamzdzio-montuojamas-ultragarsinis-srauto-matuoklis-time-delta-c-keitiklis-fsv-ip66\/\"]}]},{\"@type\":\"ImageObject\",\"inLanguage\":\"en-GB\",\"@id\":\"https:\/\/invertas.lt\/produktai\/srauto-matuokliai\/ant-vamzdzio-montuojamas-ultragarsinis-srauto-matuoklis-time-delta-c-keitiklis-fsv-ip66\/#primaryimage\",\"url\":\"https:\/\/invertas.lt\/wp-content\/uploads\/2025\/05\/fsv-time-delta-c-vue-generale-header-fr-en.webp\",\"contentUrl\":\"https:\/\/invertas.lt\/wp-content\/uploads\/2025\/05\/fsv-time-delta-c-vue-generale-header-fr-en.webp\",\"width\":682,\"height\":682},{\"@type\":\"BreadcrumbList\",\"@id\":\"https:\/\/invertas.lt\/produktai\/srauto-matuokliai\/ant-vamzdzio-montuojamas-ultragarsinis-srauto-matuoklis-time-delta-c-keitiklis-fsv-ip66\/#breadcrumb\",\"itemListElement\":[{\"@type\":\"ListItem\",\"position\":1,\"name\":\"Prad\u017eia\",\"item\":\"https:\/\/invertas.lt\/\"},{\"@type\":\"ListItem\",\"position\":2,\"name\":\"Products\",\"item\":\"https:\/\/invertas.lt\/shop\/\"},{\"@type\":\"ListItem\",\"position\":3,\"name\":\"Srauto matuokliai\",\"item\":\"https:\/\/invertas.lt\/.\/srauto-matuokliai\/\"},{\"@type\":\"ListItem\",\"position\":4,\"name\":\"Fuji Electric ultragarsinis debitomatis Time Delta-C IP66\"}]},{\"@type\":\"WebSite\",\"@id\":\"https:\/\/invertas.lt\/#website\",\"url\":\"https:\/\/invertas.lt\/\",\"name\":\"Invertas\",\"description\":\"\",\"publisher\":{\"@id\":\"https:\/\/invertas.lt\/#organization\"},\"potentialAction\":[{\"@type\":\"SearchAction\",\"target\":{\"@type\":\"EntryPoint\",\"urlTemplate\":\"https:\/\/invertas.lt\/?s={search_term_string}\"},\"query-input\":{\"@type\":\"PropertyValueSpecification\",\"valueRequired\":true,\"valueName\":\"search_term_string\"}}],\"inLanguage\":\"en-GB\"},{\"@type\":\"Organization\",\"@id\":\"https:\/\/invertas.lt\/#organization\",\"name\":\"Invertas\",\"url\":\"https:\/\/invertas.lt\/\",\"logo\":{\"@type\":\"ImageObject\",\"inLanguage\":\"en-GB\",\"@id\":\"https:\/\/invertas.lt\/#\/schema\/logo\/image\/\",\"url\":\"https:\/\/invertas.lt\/wp-content\/uploads\/2025\/03\/New-Text-Document-2.svg\",\"contentUrl\":\"https:\/\/invertas.lt\/wp-content\/uploads\/2025\/03\/New-Text-Document-2.svg\",\"width\":140,\"height\":39,\"caption\":\"Invertas\"},\"image\":{\"@id\":\"https:\/\/invertas.lt\/#\/schema\/logo\/image\/\"}}]}<\/script>\n<!-- \/ Yoast SEO plugin. -->","yoast_head_json":{"title":"Fuji Electric ultragarsinis debitomatis Time Delta-C IP66 - Invertas","description":"Bekontaktiniai ultragarsiniai srauto matuokliai naudojami maisto ir g\u0117rim\u0173 pramon\u0117je, vandens ir nuotek\u0173 tvarkyme, \u017eem\u0117s \u016bkyje, pastat\u0173 energijos valdyme.","robots":{"index":"index","follow":"follow","max-snippet":"max-snippet:-1","max-image-preview":"max-image-preview:large","max-video-preview":"max-video-preview:-1"},"canonical":"https:\/\/invertas.lt\/en\/produktai\/srauto-matuokliai\/ant-vamzdzio-montuojamas-ultragarsinis-srauto-matuoklis-time-delta-c-keitiklis-fsv-ip66\/","og_locale":"en_GB","og_type":"article","og_title":"Fuji Electric ultragarsinis debitomatis Time Delta-C IP66 - Invertas","og_description":"Bekontaktiniai ultragarsiniai srauto matuokliai naudojami maisto ir g\u0117rim\u0173 pramon\u0117je, vandens ir nuotek\u0173 tvarkyme, \u017eem\u0117s \u016bkyje, pastat\u0173 energijos valdyme.","og_url":"https:\/\/invertas.lt\/en\/produktai\/srauto-matuokliai\/ant-vamzdzio-montuojamas-ultragarsinis-srauto-matuoklis-time-delta-c-keitiklis-fsv-ip66\/","og_site_name":"Invertas","article_modified_time":"2025-08-07T09:16:50+00:00","og_image":[{"width":682,"height":682,"url":"https:\/\/invertas.lt\/wp-content\/uploads\/2025\/05\/fsv-time-delta-c-vue-generale-header-fr-en.webp","type":"image\/webp"}],"twitter_card":"summary_large_image","twitter_misc":{"Estimated reading time":"1 minute"},"schema":{"@context":"https:\/\/schema.org","@graph":[{"@type":"WebPage","@id":"https:\/\/invertas.lt\/produktai\/srauto-matuokliai\/ant-vamzdzio-montuojamas-ultragarsinis-srauto-matuoklis-time-delta-c-keitiklis-fsv-ip66\/","url":"https:\/\/invertas.lt\/produktai\/srauto-matuokliai\/ant-vamzdzio-montuojamas-ultragarsinis-srauto-matuoklis-time-delta-c-keitiklis-fsv-ip66\/","name":"Fuji Electric ultragarsinis debitomatis Time Delta-C IP66 - Invertas","isPartOf":{"@id":"https:\/\/invertas.lt\/#website"},"primaryImageOfPage":{"@id":"https:\/\/invertas.lt\/produktai\/srauto-matuokliai\/ant-vamzdzio-montuojamas-ultragarsinis-srauto-matuoklis-time-delta-c-keitiklis-fsv-ip66\/#primaryimage"},"image":{"@id":"https:\/\/invertas.lt\/produktai\/srauto-matuokliai\/ant-vamzdzio-montuojamas-ultragarsinis-srauto-matuoklis-time-delta-c-keitiklis-fsv-ip66\/#primaryimage"},"thumbnailUrl":"https:\/\/invertas.lt\/wp-content\/uploads\/2025\/05\/fsv-time-delta-c-vue-generale-header-fr-en.webp","datePublished":"2025-05-31T15:21:13+00:00","dateModified":"2025-08-07T09:16:50+00:00","description":"Bekontaktiniai ultragarsiniai srauto matuokliai naudojami maisto ir g\u0117rim\u0173 pramon\u0117je, vandens ir nuotek\u0173 tvarkyme, \u017eem\u0117s \u016bkyje, pastat\u0173 energijos valdyme.","breadcrumb":{"@id":"https:\/\/invertas.lt\/produktai\/srauto-matuokliai\/ant-vamzdzio-montuojamas-ultragarsinis-srauto-matuoklis-time-delta-c-keitiklis-fsv-ip66\/#breadcrumb"},"inLanguage":"en-GB","potentialAction":[{"@type":"ReadAction","target":["https:\/\/invertas.lt\/produktai\/srauto-matuokliai\/ant-vamzdzio-montuojamas-ultragarsinis-srauto-matuoklis-time-delta-c-keitiklis-fsv-ip66\/"]}]},{"@type":"ImageObject","inLanguage":"en-GB","@id":"https:\/\/invertas.lt\/produktai\/srauto-matuokliai\/ant-vamzdzio-montuojamas-ultragarsinis-srauto-matuoklis-time-delta-c-keitiklis-fsv-ip66\/#primaryimage","url":"https:\/\/invertas.lt\/wp-content\/uploads\/2025\/05\/fsv-time-delta-c-vue-generale-header-fr-en.webp","contentUrl":"https:\/\/invertas.lt\/wp-content\/uploads\/2025\/05\/fsv-time-delta-c-vue-generale-header-fr-en.webp","width":682,"height":682},{"@type":"BreadcrumbList","@id":"https:\/\/invertas.lt\/produktai\/srauto-matuokliai\/ant-vamzdzio-montuojamas-ultragarsinis-srauto-matuoklis-time-delta-c-keitiklis-fsv-ip66\/#breadcrumb","itemListElement":[{"@type":"ListItem","position":1,"name":"Prad\u017eia","item":"https:\/\/invertas.lt\/"},{"@type":"ListItem","position":2,"name":"Products","item":"https:\/\/invertas.lt\/shop\/"},{"@type":"ListItem","position":3,"name":"Srauto matuokliai","item":"https:\/\/invertas.lt\/.\/srauto-matuokliai\/"},{"@type":"ListItem","position":4,"name":"Fuji Electric ultragarsinis debitomatis Time Delta-C IP66"}]},{"@type":"WebSite","@id":"https:\/\/invertas.lt\/#website","url":"https:\/\/invertas.lt\/","name":"Invert","description":"","publisher":{"@id":"https:\/\/invertas.lt\/#organization"},"potentialAction":[{"@type":"SearchAction","target":{"@type":"EntryPoint","urlTemplate":"https:\/\/invertas.lt\/?s={search_term_string}"},"query-input":{"@type":"PropertyValueSpecification","valueRequired":true,"valueName":"search_term_string"}}],"inLanguage":"en-GB"},{"@type":"Organization","@id":"https:\/\/invertas.lt\/#organization","name":"Invert","url":"https:\/\/invertas.lt\/","logo":{"@type":"ImageObject","inLanguage":"en-GB","@id":"https:\/\/invertas.lt\/#\/schema\/logo\/image\/","url":"https:\/\/invertas.lt\/wp-content\/uploads\/2025\/03\/New-Text-Document-2.svg","contentUrl":"https:\/\/invertas.lt\/wp-content\/uploads\/2025\/03\/New-Text-Document-2.svg","width":140,"height":39,"caption":"Invertas"},"image":{"@id":"https:\/\/invertas.lt\/#\/schema\/logo\/image\/"}}]}},"_links":{"self":[{"href":"https:\/\/invertas.lt\/en\/wp-json\/wp\/v2\/product\/5685","targetHints":{"allow":["GET"]}}],"collection":[{"href":"https:\/\/invertas.lt\/en\/wp-json\/wp\/v2\/product"}],"about":[{"href":"https:\/\/invertas.lt\/en\/wp-json\/wp\/v2\/types\/product"}],"replies":[{"embeddable":true,"href":"https:\/\/invertas.lt\/en\/wp-json\/wp\/v2\/comments?post=5685"}],"wp:featuredmedia":[{"embeddable":true,"href":"https:\/\/invertas.lt\/en\/wp-json\/wp\/v2\/media\/5718"}],"wp:attachment":[{"href":"https:\/\/invertas.lt\/en\/wp-json\/wp\/v2\/media?parent=5685"}],"wp:term":[{"taxonomy":"product_brand","embeddable":true,"href":"https:\/\/invertas.lt\/en\/wp-json\/wp\/v2\/product_brand?post=5685"},{"taxonomy":"product_cat","embeddable":true,"href":"https:\/\/invertas.lt\/en\/wp-json\/wp\/v2\/product_cat?post=5685"},{"taxonomy":"product_tag","embeddable":true,"href":"https:\/\/invertas.lt\/en\/wp-json\/wp\/v2\/product_tag?post=5685"}],"curies":[{"name":"wp","href":"https:\/\/api.w.org\/{rel}","templated":true}]}}