{"id":5615,"date":"2025-05-31T12:35:22","date_gmt":"2025-05-31T12:35:22","guid":{"rendered":"https:\/\/aurimasb15.sg-host.com\/?post_type=product&#038;p=5615"},"modified":"2025-08-07T09:19:13","modified_gmt":"2025-08-07T09:19:13","slug":"ant-vamzdzio-montuojamas-ultragarsinis-srauto-matuoklis-garui-keitiklis-fsj","status":"publish","type":"product","link":"https:\/\/invertas.lt\/en\/produktai\/srauto-matuokliai\/ant-vamzdzio-montuojamas-ultragarsinis-srauto-matuoklis-garui-keitiklis-fsj\/","title":{"rendered":"Fuji Electric flow meter for steam FSJ"},"content":{"rendered":"<p data-start=\"0\" data-end=\"277\"><strong data-start=\"0\" data-end=\"18\">Fields of application<\/strong><\/p>\n<p data-start=\"0\" data-end=\"277\"><br data-start=\"18\" data-end=\"21\" \/>Renewable energy (district heating), metal industry, paper and cardboard production, food and pharmaceutical industry (in-line sterilization and cleaning).<br data-start=\"184\" data-end=\"187\" data-is-only-node=\"\" \/>Thermal energy: boiler auxiliaries (combustion air preheaters, heat exchangers).<\/p>\n<p data-start=\"279\" data-end=\"292\"><strong data-start=\"279\" data-end=\"290\">Features<\/strong><\/p>\n<ul data-start=\"293\" data-end=\"594\" data-is-last-node=\"\" data-is-only-node=\"\">\n<li data-start=\"293\" data-end=\"336\">\n<p data-start=\"295\" data-end=\"336\">Quick, easy and safe installation<\/p>\n<\/li>\n<li data-start=\"337\" data-end=\"371\">\n<p data-start=\"339\" data-end=\"371\">Accurate and reliable measurements<\/p>\n<\/li>\n<li data-start=\"372\" data-end=\"421\">\n<p data-start=\"374\" data-end=\"421\">High flexibility and universal application<\/p>\n<\/li>\n<li data-start=\"422\" data-end=\"459\">\n<p data-start=\"424\" data-end=\"459\">Early detection of steam leaks<\/p>\n<\/li>\n<li data-start=\"460\" data-end=\"505\">\n<p data-start=\"462\" data-end=\"505\">Continuous process monitoring and corrections<\/p>\n<\/li>\n<li data-start=\"506\" data-end=\"553\">\n<p data-start=\"508\" data-end=\"553\">Low maintenance and operating costs<\/p>\n<\/li>\n<li data-start=\"554\" data-end=\"594\" data-is-last-node=\"\">\n<p data-start=\"556\" data-end=\"594\" data-is-last-node=\"\">Resistant to harsh industrial conditions<\/p>\n<\/li>\n<\/ul>","protected":false},"excerpt":{"rendered":"<p>Taikymo sritys Atsinaujinanti energija (centralizuotas \u0161ildymas), metal\u0173 pramon\u0117, popieriaus ir kartono gamyba, maisto bei farmacijos pramon\u0117 (in-line sterilizavimas ir valymas).\u0160ilumin\u0117 energija: pagalbiniai katil\u0173 \u012frenginiai (degimo oro pa\u0161ildytuvai, \u0161ilumokai\u010diai). Savyb\u0117s Greitas, paprastas ir saugus montavimas Tiksl\u016bs bei patikimi matavimai Didelis lankstumas ir universalus pritaikymas Ankstyvas garo nuot\u0117kio aptikimas Nuolatin\u0117 proces\u0173 steb\u0117sena ir korekcijos Ma\u017eos prie\u017ei\u016bros ir [&hellip;]<\/p>","protected":false},"featured_media":5648,"comment_status":"open","ping_status":"closed","template":"","meta":{"_acf_changed":false,"inline_featured_image":false},"product_brand":[],"product_cat":[279],"product_tag":[],"class_list":{"0":"post-5615","1":"product","2":"type-product","3":"status-publish","4":"has-post-thumbnail","6":"product_cat-srauto-matuokliai","8":"first","9":"instock","10":"shipping-taxable","11":"purchasable","12":"product-type-variable"},"acf":[],"yoast_head":"<!-- This site is optimized with the Yoast SEO plugin v25.5 - https:\/\/yoast.com\/wordpress\/plugins\/seo\/ -->\n<title>Fuji Electric debitomatis garui FSJ - Invertas<\/title>\n<meta name=\"description\" content=\"Atsinaujinan\u010dios energijos, metal\u0173, popieriaus, maisto ir farmacijos pramon\u0117s srauto matavimas su ankstyvu garo nuot\u0117kio aptikimu ir lengva prie\u017ei\u016bra.\" \/>\n<meta name=\"robots\" content=\"index, follow, max-snippet:-1, max-image-preview:large, max-video-preview:-1\" \/>\n<link rel=\"canonical\" href=\"https:\/\/invertas.lt\/en\/produktai\/srauto-matuokliai\/ant-vamzdzio-montuojamas-ultragarsinis-srauto-matuoklis-garui-keitiklis-fsj\/\" \/>\n<meta property=\"og:locale\" content=\"en_GB\" \/>\n<meta property=\"og:type\" content=\"article\" \/>\n<meta property=\"og:title\" content=\"Fuji Electric debitomatis garui FSJ - Invertas\" \/>\n<meta property=\"og:description\" content=\"Atsinaujinan\u010dios energijos, metal\u0173, popieriaus, maisto ir farmacijos pramon\u0117s srauto matavimas su ankstyvu garo nuot\u0117kio aptikimu ir lengva prie\u017ei\u016bra.\" \/>\n<meta property=\"og:url\" content=\"https:\/\/invertas.lt\/en\/produktai\/srauto-matuokliai\/ant-vamzdzio-montuojamas-ultragarsinis-srauto-matuoklis-garui-keitiklis-fsj\/\" \/>\n<meta property=\"og:site_name\" content=\"Invertas\" \/>\n<meta property=\"article:modified_time\" content=\"2025-08-07T09:19:13+00:00\" \/>\n<meta property=\"og:image\" content=\"https:\/\/invertas.lt\/wp-content\/uploads\/2025\/05\/fsj-vue-generale-header-fr-en.webp\" \/>\n\t<meta property=\"og:image:width\" content=\"682\" \/>\n\t<meta property=\"og:image:height\" content=\"682\" \/>\n\t<meta property=\"og:image:type\" content=\"image\/webp\" \/>\n<meta name=\"twitter:card\" content=\"summary_large_image\" \/>\n<meta name=\"twitter:label1\" content=\"Estimated reading time\" \/>\n\t<meta name=\"twitter:data1\" content=\"1 minute\" \/>\n<script type=\"application\/ld+json\" class=\"yoast-schema-graph\">{\"@context\":\"https:\/\/schema.org\",\"@graph\":[{\"@type\":\"WebPage\",\"@id\":\"https:\/\/invertas.lt\/produktai\/srauto-matuokliai\/ant-vamzdzio-montuojamas-ultragarsinis-srauto-matuoklis-garui-keitiklis-fsj\/\",\"url\":\"https:\/\/invertas.lt\/produktai\/srauto-matuokliai\/ant-vamzdzio-montuojamas-ultragarsinis-srauto-matuoklis-garui-keitiklis-fsj\/\",\"name\":\"Fuji Electric debitomatis garui FSJ - Invertas\",\"isPartOf\":{\"@id\":\"https:\/\/invertas.lt\/#website\"},\"primaryImageOfPage\":{\"@id\":\"https:\/\/invertas.lt\/produktai\/srauto-matuokliai\/ant-vamzdzio-montuojamas-ultragarsinis-srauto-matuoklis-garui-keitiklis-fsj\/#primaryimage\"},\"image\":{\"@id\":\"https:\/\/invertas.lt\/produktai\/srauto-matuokliai\/ant-vamzdzio-montuojamas-ultragarsinis-srauto-matuoklis-garui-keitiklis-fsj\/#primaryimage\"},\"thumbnailUrl\":\"https:\/\/invertas.lt\/wp-content\/uploads\/2025\/05\/fsj-vue-generale-header-fr-en.webp\",\"datePublished\":\"2025-05-31T12:35:22+00:00\",\"dateModified\":\"2025-08-07T09:19:13+00:00\",\"description\":\"Atsinaujinan\u010dios energijos, metal\u0173, popieriaus, maisto ir farmacijos pramon\u0117s srauto matavimas su ankstyvu garo nuot\u0117kio aptikimu ir lengva prie\u017ei\u016bra.\",\"breadcrumb\":{\"@id\":\"https:\/\/invertas.lt\/produktai\/srauto-matuokliai\/ant-vamzdzio-montuojamas-ultragarsinis-srauto-matuoklis-garui-keitiklis-fsj\/#breadcrumb\"},\"inLanguage\":\"en-GB\",\"potentialAction\":[{\"@type\":\"ReadAction\",\"target\":[\"https:\/\/invertas.lt\/produktai\/srauto-matuokliai\/ant-vamzdzio-montuojamas-ultragarsinis-srauto-matuoklis-garui-keitiklis-fsj\/\"]}]},{\"@type\":\"ImageObject\",\"inLanguage\":\"en-GB\",\"@id\":\"https:\/\/invertas.lt\/produktai\/srauto-matuokliai\/ant-vamzdzio-montuojamas-ultragarsinis-srauto-matuoklis-garui-keitiklis-fsj\/#primaryimage\",\"url\":\"https:\/\/invertas.lt\/wp-content\/uploads\/2025\/05\/fsj-vue-generale-header-fr-en.webp\",\"contentUrl\":\"https:\/\/invertas.lt\/wp-content\/uploads\/2025\/05\/fsj-vue-generale-header-fr-en.webp\",\"width\":682,\"height\":682},{\"@type\":\"BreadcrumbList\",\"@id\":\"https:\/\/invertas.lt\/produktai\/srauto-matuokliai\/ant-vamzdzio-montuojamas-ultragarsinis-srauto-matuoklis-garui-keitiklis-fsj\/#breadcrumb\",\"itemListElement\":[{\"@type\":\"ListItem\",\"position\":1,\"name\":\"Prad\u017eia\",\"item\":\"https:\/\/invertas.lt\/\"},{\"@type\":\"ListItem\",\"position\":2,\"name\":\"Products\",\"item\":\"https:\/\/invertas.lt\/shop\/\"},{\"@type\":\"ListItem\",\"position\":3,\"name\":\"Srauto matuokliai\",\"item\":\"https:\/\/invertas.lt\/.\/srauto-matuokliai\/\"},{\"@type\":\"ListItem\",\"position\":4,\"name\":\"Fuji Electric debitomatis garui FSJ\"}]},{\"@type\":\"WebSite\",\"@id\":\"https:\/\/invertas.lt\/#website\",\"url\":\"https:\/\/invertas.lt\/\",\"name\":\"Invertas\",\"description\":\"\",\"publisher\":{\"@id\":\"https:\/\/invertas.lt\/#organization\"},\"potentialAction\":[{\"@type\":\"SearchAction\",\"target\":{\"@type\":\"EntryPoint\",\"urlTemplate\":\"https:\/\/invertas.lt\/?s={search_term_string}\"},\"query-input\":{\"@type\":\"PropertyValueSpecification\",\"valueRequired\":true,\"valueName\":\"search_term_string\"}}],\"inLanguage\":\"en-GB\"},{\"@type\":\"Organization\",\"@id\":\"https:\/\/invertas.lt\/#organization\",\"name\":\"Invertas\",\"url\":\"https:\/\/invertas.lt\/\",\"logo\":{\"@type\":\"ImageObject\",\"inLanguage\":\"en-GB\",\"@id\":\"https:\/\/invertas.lt\/#\/schema\/logo\/image\/\",\"url\":\"https:\/\/invertas.lt\/wp-content\/uploads\/2025\/03\/New-Text-Document-2.svg\",\"contentUrl\":\"https:\/\/invertas.lt\/wp-content\/uploads\/2025\/03\/New-Text-Document-2.svg\",\"width\":140,\"height\":39,\"caption\":\"Invertas\"},\"image\":{\"@id\":\"https:\/\/invertas.lt\/#\/schema\/logo\/image\/\"}}]}<\/script>\n<!-- \/ Yoast SEO plugin. -->","yoast_head_json":{"title":"Fuji Electric debitomatis garui FSJ - Invertas","description":"Atsinaujinan\u010dios energijos, metal\u0173, popieriaus, maisto ir farmacijos pramon\u0117s srauto matavimas su ankstyvu garo nuot\u0117kio aptikimu ir lengva prie\u017ei\u016bra.","robots":{"index":"index","follow":"follow","max-snippet":"max-snippet:-1","max-image-preview":"max-image-preview:large","max-video-preview":"max-video-preview:-1"},"canonical":"https:\/\/invertas.lt\/en\/produktai\/srauto-matuokliai\/ant-vamzdzio-montuojamas-ultragarsinis-srauto-matuoklis-garui-keitiklis-fsj\/","og_locale":"en_GB","og_type":"article","og_title":"Fuji Electric debitomatis garui FSJ - Invertas","og_description":"Atsinaujinan\u010dios energijos, metal\u0173, popieriaus, maisto ir farmacijos pramon\u0117s srauto matavimas su ankstyvu garo nuot\u0117kio aptikimu ir lengva prie\u017ei\u016bra.","og_url":"https:\/\/invertas.lt\/en\/produktai\/srauto-matuokliai\/ant-vamzdzio-montuojamas-ultragarsinis-srauto-matuoklis-garui-keitiklis-fsj\/","og_site_name":"Invertas","article_modified_time":"2025-08-07T09:19:13+00:00","og_image":[{"width":682,"height":682,"url":"https:\/\/invertas.lt\/wp-content\/uploads\/2025\/05\/fsj-vue-generale-header-fr-en.webp","type":"image\/webp"}],"twitter_card":"summary_large_image","twitter_misc":{"Estimated reading time":"1 minute"},"schema":{"@context":"https:\/\/schema.org","@graph":[{"@type":"WebPage","@id":"https:\/\/invertas.lt\/produktai\/srauto-matuokliai\/ant-vamzdzio-montuojamas-ultragarsinis-srauto-matuoklis-garui-keitiklis-fsj\/","url":"https:\/\/invertas.lt\/produktai\/srauto-matuokliai\/ant-vamzdzio-montuojamas-ultragarsinis-srauto-matuoklis-garui-keitiklis-fsj\/","name":"Fuji Electric debitomatis garui FSJ - Invertas","isPartOf":{"@id":"https:\/\/invertas.lt\/#website"},"primaryImageOfPage":{"@id":"https:\/\/invertas.lt\/produktai\/srauto-matuokliai\/ant-vamzdzio-montuojamas-ultragarsinis-srauto-matuoklis-garui-keitiklis-fsj\/#primaryimage"},"image":{"@id":"https:\/\/invertas.lt\/produktai\/srauto-matuokliai\/ant-vamzdzio-montuojamas-ultragarsinis-srauto-matuoklis-garui-keitiklis-fsj\/#primaryimage"},"thumbnailUrl":"https:\/\/invertas.lt\/wp-content\/uploads\/2025\/05\/fsj-vue-generale-header-fr-en.webp","datePublished":"2025-05-31T12:35:22+00:00","dateModified":"2025-08-07T09:19:13+00:00","description":"Atsinaujinan\u010dios energijos, metal\u0173, popieriaus, maisto ir farmacijos pramon\u0117s srauto matavimas su ankstyvu garo nuot\u0117kio aptikimu ir lengva prie\u017ei\u016bra.","breadcrumb":{"@id":"https:\/\/invertas.lt\/produktai\/srauto-matuokliai\/ant-vamzdzio-montuojamas-ultragarsinis-srauto-matuoklis-garui-keitiklis-fsj\/#breadcrumb"},"inLanguage":"en-GB","potentialAction":[{"@type":"ReadAction","target":["https:\/\/invertas.lt\/produktai\/srauto-matuokliai\/ant-vamzdzio-montuojamas-ultragarsinis-srauto-matuoklis-garui-keitiklis-fsj\/"]}]},{"@type":"ImageObject","inLanguage":"en-GB","@id":"https:\/\/invertas.lt\/produktai\/srauto-matuokliai\/ant-vamzdzio-montuojamas-ultragarsinis-srauto-matuoklis-garui-keitiklis-fsj\/#primaryimage","url":"https:\/\/invertas.lt\/wp-content\/uploads\/2025\/05\/fsj-vue-generale-header-fr-en.webp","contentUrl":"https:\/\/invertas.lt\/wp-content\/uploads\/2025\/05\/fsj-vue-generale-header-fr-en.webp","width":682,"height":682},{"@type":"BreadcrumbList","@id":"https:\/\/invertas.lt\/produktai\/srauto-matuokliai\/ant-vamzdzio-montuojamas-ultragarsinis-srauto-matuoklis-garui-keitiklis-fsj\/#breadcrumb","itemListElement":[{"@type":"ListItem","position":1,"name":"Prad\u017eia","item":"https:\/\/invertas.lt\/"},{"@type":"ListItem","position":2,"name":"Products","item":"https:\/\/invertas.lt\/shop\/"},{"@type":"ListItem","position":3,"name":"Srauto matuokliai","item":"https:\/\/invertas.lt\/.\/srauto-matuokliai\/"},{"@type":"ListItem","position":4,"name":"Fuji Electric debitomatis garui FSJ"}]},{"@type":"WebSite","@id":"https:\/\/invertas.lt\/#website","url":"https:\/\/invertas.lt\/","name":"Invert","description":"","publisher":{"@id":"https:\/\/invertas.lt\/#organization"},"potentialAction":[{"@type":"SearchAction","target":{"@type":"EntryPoint","urlTemplate":"https:\/\/invertas.lt\/?s={search_term_string}"},"query-input":{"@type":"PropertyValueSpecification","valueRequired":true,"valueName":"search_term_string"}}],"inLanguage":"en-GB"},{"@type":"Organization","@id":"https:\/\/invertas.lt\/#organization","name":"Invert","url":"https:\/\/invertas.lt\/","logo":{"@type":"ImageObject","inLanguage":"en-GB","@id":"https:\/\/invertas.lt\/#\/schema\/logo\/image\/","url":"https:\/\/invertas.lt\/wp-content\/uploads\/2025\/03\/New-Text-Document-2.svg","contentUrl":"https:\/\/invertas.lt\/wp-content\/uploads\/2025\/03\/New-Text-Document-2.svg","width":140,"height":39,"caption":"Invertas"},"image":{"@id":"https:\/\/invertas.lt\/#\/schema\/logo\/image\/"}}]}},"_links":{"self":[{"href":"https:\/\/invertas.lt\/en\/wp-json\/wp\/v2\/product\/5615","targetHints":{"allow":["GET"]}}],"collection":[{"href":"https:\/\/invertas.lt\/en\/wp-json\/wp\/v2\/product"}],"about":[{"href":"https:\/\/invertas.lt\/en\/wp-json\/wp\/v2\/types\/product"}],"replies":[{"embeddable":true,"href":"https:\/\/invertas.lt\/en\/wp-json\/wp\/v2\/comments?post=5615"}],"wp:featuredmedia":[{"embeddable":true,"href":"https:\/\/invertas.lt\/en\/wp-json\/wp\/v2\/media\/5648"}],"wp:attachment":[{"href":"https:\/\/invertas.lt\/en\/wp-json\/wp\/v2\/media?parent=5615"}],"wp:term":[{"taxonomy":"product_brand","embeddable":true,"href":"https:\/\/invertas.lt\/en\/wp-json\/wp\/v2\/product_brand?post=5615"},{"taxonomy":"product_cat","embeddable":true,"href":"https:\/\/invertas.lt\/en\/wp-json\/wp\/v2\/product_cat?post=5615"},{"taxonomy":"product_tag","embeddable":true,"href":"https:\/\/invertas.lt\/en\/wp-json\/wp\/v2\/product_tag?post=5615"}],"curies":[{"name":"wp","href":"https:\/\/api.w.org\/{rel}","templated":true}]}}